{"id":514562,"date":"2023-06-20T11:26:26","date_gmt":"2023-06-20T09:26:26","guid":{"rendered":"https:\/\/www.capgemini.com\/?page_id=914359"},"modified":"2026-01-12T19:26:25","modified_gmt":"2026-01-12T19:26:25","slug":"acelerando-la-transicion-energetica","status":"publish","type":"page","link":"https:\/\/www.capgemini.com\/mx-es\/sectores\/energia-y-utilities\/acelerando-la-transicion-energetica\/","title":{"rendered":"Acelerando la transici\u00f3n energ\u00e9tica"},"content":{"rendered":"\n<div class=\"wp-block-cg-blocks-hero-picture-card undefined  heroPictureCard\"><div class=\"heroPictureCardBgs\"><picture><source srcset=\"https:\/\/www.capgemini.com\/wp-content\/uploads\/2023\/06\/EnU_ETC_main-VI_dotcom_2880x1880px.jpg?w=2880&amp;quality=70 1x, https:\/\/www.capgemini.com\/wp-content\/uploads\/2023\/06\/EnU_ETC_main-VI_dotcom_2880x1880px.jpg?w=2880&amp;quality=70 2x\" media=\"(min-width: 1500px)\"\/><source srcset=\"https:\/\/www.capgemini.com\/wp-content\/uploads\/2023\/06\/EnU_ETC_main-VI_dotcom_2880x1880px.jpg?w=1440&amp;quality=70 1x, https:\/\/www.capgemini.com\/wp-content\/uploads\/2023\/06\/EnU_ETC_main-VI_dotcom_2880x1880px.jpg?w=2880&amp;quality=70 2x\" media=\"(min-width: 992px)\"\/><source srcset=\"https:\/\/www.capgemini.com\/wp-content\/uploads\/2023\/06\/EnU_ETC_main-VI_dotcom_2880x1880px.jpg?w=1024&amp;quality=70 1x, https:\/\/www.capgemini.com\/wp-content\/uploads\/2023\/06\/EnU_ETC_main-VI_dotcom_2880x1880px.jpg?w=1024&amp;quality=70 2x\" media=\"(min-width: 768px)\"\/><source srcset=\"https:\/\/www.capgemini.com\/wp-content\/uploads\/2023\/06\/EnU_ETC_main-VI_dotcom_2880x1880px.jpg?w=768&amp;quality=70 1x, https:\/\/www.capgemini.com\/wp-content\/uploads\/2023\/06\/EnU_ETC_main-VI_dotcom_2880x1880px.jpg?w=768&amp;quality=70 2x\" media=\"(min-width: 0)\"\/><img decoding=\"async\" src=\"https:\/\/www.capgemini.com\/wp-content\/uploads\/2023\/06\/EnU_ETC_main-VI_dotcom_2880x1880px.jpg\" class=\"desktopImage\" alt=\"\" style=\"object-fit:cover;object-position:60% 45%\" loading=\"eager\"\/><\/picture><picture><source srcset=\"https:\/\/www.capgemini.com\/wp-content\/uploads\/2023\/06\/EnU_ETC_main-VI_dotcom_2880x1880px.jpg?w=2880&amp;quality=70 1x, https:\/\/www.capgemini.com\/wp-content\/uploads\/2023\/06\/EnU_ETC_main-VI_dotcom_2880x1880px.jpg?w=2880&amp;quality=70 2x\" media=\"(min-width: 1500px)\"\/><source srcset=\"https:\/\/www.capgemini.com\/wp-content\/uploads\/2023\/06\/EnU_ETC_main-VI_dotcom_2880x1880px.jpg?w=1440&amp;quality=70 1x, https:\/\/www.capgemini.com\/wp-content\/uploads\/2023\/06\/EnU_ETC_main-VI_dotcom_2880x1880px.jpg?w=2880&amp;quality=70 2x\" media=\"(min-width: 992px)\"\/><source srcset=\"https:\/\/www.capgemini.com\/wp-content\/uploads\/2023\/06\/EnU_ETC_main-VI_dotcom_2880x1880px.jpg?w=1024&amp;quality=70 1x, https:\/\/www.capgemini.com\/wp-content\/uploads\/2023\/06\/EnU_ETC_main-VI_dotcom_2880x1880px.jpg?w=1024&amp;quality=70 2x\" media=\"(min-width: 768px)\"\/><source srcset=\"https:\/\/www.capgemini.com\/wp-content\/uploads\/2023\/06\/EnU_ETC_main-VI_dotcom_2880x1880px.jpg?w=768&amp;quality=70 1x, https:\/\/www.capgemini.com\/wp-content\/uploads\/2023\/06\/EnU_ETC_main-VI_dotcom_2880x1880px.jpg?w=768&amp;quality=70 2x\" media=\"(min-width: 0)\"\/><img decoding=\"async\" src=\"https:\/\/www.capgemini.com\/wp-content\/uploads\/2023\/06\/EnU_ETC_main-VI_dotcom_2880x1880px.jpg\" class=\"mobileImage\" alt=\"\" style=\"object-fit:cover;object-position:60% 45%\" loading=\"eager\"\/><\/picture><\/div><div class=\"heroPictureCardHeaderShape\"><\/div><div class=\"container\"><div class=\"row\"><div class=\"col-md-8 col-lg-6\"><div class=\"heroPictureCardBox\"><div class=\"heroPictureCardBoxTitle\"><h1 data-maxlength=\"144\">Acelerando la transici\u00f3n energ\u00e9tica<\/h1><\/div><\/div><\/div><\/div><\/div><div class=\"small-device\"><div class=\"brandLogoWrapper\"> <\/div><\/div><\/div>\n\n\n\n<section class=\"wp-block-cg-blocks-group undefined section section--article-content\"><div class=\"article-main-content\"><div class=\"container\"><div class=\"row\"><div class=\"col-12 col-md-1\"><nav class=\"article-social\"><ul class=\"social-nav\"><li class=\"ip-order-fb\"><a href=\"https:\/\/www.facebook.com\/sharer\/sharer.php?u=https:\/\/www.capgemini.com\/industries\/energy-and-utilities\/accelerating-energy-transition\/\" target=\"_blank\" rel=\"noopener noreferrer\" title=\"Abrir en una nueva ventana\"><i aria-hidden=\"true\" class=\"icon-fb\"><\/i><span class=\"sr-only\">Facebook<\/span><\/a><\/li><li class=\"ip-order-tw\"><a href=\"https:\/\/twitter.com\/intent\/tweet?url=https:\/\/www.capgemini.com\/industries\/energy-and-utilities\/accelerating-energy-transition\/&amp;text=Accelerating%20energy%20transition\" target=\"_blank\" rel=\"noopener noreferrer\" title=\"Abrir en una nueva ventana\"><i aria-hidden=\"true\" class=\"icon-tw\"><\/i><span class=\"sr-only\">Twitter<\/span><\/a><\/li><li class=\"ip-order-li\"><a href=\"https:\/\/www.linkedin.com\/shareArticle?url=https:\/\/www.capgemini.com\/industries\/energy-and-utilities\/accelerating-energy-transition\/&amp;text=Accelerating%20energy%20transition\" target=\"_blank\" rel=\"noopener noreferrer\" title=\"Abrir en una nueva ventana\"><i aria-hidden=\"true\" class=\"icon-li\"><\/i><span class=\"sr-only\">Linkedin<\/span><\/a><\/li><\/ul><\/nav><\/div><div class=\"col-12 col-md-11 col-lg-10\"><div class=\"article-text article-quote-text\">\n<h3 class=\"wp-block-heading\" id=\"h-la-transicion-energetica-abrira-enormes-oportunidades-para-construir-un-futuro-mejor-para-todos\">La transici\u00f3n energ\u00e9tica abrir\u00e1 enormes oportunidades para construir un futuro mejor para todos.<\/h3>\n\n\n\n<p>La transici\u00f3n a la energ\u00eda limpia es una responsabilidad urgente e inevitable. Y en Capgemini creemos que hay que afrontar los retos de frente para aportar soluciones duraderas.<\/p>\n\n\n\n<p>Estamos convencidos de que la transici\u00f3n energ\u00e9tica representa una gran oportunidad para que los proveedores de energ\u00eda sigan siendo m\u00e1s viables que nunca en el ecosistema energ\u00e9tico en desarrollo, aprovechando el poder de la tecnolog\u00eda y la innovaci\u00f3n para profundizar en las relaciones con los clientes, redefinir las ofertas y construir legados positivos.<\/p>\n\n\n\n<p>Creemos que la transici\u00f3n energ\u00e9tica puede ser un factor clave para construir un mundo mejor en el que la energ\u00eda sea m\u00e1s limpia, sostenible y asequible para todos. Permitir a los consumidores de energ\u00eda tomar el control de su consumo cambiar\u00e1 para siempre su forma de ver y utilizar la energ\u00eda.<\/p>\n<\/div><\/div><\/div><\/div><\/div><\/section>\n\n\n\n<section class=\"wp-block-cg-blocks-intro-para-video is-style-default section section--info-2cols section--insights section-video \"><div class=\"bg-color video-align-left\"><div class=\"container\"><div class=\"row video-align-right\"><div class=\"col-md-12\"><div class=\"video-align-right row box box--4 box--mini\"><div class=\"col-md-1\"><\/div><div class=\"col-md-8 box-img-wrapper\"><div class=\"video-box\"><div class=\"video-wrapper\"><iframe title=\"video-section\" src=\"https:\/\/www.youtube.com\/embed\/2Vdjn8VXQXE?rel=0&amp;modestbranding=1&amp;playsinline=1&amp;enablejsapi=1\" frameborder=\"0\" allow=\"accelerometer; autoplay; clipboard-write; encrypted-media; gyroscope; picture-in-picture\" allowfullscreen loading=\"lazy\" referrerpolicy=\"strict-origin-when-cross-origin\"><\/iframe><\/div><\/div><\/div><div class=\"col-md-3\"><h3 class=\"Video-title\" data-maxlength=\"34\">Transici\u00f3n energ\u00e9tica<\/h3><div class=\"video-info\"><p data-maxlength=\"68\"><strong>Nuestro punto de vista<\/strong><\/p><\/div><\/div><div class=\"col-md-1\"><\/div><\/div><\/div><\/div><\/div><\/div><\/section>\n\n\n\n<section class=\"wp-block-cg-blocks-learn-more updated-new-sample-amal learnMoreBlock\"><div class=\"container\"><div class=\"content-title\"><h2 class=\"learnmore-heading\">Informaci\u00f3n relacionada<\/h2><\/div><div class=\"row\"><div class=\"col-md-4\"><div class=\"box\"><div class=\"box-wrapper\"><a class=\"box-title\" href=\"\/mx-es\/insights\/biblioteca-de-investigacion\/the-american-microgrids-of-2030\/\" target=\"\" aria-label=\"Las microrredes estadounidenses de la d\u00e9cada de 2030\" rel=\"noopener noreferrer\"><div class=\"box-img-wrapper\"><img decoding=\"async\" src=\"https:\/\/www.capgemini.com\/mx-es\/wp-content\/uploads\/sites\/28\/2024\/07\/The-American-microgrids-of-2030-web-banner_ac1322.jpg?w=500&amp;quality=70\" srcset=\"https:\/\/www.capgemini.com\/mx-es\/wp-content\/uploads\/sites\/28\/2024\/07\/The-American-microgrids-of-2030-web-banner_ac1322.jpg?w=500&amp;quality=70 1x, https:\/\/www.capgemini.com\/mx-es\/wp-content\/uploads\/sites\/28\/2024\/07\/The-American-microgrids-of-2030-web-banner_ac1322.jpg?w=1000&amp;quality=70 2x\" class=\"box-img\" alt=\"\" style=\"object-fit:cover;object-position:50% 50%\" loading=\"lazy\"\/><\/div><h3 class=\"titleWithoutLink_learnMore\">Las microrredes estadounidenses de la d\u00e9cada de 2030<\/h3><\/a><\/div><\/div><div class=\"box-inner\"><\/div><\/div><div class=\"col-md-4\"><div class=\"box\"><div class=\"box-wrapper\"><a class=\"box-title\" href=\"\/mx-es\/insights\/biblioteca-de-investigacion\/transicion-energetica-europa-en-la-decada-de-2030\/\" target=\"\" aria-label=\"Transici\u00f3n energ\u00e9tica: Europa en la d\u00e9cada de 2030\" rel=\"noopener noreferrer\"><div class=\"box-img-wrapper\"><img decoding=\"async\" src=\"https:\/\/www.capgemini.com\/mx-es\/wp-content\/uploads\/sites\/28\/2024\/05\/EnU_ETC_dotcom_2880x1800px-1.jpg?w=500&amp;quality=70\" srcset=\"https:\/\/www.capgemini.com\/mx-es\/wp-content\/uploads\/sites\/28\/2024\/05\/EnU_ETC_dotcom_2880x1800px-1.jpg?w=500&amp;quality=70 1x, https:\/\/www.capgemini.com\/mx-es\/wp-content\/uploads\/sites\/28\/2024\/05\/EnU_ETC_dotcom_2880x1800px-1.jpg?w=1000&amp;quality=70 2x\" class=\"box-img\" alt=\"\" style=\"object-fit:cover;object-position:50% 50%\" loading=\"lazy\"\/><\/div><h3 class=\"titleWithoutLink_learnMore\">Transici\u00f3n energ\u00e9tica: Europa en la d\u00e9cada de 2030<\/h3><\/a><\/div><\/div><div class=\"box-inner\"><\/div><\/div><\/div><\/div><\/section>\n","protected":false},"excerpt":{"rendered":"","protected":false},"author":33,"featured_media":0,"parent":5706,"menu_order":1,"comment_status":"closed","ping_status":"closed","template":"","meta":{"cg_dt_proposed_to":[9,25],"cg_seo_hreflang_relations":"[]","cg_seo_canonical_relation":"","cg_seo_hreflang_x_default_relation":"{\"uuid\":\"32a8db68-d2d7-4bcc-8723-bbf700db2597\",\"blogId\":\"\",\"domain\":\"\",\"sitePath\":\"\",\"postLink\":\"\",\"postId\":null,\"isSaved\":true,\"isCrossLink\":false,\"hasCrossLink\":false}","cg_dt_approved_content":true,"cg_dt_mandatory_content":false,"cg_dt_notes":"","cg_dg_source_changed":true,"cg_dt_link_disabled":true,"_yoast_wpseo_primary_brand":"","footnotes":"","featured_focal_points":"","partner_card_description":"","gsap_animation":0},"brand":[],"partner_type":[],"service":[],"industry":[205],"partners":[],"page-type":[],"content-group":[],"class_list":["post-514562","page","type-page","status-publish","hentry","industry-energy"],"yoast_head":"<!-- This site is optimized with the Yoast SEO Premium plugin v22.8 (Yoast SEO v22.8) - https:\/\/yoast.com\/wordpress\/plugins\/seo\/ -->\n<title>Acelerar transici\u00f3n energ\u00e9tica | Capgemini<\/title>\n<meta name=\"description\" content=\"La transici\u00f3n energ\u00e9tica dar\u00e1 rienda suelta a grandes oportunidades para construir un futuro mejor para todos.\" \/>\n<meta name=\"robots\" content=\"index, follow, max-snippet:-1, max-image-preview:large, max-video-preview:-1\" \/>\n<link rel=\"canonical\" href=\"https:\/\/www.capgemini.com\/mx-es\/sectores\/energia-y-utilities\/acelerando-la-transicion-energetica\/\" \/>\n<meta property=\"og:locale\" content=\"es_MX\" \/>\n<meta property=\"og:type\" content=\"article\" \/>\n<meta property=\"og:title\" content=\"Acelerando la transici\u00f3n energ\u00e9tica\" \/>\n<meta property=\"og:description\" content=\"La transici\u00f3n energ\u00e9tica dar\u00e1 rienda suelta a grandes oportunidades para construir un futuro mejor para todos.\" \/>\n<meta property=\"og:url\" content=\"https:\/\/www.capgemini.com\/mx-es\/sectores\/energia-y-utilities\/acelerando-la-transicion-energetica\/\" \/>\n<meta property=\"og:site_name\" content=\"Capgemini Mexico\" \/>\n<meta property=\"article:modified_time\" content=\"2026-01-12T19:26:25+00:00\" \/>\n<meta property=\"og:image\" content=\"https:\/\/www.capgemini.com\/mx-es\/wp-content\/uploads\/sites\/28\/2025\/10\/New-Web-preview-global.jpg\" \/>\n\t<meta property=\"og:image:width\" content=\"1200\" \/>\n\t<meta property=\"og:image:height\" content=\"627\" \/>\n\t<meta property=\"og:image:type\" content=\"image\/jpeg\" \/>\n<meta name=\"twitter:card\" content=\"summary_large_image\" \/>\n<meta name=\"twitter:label1\" content=\"Est. reading time\" \/>\n\t<meta name=\"twitter:data1\" content=\"2 minutes\" \/>\n<script type=\"application\/ld+json\" class=\"yoast-schema-graph\">{\"@context\":\"https:\/\/schema.org\",\"@graph\":[{\"@type\":\"WebPage\",\"@id\":\"https:\/\/www.capgemini.com\/mx-es\/sectores\/energia-y-utilities\/acelerando-la-transicion-energetica\/\",\"url\":\"https:\/\/www.capgemini.com\/mx-es\/sectores\/energia-y-utilities\/acelerando-la-transicion-energetica\/\",\"name\":\"Acelerar transici\u00f3n energ\u00e9tica | Capgemini\",\"isPartOf\":{\"@id\":\"https:\/\/www.capgemini.com\/mx-es\/#website\"},\"primaryImageOfPage\":{\"@id\":\"https:\/\/www.capgemini.com\/mx-es\/sectores\/energia-y-utilities\/acelerando-la-transicion-energetica\/#primaryimage\"},\"image\":{\"@id\":\"https:\/\/www.capgemini.com\/mx-es\/sectores\/energia-y-utilities\/acelerando-la-transicion-energetica\/#primaryimage\"},\"thumbnailUrl\":\"https:\/\/www.capgemini.com\/wp-content\/uploads\/2023\/06\/EnU_ETC_main-VI_dotcom_2880x1880px.jpg\",\"datePublished\":\"2023-06-20T09:26:26+00:00\",\"dateModified\":\"2026-01-12T19:26:25+00:00\",\"description\":\"La transici\u00f3n energ\u00e9tica dar\u00e1 rienda suelta a grandes oportunidades para construir un futuro mejor para todos.\",\"breadcrumb\":{\"@id\":\"https:\/\/www.capgemini.com\/mx-es\/sectores\/energia-y-utilities\/acelerando-la-transicion-energetica\/#breadcrumb\"},\"inLanguage\":\"es-MX\",\"potentialAction\":[{\"@type\":\"ReadAction\",\"target\":[\"https:\/\/www.capgemini.com\/mx-es\/sectores\/energia-y-utilities\/acelerando-la-transicion-energetica\/\"]}]},{\"@type\":\"ImageObject\",\"inLanguage\":\"es-MX\",\"@id\":\"https:\/\/www.capgemini.com\/mx-es\/sectores\/energia-y-utilities\/acelerando-la-transicion-energetica\/#primaryimage\",\"url\":\"https:\/\/www.capgemini.com\/wp-content\/uploads\/2023\/06\/EnU_ETC_main-VI_dotcom_2880x1880px.jpg\",\"contentUrl\":\"https:\/\/www.capgemini.com\/wp-content\/uploads\/2023\/06\/EnU_ETC_main-VI_dotcom_2880x1880px.jpg\"},{\"@type\":\"BreadcrumbList\",\"@id\":\"https:\/\/www.capgemini.com\/mx-es\/sectores\/energia-y-utilities\/acelerando-la-transicion-energetica\/#breadcrumb\",\"itemListElement\":[{\"@type\":\"ListItem\",\"position\":1,\"name\":\"Home\",\"item\":\"https:\/\/www.capgemini.com\/mx-es\/\"},{\"@type\":\"ListItem\",\"position\":2,\"name\":\"Industrias\",\"item\":\"https:\/\/www.capgemini.com\/mx-es\/sectores\/\"},{\"@type\":\"ListItem\",\"position\":3,\"name\":\"Energ\u00eda y utilities\",\"item\":\"https:\/\/www.capgemini.com\/mx-es\/sectores\/energia-y-utilities\/\"},{\"@type\":\"ListItem\",\"position\":4,\"name\":\"Acelerando la transici\u00f3n energ\u00e9tica\"}]},{\"@type\":\"WebSite\",\"@id\":\"https:\/\/www.capgemini.com\/mx-es\/#website\",\"url\":\"https:\/\/www.capgemini.com\/mx-es\/\",\"name\":\"Capgemini Mexico\",\"description\":\"Capgemini\",\"publisher\":{\"@id\":\"https:\/\/www.capgemini.com\/mx-es\/#organization\"},\"potentialAction\":[{\"@type\":\"SearchAction\",\"target\":{\"@type\":\"EntryPoint\",\"urlTemplate\":\"https:\/\/www.capgemini.com\/mx-es\/?s={search_term_string}\"},\"query-input\":\"required name=search_term_string\"}],\"inLanguage\":\"es-MX\"},{\"@type\":\"Organization\",\"@id\":\"https:\/\/www.capgemini.com\/mx-es\/#organization\",\"name\":\"Capgemini Mexico\",\"url\":\"https:\/\/www.capgemini.com\/mx-es\/\",\"logo\":{\"@type\":\"ImageObject\",\"inLanguage\":\"es-MX\",\"@id\":\"https:\/\/www.capgemini.com\/mx-es\/#\/schema\/logo\/image\/\",\"url\":\"https:\/\/www.capgemini.com\/mx-es\/wp-content\/uploads\/sites\/28\/2025\/07\/linkedin_mwo0q6.png\",\"contentUrl\":\"https:\/\/www.capgemini.com\/mx-es\/wp-content\/uploads\/sites\/28\/2025\/07\/linkedin_mwo0q6.png\",\"width\":800,\"height\":800,\"caption\":\"Capgemini Mexico\"},\"image\":{\"@id\":\"https:\/\/www.capgemini.com\/mx-es\/#\/schema\/logo\/image\/\"}}]}<\/script>\n<!-- \/ Yoast SEO Premium plugin. -->","yoast_head_json":{"title":"Acelerar transici\u00f3n energ\u00e9tica | Capgemini","description":"La transici\u00f3n energ\u00e9tica dar\u00e1 rienda suelta a grandes oportunidades para construir un futuro mejor para todos.","robots":{"index":"index","follow":"follow","max-snippet":"max-snippet:-1","max-image-preview":"max-image-preview:large","max-video-preview":"max-video-preview:-1"},"canonical":"https:\/\/www.capgemini.com\/mx-es\/sectores\/energia-y-utilities\/acelerando-la-transicion-energetica\/","og_locale":"es_MX","og_type":"article","og_title":"Acelerando la transici\u00f3n energ\u00e9tica","og_description":"La transici\u00f3n energ\u00e9tica dar\u00e1 rienda suelta a grandes oportunidades para construir un futuro mejor para todos.","og_url":"https:\/\/www.capgemini.com\/mx-es\/sectores\/energia-y-utilities\/acelerando-la-transicion-energetica\/","og_site_name":"Capgemini Mexico","article_modified_time":"2026-01-12T19:26:25+00:00","og_image":[{"width":1200,"height":627,"url":"https:\/\/www.capgemini.com\/mx-es\/wp-content\/uploads\/sites\/28\/2025\/10\/New-Web-preview-global.jpg","type":"image\/jpeg"}],"twitter_card":"summary_large_image","twitter_misc":{"Est. reading time":"2 minutes"},"schema":{"@context":"https:\/\/schema.org","@graph":[{"@type":"WebPage","@id":"https:\/\/www.capgemini.com\/mx-es\/sectores\/energia-y-utilities\/acelerando-la-transicion-energetica\/","url":"https:\/\/www.capgemini.com\/mx-es\/sectores\/energia-y-utilities\/acelerando-la-transicion-energetica\/","name":"Acelerar transici\u00f3n energ\u00e9tica | Capgemini","isPartOf":{"@id":"https:\/\/www.capgemini.com\/mx-es\/#website"},"primaryImageOfPage":{"@id":"https:\/\/www.capgemini.com\/mx-es\/sectores\/energia-y-utilities\/acelerando-la-transicion-energetica\/#primaryimage"},"image":{"@id":"https:\/\/www.capgemini.com\/mx-es\/sectores\/energia-y-utilities\/acelerando-la-transicion-energetica\/#primaryimage"},"thumbnailUrl":"https:\/\/www.capgemini.com\/wp-content\/uploads\/2023\/06\/EnU_ETC_main-VI_dotcom_2880x1880px.jpg","datePublished":"2023-06-20T09:26:26+00:00","dateModified":"2026-01-12T19:26:25+00:00","description":"La transici\u00f3n energ\u00e9tica dar\u00e1 rienda suelta a grandes oportunidades para construir un futuro mejor para todos.","breadcrumb":{"@id":"https:\/\/www.capgemini.com\/mx-es\/sectores\/energia-y-utilities\/acelerando-la-transicion-energetica\/#breadcrumb"},"inLanguage":"es-MX","potentialAction":[{"@type":"ReadAction","target":["https:\/\/www.capgemini.com\/mx-es\/sectores\/energia-y-utilities\/acelerando-la-transicion-energetica\/"]}]},{"@type":"ImageObject","inLanguage":"es-MX","@id":"https:\/\/www.capgemini.com\/mx-es\/sectores\/energia-y-utilities\/acelerando-la-transicion-energetica\/#primaryimage","url":"https:\/\/www.capgemini.com\/wp-content\/uploads\/2023\/06\/EnU_ETC_main-VI_dotcom_2880x1880px.jpg","contentUrl":"https:\/\/www.capgemini.com\/wp-content\/uploads\/2023\/06\/EnU_ETC_main-VI_dotcom_2880x1880px.jpg"},{"@type":"BreadcrumbList","@id":"https:\/\/www.capgemini.com\/mx-es\/sectores\/energia-y-utilities\/acelerando-la-transicion-energetica\/#breadcrumb","itemListElement":[{"@type":"ListItem","position":1,"name":"Home","item":"https:\/\/www.capgemini.com\/mx-es\/"},{"@type":"ListItem","position":2,"name":"Industrias","item":"https:\/\/www.capgemini.com\/mx-es\/sectores\/"},{"@type":"ListItem","position":3,"name":"Energ\u00eda y utilities","item":"https:\/\/www.capgemini.com\/mx-es\/sectores\/energia-y-utilities\/"},{"@type":"ListItem","position":4,"name":"Acelerando la transici\u00f3n energ\u00e9tica"}]},{"@type":"WebSite","@id":"https:\/\/www.capgemini.com\/mx-es\/#website","url":"https:\/\/www.capgemini.com\/mx-es\/","name":"Capgemini Mexico","description":"Capgemini","publisher":{"@id":"https:\/\/www.capgemini.com\/mx-es\/#organization"},"potentialAction":[{"@type":"SearchAction","target":{"@type":"EntryPoint","urlTemplate":"https:\/\/www.capgemini.com\/mx-es\/?s={search_term_string}"},"query-input":"required name=search_term_string"}],"inLanguage":"es-MX"},{"@type":"Organization","@id":"https:\/\/www.capgemini.com\/mx-es\/#organization","name":"Capgemini Mexico","url":"https:\/\/www.capgemini.com\/mx-es\/","logo":{"@type":"ImageObject","inLanguage":"es-MX","@id":"https:\/\/www.capgemini.com\/mx-es\/#\/schema\/logo\/image\/","url":"https:\/\/www.capgemini.com\/mx-es\/wp-content\/uploads\/sites\/28\/2025\/07\/linkedin_mwo0q6.png","contentUrl":"https:\/\/www.capgemini.com\/mx-es\/wp-content\/uploads\/sites\/28\/2025\/07\/linkedin_mwo0q6.png","width":800,"height":800,"caption":"Capgemini Mexico"},"image":{"@id":"https:\/\/www.capgemini.com\/mx-es\/#\/schema\/logo\/image\/"}}]}},"brand_term":[],"parsely":{"version":"1.1.0","canonical_url":"https:\/\/capgemini.com\/mx-es\/sectores\/energia-y-utilities\/acelerando-la-transicion-energetica\/","smart_links":{"inbound":0,"outbound":0},"traffic_boost_suggestions_count":0,"meta":{"@context":"https:\/\/schema.org","@type":"WebPage","headline":"Acelerando la transici\u00f3n energ\u00e9tica","url":"https:\/\/www.capgemini.com\/mx-es\/sectores\/energia-y-utilities\/acelerando-la-transicion-energetica\/","mainEntityOfPage":{"@type":"WebPage","@id":"https:\/\/www.capgemini.com\/mx-es\/sectores\/energia-y-utilities\/acelerando-la-transicion-energetica\/"},"thumbnailUrl":"","image":{"@type":"ImageObject","url":""},"articleSection":"Uncategorized","author":[],"creator":[],"publisher":{"@type":"Organization","name":"Capgemini Mexico","logo":""},"keywords":[],"dateCreated":"2023-06-20T09:26:26Z","datePublished":"2023-06-20T09:26:26Z","dateModified":"2026-01-12T19:26:25Z"},"rendered":"<meta name=\"parsely-title\" content=\"Acelerando la transici\u00f3n energ\u00e9tica\" \/>\n<meta name=\"parsely-link\" content=\"https:\/\/www.capgemini.com\/mx-es\/sectores\/energia-y-utilities\/acelerando-la-transicion-energetica\/\" \/>\n<meta name=\"parsely-type\" content=\"index\" \/>\n<meta name=\"parsely-pub-date\" content=\"2023-06-20T09:26:26Z\" \/>\n<meta name=\"parsely-section\" content=\"Uncategorized\" \/>","tracker_url":"https:\/\/cdn.parsely.com\/keys\/capgemini.com\/p.js"},"archive_status":false,"featured_image_src":"https:\/\/www.capgemini.com\/mx-es\/wp-content\/themes\/capgemini2025\/assets\/images\/mockup.png","featured_image_alt":false,"jetpack_sharing_enabled":true,"distributor_meta":false,"distributor_terms":false,"distributor_media":false,"distributor_original_site_name":"Capgemini Mexico","distributor_original_site_url":"https:\/\/www.capgemini.com\/mx-es","push-errors":false,"_links":{"self":[{"href":"https:\/\/www.capgemini.com\/mx-es\/wp-json\/wp\/v2\/pages\/514562","targetHints":{"allow":["GET"]}}],"collection":[{"href":"https:\/\/www.capgemini.com\/mx-es\/wp-json\/wp\/v2\/pages"}],"about":[{"href":"https:\/\/www.capgemini.com\/mx-es\/wp-json\/wp\/v2\/types\/page"}],"author":[{"embeddable":true,"href":"https:\/\/www.capgemini.com\/mx-es\/wp-json\/wp\/v2\/users\/33"}],"replies":[{"embeddable":true,"href":"https:\/\/www.capgemini.com\/mx-es\/wp-json\/wp\/v2\/comments?post=514562"}],"version-history":[{"count":4,"href":"https:\/\/www.capgemini.com\/mx-es\/wp-json\/wp\/v2\/pages\/514562\/revisions"}],"predecessor-version":[{"id":557670,"href":"https:\/\/www.capgemini.com\/mx-es\/wp-json\/wp\/v2\/pages\/514562\/revisions\/557670"}],"up":[{"embeddable":true,"href":"https:\/\/www.capgemini.com\/mx-es\/wp-json\/wp\/v2\/pages\/5706"}],"wp:attachment":[{"href":"https:\/\/www.capgemini.com\/mx-es\/wp-json\/wp\/v2\/media?parent=514562"}],"wp:term":[{"taxonomy":"brand","embeddable":true,"href":"https:\/\/www.capgemini.com\/mx-es\/wp-json\/wp\/v2\/brand?post=514562"},{"taxonomy":"partner_type","embeddable":true,"href":"https:\/\/www.capgemini.com\/mx-es\/wp-json\/wp\/v2\/partner_type?post=514562"},{"taxonomy":"service","embeddable":true,"href":"https:\/\/www.capgemini.com\/mx-es\/wp-json\/wp\/v2\/service?post=514562"},{"taxonomy":"industry","embeddable":true,"href":"https:\/\/www.capgemini.com\/mx-es\/wp-json\/wp\/v2\/industry?post=514562"},{"taxonomy":"partners","embeddable":true,"href":"https:\/\/www.capgemini.com\/mx-es\/wp-json\/wp\/v2\/partners?post=514562"},{"taxonomy":"page-type","embeddable":true,"href":"https:\/\/www.capgemini.com\/mx-es\/wp-json\/wp\/v2\/page-type?post=514562"},{"taxonomy":"content-group","embeddable":true,"href":"https:\/\/www.capgemini.com\/mx-es\/wp-json\/wp\/v2\/content-group?post=514562"}],"curies":[{"name":"wp","href":"https:\/\/api.w.org\/{rel}","templated":true}]}}