{"id":512751,"date":"2023-06-14T23:36:24","date_gmt":"2023-06-14T23:36:24","guid":{"rendered":"https:\/\/www.capgemini.com\/mx-es\/?page_id=512751"},"modified":"2025-04-03T13:31:14","modified_gmt":"2025-04-03T13:31:14","slug":"informe-mundial-de-seguros-de-propiedad-y-danos","status":"publish","type":"page","link":"https:\/\/www.capgemini.com\/mx-es\/informe-mundial-de-seguros-de-propiedad-y-danos\/","title":{"rendered":"Capgemini y AXA"},"content":{"rendered":"\n<header class=\"wp-block-cg-blocks-hero-reusable header heroReusable  \"><div class=\"header-bgs\"><picture><source srcset=\"https:\/\/www.capgemini.com\/mx-es\/wp-content\/uploads\/sites\/28\/2023\/04\/property-casualty-insurance-report-2023.jpg?w=2880&amp;quality=70 1x, https:\/\/www.capgemini.com\/mx-es\/wp-content\/uploads\/sites\/28\/2023\/04\/property-casualty-insurance-report-2023.jpg?w=2880&amp;quality=70 2x\" media=\"(min-width: 1500px)\"\/><source srcset=\"https:\/\/www.capgemini.com\/mx-es\/wp-content\/uploads\/sites\/28\/2023\/04\/property-casualty-insurance-report-2023.jpg?w=1440&amp;quality=70 1x, https:\/\/www.capgemini.com\/mx-es\/wp-content\/uploads\/sites\/28\/2023\/04\/property-casualty-insurance-report-2023.jpg?w=2880&amp;quality=70 2x\" media=\"(min-width: 992px)\"\/><source srcset=\"https:\/\/www.capgemini.com\/mx-es\/wp-content\/uploads\/sites\/28\/2023\/04\/property-casualty-insurance-report-2023.jpg?w=1024&amp;quality=70 1x, https:\/\/www.capgemini.com\/mx-es\/wp-content\/uploads\/sites\/28\/2023\/04\/property-casualty-insurance-report-2023.jpg?w=1024&amp;quality=70 2x\" media=\"(min-width: 768px)\"\/><source srcset=\"https:\/\/www.capgemini.com\/mx-es\/wp-content\/uploads\/sites\/28\/2023\/04\/property-casualty-insurance-report-2023.jpg?w=768&amp;quality=70 1x, https:\/\/www.capgemini.com\/mx-es\/wp-content\/uploads\/sites\/28\/2023\/04\/property-casualty-insurance-report-2023.jpg?w=768&amp;quality=70 2x\" media=\"(min-width: 0)\"\/><img decoding=\"async\" src=\"https:\/\/www.capgemini.com\/mx-es\/wp-content\/uploads\/sites\/28\/2023\/04\/property-casualty-insurance-report-2023.jpg\" class=\"header-img header-img-d\" alt=\"property and casualty insurance report\" style=\"object-fit:cover;object-position:50% 50%\" loading=\"eager\"\/><\/picture><\/div><div class=\"heroPictureCardHeaderShape\"><\/div><div class=\"container\"><div class=\"row\"><div class=\"col-md-12\"><div class=\"box\"><div class=\"boxTagWrapper\"><div class=\"tagInfo\"><\/div><\/div><div class=\"box-title\"><h1 data-maxlength=\"34\">Capgemini y AXA<\/h1><\/div><h2 class=\"reasearchInsightTitle\">Juntos en el camino para proteger lo que m\u00e1s nos importa.<\/h2><div class=\"inner-row-insight download-btn\"><\/div><\/div><\/div><\/div><\/div><\/header>\n\n\n\n<section class=\"wp-block-cg-blocks-group undefined section section--article-content\"><div class=\"article-main-content\"><div class=\"container\"><div class=\"row\"><div class=\"col-12 col-md-11 col-lg-10 offset-md-1 offset-lg-1\"><div class=\"article-text article-quote-text\">\n<figure class=\"wp-block-image size-large\"><img loading=\"lazy\" decoding=\"async\" width=\"800\" height=\"200\" src=\"https:\/\/www.capgemini.com\/mx-es\/wp-content\/uploads\/sites\/28\/2023\/06\/Capgemini_and_AXA.png?w=800\" alt=\"\" class=\"wp-image-512759\" srcset=\"https:\/\/www.capgemini.com\/mx-es\/wp-content\/uploads\/sites\/28\/2023\/06\/Capgemini_and_AXA.png 800w, https:\/\/www.capgemini.com\/mx-es\/wp-content\/uploads\/sites\/28\/2023\/06\/Capgemini_and_AXA.png?resize=300,75 300w, https:\/\/www.capgemini.com\/mx-es\/wp-content\/uploads\/sites\/28\/2023\/06\/Capgemini_and_AXA.png?resize=768,192 768w\" sizes=\"auto, (max-width: 800px) 100vw, 800px\" \/><\/figure>\n\n\n\n<h2 class=\"wp-block-heading\" id=\"h-desde-asegurar-activos-hasta-proteger-la-movilidad-impulsar-el-crecimiento-en-un-ecosistema-en-evolucion\">Desde asegurar activos hasta proteger la movilidad: impulsar el crecimiento en un ecosistema en evoluci\u00f3n<\/h2>\n\n\n\n<p>La evoluci\u00f3n del mercado de movilidad plantea desaf\u00edos y oportunidades para las aseguradoras de propiedad y da\u00f1os a terceros que necesitan pasar de asegurar activos a proteger todo el proceso de movilidad. Esta transformaci\u00f3n puede generar beneficios operativos medibles y desbloquear el crecimiento de los ingresos para las aseguradoras.<\/p>\n\n\n\n<p><br>Te invitamos a visitar nuestra p\u00e1gina interactiva para conocer los principales hallazgos del Informe mundial de seguros de propiedad y accidentes 2023, que refleja las opiniones de m\u00e1s de 290 ejecutivos de seguros y casi 6,000 consumidores en 19 mercados, incluyendo&nbsp;M\u00e9xico.<\/p>\n<\/div><\/div><\/div><\/div><\/div><\/section>\n\n\n\n<section class=\"wp-block-cg-blocks-wrapper-card-text-pic wrapperCardTextPic hero-bg-shape\"><div class=\"container\"><div class=\"row\"><div class=\"col-md-12\">\n<div class=\"wp-block-cg-blocks-card-text-pic-right\"><div class=\"row card-text-pic rightCard\"><div class=\"col-md-12\"><div class=\"box--section\"><div class=\"box  row-nobleed\"><div class=\"col-lg-8 col-md-12 box-inner\"><a href=\"https:\/\/www.capgemini.com\/mx-es\/insights\/biblioteca-de-investigacion\/informe-mundial-de-seguros-de-propiedad-y-casuality-2023\/\" aria-label=\"Informe mundial de seguros de propiedad y da\u00f1os 2023\" target=\"\" rel=\"noopener noreferrer\" title=\"\"><h4 class=\"titlewithLink\" data-maxlength=\"144\">Informe mundial de seguros de propiedad y da\u00f1os 2023<\/h4><\/a><div class=\"box-bottom\"><a aria-label=\"Consultar reporte sobre Informe mundial de seguros de propiedad y da\u00f1os 2023\" class=\"more2\" data-maxlength=\"24\" href=\"https:\/\/www.capgemini.com\/mx-es\/insights\/biblioteca-de-investigacion\/informe-mundial-de-seguros-de-propiedad-y-casuality-2023\/\" target=\"\" rel=\"noopener noreferrer\" title=\"\">Consultar reporte<\/a><\/div><\/div><div class=\"col-lg-5 col-md-12 box-img-wrapper\"><a href=\"https:\/\/www.capgemini.com\/mx-es\/insights\/biblioteca-de-investigacion\/informe-mundial-de-seguros-de-propiedad-y-casuality-2023\/\" aria-label=\"Consultar reporte sobre Informe mundial de seguros de propiedad y da\u00f1os 2023\" target=\"\" rel=\"noopener noreferrer\" title=\"\"><picture><source srcset=\"https:\/\/www.capgemini.com\/mx-es\/wp-content\/uploads\/sites\/28\/2023\/04\/property-casualty-insurance-report-2023.jpg?w=1000&amp;quality=90 1x, https:\/\/www.capgemini.com\/mx-es\/wp-content\/uploads\/sites\/28\/2023\/04\/property-casualty-insurance-report-2023.jpg?w=1000&amp;quality=90 2x\" media=\"(min-width: 1500px)\"\/><source srcset=\"https:\/\/www.capgemini.com\/mx-es\/wp-content\/uploads\/sites\/28\/2023\/04\/property-casualty-insurance-report-2023.jpg?w=500&amp;quality=90 1x, https:\/\/www.capgemini.com\/mx-es\/wp-content\/uploads\/sites\/28\/2023\/04\/property-casualty-insurance-report-2023.jpg?w=1000&amp;quality=90 2x\" media=\"(min-width: 992px)\"\/><source srcset=\"https:\/\/www.capgemini.com\/mx-es\/wp-content\/uploads\/sites\/28\/2023\/04\/property-casualty-insurance-report-2023.jpg?w=768&amp;quality=90 1x, https:\/\/www.capgemini.com\/mx-es\/wp-content\/uploads\/sites\/28\/2023\/04\/property-casualty-insurance-report-2023.jpg?w=768&amp;quality=90 2x\" media=\"(min-width: 768px)\"\/><source srcset=\"https:\/\/www.capgemini.com\/mx-es\/wp-content\/uploads\/sites\/28\/2023\/04\/property-casualty-insurance-report-2023.jpg?w=556&amp;quality=90 1x, https:\/\/www.capgemini.com\/mx-es\/wp-content\/uploads\/sites\/28\/2023\/04\/property-casualty-insurance-report-2023.jpg?w=556&amp;quality=90 2x\" media=\"(min-width: 0)\"\/><img decoding=\"async\" src=\"https:\/\/www.capgemini.com\/mx-es\/wp-content\/uploads\/sites\/28\/2023\/04\/property-casualty-insurance-report-2023.jpg\" class=\"box-img\" alt=\"\" style=\"object-fit:cover;object-position:1% 42%\" loading=\"lazy\"\/><\/picture><\/a><\/div><\/div><\/div><\/div><\/div><\/div>\n<\/div><\/div><\/div><\/section>\n\n\n\n<section class=\"wp-block-cg-blocks-wrapper-card-text-pic wrapperCardTextPic hero-bg-shape\"><div class=\"container\"><div class=\"content-title\"><h2 class=\"card-text-pic-heading\">Conoce nuestros servicios<\/h2><\/div><div class=\"row\"><div class=\"col-md-12\">\n<div class=\"wp-block-cg-blocks-card-text-pic-left\"><div class=\"row card-text-pic leftCard\"><div class=\"col-md-12\"><div class=\"box--section\"><div class=\"box row-nobleed\"><div class=\"col-lg-5 col-md-12 box-img-wrapper \"><a href=\"https:\/\/www.capgemini.com\/mx-es\/sectores\/seguros\/\" aria-label=\"Leer m\u00e1s sobre Seguros\" target=\"_blank\" rel=\"noopener noreferrer\" title=\"opens in a new window\"><picture><source srcset=\"https:\/\/www.capgemini.com\/mx-es\/wp-content\/uploads\/sites\/28\/2022\/09\/Capgemini_Industries-Insurance-e1649147468324.jpg?w=1000&amp;quality=90 1x, https:\/\/www.capgemini.com\/mx-es\/wp-content\/uploads\/sites\/28\/2022\/09\/Capgemini_Industries-Insurance-e1649147468324.jpg?w=1000&amp;quality=90 2x\" media=\"(min-width: 1500px)\"\/><source srcset=\"https:\/\/www.capgemini.com\/mx-es\/wp-content\/uploads\/sites\/28\/2022\/09\/Capgemini_Industries-Insurance-e1649147468324.jpg?w=500&amp;quality=90 1x, https:\/\/www.capgemini.com\/mx-es\/wp-content\/uploads\/sites\/28\/2022\/09\/Capgemini_Industries-Insurance-e1649147468324.jpg?w=1000&amp;quality=90 2x\" media=\"(min-width: 992px)\"\/><source srcset=\"https:\/\/www.capgemini.com\/mx-es\/wp-content\/uploads\/sites\/28\/2022\/09\/Capgemini_Industries-Insurance-e1649147468324.jpg?w=768&amp;quality=90 1x, https:\/\/www.capgemini.com\/mx-es\/wp-content\/uploads\/sites\/28\/2022\/09\/Capgemini_Industries-Insurance-e1649147468324.jpg?w=768&amp;quality=90 2x\" media=\"(min-width: 768px)\"\/><source srcset=\"https:\/\/www.capgemini.com\/mx-es\/wp-content\/uploads\/sites\/28\/2022\/09\/Capgemini_Industries-Insurance-e1649147468324.jpg?w=556&amp;quality=90 1x, https:\/\/www.capgemini.com\/mx-es\/wp-content\/uploads\/sites\/28\/2022\/09\/Capgemini_Industries-Insurance-e1649147468324.jpg?w=556&amp;quality=90 2x\" media=\"(min-width: 0)\"\/><img decoding=\"async\" src=\"https:\/\/www.capgemini.com\/mx-es\/wp-content\/uploads\/sites\/28\/2022\/09\/Capgemini_Industries-Insurance-e1649147468324.jpg\" class=\"box-img\" alt=\"\" style=\"object-fit:cover;object-position:50% 50%\" loading=\"lazy\"\/><\/picture><\/a><\/div><div class=\"col-lg-8 col-md-12 box-inner \"><a href=\"https:\/\/www.capgemini.com\/mx-es\/sectores\/seguros\/\" aria-label=\"Seguros\" target=\"_blank\" rel=\"noopener noreferrer\" title=\"opens in a new window\"><h4 class=\"titlewithLink\" data-maxlength=\"144\">Seguros<\/h4><\/a><p class=\"box-text\" data-maxlength=\"\">Estamos reimaginando el sector asegurador mundial para inventar los modelos operativos del futuro.<\/p><div class=\"box-bottom\"><a aria-label=\"Saber m\u00e1s sobre Seguros\" class=\"more2\" data-maxlength=\"24\" href=\"https:\/\/www.capgemini.com\/mx-es\/sectores\/seguros\/\" target=\"_blank\" rel=\"noopener noreferrer\" title=\"opens in a new window\">Saber m\u00e1s<\/a><\/div><\/div><\/div><\/div><\/div><\/div><\/div>\n<\/div><\/div><\/div><\/section>\n","protected":false},"excerpt":{"rendered":"","protected":false},"author":362,"featured_media":0,"parent":0,"menu_order":0,"comment_status":"closed","ping_status":"closed","template":"","meta":{"cg_dt_proposed_to":[],"cg_seo_hreflang_relations":"[]","cg_seo_canonical_relation":"","cg_seo_hreflang_x_default_relation":"{\"uuid\":\"ba12afe8-1618-490e-9b3e-45c7a27af2c2\",\"blogId\":\"\",\"domain\":\"\",\"sitePath\":\"\",\"postLink\":\"\",\"postId\":null,\"isSaved\":true,\"isCrossLink\":false,\"hasCrossLink\":false}","cg_dt_approved_content":true,"cg_dt_mandatory_content":false,"cg_dt_notes":"","cg_dg_source_changed":false,"cg_dt_link_disabled":false,"_yoast_wpseo_primary_brand":"","footnotes":"","featured_focal_points":"","partner_card_description":"","gsap_animation":0},"brand":[],"partner_type":[],"service":[],"industry":[],"partners":[],"page-type":[],"content-group":[],"class_list":["post-512751","page","type-page","status-publish","hentry"],"yoast_head":"<!-- This site is optimized with the Yoast SEO Premium plugin v22.8 (Yoast SEO v22.8) - https:\/\/yoast.com\/wordpress\/plugins\/seo\/ -->\n<title>Capgemini y AXA - Capgemini Mexico<\/title>\n<meta name=\"description\" content=\"Informe mundial de seguros de propiedad y da\u00f1os para AXA\" \/>\n<meta name=\"robots\" content=\"index, follow, max-snippet:-1, max-image-preview:large, max-video-preview:-1\" \/>\n<link rel=\"canonical\" href=\"https:\/\/www.capgemini.com\/mx-es\/informe-mundial-de-seguros-de-propiedad-y-danos\/\" \/>\n<meta property=\"og:locale\" content=\"es_MX\" \/>\n<meta property=\"og:type\" content=\"article\" \/>\n<meta property=\"og:title\" content=\"Capgemini y AXA\" \/>\n<meta property=\"og:description\" content=\"Informe mundial de seguros de propiedad y da\u00f1os para AXA\" \/>\n<meta property=\"og:url\" content=\"https:\/\/www.capgemini.com\/mx-es\/informe-mundial-de-seguros-de-propiedad-y-danos\/\" \/>\n<meta property=\"og:site_name\" content=\"Capgemini Mexico\" \/>\n<meta property=\"article:modified_time\" content=\"2025-04-03T13:31:14+00:00\" \/>\n<meta property=\"og:image\" content=\"https:\/\/prod.ucwe.capgemini.com\/mx-es\/wp-content\/uploads\/sites\/28\/2023\/04\/property-casualty-insurance-report-2023.jpg\" \/>\n<meta name=\"twitter:card\" content=\"summary_large_image\" \/>\n<meta name=\"twitter:label1\" content=\"Est. reading time\" \/>\n\t<meta name=\"twitter:data1\" content=\"2 minutes\" \/>\n<script type=\"application\/ld+json\" class=\"yoast-schema-graph\">{\"@context\":\"https:\/\/schema.org\",\"@graph\":[{\"@type\":\"WebPage\",\"@id\":\"https:\/\/www.capgemini.com\/mx-es\/informe-mundial-de-seguros-de-propiedad-y-danos\/\",\"url\":\"https:\/\/www.capgemini.com\/mx-es\/informe-mundial-de-seguros-de-propiedad-y-danos\/\",\"name\":\"Capgemini y AXA - Capgemini Mexico\",\"isPartOf\":{\"@id\":\"https:\/\/www.capgemini.com\/mx-es\/#website\"},\"primaryImageOfPage\":{\"@id\":\"https:\/\/www.capgemini.com\/mx-es\/informe-mundial-de-seguros-de-propiedad-y-danos\/#primaryimage\"},\"image\":{\"@id\":\"https:\/\/www.capgemini.com\/mx-es\/informe-mundial-de-seguros-de-propiedad-y-danos\/#primaryimage\"},\"thumbnailUrl\":\"https:\/\/www.capgemini.com\/mx-es\/wp-content\/uploads\/sites\/28\/2023\/04\/property-casualty-insurance-report-2023.jpg\",\"datePublished\":\"2023-06-14T23:36:24+00:00\",\"dateModified\":\"2025-04-03T13:31:14+00:00\",\"description\":\"Informe mundial de seguros de propiedad y da\u00f1os para AXA\",\"breadcrumb\":{\"@id\":\"https:\/\/www.capgemini.com\/mx-es\/informe-mundial-de-seguros-de-propiedad-y-danos\/#breadcrumb\"},\"inLanguage\":\"es-MX\",\"potentialAction\":[{\"@type\":\"ReadAction\",\"target\":[\"https:\/\/www.capgemini.com\/mx-es\/informe-mundial-de-seguros-de-propiedad-y-danos\/\"]}]},{\"@type\":\"ImageObject\",\"inLanguage\":\"es-MX\",\"@id\":\"https:\/\/www.capgemini.com\/mx-es\/informe-mundial-de-seguros-de-propiedad-y-danos\/#primaryimage\",\"url\":\"https:\/\/www.capgemini.com\/mx-es\/wp-content\/uploads\/sites\/28\/2023\/04\/property-casualty-insurance-report-2023.jpg\",\"contentUrl\":\"https:\/\/www.capgemini.com\/mx-es\/wp-content\/uploads\/sites\/28\/2023\/04\/property-casualty-insurance-report-2023.jpg\",\"width\":2880,\"height\":1800,\"caption\":\"property and casualty insurance report\"},{\"@type\":\"BreadcrumbList\",\"@id\":\"https:\/\/www.capgemini.com\/mx-es\/informe-mundial-de-seguros-de-propiedad-y-danos\/#breadcrumb\",\"itemListElement\":[{\"@type\":\"ListItem\",\"position\":1,\"name\":\"Home\",\"item\":\"https:\/\/www.capgemini.com\/mx-es\/\"},{\"@type\":\"ListItem\",\"position\":2,\"name\":\"Capgemini y AXA\"}]},{\"@type\":\"WebSite\",\"@id\":\"https:\/\/www.capgemini.com\/mx-es\/#website\",\"url\":\"https:\/\/www.capgemini.com\/mx-es\/\",\"name\":\"Capgemini Mexico\",\"description\":\"Capgemini\",\"publisher\":{\"@id\":\"https:\/\/www.capgemini.com\/mx-es\/#organization\"},\"potentialAction\":[{\"@type\":\"SearchAction\",\"target\":{\"@type\":\"EntryPoint\",\"urlTemplate\":\"https:\/\/www.capgemini.com\/mx-es\/?s={search_term_string}\"},\"query-input\":\"required name=search_term_string\"}],\"inLanguage\":\"es-MX\"},{\"@type\":\"Organization\",\"@id\":\"https:\/\/www.capgemini.com\/mx-es\/#organization\",\"name\":\"Capgemini Mexico\",\"url\":\"https:\/\/www.capgemini.com\/mx-es\/\",\"logo\":{\"@type\":\"ImageObject\",\"inLanguage\":\"es-MX\",\"@id\":\"https:\/\/www.capgemini.com\/mx-es\/#\/schema\/logo\/image\/\",\"url\":\"https:\/\/www.capgemini.com\/mx-es\/wp-content\/uploads\/sites\/28\/2025\/07\/linkedin_mwo0q6.png\",\"contentUrl\":\"https:\/\/www.capgemini.com\/mx-es\/wp-content\/uploads\/sites\/28\/2025\/07\/linkedin_mwo0q6.png\",\"width\":800,\"height\":800,\"caption\":\"Capgemini Mexico\"},\"image\":{\"@id\":\"https:\/\/www.capgemini.com\/mx-es\/#\/schema\/logo\/image\/\"}}]}<\/script>\n<!-- \/ Yoast SEO Premium plugin. -->","yoast_head_json":{"title":"Capgemini y AXA - Capgemini Mexico","description":"Informe mundial de seguros de propiedad y da\u00f1os para AXA","robots":{"index":"index","follow":"follow","max-snippet":"max-snippet:-1","max-image-preview":"max-image-preview:large","max-video-preview":"max-video-preview:-1"},"canonical":"https:\/\/www.capgemini.com\/mx-es\/informe-mundial-de-seguros-de-propiedad-y-danos\/","og_locale":"es_MX","og_type":"article","og_title":"Capgemini y AXA","og_description":"Informe mundial de seguros de propiedad y da\u00f1os para AXA","og_url":"https:\/\/www.capgemini.com\/mx-es\/informe-mundial-de-seguros-de-propiedad-y-danos\/","og_site_name":"Capgemini Mexico","article_modified_time":"2025-04-03T13:31:14+00:00","og_image":[{"url":"https:\/\/prod.ucwe.capgemini.com\/mx-es\/wp-content\/uploads\/sites\/28\/2023\/04\/property-casualty-insurance-report-2023.jpg"}],"twitter_card":"summary_large_image","twitter_misc":{"Est. reading time":"2 minutes"},"schema":{"@context":"https:\/\/schema.org","@graph":[{"@type":"WebPage","@id":"https:\/\/www.capgemini.com\/mx-es\/informe-mundial-de-seguros-de-propiedad-y-danos\/","url":"https:\/\/www.capgemini.com\/mx-es\/informe-mundial-de-seguros-de-propiedad-y-danos\/","name":"Capgemini y AXA - Capgemini Mexico","isPartOf":{"@id":"https:\/\/www.capgemini.com\/mx-es\/#website"},"primaryImageOfPage":{"@id":"https:\/\/www.capgemini.com\/mx-es\/informe-mundial-de-seguros-de-propiedad-y-danos\/#primaryimage"},"image":{"@id":"https:\/\/www.capgemini.com\/mx-es\/informe-mundial-de-seguros-de-propiedad-y-danos\/#primaryimage"},"thumbnailUrl":"https:\/\/www.capgemini.com\/mx-es\/wp-content\/uploads\/sites\/28\/2023\/04\/property-casualty-insurance-report-2023.jpg","datePublished":"2023-06-14T23:36:24+00:00","dateModified":"2025-04-03T13:31:14+00:00","description":"Informe mundial de seguros de propiedad y da\u00f1os para AXA","breadcrumb":{"@id":"https:\/\/www.capgemini.com\/mx-es\/informe-mundial-de-seguros-de-propiedad-y-danos\/#breadcrumb"},"inLanguage":"es-MX","potentialAction":[{"@type":"ReadAction","target":["https:\/\/www.capgemini.com\/mx-es\/informe-mundial-de-seguros-de-propiedad-y-danos\/"]}]},{"@type":"ImageObject","inLanguage":"es-MX","@id":"https:\/\/www.capgemini.com\/mx-es\/informe-mundial-de-seguros-de-propiedad-y-danos\/#primaryimage","url":"https:\/\/www.capgemini.com\/mx-es\/wp-content\/uploads\/sites\/28\/2023\/04\/property-casualty-insurance-report-2023.jpg","contentUrl":"https:\/\/www.capgemini.com\/mx-es\/wp-content\/uploads\/sites\/28\/2023\/04\/property-casualty-insurance-report-2023.jpg","width":2880,"height":1800,"caption":"property and casualty insurance report"},{"@type":"BreadcrumbList","@id":"https:\/\/www.capgemini.com\/mx-es\/informe-mundial-de-seguros-de-propiedad-y-danos\/#breadcrumb","itemListElement":[{"@type":"ListItem","position":1,"name":"Home","item":"https:\/\/www.capgemini.com\/mx-es\/"},{"@type":"ListItem","position":2,"name":"Capgemini y AXA"}]},{"@type":"WebSite","@id":"https:\/\/www.capgemini.com\/mx-es\/#website","url":"https:\/\/www.capgemini.com\/mx-es\/","name":"Capgemini Mexico","description":"Capgemini","publisher":{"@id":"https:\/\/www.capgemini.com\/mx-es\/#organization"},"potentialAction":[{"@type":"SearchAction","target":{"@type":"EntryPoint","urlTemplate":"https:\/\/www.capgemini.com\/mx-es\/?s={search_term_string}"},"query-input":"required name=search_term_string"}],"inLanguage":"es-MX"},{"@type":"Organization","@id":"https:\/\/www.capgemini.com\/mx-es\/#organization","name":"Capgemini Mexico","url":"https:\/\/www.capgemini.com\/mx-es\/","logo":{"@type":"ImageObject","inLanguage":"es-MX","@id":"https:\/\/www.capgemini.com\/mx-es\/#\/schema\/logo\/image\/","url":"https:\/\/www.capgemini.com\/mx-es\/wp-content\/uploads\/sites\/28\/2025\/07\/linkedin_mwo0q6.png","contentUrl":"https:\/\/www.capgemini.com\/mx-es\/wp-content\/uploads\/sites\/28\/2025\/07\/linkedin_mwo0q6.png","width":800,"height":800,"caption":"Capgemini Mexico"},"image":{"@id":"https:\/\/www.capgemini.com\/mx-es\/#\/schema\/logo\/image\/"}}]}},"brand_term":[],"parsely":{"version":"1.1.0","canonical_url":"https:\/\/capgemini.com\/mx-es\/informe-mundial-de-seguros-de-propiedad-y-danos\/","smart_links":{"inbound":0,"outbound":0},"traffic_boost_suggestions_count":0,"meta":{"@context":"https:\/\/schema.org","@type":"WebPage","headline":"Capgemini y AXA","url":"https:\/\/www.capgemini.com\/mx-es\/informe-mundial-de-seguros-de-propiedad-y-danos\/","mainEntityOfPage":{"@type":"WebPage","@id":"https:\/\/www.capgemini.com\/mx-es\/informe-mundial-de-seguros-de-propiedad-y-danos\/"},"thumbnailUrl":"","image":{"@type":"ImageObject","url":""},"articleSection":"Uncategorized","author":[],"creator":[],"publisher":{"@type":"Organization","name":"Capgemini Mexico","logo":""},"keywords":[],"dateCreated":"2023-06-14T23:36:24Z","datePublished":"2023-06-14T23:36:24Z","dateModified":"2025-04-03T13:31:14Z"},"rendered":"<meta name=\"parsely-title\" content=\"Capgemini y AXA\" \/>\n<meta name=\"parsely-link\" content=\"https:\/\/www.capgemini.com\/mx-es\/informe-mundial-de-seguros-de-propiedad-y-danos\/\" \/>\n<meta name=\"parsely-type\" content=\"index\" \/>\n<meta name=\"parsely-pub-date\" content=\"2023-06-14T23:36:24Z\" \/>\n<meta name=\"parsely-section\" content=\"Uncategorized\" \/>","tracker_url":"https:\/\/cdn.parsely.com\/keys\/capgemini.com\/p.js"},"archive_status":false,"featured_image_src":"https:\/\/www.capgemini.com\/mx-es\/wp-content\/themes\/capgemini2025\/assets\/images\/mockup.png","featured_image_alt":false,"jetpack_sharing_enabled":true,"distributor_meta":false,"distributor_terms":false,"distributor_media":false,"distributor_original_site_name":"Capgemini Mexico","distributor_original_site_url":"https:\/\/www.capgemini.com\/mx-es","push-errors":false,"_links":{"self":[{"href":"https:\/\/www.capgemini.com\/mx-es\/wp-json\/wp\/v2\/pages\/512751","targetHints":{"allow":["GET"]}}],"collection":[{"href":"https:\/\/www.capgemini.com\/mx-es\/wp-json\/wp\/v2\/pages"}],"about":[{"href":"https:\/\/www.capgemini.com\/mx-es\/wp-json\/wp\/v2\/types\/page"}],"author":[{"embeddable":true,"href":"https:\/\/www.capgemini.com\/mx-es\/wp-json\/wp\/v2\/users\/362"}],"replies":[{"embeddable":true,"href":"https:\/\/www.capgemini.com\/mx-es\/wp-json\/wp\/v2\/comments?post=512751"}],"version-history":[{"count":5,"href":"https:\/\/www.capgemini.com\/mx-es\/wp-json\/wp\/v2\/pages\/512751\/revisions"}],"predecessor-version":[{"id":539072,"href":"https:\/\/www.capgemini.com\/mx-es\/wp-json\/wp\/v2\/pages\/512751\/revisions\/539072"}],"wp:attachment":[{"href":"https:\/\/www.capgemini.com\/mx-es\/wp-json\/wp\/v2\/media?parent=512751"}],"wp:term":[{"taxonomy":"brand","embeddable":true,"href":"https:\/\/www.capgemini.com\/mx-es\/wp-json\/wp\/v2\/brand?post=512751"},{"taxonomy":"partner_type","embeddable":true,"href":"https:\/\/www.capgemini.com\/mx-es\/wp-json\/wp\/v2\/partner_type?post=512751"},{"taxonomy":"service","embeddable":true,"href":"https:\/\/www.capgemini.com\/mx-es\/wp-json\/wp\/v2\/service?post=512751"},{"taxonomy":"industry","embeddable":true,"href":"https:\/\/www.capgemini.com\/mx-es\/wp-json\/wp\/v2\/industry?post=512751"},{"taxonomy":"partners","embeddable":true,"href":"https:\/\/www.capgemini.com\/mx-es\/wp-json\/wp\/v2\/partners?post=512751"},{"taxonomy":"page-type","embeddable":true,"href":"https:\/\/www.capgemini.com\/mx-es\/wp-json\/wp\/v2\/page-type?post=512751"},{"taxonomy":"content-group","embeddable":true,"href":"https:\/\/www.capgemini.com\/mx-es\/wp-json\/wp\/v2\/content-group?post=512751"}],"curies":[{"name":"wp","href":"https:\/\/api.w.org\/{rel}","templated":true}]}}