{"id":505805,"date":"2023-02-08T09:22:02","date_gmt":"2023-02-08T09:22:02","guid":{"rendered":"https:\/\/www.capgemini.com\/mx-es\/?page_id=505805"},"modified":"2025-04-03T13:49:28","modified_gmt":"2025-04-03T13:49:28","slug":"integracion-hibrida","status":"publish","type":"page","link":"https:\/\/www.capgemini.com\/mx-es\/servicios\/integracion-hibrida\/","title":{"rendered":"Desbloqueando el dividendo de la integraci\u00f3n h\u00edbrida"},"content":{"rendered":"\n<div class=\"wp-block-cg-blocks-hero-picture-card undefined  heroPictureCard\"><div class=\"heroPictureCardBgs\"><picture><source srcset=\"https:\/\/www.capgemini.com\/mx-es\/wp-content\/uploads\/sites\/28\/2023\/02\/services-07_services-cloud.png?w=2880&amp;quality=70 1x, https:\/\/www.capgemini.com\/mx-es\/wp-content\/uploads\/sites\/28\/2023\/02\/services-07_services-cloud.png?w=2880&amp;quality=70 2x\" media=\"(min-width: 1500px)\"\/><source srcset=\"https:\/\/www.capgemini.com\/mx-es\/wp-content\/uploads\/sites\/28\/2023\/02\/services-07_services-cloud.png?w=1440&amp;quality=70 1x, https:\/\/www.capgemini.com\/mx-es\/wp-content\/uploads\/sites\/28\/2023\/02\/services-07_services-cloud.png?w=2880&amp;quality=70 2x\" media=\"(min-width: 992px)\"\/><source srcset=\"https:\/\/www.capgemini.com\/mx-es\/wp-content\/uploads\/sites\/28\/2023\/02\/services-07_services-cloud.png?w=1024&amp;quality=70 1x, https:\/\/www.capgemini.com\/mx-es\/wp-content\/uploads\/sites\/28\/2023\/02\/services-07_services-cloud.png?w=1024&amp;quality=70 2x\" media=\"(min-width: 768px)\"\/><source srcset=\"https:\/\/www.capgemini.com\/mx-es\/wp-content\/uploads\/sites\/28\/2023\/02\/services-07_services-cloud.png?w=768&amp;quality=70 1x, https:\/\/www.capgemini.com\/mx-es\/wp-content\/uploads\/sites\/28\/2023\/02\/services-07_services-cloud.png?w=768&amp;quality=70 2x\" media=\"(min-width: 0)\"\/><img decoding=\"async\" src=\"https:\/\/www.capgemini.com\/mx-es\/wp-content\/uploads\/sites\/28\/2023\/02\/services-07_services-cloud.png\" class=\"desktopImage\" alt=\"\" style=\"object-fit:cover;object-position:54% 42%\" loading=\"eager\"\/><\/picture><picture><source srcset=\"https:\/\/www.capgemini.com\/mx-es\/wp-content\/uploads\/sites\/28\/2023\/02\/services-07_services-cloud.png?w=2880&amp;quality=70 1x, https:\/\/www.capgemini.com\/mx-es\/wp-content\/uploads\/sites\/28\/2023\/02\/services-07_services-cloud.png?w=2880&amp;quality=70 2x\" media=\"(min-width: 1500px)\"\/><source srcset=\"https:\/\/www.capgemini.com\/mx-es\/wp-content\/uploads\/sites\/28\/2023\/02\/services-07_services-cloud.png?w=1440&amp;quality=70 1x, https:\/\/www.capgemini.com\/mx-es\/wp-content\/uploads\/sites\/28\/2023\/02\/services-07_services-cloud.png?w=2880&amp;quality=70 2x\" media=\"(min-width: 992px)\"\/><source srcset=\"https:\/\/www.capgemini.com\/mx-es\/wp-content\/uploads\/sites\/28\/2023\/02\/services-07_services-cloud.png?w=1024&amp;quality=70 1x, https:\/\/www.capgemini.com\/mx-es\/wp-content\/uploads\/sites\/28\/2023\/02\/services-07_services-cloud.png?w=1024&amp;quality=70 2x\" media=\"(min-width: 768px)\"\/><source srcset=\"https:\/\/www.capgemini.com\/mx-es\/wp-content\/uploads\/sites\/28\/2023\/02\/services-07_services-cloud.png?w=768&amp;quality=70 1x, https:\/\/www.capgemini.com\/mx-es\/wp-content\/uploads\/sites\/28\/2023\/02\/services-07_services-cloud.png?w=768&amp;quality=70 2x\" media=\"(min-width: 0)\"\/><img decoding=\"async\" src=\"https:\/\/www.capgemini.com\/mx-es\/wp-content\/uploads\/sites\/28\/2023\/02\/services-07_services-cloud.png\" class=\"mobileImage\" alt=\"\" style=\"object-fit:cover;object-position:54% 42%\" loading=\"eager\"\/><\/picture><\/div><div class=\"heroPictureCardHeaderShape\"><\/div><div class=\"container\"><div class=\"row\"><div class=\"col-md-8 col-lg-6\"><div class=\"heroPictureCardBox\"><div class=\"heroPictureCardBoxTitle\"><h1 data-maxlength=\"144\">Desbloqueando el dividendo de la integraci\u00f3n h\u00edbrida<\/h1><\/div><\/div><\/div><\/div><\/div><div class=\"small-device\"><div class=\"brandLogoWrapper\"> <\/div><\/div><\/div>\n\n\n\n<section class=\"wp-block-cg-blocks-group undefined section section--article-content\"><div class=\"article-main-content\"><div class=\"container\"><div class=\"row\"><div class=\"col-12 col-md-11 col-lg-10 offset-md-1 offset-lg-1\"><div class=\"article-text article-quote-text\">\n<h3 class=\"wp-block-heading\" id=\"h-apis-modernizados-e-integracion-hibrida-son-la-clave-para-alcanzar-un-cambio-de-ritmo-en-velocidad-agilidad-y-habilidad-de-innovar\">APIs modernizados e integraci\u00f3n h\u00edbrida son la clave para alcanzar un cambio de ritmo en velocidad, agilidad y habilidad de innovar.<\/h3>\n\n\n\n<p>De acuerdo con la m\u00e1s reciente encuesta de Capgemini a 818 ejecutivos TI trabajando en organizaciones con ingresos superiores a $500M, un enfoque moderno a la integraci\u00f3n h\u00edbrida y APIs est\u00e1 ayudando a las compa\u00f1\u00edas a reducir el tiempo de lanzamiento al mercado, adoptar nuevas tecnolog\u00edas y explorar nuevas fuentes de ingresos, y a alcanzar mayor crecimiento de ingresos.<\/p>\n\n\n\n<p><strong>\u00a1\u00danete a la econom\u00eda API y habilita la transformaci\u00f3n digital! Lee nuestra m\u00e1s reciente investigaci\u00f3n sobre APIs e integraci\u00f3n h\u00edbrida para identificar un plan de acci\u00f3n de transformaci\u00f3n a la medida de tu negocio y tus prioridades tecnol\u00f3gicas.<\/strong><\/p>\n\n\n\n<figure class=\"wp-block-image\"><img decoding=\"async\" src=\"https:\/\/www.capgemini.com\/mx-es\/wp-content\/uploads\/sites\/24\/2018\/09\/Nanographic_UnlockingTheHybridIntegrationDividend-17.jpg?w=626\" alt=\"\" class=\"wp-image-21717\"\/><\/figure>\n\n\n\n<p>Los integradores est\u00e1n ganando ventaja \u2013 desde crear nuevas fuentes de ingresos, lanzando nuevos productos antes que la competencia, hasta integrar nuevas tecnolog\u00edas como IoT y crear nuevos servicios como aplicaciones compuestas.&nbsp;Descarga el infogr\u00e1fico&nbsp;para saber m\u00e1s.<\/p>\n<\/div><\/div><\/div><\/div><\/div><\/section>\n","protected":false},"excerpt":{"rendered":"","protected":false},"author":367,"featured_media":505807,"parent":5801,"menu_order":0,"comment_status":"closed","ping_status":"closed","template":"","meta":{"cg_dt_proposed_to":[16],"cg_seo_hreflang_relations":"[]","cg_seo_canonical_relation":"","cg_seo_hreflang_x_default_relation":"","cg_dt_approved_content":true,"cg_dt_mandatory_content":false,"cg_dt_notes":"","cg_dg_source_changed":false,"cg_dt_link_disabled":true,"_yoast_wpseo_primary_brand":"","footnotes":"","featured_focal_points":"","partner_card_description":"","gsap_animation":0},"brand":[],"partner_type":[],"service":[],"industry":[],"partners":[],"page-type":[183],"content-group":[],"class_list":["post-505805","page","type-page","status-publish","has-post-thumbnail","hentry","page-type-service"],"yoast_head":"<!-- This site is optimized with the Yoast SEO Premium plugin v22.8 (Yoast SEO v22.8) - https:\/\/yoast.com\/wordpress\/plugins\/seo\/ -->\n<title>Desbloqueando el dividendo de la integraci\u00f3n h\u00edbrida<\/title>\n<meta name=\"description\" content=\"APIs modernizadas e integraci\u00f3n h\u00edbrida permiten que la transformaci\u00f3n digital de las compa\u00f1\u00edas avance a ritmo. Nuestra m\u00e1s reciente investigaci\u00f3n revela c\u00f3mo las compa\u00f1\u00edas se mantienen a la cabeza en cuanto a velocidad, agilidad y habilidad de innovar.\" \/>\n<meta name=\"robots\" content=\"index, follow, max-snippet:-1, max-image-preview:large, max-video-preview:-1\" \/>\n<link rel=\"canonical\" href=\"https:\/\/www.capgemini.com\/mx-es\/servicios\/integracion-hibrida\/\" \/>\n<meta property=\"og:locale\" content=\"es_MX\" \/>\n<meta property=\"og:type\" content=\"article\" \/>\n<meta property=\"og:title\" content=\"Desbloqueando el dividendo de la integraci\u00f3n h\u00edbrida\" \/>\n<meta property=\"og:description\" content=\"APIs modernizadas e integraci\u00f3n h\u00edbrida permiten que la transformaci\u00f3n digital de las compa\u00f1\u00edas avance a ritmo. Nuestra m\u00e1s reciente investigaci\u00f3n revela c\u00f3mo las compa\u00f1\u00edas se mantienen a la cabeza en cuanto a velocidad, agilidad y habilidad de innovar.\" \/>\n<meta property=\"og:url\" content=\"https:\/\/www.capgemini.com\/mx-es\/servicios\/integracion-hibrida\/\" \/>\n<meta property=\"og:site_name\" content=\"Capgemini Mexico\" \/>\n<meta property=\"article:modified_time\" content=\"2025-04-03T13:49:28+00:00\" \/>\n<meta property=\"og:image\" content=\"https:\/\/www.capgemini.com\/mx-es\/wp-content\/uploads\/sites\/28\/2023\/02\/services-07_services-cloud.png\" \/>\n\t<meta property=\"og:image:width\" content=\"695\" \/>\n\t<meta property=\"og:image:height\" content=\"695\" \/>\n\t<meta property=\"og:image:type\" content=\"image\/png\" \/>\n<meta name=\"twitter:card\" content=\"summary_large_image\" \/>\n<meta name=\"twitter:label1\" content=\"Est. reading time\" \/>\n\t<meta name=\"twitter:data1\" content=\"2 minutes\" \/>\n<script type=\"application\/ld+json\" class=\"yoast-schema-graph\">{\"@context\":\"https:\/\/schema.org\",\"@graph\":[{\"@type\":\"WebPage\",\"@id\":\"https:\/\/www.capgemini.com\/mx-es\/servicios\/integracion-hibrida\/\",\"url\":\"https:\/\/www.capgemini.com\/mx-es\/servicios\/integracion-hibrida\/\",\"name\":\"Desbloqueando el dividendo de la integraci\u00f3n h\u00edbrida\",\"isPartOf\":{\"@id\":\"https:\/\/www.capgemini.com\/mx-es\/#website\"},\"primaryImageOfPage\":{\"@id\":\"https:\/\/www.capgemini.com\/mx-es\/servicios\/integracion-hibrida\/#primaryimage\"},\"image\":{\"@id\":\"https:\/\/www.capgemini.com\/mx-es\/servicios\/integracion-hibrida\/#primaryimage\"},\"thumbnailUrl\":\"https:\/\/www.capgemini.com\/mx-es\/wp-content\/uploads\/sites\/28\/2023\/02\/services-07_services-cloud.png\",\"datePublished\":\"2023-02-08T09:22:02+00:00\",\"dateModified\":\"2025-04-03T13:49:28+00:00\",\"description\":\"APIs modernizadas e integraci\u00f3n h\u00edbrida permiten que la transformaci\u00f3n digital de las compa\u00f1\u00edas avance a ritmo. Nuestra m\u00e1s reciente investigaci\u00f3n revela c\u00f3mo las compa\u00f1\u00edas se mantienen a la cabeza en cuanto a velocidad, agilidad y habilidad de innovar.\",\"breadcrumb\":{\"@id\":\"https:\/\/www.capgemini.com\/mx-es\/servicios\/integracion-hibrida\/#breadcrumb\"},\"inLanguage\":\"es-MX\",\"potentialAction\":[{\"@type\":\"ReadAction\",\"target\":[\"https:\/\/www.capgemini.com\/mx-es\/servicios\/integracion-hibrida\/\"]}]},{\"@type\":\"ImageObject\",\"inLanguage\":\"es-MX\",\"@id\":\"https:\/\/www.capgemini.com\/mx-es\/servicios\/integracion-hibrida\/#primaryimage\",\"url\":\"https:\/\/www.capgemini.com\/mx-es\/wp-content\/uploads\/sites\/28\/2023\/02\/services-07_services-cloud.png\",\"contentUrl\":\"https:\/\/www.capgemini.com\/mx-es\/wp-content\/uploads\/sites\/28\/2023\/02\/services-07_services-cloud.png\",\"width\":695,\"height\":695},{\"@type\":\"BreadcrumbList\",\"@id\":\"https:\/\/www.capgemini.com\/mx-es\/servicios\/integracion-hibrida\/#breadcrumb\",\"itemListElement\":[{\"@type\":\"ListItem\",\"position\":1,\"name\":\"Home\",\"item\":\"https:\/\/www.capgemini.com\/mx-es\/\"},{\"@type\":\"ListItem\",\"position\":2,\"name\":\"Servicios\",\"item\":\"https:\/\/www.capgemini.com\/mx-es\/servicios\/\"},{\"@type\":\"ListItem\",\"position\":3,\"name\":\"Desbloqueando el dividendo de la integraci\u00f3n h\u00edbrida\"}]},{\"@type\":\"WebSite\",\"@id\":\"https:\/\/www.capgemini.com\/mx-es\/#website\",\"url\":\"https:\/\/www.capgemini.com\/mx-es\/\",\"name\":\"Capgemini Mexico\",\"description\":\"Capgemini\",\"publisher\":{\"@id\":\"https:\/\/www.capgemini.com\/mx-es\/#organization\"},\"potentialAction\":[{\"@type\":\"SearchAction\",\"target\":{\"@type\":\"EntryPoint\",\"urlTemplate\":\"https:\/\/www.capgemini.com\/mx-es\/?s={search_term_string}\"},\"query-input\":\"required name=search_term_string\"}],\"inLanguage\":\"es-MX\"},{\"@type\":\"Organization\",\"@id\":\"https:\/\/www.capgemini.com\/mx-es\/#organization\",\"name\":\"Capgemini Mexico\",\"url\":\"https:\/\/www.capgemini.com\/mx-es\/\",\"logo\":{\"@type\":\"ImageObject\",\"inLanguage\":\"es-MX\",\"@id\":\"https:\/\/www.capgemini.com\/mx-es\/#\/schema\/logo\/image\/\",\"url\":\"https:\/\/www.capgemini.com\/mx-es\/wp-content\/uploads\/sites\/28\/2025\/07\/linkedin_mwo0q6.png\",\"contentUrl\":\"https:\/\/www.capgemini.com\/mx-es\/wp-content\/uploads\/sites\/28\/2025\/07\/linkedin_mwo0q6.png\",\"width\":800,\"height\":800,\"caption\":\"Capgemini Mexico\"},\"image\":{\"@id\":\"https:\/\/www.capgemini.com\/mx-es\/#\/schema\/logo\/image\/\"}}]}<\/script>\n<!-- \/ Yoast SEO Premium plugin. -->","yoast_head_json":{"title":"Desbloqueando el dividendo de la integraci\u00f3n h\u00edbrida","description":"APIs modernizadas e integraci\u00f3n h\u00edbrida permiten que la transformaci\u00f3n digital de las compa\u00f1\u00edas avance a ritmo. Nuestra m\u00e1s reciente investigaci\u00f3n revela c\u00f3mo las compa\u00f1\u00edas se mantienen a la cabeza en cuanto a velocidad, agilidad y habilidad de innovar.","robots":{"index":"index","follow":"follow","max-snippet":"max-snippet:-1","max-image-preview":"max-image-preview:large","max-video-preview":"max-video-preview:-1"},"canonical":"https:\/\/www.capgemini.com\/mx-es\/servicios\/integracion-hibrida\/","og_locale":"es_MX","og_type":"article","og_title":"Desbloqueando el dividendo de la integraci\u00f3n h\u00edbrida","og_description":"APIs modernizadas e integraci\u00f3n h\u00edbrida permiten que la transformaci\u00f3n digital de las compa\u00f1\u00edas avance a ritmo. Nuestra m\u00e1s reciente investigaci\u00f3n revela c\u00f3mo las compa\u00f1\u00edas se mantienen a la cabeza en cuanto a velocidad, agilidad y habilidad de innovar.","og_url":"https:\/\/www.capgemini.com\/mx-es\/servicios\/integracion-hibrida\/","og_site_name":"Capgemini Mexico","article_modified_time":"2025-04-03T13:49:28+00:00","og_image":[{"width":695,"height":695,"url":"https:\/\/www.capgemini.com\/mx-es\/wp-content\/uploads\/sites\/28\/2023\/02\/services-07_services-cloud.png","type":"image\/png"}],"twitter_card":"summary_large_image","twitter_misc":{"Est. reading time":"2 minutes"},"schema":{"@context":"https:\/\/schema.org","@graph":[{"@type":"WebPage","@id":"https:\/\/www.capgemini.com\/mx-es\/servicios\/integracion-hibrida\/","url":"https:\/\/www.capgemini.com\/mx-es\/servicios\/integracion-hibrida\/","name":"Desbloqueando el dividendo de la integraci\u00f3n h\u00edbrida","isPartOf":{"@id":"https:\/\/www.capgemini.com\/mx-es\/#website"},"primaryImageOfPage":{"@id":"https:\/\/www.capgemini.com\/mx-es\/servicios\/integracion-hibrida\/#primaryimage"},"image":{"@id":"https:\/\/www.capgemini.com\/mx-es\/servicios\/integracion-hibrida\/#primaryimage"},"thumbnailUrl":"https:\/\/www.capgemini.com\/mx-es\/wp-content\/uploads\/sites\/28\/2023\/02\/services-07_services-cloud.png","datePublished":"2023-02-08T09:22:02+00:00","dateModified":"2025-04-03T13:49:28+00:00","description":"APIs modernizadas e integraci\u00f3n h\u00edbrida permiten que la transformaci\u00f3n digital de las compa\u00f1\u00edas avance a ritmo. Nuestra m\u00e1s reciente investigaci\u00f3n revela c\u00f3mo las compa\u00f1\u00edas se mantienen a la cabeza en cuanto a velocidad, agilidad y habilidad de innovar.","breadcrumb":{"@id":"https:\/\/www.capgemini.com\/mx-es\/servicios\/integracion-hibrida\/#breadcrumb"},"inLanguage":"es-MX","potentialAction":[{"@type":"ReadAction","target":["https:\/\/www.capgemini.com\/mx-es\/servicios\/integracion-hibrida\/"]}]},{"@type":"ImageObject","inLanguage":"es-MX","@id":"https:\/\/www.capgemini.com\/mx-es\/servicios\/integracion-hibrida\/#primaryimage","url":"https:\/\/www.capgemini.com\/mx-es\/wp-content\/uploads\/sites\/28\/2023\/02\/services-07_services-cloud.png","contentUrl":"https:\/\/www.capgemini.com\/mx-es\/wp-content\/uploads\/sites\/28\/2023\/02\/services-07_services-cloud.png","width":695,"height":695},{"@type":"BreadcrumbList","@id":"https:\/\/www.capgemini.com\/mx-es\/servicios\/integracion-hibrida\/#breadcrumb","itemListElement":[{"@type":"ListItem","position":1,"name":"Home","item":"https:\/\/www.capgemini.com\/mx-es\/"},{"@type":"ListItem","position":2,"name":"Servicios","item":"https:\/\/www.capgemini.com\/mx-es\/servicios\/"},{"@type":"ListItem","position":3,"name":"Desbloqueando el dividendo de la integraci\u00f3n h\u00edbrida"}]},{"@type":"WebSite","@id":"https:\/\/www.capgemini.com\/mx-es\/#website","url":"https:\/\/www.capgemini.com\/mx-es\/","name":"Capgemini Mexico","description":"Capgemini","publisher":{"@id":"https:\/\/www.capgemini.com\/mx-es\/#organization"},"potentialAction":[{"@type":"SearchAction","target":{"@type":"EntryPoint","urlTemplate":"https:\/\/www.capgemini.com\/mx-es\/?s={search_term_string}"},"query-input":"required name=search_term_string"}],"inLanguage":"es-MX"},{"@type":"Organization","@id":"https:\/\/www.capgemini.com\/mx-es\/#organization","name":"Capgemini Mexico","url":"https:\/\/www.capgemini.com\/mx-es\/","logo":{"@type":"ImageObject","inLanguage":"es-MX","@id":"https:\/\/www.capgemini.com\/mx-es\/#\/schema\/logo\/image\/","url":"https:\/\/www.capgemini.com\/mx-es\/wp-content\/uploads\/sites\/28\/2025\/07\/linkedin_mwo0q6.png","contentUrl":"https:\/\/www.capgemini.com\/mx-es\/wp-content\/uploads\/sites\/28\/2025\/07\/linkedin_mwo0q6.png","width":800,"height":800,"caption":"Capgemini Mexico"},"image":{"@id":"https:\/\/www.capgemini.com\/mx-es\/#\/schema\/logo\/image\/"}}]}},"brand_term":[],"parsely":{"version":"1.1.0","canonical_url":"https:\/\/capgemini.com\/mx-es\/servicios\/integracion-hibrida\/","smart_links":{"inbound":0,"outbound":0},"traffic_boost_suggestions_count":0,"meta":{"@context":"https:\/\/schema.org","@type":"WebPage","headline":"Desbloqueando el dividendo de la integraci\u00f3n h\u00edbrida","url":"https:\/\/www.capgemini.com\/mx-es\/servicios\/integracion-hibrida\/","mainEntityOfPage":{"@type":"WebPage","@id":"https:\/\/www.capgemini.com\/mx-es\/servicios\/integracion-hibrida\/"},"thumbnailUrl":"https:\/\/www.capgemini.com\/mx-es\/wp-content\/uploads\/sites\/28\/2023\/02\/services-07_services-cloud.png?w=150&h=150&crop=1","image":{"@type":"ImageObject","url":"https:\/\/www.capgemini.com\/mx-es\/wp-content\/uploads\/sites\/28\/2023\/02\/services-07_services-cloud.png"},"articleSection":"Uncategorized","author":[],"creator":[],"publisher":{"@type":"Organization","name":"Capgemini Mexico","logo":""},"keywords":[],"dateCreated":"2023-02-08T09:22:02Z","datePublished":"2023-02-08T09:22:02Z","dateModified":"2025-04-03T13:49:28Z"},"rendered":"<meta name=\"parsely-title\" content=\"Desbloqueando el dividendo de la integraci\u00f3n h\u00edbrida\" \/>\n<meta name=\"parsely-link\" content=\"https:\/\/www.capgemini.com\/mx-es\/servicios\/integracion-hibrida\/\" \/>\n<meta name=\"parsely-type\" content=\"index\" \/>\n<meta name=\"parsely-image-url\" content=\"https:\/\/www.capgemini.com\/mx-es\/wp-content\/uploads\/sites\/28\/2023\/02\/services-07_services-cloud.png?w=150&amp;h=150&amp;crop=1\" \/>\n<meta name=\"parsely-pub-date\" content=\"2023-02-08T09:22:02Z\" \/>\n<meta name=\"parsely-section\" content=\"Uncategorized\" \/>","tracker_url":"https:\/\/cdn.parsely.com\/keys\/capgemini.com\/p.js"},"archive_status":false,"featured_image_src":"https:\/\/www.capgemini.com\/mx-es\/wp-content\/uploads\/sites\/28\/2023\/02\/services-07_services-cloud.png","featured_image_alt":"","jetpack_sharing_enabled":true,"distributor_meta":false,"distributor_terms":false,"distributor_media":false,"distributor_original_site_name":"Capgemini Mexico","distributor_original_site_url":"https:\/\/www.capgemini.com\/mx-es","push-errors":false,"_links":{"self":[{"href":"https:\/\/www.capgemini.com\/mx-es\/wp-json\/wp\/v2\/pages\/505805","targetHints":{"allow":["GET"]}}],"collection":[{"href":"https:\/\/www.capgemini.com\/mx-es\/wp-json\/wp\/v2\/pages"}],"about":[{"href":"https:\/\/www.capgemini.com\/mx-es\/wp-json\/wp\/v2\/types\/page"}],"author":[{"embeddable":true,"href":"https:\/\/www.capgemini.com\/mx-es\/wp-json\/wp\/v2\/users\/367"}],"replies":[{"embeddable":true,"href":"https:\/\/www.capgemini.com\/mx-es\/wp-json\/wp\/v2\/comments?post=505805"}],"version-history":[{"count":3,"href":"https:\/\/www.capgemini.com\/mx-es\/wp-json\/wp\/v2\/pages\/505805\/revisions"}],"predecessor-version":[{"id":539111,"href":"https:\/\/www.capgemini.com\/mx-es\/wp-json\/wp\/v2\/pages\/505805\/revisions\/539111"}],"up":[{"embeddable":true,"href":"https:\/\/www.capgemini.com\/mx-es\/wp-json\/wp\/v2\/pages\/5801"}],"wp:featuredmedia":[{"embeddable":true,"href":"https:\/\/www.capgemini.com\/mx-es\/wp-json\/wp\/v2\/media\/505807"}],"wp:attachment":[{"href":"https:\/\/www.capgemini.com\/mx-es\/wp-json\/wp\/v2\/media?parent=505805"}],"wp:term":[{"taxonomy":"brand","embeddable":true,"href":"https:\/\/www.capgemini.com\/mx-es\/wp-json\/wp\/v2\/brand?post=505805"},{"taxonomy":"partner_type","embeddable":true,"href":"https:\/\/www.capgemini.com\/mx-es\/wp-json\/wp\/v2\/partner_type?post=505805"},{"taxonomy":"service","embeddable":true,"href":"https:\/\/www.capgemini.com\/mx-es\/wp-json\/wp\/v2\/service?post=505805"},{"taxonomy":"industry","embeddable":true,"href":"https:\/\/www.capgemini.com\/mx-es\/wp-json\/wp\/v2\/industry?post=505805"},{"taxonomy":"partners","embeddable":true,"href":"https:\/\/www.capgemini.com\/mx-es\/wp-json\/wp\/v2\/partners?post=505805"},{"taxonomy":"page-type","embeddable":true,"href":"https:\/\/www.capgemini.com\/mx-es\/wp-json\/wp\/v2\/page-type?post=505805"},{"taxonomy":"content-group","embeddable":true,"href":"https:\/\/www.capgemini.com\/mx-es\/wp-json\/wp\/v2\/content-group?post=505805"}],"curies":[{"name":"wp","href":"https:\/\/api.w.org\/{rel}","templated":true}]}}