{"id":505267,"date":"2023-02-06T16:00:34","date_gmt":"2023-02-06T16:00:34","guid":{"rendered":"https:\/\/www.capgemini.com\/mx-es\/?page_id=505267"},"modified":"2026-01-12T19:35:38","modified_gmt":"2026-01-12T19:35:38","slug":"automation-drive","status":"publish","type":"page","link":"https:\/\/www.capgemini.com\/mx-es\/servicios\/automation-drive\/","title":{"rendered":"Automation drive"},"content":{"rendered":"\n<div class=\"wp-block-cg-blocks-hero-picture-card undefined  heroPictureCard\"><div class=\"heroPictureCardBgs\"><picture><source srcset=\"https:\/\/www.capgemini.com\/mx-es\/wp-content\/uploads\/sites\/28\/2023\/02\/Automation_msg-bldr-banner_750x204px_20170612.webp?w=2880&amp;quality=70 1x, https:\/\/www.capgemini.com\/mx-es\/wp-content\/uploads\/sites\/28\/2023\/02\/Automation_msg-bldr-banner_750x204px_20170612.webp?w=2880&amp;quality=70 2x\" media=\"(min-width: 1500px)\"\/><source srcset=\"https:\/\/www.capgemini.com\/mx-es\/wp-content\/uploads\/sites\/28\/2023\/02\/Automation_msg-bldr-banner_750x204px_20170612.webp?w=1440&amp;quality=70 1x, https:\/\/www.capgemini.com\/mx-es\/wp-content\/uploads\/sites\/28\/2023\/02\/Automation_msg-bldr-banner_750x204px_20170612.webp?w=2880&amp;quality=70 2x\" media=\"(min-width: 992px)\"\/><source srcset=\"https:\/\/www.capgemini.com\/mx-es\/wp-content\/uploads\/sites\/28\/2023\/02\/Automation_msg-bldr-banner_750x204px_20170612.webp?w=1024&amp;quality=70 1x, https:\/\/www.capgemini.com\/mx-es\/wp-content\/uploads\/sites\/28\/2023\/02\/Automation_msg-bldr-banner_750x204px_20170612.webp?w=1024&amp;quality=70 2x\" media=\"(min-width: 768px)\"\/><source srcset=\"https:\/\/www.capgemini.com\/mx-es\/wp-content\/uploads\/sites\/28\/2023\/02\/Automation_msg-bldr-banner_750x204px_20170612.webp?w=768&amp;quality=70 1x, https:\/\/www.capgemini.com\/mx-es\/wp-content\/uploads\/sites\/28\/2023\/02\/Automation_msg-bldr-banner_750x204px_20170612.webp?w=768&amp;quality=70 2x\" media=\"(min-width: 0)\"\/><img decoding=\"async\" src=\"https:\/\/www.capgemini.com\/mx-es\/wp-content\/uploads\/sites\/28\/2023\/02\/Automation_msg-bldr-banner_750x204px_20170612.webp\" class=\"desktopImage\" alt=\"\" style=\"object-fit:cover;object-position:53% 28.000000000000004%\" loading=\"eager\"\/><\/picture><picture><source srcset=\"https:\/\/www.capgemini.com\/mx-es\/wp-content\/uploads\/sites\/28\/2023\/02\/Automation_msg-bldr-banner_750x204px_20170612.webp?w=2880&amp;quality=70 1x, https:\/\/www.capgemini.com\/mx-es\/wp-content\/uploads\/sites\/28\/2023\/02\/Automation_msg-bldr-banner_750x204px_20170612.webp?w=2880&amp;quality=70 2x\" media=\"(min-width: 1500px)\"\/><source srcset=\"https:\/\/www.capgemini.com\/mx-es\/wp-content\/uploads\/sites\/28\/2023\/02\/Automation_msg-bldr-banner_750x204px_20170612.webp?w=1440&amp;quality=70 1x, https:\/\/www.capgemini.com\/mx-es\/wp-content\/uploads\/sites\/28\/2023\/02\/Automation_msg-bldr-banner_750x204px_20170612.webp?w=2880&amp;quality=70 2x\" media=\"(min-width: 992px)\"\/><source srcset=\"https:\/\/www.capgemini.com\/mx-es\/wp-content\/uploads\/sites\/28\/2023\/02\/Automation_msg-bldr-banner_750x204px_20170612.webp?w=1024&amp;quality=70 1x, https:\/\/www.capgemini.com\/mx-es\/wp-content\/uploads\/sites\/28\/2023\/02\/Automation_msg-bldr-banner_750x204px_20170612.webp?w=1024&amp;quality=70 2x\" media=\"(min-width: 768px)\"\/><source srcset=\"https:\/\/www.capgemini.com\/mx-es\/wp-content\/uploads\/sites\/28\/2023\/02\/Automation_msg-bldr-banner_750x204px_20170612.webp?w=768&amp;quality=70 1x, https:\/\/www.capgemini.com\/mx-es\/wp-content\/uploads\/sites\/28\/2023\/02\/Automation_msg-bldr-banner_750x204px_20170612.webp?w=768&amp;quality=70 2x\" media=\"(min-width: 0)\"\/><img decoding=\"async\" src=\"https:\/\/www.capgemini.com\/mx-es\/wp-content\/uploads\/sites\/28\/2023\/02\/Automation_msg-bldr-banner_750x204px_20170612.webp\" class=\"mobileImage\" alt=\"\" style=\"object-fit:cover;object-position:53% 28.000000000000004%\" loading=\"eager\"\/><\/picture><\/div><div class=\"heroPictureCardHeaderShape\"><\/div><div class=\"container\"><div class=\"row\"><div class=\"col-md-8 col-lg-6\"><div class=\"heroPictureCardBox\"><div class=\"heroPictureCardBoxTitle\"><h1 data-maxlength=\"144\">Centro de entrega virtual<\/h1><\/div><\/div><\/div><\/div><\/div><div class=\"small-device\"><div class=\"brandLogoWrapper\"> <\/div><\/div><\/div>\n\n\n\n<section class=\"wp-block-cg-blocks-group undefined section section--article-content\"><div class=\"article-main-content\"><div class=\"container\"><div class=\"row\"><div class=\"col-12 col-md-11 col-lg-10 offset-md-1 offset-lg-1\"><div class=\"article-text article-quote-text\">\n<h3 class=\"wp-block-heading\" id=\"h-capgemini-permite-a-las-organizaciones-integrar-poderosas-herramientas-de-automatizacion-en-cada-proceso-y-aplicacion-para-impulsar-la-competitividad-y-eficiencia\">Capgemini permite a las organizaciones integrar poderosas herramientas de automatizaci\u00f3n en cada proceso y aplicaci\u00f3n para impulsar la competitividad y eficiencia.<\/h3>\n\n\n\n<h4 class=\"wp-block-heading\">Impulse la competitividad en la revoluci\u00f3n digital<\/h4>\n\n\n\n<p>Hoy en d\u00eda, la cantidad de datos expuestos a las organizaciones en el mundo digital est\u00e1 creciendo exponencialmente ya una velocidad cada vez mayor. En esta era de flujo constante de datos a alta velocidad, las formas tradicionales de trabajo ya no son sostenibles.<\/p>\n\n\n\n<p>Con la automatizaci\u00f3n, las organizaciones l\u00edderes est\u00e1n transfiriendo repetitivos procesos funcionales y cognitivos a las m\u00e1quinas, solucionando complejos problemas empresariales a un ritmo y poder que van mucho m\u00e1s all\u00e1 de las capacidades de los seres humanos. Automatizar significa mejorar la productividad, la calidad, la previsibilidad y la agilidad mientras disminuye el tiempo de lanzamiento al mercado \u2013 a un costo reducido para su negocio. Pero la automatizaci\u00f3n es un es algo que las m\u00e1quinas no pueden hacer solas. Capgemini ayuda a las organizaciones a navegar el cambio para orquestar nuevas e innovadoras formas de trabajar para impulsar el crecimiento del negocio.<\/p>\n\n\n\n<h2 class=\"wp-block-heading\">Automation Drive: Su negocio reinventado.<\/h2>\n\n\n\n<p>Automation Drive acepta los desaf\u00edos y proporciona nuevas oportunidades que le permitan a su organizaci\u00f3n para comenzar un nuevo viaje \u2013 repensar y reimaginar la forma de hacer negocios.<\/p>\n\n\n\n<p>Automation Drive de Capgemini ofrece un conjunto unificado, abierto y din\u00e1mico de herramientas, servicios y conocimientos de automatizaci\u00f3n que sirven a su negocio como una fuente de innovaci\u00f3n y valor que evoluciona constantemente.<\/p>\n\n\n\n<h3 class=\"wp-block-heading\">Tres componentes clave de Automation Drive Suite<\/h3>\n\n\n\n<p><strong>Automation Drive Framework<\/strong><\/p>\n\n\n\n<p>Obtenga gu\u00edas \u00fanicas e ideas sobre su estrategia de automatizaci\u00f3n, con un \u00edndice de impulsores de impacto empresarial que ofrezcan: Mejoras en la productividad, mayor calidad, mayor agilidad y mayor rapidez de salida al mercado, todo ello relacionado con el espectro completo de la tecnolog\u00eda de automatizaci\u00f3n. El Automation Drive Framework abarca todo el espectro de lo que la automatizaci\u00f3n puede ofrecer a su negocio, desde servicios de monitoreo, rob\u00f3tica y orquestaci\u00f3n hasta inteligencia artificial avanzada y cognici\u00f3n, junto con servicios completamente aut\u00f3nomos.<\/p>\n\n\n\n<p><strong>Automation Drive Tools &amp; IP<\/strong><\/p>\n\n\n\n<p>Mant\u00e9ngase \u00e1gil y competitivo combinando las herramientas de automatizaci\u00f3n de Capgemini de \u00faltima generaci\u00f3n junto con la mejor tecnolog\u00eda y vigile las principales tendencias en las tecnolog\u00edas de automatizaci\u00f3n que evolucionan r\u00e1pidamente para evaluar y aplicar la herramienta adecuada para el prop\u00f3sito correcto.<\/p>\n\n\n\n<p><strong>Automation Drive Services<\/strong><\/p>\n\n\n\n<p>Enriquezca continuamente su negocio con nuevos servicios innovadores, aporte velocidad y escalabilidad a su cadena de valor de extremo a extremo con an\u00e1lisis y estrategias dise\u00f1adas para fusionar la automatizaci\u00f3n en cada uno de sus procesos de negocio y TI.<\/p>\n\n\n\n<figure class=\"wp-block-image aligncenter\"><img decoding=\"async\" src=\"https:\/\/www.capgemini.com\/mx-es\/wp-content\/uploads\/sites\/24\/2017\/08\/automation-suite.jpg\" alt=\"\"\/><\/figure>\n\n\n\n<h2 class=\"wp-block-heading\">Aproveche un ecosistema de valor continuo para su negocio de un l\u00edder en automatizaci\u00f3n<\/h2>\n\n\n\n<p>Capgemini est\u00e1 a la vanguardia de la tecnolog\u00eda de automatizaci\u00f3n. Reconocemos que para ser verdaderamente exitoso en este \u00e1mbito, su proceso de automatizaci\u00f3n no se trata s\u00f3lo de la evoluci\u00f3n de la tecnolog\u00eda, sino tambi\u00e9n de la evoluci\u00f3n de la confianza. Tenemos un largo historial de entrega de servicios de automatizaci\u00f3n y soluciones a organizaciones con visi\u00f3n a futuro en una amplia gama de industrias y regiones.<\/p>\n\n\n\n<p>Al utilizar el poder de procesamiento de las m\u00e1quinas inteligentes para crear nuevas formas de trabajo, podemos ayudar a las organizaciones a reimaginar su visi\u00f3n empresarial. Un factor importante en nuestra capacidad para ayudar a los clientes en la recreaci\u00f3n de su visi\u00f3n en nuestro constante trabajo para mantenernos por delante de la curva en el \u00e1mbito de la automatizaci\u00f3n.<\/p>\n\n\n\n<section class=\"wp-block-cg-blocks-intro-para-video section section--info-2cols section-invent-info\"><div class=\"container article-text\"><div class=\"video-box\"><div class=\"video-wrapper\"><iframe title=\"video-section\" src=\"https:\/\/www.youtube.com\/embed\/XT2JF-FcD5E?rel=0&amp;modestbranding=1&amp;playsinline=1&amp;enablejsapi=1\" frameborder=\"0\" allow=\"accelerometer; autoplay; clipboard-write; encrypted-media; gyroscope; picture-in-picture\" allowfullscreen loading=\"lazy\" referrerpolicy=\"strict-origin-when-cross-origin\"><\/iframe><\/div><\/div><\/div><\/section>\n\n\n\n<h4 class=\"wp-block-heading\">La metodolog\u00eda detr\u00e1s de la Suite: Unir la Inteligencia Humana y Artificial para transformar completamente su negocio<\/h4>\n\n\n\n<p>Para ayudarle a conceptualizar que tan r\u00e1pida y extensiva puede ser la transformaci\u00f3n de su negocio a trav\u00e9s de la automatizaci\u00f3n, hemos elaborado nuestros cinco sentidos \u00fanicos de la metodolog\u00eda de Inteligencia Artificial.<\/p>\n\n\n\n<p>Esta metodolog\u00eda forma el n\u00facleo de nuestra suite Automation Drive. Juntos, muestran c\u00f3mo la verdadera \u201cinteligencia\u201d dentro de la automatizaci\u00f3n y la Inteligencia Artificial es menos artificial y m\u00e1s natural de lo que se piensa.<\/p>\n\n\n\n<p>Vemos a la Inteligencia Artificial como una combinaci\u00f3n de sentidos, experiencias y conocimiento \u2013 y es primordial que usted busque un proveedor de automatizaci\u00f3n que entienda esto y sepa c\u00f3mo se aplica a sus operaciones.<\/p>\n\n\n\n<p>Los cinco sentidos de la Inteligencia Artificial se combinan para crear una soluci\u00f3n que es similar a nuestra percepci\u00f3n de la inteligencia humana \u2013 esto no se basa en un solo elemento, es una combinaci\u00f3n de sentidos, experiencias y conocimientos.<\/p>\n\n\n\n<h4 class=\"wp-block-heading\">Los cinco sentidos: Actuar, Pensar, Recordar, Ver, y Escuchar\/Hablar<\/h4>\n\n\n\n<p>Los elementos de Inteligencia Artificial de Servicio, An\u00e1lisis, Conocimiento, Monitoreo e Interacci\u00f3n trabajan en conjunto para formar soluciones de automatizaci\u00f3n que entregan experiencias de usuario responsivas, relevantes e intuitivas. Estos atributos son una fusi\u00f3n de procesos y automatizaci\u00f3n inteligentes, y cada uno tiene un sentido humano que le corresponde:<\/p>\n\n\n\n<figure class=\"wp-block-image aligncenter\"><img decoding=\"async\" src=\"https:\/\/www.capgemini.com\/mx-es\/wp-content\/uploads\/sites\/24\/2017\/08\/the_five_senses.jpg\" alt=\"the_five_senses\" class=\"wp-image-19\"\/><\/figure>\n\n\n\n<p><strong>Actuar<\/strong><\/p>\n\n\n\n<p><strong>Servicio \u2013<\/strong>&nbsp;Esta \u00e1rea utiliza la tecnolog\u00eda para completar procesos y tareas. Usted ha visto robots trabajando en una l\u00ednea de montaje, pero ahora estar\u00e1n en su oficina.<\/p>\n\n\n\n<p><strong>Pensar<\/strong><\/p>\n\n\n\n<p><strong>Analizar \u2013&nbsp;<\/strong>Esta es la capacidad de detectar patrones y reconocer las tendencias. Aplica algoritmos al conocimiento para determinar la acci\u00f3n apropiada o predecir consecuencias futuras.<\/p>\n\n\n\n<p><strong>Recordar<\/strong><\/p>\n\n\n\n<p><strong>Conocimiento \u2013<\/strong>&nbsp;Se refiera al poder almacenar y encontrar informaci\u00f3n de forma eficaz dentro de su empresa utilizando componentes como bases de datos y motores de b\u00fasqueda.<\/p>\n\n\n\n<p><strong>Observar<\/strong><\/p>\n\n\n\n<p><strong>Monitorear \u2013<\/strong>&nbsp;Aqu\u00ed la tecnolog\u00eda se utiliza para ver y registrar sus datos de negocios clave. Se utiliza esencialmente para crear conocimiento.<\/p>\n\n\n\n<p><strong>Escuchar\/Hablar<\/strong><\/p>\n\n\n\n<p><strong>Interactuar\u2013<\/strong>&nbsp;Esta es la capacidad de escuchar, leer, hablar, escribir y responder a los usuarios. El objetivo aqu\u00ed es que la tecnolog\u00eda garantice que la interacci\u00f3n se sienta intuitiva y que su cliente est\u00e9 siempre contento, tal como lo es cuando se trata de un representante humano agradable.<\/p>\n\n\n\n<p>Al aprovechar los servicios y capacidades de Automation Drive Suite, encontrar\u00e1 nuevas formas competitivas de hacer de la automatizaci\u00f3n el motor que impulse a su negocio. Juntos podremos:<\/p>\n\n\n\n<ul class=\"wp-block-list\">\n<li>Impulsar un mayor crecimiento con la automatizaci\u00f3n<\/li>\n\n\n\n<li>DImpulsar una mayor eficiencia y capacidad de adaptaci\u00f3n con la tecnolog\u00eda de automatizaci\u00f3n<\/li>\n\n\n\n<li>Crear una mayor agilidad y capacidad de respuesta con la toma de decisiones automatizada<\/li>\n<\/ul>\n<\/div><\/div><\/div><\/div><\/div><\/section>\n","protected":false},"excerpt":{"rendered":"","protected":false},"author":367,"featured_media":505270,"parent":5801,"menu_order":10,"comment_status":"closed","ping_status":"closed","template":"","meta":{"cg_dt_proposed_to":[16],"cg_seo_hreflang_relations":"[]","cg_seo_canonical_relation":"","cg_seo_hreflang_x_default_relation":"{\"uuid\":\"bd9f8dcb-04f7-4f0a-bf3c-7e2fb23d73c4\",\"blogId\":\"\",\"domain\":\"\",\"sitePath\":\"\",\"postLink\":\"\",\"postId\":null,\"isSaved\":false,\"isCrossLink\":false,\"hasCrossLink\":false}","cg_dt_approved_content":true,"cg_dt_mandatory_content":false,"cg_dt_notes":"","cg_dg_source_changed":false,"cg_dt_link_disabled":true,"_yoast_wpseo_primary_brand":"","footnotes":"","featured_focal_points":"","partner_card_description":"","gsap_animation":0},"brand":[],"partner_type":[],"service":[162],"industry":[],"partners":[],"page-type":[183],"content-group":[],"class_list":["post-505267","page","type-page","status-publish","has-post-thumbnail","hentry","service-data-ai","page-type-service"],"yoast_head":"<!-- This site is optimized with the Yoast SEO Premium plugin v22.8 (Yoast SEO v22.8) - https:\/\/yoast.com\/wordpress\/plugins\/seo\/ -->\n<title>Automation Drive | Capgemini<\/title>\n<meta name=\"robots\" content=\"index, follow, max-snippet:-1, max-image-preview:large, max-video-preview:-1\" \/>\n<link rel=\"canonical\" href=\"https:\/\/www.capgemini.com\/mx-es\/servicios\/automation-drive\/\" \/>\n<meta property=\"og:locale\" content=\"es_MX\" \/>\n<meta property=\"og:type\" content=\"article\" \/>\n<meta property=\"og:title\" content=\"Automation drive\" \/>\n<meta property=\"og:url\" content=\"https:\/\/www.capgemini.com\/mx-es\/servicios\/automation-drive\/\" \/>\n<meta property=\"og:site_name\" content=\"Capgemini Mexico\" \/>\n<meta property=\"article:modified_time\" content=\"2026-01-12T19:35:38+00:00\" \/>\n<meta property=\"og:image\" content=\"https:\/\/www.capgemini.com\/mx-es\/wp-content\/uploads\/sites\/28\/2023\/02\/Automation_msg-bldr-banner_750x204px_20170612.webp\" \/>\n\t<meta property=\"og:image:width\" content=\"750\" \/>\n\t<meta property=\"og:image:height\" content=\"204\" \/>\n\t<meta property=\"og:image:type\" content=\"image\/webp\" \/>\n<meta name=\"twitter:card\" content=\"summary_large_image\" \/>\n<meta name=\"twitter:label1\" content=\"Est. reading time\" \/>\n\t<meta name=\"twitter:data1\" content=\"6 minutes\" \/>\n<script type=\"application\/ld+json\" class=\"yoast-schema-graph\">{\"@context\":\"https:\/\/schema.org\",\"@graph\":[{\"@type\":\"WebPage\",\"@id\":\"https:\/\/www.capgemini.com\/mx-es\/servicios\/automation-drive\/\",\"url\":\"https:\/\/www.capgemini.com\/mx-es\/servicios\/automation-drive\/\",\"name\":\"Automation Drive | Capgemini\",\"isPartOf\":{\"@id\":\"https:\/\/www.capgemini.com\/mx-es\/#website\"},\"primaryImageOfPage\":{\"@id\":\"https:\/\/www.capgemini.com\/mx-es\/servicios\/automation-drive\/#primaryimage\"},\"image\":{\"@id\":\"https:\/\/www.capgemini.com\/mx-es\/servicios\/automation-drive\/#primaryimage\"},\"thumbnailUrl\":\"https:\/\/www.capgemini.com\/mx-es\/wp-content\/uploads\/sites\/28\/2023\/02\/Automation_msg-bldr-banner_750x204px_20170612.webp\",\"datePublished\":\"2023-02-06T16:00:34+00:00\",\"dateModified\":\"2026-01-12T19:35:38+00:00\",\"breadcrumb\":{\"@id\":\"https:\/\/www.capgemini.com\/mx-es\/servicios\/automation-drive\/#breadcrumb\"},\"inLanguage\":\"es-MX\",\"potentialAction\":[{\"@type\":\"ReadAction\",\"target\":[\"https:\/\/www.capgemini.com\/mx-es\/servicios\/automation-drive\/\"]}]},{\"@type\":\"ImageObject\",\"inLanguage\":\"es-MX\",\"@id\":\"https:\/\/www.capgemini.com\/mx-es\/servicios\/automation-drive\/#primaryimage\",\"url\":\"https:\/\/www.capgemini.com\/mx-es\/wp-content\/uploads\/sites\/28\/2023\/02\/Automation_msg-bldr-banner_750x204px_20170612.webp\",\"contentUrl\":\"https:\/\/www.capgemini.com\/mx-es\/wp-content\/uploads\/sites\/28\/2023\/02\/Automation_msg-bldr-banner_750x204px_20170612.webp\",\"width\":750,\"height\":204},{\"@type\":\"BreadcrumbList\",\"@id\":\"https:\/\/www.capgemini.com\/mx-es\/servicios\/automation-drive\/#breadcrumb\",\"itemListElement\":[{\"@type\":\"ListItem\",\"position\":1,\"name\":\"Home\",\"item\":\"https:\/\/www.capgemini.com\/mx-es\/\"},{\"@type\":\"ListItem\",\"position\":2,\"name\":\"Servicios\",\"item\":\"https:\/\/www.capgemini.com\/mx-es\/servicios\/\"},{\"@type\":\"ListItem\",\"position\":3,\"name\":\"Automation drive\"}]},{\"@type\":\"WebSite\",\"@id\":\"https:\/\/www.capgemini.com\/mx-es\/#website\",\"url\":\"https:\/\/www.capgemini.com\/mx-es\/\",\"name\":\"Capgemini Mexico\",\"description\":\"Capgemini\",\"publisher\":{\"@id\":\"https:\/\/www.capgemini.com\/mx-es\/#organization\"},\"potentialAction\":[{\"@type\":\"SearchAction\",\"target\":{\"@type\":\"EntryPoint\",\"urlTemplate\":\"https:\/\/www.capgemini.com\/mx-es\/?s={search_term_string}\"},\"query-input\":\"required name=search_term_string\"}],\"inLanguage\":\"es-MX\"},{\"@type\":\"Organization\",\"@id\":\"https:\/\/www.capgemini.com\/mx-es\/#organization\",\"name\":\"Capgemini Mexico\",\"url\":\"https:\/\/www.capgemini.com\/mx-es\/\",\"logo\":{\"@type\":\"ImageObject\",\"inLanguage\":\"es-MX\",\"@id\":\"https:\/\/www.capgemini.com\/mx-es\/#\/schema\/logo\/image\/\",\"url\":\"https:\/\/www.capgemini.com\/mx-es\/wp-content\/uploads\/sites\/28\/2025\/07\/linkedin_mwo0q6.png\",\"contentUrl\":\"https:\/\/www.capgemini.com\/mx-es\/wp-content\/uploads\/sites\/28\/2025\/07\/linkedin_mwo0q6.png\",\"width\":800,\"height\":800,\"caption\":\"Capgemini Mexico\"},\"image\":{\"@id\":\"https:\/\/www.capgemini.com\/mx-es\/#\/schema\/logo\/image\/\"}}]}<\/script>\n<!-- \/ Yoast SEO Premium plugin. -->","yoast_head_json":{"title":"Automation Drive | Capgemini","robots":{"index":"index","follow":"follow","max-snippet":"max-snippet:-1","max-image-preview":"max-image-preview:large","max-video-preview":"max-video-preview:-1"},"canonical":"https:\/\/www.capgemini.com\/mx-es\/servicios\/automation-drive\/","og_locale":"es_MX","og_type":"article","og_title":"Automation drive","og_url":"https:\/\/www.capgemini.com\/mx-es\/servicios\/automation-drive\/","og_site_name":"Capgemini Mexico","article_modified_time":"2026-01-12T19:35:38+00:00","og_image":[{"width":750,"height":204,"url":"https:\/\/www.capgemini.com\/mx-es\/wp-content\/uploads\/sites\/28\/2023\/02\/Automation_msg-bldr-banner_750x204px_20170612.webp","type":"image\/webp"}],"twitter_card":"summary_large_image","twitter_misc":{"Est. reading time":"6 minutes"},"schema":{"@context":"https:\/\/schema.org","@graph":[{"@type":"WebPage","@id":"https:\/\/www.capgemini.com\/mx-es\/servicios\/automation-drive\/","url":"https:\/\/www.capgemini.com\/mx-es\/servicios\/automation-drive\/","name":"Automation Drive | Capgemini","isPartOf":{"@id":"https:\/\/www.capgemini.com\/mx-es\/#website"},"primaryImageOfPage":{"@id":"https:\/\/www.capgemini.com\/mx-es\/servicios\/automation-drive\/#primaryimage"},"image":{"@id":"https:\/\/www.capgemini.com\/mx-es\/servicios\/automation-drive\/#primaryimage"},"thumbnailUrl":"https:\/\/www.capgemini.com\/mx-es\/wp-content\/uploads\/sites\/28\/2023\/02\/Automation_msg-bldr-banner_750x204px_20170612.webp","datePublished":"2023-02-06T16:00:34+00:00","dateModified":"2026-01-12T19:35:38+00:00","breadcrumb":{"@id":"https:\/\/www.capgemini.com\/mx-es\/servicios\/automation-drive\/#breadcrumb"},"inLanguage":"es-MX","potentialAction":[{"@type":"ReadAction","target":["https:\/\/www.capgemini.com\/mx-es\/servicios\/automation-drive\/"]}]},{"@type":"ImageObject","inLanguage":"es-MX","@id":"https:\/\/www.capgemini.com\/mx-es\/servicios\/automation-drive\/#primaryimage","url":"https:\/\/www.capgemini.com\/mx-es\/wp-content\/uploads\/sites\/28\/2023\/02\/Automation_msg-bldr-banner_750x204px_20170612.webp","contentUrl":"https:\/\/www.capgemini.com\/mx-es\/wp-content\/uploads\/sites\/28\/2023\/02\/Automation_msg-bldr-banner_750x204px_20170612.webp","width":750,"height":204},{"@type":"BreadcrumbList","@id":"https:\/\/www.capgemini.com\/mx-es\/servicios\/automation-drive\/#breadcrumb","itemListElement":[{"@type":"ListItem","position":1,"name":"Home","item":"https:\/\/www.capgemini.com\/mx-es\/"},{"@type":"ListItem","position":2,"name":"Servicios","item":"https:\/\/www.capgemini.com\/mx-es\/servicios\/"},{"@type":"ListItem","position":3,"name":"Automation drive"}]},{"@type":"WebSite","@id":"https:\/\/www.capgemini.com\/mx-es\/#website","url":"https:\/\/www.capgemini.com\/mx-es\/","name":"Capgemini Mexico","description":"Capgemini","publisher":{"@id":"https:\/\/www.capgemini.com\/mx-es\/#organization"},"potentialAction":[{"@type":"SearchAction","target":{"@type":"EntryPoint","urlTemplate":"https:\/\/www.capgemini.com\/mx-es\/?s={search_term_string}"},"query-input":"required name=search_term_string"}],"inLanguage":"es-MX"},{"@type":"Organization","@id":"https:\/\/www.capgemini.com\/mx-es\/#organization","name":"Capgemini Mexico","url":"https:\/\/www.capgemini.com\/mx-es\/","logo":{"@type":"ImageObject","inLanguage":"es-MX","@id":"https:\/\/www.capgemini.com\/mx-es\/#\/schema\/logo\/image\/","url":"https:\/\/www.capgemini.com\/mx-es\/wp-content\/uploads\/sites\/28\/2025\/07\/linkedin_mwo0q6.png","contentUrl":"https:\/\/www.capgemini.com\/mx-es\/wp-content\/uploads\/sites\/28\/2025\/07\/linkedin_mwo0q6.png","width":800,"height":800,"caption":"Capgemini Mexico"},"image":{"@id":"https:\/\/www.capgemini.com\/mx-es\/#\/schema\/logo\/image\/"}}]}},"brand_term":[],"parsely":{"version":"1.1.0","canonical_url":"https:\/\/capgemini.com\/mx-es\/servicios\/automation-drive\/","smart_links":{"inbound":0,"outbound":0},"traffic_boost_suggestions_count":0,"meta":{"@context":"https:\/\/schema.org","@type":"WebPage","headline":"Automation drive","url":"https:\/\/www.capgemini.com\/mx-es\/servicios\/automation-drive\/","mainEntityOfPage":{"@type":"WebPage","@id":"https:\/\/www.capgemini.com\/mx-es\/servicios\/automation-drive\/"},"thumbnailUrl":"https:\/\/www.capgemini.com\/mx-es\/wp-content\/uploads\/sites\/28\/2023\/02\/Automation_msg-bldr-banner_750x204px_20170612.webp?w=150&h=150&crop=1","image":{"@type":"ImageObject","url":"https:\/\/www.capgemini.com\/mx-es\/wp-content\/uploads\/sites\/28\/2023\/02\/Automation_msg-bldr-banner_750x204px_20170612.webp"},"articleSection":"Uncategorized","author":[],"creator":[],"publisher":{"@type":"Organization","name":"Capgemini Mexico","logo":""},"keywords":[],"dateCreated":"2023-02-06T16:00:34Z","datePublished":"2023-02-06T16:00:34Z","dateModified":"2026-01-12T19:35:38Z"},"rendered":"<meta name=\"parsely-title\" content=\"Automation drive\" \/>\n<meta name=\"parsely-link\" content=\"https:\/\/www.capgemini.com\/mx-es\/servicios\/automation-drive\/\" \/>\n<meta name=\"parsely-type\" content=\"index\" \/>\n<meta name=\"parsely-image-url\" content=\"https:\/\/www.capgemini.com\/mx-es\/wp-content\/uploads\/sites\/28\/2023\/02\/Automation_msg-bldr-banner_750x204px_20170612.webp?w=150&amp;h=150&amp;crop=1\" \/>\n<meta name=\"parsely-pub-date\" content=\"2023-02-06T16:00:34Z\" \/>\n<meta name=\"parsely-section\" content=\"Uncategorized\" \/>","tracker_url":"https:\/\/cdn.parsely.com\/keys\/capgemini.com\/p.js"},"archive_status":false,"featured_image_src":"https:\/\/www.capgemini.com\/mx-es\/wp-content\/uploads\/sites\/28\/2023\/02\/Automation_msg-bldr-banner_750x204px_20170612.webp","featured_image_alt":"","jetpack_sharing_enabled":true,"distributor_meta":false,"distributor_terms":false,"distributor_media":false,"distributor_original_site_name":"Capgemini Mexico","distributor_original_site_url":"https:\/\/www.capgemini.com\/mx-es","push-errors":false,"_links":{"self":[{"href":"https:\/\/www.capgemini.com\/mx-es\/wp-json\/wp\/v2\/pages\/505267","targetHints":{"allow":["GET"]}}],"collection":[{"href":"https:\/\/www.capgemini.com\/mx-es\/wp-json\/wp\/v2\/pages"}],"about":[{"href":"https:\/\/www.capgemini.com\/mx-es\/wp-json\/wp\/v2\/types\/page"}],"author":[{"embeddable":true,"href":"https:\/\/www.capgemini.com\/mx-es\/wp-json\/wp\/v2\/users\/367"}],"replies":[{"embeddable":true,"href":"https:\/\/www.capgemini.com\/mx-es\/wp-json\/wp\/v2\/comments?post=505267"}],"version-history":[{"count":5,"href":"https:\/\/www.capgemini.com\/mx-es\/wp-json\/wp\/v2\/pages\/505267\/revisions"}],"predecessor-version":[{"id":557689,"href":"https:\/\/www.capgemini.com\/mx-es\/wp-json\/wp\/v2\/pages\/505267\/revisions\/557689"}],"up":[{"embeddable":true,"href":"https:\/\/www.capgemini.com\/mx-es\/wp-json\/wp\/v2\/pages\/5801"}],"wp:featuredmedia":[{"embeddable":true,"href":"https:\/\/www.capgemini.com\/mx-es\/wp-json\/wp\/v2\/media\/505270"}],"wp:attachment":[{"href":"https:\/\/www.capgemini.com\/mx-es\/wp-json\/wp\/v2\/media?parent=505267"}],"wp:term":[{"taxonomy":"brand","embeddable":true,"href":"https:\/\/www.capgemini.com\/mx-es\/wp-json\/wp\/v2\/brand?post=505267"},{"taxonomy":"partner_type","embeddable":true,"href":"https:\/\/www.capgemini.com\/mx-es\/wp-json\/wp\/v2\/partner_type?post=505267"},{"taxonomy":"service","embeddable":true,"href":"https:\/\/www.capgemini.com\/mx-es\/wp-json\/wp\/v2\/service?post=505267"},{"taxonomy":"industry","embeddable":true,"href":"https:\/\/www.capgemini.com\/mx-es\/wp-json\/wp\/v2\/industry?post=505267"},{"taxonomy":"partners","embeddable":true,"href":"https:\/\/www.capgemini.com\/mx-es\/wp-json\/wp\/v2\/partners?post=505267"},{"taxonomy":"page-type","embeddable":true,"href":"https:\/\/www.capgemini.com\/mx-es\/wp-json\/wp\/v2\/page-type?post=505267"},{"taxonomy":"content-group","embeddable":true,"href":"https:\/\/www.capgemini.com\/mx-es\/wp-json\/wp\/v2\/content-group?post=505267"}],"curies":[{"name":"wp","href":"https:\/\/api.w.org\/{rel}","templated":true}]}}