{"id":36730,"date":"2022-09-06T13:56:20","date_gmt":"2022-09-06T11:56:20","guid":{"rendered":"https:\/\/www.capgemini.com\/?page_id=796841"},"modified":"2026-01-12T20:09:43","modified_gmt":"2026-01-12T20:09:43","slug":"operaciones-inteligentes-en-la-nube","status":"publish","type":"page","link":"https:\/\/www.capgemini.com\/mx-es\/solutions\/operaciones-inteligentes-en-la-nube\/","title":{"rendered":"Operaciones inteligentes en la nube"},"content":{"rendered":"\n<header class=\"wp-block-cg-blocks-hero-reusable header heroReusable  \"><div class=\"header-bgs\"><picture><source srcset=\"https:\/\/www.capgemini.com\/wp-content\/uploads\/2022\/09\/Intelligent-cloud-operations-dotcom-banner-2800-X-1800.jpg?w=2880&amp;quality=70 1x, https:\/\/www.capgemini.com\/wp-content\/uploads\/2022\/09\/Intelligent-cloud-operations-dotcom-banner-2800-X-1800.jpg?w=2880&amp;quality=70 2x\" media=\"(min-width: 1500px)\"\/><source srcset=\"https:\/\/www.capgemini.com\/wp-content\/uploads\/2022\/09\/Intelligent-cloud-operations-dotcom-banner-2800-X-1800.jpg?w=1440&amp;quality=70 1x, https:\/\/www.capgemini.com\/wp-content\/uploads\/2022\/09\/Intelligent-cloud-operations-dotcom-banner-2800-X-1800.jpg?w=2880&amp;quality=70 2x\" media=\"(min-width: 992px)\"\/><source srcset=\"https:\/\/www.capgemini.com\/wp-content\/uploads\/2022\/09\/Intelligent-cloud-operations-dotcom-banner-2800-X-1800.jpg?w=1024&amp;quality=70 1x, https:\/\/www.capgemini.com\/wp-content\/uploads\/2022\/09\/Intelligent-cloud-operations-dotcom-banner-2800-X-1800.jpg?w=1024&amp;quality=70 2x\" media=\"(min-width: 768px)\"\/><source srcset=\"https:\/\/www.capgemini.com\/wp-content\/uploads\/2022\/09\/Intelligent-cloud-operations-dotcom-banner-2800-X-1800.jpg?w=768&amp;quality=70 1x, https:\/\/www.capgemini.com\/wp-content\/uploads\/2022\/09\/Intelligent-cloud-operations-dotcom-banner-2800-X-1800.jpg?w=768&amp;quality=70 2x\" media=\"(min-width: 0)\"\/><img decoding=\"async\" src=\"https:\/\/www.capgemini.com\/wp-content\/uploads\/2022\/09\/Intelligent-cloud-operations-dotcom-banner-2800-X-1800.jpg\" class=\"header-img header-img-d\" alt=\"\" style=\"object-fit:cover;object-position:50% 31%\" loading=\"eager\"\/><\/picture><\/div><div class=\"heroPictureCardHeaderShape\"><\/div><div class=\"container\"><div class=\"row\"><div class=\"col-md-12\"><div class=\"box\"><div class=\"boxTagWrapper\"><div class=\"tagInfo\"><div><span class=\"box-tag\">Solution<\/span><\/div><\/div><\/div><div class=\"box-title\"><h1 data-maxlength=\"34\">Operaciones inteligentes en la nube<\/h1><\/div><div class=\"inner-row-insight download-btn\"><div class=\"col-md-4 downloadFiles addPadding\"><a class=\"button-download--small\" type=\"download\" href=\"https:\/\/www.capgemini.com\/wp-content\/uploads\/2022\/09\/Capgemini-Intelligent-Cloud-Operations-Brochure.pdf\" target=\"_blank\" rel=\"noopener noreferrer\" title=\"Abrir en una nueva ventana\"><span>Descargar folleto<\/span><span class=\"type\">731 KB pdf<\/span><\/a><\/div><\/div><\/div><\/div><\/div><\/div><\/header>\n\n\n\n<section class=\"wp-block-cg-blocks-intro-para undefined section section--intro\"><div class=\"intro-para\"><div class=\"container\"><div class=\"row\"><div class=\"col-12 col-md-1\"><nav class=\"article-social\"><ul class=\"social-nav\"><li class=\"ip-order-fb\"><a href=\"https:\/\/www.facebook.com\/sharer\/sharer.php?u=https:\/\/www.capgemini.com\/mx-es\/solutions\/operaciones-inteligentes-en-la-nube\/\" target=\"_blank\" rel=\"noopener noreferrer\" title=\"Abrir en una nueva ventana\"><i aria-hidden=\"true\" class=\"icon-fb\"><\/i><span class=\"sr-only\">Facebook<\/span><\/a><\/li><li class=\"ip-order-li\"><a href=\"https:\/\/www.linkedin.com\/sharing\/share-offsite\/?url=https:\/\/www.capgemini.com\/mx-es\/solutions\/operaciones-inteligentes-en-la-nube\/\" target=\"_blank\" rel=\"noopener noreferrer\" title=\"Abrir en una nueva ventana\"><i aria-hidden=\"true\" class=\"icon-li\"><\/i><span class=\"sr-only\">Linkedin<\/span><\/a><\/li><\/ul><\/nav><\/div><div class=\"col-12 col-md-11 col-lg-10\"><h2 class=\"intro-para-title\">Aplana la burbuja con Capgemini ICON<\/h2><p class=\"intro-para-content\">La transformaci\u00f3n del centro de datos a la nube puede proporcionar una plataforma para la innovaci\u00f3n y la aceleraci\u00f3n, lo que permite un modelo operativo que brinda beneficios a los clientes y empleados en toda la cadena de valor. Las aplicaciones de misi\u00f3n cr\u00edtica a menudo tienen arquitecturas que no se transforman f\u00e1cilmente, as\u00ed como requisitos no funcionales que la nube p\u00fablica suele tener dificultades para cumplir. La regulaci\u00f3n, la jurisdicci\u00f3n de datos, las preocupaciones de seguridad y las arquitecturas monol\u00edticas pueden aumentar el costo y el perfil de riesgo para la transformaci\u00f3n y, en \u00faltima instancia, ahogar el caso comercial. Capgemini ICON cambia estas reglas del juego.<\/p><\/div><\/div><\/div><\/div><\/section>\n\n\n\n<section class=\"wp-block-cg-blocks-intro-para-video section section--info-2cols section--insights section-video \"><div class=\"bg-color video-align-left\"><div class=\"container\"><div class=\"row video-align-right\"><div class=\"col-md-12\"><div class=\"video-align-right row box box--4 box--mini\"><div class=\"col-md-1\"><\/div><div class=\"col-md-8 box-img-wrapper\"><div class=\"video-box\"><div class=\"video-wrapper\"><iframe title=\"video-section\" src=\"https:\/\/www.youtube.com\/embed\/hYb5ZebwiWk?rel=0&amp;modestbranding=1&amp;playsinline=1&amp;enablejsapi=1\" frameborder=\"0\" allow=\"accelerometer; autoplay; clipboard-write; encrypted-media; gyroscope; picture-in-picture\" allowfullscreen loading=\"lazy\" referrerpolicy=\"strict-origin-when-cross-origin\"><\/iframe><\/div><\/div><\/div><div class=\"col-md-3\"><h3 class=\"Video-title\" data-maxlength=\"34\">Nube inteligente<\/h3><div class=\"video-info\"><p data-maxlength=\"68\"><\/p><\/div><\/div><div class=\"col-md-1\"><\/div><\/div><\/div><\/div><\/div><\/div><\/section>\n\n\n\n<section class=\"wp-block-cg-blocks-group undefined section section--article-content\"><div class=\"article-main-content\"><div class=\"container\"><div class=\"row\"><div class=\"col-12 col-md-11 col-lg-10 offset-md-1 offset-lg-1\"><div class=\"article-text article-quote-text\">\n<h4 class=\"wp-block-heading\" id=\"h-icon-de-capgemini-los-beneficios\">ICON de Capgemini: los beneficios<\/h4>\n\n\n\n<p>ICON de Capgemini une Oracle Cloud Infrastructure (OCI) con el enfoque comprobado de Capgemini para brindar transformaci\u00f3n en la nube. Reunimos aceleradores, arquitecturas, patrones y repositorios de c\u00f3digo comprobados para acelerar su traslado a la nube y, al mismo tiempo, reducir la burbuja de costos y riesgos a la que se enfrentan las empresas al migrar cargas de trabajo de misi\u00f3n cr\u00edtica a la nube.<\/p>\n\n\n\n<p>Las capacidades y beneficios principales de ICON incluyen:<\/p>\n\n\n\n<ul class=\"wp-block-list\">\n<li>Centro de datos como c\u00f3digo y facturaci\u00f3n por segundo<\/li>\n\n\n\n<li>Un estado de base de datos Oracle modernizado altamente eficiente y rentable<\/li>\n\n\n\n<li>Reducciones del 50% en el esfuerzo de implementaci\u00f3n de Oracle Applications Unlimited<\/li>\n\n\n\n<li>C\u00f3mputo de alto rendimiento en la nube o ampliable desde el centro de datos<\/li>\n\n\n\n<li>Migraci\u00f3n de VMware a la nube sin modificaciones de VMware<\/li>\n\n\n\n<li>Minimizaci\u00f3n del esfuerzo de redise\u00f1o que normalmente se asocia con la migraci\u00f3n a la nube<\/li>\n\n\n\n<li>Modernizaci\u00f3n de las aplicaciones para aumentar los beneficios en toda la cadena de valor<\/li>\n\n\n\n<li>Desarrollo acelerado nativo de la nube<\/li>\n\n\n\n<li>Integraci\u00f3n con soluciones \u00e1giles y preparadas para el futuro<\/li>\n<\/ul>\n<\/div><\/div><\/div><\/div><\/div><\/section>\n\n\n\n<section class=\"wp-block-cg-blocks-wrapper-partners undefined section section--partners-small\"><div class=\"container\"><div class=\"content-title\"><h2 class=\"partner-heading\">Nuestros socios<\/h2><\/div><div class=\"row\">\n<div class=\"col-6 col-md-4 col-lg-2 small\">\n            <a href=\"https:\/\/www.capgemini.com\/mx-es\/sobre-nosotros\/partnerships\/oracle\/\" class=\"partner-box-title\" aria-label=\"Negocios con imaginaci\u00f3n. Damos forma a la tecnolog\u00eda Oracle para crear soluciones ganadoras.\">\n        <div class=\"partner-box\">\n                                                     <div class=\"partner-box-bottom\">\n                        <img decoding=\"async\" loading=\"lazy\" src=\"https:\/\/www.capgemini.com\/wp-content\/uploads\/2024\/07\/oracle.png?w=350&#038;quality=70\" alt=\"\" class=\"partner-box-logo light\">\n\n                                                    <img decoding=\"async\" loading=\"lazy\" src=\"https:\/\/www.capgemini.com\/mx-es\/wp-content\/uploads\/sites\/28\/2025\/10\/Partners-oracle.png?w=350&#038;quality=70\" alt=\"\" class=\"partner-box-logo dark\">\n\n                            \n                    <\/div>\n                                                    <\/div>\n            <\/a>\n    <\/div>\n\n<\/div><\/div><\/section>\n","protected":false},"excerpt":{"rendered":"","protected":false},"author":33,"featured_media":36731,"parent":0,"menu_order":0,"comment_status":"closed","ping_status":"closed","template":"","meta":{"cg_dt_proposed_to":[16],"cg_seo_hreflang_relations":"[]","cg_seo_canonical_relation":"","cg_seo_hreflang_x_default_relation":"{\"uuid\":\"141cb124-c1b1-4d00-9775-3c3f691e602a\",\"blogId\":\"\",\"domain\":\"\",\"sitePath\":\"\",\"postLink\":\"\",\"postId\":null,\"isSaved\":false,\"isCrossLink\":false,\"hasCrossLink\":false}","cg_dt_approved_content":true,"cg_dt_mandatory_content":false,"cg_dt_notes":"","cg_dg_source_changed":true,"cg_dt_link_disabled":true,"_yoast_wpseo_primary_brand":"","footnotes":"","featured_focal_points":"","partner_card_description":"","gsap_animation":0},"brand":[],"partner_type":[],"service":[],"industry":[],"partners":[92],"page-type":[167],"content-group":[],"class_list":["post-36730","page","type-page","status-publish","has-post-thumbnail","hentry","partners-oracle","page-type-solutions"],"yoast_head":"<!-- This site is optimized with the Yoast SEO Premium plugin v22.8 (Yoast SEO v22.8) - https:\/\/yoast.com\/wordpress\/plugins\/seo\/ -->\n<title>Operaciones Inteligentes en la Nube | Capgemini<\/title>\n<meta name=\"description\" content=\"ICON de Capgemini une Oracle Cloud Infrastructure (OCI) con el enfoque comprobado de Capgemini para brindar transformaci\u00f3n en la nube.\" \/>\n<meta name=\"robots\" content=\"index, follow, max-snippet:-1, max-image-preview:large, max-video-preview:-1\" \/>\n<link rel=\"canonical\" href=\"https:\/\/www.capgemini.com\/mx-es\/solutions\/operaciones-inteligentes-en-la-nube\/\" \/>\n<meta property=\"og:locale\" content=\"es_MX\" \/>\n<meta property=\"og:type\" content=\"article\" \/>\n<meta property=\"og:title\" content=\"Operaciones inteligentes en la nube\" \/>\n<meta property=\"og:description\" content=\"ICON de Capgemini une Oracle Cloud Infrastructure (OCI) con el enfoque comprobado de Capgemini para brindar transformaci\u00f3n en la nube.\" \/>\n<meta property=\"og:url\" content=\"https:\/\/www.capgemini.com\/mx-es\/solutions\/operaciones-inteligentes-en-la-nube\/\" \/>\n<meta property=\"og:site_name\" content=\"Capgemini Mexico\" \/>\n<meta property=\"article:modified_time\" content=\"2026-01-12T20:09:43+00:00\" \/>\n<meta property=\"og:image\" content=\"https:\/\/www.capgemini.com\/mx-es\/wp-content\/uploads\/sites\/28\/2022\/09\/Intelligent-cloud-operations-dotcom-banner-2800-X-1800.jpg\" \/>\n\t<meta property=\"og:image:width\" content=\"2800\" \/>\n\t<meta property=\"og:image:height\" content=\"1800\" \/>\n\t<meta property=\"og:image:type\" content=\"image\/jpeg\" \/>\n<meta name=\"twitter:card\" content=\"summary_large_image\" \/>\n<meta name=\"twitter:label1\" content=\"Est. reading time\" \/>\n\t<meta name=\"twitter:data1\" content=\"2 minutes\" \/>\n<script type=\"application\/ld+json\" class=\"yoast-schema-graph\">{\"@context\":\"https:\/\/schema.org\",\"@graph\":[{\"@type\":\"WebPage\",\"@id\":\"https:\/\/www.capgemini.com\/mx-es\/solutions\/operaciones-inteligentes-en-la-nube\/\",\"url\":\"https:\/\/www.capgemini.com\/mx-es\/solutions\/operaciones-inteligentes-en-la-nube\/\",\"name\":\"Operaciones Inteligentes en la Nube | Capgemini\",\"isPartOf\":{\"@id\":\"https:\/\/www.capgemini.com\/mx-es\/#website\"},\"primaryImageOfPage\":{\"@id\":\"https:\/\/www.capgemini.com\/mx-es\/solutions\/operaciones-inteligentes-en-la-nube\/#primaryimage\"},\"image\":{\"@id\":\"https:\/\/www.capgemini.com\/mx-es\/solutions\/operaciones-inteligentes-en-la-nube\/#primaryimage\"},\"thumbnailUrl\":\"https:\/\/www.capgemini.com\/mx-es\/wp-content\/uploads\/sites\/28\/2022\/09\/Intelligent-cloud-operations-dotcom-banner-2800-X-1800.jpg\",\"datePublished\":\"2022-09-06T11:56:20+00:00\",\"dateModified\":\"2026-01-12T20:09:43+00:00\",\"description\":\"ICON de Capgemini une Oracle Cloud Infrastructure (OCI) con el enfoque comprobado de Capgemini para brindar transformaci\u00f3n en la nube.\",\"breadcrumb\":{\"@id\":\"https:\/\/www.capgemini.com\/mx-es\/solutions\/operaciones-inteligentes-en-la-nube\/#breadcrumb\"},\"inLanguage\":\"es-MX\",\"potentialAction\":[{\"@type\":\"ReadAction\",\"target\":[\"https:\/\/www.capgemini.com\/mx-es\/solutions\/operaciones-inteligentes-en-la-nube\/\"]}]},{\"@type\":\"ImageObject\",\"inLanguage\":\"es-MX\",\"@id\":\"https:\/\/www.capgemini.com\/mx-es\/solutions\/operaciones-inteligentes-en-la-nube\/#primaryimage\",\"url\":\"https:\/\/www.capgemini.com\/mx-es\/wp-content\/uploads\/sites\/28\/2022\/09\/Intelligent-cloud-operations-dotcom-banner-2800-X-1800.jpg\",\"contentUrl\":\"https:\/\/www.capgemini.com\/mx-es\/wp-content\/uploads\/sites\/28\/2022\/09\/Intelligent-cloud-operations-dotcom-banner-2800-X-1800.jpg\",\"width\":2800,\"height\":1800},{\"@type\":\"BreadcrumbList\",\"@id\":\"https:\/\/www.capgemini.com\/mx-es\/solutions\/operaciones-inteligentes-en-la-nube\/#breadcrumb\",\"itemListElement\":[{\"@type\":\"ListItem\",\"position\":1,\"name\":\"Home\",\"item\":\"https:\/\/www.capgemini.com\/mx-es\/\"},{\"@type\":\"ListItem\",\"position\":2,\"name\":\"Operaciones inteligentes en la nube\"}]},{\"@type\":\"WebSite\",\"@id\":\"https:\/\/www.capgemini.com\/mx-es\/#website\",\"url\":\"https:\/\/www.capgemini.com\/mx-es\/\",\"name\":\"Capgemini Mexico\",\"description\":\"Capgemini\",\"publisher\":{\"@id\":\"https:\/\/www.capgemini.com\/mx-es\/#organization\"},\"potentialAction\":[{\"@type\":\"SearchAction\",\"target\":{\"@type\":\"EntryPoint\",\"urlTemplate\":\"https:\/\/www.capgemini.com\/mx-es\/?s={search_term_string}\"},\"query-input\":\"required name=search_term_string\"}],\"inLanguage\":\"es-MX\"},{\"@type\":\"Organization\",\"@id\":\"https:\/\/www.capgemini.com\/mx-es\/#organization\",\"name\":\"Capgemini Mexico\",\"url\":\"https:\/\/www.capgemini.com\/mx-es\/\",\"logo\":{\"@type\":\"ImageObject\",\"inLanguage\":\"es-MX\",\"@id\":\"https:\/\/www.capgemini.com\/mx-es\/#\/schema\/logo\/image\/\",\"url\":\"https:\/\/www.capgemini.com\/mx-es\/wp-content\/uploads\/sites\/28\/2025\/07\/linkedin_mwo0q6.png\",\"contentUrl\":\"https:\/\/www.capgemini.com\/mx-es\/wp-content\/uploads\/sites\/28\/2025\/07\/linkedin_mwo0q6.png\",\"width\":800,\"height\":800,\"caption\":\"Capgemini Mexico\"},\"image\":{\"@id\":\"https:\/\/www.capgemini.com\/mx-es\/#\/schema\/logo\/image\/\"}}]}<\/script>\n<!-- \/ Yoast SEO Premium plugin. -->","yoast_head_json":{"title":"Operaciones Inteligentes en la Nube | Capgemini","description":"ICON de Capgemini une Oracle Cloud Infrastructure (OCI) con el enfoque comprobado de Capgemini para brindar transformaci\u00f3n en la nube.","robots":{"index":"index","follow":"follow","max-snippet":"max-snippet:-1","max-image-preview":"max-image-preview:large","max-video-preview":"max-video-preview:-1"},"canonical":"https:\/\/www.capgemini.com\/mx-es\/solutions\/operaciones-inteligentes-en-la-nube\/","og_locale":"es_MX","og_type":"article","og_title":"Operaciones inteligentes en la nube","og_description":"ICON de Capgemini une Oracle Cloud Infrastructure (OCI) con el enfoque comprobado de Capgemini para brindar transformaci\u00f3n en la nube.","og_url":"https:\/\/www.capgemini.com\/mx-es\/solutions\/operaciones-inteligentes-en-la-nube\/","og_site_name":"Capgemini Mexico","article_modified_time":"2026-01-12T20:09:43+00:00","og_image":[{"width":2800,"height":1800,"url":"https:\/\/www.capgemini.com\/mx-es\/wp-content\/uploads\/sites\/28\/2022\/09\/Intelligent-cloud-operations-dotcom-banner-2800-X-1800.jpg","type":"image\/jpeg"}],"twitter_card":"summary_large_image","twitter_misc":{"Est. reading time":"2 minutes"},"schema":{"@context":"https:\/\/schema.org","@graph":[{"@type":"WebPage","@id":"https:\/\/www.capgemini.com\/mx-es\/solutions\/operaciones-inteligentes-en-la-nube\/","url":"https:\/\/www.capgemini.com\/mx-es\/solutions\/operaciones-inteligentes-en-la-nube\/","name":"Operaciones Inteligentes en la Nube | Capgemini","isPartOf":{"@id":"https:\/\/www.capgemini.com\/mx-es\/#website"},"primaryImageOfPage":{"@id":"https:\/\/www.capgemini.com\/mx-es\/solutions\/operaciones-inteligentes-en-la-nube\/#primaryimage"},"image":{"@id":"https:\/\/www.capgemini.com\/mx-es\/solutions\/operaciones-inteligentes-en-la-nube\/#primaryimage"},"thumbnailUrl":"https:\/\/www.capgemini.com\/mx-es\/wp-content\/uploads\/sites\/28\/2022\/09\/Intelligent-cloud-operations-dotcom-banner-2800-X-1800.jpg","datePublished":"2022-09-06T11:56:20+00:00","dateModified":"2026-01-12T20:09:43+00:00","description":"ICON de Capgemini une Oracle Cloud Infrastructure (OCI) con el enfoque comprobado de Capgemini para brindar transformaci\u00f3n en la nube.","breadcrumb":{"@id":"https:\/\/www.capgemini.com\/mx-es\/solutions\/operaciones-inteligentes-en-la-nube\/#breadcrumb"},"inLanguage":"es-MX","potentialAction":[{"@type":"ReadAction","target":["https:\/\/www.capgemini.com\/mx-es\/solutions\/operaciones-inteligentes-en-la-nube\/"]}]},{"@type":"ImageObject","inLanguage":"es-MX","@id":"https:\/\/www.capgemini.com\/mx-es\/solutions\/operaciones-inteligentes-en-la-nube\/#primaryimage","url":"https:\/\/www.capgemini.com\/mx-es\/wp-content\/uploads\/sites\/28\/2022\/09\/Intelligent-cloud-operations-dotcom-banner-2800-X-1800.jpg","contentUrl":"https:\/\/www.capgemini.com\/mx-es\/wp-content\/uploads\/sites\/28\/2022\/09\/Intelligent-cloud-operations-dotcom-banner-2800-X-1800.jpg","width":2800,"height":1800},{"@type":"BreadcrumbList","@id":"https:\/\/www.capgemini.com\/mx-es\/solutions\/operaciones-inteligentes-en-la-nube\/#breadcrumb","itemListElement":[{"@type":"ListItem","position":1,"name":"Home","item":"https:\/\/www.capgemini.com\/mx-es\/"},{"@type":"ListItem","position":2,"name":"Operaciones inteligentes en la nube"}]},{"@type":"WebSite","@id":"https:\/\/www.capgemini.com\/mx-es\/#website","url":"https:\/\/www.capgemini.com\/mx-es\/","name":"Capgemini Mexico","description":"Capgemini","publisher":{"@id":"https:\/\/www.capgemini.com\/mx-es\/#organization"},"potentialAction":[{"@type":"SearchAction","target":{"@type":"EntryPoint","urlTemplate":"https:\/\/www.capgemini.com\/mx-es\/?s={search_term_string}"},"query-input":"required name=search_term_string"}],"inLanguage":"es-MX"},{"@type":"Organization","@id":"https:\/\/www.capgemini.com\/mx-es\/#organization","name":"Capgemini Mexico","url":"https:\/\/www.capgemini.com\/mx-es\/","logo":{"@type":"ImageObject","inLanguage":"es-MX","@id":"https:\/\/www.capgemini.com\/mx-es\/#\/schema\/logo\/image\/","url":"https:\/\/www.capgemini.com\/mx-es\/wp-content\/uploads\/sites\/28\/2025\/07\/linkedin_mwo0q6.png","contentUrl":"https:\/\/www.capgemini.com\/mx-es\/wp-content\/uploads\/sites\/28\/2025\/07\/linkedin_mwo0q6.png","width":800,"height":800,"caption":"Capgemini Mexico"},"image":{"@id":"https:\/\/www.capgemini.com\/mx-es\/#\/schema\/logo\/image\/"}}]}},"brand_term":[],"parsely":{"version":"1.1.0","canonical_url":"https:\/\/capgemini.com\/mx-es\/solutions\/operaciones-inteligentes-en-la-nube\/","smart_links":{"inbound":0,"outbound":0},"traffic_boost_suggestions_count":0,"meta":{"@context":"https:\/\/schema.org","@type":"WebPage","headline":"Operaciones inteligentes en la nube","url":"https:\/\/www.capgemini.com\/mx-es\/solutions\/operaciones-inteligentes-en-la-nube\/","mainEntityOfPage":{"@type":"WebPage","@id":"https:\/\/www.capgemini.com\/mx-es\/solutions\/operaciones-inteligentes-en-la-nube\/"},"thumbnailUrl":"https:\/\/www.capgemini.com\/mx-es\/wp-content\/uploads\/sites\/28\/2022\/09\/Intelligent-cloud-operations-dotcom-banner-2800-X-1800.jpg?w=150&h=150&crop=1","image":{"@type":"ImageObject","url":"https:\/\/www.capgemini.com\/mx-es\/wp-content\/uploads\/sites\/28\/2022\/09\/Intelligent-cloud-operations-dotcom-banner-2800-X-1800.jpg"},"articleSection":"Uncategorized","author":[],"creator":[],"publisher":{"@type":"Organization","name":"Capgemini Mexico","logo":""},"keywords":[],"dateCreated":"2022-09-06T11:56:20Z","datePublished":"2022-09-06T11:56:20Z","dateModified":"2026-01-12T20:09:43Z"},"rendered":"<meta name=\"parsely-title\" content=\"Operaciones inteligentes en la nube\" \/>\n<meta name=\"parsely-link\" content=\"https:\/\/www.capgemini.com\/mx-es\/solutions\/operaciones-inteligentes-en-la-nube\/\" \/>\n<meta name=\"parsely-type\" content=\"index\" \/>\n<meta name=\"parsely-image-url\" content=\"https:\/\/www.capgemini.com\/mx-es\/wp-content\/uploads\/sites\/28\/2022\/09\/Intelligent-cloud-operations-dotcom-banner-2800-X-1800.jpg?w=150&amp;h=150&amp;crop=1\" \/>\n<meta name=\"parsely-pub-date\" content=\"2022-09-06T11:56:20Z\" \/>\n<meta name=\"parsely-section\" content=\"Uncategorized\" \/>","tracker_url":"https:\/\/cdn.parsely.com\/keys\/capgemini.com\/p.js"},"archive_status":false,"featured_image_src":"https:\/\/www.capgemini.com\/mx-es\/wp-content\/uploads\/sites\/28\/2022\/09\/Intelligent-cloud-operations-dotcom-banner-2800-X-1800.jpg","featured_image_alt":"","jetpack_sharing_enabled":true,"distributor_meta":false,"distributor_terms":false,"distributor_media":false,"distributor_original_site_name":"Capgemini Mexico","distributor_original_site_url":"https:\/\/www.capgemini.com\/mx-es","push-errors":false,"_links":{"self":[{"href":"https:\/\/www.capgemini.com\/mx-es\/wp-json\/wp\/v2\/pages\/36730","targetHints":{"allow":["GET"]}}],"collection":[{"href":"https:\/\/www.capgemini.com\/mx-es\/wp-json\/wp\/v2\/pages"}],"about":[{"href":"https:\/\/www.capgemini.com\/mx-es\/wp-json\/wp\/v2\/types\/page"}],"author":[{"embeddable":true,"href":"https:\/\/www.capgemini.com\/mx-es\/wp-json\/wp\/v2\/users\/33"}],"replies":[{"embeddable":true,"href":"https:\/\/www.capgemini.com\/mx-es\/wp-json\/wp\/v2\/comments?post=36730"}],"version-history":[{"count":6,"href":"https:\/\/www.capgemini.com\/mx-es\/wp-json\/wp\/v2\/pages\/36730\/revisions"}],"predecessor-version":[{"id":557759,"href":"https:\/\/www.capgemini.com\/mx-es\/wp-json\/wp\/v2\/pages\/36730\/revisions\/557759"}],"wp:featuredmedia":[{"embeddable":true,"href":"https:\/\/www.capgemini.com\/mx-es\/wp-json\/wp\/v2\/media\/36731"}],"wp:attachment":[{"href":"https:\/\/www.capgemini.com\/mx-es\/wp-json\/wp\/v2\/media?parent=36730"}],"wp:term":[{"taxonomy":"brand","embeddable":true,"href":"https:\/\/www.capgemini.com\/mx-es\/wp-json\/wp\/v2\/brand?post=36730"},{"taxonomy":"partner_type","embeddable":true,"href":"https:\/\/www.capgemini.com\/mx-es\/wp-json\/wp\/v2\/partner_type?post=36730"},{"taxonomy":"service","embeddable":true,"href":"https:\/\/www.capgemini.com\/mx-es\/wp-json\/wp\/v2\/service?post=36730"},{"taxonomy":"industry","embeddable":true,"href":"https:\/\/www.capgemini.com\/mx-es\/wp-json\/wp\/v2\/industry?post=36730"},{"taxonomy":"partners","embeddable":true,"href":"https:\/\/www.capgemini.com\/mx-es\/wp-json\/wp\/v2\/partners?post=36730"},{"taxonomy":"page-type","embeddable":true,"href":"https:\/\/www.capgemini.com\/mx-es\/wp-json\/wp\/v2\/page-type?post=36730"},{"taxonomy":"content-group","embeddable":true,"href":"https:\/\/www.capgemini.com\/mx-es\/wp-json\/wp\/v2\/content-group?post=36730"}],"curies":[{"name":"wp","href":"https:\/\/api.w.org\/{rel}","templated":true}]}}