{"id":36089,"date":"2023-01-25T08:16:47","date_gmt":"2023-01-25T08:16:47","guid":{"rendered":"https:\/\/www.capgemini.com\/mx-es\/?page_id=36089"},"modified":"2025-04-03T13:58:35","modified_gmt":"2025-04-03T13:58:35","slug":"soluciones-para-la-revolucion-5g-y-edge","status":"publish","type":"page","link":"https:\/\/www.capgemini.com\/mx-es\/servicios\/industria-inteligente\/soluciones-para-la-revolucion-5g-y-edge\/","title":{"rendered":"Soluciones para la revoluci\u00f3n 5G y edge"},"content":{"rendered":"\n<div class=\"wp-block-cg-blocks-hero-picture-card undefined  heroPictureCard is-style-blue-theme\"><div class=\"heroPictureCardBgs\"><picture><source srcset=\"https:\/\/www.capgemini.com\/mx-es\/wp-content\/uploads\/sites\/28\/2023\/01\/5GEdge_Capg-Web-2550x1238_300ppi_v3.webp?w=2880&amp;quality=70 1x, https:\/\/www.capgemini.com\/mx-es\/wp-content\/uploads\/sites\/28\/2023\/01\/5GEdge_Capg-Web-2550x1238_300ppi_v3.webp?w=2880&amp;quality=70 2x\" media=\"(min-width: 1500px)\"\/><source srcset=\"https:\/\/www.capgemini.com\/mx-es\/wp-content\/uploads\/sites\/28\/2023\/01\/5GEdge_Capg-Web-2550x1238_300ppi_v3.webp?w=1440&amp;quality=70 1x, https:\/\/www.capgemini.com\/mx-es\/wp-content\/uploads\/sites\/28\/2023\/01\/5GEdge_Capg-Web-2550x1238_300ppi_v3.webp?w=2880&amp;quality=70 2x\" media=\"(min-width: 992px)\"\/><source srcset=\"https:\/\/www.capgemini.com\/mx-es\/wp-content\/uploads\/sites\/28\/2023\/01\/5GEdge_Capg-Web-2550x1238_300ppi_v3.webp?w=1024&amp;quality=70 1x, https:\/\/www.capgemini.com\/mx-es\/wp-content\/uploads\/sites\/28\/2023\/01\/5GEdge_Capg-Web-2550x1238_300ppi_v3.webp?w=1024&amp;quality=70 2x\" media=\"(min-width: 768px)\"\/><source srcset=\"https:\/\/www.capgemini.com\/mx-es\/wp-content\/uploads\/sites\/28\/2023\/01\/5GEdge_Capg-Web-2550x1238_300ppi_v3.webp?w=768&amp;quality=70 1x, https:\/\/www.capgemini.com\/mx-es\/wp-content\/uploads\/sites\/28\/2023\/01\/5GEdge_Capg-Web-2550x1238_300ppi_v3.webp?w=768&amp;quality=70 2x\" media=\"(min-width: 0)\"\/><img decoding=\"async\" src=\"https:\/\/www.capgemini.com\/mx-es\/wp-content\/uploads\/sites\/28\/2023\/01\/5GEdge_Capg-Web-2550x1238_300ppi_v3.webp\" class=\"desktopImage\" alt=\"\" style=\"object-fit:cover;object-position:27% 43%\" loading=\"eager\"\/><\/picture><picture><source srcset=\"https:\/\/www.capgemini.com\/mx-es\/wp-content\/uploads\/sites\/28\/2023\/01\/5GEdge_Capg-Web-2550x1238_300ppi_v3.webp?w=2880&amp;quality=70 1x, https:\/\/www.capgemini.com\/mx-es\/wp-content\/uploads\/sites\/28\/2023\/01\/5GEdge_Capg-Web-2550x1238_300ppi_v3.webp?w=2880&amp;quality=70 2x\" media=\"(min-width: 1500px)\"\/><source srcset=\"https:\/\/www.capgemini.com\/mx-es\/wp-content\/uploads\/sites\/28\/2023\/01\/5GEdge_Capg-Web-2550x1238_300ppi_v3.webp?w=1440&amp;quality=70 1x, https:\/\/www.capgemini.com\/mx-es\/wp-content\/uploads\/sites\/28\/2023\/01\/5GEdge_Capg-Web-2550x1238_300ppi_v3.webp?w=2880&amp;quality=70 2x\" media=\"(min-width: 992px)\"\/><source srcset=\"https:\/\/www.capgemini.com\/mx-es\/wp-content\/uploads\/sites\/28\/2023\/01\/5GEdge_Capg-Web-2550x1238_300ppi_v3.webp?w=1024&amp;quality=70 1x, https:\/\/www.capgemini.com\/mx-es\/wp-content\/uploads\/sites\/28\/2023\/01\/5GEdge_Capg-Web-2550x1238_300ppi_v3.webp?w=1024&amp;quality=70 2x\" media=\"(min-width: 768px)\"\/><source srcset=\"https:\/\/www.capgemini.com\/mx-es\/wp-content\/uploads\/sites\/28\/2023\/01\/5GEdge_Capg-Web-2550x1238_300ppi_v3.webp?w=768&amp;quality=70 1x, https:\/\/www.capgemini.com\/mx-es\/wp-content\/uploads\/sites\/28\/2023\/01\/5GEdge_Capg-Web-2550x1238_300ppi_v3.webp?w=768&amp;quality=70 2x\" media=\"(min-width: 0)\"\/><img decoding=\"async\" src=\"https:\/\/www.capgemini.com\/mx-es\/wp-content\/uploads\/sites\/28\/2023\/01\/5GEdge_Capg-Web-2550x1238_300ppi_v3.webp\" class=\"mobileImage\" alt=\"\" style=\"object-fit:cover;object-position:27% 43%\" loading=\"eager\"\/><\/picture><\/div><div class=\"heroPictureCardHeaderShape\"><\/div><div class=\"container\"><div class=\"row\"><div class=\"col-md-8 col-lg-6\"><div class=\"heroPictureCardBox\"><div class=\"heroPictureCardBoxTitle\"><h1 data-maxlength=\"144\">Soluciones para la revoluci\u00f3n 5G y edge<\/h1><\/div><\/div><\/div><\/div><\/div><div class=\"small-device\"><div class=\"brandLogoWrapper\"> <\/div><\/div><\/div>\n\n\n\n<section class=\"wp-block-cg-blocks-group undefined section section--article-content\"><div class=\"article-main-content\"><div class=\"container\"><div class=\"row\"><div class=\"col-12 col-md-11 col-lg-10 offset-md-1 offset-lg-1\"><div class=\"article-text article-quote-text\">\n<p>Dos de las tecnolog\u00edas clave que est\u00e1n impulsando la industria inteligente, 5G y Edge Computing, tendr\u00e1n un impacto radical en las industrias, transformando las operaciones e impulsando la innovaci\u00f3n de formas que ni siquiera podemos imaginar todav\u00eda.<\/p>\n\n\n\n<p>Capgemini, un orgulloso l\u00edder en Everest Group PEAK Matrix\u00ae para servicios de ingenier\u00eda 5G, lo ayudar\u00e1 a aprovechar las oportunidades y superar los desaf\u00edos que se avecinan con esta revoluci\u00f3n, a trav\u00e9s de consultor\u00eda tecnol\u00f3gica, experiencia en ingenier\u00eda y tecnolog\u00eda de la informaci\u00f3n (TI), tecnolog\u00eda operativa (OT) y capacidades de integraci\u00f3n de red en este ecosistema emergente.<\/p>\n\n\n\n<div class=\"wp-block-buttons is-layout-flex wp-block-buttons-is-layout-flex\">\n<div class=\"wp-block-button\"><a class=\"wp-block-button__link wp-element-button\" href=\"https:\/\/www.capgemini.com\/wp-content\/uploads\/2020\/10\/CapgeminiAltran_II_Brochures_5G-EDGE_ALL-INDUSTRIES.pdf\">5G y Edge para industrias<\/a><\/div>\n<\/div>\n\n\n\n<div style=\"height:56px\" aria-hidden=\"true\" class=\"wp-block-spacer\"><\/div>\n\n\n\n<div class=\"wp-block-buttons is-layout-flex wp-block-buttons-is-layout-flex\">\n<div class=\"wp-block-button\"><a class=\"wp-block-button__link wp-element-button\" href=\"https:\/\/www.capgemini.com\/wp-content\/uploads\/2020\/10\/CapgeminiAltran_II_Brochures_5G-EDGE_CSP.pdf\">5G y Edge para CSPs<\/a><\/div>\n<\/div>\n\n\n\n<p><\/p>\n\n\n\n<h2 class=\"wp-block-heading\" id=\"h-la-innovacion-5g-y-edge-computing-transformaran-todas-las-industrias\">La innovaci\u00f3n 5G y Edge Computing transformar\u00e1n todas las industrias<\/h2>\n\n\n\n<p>La innovaci\u00f3n 5G y Edge Computing son la base de la transformaci\u00f3n basada en datos. Cambiar\u00e1n la forma en que todos (empresas, gobiernos y consumidores) interact\u00faan y hacen negocios, lo que dar\u00e1 lugar a innovaciones y servicios innovadores.<\/p>\n\n\n\n<p>En todos los sectores industriales, las empresas se encuentran en medio de una transformaci\u00f3n digital, utilizando datos para desbloquear la eficiencia y la innovaci\u00f3n. Esto significa que poder conectar dispositivos, recopilar y explotar estos datos se est\u00e1 volviendo cr\u00edtico para el negocio.<\/p>\n\n\n\n<p>Lea nuestra nueva investigaci\u00f3n sobre 5G y Edge para descubrir qui\u00e9n lidera el juego en estos primeros d\u00edas de adopci\u00f3n industrial de 5G:<\/p>\n\n\n\n<p>5G, el nuevo est\u00e1ndar global de comunicaciones celulares trae un cambio radical en la conectividad que ahora es posible para los usuarios finales y el Internet de las cosas (IoT). Ofrece mayores velocidades y capacidad, menor latencia y m\u00e1s confiabilidad. Esto, a su vez, allana el camino para muchos m\u00e1s casos de uso innovadores, como robots, m\u00e1quinas automatizadas, mayor automatizaci\u00f3n de f\u00e1bricas, realidad aumentada y virtual, entregados a escala y de manera rentable, a trav\u00e9s de una red multiprop\u00f3sito de flexibilidad sin precedentes.<\/p>\n\n\n\n<p>Edge Computing transformar\u00e1 la forma en que se dise\u00f1an los objetos conectados, al poner el poder de procesamiento para una gran cantidad de dispositivos en la infraestructura que nos rodea. Cualquier producto o activo puede volverse inteligente al instante, acercando las aplicaciones en la nube al dispositivo, optimizando el rendimiento y la experiencia del servicio.<\/p>\n\n\n\n<figure class=\"wp-block-image size-large\"><img loading=\"lazy\" decoding=\"async\" height=\"493\" width=\"1024\" src=\"https:\/\/www.capgemini.com\/mx-es\/wp-content\/uploads\/sites\/28\/2023\/01\/5GandEdge_Infographic.png?w=960\" alt=\"\" class=\"wp-image-36096\" srcset=\"https:\/\/www.capgemini.com\/mx-es\/wp-content\/uploads\/sites\/28\/2023\/01\/5GandEdge_Infographic.png 3833w, https:\/\/www.capgemini.com\/mx-es\/wp-content\/uploads\/sites\/28\/2023\/01\/5GandEdge_Infographic.png?resize=300,145 300w, https:\/\/www.capgemini.com\/mx-es\/wp-content\/uploads\/sites\/28\/2023\/01\/5GandEdge_Infographic.png?resize=768,370 768w, https:\/\/www.capgemini.com\/mx-es\/wp-content\/uploads\/sites\/28\/2023\/01\/5GandEdge_Infographic.png?resize=1024,493 1024w, https:\/\/www.capgemini.com\/mx-es\/wp-content\/uploads\/sites\/28\/2023\/01\/5GandEdge_Infographic.png?resize=1536,740 1536w, https:\/\/www.capgemini.com\/mx-es\/wp-content\/uploads\/sites\/28\/2023\/01\/5GandEdge_Infographic.png?resize=2048,987 2048w\" sizes=\"auto, (max-width: 1024px) 100vw, 1024px\" \/><\/figure>\n\n\n\n<h2 class=\"wp-block-heading\" id=\"h-5g-y-edge-para-proveedores-de-servicios-de-comunicaciones\">5G y Edge para proveedores de servicios de comunicaciones<\/h2>\n\n\n\n<p>Para los proveedores de servicios de comunicaciones (CSP), 5G permite una infraestructura escalable y preparada para el futuro que puede albergar casos de uso muy diferentes. Permite la creaci\u00f3n de redes a medida que pueden satisfacer los diferentes requisitos de conectividad de los consumidores, as\u00ed como muchos sectores industriales diferentes, que se pueden actualizar de forma m\u00e1s r\u00e1pida y rentable. Y al estar impulsada por software, la infraestructura 5G es muy \u00e1gil con orquestaci\u00f3n sin intervenci\u00f3n.<\/p>\n\n\n\n<p>La infraestructura Telco Edge tambi\u00e9n es una palanca de optimizaci\u00f3n de red para los CSP y una oportunidad para ofrecer servicios de nube distribuidos a jugadores empresariales y proveedores de aplicaciones de terceros. Con la potencia inform\u00e1tica mucho m\u00e1s cerca de donde se generan los datos, habr\u00e1 una latencia casi nula en la conexi\u00f3n y el procesamiento, lo que ofrece una oportunidad clave de monetizaci\u00f3n para los CSP.<\/p>\n\n\n\n<p>Fundamentalmente, la computaci\u00f3n en la nube Edge es una tecnolog\u00eda radicalmente habilitadora que tiene aplicaciones ilimitadas e impulsar\u00e1 servicios y experiencias mucho m\u00e1s inmersivos e interactivos.<\/p>\n\n\n\n<h2 class=\"wp-block-heading\" id=\"h-por-que-capgemini\"><strong>\u00bfPor qu\u00e9 Capgemini?<\/strong><\/h2>\n\n\n\n<p>Capgemini tiene la profundidad y la amplitud de la experiencia en TI y redes para dise\u00f1ar e implementar su soluci\u00f3n 5G y Edge de manera r\u00e1pida, rentable y a escala.<\/p>\n\n\n\n<p>Combinamos experiencia en tecnolog\u00eda con profundas habilidades de ingenier\u00eda en TI, OT y redes. Y debido a que conocemos la tecnolog\u00eda y c\u00f3mo aplicarla, podemos ayudar a los clientes durante todo el camino a trav\u00e9s de su transformaci\u00f3n 5G y Edge. Y tambi\u00e9n estamos profundamente integrados en el ecosistema 5G y Edge en evoluci\u00f3n.<\/p>\n\n\n\n<p>Reunimos la tecnolog\u00eda, la integraci\u00f3n de sistemas y la experiencia en ingenier\u00eda para ayudarlo a realizar las inversiones adecuadas en la base de su transformaci\u00f3n basada en datos y monetizarlas.<\/p>\n\n\n\n<p>Ofrecemos esto a trav\u00e9s de nuestras ofertas de servicios clave, que lo ayudar\u00e1n a dise\u00f1ar estrategias, construir, transformar y brindar valor comercial con 5G y Edge:<\/p>\n\n\n\n<ul class=\"wp-block-list\">\n<li>Plan &amp; Estrategia \u2013 Transformaci\u00f3n Digital<\/li>\n\n\n\n<li>Infraestructura de red abierta 5G<\/li>\n\n\n\n<li>Plataformas de Servicios Estrat\u00e9gicos<\/li>\n\n\n\n<li>Casos de uso y aplicaciones<\/li>\n\n\n\n<li>Orquestaci\u00f3n e integraci\u00f3n de ecosistemas<\/li>\n\n\n\n<li>Servicios operativos y empresariales de extremo a extremo 5G.<\/li>\n<\/ul>\n\n\n\n<p><strong>Con esto su compa\u00f1\u00eda podr\u00e1 estar listo para cumplir la promesa de la industria inteligente, impulsada por datos.<\/strong><\/p>\n\n\n\n<figure class=\"wp-block-image\"><img decoding=\"async\" src=\"https:\/\/www.capgemini.com\/wp-content\/uploads\/2020\/10\/YouTube-List-Screenshot-2021-03-12-100133.png?w=960\" alt=\"\" class=\"wp-image-565338\"\/><\/figure>\n\n\n\n<p><a href=\"https:\/\/www.youtube.com\/playlist?list=PLTMJrcAa63dcJDiHqpqa89DGG5DdVE5RF\"><\/a><\/p>\n\n\n\n<p><strong>Haga clic en la imagen para ver la lista de reproducci\u00f3n completa<\/strong>.<\/p>\n<\/div><\/div><\/div><\/div><\/div><\/section>\n","protected":false},"excerpt":{"rendered":"","protected":false},"author":367,"featured_media":0,"parent":5564,"menu_order":3,"comment_status":"closed","ping_status":"closed","template":"","meta":{"cg_dt_proposed_to":[16],"cg_seo_hreflang_relations":"[]","cg_seo_canonical_relation":"","cg_seo_hreflang_x_default_relation":"{\"uuid\":\"94184c6f-3f7c-48bb-9ed0-c3e48bf0361f\",\"blogId\":\"\",\"domain\":\"\",\"sitePath\":\"\",\"postLink\":\"\",\"postId\":null,\"isSaved\":false,\"isCrossLink\":false,\"hasCrossLink\":false}","cg_dt_approved_content":true,"cg_dt_mandatory_content":false,"cg_dt_notes":"","cg_dg_source_changed":false,"cg_dt_link_disabled":true,"_yoast_wpseo_primary_brand":"","footnotes":"","featured_focal_points":"","partner_card_description":"","gsap_animation":0},"brand":[],"partner_type":[],"service":[105],"industry":[],"partners":[],"page-type":[183],"content-group":[],"class_list":["post-36089","page","type-page","status-publish","hentry","service-intelligent-industry","page-type-service"],"yoast_head":"<!-- This site is optimized with the Yoast SEO Premium plugin v22.8 (Yoast SEO v22.8) - https:\/\/yoast.com\/wordpress\/plugins\/seo\/ -->\n<title>Soluciones para la revoluci\u00f3n 5G y Edge | Capgemini<\/title>\n<meta name=\"robots\" content=\"index, follow, max-snippet:-1, max-image-preview:large, max-video-preview:-1\" \/>\n<link rel=\"canonical\" href=\"https:\/\/www.capgemini.com\/mx-es\/servicios\/industria-inteligente\/soluciones-para-la-revolucion-5g-y-edge\/\" \/>\n<meta property=\"og:locale\" content=\"es_MX\" \/>\n<meta property=\"og:type\" content=\"article\" \/>\n<meta property=\"og:title\" content=\"Soluciones para la revoluci\u00f3n 5G y edge\" \/>\n<meta property=\"og:url\" content=\"https:\/\/www.capgemini.com\/mx-es\/servicios\/industria-inteligente\/soluciones-para-la-revolucion-5g-y-edge\/\" \/>\n<meta property=\"og:site_name\" content=\"Capgemini Mexico\" \/>\n<meta property=\"article:modified_time\" content=\"2025-04-03T13:58:35+00:00\" \/>\n<meta property=\"og:image\" content=\"https:\/\/www.capgemini.com\/mx-es\/wp-content\/uploads\/sites\/28\/2023\/01\/5GEdge_Capg-Web-2550x1238_300ppi_v3.webp\" \/>\n<meta name=\"twitter:card\" content=\"summary_large_image\" \/>\n<meta name=\"twitter:label1\" content=\"Est. reading time\" \/>\n\t<meta name=\"twitter:data1\" content=\"5 minutes\" \/>\n<script type=\"application\/ld+json\" class=\"yoast-schema-graph\">{\"@context\":\"https:\/\/schema.org\",\"@graph\":[{\"@type\":\"WebPage\",\"@id\":\"https:\/\/www.capgemini.com\/mx-es\/servicios\/industria-inteligente\/soluciones-para-la-revolucion-5g-y-edge\/\",\"url\":\"https:\/\/www.capgemini.com\/mx-es\/servicios\/industria-inteligente\/soluciones-para-la-revolucion-5g-y-edge\/\",\"name\":\"Soluciones para la revoluci\u00f3n 5G y Edge | Capgemini\",\"isPartOf\":{\"@id\":\"https:\/\/www.capgemini.com\/mx-es\/#website\"},\"primaryImageOfPage\":{\"@id\":\"https:\/\/www.capgemini.com\/mx-es\/servicios\/industria-inteligente\/soluciones-para-la-revolucion-5g-y-edge\/#primaryimage\"},\"image\":{\"@id\":\"https:\/\/www.capgemini.com\/mx-es\/servicios\/industria-inteligente\/soluciones-para-la-revolucion-5g-y-edge\/#primaryimage\"},\"thumbnailUrl\":\"https:\/\/www.capgemini.com\/mx-es\/wp-content\/uploads\/sites\/28\/2023\/01\/5GEdge_Capg-Web-2550x1238_300ppi_v3.webp\",\"datePublished\":\"2023-01-25T08:16:47+00:00\",\"dateModified\":\"2025-04-03T13:58:35+00:00\",\"breadcrumb\":{\"@id\":\"https:\/\/www.capgemini.com\/mx-es\/servicios\/industria-inteligente\/soluciones-para-la-revolucion-5g-y-edge\/#breadcrumb\"},\"inLanguage\":\"es-MX\",\"potentialAction\":[{\"@type\":\"ReadAction\",\"target\":[\"https:\/\/www.capgemini.com\/mx-es\/servicios\/industria-inteligente\/soluciones-para-la-revolucion-5g-y-edge\/\"]}]},{\"@type\":\"ImageObject\",\"inLanguage\":\"es-MX\",\"@id\":\"https:\/\/www.capgemini.com\/mx-es\/servicios\/industria-inteligente\/soluciones-para-la-revolucion-5g-y-edge\/#primaryimage\",\"url\":\"https:\/\/www.capgemini.com\/mx-es\/wp-content\/uploads\/sites\/28\/2023\/01\/5GEdge_Capg-Web-2550x1238_300ppi_v3.webp\",\"contentUrl\":\"https:\/\/www.capgemini.com\/mx-es\/wp-content\/uploads\/sites\/28\/2023\/01\/5GEdge_Capg-Web-2550x1238_300ppi_v3.webp\"},{\"@type\":\"BreadcrumbList\",\"@id\":\"https:\/\/www.capgemini.com\/mx-es\/servicios\/industria-inteligente\/soluciones-para-la-revolucion-5g-y-edge\/#breadcrumb\",\"itemListElement\":[{\"@type\":\"ListItem\",\"position\":1,\"name\":\"Home\",\"item\":\"https:\/\/www.capgemini.com\/mx-es\/\"},{\"@type\":\"ListItem\",\"position\":2,\"name\":\"Servicios\",\"item\":\"https:\/\/www.capgemini.com\/mx-es\/servicios\/\"},{\"@type\":\"ListItem\",\"position\":3,\"name\":\"Industria Inteligente\",\"item\":\"https:\/\/www.capgemini.com\/mx-es\/servicios\/industria-inteligente\/\"},{\"@type\":\"ListItem\",\"position\":4,\"name\":\"Soluciones para la revoluci\u00f3n 5G y edge\"}]},{\"@type\":\"WebSite\",\"@id\":\"https:\/\/www.capgemini.com\/mx-es\/#website\",\"url\":\"https:\/\/www.capgemini.com\/mx-es\/\",\"name\":\"Capgemini Mexico\",\"description\":\"Capgemini\",\"publisher\":{\"@id\":\"https:\/\/www.capgemini.com\/mx-es\/#organization\"},\"potentialAction\":[{\"@type\":\"SearchAction\",\"target\":{\"@type\":\"EntryPoint\",\"urlTemplate\":\"https:\/\/www.capgemini.com\/mx-es\/?s={search_term_string}\"},\"query-input\":\"required name=search_term_string\"}],\"inLanguage\":\"es-MX\"},{\"@type\":\"Organization\",\"@id\":\"https:\/\/www.capgemini.com\/mx-es\/#organization\",\"name\":\"Capgemini Mexico\",\"url\":\"https:\/\/www.capgemini.com\/mx-es\/\",\"logo\":{\"@type\":\"ImageObject\",\"inLanguage\":\"es-MX\",\"@id\":\"https:\/\/www.capgemini.com\/mx-es\/#\/schema\/logo\/image\/\",\"url\":\"https:\/\/www.capgemini.com\/mx-es\/wp-content\/uploads\/sites\/28\/2025\/07\/linkedin_mwo0q6.png\",\"contentUrl\":\"https:\/\/www.capgemini.com\/mx-es\/wp-content\/uploads\/sites\/28\/2025\/07\/linkedin_mwo0q6.png\",\"width\":800,\"height\":800,\"caption\":\"Capgemini Mexico\"},\"image\":{\"@id\":\"https:\/\/www.capgemini.com\/mx-es\/#\/schema\/logo\/image\/\"}}]}<\/script>\n<!-- \/ Yoast SEO Premium plugin. -->","yoast_head_json":{"title":"Soluciones para la revoluci\u00f3n 5G y Edge | Capgemini","robots":{"index":"index","follow":"follow","max-snippet":"max-snippet:-1","max-image-preview":"max-image-preview:large","max-video-preview":"max-video-preview:-1"},"canonical":"https:\/\/www.capgemini.com\/mx-es\/servicios\/industria-inteligente\/soluciones-para-la-revolucion-5g-y-edge\/","og_locale":"es_MX","og_type":"article","og_title":"Soluciones para la revoluci\u00f3n 5G y edge","og_url":"https:\/\/www.capgemini.com\/mx-es\/servicios\/industria-inteligente\/soluciones-para-la-revolucion-5g-y-edge\/","og_site_name":"Capgemini Mexico","article_modified_time":"2025-04-03T13:58:35+00:00","og_image":[{"url":"https:\/\/www.capgemini.com\/mx-es\/wp-content\/uploads\/sites\/28\/2023\/01\/5GEdge_Capg-Web-2550x1238_300ppi_v3.webp"}],"twitter_card":"summary_large_image","twitter_misc":{"Est. reading time":"5 minutes"},"schema":{"@context":"https:\/\/schema.org","@graph":[{"@type":"WebPage","@id":"https:\/\/www.capgemini.com\/mx-es\/servicios\/industria-inteligente\/soluciones-para-la-revolucion-5g-y-edge\/","url":"https:\/\/www.capgemini.com\/mx-es\/servicios\/industria-inteligente\/soluciones-para-la-revolucion-5g-y-edge\/","name":"Soluciones para la revoluci\u00f3n 5G y Edge | Capgemini","isPartOf":{"@id":"https:\/\/www.capgemini.com\/mx-es\/#website"},"primaryImageOfPage":{"@id":"https:\/\/www.capgemini.com\/mx-es\/servicios\/industria-inteligente\/soluciones-para-la-revolucion-5g-y-edge\/#primaryimage"},"image":{"@id":"https:\/\/www.capgemini.com\/mx-es\/servicios\/industria-inteligente\/soluciones-para-la-revolucion-5g-y-edge\/#primaryimage"},"thumbnailUrl":"https:\/\/www.capgemini.com\/mx-es\/wp-content\/uploads\/sites\/28\/2023\/01\/5GEdge_Capg-Web-2550x1238_300ppi_v3.webp","datePublished":"2023-01-25T08:16:47+00:00","dateModified":"2025-04-03T13:58:35+00:00","breadcrumb":{"@id":"https:\/\/www.capgemini.com\/mx-es\/servicios\/industria-inteligente\/soluciones-para-la-revolucion-5g-y-edge\/#breadcrumb"},"inLanguage":"es-MX","potentialAction":[{"@type":"ReadAction","target":["https:\/\/www.capgemini.com\/mx-es\/servicios\/industria-inteligente\/soluciones-para-la-revolucion-5g-y-edge\/"]}]},{"@type":"ImageObject","inLanguage":"es-MX","@id":"https:\/\/www.capgemini.com\/mx-es\/servicios\/industria-inteligente\/soluciones-para-la-revolucion-5g-y-edge\/#primaryimage","url":"https:\/\/www.capgemini.com\/mx-es\/wp-content\/uploads\/sites\/28\/2023\/01\/5GEdge_Capg-Web-2550x1238_300ppi_v3.webp","contentUrl":"https:\/\/www.capgemini.com\/mx-es\/wp-content\/uploads\/sites\/28\/2023\/01\/5GEdge_Capg-Web-2550x1238_300ppi_v3.webp"},{"@type":"BreadcrumbList","@id":"https:\/\/www.capgemini.com\/mx-es\/servicios\/industria-inteligente\/soluciones-para-la-revolucion-5g-y-edge\/#breadcrumb","itemListElement":[{"@type":"ListItem","position":1,"name":"Home","item":"https:\/\/www.capgemini.com\/mx-es\/"},{"@type":"ListItem","position":2,"name":"Servicios","item":"https:\/\/www.capgemini.com\/mx-es\/servicios\/"},{"@type":"ListItem","position":3,"name":"Industria Inteligente","item":"https:\/\/www.capgemini.com\/mx-es\/servicios\/industria-inteligente\/"},{"@type":"ListItem","position":4,"name":"Soluciones para la revoluci\u00f3n 5G y edge"}]},{"@type":"WebSite","@id":"https:\/\/www.capgemini.com\/mx-es\/#website","url":"https:\/\/www.capgemini.com\/mx-es\/","name":"Capgemini Mexico","description":"Capgemini","publisher":{"@id":"https:\/\/www.capgemini.com\/mx-es\/#organization"},"potentialAction":[{"@type":"SearchAction","target":{"@type":"EntryPoint","urlTemplate":"https:\/\/www.capgemini.com\/mx-es\/?s={search_term_string}"},"query-input":"required name=search_term_string"}],"inLanguage":"es-MX"},{"@type":"Organization","@id":"https:\/\/www.capgemini.com\/mx-es\/#organization","name":"Capgemini Mexico","url":"https:\/\/www.capgemini.com\/mx-es\/","logo":{"@type":"ImageObject","inLanguage":"es-MX","@id":"https:\/\/www.capgemini.com\/mx-es\/#\/schema\/logo\/image\/","url":"https:\/\/www.capgemini.com\/mx-es\/wp-content\/uploads\/sites\/28\/2025\/07\/linkedin_mwo0q6.png","contentUrl":"https:\/\/www.capgemini.com\/mx-es\/wp-content\/uploads\/sites\/28\/2025\/07\/linkedin_mwo0q6.png","width":800,"height":800,"caption":"Capgemini Mexico"},"image":{"@id":"https:\/\/www.capgemini.com\/mx-es\/#\/schema\/logo\/image\/"}}]}},"brand_term":[],"parsely":{"version":"1.1.0","canonical_url":"https:\/\/capgemini.com\/mx-es\/servicios\/industria-inteligente\/soluciones-para-la-revolucion-5g-y-edge\/","smart_links":{"inbound":0,"outbound":0},"traffic_boost_suggestions_count":0,"meta":{"@context":"https:\/\/schema.org","@type":"WebPage","headline":"Soluciones para la revoluci\u00f3n 5G y edge","url":"https:\/\/www.capgemini.com\/mx-es\/servicios\/industria-inteligente\/soluciones-para-la-revolucion-5g-y-edge\/","mainEntityOfPage":{"@type":"WebPage","@id":"https:\/\/www.capgemini.com\/mx-es\/servicios\/industria-inteligente\/soluciones-para-la-revolucion-5g-y-edge\/"},"thumbnailUrl":"","image":{"@type":"ImageObject","url":""},"articleSection":"Uncategorized","author":[],"creator":[],"publisher":{"@type":"Organization","name":"Capgemini Mexico","logo":""},"keywords":[],"dateCreated":"2023-01-25T08:16:47Z","datePublished":"2023-01-25T08:16:47Z","dateModified":"2025-04-03T13:58:35Z"},"rendered":"<meta name=\"parsely-title\" content=\"Soluciones para la revoluci\u00f3n 5G y edge\" \/>\n<meta name=\"parsely-link\" content=\"https:\/\/www.capgemini.com\/mx-es\/servicios\/industria-inteligente\/soluciones-para-la-revolucion-5g-y-edge\/\" \/>\n<meta name=\"parsely-type\" content=\"index\" \/>\n<meta name=\"parsely-pub-date\" content=\"2023-01-25T08:16:47Z\" \/>\n<meta name=\"parsely-section\" content=\"Uncategorized\" \/>","tracker_url":"https:\/\/cdn.parsely.com\/keys\/capgemini.com\/p.js"},"archive_status":false,"featured_image_src":"https:\/\/www.capgemini.com\/mx-es\/wp-content\/themes\/capgemini2025\/assets\/images\/mockup.png","featured_image_alt":false,"jetpack_sharing_enabled":true,"distributor_meta":false,"distributor_terms":false,"distributor_media":false,"distributor_original_site_name":"Capgemini Mexico","distributor_original_site_url":"https:\/\/www.capgemini.com\/mx-es","push-errors":false,"_links":{"self":[{"href":"https:\/\/www.capgemini.com\/mx-es\/wp-json\/wp\/v2\/pages\/36089","targetHints":{"allow":["GET"]}}],"collection":[{"href":"https:\/\/www.capgemini.com\/mx-es\/wp-json\/wp\/v2\/pages"}],"about":[{"href":"https:\/\/www.capgemini.com\/mx-es\/wp-json\/wp\/v2\/types\/page"}],"author":[{"embeddable":true,"href":"https:\/\/www.capgemini.com\/mx-es\/wp-json\/wp\/v2\/users\/367"}],"replies":[{"embeddable":true,"href":"https:\/\/www.capgemini.com\/mx-es\/wp-json\/wp\/v2\/comments?post=36089"}],"version-history":[{"count":6,"href":"https:\/\/www.capgemini.com\/mx-es\/wp-json\/wp\/v2\/pages\/36089\/revisions"}],"predecessor-version":[{"id":539132,"href":"https:\/\/www.capgemini.com\/mx-es\/wp-json\/wp\/v2\/pages\/36089\/revisions\/539132"}],"up":[{"embeddable":true,"href":"https:\/\/www.capgemini.com\/mx-es\/wp-json\/wp\/v2\/pages\/5564"}],"wp:attachment":[{"href":"https:\/\/www.capgemini.com\/mx-es\/wp-json\/wp\/v2\/media?parent=36089"}],"wp:term":[{"taxonomy":"brand","embeddable":true,"href":"https:\/\/www.capgemini.com\/mx-es\/wp-json\/wp\/v2\/brand?post=36089"},{"taxonomy":"partner_type","embeddable":true,"href":"https:\/\/www.capgemini.com\/mx-es\/wp-json\/wp\/v2\/partner_type?post=36089"},{"taxonomy":"service","embeddable":true,"href":"https:\/\/www.capgemini.com\/mx-es\/wp-json\/wp\/v2\/service?post=36089"},{"taxonomy":"industry","embeddable":true,"href":"https:\/\/www.capgemini.com\/mx-es\/wp-json\/wp\/v2\/industry?post=36089"},{"taxonomy":"partners","embeddable":true,"href":"https:\/\/www.capgemini.com\/mx-es\/wp-json\/wp\/v2\/partners?post=36089"},{"taxonomy":"page-type","embeddable":true,"href":"https:\/\/www.capgemini.com\/mx-es\/wp-json\/wp\/v2\/page-type?post=36089"},{"taxonomy":"content-group","embeddable":true,"href":"https:\/\/www.capgemini.com\/mx-es\/wp-json\/wp\/v2\/content-group?post=36089"}],"curies":[{"name":"wp","href":"https:\/\/api.w.org\/{rel}","templated":true}]}}