{"id":852083,"date":"2025-04-04T15:37:35","date_gmt":"2025-04-04T15:37:35","guid":{"rendered":"https:\/\/www.capgemini.com\/it-it\/?page_id=852083&#038;preview_id=852083"},"modified":"2026-01-19T15:37:45","modified_gmt":"2026-01-19T15:37:45","slug":"speakup","status":"publish","type":"page","link":"https:\/\/www.capgemini.com\/it-it\/chi-siamo\/scopri-capgemini\/valori\/speakup\/","title":{"rendered":"SpeakUp"},"content":{"rendered":"\n<div class=\"wp-block-cg-blocks-hero-picture-card undefined  heroPictureCard\"><div class=\"heroPictureCardBgs\"><picture><source srcset=\"https:\/\/www.capgemini.com\/it-it\/wp-content\/uploads\/sites\/15\/2024\/03\/Capgemini_Ethics_SpeakUP.webp?w=2880&amp;quality=70 1x, https:\/\/www.capgemini.com\/it-it\/wp-content\/uploads\/sites\/15\/2024\/03\/Capgemini_Ethics_SpeakUP.webp?w=2880&amp;quality=70 2x\" media=\"(min-width: 1500px)\"\/><source srcset=\"https:\/\/www.capgemini.com\/it-it\/wp-content\/uploads\/sites\/15\/2024\/03\/Capgemini_Ethics_SpeakUP.webp?w=1440&amp;quality=70 1x, https:\/\/www.capgemini.com\/it-it\/wp-content\/uploads\/sites\/15\/2024\/03\/Capgemini_Ethics_SpeakUP.webp?w=2880&amp;quality=70 2x\" media=\"(min-width: 992px)\"\/><source srcset=\"https:\/\/www.capgemini.com\/it-it\/wp-content\/uploads\/sites\/15\/2024\/03\/Capgemini_Ethics_SpeakUP.webp?w=1024&amp;quality=70 1x, https:\/\/www.capgemini.com\/it-it\/wp-content\/uploads\/sites\/15\/2024\/03\/Capgemini_Ethics_SpeakUP.webp?w=1024&amp;quality=70 2x\" media=\"(min-width: 768px)\"\/><source srcset=\"https:\/\/www.capgemini.com\/it-it\/wp-content\/uploads\/sites\/15\/2024\/03\/Capgemini_Ethics_SpeakUP.webp?w=768&amp;quality=70 1x, https:\/\/www.capgemini.com\/it-it\/wp-content\/uploads\/sites\/15\/2024\/03\/Capgemini_Ethics_SpeakUP.webp?w=768&amp;quality=70 2x\" media=\"(min-width: 0)\"\/><img decoding=\"async\" src=\"https:\/\/www.capgemini.com\/it-it\/wp-content\/uploads\/sites\/15\/2024\/03\/Capgemini_Ethics_SpeakUP.webp\" class=\"desktopImage\" alt=\"\" style=\"object-fit:cover;object-position:52% 42%\" loading=\"eager\"\/><\/picture><picture><source srcset=\"https:\/\/www.capgemini.com\/it-it\/wp-content\/uploads\/sites\/15\/2024\/03\/Capgemini_Ethics_SpeakUP.webp?w=2880&amp;quality=70 1x, https:\/\/www.capgemini.com\/it-it\/wp-content\/uploads\/sites\/15\/2024\/03\/Capgemini_Ethics_SpeakUP.webp?w=2880&amp;quality=70 2x\" media=\"(min-width: 1500px)\"\/><source srcset=\"https:\/\/www.capgemini.com\/it-it\/wp-content\/uploads\/sites\/15\/2024\/03\/Capgemini_Ethics_SpeakUP.webp?w=1440&amp;quality=70 1x, https:\/\/www.capgemini.com\/it-it\/wp-content\/uploads\/sites\/15\/2024\/03\/Capgemini_Ethics_SpeakUP.webp?w=2880&amp;quality=70 2x\" media=\"(min-width: 992px)\"\/><source srcset=\"https:\/\/www.capgemini.com\/it-it\/wp-content\/uploads\/sites\/15\/2024\/03\/Capgemini_Ethics_SpeakUP.webp?w=1024&amp;quality=70 1x, https:\/\/www.capgemini.com\/it-it\/wp-content\/uploads\/sites\/15\/2024\/03\/Capgemini_Ethics_SpeakUP.webp?w=1024&amp;quality=70 2x\" media=\"(min-width: 768px)\"\/><source srcset=\"https:\/\/www.capgemini.com\/it-it\/wp-content\/uploads\/sites\/15\/2024\/03\/Capgemini_Ethics_SpeakUP.webp?w=768&amp;quality=70 1x, https:\/\/www.capgemini.com\/it-it\/wp-content\/uploads\/sites\/15\/2024\/03\/Capgemini_Ethics_SpeakUP.webp?w=768&amp;quality=70 2x\" media=\"(min-width: 0)\"\/><img decoding=\"async\" src=\"https:\/\/www.capgemini.com\/it-it\/wp-content\/uploads\/sites\/15\/2024\/03\/Capgemini_Ethics_SpeakUP.webp\" class=\"mobileImage\" alt=\"\" style=\"object-fit:cover;object-position:52% 42%\" loading=\"eager\"\/><\/picture><\/div><div class=\"heroPictureCardHeaderShape\"><\/div><div class=\"container\"><div class=\"row\"><div class=\"col-md-8 col-lg-6\"><div class=\"heroPictureCardBox\"><div class=\"heroPictureCardBoxTitle\"><h1 data-maxlength=\"144\">SpeakUp<\/h1><\/div><\/div><\/div><\/div><\/div><div class=\"small-device\"><div class=\"brandLogoWrapper\"> <\/div><\/div><\/div>\n\n\n\n<section class=\"wp-block-cg-blocks-group undefined section section--article-content\"><div class=\"article-main-content\"><div class=\"container\"><div class=\"row\"><div class=\"col-12 col-md-11 col-lg-10 offset-md-1 offset-lg-1\"><div class=\"article-text article-quote-text\">\n<p><strong>SpeakUp <\/strong>\u00e8 un sistema di segnalazione etica volontario e riservato che consente l&#8217;anonimato e pu\u00f2 essere utilizzato via web e telefono da dipendenti Capgemini, consulenti esterni, appaltatori, clienti, fornitori, partner commerciali e altre persone.<\/p>\n\n\n\n<p><strong>SpeakUp <\/strong>\u00e8 conforme ai requisiti legali della legge italiana e delle giurisdizioni che regolano il whistleblowing. Sosteniamo la libert\u00e0 dei nostri dipendenti e dei terzi con cui interagiamo di sollevare dubbi o segnalare irregolarit\u00e0 etiche o di conformit\u00e0. SpeakUp contribuisce inoltre a salvaguardare l&#8217;impegno di Capgemini verso i pi\u00f9 alti standard di cultura etica.<\/p>\n\n\n\n<p>Garantisce equit\u00e0, giustizia organizzativa e indagini efficaci e rapide, in conformit\u00e0 alle procedure interne stabilite. Capgemini si impegna a non compiere alcuna ritorsione nei confronti di chi segnala un illecito in buona fede o di chi partecipa o collabora in buona fede alla segnalazione o all&#8217;indagine di un illecito.<\/p>\n\n\n\n<p>Potete utilizzare <strong>SpeakUp <\/strong>per segnalare azioni e omissioni che possono riguardare:<\/p>\n\n\n\n<ul class=\"wp-block-list\">\n<li>Una violazione del nostro Codice etico aziendale o delle relative politiche di etica e conformit\u00e0.<\/li>\n\n\n\n<li>Una violazione della legge applicabile, come specificato nell&#8217;ambito della Politica <strong>SpeakUp<\/strong>.<\/li>\n<\/ul>\n\n\n\n<div class=\"wp-block-buttons is-content-justification-center is-layout-flex wp-container-core-buttons-is-layout-a89b3969 wp-block-buttons-is-layout-flex\">\n<div class=\"wp-block-button\"><a class=\"wp-block-button__link wp-element-button\" href=\"https:\/\/www.capgemini.com\/it-it\/wp-content\/uploads\/sites\/15\/2026\/01\/M_SpeakUp-Addendum-Italia_11.pdf\" target=\"_blank\" rel=\"noreferrer noopener\">Politica SpeakUp<\/a><\/div>\n<\/div>\n\n\n\n<div style=\"height:25px\" aria-hidden=\"true\" class=\"wp-block-spacer\"><\/div>\n\n\n\n<div class=\"wp-block-buttons is-content-justification-center is-layout-flex wp-container-core-buttons-is-layout-a89b3969 wp-block-buttons-is-layout-flex\">\n<div class=\"wp-block-button\"><a class=\"wp-block-button__link wp-element-button\" href=\"https:\/\/www.capgemini.com\/it-it\/wp-content\/uploads\/sites\/15\/2025\/04\/L_InformativaDP_Whistleblowing_CGI-CFT_10.pdf\" target=\"_blank\" rel=\"noreferrer noopener\">Informativa Protezione dei Dati<\/a><\/div>\n<\/div>\n\n\n\n<div style=\"height:25px\" aria-hidden=\"true\" class=\"wp-block-spacer\"><\/div>\n\n\n\n<div class=\"wp-block-buttons is-content-justification-center is-layout-flex wp-container-core-buttons-is-layout-a89b3969 wp-block-buttons-is-layout-flex\">\n<div class=\"wp-block-button is-style-fill\"><a class=\"wp-block-button__link wp-element-button\" href=\"https:\/\/capgemini.integrityline.com\/\" target=\"_blank\" rel=\"noreferrer noopener\">Accesso a SpeakUp<\/a><\/div>\n<\/div>\n\n\n\n<div style=\"height:25px\" aria-hidden=\"true\" class=\"wp-block-spacer\"><\/div>\n\n\n\n<p><em><strong>Informazioni di base sulla protezione dei dati di SpeakUp<\/strong>: <strong>Responsabile<\/strong>: Capgemini Italia S.p.A. | <strong>Scopo<\/strong>: dare seguito ed elaborare le comunicazioni ricevute e svolgere le indagini del caso | <strong>Base giuridica<\/strong>: rispetto degli obblighi di legge e dell&#8217;interesse pubblico | <strong>Diritti<\/strong>: accesso, rettifica, cancellazione, opposizione, limitazione del trattamento, portabilit\u00e0 e presentazione di un reclamo al Garante per la Protezione dei Dati Personali. | <strong>Informazioni<\/strong>: consultare l&#8217;Informativa sulla protezione dei dati.<\/em><\/p>\n<\/div><\/div><\/div><\/div><\/div><\/section>\n\n\n\n<p><\/p>\n","protected":false},"excerpt":{"rendered":"","protected":false},"author":121,"featured_media":0,"parent":505386,"menu_order":0,"comment_status":"closed","ping_status":"closed","template":"","meta":{"cg_dt_proposed_to":[],"cg_seo_hreflang_relations":"[]","cg_seo_canonical_relation":"","cg_seo_hreflang_x_default_relation":"{\"uuid\":\"71104a2d-518d-4150-b1c8-52a883470198\",\"blogId\":\"\",\"domain\":\"\",\"sitePath\":\"\",\"postLink\":\"\",\"postId\":null,\"isSaved\":true,\"isCrossLink\":false,\"hasCrossLink\":false}","cg_dt_approved_content":true,"cg_dt_mandatory_content":false,"cg_dt_notes":"","cg_dg_source_changed":true,"cg_dt_link_disabled":false,"_yoast_wpseo_primary_brand":"","footnotes":"","featured_focal_points":"","partner_card_description":"","gsap_animation":0},"brand":[],"partner_type":[],"service":[],"industry":[],"partners":[],"page-type":[],"content-group":[],"class_list":["post-852083","page","type-page","status-publish","hentry"],"yoast_head":"<!-- This site is optimized with the Yoast SEO Premium plugin v22.8 (Yoast SEO v22.8) - https:\/\/yoast.com\/wordpress\/plugins\/seo\/ -->\n<title>SpeakUp | Capgemini<\/title>\n<meta name=\"description\" content=\"SpeakUp \u00e8 un sistema di segnalazione etica volontario e riservato che consente l&#039;anonimato e pu\u00f2 essere utilizzato via web e telefono.\" \/>\n<meta name=\"robots\" content=\"index, follow, max-snippet:-1, max-image-preview:large, max-video-preview:-1\" \/>\n<link rel=\"canonical\" href=\"https:\/\/www.capgemini.com\/it-it\/chi-siamo\/scopri-capgemini\/valori\/speakup\/\" \/>\n<meta property=\"og:locale\" content=\"it_IT\" \/>\n<meta property=\"og:type\" content=\"article\" \/>\n<meta property=\"og:title\" content=\"SpeakUp\" \/>\n<meta property=\"og:description\" content=\"SpeakUp \u00e8 un sistema di segnalazione etica volontario e riservato che consente l&#039;anonimato e pu\u00f2 essere utilizzato via web e telefono.\" \/>\n<meta property=\"og:url\" content=\"https:\/\/www.capgemini.com\/it-it\/chi-siamo\/scopri-capgemini\/valori\/speakup\/\" \/>\n<meta property=\"og:site_name\" content=\"Capgemini Italia\" \/>\n<meta property=\"article:modified_time\" content=\"2026-01-19T15:37:45+00:00\" \/>\n<meta property=\"og:image\" content=\"https:\/\/www.capgemini.com\/it-it\/wp-content\/uploads\/sites\/15\/2024\/03\/Capgemini_Ethics_SpeakUP.webp\" \/>\n<meta name=\"twitter:card\" content=\"summary_large_image\" \/>\n<meta name=\"twitter:label1\" content=\"Est. reading time\" \/>\n\t<meta name=\"twitter:data1\" content=\"2 minutes\" \/>\n<script type=\"application\/ld+json\" class=\"yoast-schema-graph\">{\"@context\":\"https:\/\/schema.org\",\"@graph\":[{\"@type\":\"WebPage\",\"@id\":\"https:\/\/www.capgemini.com\/it-it\/chi-siamo\/scopri-capgemini\/valori\/speakup\/\",\"url\":\"https:\/\/www.capgemini.com\/it-it\/chi-siamo\/scopri-capgemini\/valori\/speakup\/\",\"name\":\"SpeakUp | Capgemini\",\"isPartOf\":{\"@id\":\"https:\/\/www.capgemini.com\/it-it\/#website\"},\"primaryImageOfPage\":{\"@id\":\"https:\/\/www.capgemini.com\/it-it\/chi-siamo\/scopri-capgemini\/valori\/speakup\/#primaryimage\"},\"image\":{\"@id\":\"https:\/\/www.capgemini.com\/it-it\/chi-siamo\/scopri-capgemini\/valori\/speakup\/#primaryimage\"},\"thumbnailUrl\":\"https:\/\/www.capgemini.com\/it-it\/wp-content\/uploads\/sites\/15\/2024\/03\/Capgemini_Ethics_SpeakUP.webp\",\"datePublished\":\"2025-04-04T15:37:35+00:00\",\"dateModified\":\"2026-01-19T15:37:45+00:00\",\"description\":\"SpeakUp \u00e8 un sistema di segnalazione etica volontario e riservato che consente l'anonimato e pu\u00f2 essere utilizzato via web e telefono.\",\"breadcrumb\":{\"@id\":\"https:\/\/www.capgemini.com\/it-it\/chi-siamo\/scopri-capgemini\/valori\/speakup\/#breadcrumb\"},\"inLanguage\":\"it-IT\",\"potentialAction\":[{\"@type\":\"ReadAction\",\"target\":[\"https:\/\/www.capgemini.com\/it-it\/chi-siamo\/scopri-capgemini\/valori\/speakup\/\"]}]},{\"@type\":\"ImageObject\",\"inLanguage\":\"it-IT\",\"@id\":\"https:\/\/www.capgemini.com\/it-it\/chi-siamo\/scopri-capgemini\/valori\/speakup\/#primaryimage\",\"url\":\"https:\/\/www.capgemini.com\/it-it\/wp-content\/uploads\/sites\/15\/2024\/03\/Capgemini_Ethics_SpeakUP.webp\",\"contentUrl\":\"https:\/\/www.capgemini.com\/it-it\/wp-content\/uploads\/sites\/15\/2024\/03\/Capgemini_Ethics_SpeakUP.webp\",\"width\":2880,\"height\":1800},{\"@type\":\"BreadcrumbList\",\"@id\":\"https:\/\/www.capgemini.com\/it-it\/chi-siamo\/scopri-capgemini\/valori\/speakup\/#breadcrumb\",\"itemListElement\":[{\"@type\":\"ListItem\",\"position\":1,\"name\":\"Home\",\"item\":\"https:\/\/www.capgemini.com\/it-it\/\"},{\"@type\":\"ListItem\",\"position\":2,\"name\":\"Chi siamo\",\"item\":\"https:\/\/www.capgemini.com\/it-it\/chi-siamo\/\"},{\"@type\":\"ListItem\",\"position\":3,\"name\":\"Scopri Capgemini\",\"item\":\"https:\/\/www.capgemini.com\/it-it\/chi-siamo\/scopri-capgemini\/\"},{\"@type\":\"ListItem\",\"position\":4,\"name\":\"Valori ed etica\",\"item\":\"https:\/\/www.capgemini.com\/it-it\/chi-siamo\/scopri-capgemini\/valori\/\"},{\"@type\":\"ListItem\",\"position\":5,\"name\":\"SpeakUp\"}]},{\"@type\":\"WebSite\",\"@id\":\"https:\/\/www.capgemini.com\/it-it\/#website\",\"url\":\"https:\/\/www.capgemini.com\/it-it\/\",\"name\":\"Capgemini Italia\",\"description\":\"Get The Future You Want\",\"potentialAction\":[{\"@type\":\"SearchAction\",\"target\":{\"@type\":\"EntryPoint\",\"urlTemplate\":\"https:\/\/www.capgemini.com\/it-it\/?s={search_term_string}\"},\"query-input\":\"required name=search_term_string\"}],\"inLanguage\":\"it-IT\"}]}<\/script>\n<!-- \/ Yoast SEO Premium plugin. -->","yoast_head_json":{"title":"SpeakUp | Capgemini","description":"SpeakUp \u00e8 un sistema di segnalazione etica volontario e riservato che consente l'anonimato e pu\u00f2 essere utilizzato via web e telefono.","robots":{"index":"index","follow":"follow","max-snippet":"max-snippet:-1","max-image-preview":"max-image-preview:large","max-video-preview":"max-video-preview:-1"},"canonical":"https:\/\/www.capgemini.com\/it-it\/chi-siamo\/scopri-capgemini\/valori\/speakup\/","og_locale":"it_IT","og_type":"article","og_title":"SpeakUp","og_description":"SpeakUp \u00e8 un sistema di segnalazione etica volontario e riservato che consente l'anonimato e pu\u00f2 essere utilizzato via web e telefono.","og_url":"https:\/\/www.capgemini.com\/it-it\/chi-siamo\/scopri-capgemini\/valori\/speakup\/","og_site_name":"Capgemini Italia","article_modified_time":"2026-01-19T15:37:45+00:00","og_image":[{"url":"https:\/\/www.capgemini.com\/it-it\/wp-content\/uploads\/sites\/15\/2024\/03\/Capgemini_Ethics_SpeakUP.webp"}],"twitter_card":"summary_large_image","twitter_misc":{"Est. reading time":"2 minutes"},"schema":{"@context":"https:\/\/schema.org","@graph":[{"@type":"WebPage","@id":"https:\/\/www.capgemini.com\/it-it\/chi-siamo\/scopri-capgemini\/valori\/speakup\/","url":"https:\/\/www.capgemini.com\/it-it\/chi-siamo\/scopri-capgemini\/valori\/speakup\/","name":"SpeakUp | Capgemini","isPartOf":{"@id":"https:\/\/www.capgemini.com\/it-it\/#website"},"primaryImageOfPage":{"@id":"https:\/\/www.capgemini.com\/it-it\/chi-siamo\/scopri-capgemini\/valori\/speakup\/#primaryimage"},"image":{"@id":"https:\/\/www.capgemini.com\/it-it\/chi-siamo\/scopri-capgemini\/valori\/speakup\/#primaryimage"},"thumbnailUrl":"https:\/\/www.capgemini.com\/it-it\/wp-content\/uploads\/sites\/15\/2024\/03\/Capgemini_Ethics_SpeakUP.webp","datePublished":"2025-04-04T15:37:35+00:00","dateModified":"2026-01-19T15:37:45+00:00","description":"SpeakUp \u00e8 un sistema di segnalazione etica volontario e riservato che consente l'anonimato e pu\u00f2 essere utilizzato via web e telefono.","breadcrumb":{"@id":"https:\/\/www.capgemini.com\/it-it\/chi-siamo\/scopri-capgemini\/valori\/speakup\/#breadcrumb"},"inLanguage":"it-IT","potentialAction":[{"@type":"ReadAction","target":["https:\/\/www.capgemini.com\/it-it\/chi-siamo\/scopri-capgemini\/valori\/speakup\/"]}]},{"@type":"ImageObject","inLanguage":"it-IT","@id":"https:\/\/www.capgemini.com\/it-it\/chi-siamo\/scopri-capgemini\/valori\/speakup\/#primaryimage","url":"https:\/\/www.capgemini.com\/it-it\/wp-content\/uploads\/sites\/15\/2024\/03\/Capgemini_Ethics_SpeakUP.webp","contentUrl":"https:\/\/www.capgemini.com\/it-it\/wp-content\/uploads\/sites\/15\/2024\/03\/Capgemini_Ethics_SpeakUP.webp","width":2880,"height":1800},{"@type":"BreadcrumbList","@id":"https:\/\/www.capgemini.com\/it-it\/chi-siamo\/scopri-capgemini\/valori\/speakup\/#breadcrumb","itemListElement":[{"@type":"ListItem","position":1,"name":"Home","item":"https:\/\/www.capgemini.com\/it-it\/"},{"@type":"ListItem","position":2,"name":"Chi siamo","item":"https:\/\/www.capgemini.com\/it-it\/chi-siamo\/"},{"@type":"ListItem","position":3,"name":"Scopri Capgemini","item":"https:\/\/www.capgemini.com\/it-it\/chi-siamo\/scopri-capgemini\/"},{"@type":"ListItem","position":4,"name":"Valori ed etica","item":"https:\/\/www.capgemini.com\/it-it\/chi-siamo\/scopri-capgemini\/valori\/"},{"@type":"ListItem","position":5,"name":"SpeakUp"}]},{"@type":"WebSite","@id":"https:\/\/www.capgemini.com\/it-it\/#website","url":"https:\/\/www.capgemini.com\/it-it\/","name":"Capgemini Italia","description":"Get The Future You Want","potentialAction":[{"@type":"SearchAction","target":{"@type":"EntryPoint","urlTemplate":"https:\/\/www.capgemini.com\/it-it\/?s={search_term_string}"},"query-input":"required name=search_term_string"}],"inLanguage":"it-IT"}]}},"brand_term":[],"parsely":{"version":"1.1.0","canonical_url":"https:\/\/capgemini.com\/it-it\/chi-siamo\/scopri-capgemini\/valori\/speakup\/","smart_links":{"inbound":0,"outbound":0},"traffic_boost_suggestions_count":0,"meta":{"@context":"https:\/\/schema.org","@type":"WebPage","headline":"SpeakUp","url":"https:\/\/www.capgemini.com\/it-it\/chi-siamo\/scopri-capgemini\/valori\/speakup\/","mainEntityOfPage":{"@type":"WebPage","@id":"https:\/\/www.capgemini.com\/it-it\/chi-siamo\/scopri-capgemini\/valori\/speakup\/"},"thumbnailUrl":"","image":{"@type":"ImageObject","url":""},"articleSection":"Uncategorized","author":[],"creator":[],"publisher":{"@type":"Organization","name":"Capgemini Italia","logo":""},"keywords":[],"dateCreated":"2025-04-04T15:37:35Z","datePublished":"2025-04-04T15:37:35Z","dateModified":"2026-01-19T15:37:45Z"},"rendered":"<meta name=\"parsely-title\" content=\"SpeakUp\" \/>\n<meta name=\"parsely-link\" content=\"https:\/\/www.capgemini.com\/it-it\/chi-siamo\/scopri-capgemini\/valori\/speakup\/\" \/>\n<meta name=\"parsely-type\" content=\"index\" \/>\n<meta name=\"parsely-pub-date\" content=\"2025-04-04T15:37:35Z\" \/>\n<meta name=\"parsely-section\" content=\"Uncategorized\" \/>","tracker_url":"https:\/\/cdn.parsely.com\/keys\/capgemini.com\/p.js"},"archive_status":false,"featured_image_src":"https:\/\/www.capgemini.com\/it-it\/wp-content\/themes\/capgemini2025\/assets\/images\/mockup.png","featured_image_alt":false,"jetpack_sharing_enabled":true,"distributor_meta":false,"distributor_terms":false,"distributor_media":false,"distributor_original_site_name":"Capgemini Italia","distributor_original_site_url":"https:\/\/www.capgemini.com\/it-it","push-errors":false,"_links":{"self":[{"href":"https:\/\/www.capgemini.com\/it-it\/wp-json\/wp\/v2\/pages\/852083","targetHints":{"allow":["GET"]}}],"collection":[{"href":"https:\/\/www.capgemini.com\/it-it\/wp-json\/wp\/v2\/pages"}],"about":[{"href":"https:\/\/www.capgemini.com\/it-it\/wp-json\/wp\/v2\/types\/page"}],"author":[{"embeddable":true,"href":"https:\/\/www.capgemini.com\/it-it\/wp-json\/wp\/v2\/users\/121"}],"replies":[{"embeddable":true,"href":"https:\/\/www.capgemini.com\/it-it\/wp-json\/wp\/v2\/comments?post=852083"}],"version-history":[{"count":13,"href":"https:\/\/www.capgemini.com\/it-it\/wp-json\/wp\/v2\/pages\/852083\/revisions"}],"predecessor-version":[{"id":854829,"href":"https:\/\/www.capgemini.com\/it-it\/wp-json\/wp\/v2\/pages\/852083\/revisions\/854829"}],"up":[{"embeddable":true,"href":"https:\/\/www.capgemini.com\/it-it\/wp-json\/wp\/v2\/pages\/505386"}],"wp:attachment":[{"href":"https:\/\/www.capgemini.com\/it-it\/wp-json\/wp\/v2\/media?parent=852083"}],"wp:term":[{"taxonomy":"brand","embeddable":true,"href":"https:\/\/www.capgemini.com\/it-it\/wp-json\/wp\/v2\/brand?post=852083"},{"taxonomy":"partner_type","embeddable":true,"href":"https:\/\/www.capgemini.com\/it-it\/wp-json\/wp\/v2\/partner_type?post=852083"},{"taxonomy":"service","embeddable":true,"href":"https:\/\/www.capgemini.com\/it-it\/wp-json\/wp\/v2\/service?post=852083"},{"taxonomy":"industry","embeddable":true,"href":"https:\/\/www.capgemini.com\/it-it\/wp-json\/wp\/v2\/industry?post=852083"},{"taxonomy":"partners","embeddable":true,"href":"https:\/\/www.capgemini.com\/it-it\/wp-json\/wp\/v2\/partners?post=852083"},{"taxonomy":"page-type","embeddable":true,"href":"https:\/\/www.capgemini.com\/it-it\/wp-json\/wp\/v2\/page-type?post=852083"},{"taxonomy":"content-group","embeddable":true,"href":"https:\/\/www.capgemini.com\/it-it\/wp-json\/wp\/v2\/content-group?post=852083"}],"curies":[{"name":"wp","href":"https:\/\/api.w.org\/{rel}","templated":true}]}}