{"id":851959,"date":"2025-03-18T16:22:13","date_gmt":"2025-03-18T16:22:13","guid":{"rendered":"https:\/\/www.capgemini.com\/it-it\/?page_id=851959"},"modified":"2025-11-21T16:37:57","modified_gmt":"2025-11-21T16:37:57","slug":"modello-organizzazione-gestione-controllo","status":"publish","type":"page","link":"https:\/\/www.capgemini.com\/it-it\/chi-siamo\/gestione-governance\/politiche\/modello-organizzazione-gestione-controllo\/","title":{"rendered":"Modello di organizzazione, gestione e controllo"},"content":{"rendered":"\n<div class=\"wp-block-cg-blocks-hero-picture-card undefined  heroPictureCard\"><div class=\"heroPictureCardBgs\"><picture><source srcset=\"https:\/\/www.capgemini.com\/it-it\/wp-content\/uploads\/sites\/15\/2024\/03\/Capgemini_Ethics_active-listening.webp?w=2880&amp;quality=70 1x, https:\/\/www.capgemini.com\/it-it\/wp-content\/uploads\/sites\/15\/2024\/03\/Capgemini_Ethics_active-listening.webp?w=2880&amp;quality=70 2x\" media=\"(min-width: 1500px)\"\/><source srcset=\"https:\/\/www.capgemini.com\/it-it\/wp-content\/uploads\/sites\/15\/2024\/03\/Capgemini_Ethics_active-listening.webp?w=1440&amp;quality=70 1x, https:\/\/www.capgemini.com\/it-it\/wp-content\/uploads\/sites\/15\/2024\/03\/Capgemini_Ethics_active-listening.webp?w=2880&amp;quality=70 2x\" media=\"(min-width: 992px)\"\/><source srcset=\"https:\/\/www.capgemini.com\/it-it\/wp-content\/uploads\/sites\/15\/2024\/03\/Capgemini_Ethics_active-listening.webp?w=1024&amp;quality=70 1x, https:\/\/www.capgemini.com\/it-it\/wp-content\/uploads\/sites\/15\/2024\/03\/Capgemini_Ethics_active-listening.webp?w=1024&amp;quality=70 2x\" media=\"(min-width: 768px)\"\/><source srcset=\"https:\/\/www.capgemini.com\/it-it\/wp-content\/uploads\/sites\/15\/2024\/03\/Capgemini_Ethics_active-listening.webp?w=768&amp;quality=70 1x, https:\/\/www.capgemini.com\/it-it\/wp-content\/uploads\/sites\/15\/2024\/03\/Capgemini_Ethics_active-listening.webp?w=768&amp;quality=70 2x\" media=\"(min-width: 0)\"\/><img decoding=\"async\" src=\"https:\/\/www.capgemini.com\/it-it\/wp-content\/uploads\/sites\/15\/2024\/03\/Capgemini_Ethics_active-listening.webp\" class=\"desktopImage\" alt=\"\" style=\"object-fit:cover;object-position:49% 33%\" loading=\"eager\"\/><\/picture><picture><source srcset=\"https:\/\/www.capgemini.com\/it-it\/wp-content\/uploads\/sites\/15\/2024\/03\/Capgemini_Ethics_active-listening.webp?w=2880&amp;quality=70 1x, https:\/\/www.capgemini.com\/it-it\/wp-content\/uploads\/sites\/15\/2024\/03\/Capgemini_Ethics_active-listening.webp?w=2880&amp;quality=70 2x\" media=\"(min-width: 1500px)\"\/><source srcset=\"https:\/\/www.capgemini.com\/it-it\/wp-content\/uploads\/sites\/15\/2024\/03\/Capgemini_Ethics_active-listening.webp?w=1440&amp;quality=70 1x, https:\/\/www.capgemini.com\/it-it\/wp-content\/uploads\/sites\/15\/2024\/03\/Capgemini_Ethics_active-listening.webp?w=2880&amp;quality=70 2x\" media=\"(min-width: 992px)\"\/><source srcset=\"https:\/\/www.capgemini.com\/it-it\/wp-content\/uploads\/sites\/15\/2024\/03\/Capgemini_Ethics_active-listening.webp?w=1024&amp;quality=70 1x, https:\/\/www.capgemini.com\/it-it\/wp-content\/uploads\/sites\/15\/2024\/03\/Capgemini_Ethics_active-listening.webp?w=1024&amp;quality=70 2x\" media=\"(min-width: 768px)\"\/><source srcset=\"https:\/\/www.capgemini.com\/it-it\/wp-content\/uploads\/sites\/15\/2024\/03\/Capgemini_Ethics_active-listening.webp?w=768&amp;quality=70 1x, https:\/\/www.capgemini.com\/it-it\/wp-content\/uploads\/sites\/15\/2024\/03\/Capgemini_Ethics_active-listening.webp?w=768&amp;quality=70 2x\" media=\"(min-width: 0)\"\/><img decoding=\"async\" src=\"https:\/\/www.capgemini.com\/it-it\/wp-content\/uploads\/sites\/15\/2024\/03\/Capgemini_Ethics_active-listening.webp\" class=\"mobileImage\" alt=\"\" style=\"object-fit:cover;object-position:49% 33%\" loading=\"eager\"\/><\/picture><\/div><div class=\"heroPictureCardHeaderShape\"><\/div><div class=\"container\"><div class=\"row\"><div class=\"col-md-8 col-lg-6\"><div class=\"heroPictureCardBox\"><div class=\"heroPictureCardBoxTitle\"><h1 data-maxlength=\"144\">Modello di organizzazione, gestione e controllo ex D.Lgs. 231\/2001<\/h1><\/div><\/div><\/div><\/div><\/div><div class=\"small-device\"><div class=\"brandLogoWrapper\"> <\/div><\/div><\/div>\n\n\n\n<section class=\"wp-block-cg-blocks-group undefined section section--article-content\"><div class=\"article-main-content\"><div class=\"container\"><div class=\"row\"><div class=\"col-12 col-md-1\"><nav class=\"article-social\"><ul class=\"social-nav\"><li class=\"ip-order-fb\"><a href=\"https:\/\/www.facebook.com\/sharer\/sharer.php?u=https:\/\/www.capgemini.com\/it-it\/?page_id=851959\" target=\"_blank\" rel=\"noopener noreferrer\" title=\"si apre in una nuova finestra\"><i aria-hidden=\"true\" class=\"icon-fb\"><\/i><span class=\"sr-only\">Facebook<\/span><\/a><\/li><li class=\"ip-order-li\"><a href=\"https:\/\/www.linkedin.com\/sharing\/share-offsite\/?url=https:\/\/www.capgemini.com\/it-it\/?page_id=851959\" target=\"_blank\" rel=\"noopener noreferrer\" title=\"si apre in una nuova finestra\"><i aria-hidden=\"true\" class=\"icon-li\"><\/i><span class=\"sr-only\">Linkedin<\/span><\/a><\/li><\/ul><\/nav><\/div><div class=\"col-12 col-md-11 col-lg-10\"><div class=\"article-text article-quote-text\">\n<p>Capgemini si \u00e8 dotata di un <strong>Modello di organizzazione, gestione e controllo<\/strong> ai sensi del D.Lgs. 231\/2001. Tale Modello contiene un sistema organico di principi, valori, presidi, indicazioni operative e regole etiche che Capgemini ritiene fondamentali e irrinunciabili per la conduzione di ogni attivit\u00e0 aziendale, e di cui richiede la pi\u00f9 attenta osservanza ai componenti degli organi sociali e del management, ai dipendenti, nonch\u00e9 a tutti coloro che operano, anche di fatto, per la societ\u00e0, compresi i soggetti terzi.<\/p>\n\n\n\n<p>Capgemini, infatti, ritiene preminente rispetto a qualunque esigenza commerciale la necessit\u00e0 di rispettare (e far rispettare a chiunque si interfacci con essa) i pi\u00f9 elevati standard etici e di trasparenza. Capgemini, pertanto, pretende che tutti coloro che hanno e intendono avere rapporti con essa adottino una condotta conforme alle disposizioni di cui al presente Modello e in linea con i principi etici in esso contenuti.<\/p>\n\n\n\n<p>Sono destinatari del Modello tutti coloro che operano per il conseguimento dello scopo e degli obiettivi di Capgemini, ossia i componenti degli organi sociali di Capgemini, i dipendenti e collaboratori di Capgemini e delle societ\u00e0 del Gruppo in distacco presso la societ\u00e0, nonch\u00e9 i consulenti esterni, i fornitori e i partner commerciali e\/o finanziari che operano per conto di Capgemini.<\/p>\n\n\n\n<p>Di seguito i Modelli predisposti per Capgemini Italia e sue controllate:<\/p>\n\n\n\n<div class=\"wp-block-buttons is-content-justification-center is-layout-flex wp-container-core-buttons-is-layout-a89b3969 wp-block-buttons-is-layout-flex\">\n<div class=\"wp-block-button\"><a class=\"wp-block-button__link wp-element-button\" href=\"https:\/\/www.capgemini.com\/it-it\/wp-content\/uploads\/sites\/15\/2025\/11\/M_MOG_ParteGenerale-CGI_20.pdf\" target=\"_blank\" rel=\"noreferrer noopener\">Modello di organizzazione, gestione e controllo ex D.Lgs. 231\/2001 di Capgemini Italia S.p.A.<\/a><\/div>\n\n\n\n<div class=\"wp-block-button\"><a class=\"wp-block-button__link wp-element-button\" href=\"https:\/\/www.capgemini.com\/it-it\/wp-content\/uploads\/sites\/15\/2025\/11\/M_MOG-ParteGenerale_CFT_20.pdf\" target=\"_blank\" rel=\"noreferrer noopener\">Modello di organizzazione, gestione e controllo ex D.Lgs. 231\/2001 di Capgemini Finance Tech S.r.l.<\/a><\/div>\n<\/div>\n<\/div><\/div><\/div><\/div><\/div><\/section>\n","protected":false},"excerpt":{"rendered":"","protected":false},"author":500,"featured_media":848043,"parent":639065,"menu_order":0,"comment_status":"closed","ping_status":"closed","template":"","meta":{"cg_dt_proposed_to":[],"cg_seo_hreflang_relations":"[]","cg_seo_canonical_relation":"","cg_seo_hreflang_x_default_relation":"","cg_dt_approved_content":true,"cg_dt_mandatory_content":false,"cg_dt_notes":"","cg_dg_source_changed":false,"cg_dt_link_disabled":false,"_yoast_wpseo_primary_brand":"","footnotes":"","featured_focal_points":"","partner_card_description":"","gsap_animation":0},"brand":[],"partner_type":[],"service":[],"industry":[],"partners":[],"page-type":[],"content-group":[],"class_list":["post-851959","page","type-page","status-publish","has-post-thumbnail","hentry"],"yoast_head":"<!-- This site is optimized with the Yoast SEO Premium plugin v22.8 (Yoast SEO v22.8) - https:\/\/yoast.com\/wordpress\/plugins\/seo\/ -->\n<title>Modello di organizzazione, gestione e controllo - Capgemini Italia<\/title>\n<meta name=\"robots\" content=\"index, follow, max-snippet:-1, max-image-preview:large, max-video-preview:-1\" \/>\n<link rel=\"canonical\" href=\"https:\/\/www.capgemini.com\/it-it\/chi-siamo\/gestione-governance\/politiche\/modello-organizzazione-gestione-controllo\/\" \/>\n<meta property=\"og:locale\" content=\"it_IT\" \/>\n<meta property=\"og:type\" content=\"article\" \/>\n<meta property=\"og:title\" content=\"Modello di organizzazione, gestione e controllo\" \/>\n<meta property=\"og:url\" content=\"https:\/\/www.capgemini.com\/it-it\/chi-siamo\/gestione-governance\/politiche\/modello-organizzazione-gestione-controllo\/\" \/>\n<meta property=\"og:site_name\" content=\"Capgemini Italia\" \/>\n<meta property=\"article:modified_time\" content=\"2025-11-21T16:37:57+00:00\" \/>\n<meta property=\"og:image\" content=\"https:\/\/www.capgemini.com\/it-it\/wp-content\/uploads\/sites\/15\/2024\/03\/Capgemini_Ethics_active-listening.webp\" \/>\n\t<meta property=\"og:image:width\" content=\"2880\" \/>\n\t<meta property=\"og:image:height\" content=\"1800\" \/>\n\t<meta property=\"og:image:type\" content=\"image\/webp\" \/>\n<meta name=\"twitter:card\" content=\"summary_large_image\" \/>\n<meta name=\"twitter:label1\" content=\"Est. reading time\" \/>\n\t<meta name=\"twitter:data1\" content=\"2 minutes\" \/>\n<script type=\"application\/ld+json\" class=\"yoast-schema-graph\">{\"@context\":\"https:\/\/schema.org\",\"@graph\":[{\"@type\":\"WebPage\",\"@id\":\"https:\/\/www.capgemini.com\/it-it\/chi-siamo\/gestione-governance\/politiche\/modello-organizzazione-gestione-controllo\/\",\"url\":\"https:\/\/www.capgemini.com\/it-it\/chi-siamo\/gestione-governance\/politiche\/modello-organizzazione-gestione-controllo\/\",\"name\":\"Modello di organizzazione, gestione e controllo - Capgemini Italia\",\"isPartOf\":{\"@id\":\"https:\/\/www.capgemini.com\/it-it\/#website\"},\"primaryImageOfPage\":{\"@id\":\"https:\/\/www.capgemini.com\/it-it\/chi-siamo\/gestione-governance\/politiche\/modello-organizzazione-gestione-controllo\/#primaryimage\"},\"image\":{\"@id\":\"https:\/\/www.capgemini.com\/it-it\/chi-siamo\/gestione-governance\/politiche\/modello-organizzazione-gestione-controllo\/#primaryimage\"},\"thumbnailUrl\":\"https:\/\/www.capgemini.com\/it-it\/wp-content\/uploads\/sites\/15\/2024\/03\/Capgemini_Ethics_active-listening.webp\",\"datePublished\":\"2025-03-18T16:22:13+00:00\",\"dateModified\":\"2025-11-21T16:37:57+00:00\",\"breadcrumb\":{\"@id\":\"https:\/\/www.capgemini.com\/it-it\/chi-siamo\/gestione-governance\/politiche\/modello-organizzazione-gestione-controllo\/#breadcrumb\"},\"inLanguage\":\"it-IT\",\"potentialAction\":[{\"@type\":\"ReadAction\",\"target\":[\"https:\/\/www.capgemini.com\/it-it\/chi-siamo\/gestione-governance\/politiche\/modello-organizzazione-gestione-controllo\/\"]}]},{\"@type\":\"ImageObject\",\"inLanguage\":\"it-IT\",\"@id\":\"https:\/\/www.capgemini.com\/it-it\/chi-siamo\/gestione-governance\/politiche\/modello-organizzazione-gestione-controllo\/#primaryimage\",\"url\":\"https:\/\/www.capgemini.com\/it-it\/wp-content\/uploads\/sites\/15\/2024\/03\/Capgemini_Ethics_active-listening.webp\",\"contentUrl\":\"https:\/\/www.capgemini.com\/it-it\/wp-content\/uploads\/sites\/15\/2024\/03\/Capgemini_Ethics_active-listening.webp\",\"width\":2880,\"height\":1800},{\"@type\":\"BreadcrumbList\",\"@id\":\"https:\/\/www.capgemini.com\/it-it\/chi-siamo\/gestione-governance\/politiche\/modello-organizzazione-gestione-controllo\/#breadcrumb\",\"itemListElement\":[{\"@type\":\"ListItem\",\"position\":1,\"name\":\"Home\",\"item\":\"https:\/\/www.capgemini.com\/it-it\/\"},{\"@type\":\"ListItem\",\"position\":2,\"name\":\"Chi siamo\",\"item\":\"https:\/\/www.capgemini.com\/it-it\/chi-siamo\/\"},{\"@type\":\"ListItem\",\"position\":3,\"name\":\"Gestione e governance\",\"item\":\"https:\/\/www.capgemini.com\/it-it\/chi-siamo\/gestione-governance\/\"},{\"@type\":\"ListItem\",\"position\":4,\"name\":\"Politiche\",\"item\":\"https:\/\/www.capgemini.com\/it-it\/chi-siamo\/gestione-governance\/politiche\/\"},{\"@type\":\"ListItem\",\"position\":5,\"name\":\"Modello di organizzazione, gestione e controllo\"}]},{\"@type\":\"WebSite\",\"@id\":\"https:\/\/www.capgemini.com\/it-it\/#website\",\"url\":\"https:\/\/www.capgemini.com\/it-it\/\",\"name\":\"Capgemini Italia\",\"description\":\"Get The Future You Want\",\"potentialAction\":[{\"@type\":\"SearchAction\",\"target\":{\"@type\":\"EntryPoint\",\"urlTemplate\":\"https:\/\/www.capgemini.com\/it-it\/?s={search_term_string}\"},\"query-input\":\"required name=search_term_string\"}],\"inLanguage\":\"it-IT\"}]}<\/script>\n<!-- \/ Yoast SEO Premium plugin. -->","yoast_head_json":{"title":"Modello di organizzazione, gestione e controllo - Capgemini Italia","robots":{"index":"index","follow":"follow","max-snippet":"max-snippet:-1","max-image-preview":"max-image-preview:large","max-video-preview":"max-video-preview:-1"},"canonical":"https:\/\/www.capgemini.com\/it-it\/chi-siamo\/gestione-governance\/politiche\/modello-organizzazione-gestione-controllo\/","og_locale":"it_IT","og_type":"article","og_title":"Modello di organizzazione, gestione e controllo","og_url":"https:\/\/www.capgemini.com\/it-it\/chi-siamo\/gestione-governance\/politiche\/modello-organizzazione-gestione-controllo\/","og_site_name":"Capgemini Italia","article_modified_time":"2025-11-21T16:37:57+00:00","og_image":[{"width":2880,"height":1800,"url":"https:\/\/www.capgemini.com\/it-it\/wp-content\/uploads\/sites\/15\/2024\/03\/Capgemini_Ethics_active-listening.webp","type":"image\/webp"}],"twitter_card":"summary_large_image","twitter_misc":{"Est. reading time":"2 minutes"},"schema":{"@context":"https:\/\/schema.org","@graph":[{"@type":"WebPage","@id":"https:\/\/www.capgemini.com\/it-it\/chi-siamo\/gestione-governance\/politiche\/modello-organizzazione-gestione-controllo\/","url":"https:\/\/www.capgemini.com\/it-it\/chi-siamo\/gestione-governance\/politiche\/modello-organizzazione-gestione-controllo\/","name":"Modello di organizzazione, gestione e controllo - Capgemini Italia","isPartOf":{"@id":"https:\/\/www.capgemini.com\/it-it\/#website"},"primaryImageOfPage":{"@id":"https:\/\/www.capgemini.com\/it-it\/chi-siamo\/gestione-governance\/politiche\/modello-organizzazione-gestione-controllo\/#primaryimage"},"image":{"@id":"https:\/\/www.capgemini.com\/it-it\/chi-siamo\/gestione-governance\/politiche\/modello-organizzazione-gestione-controllo\/#primaryimage"},"thumbnailUrl":"https:\/\/www.capgemini.com\/it-it\/wp-content\/uploads\/sites\/15\/2024\/03\/Capgemini_Ethics_active-listening.webp","datePublished":"2025-03-18T16:22:13+00:00","dateModified":"2025-11-21T16:37:57+00:00","breadcrumb":{"@id":"https:\/\/www.capgemini.com\/it-it\/chi-siamo\/gestione-governance\/politiche\/modello-organizzazione-gestione-controllo\/#breadcrumb"},"inLanguage":"it-IT","potentialAction":[{"@type":"ReadAction","target":["https:\/\/www.capgemini.com\/it-it\/chi-siamo\/gestione-governance\/politiche\/modello-organizzazione-gestione-controllo\/"]}]},{"@type":"ImageObject","inLanguage":"it-IT","@id":"https:\/\/www.capgemini.com\/it-it\/chi-siamo\/gestione-governance\/politiche\/modello-organizzazione-gestione-controllo\/#primaryimage","url":"https:\/\/www.capgemini.com\/it-it\/wp-content\/uploads\/sites\/15\/2024\/03\/Capgemini_Ethics_active-listening.webp","contentUrl":"https:\/\/www.capgemini.com\/it-it\/wp-content\/uploads\/sites\/15\/2024\/03\/Capgemini_Ethics_active-listening.webp","width":2880,"height":1800},{"@type":"BreadcrumbList","@id":"https:\/\/www.capgemini.com\/it-it\/chi-siamo\/gestione-governance\/politiche\/modello-organizzazione-gestione-controllo\/#breadcrumb","itemListElement":[{"@type":"ListItem","position":1,"name":"Home","item":"https:\/\/www.capgemini.com\/it-it\/"},{"@type":"ListItem","position":2,"name":"Chi siamo","item":"https:\/\/www.capgemini.com\/it-it\/chi-siamo\/"},{"@type":"ListItem","position":3,"name":"Gestione e governance","item":"https:\/\/www.capgemini.com\/it-it\/chi-siamo\/gestione-governance\/"},{"@type":"ListItem","position":4,"name":"Politiche","item":"https:\/\/www.capgemini.com\/it-it\/chi-siamo\/gestione-governance\/politiche\/"},{"@type":"ListItem","position":5,"name":"Modello di organizzazione, gestione e controllo"}]},{"@type":"WebSite","@id":"https:\/\/www.capgemini.com\/it-it\/#website","url":"https:\/\/www.capgemini.com\/it-it\/","name":"Capgemini Italia","description":"Get The Future You Want","potentialAction":[{"@type":"SearchAction","target":{"@type":"EntryPoint","urlTemplate":"https:\/\/www.capgemini.com\/it-it\/?s={search_term_string}"},"query-input":"required name=search_term_string"}],"inLanguage":"it-IT"}]}},"brand_term":[],"parsely":{"version":"1.1.0","canonical_url":"https:\/\/capgemini.com\/it-it\/chi-siamo\/gestione-governance\/politiche\/modello-organizzazione-gestione-controllo\/","smart_links":{"inbound":0,"outbound":0},"traffic_boost_suggestions_count":0,"meta":{"@context":"https:\/\/schema.org","@type":"WebPage","headline":"Modello di organizzazione, gestione e controllo","url":"https:\/\/www.capgemini.com\/it-it\/chi-siamo\/gestione-governance\/politiche\/modello-organizzazione-gestione-controllo\/","mainEntityOfPage":{"@type":"WebPage","@id":"https:\/\/www.capgemini.com\/it-it\/chi-siamo\/gestione-governance\/politiche\/modello-organizzazione-gestione-controllo\/"},"thumbnailUrl":"https:\/\/www.capgemini.com\/it-it\/wp-content\/uploads\/sites\/15\/2024\/03\/Capgemini_Ethics_active-listening.webp?w=150&h=150&crop=1","image":{"@type":"ImageObject","url":"https:\/\/www.capgemini.com\/it-it\/wp-content\/uploads\/sites\/15\/2024\/03\/Capgemini_Ethics_active-listening.webp"},"articleSection":"Uncategorized","author":[],"creator":[],"publisher":{"@type":"Organization","name":"Capgemini Italia","logo":""},"keywords":[],"dateCreated":"2025-03-18T16:22:13Z","datePublished":"2025-03-18T16:22:13Z","dateModified":"2025-11-21T16:37:57Z"},"rendered":"<meta name=\"parsely-title\" content=\"Modello di organizzazione, gestione e controllo\" \/>\n<meta name=\"parsely-link\" content=\"https:\/\/www.capgemini.com\/it-it\/chi-siamo\/gestione-governance\/politiche\/modello-organizzazione-gestione-controllo\/\" \/>\n<meta name=\"parsely-type\" content=\"index\" \/>\n<meta name=\"parsely-image-url\" content=\"https:\/\/www.capgemini.com\/it-it\/wp-content\/uploads\/sites\/15\/2024\/03\/Capgemini_Ethics_active-listening.webp?w=150&amp;h=150&amp;crop=1\" \/>\n<meta name=\"parsely-pub-date\" content=\"2025-03-18T16:22:13Z\" \/>\n<meta name=\"parsely-section\" content=\"Uncategorized\" \/>","tracker_url":"https:\/\/cdn.parsely.com\/keys\/capgemini.com\/p.js"},"archive_status":false,"featured_image_src":"https:\/\/www.capgemini.com\/it-it\/wp-content\/uploads\/sites\/15\/2024\/03\/Capgemini_Ethics_active-listening.webp","featured_image_alt":"","jetpack_sharing_enabled":true,"distributor_meta":false,"distributor_terms":false,"distributor_media":false,"distributor_original_site_name":"Capgemini Italia","distributor_original_site_url":"https:\/\/www.capgemini.com\/it-it","push-errors":false,"_links":{"self":[{"href":"https:\/\/www.capgemini.com\/it-it\/wp-json\/wp\/v2\/pages\/851959","targetHints":{"allow":["GET"]}}],"collection":[{"href":"https:\/\/www.capgemini.com\/it-it\/wp-json\/wp\/v2\/pages"}],"about":[{"href":"https:\/\/www.capgemini.com\/it-it\/wp-json\/wp\/v2\/types\/page"}],"author":[{"embeddable":true,"href":"https:\/\/www.capgemini.com\/it-it\/wp-json\/wp\/v2\/users\/500"}],"replies":[{"embeddable":true,"href":"https:\/\/www.capgemini.com\/it-it\/wp-json\/wp\/v2\/comments?post=851959"}],"version-history":[{"count":3,"href":"https:\/\/www.capgemini.com\/it-it\/wp-json\/wp\/v2\/pages\/851959\/revisions"}],"predecessor-version":[{"id":854422,"href":"https:\/\/www.capgemini.com\/it-it\/wp-json\/wp\/v2\/pages\/851959\/revisions\/854422"}],"up":[{"embeddable":true,"href":"https:\/\/www.capgemini.com\/it-it\/wp-json\/wp\/v2\/pages\/639065"}],"wp:featuredmedia":[{"embeddable":true,"href":"https:\/\/www.capgemini.com\/it-it\/wp-json\/wp\/v2\/media\/848043"}],"wp:attachment":[{"href":"https:\/\/www.capgemini.com\/it-it\/wp-json\/wp\/v2\/media?parent=851959"}],"wp:term":[{"taxonomy":"brand","embeddable":true,"href":"https:\/\/www.capgemini.com\/it-it\/wp-json\/wp\/v2\/brand?post=851959"},{"taxonomy":"partner_type","embeddable":true,"href":"https:\/\/www.capgemini.com\/it-it\/wp-json\/wp\/v2\/partner_type?post=851959"},{"taxonomy":"service","embeddable":true,"href":"https:\/\/www.capgemini.com\/it-it\/wp-json\/wp\/v2\/service?post=851959"},{"taxonomy":"industry","embeddable":true,"href":"https:\/\/www.capgemini.com\/it-it\/wp-json\/wp\/v2\/industry?post=851959"},{"taxonomy":"partners","embeddable":true,"href":"https:\/\/www.capgemini.com\/it-it\/wp-json\/wp\/v2\/partners?post=851959"},{"taxonomy":"page-type","embeddable":true,"href":"https:\/\/www.capgemini.com\/it-it\/wp-json\/wp\/v2\/page-type?post=851959"},{"taxonomy":"content-group","embeddable":true,"href":"https:\/\/www.capgemini.com\/it-it\/wp-json\/wp\/v2\/content-group?post=851959"}],"curies":[{"name":"wp","href":"https:\/\/api.w.org\/{rel}","templated":true}]}}