{"id":845415,"date":"2023-07-17T08:29:18","date_gmt":"2023-07-17T08:29:18","guid":{"rendered":"https:\/\/www.capgemini.com\/it-it\/?page_id=845415&#038;preview_id=845415"},"modified":"2026-01-08T14:00:25","modified_gmt":"2026-01-08T14:00:25","slug":"politica-protezione-dati","status":"publish","type":"page","link":"https:\/\/www.capgemini.com\/it-it\/chi-siamo\/gestione-governance\/politiche\/politica-protezione-dati\/","title":{"rendered":"Politica di protezione dei dati"},"content":{"rendered":"\n<header class=\"wp-block-cg-blocks-hero-reusable is-style-blue-line header heroReusable  \"><div class=\"header-bgs\"><picture><source srcset=\"https:\/\/www.capgemini.com\/wp-content\/uploads\/2023\/05\/Capgemini_About-Us_our-policies.jpg?w=2880&amp;quality=70 1x, https:\/\/www.capgemini.com\/wp-content\/uploads\/2023\/05\/Capgemini_About-Us_our-policies.jpg?w=2880&amp;quality=70 2x\" media=\"(min-width: 1500px)\"\/><source srcset=\"https:\/\/www.capgemini.com\/wp-content\/uploads\/2023\/05\/Capgemini_About-Us_our-policies.jpg?w=1440&amp;quality=70 1x, https:\/\/www.capgemini.com\/wp-content\/uploads\/2023\/05\/Capgemini_About-Us_our-policies.jpg?w=2880&amp;quality=70 2x\" media=\"(min-width: 992px)\"\/><source srcset=\"https:\/\/www.capgemini.com\/wp-content\/uploads\/2023\/05\/Capgemini_About-Us_our-policies.jpg?w=1024&amp;quality=70 1x, https:\/\/www.capgemini.com\/wp-content\/uploads\/2023\/05\/Capgemini_About-Us_our-policies.jpg?w=1024&amp;quality=70 2x\" media=\"(min-width: 768px)\"\/><source srcset=\"https:\/\/www.capgemini.com\/wp-content\/uploads\/2023\/05\/Capgemini_About-Us_our-policies.jpg?w=768&amp;quality=70 1x, https:\/\/www.capgemini.com\/wp-content\/uploads\/2023\/05\/Capgemini_About-Us_our-policies.jpg?w=768&amp;quality=70 2x\" media=\"(min-width: 0)\"\/><img decoding=\"async\" src=\"https:\/\/www.capgemini.com\/wp-content\/uploads\/2023\/05\/Capgemini_About-Us_our-policies.jpg\" class=\"header-img header-img-d\" alt=\"\" style=\"object-fit:cover;object-position:50% 50%\" loading=\"eager\"\/><\/picture><\/div><div class=\"heroPictureCardHeaderShape\"><\/div><div class=\"container\"><div class=\"row\"><div class=\"col-md-12\"><div class=\"box\"><div class=\"boxTagWrapper\"><div class=\"tagInfo\"><div><span class=\"box-tag\">Politiche<\/span><\/div><\/div><\/div><div class=\"box-title\"><h1 data-maxlength=\"34\">Politica di protezione dei dati<\/h1><\/div><div class=\"inner-row-insight download-btn\"><\/div><\/div><\/div><\/div><\/div><\/header>\n\n\n\n<section class=\"wp-block-cg-blocks-group undefined section section--article-content\"><div class=\"article-main-content\"><div class=\"container\"><div class=\"row\"><div class=\"col-12 col-md-1\"><nav class=\"article-social\"><ul class=\"social-nav\"><li class=\"ip-order-fb\"><a href=\"https:\/\/www.facebook.com\/sharer\/sharer.php?u=https:\/\/www.capgemini.com\/?page_id=890423\" target=\"_blank\" rel=\"noopener noreferrer\" title=\"si apre in una nuova finestra\"><i aria-hidden=\"true\" class=\"icon-fb\"><\/i><span class=\"sr-only\">Facebook<\/span><\/a><\/li><li class=\"ip-order-tw\"><a href=\"https:\/\/twitter.com\/intent\/tweet?url=https:\/\/www.capgemini.com\/?page_id=890423&amp;text=Data%20Protection%20Policy\" target=\"_blank\" rel=\"noopener noreferrer\" title=\"si apre in una nuova finestra\"><i aria-hidden=\"true\" class=\"icon-tw\"><\/i><span class=\"sr-only\">Twitter<\/span><\/a><\/li><li class=\"ip-order-li\"><a href=\"https:\/\/www.linkedin.com\/shareArticle?url=https:\/\/www.capgemini.com\/?page_id=890423&amp;text=Data%20Protection%20Policy\" target=\"_blank\" rel=\"noopener noreferrer\" title=\"si apre in una nuova finestra\"><i aria-hidden=\"true\" class=\"icon-li\"><\/i><span class=\"sr-only\">Linkedin<\/span><\/a><\/li><\/ul><\/nav><\/div><div class=\"col-12 col-md-11 col-lg-10\"><div class=\"article-text article-quote-text\">\n<h3 class=\"wp-block-heading\" id=\"h-capgemini-si-impegna-a-proteggere-la-privacy-dei-propri-clienti-dipendenti-e-partner-a-tal-fine-capgemini-ha-adottato-le-binding-corporate-rules-bcr-come-politica-globale-di-protezione-dei-dati\">Capgemini si impegna a proteggere la privacy dei propri clienti, dipendenti e partner. A tal fine, Capgemini ha adottato le Binding Corporate Rules (BCR) come politica globale di protezione dei dati.<\/h3>\n\n\n\n<p><strong>Le BCR di Capgemini si applicano a tutte le entit\u00e0 Capgemini e ai loro dipendenti, garantendo un elevato standard di protezione per tutti i dati personali trattati da Capgemini<\/strong>, sia direttamente che per conto dei propri clienti.<\/p>\n\n\n\n<div class=\"wp-block-columns is-layout-flex wp-container-core-columns-is-layout-28f84493 wp-block-columns-is-layout-flex\">\n<div class=\"wp-block-column is-layout-flow wp-block-column-is-layout-flow\">\n<figure class=\"wp-block-image aligncenter size-medium\"><img decoding=\"async\" src=\"https:\/\/www.capgemini.com\/wp-content\/uploads\/2023\/05\/BCR1_EU.jpg?w=300\" alt=\"\" class=\"wp-image-894169\"\/><\/figure>\n\n\n\n<div style=\"height:19px\" aria-hidden=\"true\" class=\"wp-block-spacer\"><\/div>\n\n\n\n<div class=\"wp-block-buttons is-content-justification-center is-layout-flex wp-container-core-buttons-is-layout-a89b3969 wp-block-buttons-is-layout-flex\">\n<div class=\"wp-block-button\"><a class=\"wp-block-button__link wp-element-button\" href=\"https:\/\/www.capgemini.com\/it-it\/wp-content\/uploads\/sites\/15\/2026\/01\/ITA-CG-BCR-C-Public-version-Apr.-2025.pdf\" target=\"_blank\" rel=\"noreferrer noopener\">Scarica le BCR-C EU (attivit\u00e0 di Controller)<\/a><\/div>\n\n\n\n<div class=\"wp-block-button\"><a class=\"wp-block-button__link wp-element-button\" href=\"https:\/\/www.capgemini.com\/wp-content\/uploads\/2023\/05\/EU-BCR-P-Public-version-updated-March-2023.pdf\" target=\"_blank\" rel=\"noreferrer noopener\">Scarica le BCR-P EU (attivit\u00e0 di Processor)<\/a><\/div>\n<\/div>\n\n\n\n<div style=\"height:32px\" aria-hidden=\"true\" class=\"wp-block-spacer\"><\/div>\n\n\n\n<p><strong><strong>Le Binding Corporate Rules dell&#8217;UE (BCR EU) per le attivit\u00e0 di titolare e responsabile del trattamento<\/strong><\/strong>: inizialmente approvate dalle autorit\u00e0 europee per la protezione dei dati nel marzo 2016 e successivamente aggiornate nel gennaio 2019 per conformarsi al regolamento generale sulla protezione dei dati (GDPR).<\/p>\n\n\n\n<p>Le BCR di Capgemini EU sono state aggiornate l&#8217;ultima volta nell&#8217;aprile 2023 alla luce della cosiddetta decisione <em>Schrems II<\/em>. Al fine di allinearsi agli obblighi aggiuntivi derivanti da questa decisione, il Comitato europeo per la protezione dei dati (EDPB), composto da rappresentanti delle autorit\u00e0 nazionali per la protezione dei dati dell&#8217;UE, sta aggiornando i requisiti delle BCR. Nel frattempo, <strong>Capgemini ha collaborato con la sua principale autorit\u00e0 per la protezione dei dati, il CNIL, per avviare il processo di aggiornamento delle sue BCR per conformarsi ai requisiti imminenti. La versione pubblica delle BCR di Capgemini EU riflette questo lavoro.<\/strong><\/p>\n<\/div>\n\n\n\n<div class=\"wp-block-column is-layout-flow wp-block-column-is-layout-flow\">\n<figure class=\"wp-block-image aligncenter size-medium\"><img decoding=\"async\" src=\"https:\/\/www.capgemini.com\/wp-content\/uploads\/2023\/05\/BCR1_UK-2.jpg?w=300\" alt=\"\" class=\"wp-image-894181\"\/><\/figure>\n\n\n\n<div style=\"height:23px\" aria-hidden=\"true\" class=\"wp-block-spacer\"><\/div>\n\n\n\n<div class=\"wp-block-buttons is-content-justification-center is-layout-flex wp-container-core-buttons-is-layout-a89b3969 wp-block-buttons-is-layout-flex\">\n<div class=\"wp-block-button\"><a class=\"wp-block-button__link wp-element-button\" href=\"https:\/\/www.capgemini.com\/wp-content\/uploads\/2024\/02\/CGUKDataController_publicversion.pdf\" target=\"_blank\" rel=\"noreferrer noopener\">Scarica le BCR-C UK (attivit\u00e0 di Controller)<\/a><\/div>\n\n\n\n<div class=\"wp-block-button\"><a class=\"wp-block-button__link wp-element-button\" href=\"https:\/\/www.capgemini.com\/wp-content\/uploads\/2022\/08\/CG-UK-BCR-P-Public-Version.pdf\" target=\"_blank\" rel=\"noreferrer noopener\">Scarica le BCR-P UK (attivit\u00e0 di Processor)<\/a><\/div>\n<\/div>\n\n\n\n<div style=\"height:30px\" aria-hidden=\"true\" class=\"wp-block-spacer\"><\/div>\n\n\n\n<p><strong><strong>Le Binding Corporate Rules del Regno Unito (BCR UK) per le attivit\u00e0 di titolare e responsabile del trattamento<\/strong><\/strong>: a seguito della Brexit, e per conformarsi alla legislazione sulla protezione dei dati del Regno Unito, Capgemini ha presentato una domanda per le BCR UK all&#8217;Information Commissioner Office (ICO), l&#8217;Autorit\u00e0 per la protezione dei dati del Regno Unito, che \u00e8 stata approvata nel marzo 2022.<\/p>\n\n\n\n<p>Oltre ad essere la politica globale di protezione dei dati di Capgemini, <strong>le BCR consentono a Capgemini di trasferire in modo sicuro i dati personali tra le entit\u00e0 del Gruppo, in conformit\u00e0 con il Regolamento generale sulla protezione dei dati dell&#8217;UE (GDPR) e il Regolamento generale sulla protezione dei dati del Regno Unito (GDPR UK).<\/strong><\/p>\n<\/div>\n<\/div>\n\n\n\n<p><strong>Le BCR di Capgemini EU e UK come Controller (BCR-C)<\/strong> si applicano e coprono il trattamento e i trasferimenti di dati personali effettuati da entit\u00e0 Capgemini che agiscono in qualit\u00e0 di titolari del trattamento dei dati, ovvero <strong>quando Capgemini elabora e trasferisce dati tra entit\u00e0 del Gruppo nell&#8217;ambito delle proprie operazioni.<\/strong><\/p>\n\n\n\n<p><strong>Le BCR di Capgemini EU e UK come Processor (BCR-P) si applicano e coprono l&#8217;elaborazione e i trasferimenti di dati personali<\/strong> effettuati da Capgemini in qualit\u00e0 di responsabile del trattamento dei dati, ovvero <strong>laddove Capgemini elabora e trasferisce dati personali per fornire servizi ai propri clienti<\/strong>. Pi\u00f9 specificamente e come previsto dalla bozza della Raccomandazione 1\/2022 dell&#8217;EDPB (adottata a novembre 2022), <em>\u201cle BCR-P si applicano ai dati ricevuti da un titolare del trattamento che non \u00e8 un membro del Gruppo e che vengono successivamente elaborati dai membri del Gruppo interessati in qualit\u00e0 di responsabili e\/o sub-responsabili.\u201d<\/em><\/p>\n<\/div><\/div><\/div><\/div><\/div><\/section>\n\n\n\n<p><\/p>\n","protected":false},"excerpt":{"rendered":"","protected":false},"author":121,"featured_media":0,"parent":639065,"menu_order":0,"comment_status":"closed","ping_status":"closed","template":"","meta":{"cg_dt_proposed_to":[],"cg_seo_hreflang_relations":"[]","cg_seo_canonical_relation":"","cg_seo_hreflang_x_default_relation":"{\"uuid\":\"38d748d9-6651-4627-81b6-0870820ec0a8\",\"blogId\":\"\",\"domain\":\"\",\"sitePath\":\"\",\"postLink\":\"\",\"postId\":null,\"isSaved\":true,\"isCrossLink\":false,\"hasCrossLink\":false}","cg_dt_approved_content":true,"cg_dt_mandatory_content":false,"cg_dt_notes":"","cg_dg_source_changed":true,"cg_dt_link_disabled":false,"_yoast_wpseo_primary_brand":"","footnotes":"","featured_focal_points":"","partner_card_description":"","gsap_animation":0},"brand":[],"partner_type":[],"service":[],"industry":[],"partners":[],"page-type":[29],"content-group":[],"class_list":["post-845415","page","type-page","status-publish","hentry","page-type-about-us"],"yoast_head":"<!-- This site is optimized with the Yoast SEO Premium plugin v22.8 (Yoast SEO v22.8) - https:\/\/yoast.com\/wordpress\/plugins\/seo\/ -->\n<title>Politica di protezione dei dati | Gestione e governance | Capgemini<\/title>\n<meta name=\"description\" content=\"Capgemini si impegna a proteggere la privacy dei propri clienti, dipendenti e partner.\" \/>\n<meta name=\"robots\" content=\"index, follow, max-snippet:-1, max-image-preview:large, max-video-preview:-1\" \/>\n<link rel=\"canonical\" href=\"https:\/\/www.capgemini.com\/it-it\/chi-siamo\/gestione-governance\/politiche\/politica-protezione-dati\/\" \/>\n<meta property=\"og:locale\" content=\"it_IT\" \/>\n<meta property=\"og:type\" content=\"article\" \/>\n<meta property=\"og:title\" content=\"Politica di protezione dei dati\" \/>\n<meta property=\"og:description\" content=\"Capgemini si impegna a proteggere la privacy dei propri clienti, dipendenti e partner.\" \/>\n<meta property=\"og:url\" content=\"https:\/\/www.capgemini.com\/it-it\/chi-siamo\/gestione-governance\/politiche\/politica-protezione-dati\/\" \/>\n<meta property=\"og:site_name\" content=\"Capgemini Italia\" \/>\n<meta property=\"article:modified_time\" content=\"2026-01-08T14:00:25+00:00\" \/>\n<meta property=\"og:image\" content=\"https:\/\/www.capgemini.com\/wp-content\/uploads\/2023\/05\/Capgemini_About-Us_our-policies.jpg\" \/>\n<meta name=\"twitter:card\" content=\"summary_large_image\" \/>\n<meta name=\"twitter:label1\" content=\"Est. reading time\" \/>\n\t<meta name=\"twitter:data1\" content=\"4 minutes\" \/>\n<script type=\"application\/ld+json\" class=\"yoast-schema-graph\">{\"@context\":\"https:\/\/schema.org\",\"@graph\":[{\"@type\":\"WebPage\",\"@id\":\"https:\/\/www.capgemini.com\/it-it\/chi-siamo\/gestione-governance\/politiche\/politica-protezione-dati\/\",\"url\":\"https:\/\/www.capgemini.com\/it-it\/chi-siamo\/gestione-governance\/politiche\/politica-protezione-dati\/\",\"name\":\"Politica di protezione dei dati | Gestione e governance | Capgemini\",\"isPartOf\":{\"@id\":\"https:\/\/www.capgemini.com\/it-it\/#website\"},\"primaryImageOfPage\":{\"@id\":\"https:\/\/www.capgemini.com\/it-it\/chi-siamo\/gestione-governance\/politiche\/politica-protezione-dati\/#primaryimage\"},\"image\":{\"@id\":\"https:\/\/www.capgemini.com\/it-it\/chi-siamo\/gestione-governance\/politiche\/politica-protezione-dati\/#primaryimage\"},\"thumbnailUrl\":\"https:\/\/www.capgemini.com\/wp-content\/uploads\/2023\/05\/Capgemini_About-Us_our-policies.jpg\",\"datePublished\":\"2023-07-17T08:29:18+00:00\",\"dateModified\":\"2026-01-08T14:00:25+00:00\",\"description\":\"Capgemini si impegna a proteggere la privacy dei propri clienti, dipendenti e partner.\",\"breadcrumb\":{\"@id\":\"https:\/\/www.capgemini.com\/it-it\/chi-siamo\/gestione-governance\/politiche\/politica-protezione-dati\/#breadcrumb\"},\"inLanguage\":\"it-IT\",\"potentialAction\":[{\"@type\":\"ReadAction\",\"target\":[\"https:\/\/www.capgemini.com\/it-it\/chi-siamo\/gestione-governance\/politiche\/politica-protezione-dati\/\"]}]},{\"@type\":\"ImageObject\",\"inLanguage\":\"it-IT\",\"@id\":\"https:\/\/www.capgemini.com\/it-it\/chi-siamo\/gestione-governance\/politiche\/politica-protezione-dati\/#primaryimage\",\"url\":\"https:\/\/www.capgemini.com\/wp-content\/uploads\/2023\/05\/Capgemini_About-Us_our-policies.jpg\",\"contentUrl\":\"https:\/\/www.capgemini.com\/wp-content\/uploads\/2023\/05\/Capgemini_About-Us_our-policies.jpg\"},{\"@type\":\"BreadcrumbList\",\"@id\":\"https:\/\/www.capgemini.com\/it-it\/chi-siamo\/gestione-governance\/politiche\/politica-protezione-dati\/#breadcrumb\",\"itemListElement\":[{\"@type\":\"ListItem\",\"position\":1,\"name\":\"Home\",\"item\":\"https:\/\/www.capgemini.com\/it-it\/\"},{\"@type\":\"ListItem\",\"position\":2,\"name\":\"Chi siamo\",\"item\":\"https:\/\/www.capgemini.com\/it-it\/chi-siamo\/\"},{\"@type\":\"ListItem\",\"position\":3,\"name\":\"Gestione e governance\",\"item\":\"https:\/\/www.capgemini.com\/it-it\/chi-siamo\/gestione-governance\/\"},{\"@type\":\"ListItem\",\"position\":4,\"name\":\"Politiche\",\"item\":\"https:\/\/www.capgemini.com\/it-it\/chi-siamo\/gestione-governance\/politiche\/\"},{\"@type\":\"ListItem\",\"position\":5,\"name\":\"Politica di protezione dei dati\"}]},{\"@type\":\"WebSite\",\"@id\":\"https:\/\/www.capgemini.com\/it-it\/#website\",\"url\":\"https:\/\/www.capgemini.com\/it-it\/\",\"name\":\"Capgemini Italia\",\"description\":\"Get The Future You Want\",\"potentialAction\":[{\"@type\":\"SearchAction\",\"target\":{\"@type\":\"EntryPoint\",\"urlTemplate\":\"https:\/\/www.capgemini.com\/it-it\/?s={search_term_string}\"},\"query-input\":\"required name=search_term_string\"}],\"inLanguage\":\"it-IT\"}]}<\/script>\n<!-- \/ Yoast SEO Premium plugin. -->","yoast_head_json":{"title":"Politica di protezione dei dati | Gestione e governance | Capgemini","description":"Capgemini si impegna a proteggere la privacy dei propri clienti, dipendenti e partner.","robots":{"index":"index","follow":"follow","max-snippet":"max-snippet:-1","max-image-preview":"max-image-preview:large","max-video-preview":"max-video-preview:-1"},"canonical":"https:\/\/www.capgemini.com\/it-it\/chi-siamo\/gestione-governance\/politiche\/politica-protezione-dati\/","og_locale":"it_IT","og_type":"article","og_title":"Politica di protezione dei dati","og_description":"Capgemini si impegna a proteggere la privacy dei propri clienti, dipendenti e partner.","og_url":"https:\/\/www.capgemini.com\/it-it\/chi-siamo\/gestione-governance\/politiche\/politica-protezione-dati\/","og_site_name":"Capgemini Italia","article_modified_time":"2026-01-08T14:00:25+00:00","og_image":[{"url":"https:\/\/www.capgemini.com\/wp-content\/uploads\/2023\/05\/Capgemini_About-Us_our-policies.jpg"}],"twitter_card":"summary_large_image","twitter_misc":{"Est. reading time":"4 minutes"},"schema":{"@context":"https:\/\/schema.org","@graph":[{"@type":"WebPage","@id":"https:\/\/www.capgemini.com\/it-it\/chi-siamo\/gestione-governance\/politiche\/politica-protezione-dati\/","url":"https:\/\/www.capgemini.com\/it-it\/chi-siamo\/gestione-governance\/politiche\/politica-protezione-dati\/","name":"Politica di protezione dei dati | Gestione e governance | Capgemini","isPartOf":{"@id":"https:\/\/www.capgemini.com\/it-it\/#website"},"primaryImageOfPage":{"@id":"https:\/\/www.capgemini.com\/it-it\/chi-siamo\/gestione-governance\/politiche\/politica-protezione-dati\/#primaryimage"},"image":{"@id":"https:\/\/www.capgemini.com\/it-it\/chi-siamo\/gestione-governance\/politiche\/politica-protezione-dati\/#primaryimage"},"thumbnailUrl":"https:\/\/www.capgemini.com\/wp-content\/uploads\/2023\/05\/Capgemini_About-Us_our-policies.jpg","datePublished":"2023-07-17T08:29:18+00:00","dateModified":"2026-01-08T14:00:25+00:00","description":"Capgemini si impegna a proteggere la privacy dei propri clienti, dipendenti e partner.","breadcrumb":{"@id":"https:\/\/www.capgemini.com\/it-it\/chi-siamo\/gestione-governance\/politiche\/politica-protezione-dati\/#breadcrumb"},"inLanguage":"it-IT","potentialAction":[{"@type":"ReadAction","target":["https:\/\/www.capgemini.com\/it-it\/chi-siamo\/gestione-governance\/politiche\/politica-protezione-dati\/"]}]},{"@type":"ImageObject","inLanguage":"it-IT","@id":"https:\/\/www.capgemini.com\/it-it\/chi-siamo\/gestione-governance\/politiche\/politica-protezione-dati\/#primaryimage","url":"https:\/\/www.capgemini.com\/wp-content\/uploads\/2023\/05\/Capgemini_About-Us_our-policies.jpg","contentUrl":"https:\/\/www.capgemini.com\/wp-content\/uploads\/2023\/05\/Capgemini_About-Us_our-policies.jpg"},{"@type":"BreadcrumbList","@id":"https:\/\/www.capgemini.com\/it-it\/chi-siamo\/gestione-governance\/politiche\/politica-protezione-dati\/#breadcrumb","itemListElement":[{"@type":"ListItem","position":1,"name":"Home","item":"https:\/\/www.capgemini.com\/it-it\/"},{"@type":"ListItem","position":2,"name":"Chi siamo","item":"https:\/\/www.capgemini.com\/it-it\/chi-siamo\/"},{"@type":"ListItem","position":3,"name":"Gestione e governance","item":"https:\/\/www.capgemini.com\/it-it\/chi-siamo\/gestione-governance\/"},{"@type":"ListItem","position":4,"name":"Politiche","item":"https:\/\/www.capgemini.com\/it-it\/chi-siamo\/gestione-governance\/politiche\/"},{"@type":"ListItem","position":5,"name":"Politica di protezione dei dati"}]},{"@type":"WebSite","@id":"https:\/\/www.capgemini.com\/it-it\/#website","url":"https:\/\/www.capgemini.com\/it-it\/","name":"Capgemini Italia","description":"Get The Future You Want","potentialAction":[{"@type":"SearchAction","target":{"@type":"EntryPoint","urlTemplate":"https:\/\/www.capgemini.com\/it-it\/?s={search_term_string}"},"query-input":"required name=search_term_string"}],"inLanguage":"it-IT"}]}},"brand_term":[],"parsely":{"version":"1.1.0","canonical_url":"https:\/\/capgemini.com\/it-it\/chi-siamo\/gestione-governance\/politiche\/politica-protezione-dati\/","smart_links":{"inbound":0,"outbound":0},"traffic_boost_suggestions_count":0,"meta":{"@context":"https:\/\/schema.org","@type":"WebPage","headline":"Politica di protezione dei dati","url":"https:\/\/www.capgemini.com\/it-it\/chi-siamo\/gestione-governance\/politiche\/politica-protezione-dati\/","mainEntityOfPage":{"@type":"WebPage","@id":"https:\/\/www.capgemini.com\/it-it\/chi-siamo\/gestione-governance\/politiche\/politica-protezione-dati\/"},"thumbnailUrl":"","image":{"@type":"ImageObject","url":""},"articleSection":"Uncategorized","author":[],"creator":[],"publisher":{"@type":"Organization","name":"Capgemini Italia","logo":""},"keywords":[],"dateCreated":"2023-07-17T08:29:18Z","datePublished":"2023-07-17T08:29:18Z","dateModified":"2026-01-08T14:00:25Z"},"rendered":"<meta name=\"parsely-title\" content=\"Politica di protezione dei dati\" \/>\n<meta name=\"parsely-link\" content=\"https:\/\/www.capgemini.com\/it-it\/chi-siamo\/gestione-governance\/politiche\/politica-protezione-dati\/\" \/>\n<meta name=\"parsely-type\" content=\"index\" \/>\n<meta name=\"parsely-pub-date\" content=\"2023-07-17T08:29:18Z\" \/>\n<meta name=\"parsely-section\" content=\"Uncategorized\" \/>","tracker_url":"https:\/\/cdn.parsely.com\/keys\/capgemini.com\/p.js"},"archive_status":false,"featured_image_src":"https:\/\/www.capgemini.com\/it-it\/wp-content\/themes\/capgemini2025\/assets\/images\/mockup.png","featured_image_alt":false,"jetpack_sharing_enabled":true,"distributor_meta":false,"distributor_terms":false,"distributor_media":false,"distributor_original_site_name":"Capgemini Italia","distributor_original_site_url":"https:\/\/www.capgemini.com\/it-it","push-errors":false,"_links":{"self":[{"href":"https:\/\/www.capgemini.com\/it-it\/wp-json\/wp\/v2\/pages\/845415","targetHints":{"allow":["GET"]}}],"collection":[{"href":"https:\/\/www.capgemini.com\/it-it\/wp-json\/wp\/v2\/pages"}],"about":[{"href":"https:\/\/www.capgemini.com\/it-it\/wp-json\/wp\/v2\/types\/page"}],"author":[{"embeddable":true,"href":"https:\/\/www.capgemini.com\/it-it\/wp-json\/wp\/v2\/users\/121"}],"replies":[{"embeddable":true,"href":"https:\/\/www.capgemini.com\/it-it\/wp-json\/wp\/v2\/comments?post=845415"}],"version-history":[{"count":15,"href":"https:\/\/www.capgemini.com\/it-it\/wp-json\/wp\/v2\/pages\/845415\/revisions"}],"predecessor-version":[{"id":854704,"href":"https:\/\/www.capgemini.com\/it-it\/wp-json\/wp\/v2\/pages\/845415\/revisions\/854704"}],"up":[{"embeddable":true,"href":"https:\/\/www.capgemini.com\/it-it\/wp-json\/wp\/v2\/pages\/639065"}],"wp:attachment":[{"href":"https:\/\/www.capgemini.com\/it-it\/wp-json\/wp\/v2\/media?parent=845415"}],"wp:term":[{"taxonomy":"brand","embeddable":true,"href":"https:\/\/www.capgemini.com\/it-it\/wp-json\/wp\/v2\/brand?post=845415"},{"taxonomy":"partner_type","embeddable":true,"href":"https:\/\/www.capgemini.com\/it-it\/wp-json\/wp\/v2\/partner_type?post=845415"},{"taxonomy":"service","embeddable":true,"href":"https:\/\/www.capgemini.com\/it-it\/wp-json\/wp\/v2\/service?post=845415"},{"taxonomy":"industry","embeddable":true,"href":"https:\/\/www.capgemini.com\/it-it\/wp-json\/wp\/v2\/industry?post=845415"},{"taxonomy":"partners","embeddable":true,"href":"https:\/\/www.capgemini.com\/it-it\/wp-json\/wp\/v2\/partners?post=845415"},{"taxonomy":"page-type","embeddable":true,"href":"https:\/\/www.capgemini.com\/it-it\/wp-json\/wp\/v2\/page-type?post=845415"},{"taxonomy":"content-group","embeddable":true,"href":"https:\/\/www.capgemini.com\/it-it\/wp-json\/wp\/v2\/content-group?post=845415"}],"curies":[{"name":"wp","href":"https:\/\/api.w.org\/{rel}","templated":true}]}}