{"id":635726,"date":"2021-11-19T12:07:15","date_gmt":"2021-11-19T12:07:15","guid":{"rendered":"https:\/\/www.capgemini.com\/?page_id=635726"},"modified":"2025-10-30T13:13:11","modified_gmt":"2025-10-30T13:13:11","slug":"customer-first","status":"publish","type":"page","link":"https:\/\/www.capgemini.com\/it-it\/servizi\/customer-first\/","title":{"rendered":"Customer first"},"content":{"rendered":"\n<div class=\"wp-block-cg-blocks-hero-picture-card undefined  heroPictureCard\"><div class=\"heroPictureCardBgs\"><picture><source srcset=\"https:\/\/www.capgemini.com\/wp-content\/uploads\/2022\/05\/Capgemini_Services_Customer-First.jpg?w=2880&amp;quality=70 1x, https:\/\/www.capgemini.com\/wp-content\/uploads\/2022\/05\/Capgemini_Services_Customer-First.jpg?w=2880&amp;quality=70 2x\" media=\"(min-width: 1500px)\"\/><source srcset=\"https:\/\/www.capgemini.com\/wp-content\/uploads\/2022\/05\/Capgemini_Services_Customer-First.jpg?w=1440&amp;quality=70 1x, https:\/\/www.capgemini.com\/wp-content\/uploads\/2022\/05\/Capgemini_Services_Customer-First.jpg?w=2880&amp;quality=70 2x\" media=\"(min-width: 992px)\"\/><source srcset=\"https:\/\/www.capgemini.com\/wp-content\/uploads\/2022\/05\/Capgemini_Services_Customer-First.jpg?w=1024&amp;quality=70 1x, https:\/\/www.capgemini.com\/wp-content\/uploads\/2022\/05\/Capgemini_Services_Customer-First.jpg?w=1024&amp;quality=70 2x\" media=\"(min-width: 768px)\"\/><source srcset=\"https:\/\/www.capgemini.com\/wp-content\/uploads\/2022\/05\/Capgemini_Services_Customer-First.jpg?w=768&amp;quality=70 1x, https:\/\/www.capgemini.com\/wp-content\/uploads\/2022\/05\/Capgemini_Services_Customer-First.jpg?w=768&amp;quality=70 2x\" media=\"(min-width: 0)\"\/><img decoding=\"async\" src=\"https:\/\/www.capgemini.com\/wp-content\/uploads\/2022\/05\/Capgemini_Services_Customer-First.jpg\" class=\"desktopImage\" alt=\"\" style=\"object-fit:cover;object-position:53% 28.000000000000004%\" loading=\"eager\"\/><\/picture><picture><source srcset=\"https:\/\/www.capgemini.com\/wp-content\/uploads\/2022\/05\/Capgemini_Services_Customer-First.jpg?w=2880&amp;quality=70 1x, https:\/\/www.capgemini.com\/wp-content\/uploads\/2022\/05\/Capgemini_Services_Customer-First.jpg?w=2880&amp;quality=70 2x\" media=\"(min-width: 1500px)\"\/><source srcset=\"https:\/\/www.capgemini.com\/wp-content\/uploads\/2022\/05\/Capgemini_Services_Customer-First.jpg?w=1440&amp;quality=70 1x, https:\/\/www.capgemini.com\/wp-content\/uploads\/2022\/05\/Capgemini_Services_Customer-First.jpg?w=2880&amp;quality=70 2x\" media=\"(min-width: 992px)\"\/><source srcset=\"https:\/\/www.capgemini.com\/wp-content\/uploads\/2022\/05\/Capgemini_Services_Customer-First.jpg?w=1024&amp;quality=70 1x, https:\/\/www.capgemini.com\/wp-content\/uploads\/2022\/05\/Capgemini_Services_Customer-First.jpg?w=1024&amp;quality=70 2x\" media=\"(min-width: 768px)\"\/><source srcset=\"https:\/\/www.capgemini.com\/wp-content\/uploads\/2022\/05\/Capgemini_Services_Customer-First.jpg?w=768&amp;quality=70 1x, https:\/\/www.capgemini.com\/wp-content\/uploads\/2022\/05\/Capgemini_Services_Customer-First.jpg?w=768&amp;quality=70 2x\" media=\"(min-width: 0)\"\/><img decoding=\"async\" src=\"https:\/\/www.capgemini.com\/wp-content\/uploads\/2022\/05\/Capgemini_Services_Customer-First.jpg\" class=\"mobileImage\" alt=\"\" style=\"object-fit:cover;object-position:53% 28.000000000000004%\" loading=\"eager\"\/><\/picture><\/div><div class=\"heroPictureCardHeaderShape\"><\/div><div class=\"container\"><div class=\"row\"><div class=\"col-md-8 col-lg-6\"><div class=\"heroPictureCardBox\"><div class=\"heroPictureCardBoxTitle\"><h1 data-maxlength=\"144\">Customer first<\/h1><\/div><\/div><\/div><\/div><\/div><div class=\"small-device\"><div class=\"brandLogoWrapper\"> <\/div><\/div><\/div>\n\n\n\n<section class=\"wp-block-cg-blocks-intro-para undefined section section--intro\"><div class=\"intro-para\"><div class=\"container\"><div class=\"row\"><div class=\"col-12 col-md-1\"><nav class=\"article-social\"><ul class=\"social-nav\"><li class=\"ip-order-fb\"><a href=\"https:\/\/www.facebook.com\/sharer\/sharer.php?u=https:\/\/www.capgemini.com\/it-it\/servizi\/customer-first\/\" target=\"_blank\" rel=\"noopener noreferrer\" title=\"si apre in una nuova finestra\"><i aria-hidden=\"true\" class=\"icon-fb\"><\/i><span class=\"sr-only\">Facebook<\/span><\/a><\/li><li class=\"ip-order-li\"><a href=\"https:\/\/www.linkedin.com\/sharing\/share-offsite\/?url=https:\/\/www.capgemini.com\/it-it\/servizi\/customer-first\/\" target=\"_blank\" rel=\"noopener noreferrer\" title=\"si apre in una nuova finestra\"><i aria-hidden=\"true\" class=\"icon-li\"><\/i><span class=\"sr-only\">Linkedin<\/span><\/a><\/li><\/ul><\/nav><\/div><div class=\"col-12 col-md-11 col-lg-10\"><h2 class=\"intro-para-title\">I clienti si rivolgono alle aziende che amano: brand motivati, innovativi, coinvolgenti e capaci di metterli al primo posto.<\/h2><p class=\"intro-para-content\">Le aziende di oggi sono pi\u00f9 personalizzate, pi\u00f9 basate dai dati e pi\u00f9 pertinenti che mai. Il successo parte dai tuoi clienti. Quando sai cosa vogliono e ci\u00f2 di cui hanno bisogno, puoi identificare nuove aree di opportunit\u00e0 e lanciare prodotti, servizi ed esperienze in grado di cambiare il mercato per reinventare, coinvolgere e crescere continuamente.<br><br>Ispiriamo i nostri clienti a fare scelte pi\u00f9 audaci attraverso la creativit\u00e0, la progettazione e l\u2019analisi dei dati. Ti aiutiamo a immaginare il tuo futuro, costruire il business case e predisporre il piano per realizzarlo. Reinventando la tua strategia di marketing, migliorando il modo in cui interagisci con i clienti e sfruttando al massimo i dati, orchestriamo esperienze personalizzate e differenzianti su larga scala.<br><br>L&#8217;innovazione e il design incentrato sull&#8217;essere umano di <a href=\"http:\/\/www.frog.co\/\" target=\"_blank\" rel=\"noreferrer noopener\">frog, part of Capgemini Invent<\/a>, combinati con le nostre profonde competenze in termini di customer experience, dati e tecnologia, consentono di conquistare in modo unico le persone e i mercati.<\/p><\/div><\/div><\/div><\/div><\/section>\n\n\n\n<section class=\"wp-block-cg-blocks-wrapper-card-text-pic wrapperCardTextPic hero-bg-shape\"><div class=\"container\"><div class=\"content-title\"><h2 class=\"card-text-pic-heading\">Cosa facciamo<\/h2><\/div><div class=\"row\"><div class=\"col-md-12\">\n<div class=\"wp-block-cg-blocks-card-text-pic-left row card-text-pic leftCard\"><div class=\"row card-text-pic leftCard\"><div class=\"col-md-12\"><div class=\"box--section\"><div class=\"box row-nobleed\"><div class=\"col-lg-5 col-md-12 box-img-wrapper \"><a href=\"\/it-it\/servizi\/customer-first\/reinvenzione-continua\/\" aria-label=\"Leggi di pi\u00f9 su Reinvenzione continua del business\" tabindex=\"-1\" target=\"\" rel=\"noopener noreferrer\" title=\"\"><picture><source srcset=\"https:\/\/www.capgemini.com\/wp-content\/uploads\/2022\/03\/Capgemini_Customer-First_Continuous-business-reinvention.jpg?w=1000&amp;quality=70 1x, https:\/\/www.capgemini.com\/wp-content\/uploads\/2022\/03\/Capgemini_Customer-First_Continuous-business-reinvention.jpg?w=1000&amp;quality=70 2x\" media=\"(min-width: 1500px)\"\/><source srcset=\"https:\/\/www.capgemini.com\/wp-content\/uploads\/2022\/03\/Capgemini_Customer-First_Continuous-business-reinvention.jpg?w=500&amp;quality=70 1x, https:\/\/www.capgemini.com\/wp-content\/uploads\/2022\/03\/Capgemini_Customer-First_Continuous-business-reinvention.jpg?w=1000&amp;quality=70 2x\" media=\"(min-width: 992px)\"\/><source srcset=\"https:\/\/www.capgemini.com\/wp-content\/uploads\/2022\/03\/Capgemini_Customer-First_Continuous-business-reinvention.jpg?w=768&amp;quality=70 1x, https:\/\/www.capgemini.com\/wp-content\/uploads\/2022\/03\/Capgemini_Customer-First_Continuous-business-reinvention.jpg?w=768&amp;quality=70 2x\" media=\"(min-width: 768px)\"\/><source srcset=\"https:\/\/www.capgemini.com\/wp-content\/uploads\/2022\/03\/Capgemini_Customer-First_Continuous-business-reinvention.jpg?w=556&amp;quality=70 1x, https:\/\/www.capgemini.com\/wp-content\/uploads\/2022\/03\/Capgemini_Customer-First_Continuous-business-reinvention.jpg?w=556&amp;quality=70 2x\" media=\"(min-width: 0)\"\/><img decoding=\"async\" src=\"https:\/\/www.capgemini.com\/wp-content\/uploads\/2022\/03\/Capgemini_Customer-First_Continuous-business-reinvention.jpg\" class=\"box-img\" alt=\"\" style=\"object-fit:cover;object-position:78% 33%\" loading=\"lazy\"\/><\/picture><\/a><\/div><div class=\"col-lg-8 col-md-12 box-inner \"><a href=\"\/it-it\/servizi\/customer-first\/reinvenzione-continua\/\" aria-label=\"Reinvenzione continua del business\" target=\"\" rel=\"noopener noreferrer\" title=\"\"><h3 class=\"titlewithLink\" data-maxlength=\"144\">Reinvenzione continua del business<\/h3><\/a><p class=\"box-text\" data-maxlength=\"\">Arriva un momento in cui un nuovo competitor o un cambiamento nei gusti dei consumatori iniziano a minacciare il tuo core business. In quel momento, non esiste alcun investimento nella customer experience in grado di risolvere la situazione. Devi fare qualcosa di diverso, devi sfidare lo status quo. Questa \u00e8 la promessa e la principio alla base della reinvenzione continua del business. Immagina. Agisci. Porta su scala. Non temere di essere audace.<\/p><div class=\"box-bottom\"><a aria-label=\"Leggi di pi\u00f9 su Reinvenzione continua del business\" class=\"more2\" data-maxlength=\"24\" href=\"\/it-it\/servizi\/customer-first\/reinvenzione-continua\/\" target=\"\" rel=\"noopener noreferrer\" title=\"\">Scopri di pi\u00f9<\/a><\/div><\/div><\/div><\/div><\/div><\/div><\/div>\n\n\n\n<div class=\"wp-block-cg-blocks-card-text-pic-right row card-text-pic rightCard\"><div class=\"row card-text-pic rightCard\"><div class=\"col-md-12\"><div class=\"box--section\"><div class=\"box  row-nobleed\"><div class=\"col-lg-8 col-md-12 box-inner\"><a href=\"\/it-it\/servizi\/customer-first\/customer-experience\/\" aria-label=\"Customer experience\" target=\"\" rel=\"noopener noreferrer\" title=\"\"><h4 class=\"titlewithLink\" data-maxlength=\"144\">Customer experience<\/h4><\/a><p class=\"box-text\" data-maxlength=\"\">La tua customer experience deve trasformare il rapporto che hai con i tuoi clienti e creare fiducia che generi valore duraturo, sia per loro che per te. Teniamo in considerazione emozioni, sensibilit\u00e0 e intuizione per inventare nuove esperienze personalizzate ed efficaci,\u00a0 basate su analisi rigorose e tecnologie all\u2019avanguardia. Esperienze in grado di costruire relazioni, un\u2019interazione alla volta. Tu. Su larga scala.<\/p><div class=\"box-bottom\"><a aria-label=\"Scopri di pi\u00f9 su Customer experience\" class=\"more2\" data-maxlength=\"24\" href=\"\/it-it\/servizi\/customer-first\/customer-experience\/\" target=\"\" rel=\"noopener noreferrer\" title=\"\">Scopri di pi\u00f9<\/a><\/div><\/div><div class=\"col-lg-5 col-md-12 box-img-wrapper\"><a href=\"\/it-it\/servizi\/customer-first\/customer-experience\/\" aria-label=\"Scopri di pi\u00f9 su Customer experience\" target=\"\" rel=\"noopener noreferrer\" title=\"\"><picture><source srcset=\"https:\/\/www.capgemini.com\/wp-content\/uploads\/2022\/03\/Capgemini_Customer-First_customer_experience.jpg?w=1000&amp;quality=70 1x, https:\/\/www.capgemini.com\/wp-content\/uploads\/2022\/03\/Capgemini_Customer-First_customer_experience.jpg?w=1000&amp;quality=70 2x\" media=\"(min-width: 1500px)\"\/><source srcset=\"https:\/\/www.capgemini.com\/wp-content\/uploads\/2022\/03\/Capgemini_Customer-First_customer_experience.jpg?w=500&amp;quality=70 1x, https:\/\/www.capgemini.com\/wp-content\/uploads\/2022\/03\/Capgemini_Customer-First_customer_experience.jpg?w=1000&amp;quality=70 2x\" media=\"(min-width: 992px)\"\/><source srcset=\"https:\/\/www.capgemini.com\/wp-content\/uploads\/2022\/03\/Capgemini_Customer-First_customer_experience.jpg?w=768&amp;quality=70 1x, https:\/\/www.capgemini.com\/wp-content\/uploads\/2022\/03\/Capgemini_Customer-First_customer_experience.jpg?w=768&amp;quality=70 2x\" media=\"(min-width: 768px)\"\/><source srcset=\"https:\/\/www.capgemini.com\/wp-content\/uploads\/2022\/03\/Capgemini_Customer-First_customer_experience.jpg?w=556&amp;quality=70 1x, https:\/\/www.capgemini.com\/wp-content\/uploads\/2022\/03\/Capgemini_Customer-First_customer_experience.jpg?w=556&amp;quality=70 2x\" media=\"(min-width: 0)\"\/><img decoding=\"async\" src=\"https:\/\/www.capgemini.com\/wp-content\/uploads\/2022\/03\/Capgemini_Customer-First_customer_experience.jpg\" class=\"box-img\" alt=\"\" style=\"object-fit:cover;object-position:56.00000000000001% 26%\" loading=\"lazy\"\/><\/picture><\/a><\/div><\/div><\/div><\/div><\/div><\/div>\n<\/div><\/div><\/div><\/section>\n\n\n\n<section class=\"wp-block-cg-blocks-custom-quote undefined section-quote-layout\"><div class=\"quote-layout\"><div class=\"container\"><div class=\"row\"><div class=\"col-11 offset-1\"><p class=\"quote-title\">&#8220;LAVORANDO INSIEME A TE, CI IMPEGNIAMO PER CAMBIARE LE IDEE, MUOVERE I MERCATI E TOCCARE I CUORI.&#8221;\u00a0<\/p><p class=\"quote-layout-content\">Alex Smith-Bingham, Group Offer Lead for Customer Experience di Capgemini<\/p><\/div><\/div><\/div><\/div><\/section>\n","protected":false},"excerpt":{"rendered":"","protected":false},"author":119,"featured_media":649224,"parent":517491,"menu_order":0,"comment_status":"closed","ping_status":"closed","template":"","meta":{"cg_dt_proposed_to":[0,0,0,0,0,0,0,0,0,0,0,0,0,0,0,0,0,0,0,0,0,0,0,0,0,0,0,0,0,0,0,0,0,0,0,0,0,0,0,0,0,0,0,0,0,0,0,0,0,0,0,0,0,0,0,0,0,0,0,0,0,0,0,0,0,0],"cg_seo_hreflang_relations":"[]","cg_seo_canonical_relation":"","cg_seo_hreflang_x_default_relation":"{\"uuid\":\"15473789-0ebe-4c71-bea2-97eae920a422\",\"blogId\":\"1\",\"domain\":\"www.capgemini.com\",\"sitePath\":\"\/\",\"postLink\":\"https:\/\/www.capgemini.com\/services\/customer-first\/\",\"postId\":635726,\"isSaved\":false,\"isCrossLink\":false,\"hasCrossLink\":false,\"isEnabled\":true}","cg_dt_approved_content":false,"cg_dt_mandatory_content":false,"cg_dt_notes":"","cg_dg_source_changed":false,"cg_dt_link_disabled":false,"_yoast_wpseo_primary_brand":"","footnotes":"","featured_focal_points":"","partner_card_description":"","gsap_animation":0},"brand":[],"partner_type":[],"service":[103],"industry":[],"partners":[],"page-type":[95],"content-group":[],"class_list":["post-635726","page","type-page","status-publish","has-post-thumbnail","hentry","service-customer-experience","page-type-service"],"yoast_head":"<!-- This site is optimized with the Yoast SEO Premium plugin v22.8 (Yoast SEO v22.8) - https:\/\/yoast.com\/wordpress\/plugins\/seo\/ -->\n<title>Customer First | Capgemini<\/title>\n<meta name=\"description\" content=\"I clienti si rivolgono alle aziende che amano: brand motivati, innovativi, coinvolgenti e capaci di metterli al primo posto.\" \/>\n<meta name=\"robots\" content=\"index, follow, max-snippet:-1, max-image-preview:large, max-video-preview:-1\" \/>\n<link rel=\"canonical\" href=\"https:\/\/www.capgemini.com\/it-it\/servizi\/customer-first\/\" \/>\n<meta property=\"og:locale\" content=\"it_IT\" \/>\n<meta property=\"og:type\" content=\"article\" \/>\n<meta property=\"og:title\" content=\"Customer first\" \/>\n<meta property=\"og:description\" content=\"I clienti si rivolgono alle aziende che amano: brand motivati, innovativi, coinvolgenti e capaci di metterli al primo posto.\" \/>\n<meta property=\"og:url\" content=\"https:\/\/www.capgemini.com\/it-it\/servizi\/customer-first\/\" \/>\n<meta property=\"og:site_name\" content=\"Capgemini Italia\" \/>\n<meta property=\"article:modified_time\" content=\"2025-10-30T13:13:11+00:00\" \/>\n<meta property=\"og:image\" content=\"https:\/\/www.capgemini.com\/it-it\/wp-content\/uploads\/sites\/15\/2025\/10\/New-Web-preview-global.jpg\" \/>\n\t<meta property=\"og:image:width\" content=\"1200\" \/>\n\t<meta property=\"og:image:height\" content=\"627\" \/>\n\t<meta property=\"og:image:type\" content=\"image\/jpeg\" \/>\n<meta name=\"twitter:card\" content=\"summary_large_image\" \/>\n<meta name=\"twitter:label1\" content=\"Est. reading time\" \/>\n\t<meta name=\"twitter:data1\" content=\"3 minutes\" \/>\n<script type=\"application\/ld+json\" class=\"yoast-schema-graph\">{\"@context\":\"https:\/\/schema.org\",\"@graph\":[{\"@type\":\"WebPage\",\"@id\":\"https:\/\/www.capgemini.com\/it-it\/servizi\/customer-first\/\",\"url\":\"https:\/\/www.capgemini.com\/it-it\/servizi\/customer-first\/\",\"name\":\"Customer First | Capgemini\",\"isPartOf\":{\"@id\":\"https:\/\/www.capgemini.com\/it-it\/#website\"},\"primaryImageOfPage\":{\"@id\":\"https:\/\/www.capgemini.com\/it-it\/servizi\/customer-first\/#primaryimage\"},\"image\":{\"@id\":\"https:\/\/www.capgemini.com\/it-it\/servizi\/customer-first\/#primaryimage\"},\"thumbnailUrl\":\"\",\"datePublished\":\"2021-11-19T12:07:15+00:00\",\"dateModified\":\"2025-10-30T13:13:11+00:00\",\"description\":\"I clienti si rivolgono alle aziende che amano: brand motivati, innovativi, coinvolgenti e capaci di metterli al primo posto.\",\"breadcrumb\":{\"@id\":\"https:\/\/www.capgemini.com\/it-it\/servizi\/customer-first\/#breadcrumb\"},\"inLanguage\":\"it-IT\",\"potentialAction\":[{\"@type\":\"ReadAction\",\"target\":[\"https:\/\/www.capgemini.com\/it-it\/servizi\/customer-first\/\"]}]},{\"@type\":\"ImageObject\",\"inLanguage\":\"it-IT\",\"@id\":\"https:\/\/www.capgemini.com\/it-it\/servizi\/customer-first\/#primaryimage\",\"url\":\"\",\"contentUrl\":\"\"},{\"@type\":\"BreadcrumbList\",\"@id\":\"https:\/\/www.capgemini.com\/it-it\/servizi\/customer-first\/#breadcrumb\",\"itemListElement\":[{\"@type\":\"ListItem\",\"position\":1,\"name\":\"Home\",\"item\":\"https:\/\/www.capgemini.com\/it-it\/\"},{\"@type\":\"ListItem\",\"position\":2,\"name\":\"Servizi\",\"item\":\"https:\/\/www.capgemini.com\/it-it\/servizi\/\"},{\"@type\":\"ListItem\",\"position\":3,\"name\":\"Customer first\"}]},{\"@type\":\"WebSite\",\"@id\":\"https:\/\/www.capgemini.com\/it-it\/#website\",\"url\":\"https:\/\/www.capgemini.com\/it-it\/\",\"name\":\"Capgemini Italia\",\"description\":\"Get The Future You Want\",\"potentialAction\":[{\"@type\":\"SearchAction\",\"target\":{\"@type\":\"EntryPoint\",\"urlTemplate\":\"https:\/\/www.capgemini.com\/it-it\/?s={search_term_string}\"},\"query-input\":\"required name=search_term_string\"}],\"inLanguage\":\"it-IT\"}]}<\/script>\n<!-- \/ Yoast SEO Premium plugin. -->","yoast_head_json":{"title":"Customer First | Capgemini","description":"I clienti si rivolgono alle aziende che amano: brand motivati, innovativi, coinvolgenti e capaci di metterli al primo posto.","robots":{"index":"index","follow":"follow","max-snippet":"max-snippet:-1","max-image-preview":"max-image-preview:large","max-video-preview":"max-video-preview:-1"},"canonical":"https:\/\/www.capgemini.com\/it-it\/servizi\/customer-first\/","og_locale":"it_IT","og_type":"article","og_title":"Customer first","og_description":"I clienti si rivolgono alle aziende che amano: brand motivati, innovativi, coinvolgenti e capaci di metterli al primo posto.","og_url":"https:\/\/www.capgemini.com\/it-it\/servizi\/customer-first\/","og_site_name":"Capgemini Italia","article_modified_time":"2025-10-30T13:13:11+00:00","og_image":[{"width":1200,"height":627,"url":"https:\/\/www.capgemini.com\/it-it\/wp-content\/uploads\/sites\/15\/2025\/10\/New-Web-preview-global.jpg","type":"image\/jpeg"}],"twitter_card":"summary_large_image","twitter_misc":{"Est. reading time":"3 minutes"},"schema":{"@context":"https:\/\/schema.org","@graph":[{"@type":"WebPage","@id":"https:\/\/www.capgemini.com\/it-it\/servizi\/customer-first\/","url":"https:\/\/www.capgemini.com\/it-it\/servizi\/customer-first\/","name":"Customer First | Capgemini","isPartOf":{"@id":"https:\/\/www.capgemini.com\/it-it\/#website"},"primaryImageOfPage":{"@id":"https:\/\/www.capgemini.com\/it-it\/servizi\/customer-first\/#primaryimage"},"image":{"@id":"https:\/\/www.capgemini.com\/it-it\/servizi\/customer-first\/#primaryimage"},"thumbnailUrl":"","datePublished":"2021-11-19T12:07:15+00:00","dateModified":"2025-10-30T13:13:11+00:00","description":"I clienti si rivolgono alle aziende che amano: brand motivati, innovativi, coinvolgenti e capaci di metterli al primo posto.","breadcrumb":{"@id":"https:\/\/www.capgemini.com\/it-it\/servizi\/customer-first\/#breadcrumb"},"inLanguage":"it-IT","potentialAction":[{"@type":"ReadAction","target":["https:\/\/www.capgemini.com\/it-it\/servizi\/customer-first\/"]}]},{"@type":"ImageObject","inLanguage":"it-IT","@id":"https:\/\/www.capgemini.com\/it-it\/servizi\/customer-first\/#primaryimage","url":"","contentUrl":""},{"@type":"BreadcrumbList","@id":"https:\/\/www.capgemini.com\/it-it\/servizi\/customer-first\/#breadcrumb","itemListElement":[{"@type":"ListItem","position":1,"name":"Home","item":"https:\/\/www.capgemini.com\/it-it\/"},{"@type":"ListItem","position":2,"name":"Servizi","item":"https:\/\/www.capgemini.com\/it-it\/servizi\/"},{"@type":"ListItem","position":3,"name":"Customer first"}]},{"@type":"WebSite","@id":"https:\/\/www.capgemini.com\/it-it\/#website","url":"https:\/\/www.capgemini.com\/it-it\/","name":"Capgemini Italia","description":"Get The Future You Want","potentialAction":[{"@type":"SearchAction","target":{"@type":"EntryPoint","urlTemplate":"https:\/\/www.capgemini.com\/it-it\/?s={search_term_string}"},"query-input":"required name=search_term_string"}],"inLanguage":"it-IT"}]}},"brand_term":[],"parsely":{"version":"1.1.0","canonical_url":"https:\/\/capgemini.com\/it-it\/servizi\/customer-first\/","smart_links":{"inbound":0,"outbound":0},"traffic_boost_suggestions_count":0,"meta":{"@context":"https:\/\/schema.org","@type":"WebPage","headline":"Customer first","url":"https:\/\/www.capgemini.com\/it-it\/servizi\/customer-first\/","mainEntityOfPage":{"@type":"WebPage","@id":"https:\/\/www.capgemini.com\/it-it\/servizi\/customer-first\/"},"thumbnailUrl":"","image":{"@type":"ImageObject","url":""},"articleSection":"Uncategorized","author":[],"creator":[],"publisher":{"@type":"Organization","name":"Capgemini Italia","logo":""},"keywords":[],"dateCreated":"2021-11-19T12:07:15Z","datePublished":"2021-11-19T12:07:15Z","dateModified":"2025-10-30T13:13:11Z"},"rendered":"<meta name=\"parsely-title\" content=\"Customer first\" \/>\n<meta name=\"parsely-link\" content=\"https:\/\/www.capgemini.com\/it-it\/servizi\/customer-first\/\" \/>\n<meta name=\"parsely-type\" content=\"index\" \/>\n<meta name=\"parsely-pub-date\" content=\"2021-11-19T12:07:15Z\" \/>\n<meta name=\"parsely-section\" content=\"Uncategorized\" \/>","tracker_url":"https:\/\/cdn.parsely.com\/keys\/capgemini.com\/p.js"},"archive_status":false,"featured_image_src":"https:\/\/www.capgemini.com\/it-it\/wp-content\/themes\/capgemini2025\/assets\/images\/mockup.png","featured_image_alt":"","jetpack_sharing_enabled":true,"distributor_meta":false,"distributor_terms":false,"distributor_media":false,"distributor_original_site_name":"Capgemini Italia","distributor_original_site_url":"https:\/\/www.capgemini.com\/it-it","push-errors":false,"_links":{"self":[{"href":"https:\/\/www.capgemini.com\/it-it\/wp-json\/wp\/v2\/pages\/635726","targetHints":{"allow":["GET"]}}],"collection":[{"href":"https:\/\/www.capgemini.com\/it-it\/wp-json\/wp\/v2\/pages"}],"about":[{"href":"https:\/\/www.capgemini.com\/it-it\/wp-json\/wp\/v2\/types\/page"}],"author":[{"embeddable":true,"href":"https:\/\/www.capgemini.com\/it-it\/wp-json\/wp\/v2\/users\/119"}],"replies":[{"embeddable":true,"href":"https:\/\/www.capgemini.com\/it-it\/wp-json\/wp\/v2\/comments?post=635726"}],"version-history":[{"count":5,"href":"https:\/\/www.capgemini.com\/it-it\/wp-json\/wp\/v2\/pages\/635726\/revisions"}],"predecessor-version":[{"id":849413,"href":"https:\/\/www.capgemini.com\/it-it\/wp-json\/wp\/v2\/pages\/635726\/revisions\/849413"}],"up":[{"embeddable":true,"href":"https:\/\/www.capgemini.com\/it-it\/wp-json\/wp\/v2\/pages\/517491"}],"wp:featuredmedia":[{"embeddable":true,"href":"https:\/\/www.capgemini.com\/it-it\/wp-json\/"}],"wp:attachment":[{"href":"https:\/\/www.capgemini.com\/it-it\/wp-json\/wp\/v2\/media?parent=635726"}],"wp:term":[{"taxonomy":"brand","embeddable":true,"href":"https:\/\/www.capgemini.com\/it-it\/wp-json\/wp\/v2\/brand?post=635726"},{"taxonomy":"partner_type","embeddable":true,"href":"https:\/\/www.capgemini.com\/it-it\/wp-json\/wp\/v2\/partner_type?post=635726"},{"taxonomy":"service","embeddable":true,"href":"https:\/\/www.capgemini.com\/it-it\/wp-json\/wp\/v2\/service?post=635726"},{"taxonomy":"industry","embeddable":true,"href":"https:\/\/www.capgemini.com\/it-it\/wp-json\/wp\/v2\/industry?post=635726"},{"taxonomy":"partners","embeddable":true,"href":"https:\/\/www.capgemini.com\/it-it\/wp-json\/wp\/v2\/partners?post=635726"},{"taxonomy":"page-type","embeddable":true,"href":"https:\/\/www.capgemini.com\/it-it\/wp-json\/wp\/v2\/page-type?post=635726"},{"taxonomy":"content-group","embeddable":true,"href":"https:\/\/www.capgemini.com\/it-it\/wp-json\/wp\/v2\/content-group?post=635726"}],"curies":[{"name":"wp","href":"https:\/\/api.w.org\/{rel}","templated":true}]}}