{"id":628550,"date":"2021-09-28T07:05:43","date_gmt":"2021-09-28T07:05:43","guid":{"rendered":"https:\/\/www.capgemini.com\/?page_id=628550"},"modified":"2026-02-09T10:32:40","modified_gmt":"2026-02-09T10:32:40","slug":"asset-management","status":"publish","type":"page","link":"https:\/\/www.capgemini.com\/it-it\/settori\/banking-capital-markets\/asset-management\/","title":{"rendered":"Asset management"},"content":{"rendered":"\n<div class=\"wp-block-cg-blocks-hero-picture-card undefined  heroPictureCard\"><div class=\"heroPictureCardBgs\"><picture><source srcset=\"https:\/\/www.capgemini.com\/wp-content\/uploads\/2021\/12\/Capgemini_Industries_Capital-Markets_Asset-Management_2.jpg?w=2880&amp;quality=70 1x, https:\/\/www.capgemini.com\/wp-content\/uploads\/2021\/12\/Capgemini_Industries_Capital-Markets_Asset-Management_2.jpg?w=2880&amp;quality=70 2x\" media=\"(min-width: 1500px)\"\/><source srcset=\"https:\/\/www.capgemini.com\/wp-content\/uploads\/2021\/12\/Capgemini_Industries_Capital-Markets_Asset-Management_2.jpg?w=1440&amp;quality=70 1x, https:\/\/www.capgemini.com\/wp-content\/uploads\/2021\/12\/Capgemini_Industries_Capital-Markets_Asset-Management_2.jpg?w=2880&amp;quality=70 2x\" media=\"(min-width: 992px)\"\/><source srcset=\"https:\/\/www.capgemini.com\/wp-content\/uploads\/2021\/12\/Capgemini_Industries_Capital-Markets_Asset-Management_2.jpg?w=1024&amp;quality=70 1x, https:\/\/www.capgemini.com\/wp-content\/uploads\/2021\/12\/Capgemini_Industries_Capital-Markets_Asset-Management_2.jpg?w=1024&amp;quality=70 2x\" media=\"(min-width: 768px)\"\/><source srcset=\"https:\/\/www.capgemini.com\/wp-content\/uploads\/2021\/12\/Capgemini_Industries_Capital-Markets_Asset-Management_2.jpg?w=768&amp;quality=70 1x, https:\/\/www.capgemini.com\/wp-content\/uploads\/2021\/12\/Capgemini_Industries_Capital-Markets_Asset-Management_2.jpg?w=768&amp;quality=70 2x\" media=\"(min-width: 0)\"\/><img decoding=\"async\" src=\"https:\/\/www.capgemini.com\/wp-content\/uploads\/2021\/12\/Capgemini_Industries_Capital-Markets_Asset-Management_2.jpg\" class=\"desktopImage\" alt=\"\" style=\"object-fit:cover;object-position:50% 50%\" loading=\"eager\"\/><\/picture><picture><source srcset=\"https:\/\/www.capgemini.com\/wp-content\/uploads\/2021\/12\/Capgemini_Industries_Capital-Markets_Asset-Management_2.jpg?w=2880&amp;quality=70 1x, https:\/\/www.capgemini.com\/wp-content\/uploads\/2021\/12\/Capgemini_Industries_Capital-Markets_Asset-Management_2.jpg?w=2880&amp;quality=70 2x\" media=\"(min-width: 1500px)\"\/><source srcset=\"https:\/\/www.capgemini.com\/wp-content\/uploads\/2021\/12\/Capgemini_Industries_Capital-Markets_Asset-Management_2.jpg?w=1440&amp;quality=70 1x, https:\/\/www.capgemini.com\/wp-content\/uploads\/2021\/12\/Capgemini_Industries_Capital-Markets_Asset-Management_2.jpg?w=2880&amp;quality=70 2x\" media=\"(min-width: 992px)\"\/><source srcset=\"https:\/\/www.capgemini.com\/wp-content\/uploads\/2021\/12\/Capgemini_Industries_Capital-Markets_Asset-Management_2.jpg?w=1024&amp;quality=70 1x, https:\/\/www.capgemini.com\/wp-content\/uploads\/2021\/12\/Capgemini_Industries_Capital-Markets_Asset-Management_2.jpg?w=1024&amp;quality=70 2x\" media=\"(min-width: 768px)\"\/><source srcset=\"https:\/\/www.capgemini.com\/wp-content\/uploads\/2021\/12\/Capgemini_Industries_Capital-Markets_Asset-Management_2.jpg?w=768&amp;quality=70 1x, https:\/\/www.capgemini.com\/wp-content\/uploads\/2021\/12\/Capgemini_Industries_Capital-Markets_Asset-Management_2.jpg?w=768&amp;quality=70 2x\" media=\"(min-width: 0)\"\/><img decoding=\"async\" src=\"https:\/\/www.capgemini.com\/wp-content\/uploads\/2021\/12\/Capgemini_Industries_Capital-Markets_Asset-Management_2.jpg\" class=\"mobileImage\" alt=\"\" style=\"object-fit:cover;object-position:50% 50%\" loading=\"eager\"\/><\/picture><\/div><div class=\"heroPictureCardHeaderShape\"><\/div><div class=\"container\"><div class=\"row\"><div class=\"col-md-8 col-lg-6\"><div class=\"heroPictureCardBox\"><div class=\"heroPictureCardBoxTitle\"><h1 data-maxlength=\"144\">Asset Management<\/h1><\/div><\/div><\/div><\/div><\/div><div class=\"small-device\"><div class=\"brandLogoWrapper\"> <\/div><\/div><\/div>\n\n\n\n<section class=\"wp-block-cg-blocks-intro-para undefined section section--intro\"><div class=\"intro-para\"><div class=\"container\"><div class=\"row\"><div class=\"col-12 col-md-1\"><nav class=\"article-social\"><ul class=\"social-nav\"><li class=\"ip-order-fb\"><a href=\"https:\/\/www.facebook.com\/sharer\/sharer.php?u=https:\/\/www.capgemini.com\/it-it\/settori\/banking-capital-markets\/asset-management\/\" target=\"_blank\" rel=\"noopener noreferrer\" title=\"si apre in una nuova finestra\"><i aria-hidden=\"true\" class=\"icon-fb\"><\/i><span class=\"sr-only\">Facebook<\/span><\/a><\/li><li class=\"ip-order-li\"><a href=\"https:\/\/www.linkedin.com\/sharing\/share-offsite\/?url=https:\/\/www.capgemini.com\/it-it\/settori\/banking-capital-markets\/asset-management\/\" target=\"_blank\" rel=\"noopener noreferrer\" title=\"si apre in una nuova finestra\"><i aria-hidden=\"true\" class=\"icon-li\"><\/i><span class=\"sr-only\">Linkedin<\/span><\/a><\/li><\/ul><\/nav><\/div><div class=\"col-12 col-md-11 col-lg-10\"><h2 class=\"intro-para-title\">L\u2019innovazione dirompente \u00e8 diventata un potente elemento di differenziazione per le societ\u00e0 di gestione patrimoniale. I requisiti normativi e la richiesta di informazioni basate sui dati rendono necessario migliorare la gestione e l\u2019analisi dei dati stessi.<\/h2><p class=\"intro-para-content\">Aiutiamo le societ\u00e0 di gestione patrimoniale a sfruttare il proprio capitale di dati e a creare nuove opportunit\u00e0 per consentire una crescita redditizia e sostenibile.<br><br>Le applicazioni innovative che utilizzano tecnologie emergenti come il cognitive computing, il machine learning e l\u2019AI stanno andando oltre l\u2019analisi legata al marketing, spostandosi verso funzioni pi\u00f9 strategiche. Aiutiamo le societ\u00e0 di gestione patrimoniale ad adottare questi approcci per creare proposte convincenti per i loro clienti.<\/p><\/div><\/div><\/div><\/div><\/section>\n\n\n\n<section class=\"wp-block-cg-blocks-how-we-do-it section section--howwedoit block-howwedoit\"><div class=\"container\"><div><div class=\"content-title\"><h2 data-maxlength=\"72\" class=\"expandable-heading-tag\">Cosa facciamo<\/h2><\/div><p><\/p><\/div><div class=\"section-content\">\n<div class=\"wp-block-cg-blocks-card-howwedoit expanders\"><div class=\"box card-regulated-agreements card-howwedoit\"><div class=\"expander-box filter-box tag-active \"><div class=\"expander-title\" tabindex=\"0\" role=\"button\" aria-expanded=\"false\"><h3 class=\"expander-heading-title\">Piattaforme di investimento<\/h3><\/div><div class=\"expander-subtitle\"><p class=\"small-description\">Dalla progettazione all\u2019implementazione, Capgemini ha punti di forza globali per supportare delle piattaforme di investimento end-to-end.<\/p><\/div><div class=\"expander-content\"><p>Collaboriamo con piattaforme leader del settore come MUREX, Calypso e Fenergo e aiutiamo i nostri clienti a valutare ed esplorare una gamma di soluzioni innovative basate su blockchain.<\/p><div class=\"bg-color video-align-right\"><div class=\"container\"><div class=\"row video-align-left\"><div class=\"col-md-12\"><div class=\"video-align-left row box box--4 box--mini\"><div class=\"col-md-3\"><\/div><div class=\"col-md-8 box-img-wrapper\"><div class=\"video-box\"><\/div><\/div><\/div><\/div><\/div><\/div><\/div><div class=\"content-more\"><\/div><\/div><\/div><\/div><\/div>\n\n\n\n<div class=\"wp-block-cg-blocks-card-howwedoit expanders\"><div class=\"box card-regulated-agreements card-howwedoit\"><div class=\"expander-box filter-box tag-active \"><div class=\"expander-title\" tabindex=\"0\" role=\"button\" aria-expanded=\"false\"><h3 class=\"expander-heading-title\">Il cliente al centro con Client 360\u00b0<\/h3><\/div><div class=\"expander-subtitle\"><p class=\"small-description\">Una visione a 360\u00b0 del cliente pu\u00f2 aiutarti a trasformare i problemi di conformit\u00e0 e le interruzioni del servizio in un&#8217;opportunit\u00e0 per rafforzare le relazioni.<\/p><\/div><div class=\"expander-content\"><p>Grazie a strumenti di analisi dei dati e customer engagement, aiutiamo le aziende ad avere una visione a 360\u00b0 dei loro clienti su qualsiasi piattaforma, per offrire una customer experience senza soluzione di continuit\u00e0 econsentire ai consulenti di utilizzare le strategie pi\u00f9 efficaci.<\/p><div class=\"bg-color video-align-right\"><div class=\"container\"><div class=\"row video-align-left\"><div class=\"col-md-12\"><div class=\"video-align-left row box box--4 box--mini\"><div class=\"col-md-3\"><\/div><div class=\"col-md-8 box-img-wrapper\"><div class=\"video-box\"><\/div><\/div><\/div><\/div><\/div><\/div><\/div><div class=\"content-more\"><\/div><\/div><\/div><\/div><\/div>\n<\/div><\/div><\/section>\n\n\n\n<section class=\"wp-block-cg-blocks-call-to-action undefined is-style-cg-secondary-3 call-to-action-block\"><div class=\"container\"><div class=\"call-to-action-block-content-wrapper has-description\"><div class=\"text-wrapper has-description\"><h3 class=\"title\" data-maxlength=\"144\">Unisciti alla conversazione su LinkedIn<\/h3><p class=\"description\" data-maxlength=\"210\">Connettiti con i nostri esperti e leggi gli ultimi approfondimenti sulla nostra pagina LinkedIn<\/p><\/div><div class=\"button-wrapper has-description\"><a class=\"cta-btn action-valid\" href=\"https:\/\/www.linkedin.com\/company\/capgemini\" target=\"_blank\" rel=\"noopener noreferrer\" aria-label=\"Segui la nostra pagina su Unisciti alla conversazione su LinkedIn\" title=\"Si apre in una nuova finestra\" data-maxlength=\"24\" tabindex=\"0\"> Segui la nostra pagina <\/a><\/div><\/div><\/div><\/section>\n","protected":false},"excerpt":{"rendered":"","protected":false},"author":118,"featured_media":640644,"parent":637937,"menu_order":1,"comment_status":"closed","ping_status":"closed","template":"","meta":{"cg_dt_proposed_to":[0,0,0,0,0,0,0,0,0,0,0,0,0,0,0],"cg_seo_hreflang_relations":"[]","cg_seo_canonical_relation":"","cg_seo_hreflang_x_default_relation":"{\"uuid\":\"76dddd3e-8b12-4775-9765-f97d1ae06c0c\",\"blogId\":\"\",\"domain\":\"\",\"sitePath\":\"\",\"postLink\":\"\",\"postId\":null,\"isSaved\":true,\"isCrossLink\":false,\"hasCrossLink\":false}","cg_dt_approved_content":false,"cg_dt_mandatory_content":false,"cg_dt_notes":"","cg_dg_source_changed":false,"cg_dt_link_disabled":false,"_yoast_wpseo_primary_brand":"","footnotes":"","featured_focal_points":"","partner_card_description":"","gsap_animation":0},"brand":[],"partner_type":[],"service":[],"industry":[90],"partners":[],"page-type":[79],"content-group":[],"class_list":["post-628550","page","type-page","status-publish","has-post-thumbnail","hentry","industry-banking-capital-markets","page-type-industry"],"yoast_head":"<!-- This site is optimized with the Yoast SEO Premium plugin v22.8 (Yoast SEO v22.8) - https:\/\/yoast.com\/wordpress\/plugins\/seo\/ -->\n<title>Asset management | Banking &amp; Capital Markets | Capgemini<\/title>\n<meta name=\"description\" content=\"L\u2019innovazione dirompente \u00e8 diventata un potente elemento di differenziazione per le societ\u00e0 di gestione patrimoniale. I requisiti normativi e la richiesta di informazioni basate sui dati rendono necessario migliorare la gestione e l\u2019analisi dei dati stessi.\" \/>\n<meta name=\"robots\" content=\"index, follow, max-snippet:-1, max-image-preview:large, max-video-preview:-1\" \/>\n<link rel=\"canonical\" href=\"https:\/\/www.capgemini.com\/it-it\/settori\/banking-capital-markets\/asset-management\/\" \/>\n<meta property=\"og:locale\" content=\"it_IT\" \/>\n<meta property=\"og:type\" content=\"article\" \/>\n<meta property=\"og:title\" content=\"Asset management\" \/>\n<meta property=\"og:description\" content=\"L\u2019innovazione dirompente \u00e8 diventata un potente elemento di differenziazione per le societ\u00e0 di gestione patrimoniale. I requisiti normativi e la richiesta di informazioni basate sui dati rendono necessario migliorare la gestione e l\u2019analisi dei dati stessi.\" \/>\n<meta property=\"og:url\" content=\"https:\/\/www.capgemini.com\/it-it\/settori\/banking-capital-markets\/asset-management\/\" \/>\n<meta property=\"og:site_name\" content=\"Capgemini Italia\" \/>\n<meta property=\"article:modified_time\" content=\"2026-02-09T10:32:40+00:00\" \/>\n<meta property=\"og:image\" content=\"https:\/\/www.capgemini.com\/it-it\/wp-content\/uploads\/sites\/15\/2025\/10\/New-Web-preview-global.jpg\" \/>\n\t<meta property=\"og:image:width\" content=\"1200\" \/>\n\t<meta property=\"og:image:height\" content=\"627\" \/>\n\t<meta property=\"og:image:type\" content=\"image\/jpeg\" \/>\n<meta name=\"twitter:card\" content=\"summary_large_image\" \/>\n<meta name=\"twitter:label1\" content=\"Est. reading time\" \/>\n\t<meta name=\"twitter:data1\" content=\"2 minutes\" \/>\n<script type=\"application\/ld+json\" class=\"yoast-schema-graph\">{\"@context\":\"https:\/\/schema.org\",\"@graph\":[{\"@type\":\"WebPage\",\"@id\":\"https:\/\/www.capgemini.com\/it-it\/settori\/banking-capital-markets\/asset-management\/\",\"url\":\"https:\/\/www.capgemini.com\/it-it\/settori\/banking-capital-markets\/asset-management\/\",\"name\":\"Asset management | Banking & Capital Markets | Capgemini\",\"isPartOf\":{\"@id\":\"https:\/\/www.capgemini.com\/it-it\/#website\"},\"primaryImageOfPage\":{\"@id\":\"https:\/\/www.capgemini.com\/it-it\/settori\/banking-capital-markets\/asset-management\/#primaryimage\"},\"image\":{\"@id\":\"https:\/\/www.capgemini.com\/it-it\/settori\/banking-capital-markets\/asset-management\/#primaryimage\"},\"thumbnailUrl\":\"\",\"datePublished\":\"2021-09-28T07:05:43+00:00\",\"dateModified\":\"2026-02-09T10:32:40+00:00\",\"description\":\"L\u2019innovazione dirompente \u00e8 diventata un potente elemento di differenziazione per le societ\u00e0 di gestione patrimoniale. I requisiti normativi e la richiesta di informazioni basate sui dati rendono necessario migliorare la gestione e l\u2019analisi dei dati stessi.\",\"breadcrumb\":{\"@id\":\"https:\/\/www.capgemini.com\/it-it\/settori\/banking-capital-markets\/asset-management\/#breadcrumb\"},\"inLanguage\":\"it-IT\",\"potentialAction\":[{\"@type\":\"ReadAction\",\"target\":[\"https:\/\/www.capgemini.com\/it-it\/settori\/banking-capital-markets\/asset-management\/\"]}]},{\"@type\":\"ImageObject\",\"inLanguage\":\"it-IT\",\"@id\":\"https:\/\/www.capgemini.com\/it-it\/settori\/banking-capital-markets\/asset-management\/#primaryimage\",\"url\":\"\",\"contentUrl\":\"\"},{\"@type\":\"BreadcrumbList\",\"@id\":\"https:\/\/www.capgemini.com\/it-it\/settori\/banking-capital-markets\/asset-management\/#breadcrumb\",\"itemListElement\":[{\"@type\":\"ListItem\",\"position\":1,\"name\":\"Home\",\"item\":\"https:\/\/www.capgemini.com\/it-it\/\"},{\"@type\":\"ListItem\",\"position\":2,\"name\":\"Settori\",\"item\":\"https:\/\/www.capgemini.com\/it-it\/settori\/\"},{\"@type\":\"ListItem\",\"position\":3,\"name\":\"Banking &amp; capital markets\",\"item\":\"https:\/\/www.capgemini.com\/it-it\/settori\/banking-capital-markets\/\"},{\"@type\":\"ListItem\",\"position\":4,\"name\":\"Asset management\"}]},{\"@type\":\"WebSite\",\"@id\":\"https:\/\/www.capgemini.com\/it-it\/#website\",\"url\":\"https:\/\/www.capgemini.com\/it-it\/\",\"name\":\"Capgemini Italia\",\"description\":\"Get The Future You Want\",\"potentialAction\":[{\"@type\":\"SearchAction\",\"target\":{\"@type\":\"EntryPoint\",\"urlTemplate\":\"https:\/\/www.capgemini.com\/it-it\/?s={search_term_string}\"},\"query-input\":\"required name=search_term_string\"}],\"inLanguage\":\"it-IT\"}]}<\/script>\n<!-- \/ Yoast SEO Premium plugin. -->","yoast_head_json":{"title":"Asset management | Banking & Capital Markets | Capgemini","description":"L\u2019innovazione dirompente \u00e8 diventata un potente elemento di differenziazione per le societ\u00e0 di gestione patrimoniale. I requisiti normativi e la richiesta di informazioni basate sui dati rendono necessario migliorare la gestione e l\u2019analisi dei dati stessi.","robots":{"index":"index","follow":"follow","max-snippet":"max-snippet:-1","max-image-preview":"max-image-preview:large","max-video-preview":"max-video-preview:-1"},"canonical":"https:\/\/www.capgemini.com\/it-it\/settori\/banking-capital-markets\/asset-management\/","og_locale":"it_IT","og_type":"article","og_title":"Asset management","og_description":"L\u2019innovazione dirompente \u00e8 diventata un potente elemento di differenziazione per le societ\u00e0 di gestione patrimoniale. I requisiti normativi e la richiesta di informazioni basate sui dati rendono necessario migliorare la gestione e l\u2019analisi dei dati stessi.","og_url":"https:\/\/www.capgemini.com\/it-it\/settori\/banking-capital-markets\/asset-management\/","og_site_name":"Capgemini Italia","article_modified_time":"2026-02-09T10:32:40+00:00","og_image":[{"width":1200,"height":627,"url":"https:\/\/www.capgemini.com\/it-it\/wp-content\/uploads\/sites\/15\/2025\/10\/New-Web-preview-global.jpg","type":"image\/jpeg"}],"twitter_card":"summary_large_image","twitter_misc":{"Est. reading time":"2 minutes"},"schema":{"@context":"https:\/\/schema.org","@graph":[{"@type":"WebPage","@id":"https:\/\/www.capgemini.com\/it-it\/settori\/banking-capital-markets\/asset-management\/","url":"https:\/\/www.capgemini.com\/it-it\/settori\/banking-capital-markets\/asset-management\/","name":"Asset management | Banking & Capital Markets | Capgemini","isPartOf":{"@id":"https:\/\/www.capgemini.com\/it-it\/#website"},"primaryImageOfPage":{"@id":"https:\/\/www.capgemini.com\/it-it\/settori\/banking-capital-markets\/asset-management\/#primaryimage"},"image":{"@id":"https:\/\/www.capgemini.com\/it-it\/settori\/banking-capital-markets\/asset-management\/#primaryimage"},"thumbnailUrl":"","datePublished":"2021-09-28T07:05:43+00:00","dateModified":"2026-02-09T10:32:40+00:00","description":"L\u2019innovazione dirompente \u00e8 diventata un potente elemento di differenziazione per le societ\u00e0 di gestione patrimoniale. I requisiti normativi e la richiesta di informazioni basate sui dati rendono necessario migliorare la gestione e l\u2019analisi dei dati stessi.","breadcrumb":{"@id":"https:\/\/www.capgemini.com\/it-it\/settori\/banking-capital-markets\/asset-management\/#breadcrumb"},"inLanguage":"it-IT","potentialAction":[{"@type":"ReadAction","target":["https:\/\/www.capgemini.com\/it-it\/settori\/banking-capital-markets\/asset-management\/"]}]},{"@type":"ImageObject","inLanguage":"it-IT","@id":"https:\/\/www.capgemini.com\/it-it\/settori\/banking-capital-markets\/asset-management\/#primaryimage","url":"","contentUrl":""},{"@type":"BreadcrumbList","@id":"https:\/\/www.capgemini.com\/it-it\/settori\/banking-capital-markets\/asset-management\/#breadcrumb","itemListElement":[{"@type":"ListItem","position":1,"name":"Home","item":"https:\/\/www.capgemini.com\/it-it\/"},{"@type":"ListItem","position":2,"name":"Settori","item":"https:\/\/www.capgemini.com\/it-it\/settori\/"},{"@type":"ListItem","position":3,"name":"Banking &amp; capital markets","item":"https:\/\/www.capgemini.com\/it-it\/settori\/banking-capital-markets\/"},{"@type":"ListItem","position":4,"name":"Asset management"}]},{"@type":"WebSite","@id":"https:\/\/www.capgemini.com\/it-it\/#website","url":"https:\/\/www.capgemini.com\/it-it\/","name":"Capgemini Italia","description":"Get The Future You Want","potentialAction":[{"@type":"SearchAction","target":{"@type":"EntryPoint","urlTemplate":"https:\/\/www.capgemini.com\/it-it\/?s={search_term_string}"},"query-input":"required name=search_term_string"}],"inLanguage":"it-IT"}]}},"brand_term":[],"parsely":{"version":"1.1.0","canonical_url":"https:\/\/capgemini.com\/it-it\/settori\/banking-capital-markets\/asset-management\/","smart_links":{"inbound":0,"outbound":0},"traffic_boost_suggestions_count":0,"meta":{"@context":"https:\/\/schema.org","@type":"WebPage","headline":"Asset management","url":"https:\/\/www.capgemini.com\/it-it\/settori\/banking-capital-markets\/asset-management\/","mainEntityOfPage":{"@type":"WebPage","@id":"https:\/\/www.capgemini.com\/it-it\/settori\/banking-capital-markets\/asset-management\/"},"thumbnailUrl":"","image":{"@type":"ImageObject","url":""},"articleSection":"Uncategorized","author":[],"creator":[],"publisher":{"@type":"Organization","name":"Capgemini Italia","logo":""},"keywords":[],"dateCreated":"2021-09-28T07:05:43Z","datePublished":"2021-09-28T07:05:43Z","dateModified":"2026-02-09T10:32:40Z"},"rendered":"<meta name=\"parsely-title\" content=\"Asset management\" \/>\n<meta name=\"parsely-link\" content=\"https:\/\/www.capgemini.com\/it-it\/settori\/banking-capital-markets\/asset-management\/\" \/>\n<meta name=\"parsely-type\" content=\"index\" \/>\n<meta name=\"parsely-pub-date\" content=\"2021-09-28T07:05:43Z\" \/>\n<meta name=\"parsely-section\" content=\"Uncategorized\" \/>","tracker_url":"https:\/\/cdn.parsely.com\/keys\/capgemini.com\/p.js"},"archive_status":false,"featured_image_src":"https:\/\/www.capgemini.com\/it-it\/wp-content\/themes\/capgemini2025\/assets\/images\/mockup.png","featured_image_alt":"","jetpack_sharing_enabled":true,"distributor_meta":false,"distributor_terms":false,"distributor_media":false,"distributor_original_site_name":"Capgemini Italia","distributor_original_site_url":"https:\/\/www.capgemini.com\/it-it","push-errors":false,"_links":{"self":[{"href":"https:\/\/www.capgemini.com\/it-it\/wp-json\/wp\/v2\/pages\/628550","targetHints":{"allow":["GET"]}}],"collection":[{"href":"https:\/\/www.capgemini.com\/it-it\/wp-json\/wp\/v2\/pages"}],"about":[{"href":"https:\/\/www.capgemini.com\/it-it\/wp-json\/wp\/v2\/types\/page"}],"author":[{"embeddable":true,"href":"https:\/\/www.capgemini.com\/it-it\/wp-json\/wp\/v2\/users\/118"}],"replies":[{"embeddable":true,"href":"https:\/\/www.capgemini.com\/it-it\/wp-json\/wp\/v2\/comments?post=628550"}],"version-history":[{"count":12,"href":"https:\/\/www.capgemini.com\/it-it\/wp-json\/wp\/v2\/pages\/628550\/revisions"}],"predecessor-version":[{"id":855058,"href":"https:\/\/www.capgemini.com\/it-it\/wp-json\/wp\/v2\/pages\/628550\/revisions\/855058"}],"up":[{"embeddable":true,"href":"https:\/\/www.capgemini.com\/it-it\/wp-json\/wp\/v2\/pages\/637937"}],"wp:featuredmedia":[{"embeddable":true,"href":"https:\/\/www.capgemini.com\/it-it\/wp-json\/"}],"wp:attachment":[{"href":"https:\/\/www.capgemini.com\/it-it\/wp-json\/wp\/v2\/media?parent=628550"}],"wp:term":[{"taxonomy":"brand","embeddable":true,"href":"https:\/\/www.capgemini.com\/it-it\/wp-json\/wp\/v2\/brand?post=628550"},{"taxonomy":"partner_type","embeddable":true,"href":"https:\/\/www.capgemini.com\/it-it\/wp-json\/wp\/v2\/partner_type?post=628550"},{"taxonomy":"service","embeddable":true,"href":"https:\/\/www.capgemini.com\/it-it\/wp-json\/wp\/v2\/service?post=628550"},{"taxonomy":"industry","embeddable":true,"href":"https:\/\/www.capgemini.com\/it-it\/wp-json\/wp\/v2\/industry?post=628550"},{"taxonomy":"partners","embeddable":true,"href":"https:\/\/www.capgemini.com\/it-it\/wp-json\/wp\/v2\/partners?post=628550"},{"taxonomy":"page-type","embeddable":true,"href":"https:\/\/www.capgemini.com\/it-it\/wp-json\/wp\/v2\/page-type?post=628550"},{"taxonomy":"content-group","embeddable":true,"href":"https:\/\/www.capgemini.com\/it-it\/wp-json\/wp\/v2\/content-group?post=628550"}],"curies":[{"name":"wp","href":"https:\/\/api.w.org\/{rel}","templated":true}]}}