{"id":518097,"date":"2021-04-16T06:24:10","date_gmt":"2021-04-16T06:24:10","guid":{"rendered":"https:\/\/www.capgemini.com\/?page_id=518097"},"modified":"2025-12-04T16:30:25","modified_gmt":"2025-12-04T16:30:25","slug":"trasformazione-digitale","status":"publish","type":"page","link":"https:\/\/www.capgemini.com\/it-it\/settori\/telecomunicazioni\/trasformazione-digitale\/","title":{"rendered":"Trasformazione digitale"},"content":{"rendered":"\n<div class=\"wp-block-cg-blocks-hero-picture-card undefined  heroPictureCard\"><div class=\"heroPictureCardBgs\"><picture><source srcset=\"https:\/\/www.capgemini.com\/wp-content\/uploads\/2021\/08\/Capgemini_Industries_Telecoms.jpg?w=2880&amp;quality=70 1x, https:\/\/www.capgemini.com\/wp-content\/uploads\/2021\/08\/Capgemini_Industries_Telecoms.jpg?w=2880&amp;quality=70 2x\" media=\"(min-width: 1500px)\"\/><source srcset=\"https:\/\/www.capgemini.com\/wp-content\/uploads\/2021\/08\/Capgemini_Industries_Telecoms.jpg?w=1440&amp;quality=70 1x, https:\/\/www.capgemini.com\/wp-content\/uploads\/2021\/08\/Capgemini_Industries_Telecoms.jpg?w=2880&amp;quality=70 2x\" media=\"(min-width: 992px)\"\/><source srcset=\"https:\/\/www.capgemini.com\/wp-content\/uploads\/2021\/08\/Capgemini_Industries_Telecoms.jpg?w=1024&amp;quality=70 1x, https:\/\/www.capgemini.com\/wp-content\/uploads\/2021\/08\/Capgemini_Industries_Telecoms.jpg?w=1024&amp;quality=70 2x\" media=\"(min-width: 768px)\"\/><source srcset=\"https:\/\/www.capgemini.com\/wp-content\/uploads\/2021\/08\/Capgemini_Industries_Telecoms.jpg?w=768&amp;quality=70 1x, https:\/\/www.capgemini.com\/wp-content\/uploads\/2021\/08\/Capgemini_Industries_Telecoms.jpg?w=768&amp;quality=70 2x\" media=\"(min-width: 0)\"\/><img decoding=\"async\" src=\"https:\/\/www.capgemini.com\/wp-content\/uploads\/2021\/08\/Capgemini_Industries_Telecoms.jpg\" class=\"desktopImage\" alt=\"\" style=\"object-fit:cover;object-position:50% 50%\" loading=\"eager\"\/><\/picture><picture><source srcset=\"https:\/\/www.capgemini.com\/wp-content\/uploads\/2021\/08\/Capgemini_Industries_Telecoms.jpg?w=2880&amp;quality=70 1x, https:\/\/www.capgemini.com\/wp-content\/uploads\/2021\/08\/Capgemini_Industries_Telecoms.jpg?w=2880&amp;quality=70 2x\" media=\"(min-width: 1500px)\"\/><source srcset=\"https:\/\/www.capgemini.com\/wp-content\/uploads\/2021\/08\/Capgemini_Industries_Telecoms.jpg?w=1440&amp;quality=70 1x, https:\/\/www.capgemini.com\/wp-content\/uploads\/2021\/08\/Capgemini_Industries_Telecoms.jpg?w=2880&amp;quality=70 2x\" media=\"(min-width: 992px)\"\/><source srcset=\"https:\/\/www.capgemini.com\/wp-content\/uploads\/2021\/08\/Capgemini_Industries_Telecoms.jpg?w=1024&amp;quality=70 1x, https:\/\/www.capgemini.com\/wp-content\/uploads\/2021\/08\/Capgemini_Industries_Telecoms.jpg?w=1024&amp;quality=70 2x\" media=\"(min-width: 768px)\"\/><source srcset=\"https:\/\/www.capgemini.com\/wp-content\/uploads\/2021\/08\/Capgemini_Industries_Telecoms.jpg?w=768&amp;quality=70 1x, https:\/\/www.capgemini.com\/wp-content\/uploads\/2021\/08\/Capgemini_Industries_Telecoms.jpg?w=768&amp;quality=70 2x\" media=\"(min-width: 0)\"\/><img decoding=\"async\" src=\"https:\/\/www.capgemini.com\/wp-content\/uploads\/2021\/08\/Capgemini_Industries_Telecoms.jpg\" class=\"mobileImage\" alt=\"\" style=\"object-fit:cover;object-position:50% 50%\" loading=\"eager\"\/><\/picture><\/div><div class=\"heroPictureCardHeaderShape\"><\/div><div class=\"container\"><div class=\"row\"><div class=\"col-md-8 col-lg-6\"><div class=\"heroPictureCardBox\"><div class=\"heroPictureCardBoxTitle\"><h1 data-maxlength=\"144\">Trasformazione digitale<\/h1><\/div><\/div><\/div><\/div><\/div><div class=\"small-device\"><div class=\"brandLogoWrapper\"> <\/div><\/div><\/div>\n\n\n\n<section class=\"wp-block-cg-blocks-intro-para undefined section section--intro\"><div class=\"intro-para\"><div class=\"container\"><div class=\"row\"><div class=\"col-12 col-md-1\"><nav class=\"article-social\"><ul class=\"social-nav\"><li class=\"ip-order-fb\"><a href=\"https:\/\/www.facebook.com\/sharer\/sharer.php?u=https:\/\/www.capgemini.com\/it-it\/settori\/telecomunicazioni\/trasformazione-digitale\/\" target=\"_blank\" rel=\"noopener noreferrer\" title=\"si apre in una nuova finestra\"><i aria-hidden=\"true\" class=\"icon-fb\"><\/i><span class=\"sr-only\">Facebook<\/span><\/a><\/li><li class=\"ip-order-li\"><a href=\"https:\/\/www.linkedin.com\/sharing\/share-offsite\/?url=https:\/\/www.capgemini.com\/it-it\/settori\/telecomunicazioni\/trasformazione-digitale\/\" target=\"_blank\" rel=\"noopener noreferrer\" title=\"si apre in una nuova finestra\"><i aria-hidden=\"true\" class=\"icon-li\"><\/i><span class=\"sr-only\">Linkedin<\/span><\/a><\/li><\/ul><\/nav><\/div><div class=\"col-12 col-md-11 col-lg-10\"><h2 class=\"intro-para-title\">Aiutiamo le societ\u00e0 di telecomunicazioni a sfruttare al meglio il digitale per accelerare la loro transizione da fornitore di servizi di comunicazione (CSP) a fornitore di servizi digitali (DSP).<\/h2><p class=\"intro-para-content\">La nostra offerta di trasformazione digitale mette il futuro delle telecomunicazioni alla portata di:<br><br>\u2022 Operatori B2C, dando la possibilit\u00e0 di lanciare nuove proposte digitali di valore, con una velocit\u00e0 di immissione sul mercato comprovata e senza precedenti.<br>\u2022 Operatori B2B, con la rimodulazione e reimpostazione della customer experience omnicanale e l\u2019ottimizzazione delle operazioni, fornendo al contempo la flessibilit\u00e0 necessaria per adottare nuovi modelli di business e lanciare rapidamente nuovi servizi.<br>\u2022 Industrie verticali, supportando le opportunit\u00e0 per aumentare i ricavi e l\u2019efficienza in un mondo sempre pi\u00f9 connesso.<\/p><\/div><\/div><\/div><\/div><\/section>\n\n\n\n<section class=\"wp-block-cg-blocks-how-we-do-it section section--howwedoit block-howwedoit\"><div class=\"container\"><div><div class=\"content-title\"><h2 data-maxlength=\"72\" class=\"expandable-heading-tag\">Cosa facciamo<\/h2><\/div><p><\/p><\/div><div class=\"section-content\">\n<div class=\"wp-block-cg-blocks-card-howwedoit expanders\"><div class=\"box card-regulated-agreements card-howwedoit\"><div class=\"expander-box filter-box tag-active \"><div class=\"expander-title\" tabindex=\"0\" role=\"button\" aria-pressed=\"false\" aria-expanded=\"false\"><h3 class=\"expander-heading-title\">Il cliente prima di tutto: osservatorio degli operatori digitali B2C<\/h3><\/div><div class=\"expander-subtitle\"><p class=\"small-description\">Aiutiamo le aziende di telecomunicazioni a portare sul mercato nuove proposte digitali di valore.<\/p><\/div><div class=\"expander-content\"><p>Aiutiamo gli operatori di telecomunicazioni a progettare prodotti e servizi 100% digitali e orientati al mercato. Progettiamo modelli di business e operazioni per facilitare il lancio di questi prodotti e servizi digitali e generare nuovi flussi di entrate. Utilizziamo inoltre una piattaforma digitale per integrare tutti i prodotti e servizi, compresi quelli non legati alle telecomunicazioni, per creare un&#8217;esperienza connessa che generi valore per il cliente.<\/p><div class=\"bg-color video-align-right\"><div class=\"container\"><div class=\"row video-align-left\"><div class=\"col-md-12\"><div class=\"video-align-left row box box--4 box--mini\"><div class=\"col-md-3\"><\/div><div class=\"col-md-8 box-img-wrapper\"><div class=\"video-box\"><\/div><\/div><\/div><\/div><\/div><\/div><\/div><div class=\"content-more\"><\/div><\/div><\/div><\/div><\/div>\n\n\n\n<div class=\"wp-block-cg-blocks-card-howwedoit expanders\"><div class=\"box card-regulated-agreements card-howwedoit\"><div class=\"expander-box filter-box tag-active \"><div class=\"expander-title\" tabindex=\"0\" role=\"button\" aria-pressed=\"false\" aria-expanded=\"false\"><h4>La pietra filosofale per gli operatori B2B<\/h4><\/div><div class=\"expander-subtitle\"><h5>Miglioriamo la customer experience omnicanale e contribuiamo a trasformare i fornitori di servizi di comunicazione (CSP) in fornitori di servizi digitali (DSP).<\/h5><\/div><div class=\"expander-content\"><p>Miglioriamo l\u2019eccellenza operativa delle aziende e la customer experience omnicanale attraverso una strategia di trasformazione a livello aziendale. Aiutiamo gli operatori di telecomunicazioni B2B a cogliere le opportunit\u00e0 di un mercato in continua evoluzione. Inoltre progettiamo, abilitiamo e supportiamo un\u2019ambiziosa riconfigurazione dei sistemi per includere tecnologia mobile, dati, VPN, servizi di sicurezza e servizi cloud, in una fase in cui le aziende native digitali come Amazon e Twilio si affacciano al mercato B2B.<\/p><div class=\"bg-color video-align-right\"><div class=\"container\"><div class=\"row video-align-left\"><div class=\"col-md-12\"><div class=\"video-align-left row box box--4 box--mini\"><div class=\"col-md-3\"><\/div><div class=\"col-md-8 box-img-wrapper\"><div class=\"video-box\"><\/div><\/div><\/div><\/div><\/div><\/div><\/div><div class=\"content-more\"><\/div><\/div><\/div><\/div><\/div>\n\n\n\n<div class=\"wp-block-cg-blocks-card-howwedoit expanders\"><div class=\"box card-regulated-agreements card-howwedoit\"><div class=\"expander-box filter-box tag-active \"><div class=\"expander-title\" tabindex=\"0\" role=\"button\" aria-pressed=\"false\" aria-expanded=\"false\"><h3 class=\"expander-heading-title\">Monetizzazione del 5G: il fattore abilitante per le industrie verticali<\/h3><\/div><div class=\"expander-subtitle\"><p class=\"small-description\">Cogliamo le opportunit\u00e0 di guadagno ed efficienza associate al mondo connesso.<\/p><\/div><div class=\"expander-content\"><p>Supportiamo le industrie verticali per sfruttare al meglio le opportunit\u00e0 di guadagno ed efficienza offerte oggi dal digitale. Ti aiutiamo a utilizzare al massimo le nuove funzionalit\u00e0 di rete per offrire servizi innovativi e reinventare la customer experience. Realizziamo inoltre funzionalit\u00e0 4G\/5G proprietarie per implementare e gestire i servizi di telecomunicazione richiesti nel mondo connesso.<\/p><div class=\"bg-color video-align-right\"><div class=\"container\"><div class=\"row video-align-left\"><div class=\"col-md-12\"><div class=\"video-align-left row box box--4 box--mini\"><div class=\"col-md-3\"><\/div><div class=\"col-md-8 box-img-wrapper\"><div class=\"video-box\"><\/div><\/div><\/div><\/div><\/div><\/div><\/div><div class=\"content-more\"><\/div><\/div><\/div><\/div><\/div>\n<\/div><\/div><\/section>\n","protected":false},"excerpt":{"rendered":"","protected":false},"author":118,"featured_media":611610,"parent":651063,"menu_order":2,"comment_status":"closed","ping_status":"closed","template":"","meta":{"cg_dt_proposed_to":[0,0,0,0,0,0,0,0,0,0,0,0,0,0,0],"cg_seo_hreflang_relations":"[]","cg_seo_canonical_relation":"","cg_seo_hreflang_x_default_relation":"{\"uuid\":\"551d46f7-279a-4583-91e9-da56a3f4f315\",\"blogId\":\"\",\"domain\":\"\",\"sitePath\":\"\",\"postLink\":\"\",\"postId\":null,\"isSaved\":true,\"isCrossLink\":false,\"hasCrossLink\":false}","cg_dt_approved_content":false,"cg_dt_mandatory_content":false,"cg_dt_notes":"","cg_dg_source_changed":false,"cg_dt_link_disabled":false,"_yoast_wpseo_primary_brand":"","footnotes":"","featured_focal_points":"","partner_card_description":"","gsap_animation":0},"brand":[],"partner_type":[],"service":[],"industry":[86],"partners":[],"page-type":[79],"content-group":[],"class_list":["post-518097","page","type-page","status-publish","has-post-thumbnail","hentry","industry-telecoms","page-type-industry"],"yoast_head":"<!-- This site is optimized with the Yoast SEO Premium plugin v22.8 (Yoast SEO v22.8) - https:\/\/yoast.com\/wordpress\/plugins\/seo\/ -->\n<title>Trasformazione digitale | Telecomunicazioni | Capgemini<\/title>\n<meta name=\"description\" content=\"Aiutiamo le societ\u00e0 di telecomunicazioni a sfruttare al meglio il digitale per accelerare la loro transizione da fornitore di servizi di comunicazione (CSP) a fornitore di servizi digitali (DSP).\" \/>\n<meta name=\"robots\" content=\"index, follow, max-snippet:-1, max-image-preview:large, max-video-preview:-1\" \/>\n<link rel=\"canonical\" href=\"https:\/\/www.capgemini.com\/it-it\/settori\/telecomunicazioni\/trasformazione-digitale\/\" \/>\n<meta property=\"og:locale\" content=\"it_IT\" \/>\n<meta property=\"og:type\" content=\"article\" \/>\n<meta property=\"og:title\" content=\"Trasformazione digitale\" \/>\n<meta property=\"og:description\" content=\"Aiutiamo le societ\u00e0 di telecomunicazioni a sfruttare al meglio il digitale per accelerare la loro transizione da fornitore di servizi di comunicazione (CSP) a fornitore di servizi digitali (DSP).\" \/>\n<meta property=\"og:url\" content=\"https:\/\/www.capgemini.com\/it-it\/settori\/telecomunicazioni\/trasformazione-digitale\/\" \/>\n<meta property=\"og:site_name\" content=\"Capgemini Italia\" \/>\n<meta property=\"article:modified_time\" content=\"2025-12-04T16:30:25+00:00\" \/>\n<meta property=\"og:image\" content=\"https:\/\/www.capgemini.com\/it-it\/wp-content\/uploads\/sites\/15\/2025\/10\/New-Web-preview-global.jpg\" \/>\n\t<meta property=\"og:image:width\" content=\"1200\" \/>\n\t<meta property=\"og:image:height\" content=\"627\" \/>\n\t<meta property=\"og:image:type\" content=\"image\/jpeg\" \/>\n<meta name=\"twitter:card\" content=\"summary_large_image\" \/>\n<meta name=\"twitter:label1\" content=\"Est. reading time\" \/>\n\t<meta name=\"twitter:data1\" content=\"3 minutes\" \/>\n<script type=\"application\/ld+json\" class=\"yoast-schema-graph\">{\"@context\":\"https:\/\/schema.org\",\"@graph\":[{\"@type\":\"WebPage\",\"@id\":\"https:\/\/www.capgemini.com\/it-it\/settori\/telecomunicazioni\/trasformazione-digitale\/\",\"url\":\"https:\/\/www.capgemini.com\/it-it\/settori\/telecomunicazioni\/trasformazione-digitale\/\",\"name\":\"Trasformazione digitale | Telecomunicazioni | Capgemini\",\"isPartOf\":{\"@id\":\"https:\/\/www.capgemini.com\/it-it\/#website\"},\"primaryImageOfPage\":{\"@id\":\"https:\/\/www.capgemini.com\/it-it\/settori\/telecomunicazioni\/trasformazione-digitale\/#primaryimage\"},\"image\":{\"@id\":\"https:\/\/www.capgemini.com\/it-it\/settori\/telecomunicazioni\/trasformazione-digitale\/#primaryimage\"},\"thumbnailUrl\":\"\",\"datePublished\":\"2021-04-16T06:24:10+00:00\",\"dateModified\":\"2025-12-04T16:30:25+00:00\",\"description\":\"Aiutiamo le societ\u00e0 di telecomunicazioni a sfruttare al meglio il digitale per accelerare la loro transizione da fornitore di servizi di comunicazione (CSP) a fornitore di servizi digitali (DSP).\",\"breadcrumb\":{\"@id\":\"https:\/\/www.capgemini.com\/it-it\/settori\/telecomunicazioni\/trasformazione-digitale\/#breadcrumb\"},\"inLanguage\":\"it-IT\",\"potentialAction\":[{\"@type\":\"ReadAction\",\"target\":[\"https:\/\/www.capgemini.com\/it-it\/settori\/telecomunicazioni\/trasformazione-digitale\/\"]}]},{\"@type\":\"ImageObject\",\"inLanguage\":\"it-IT\",\"@id\":\"https:\/\/www.capgemini.com\/it-it\/settori\/telecomunicazioni\/trasformazione-digitale\/#primaryimage\",\"url\":\"\",\"contentUrl\":\"\"},{\"@type\":\"BreadcrumbList\",\"@id\":\"https:\/\/www.capgemini.com\/it-it\/settori\/telecomunicazioni\/trasformazione-digitale\/#breadcrumb\",\"itemListElement\":[{\"@type\":\"ListItem\",\"position\":1,\"name\":\"Home\",\"item\":\"https:\/\/www.capgemini.com\/it-it\/\"},{\"@type\":\"ListItem\",\"position\":2,\"name\":\"Settori\",\"item\":\"https:\/\/www.capgemini.com\/it-it\/settori\/\"},{\"@type\":\"ListItem\",\"position\":3,\"name\":\"Telcos\",\"item\":\"https:\/\/www.capgemini.com\/it-it\/settori\/telecomunicazioni\/\"},{\"@type\":\"ListItem\",\"position\":4,\"name\":\"Trasformazione digitale\"}]},{\"@type\":\"WebSite\",\"@id\":\"https:\/\/www.capgemini.com\/it-it\/#website\",\"url\":\"https:\/\/www.capgemini.com\/it-it\/\",\"name\":\"Capgemini Italia\",\"description\":\"Get The Future You Want\",\"potentialAction\":[{\"@type\":\"SearchAction\",\"target\":{\"@type\":\"EntryPoint\",\"urlTemplate\":\"https:\/\/www.capgemini.com\/it-it\/?s={search_term_string}\"},\"query-input\":\"required name=search_term_string\"}],\"inLanguage\":\"it-IT\"}]}<\/script>\n<!-- \/ Yoast SEO Premium plugin. -->","yoast_head_json":{"title":"Trasformazione digitale | Telecomunicazioni | Capgemini","description":"Aiutiamo le societ\u00e0 di telecomunicazioni a sfruttare al meglio il digitale per accelerare la loro transizione da fornitore di servizi di comunicazione (CSP) a fornitore di servizi digitali (DSP).","robots":{"index":"index","follow":"follow","max-snippet":"max-snippet:-1","max-image-preview":"max-image-preview:large","max-video-preview":"max-video-preview:-1"},"canonical":"https:\/\/www.capgemini.com\/it-it\/settori\/telecomunicazioni\/trasformazione-digitale\/","og_locale":"it_IT","og_type":"article","og_title":"Trasformazione digitale","og_description":"Aiutiamo le societ\u00e0 di telecomunicazioni a sfruttare al meglio il digitale per accelerare la loro transizione da fornitore di servizi di comunicazione (CSP) a fornitore di servizi digitali (DSP).","og_url":"https:\/\/www.capgemini.com\/it-it\/settori\/telecomunicazioni\/trasformazione-digitale\/","og_site_name":"Capgemini Italia","article_modified_time":"2025-12-04T16:30:25+00:00","og_image":[{"width":1200,"height":627,"url":"https:\/\/www.capgemini.com\/it-it\/wp-content\/uploads\/sites\/15\/2025\/10\/New-Web-preview-global.jpg","type":"image\/jpeg"}],"twitter_card":"summary_large_image","twitter_misc":{"Est. reading time":"3 minutes"},"schema":{"@context":"https:\/\/schema.org","@graph":[{"@type":"WebPage","@id":"https:\/\/www.capgemini.com\/it-it\/settori\/telecomunicazioni\/trasformazione-digitale\/","url":"https:\/\/www.capgemini.com\/it-it\/settori\/telecomunicazioni\/trasformazione-digitale\/","name":"Trasformazione digitale | Telecomunicazioni | Capgemini","isPartOf":{"@id":"https:\/\/www.capgemini.com\/it-it\/#website"},"primaryImageOfPage":{"@id":"https:\/\/www.capgemini.com\/it-it\/settori\/telecomunicazioni\/trasformazione-digitale\/#primaryimage"},"image":{"@id":"https:\/\/www.capgemini.com\/it-it\/settori\/telecomunicazioni\/trasformazione-digitale\/#primaryimage"},"thumbnailUrl":"","datePublished":"2021-04-16T06:24:10+00:00","dateModified":"2025-12-04T16:30:25+00:00","description":"Aiutiamo le societ\u00e0 di telecomunicazioni a sfruttare al meglio il digitale per accelerare la loro transizione da fornitore di servizi di comunicazione (CSP) a fornitore di servizi digitali (DSP).","breadcrumb":{"@id":"https:\/\/www.capgemini.com\/it-it\/settori\/telecomunicazioni\/trasformazione-digitale\/#breadcrumb"},"inLanguage":"it-IT","potentialAction":[{"@type":"ReadAction","target":["https:\/\/www.capgemini.com\/it-it\/settori\/telecomunicazioni\/trasformazione-digitale\/"]}]},{"@type":"ImageObject","inLanguage":"it-IT","@id":"https:\/\/www.capgemini.com\/it-it\/settori\/telecomunicazioni\/trasformazione-digitale\/#primaryimage","url":"","contentUrl":""},{"@type":"BreadcrumbList","@id":"https:\/\/www.capgemini.com\/it-it\/settori\/telecomunicazioni\/trasformazione-digitale\/#breadcrumb","itemListElement":[{"@type":"ListItem","position":1,"name":"Home","item":"https:\/\/www.capgemini.com\/it-it\/"},{"@type":"ListItem","position":2,"name":"Settori","item":"https:\/\/www.capgemini.com\/it-it\/settori\/"},{"@type":"ListItem","position":3,"name":"Telcos","item":"https:\/\/www.capgemini.com\/it-it\/settori\/telecomunicazioni\/"},{"@type":"ListItem","position":4,"name":"Trasformazione digitale"}]},{"@type":"WebSite","@id":"https:\/\/www.capgemini.com\/it-it\/#website","url":"https:\/\/www.capgemini.com\/it-it\/","name":"Capgemini Italia","description":"Get The Future You Want","potentialAction":[{"@type":"SearchAction","target":{"@type":"EntryPoint","urlTemplate":"https:\/\/www.capgemini.com\/it-it\/?s={search_term_string}"},"query-input":"required name=search_term_string"}],"inLanguage":"it-IT"}]}},"brand_term":[],"parsely":{"version":"1.1.0","canonical_url":"https:\/\/capgemini.com\/it-it\/settori\/telecomunicazioni\/trasformazione-digitale\/","smart_links":{"inbound":0,"outbound":0},"traffic_boost_suggestions_count":0,"meta":{"@context":"https:\/\/schema.org","@type":"WebPage","headline":"Trasformazione digitale","url":"https:\/\/www.capgemini.com\/it-it\/settori\/telecomunicazioni\/trasformazione-digitale\/","mainEntityOfPage":{"@type":"WebPage","@id":"https:\/\/www.capgemini.com\/it-it\/settori\/telecomunicazioni\/trasformazione-digitale\/"},"thumbnailUrl":"","image":{"@type":"ImageObject","url":""},"articleSection":"Uncategorized","author":[],"creator":[],"publisher":{"@type":"Organization","name":"Capgemini Italia","logo":""},"keywords":[],"dateCreated":"2021-04-16T06:24:10Z","datePublished":"2021-04-16T06:24:10Z","dateModified":"2025-12-04T16:30:25Z"},"rendered":"<meta name=\"parsely-title\" content=\"Trasformazione digitale\" \/>\n<meta name=\"parsely-link\" content=\"https:\/\/www.capgemini.com\/it-it\/settori\/telecomunicazioni\/trasformazione-digitale\/\" \/>\n<meta name=\"parsely-type\" content=\"index\" \/>\n<meta name=\"parsely-pub-date\" content=\"2021-04-16T06:24:10Z\" \/>\n<meta name=\"parsely-section\" content=\"Uncategorized\" \/>","tracker_url":"https:\/\/cdn.parsely.com\/keys\/capgemini.com\/p.js"},"archive_status":false,"featured_image_src":"https:\/\/www.capgemini.com\/it-it\/wp-content\/themes\/capgemini2025\/assets\/images\/mockup.png","featured_image_alt":"","jetpack_sharing_enabled":true,"distributor_meta":false,"distributor_terms":false,"distributor_media":false,"distributor_original_site_name":"Capgemini Italia","distributor_original_site_url":"https:\/\/www.capgemini.com\/it-it","push-errors":false,"_links":{"self":[{"href":"https:\/\/www.capgemini.com\/it-it\/wp-json\/wp\/v2\/pages\/518097","targetHints":{"allow":["GET"]}}],"collection":[{"href":"https:\/\/www.capgemini.com\/it-it\/wp-json\/wp\/v2\/pages"}],"about":[{"href":"https:\/\/www.capgemini.com\/it-it\/wp-json\/wp\/v2\/types\/page"}],"author":[{"embeddable":true,"href":"https:\/\/www.capgemini.com\/it-it\/wp-json\/wp\/v2\/users\/118"}],"replies":[{"embeddable":true,"href":"https:\/\/www.capgemini.com\/it-it\/wp-json\/wp\/v2\/comments?post=518097"}],"version-history":[{"count":8,"href":"https:\/\/www.capgemini.com\/it-it\/wp-json\/wp\/v2\/pages\/518097\/revisions"}],"predecessor-version":[{"id":854547,"href":"https:\/\/www.capgemini.com\/it-it\/wp-json\/wp\/v2\/pages\/518097\/revisions\/854547"}],"up":[{"embeddable":true,"href":"https:\/\/www.capgemini.com\/it-it\/wp-json\/wp\/v2\/pages\/651063"}],"wp:featuredmedia":[{"embeddable":true,"href":"https:\/\/www.capgemini.com\/it-it\/wp-json\/"}],"wp:attachment":[{"href":"https:\/\/www.capgemini.com\/it-it\/wp-json\/wp\/v2\/media?parent=518097"}],"wp:term":[{"taxonomy":"brand","embeddable":true,"href":"https:\/\/www.capgemini.com\/it-it\/wp-json\/wp\/v2\/brand?post=518097"},{"taxonomy":"partner_type","embeddable":true,"href":"https:\/\/www.capgemini.com\/it-it\/wp-json\/wp\/v2\/partner_type?post=518097"},{"taxonomy":"service","embeddable":true,"href":"https:\/\/www.capgemini.com\/it-it\/wp-json\/wp\/v2\/service?post=518097"},{"taxonomy":"industry","embeddable":true,"href":"https:\/\/www.capgemini.com\/it-it\/wp-json\/wp\/v2\/industry?post=518097"},{"taxonomy":"partners","embeddable":true,"href":"https:\/\/www.capgemini.com\/it-it\/wp-json\/wp\/v2\/partners?post=518097"},{"taxonomy":"page-type","embeddable":true,"href":"https:\/\/www.capgemini.com\/it-it\/wp-json\/wp\/v2\/page-type?post=518097"},{"taxonomy":"content-group","embeddable":true,"href":"https:\/\/www.capgemini.com\/it-it\/wp-json\/wp\/v2\/content-group?post=518097"}],"curies":[{"name":"wp","href":"https:\/\/api.w.org\/{rel}","templated":true}]}}