{"id":514991,"date":"2021-03-25T13:05:27","date_gmt":"2021-03-25T13:05:27","guid":{"rendered":"https:\/\/www.capgemini.com\/?page_id=514991"},"modified":"2025-09-08T09:56:24","modified_gmt":"2025-09-08T09:56:24","slug":"notifica-vulnerabilita-di-sicurezza","status":"publish","type":"page","link":"https:\/\/www.capgemini.com\/it-it\/notifica-vulnerabilita-di-sicurezza\/","title":{"rendered":"Notifica di vulnerabilit\u00e0 di sicurezza"},"content":{"rendered":"\n<div class=\"wp-block-cg-blocks-hero-picture-card undefined  heroPictureCard\"><div class=\"heroPictureCardBgs\"><picture><source srcset=\"https:\/\/www.capgemini.com\/wp-content\/uploads\/2021\/09\/Capgemini_Cybersecurity-Communities.jpg?w=2880&amp;quality=70 1x, https:\/\/www.capgemini.com\/wp-content\/uploads\/2021\/09\/Capgemini_Cybersecurity-Communities.jpg?w=2880&amp;quality=70 2x\" media=\"(min-width: 1500px)\"\/><source srcset=\"https:\/\/www.capgemini.com\/wp-content\/uploads\/2021\/09\/Capgemini_Cybersecurity-Communities.jpg?w=1440&amp;quality=70 1x, https:\/\/www.capgemini.com\/wp-content\/uploads\/2021\/09\/Capgemini_Cybersecurity-Communities.jpg?w=2880&amp;quality=70 2x\" media=\"(min-width: 992px)\"\/><source srcset=\"https:\/\/www.capgemini.com\/wp-content\/uploads\/2021\/09\/Capgemini_Cybersecurity-Communities.jpg?w=1024&amp;quality=70 1x, https:\/\/www.capgemini.com\/wp-content\/uploads\/2021\/09\/Capgemini_Cybersecurity-Communities.jpg?w=1024&amp;quality=70 2x\" media=\"(min-width: 768px)\"\/><source srcset=\"https:\/\/www.capgemini.com\/wp-content\/uploads\/2021\/09\/Capgemini_Cybersecurity-Communities.jpg?w=768&amp;quality=70 1x, https:\/\/www.capgemini.com\/wp-content\/uploads\/2021\/09\/Capgemini_Cybersecurity-Communities.jpg?w=768&amp;quality=70 2x\" media=\"(min-width: 0)\"\/><img decoding=\"async\" src=\"https:\/\/www.capgemini.com\/wp-content\/uploads\/2021\/09\/Capgemini_Cybersecurity-Communities.jpg\" class=\"desktopImage\" alt=\"\" style=\"object-fit:cover;object-position:67% 13%\" loading=\"eager\"\/><\/picture><picture><source srcset=\"https:\/\/www.capgemini.com\/wp-content\/uploads\/2021\/09\/Capgemini_Cybersecurity-Communities.jpg?w=2880&amp;quality=70 1x, https:\/\/www.capgemini.com\/wp-content\/uploads\/2021\/09\/Capgemini_Cybersecurity-Communities.jpg?w=2880&amp;quality=70 2x\" media=\"(min-width: 1500px)\"\/><source srcset=\"https:\/\/www.capgemini.com\/wp-content\/uploads\/2021\/09\/Capgemini_Cybersecurity-Communities.jpg?w=1440&amp;quality=70 1x, https:\/\/www.capgemini.com\/wp-content\/uploads\/2021\/09\/Capgemini_Cybersecurity-Communities.jpg?w=2880&amp;quality=70 2x\" media=\"(min-width: 992px)\"\/><source srcset=\"https:\/\/www.capgemini.com\/wp-content\/uploads\/2021\/09\/Capgemini_Cybersecurity-Communities.jpg?w=1024&amp;quality=70 1x, https:\/\/www.capgemini.com\/wp-content\/uploads\/2021\/09\/Capgemini_Cybersecurity-Communities.jpg?w=1024&amp;quality=70 2x\" media=\"(min-width: 768px)\"\/><source srcset=\"https:\/\/www.capgemini.com\/wp-content\/uploads\/2021\/09\/Capgemini_Cybersecurity-Communities.jpg?w=768&amp;quality=70 1x, https:\/\/www.capgemini.com\/wp-content\/uploads\/2021\/09\/Capgemini_Cybersecurity-Communities.jpg?w=768&amp;quality=70 2x\" media=\"(min-width: 0)\"\/><img decoding=\"async\" src=\"https:\/\/www.capgemini.com\/wp-content\/uploads\/2021\/09\/Capgemini_Cybersecurity-Communities.jpg\" class=\"mobileImage\" alt=\"\" style=\"object-fit:cover;object-position:67% 13%\" loading=\"eager\"\/><\/picture><\/div><div class=\"heroPictureCardHeaderShape\"><\/div><div class=\"container\"><div class=\"row\"><div class=\"col-md-8 col-lg-6\"><div class=\"heroPictureCardBox\"><div class=\"heroPictureCardBoxTitle\"><h1 data-maxlength=\"144\">Notifica di vulnerabilit\u00e0 di sicurezza<\/h1><\/div><\/div><\/div><\/div><\/div><div class=\"small-device\"><div class=\"brandLogoWrapper\"> <\/div><\/div><\/div>\n\n\n\n<section class=\"wp-block-cg-blocks-group undefined section section--article-content\"><div class=\"article-main-content\"><div class=\"container\"><div class=\"row\"><div class=\"col-12 col-md-11 col-lg-10 offset-md-1 offset-lg-1\"><div class=\"article-text article-quote-text\">\n<h2 class=\"wp-block-heading\">Dichiarazione<\/h2>\n\n\n\n<p>La cybersecurity \u00e8 un elemento cruciale di Capgemini come organizzazione. Ci impegniamo a proteggere i nostri utenti e clienti in ogni parte del mondo.<\/p>\n\n\n\n<p>Capgemini supporta un approccio trasparente alla gestione delle vulnerabilit\u00e0, collaborando con la pi\u00f9 ampia comunit\u00e0 sui temi legati alla sicurezza informatica.<\/p>\n\n\n\n<p>Capgemini dispone di un team dedicato che monitora da vicino la cybersecurity dei propri sistemi, servizi e prodotti. Parallelamente, il team si occupa del processo di gestione delle vulnerabilit\u00e0 esterne del Gruppo, gestendo le attivit\u00e0 di ricezione, valutazione (indagine) e coordinamento della risposta.<\/p>\n\n\n\n<h3 class=\"wp-block-heading\" id=\"h-procedura-di-notifica-per-la-divulgazione-delle-vulnerabilita\">Procedura di notifica per la divulgazione delle vulnerabilit\u00e0<\/h3>\n\n\n\n<p><strong>Come notificare a Capgemini un problema di sicurezza<\/strong><\/p>\n\n\n\n<p>Se scopri una vulnerabilit\u00e0 nei nostri sistemi, servizi o prodotti, ti preghiamo di comunicarcelo il pi\u00f9 rapidamente possibile inviando un\u2019e-mail a:&nbsp;<a href=\"mailto:vulnerabilitynotification.global@capgemini.com\">vulnerabilitynotification.global@capgemini.com<\/a><\/p>\n\n\n\n<p>Di seguito trovi le informazioni minime che ti chiediamo di indicare:<\/p>\n\n\n\n<ul class=\"wp-block-list\">\n<li>I tuoi dati di contatto preferiti (incluso un numero di telefono)<\/li>\n\n\n\n<li>Descrizione dettagliata della vulnerabilit\u00e0<\/li>\n\n\n\n<li>Tempo e modalit\u00e0 della scoperta<\/li>\n\n\n\n<li>Specifica del sistema, del servizio o del prodotto in cui \u00e8 stata scoperta la vulnerabilit\u00e0<\/li>\n\n\n\n<li>Qualsiasi altra informazione correlata (esempi di codice, registri, schermate, ecc.)<\/li>\n<\/ul>\n\n\n\n<p><strong>Processo di risoluzione<\/strong><\/p>\n\n\n\n<p>Esamineremo eventuali problemi notificati e intraprenderemo tutte le azioni e le misure necessarie a mitigare e\/o risolvere il problema.<\/p>\n\n\n\n<h4 class=\"wp-block-heading\" id=\"h-impegni\"><strong>Impegni<\/strong><\/h4>\n\n\n\n<p>Inviando una notifica di vulnerabilit\u00e0, accetti di:<\/p>\n\n\n\n<ul class=\"wp-block-list\">\n<li>Non divulgare n\u00e9 pubblicare la vulnerabilit\u00e0 a terzi prima che sia stata risolta e prima della scadenza di un periodo di tempo concordato di comune accordo;<\/li>\n\n\n\n<li>Non sfruttare la vulnerabilit\u00e0 n\u00e9 modificare, scaricare o eliminare record o dati o lanciare qualsiasi tipo di attacco basato sulla vulnerabilit\u00e0;<\/li>\n\n\n\n<li>Rispettare le leggi e i regolamenti vigenti nella tua area geografica;<\/li>\n\n\n\n<li>Rispettare le leggi vigenti in materia di protezione dei dati, in particolare non divulgando i dati personali di terzi senza alcun valido fondamento giuridico;<\/li>\n\n\n\n<li>Confermare che gli elementi contenuti nella notifica che stai inviando non violino i diritti di propriet\u00e0 intellettuale di terzi (ad esempio, non sono stati copiati elementi disponibili su internet).<\/li>\n<\/ul>\n\n\n\n<p>Inviando una notifica di vulnerabilit\u00e0 a Capgemini, accetti di concedere a Capgemini un diritto irrevocabile, in tutto il mondo, di utilizzarla gratuitamente e per un periodo di cinquant\u2019anni.<\/p>\n\n\n\n<p><strong>Trattamento dei tuoi dati personali<\/strong><\/p>\n\n\n\n<p>Inviando la notifica, accetti che Capgemini elabori i tuoi dati personali. Tale trattamento viene effettuato nel rispetto delle leggi vigenti in materia di protezione dei dati e, in ogni caso, i tuoi dati personali saranno trattati al solo scopo di dare seguito alla tua segnalazione. Capgemini si impegna a non trattare i tuoi dati personali per nessun altro scopo.<\/p>\n\n\n\n<p><strong>Con chi condividiamo i tuoi dati personali?<\/strong><\/p>\n\n\n\n<p>I tuoi dati personali saranno condivisi con terze parti solo nella misura strettamente necessaria. Affidandosi a tali terze parti, Capgemini assicura di aver stipulato accordi contrattuali per garantire che i dati personali siano trattati in modo sicuro e rigoroso secondo le istruzioni di Capgemini.<\/p>\n\n\n\n<p>Inoltre, le affiliate di Capgemini o le terze parti interessate potrebbe risiedere al di fuori dello Spazio economico europeo (\u201cSEE\u201d), il che implica un trasferimento dei tuoi dati personali.<\/p>\n\n\n\n<p>\u2192 Laddove avvenga tra entit\u00e0 di Capgemini, il trasferimento dei dati sar\u00e0 disciplinato dalle Binding Corporate Rules (\u201cBCR\u201d) di Capgemini. Per maggiori informazioni sulle BCR di Capgemini, visita <a href=\"https:\/\/www.capgemini.com\/wp-content\/uploads\/2022\/03\/Capgemini-Binding-Corporate-Rules.pdf\" target=\"_blank\" rel=\"noreferrer noopener\">questo link<\/a>.<\/p>\n\n\n\n<p>\u2192 Laddove il trasferimento dei dati avvenga tra Capgemini e una terza parte esterna, Capgemini e detta parte garantiscono la sicurezza dei dati personali aderendo alle Clausole del modello UE approvate dalla Commissione europea.<\/p>\n\n\n\n<p><strong>Per quanto tempo Capgemini conserva i tuoi dati personali?<\/strong><\/p>\n\n\n\n<p>Capgemini conserver\u00e0 i tuoi dati personali per un periodo non superiore a quello necessario per gli scopi per i quali sono stati raccolti.<\/p>\n\n\n\n<p>Capgemini conserver\u00e0 i tuoi dati personali per tre (3) anni dalla data di raccolta.<\/p>\n\n\n\n<p><strong>Quali sono i tuoi diritti e come esercitarli?<\/strong><\/p>\n\n\n\n<p>Puoi richiedere di accedere, rettificare o cancellare i tuoi dati personali. Puoi anche opporti al trattamento dei tuoi dati personali o richiedere che il trattamento sia limitato. Puoi inoltre chiedere la comunicazione dei tuoi dati personali in un formato strutturato, di uso comune e leggibile da dispositivo.<\/p>\n\n\n\n<p>Per esercitare tali diritti, contatta il Global Data Protection Office di Capgemini inviando un\u2019e-mail all\u2019indirizzo seguente:&nbsp;<a href=\"mailto:dpocapgemini.global@capgemini.com\">dpocapgemini.global@capgemini.com<\/a>. Ove opportuno, comunicheremo la tua richiesta e\/o il tuo reclamo al responsabile della protezione dei dati locale competente.<\/p>\n\n\n\n<p>Hai inoltre il diritto di presentare un reclamo presso un\u2019autorit\u00e0 di protezione dei dati o il tribunale competente.<\/p>\n<\/div><\/div><\/div><\/div><\/div><\/section>\n\n\n\n<p><\/p>\n","protected":false},"excerpt":{"rendered":"","protected":false},"author":310,"featured_media":0,"parent":0,"menu_order":0,"comment_status":"closed","ping_status":"closed","template":"","meta":{"cg_dt_proposed_to":[0,0,0,0,0,0,0,0,0,0,0,0,0,0,0,0,0,0,0,0,0,0,0,0,0,0,0,0],"cg_seo_hreflang_relations":"[]","cg_seo_canonical_relation":"","cg_seo_hreflang_x_default_relation":"{\"uuid\":\"36ccb298-2e45-4efe-ae28-c3b34f9476f0\",\"blogId\":\"\",\"domain\":\"\",\"sitePath\":\"\",\"postLink\":\"\",\"postId\":null,\"isSaved\":true,\"isCrossLink\":false,\"hasCrossLink\":false}","cg_dt_approved_content":false,"cg_dt_mandatory_content":false,"cg_dt_notes":"","cg_dg_source_changed":false,"cg_dt_link_disabled":false,"_yoast_wpseo_primary_brand":"","footnotes":"","featured_focal_points":"","partner_card_description":"","gsap_animation":0},"brand":[],"partner_type":[],"service":[],"industry":[],"partners":[],"page-type":[],"content-group":[],"class_list":["post-514991","page","type-page","status-publish","hentry"],"yoast_head":"<!-- This site is optimized with the Yoast SEO Premium plugin v22.8 (Yoast SEO v22.8) - https:\/\/yoast.com\/wordpress\/plugins\/seo\/ -->\n<title>Notifica di vulnerabilit\u00e0 di sicurezza | Capgemini<\/title>\n<meta name=\"robots\" content=\"index, follow, max-snippet:-1, max-image-preview:large, max-video-preview:-1\" \/>\n<link rel=\"canonical\" href=\"https:\/\/www.capgemini.com\/it-it\/notifica-vulnerabilita-di-sicurezza\/\" \/>\n<meta property=\"og:locale\" content=\"it_IT\" \/>\n<meta property=\"og:type\" content=\"article\" \/>\n<meta property=\"og:title\" content=\"Notifica di vulnerabilit\u00e0 di sicurezza\" \/>\n<meta property=\"og:url\" content=\"https:\/\/www.capgemini.com\/it-it\/notifica-vulnerabilita-di-sicurezza\/\" \/>\n<meta property=\"og:site_name\" content=\"Capgemini Italia\" \/>\n<meta property=\"article:modified_time\" content=\"2025-09-08T09:56:24+00:00\" \/>\n<meta property=\"og:image\" content=\"https:\/\/www.capgemini.com\/wp-content\/uploads\/2021\/09\/Capgemini_Cybersecurity-Communities.jpg\" \/>\n<meta name=\"twitter:card\" content=\"summary_large_image\" \/>\n<meta name=\"twitter:label1\" content=\"Est. reading time\" \/>\n\t<meta name=\"twitter:data1\" content=\"5 minutes\" \/>\n<script type=\"application\/ld+json\" class=\"yoast-schema-graph\">{\"@context\":\"https:\/\/schema.org\",\"@graph\":[{\"@type\":\"WebPage\",\"@id\":\"https:\/\/www.capgemini.com\/it-it\/notifica-vulnerabilita-di-sicurezza\/\",\"url\":\"https:\/\/www.capgemini.com\/it-it\/notifica-vulnerabilita-di-sicurezza\/\",\"name\":\"Notifica di vulnerabilit\u00e0 di sicurezza | Capgemini\",\"isPartOf\":{\"@id\":\"https:\/\/www.capgemini.com\/it-it\/#website\"},\"primaryImageOfPage\":{\"@id\":\"https:\/\/www.capgemini.com\/it-it\/notifica-vulnerabilita-di-sicurezza\/#primaryimage\"},\"image\":{\"@id\":\"https:\/\/www.capgemini.com\/it-it\/notifica-vulnerabilita-di-sicurezza\/#primaryimage\"},\"thumbnailUrl\":\"https:\/\/www.capgemini.com\/wp-content\/uploads\/2021\/09\/Capgemini_Cybersecurity-Communities.jpg\",\"datePublished\":\"2021-03-25T13:05:27+00:00\",\"dateModified\":\"2025-09-08T09:56:24+00:00\",\"breadcrumb\":{\"@id\":\"https:\/\/www.capgemini.com\/it-it\/notifica-vulnerabilita-di-sicurezza\/#breadcrumb\"},\"inLanguage\":\"it-IT\",\"potentialAction\":[{\"@type\":\"ReadAction\",\"target\":[\"https:\/\/www.capgemini.com\/it-it\/notifica-vulnerabilita-di-sicurezza\/\"]}]},{\"@type\":\"ImageObject\",\"inLanguage\":\"it-IT\",\"@id\":\"https:\/\/www.capgemini.com\/it-it\/notifica-vulnerabilita-di-sicurezza\/#primaryimage\",\"url\":\"https:\/\/www.capgemini.com\/wp-content\/uploads\/2021\/09\/Capgemini_Cybersecurity-Communities.jpg\",\"contentUrl\":\"https:\/\/www.capgemini.com\/wp-content\/uploads\/2021\/09\/Capgemini_Cybersecurity-Communities.jpg\"},{\"@type\":\"BreadcrumbList\",\"@id\":\"https:\/\/www.capgemini.com\/it-it\/notifica-vulnerabilita-di-sicurezza\/#breadcrumb\",\"itemListElement\":[{\"@type\":\"ListItem\",\"position\":1,\"name\":\"Home\",\"item\":\"https:\/\/www.capgemini.com\/it-it\/\"},{\"@type\":\"ListItem\",\"position\":2,\"name\":\"Notifica di vulnerabilit\u00e0 di sicurezza\"}]},{\"@type\":\"WebSite\",\"@id\":\"https:\/\/www.capgemini.com\/it-it\/#website\",\"url\":\"https:\/\/www.capgemini.com\/it-it\/\",\"name\":\"Capgemini Italia\",\"description\":\"Get The Future You Want\",\"potentialAction\":[{\"@type\":\"SearchAction\",\"target\":{\"@type\":\"EntryPoint\",\"urlTemplate\":\"https:\/\/www.capgemini.com\/it-it\/?s={search_term_string}\"},\"query-input\":\"required name=search_term_string\"}],\"inLanguage\":\"it-IT\"}]}<\/script>\n<!-- \/ Yoast SEO Premium plugin. -->","yoast_head_json":{"title":"Notifica di vulnerabilit\u00e0 di sicurezza | Capgemini","robots":{"index":"index","follow":"follow","max-snippet":"max-snippet:-1","max-image-preview":"max-image-preview:large","max-video-preview":"max-video-preview:-1"},"canonical":"https:\/\/www.capgemini.com\/it-it\/notifica-vulnerabilita-di-sicurezza\/","og_locale":"it_IT","og_type":"article","og_title":"Notifica di vulnerabilit\u00e0 di sicurezza","og_url":"https:\/\/www.capgemini.com\/it-it\/notifica-vulnerabilita-di-sicurezza\/","og_site_name":"Capgemini Italia","article_modified_time":"2025-09-08T09:56:24+00:00","og_image":[{"url":"https:\/\/www.capgemini.com\/wp-content\/uploads\/2021\/09\/Capgemini_Cybersecurity-Communities.jpg"}],"twitter_card":"summary_large_image","twitter_misc":{"Est. reading time":"5 minutes"},"schema":{"@context":"https:\/\/schema.org","@graph":[{"@type":"WebPage","@id":"https:\/\/www.capgemini.com\/it-it\/notifica-vulnerabilita-di-sicurezza\/","url":"https:\/\/www.capgemini.com\/it-it\/notifica-vulnerabilita-di-sicurezza\/","name":"Notifica di vulnerabilit\u00e0 di sicurezza | Capgemini","isPartOf":{"@id":"https:\/\/www.capgemini.com\/it-it\/#website"},"primaryImageOfPage":{"@id":"https:\/\/www.capgemini.com\/it-it\/notifica-vulnerabilita-di-sicurezza\/#primaryimage"},"image":{"@id":"https:\/\/www.capgemini.com\/it-it\/notifica-vulnerabilita-di-sicurezza\/#primaryimage"},"thumbnailUrl":"https:\/\/www.capgemini.com\/wp-content\/uploads\/2021\/09\/Capgemini_Cybersecurity-Communities.jpg","datePublished":"2021-03-25T13:05:27+00:00","dateModified":"2025-09-08T09:56:24+00:00","breadcrumb":{"@id":"https:\/\/www.capgemini.com\/it-it\/notifica-vulnerabilita-di-sicurezza\/#breadcrumb"},"inLanguage":"it-IT","potentialAction":[{"@type":"ReadAction","target":["https:\/\/www.capgemini.com\/it-it\/notifica-vulnerabilita-di-sicurezza\/"]}]},{"@type":"ImageObject","inLanguage":"it-IT","@id":"https:\/\/www.capgemini.com\/it-it\/notifica-vulnerabilita-di-sicurezza\/#primaryimage","url":"https:\/\/www.capgemini.com\/wp-content\/uploads\/2021\/09\/Capgemini_Cybersecurity-Communities.jpg","contentUrl":"https:\/\/www.capgemini.com\/wp-content\/uploads\/2021\/09\/Capgemini_Cybersecurity-Communities.jpg"},{"@type":"BreadcrumbList","@id":"https:\/\/www.capgemini.com\/it-it\/notifica-vulnerabilita-di-sicurezza\/#breadcrumb","itemListElement":[{"@type":"ListItem","position":1,"name":"Home","item":"https:\/\/www.capgemini.com\/it-it\/"},{"@type":"ListItem","position":2,"name":"Notifica di vulnerabilit\u00e0 di sicurezza"}]},{"@type":"WebSite","@id":"https:\/\/www.capgemini.com\/it-it\/#website","url":"https:\/\/www.capgemini.com\/it-it\/","name":"Capgemini Italia","description":"Get The Future You Want","potentialAction":[{"@type":"SearchAction","target":{"@type":"EntryPoint","urlTemplate":"https:\/\/www.capgemini.com\/it-it\/?s={search_term_string}"},"query-input":"required name=search_term_string"}],"inLanguage":"it-IT"}]}},"brand_term":[],"parsely":{"version":"1.1.0","canonical_url":"https:\/\/capgemini.com\/it-it\/notifica-vulnerabilita-di-sicurezza\/","smart_links":{"inbound":0,"outbound":0},"traffic_boost_suggestions_count":0,"meta":{"@context":"https:\/\/schema.org","@type":"WebPage","headline":"Notifica di vulnerabilit\u00e0 di sicurezza","url":"https:\/\/www.capgemini.com\/it-it\/notifica-vulnerabilita-di-sicurezza\/","mainEntityOfPage":{"@type":"WebPage","@id":"https:\/\/www.capgemini.com\/it-it\/notifica-vulnerabilita-di-sicurezza\/"},"thumbnailUrl":"","image":{"@type":"ImageObject","url":""},"articleSection":"Uncategorized","author":[],"creator":[],"publisher":{"@type":"Organization","name":"Capgemini Italia","logo":""},"keywords":[],"dateCreated":"2021-03-25T13:05:27Z","datePublished":"2021-03-25T13:05:27Z","dateModified":"2025-09-08T09:56:24Z"},"rendered":"<meta name=\"parsely-title\" content=\"Notifica di vulnerabilit\u00e0 di sicurezza\" \/>\n<meta name=\"parsely-link\" content=\"https:\/\/www.capgemini.com\/it-it\/notifica-vulnerabilita-di-sicurezza\/\" \/>\n<meta name=\"parsely-type\" content=\"index\" \/>\n<meta name=\"parsely-pub-date\" content=\"2021-03-25T13:05:27Z\" \/>\n<meta name=\"parsely-section\" content=\"Uncategorized\" \/>","tracker_url":"https:\/\/cdn.parsely.com\/keys\/capgemini.com\/p.js"},"archive_status":false,"featured_image_src":"https:\/\/www.capgemini.com\/it-it\/wp-content\/themes\/capgemini2025\/assets\/images\/mockup.png","featured_image_alt":false,"jetpack_sharing_enabled":true,"distributor_meta":false,"distributor_terms":false,"distributor_media":false,"distributor_original_site_name":"Capgemini Italia","distributor_original_site_url":"https:\/\/www.capgemini.com\/it-it","push-errors":false,"_links":{"self":[{"href":"https:\/\/www.capgemini.com\/it-it\/wp-json\/wp\/v2\/pages\/514991","targetHints":{"allow":["GET"]}}],"collection":[{"href":"https:\/\/www.capgemini.com\/it-it\/wp-json\/wp\/v2\/pages"}],"about":[{"href":"https:\/\/www.capgemini.com\/it-it\/wp-json\/wp\/v2\/types\/page"}],"author":[{"embeddable":true,"href":"https:\/\/www.capgemini.com\/it-it\/wp-json\/wp\/v2\/users\/310"}],"replies":[{"embeddable":true,"href":"https:\/\/www.capgemini.com\/it-it\/wp-json\/wp\/v2\/comments?post=514991"}],"version-history":[{"count":5,"href":"https:\/\/www.capgemini.com\/it-it\/wp-json\/wp\/v2\/pages\/514991\/revisions"}],"predecessor-version":[{"id":853142,"href":"https:\/\/www.capgemini.com\/it-it\/wp-json\/wp\/v2\/pages\/514991\/revisions\/853142"}],"wp:attachment":[{"href":"https:\/\/www.capgemini.com\/it-it\/wp-json\/wp\/v2\/media?parent=514991"}],"wp:term":[{"taxonomy":"brand","embeddable":true,"href":"https:\/\/www.capgemini.com\/it-it\/wp-json\/wp\/v2\/brand?post=514991"},{"taxonomy":"partner_type","embeddable":true,"href":"https:\/\/www.capgemini.com\/it-it\/wp-json\/wp\/v2\/partner_type?post=514991"},{"taxonomy":"service","embeddable":true,"href":"https:\/\/www.capgemini.com\/it-it\/wp-json\/wp\/v2\/service?post=514991"},{"taxonomy":"industry","embeddable":true,"href":"https:\/\/www.capgemini.com\/it-it\/wp-json\/wp\/v2\/industry?post=514991"},{"taxonomy":"partners","embeddable":true,"href":"https:\/\/www.capgemini.com\/it-it\/wp-json\/wp\/v2\/partners?post=514991"},{"taxonomy":"page-type","embeddable":true,"href":"https:\/\/www.capgemini.com\/it-it\/wp-json\/wp\/v2\/page-type?post=514991"},{"taxonomy":"content-group","embeddable":true,"href":"https:\/\/www.capgemini.com\/it-it\/wp-json\/wp\/v2\/content-group?post=514991"}],"curies":[{"name":"wp","href":"https:\/\/api.w.org\/{rel}","templated":true}]}}