{"id":800225,"date":"2026-01-09T11:59:11","date_gmt":"2026-01-09T10:59:11","guid":{"rendered":"https:\/\/www.capgemini.com\/fr-fr\/?page_id=800225"},"modified":"2026-01-09T15:29:27","modified_gmt":"2026-01-09T14:29:27","slug":"recette-et-tests-garantir-la-qualite-de-vos-projets-si","status":"publish","type":"page","link":"https:\/\/www.capgemini.com\/fr-fr\/recette-et-tests-garantir-la-qualite-de-vos-projets-si\/","title":{"rendered":"Recette et Tests\u00a0: garantir la qualit\u00e9 de vos projets SI\u200b"},"content":{"rendered":"\n<header class=\"wp-block-cg-blocks-hero-reusable header heroReusable  \"><div class=\"header-bgs\"><picture><source srcset=\"https:\/\/www.capgemini.com\/fr-fr\/wp-content\/uploads\/sites\/6\/2026\/01\/2025-FR-AMOA-Key-Visual.jpg?w=2880&amp;quality=70 1x, https:\/\/www.capgemini.com\/fr-fr\/wp-content\/uploads\/sites\/6\/2026\/01\/2025-FR-AMOA-Key-Visual.jpg?w=2880&amp;quality=70 2x\" media=\"(min-width: 1500px)\"\/><source srcset=\"https:\/\/www.capgemini.com\/fr-fr\/wp-content\/uploads\/sites\/6\/2026\/01\/2025-FR-AMOA-Key-Visual.jpg?w=1440&amp;quality=70 1x, https:\/\/www.capgemini.com\/fr-fr\/wp-content\/uploads\/sites\/6\/2026\/01\/2025-FR-AMOA-Key-Visual.jpg?w=2880&amp;quality=70 2x\" media=\"(min-width: 992px)\"\/><source srcset=\"https:\/\/www.capgemini.com\/fr-fr\/wp-content\/uploads\/sites\/6\/2026\/01\/2025-FR-AMOA-Key-Visual.jpg?w=1024&amp;quality=70 1x, https:\/\/www.capgemini.com\/fr-fr\/wp-content\/uploads\/sites\/6\/2026\/01\/2025-FR-AMOA-Key-Visual.jpg?w=1024&amp;quality=70 2x\" media=\"(min-width: 768px)\"\/><source srcset=\"https:\/\/www.capgemini.com\/fr-fr\/wp-content\/uploads\/sites\/6\/2026\/01\/2025-FR-AMOA-Key-Visual.jpg?w=768&amp;quality=70 1x, https:\/\/www.capgemini.com\/fr-fr\/wp-content\/uploads\/sites\/6\/2026\/01\/2025-FR-AMOA-Key-Visual.jpg?w=768&amp;quality=70 2x\" media=\"(min-width: 0)\"\/><img decoding=\"async\" src=\"https:\/\/www.capgemini.com\/fr-fr\/wp-content\/uploads\/sites\/6\/2026\/01\/2025-FR-AMOA-Key-Visual.jpg\" class=\"header-img header-img-d\" alt=\"\" style=\"object-fit:cover;object-position:50% 50%\" loading=\"eager\"\/><\/picture><\/div><div class=\"heroPictureCardHeaderShape\"><\/div><div class=\"container\"><div class=\"row\"><div class=\"col-md-12\"><div class=\"box\"><div class=\"boxTagWrapper\"><div class=\"tagInfo\"><div><span class=\"box-tag\">UGAP<\/span><\/div><\/div><\/div><div class=\"box-title\"><h1 data-maxlength=\"34\">Recette et Tests :<br>garantir la qualit\u00e9 de vos projets SI\u200b<\/h1><\/div><div class=\"inner-row-insight download-btn\"><\/div><\/div><\/div><\/div><\/div><\/header>\n\n\n\n<section class=\"wp-block-cg-blocks-group section section--article-content\"><div class=\"article-main-content\"><div class=\"container\"><div class=\"row\"><div class=\"col-12 col-md-11 col-lg-10 offset-md-1 offset-lg-1\"><div class=\"article-text article-quote-text\">\n<div class=\"wp-block-media-text is-stacked-on-mobile\"><figure class=\"wp-block-media-text__media\"><video controls src=\"https:\/\/www.capgemini.com\/fr-fr\/wp-content\/uploads\/sites\/6\/2026\/01\/Avis-dexperts-Recette-et-Tests-les-benefices-dune-strategie-reussie.mp4\"><\/video><\/figure><div class=\"wp-block-media-text__content\">\n<div style=\"height:30px\" aria-hidden=\"true\" class=\"wp-block-spacer\"><\/div>\n\n\n\n<p>Le testing est le premier outil \u00e0 la disposition du secteur public pour des services num\u00e9riques fluides et r\u00e9ussis. Il permet de v\u00e9rifier des cas d\u2019usages pouvant entra\u00eener des erreurs et ainsi les corriger avant qu\u2019elles ne se produisent.\u200b<\/p>\n\n\n\n<div class=\"wp-block-buttons is-layout-flex wp-block-buttons-is-layout-flex\">\n<div class=\"wp-block-button\"><a class=\"wp-block-button__link wp-element-button\" href=\"https:\/\/ow.ly\/wYPh50XTUOZ\">En savoir plus<\/a><\/div>\n<\/div>\n<\/div><\/div>\n\n\n\n<div style=\"height:50px\" aria-hidden=\"true\" class=\"wp-block-spacer\"><\/div>\n\n\n\n<section class=\"wp-block-cg-blocks-how-we-do-it section section--howwedoit block-howwedoit\"><div class=\"container\"><div class=\"section-content\">\n<div class=\"wp-block-cg-blocks-card-howwedoit expanders\"><div class=\"box card-regulated-agreements card-howwedoit\"><div class=\"expander-box filter-box tag-active \"><div class=\"expander-title\" tabindex=\"0\" role=\"button\" aria-pressed=\"false\" aria-expanded=\"false\"><h3 class=\"expander-heading-title\">Livre blanc &#8211; Recette et Tests\u00a0: garantir la qualit\u00e9 des services publics\u00a0fran\u00e7ais<\/h3><\/div><div class=\"expander-subtitle\"><p class=\"small-description\">Tendances, innovation et bonnes pratiques \u00e0 l\u2019horizon 2026<\/p><\/div><div class=\"expander-content\"><p><\/p><div class=\"bg-color video-align-right\"><div class=\"container\"><div class=\"row video-align-left\"><div class=\"col-md-12\"><div class=\"video-align-left row box box--4 box--mini\"><div class=\"col-md-3\"><\/div><div class=\"col-md-8 box-img-wrapper\"><div class=\"video-box\"><\/div><\/div><\/div><\/div><\/div><\/div><\/div><div class=\"content-more\"><\/div><\/div><\/div><\/div><\/div>\n<\/div><\/div><\/section>\n\n\n\n<section class=\"wp-block-cg-blocks-group section section--article-content\"><div class=\"article-main-content\"><div class=\"container\"><div class=\"row\"><div class=\"col-12 col-md-11 col-lg-10 offset-md-1 offset-lg-1\"><div class=\"article-text article-quote-text\">\n<h2 class=\"wp-block-heading\" id=\"h-videos-avis-d-expert\">Vid\u00e9os avis d&#8217;expert<\/h2>\n\n\n\n<ul class=\"wp-block-list\">\n<li><a href=\"https:\/\/www.youtube.com\/watch?v=sJRvBF-CteY\">Vid\u00e9o avis d&#8217;experts &#8220;R\u00e9aliser une strat\u00e9gie de tests r\u00e9ussie&#8221;<\/a><\/li>\n\n\n\n<li><a href=\"https:\/\/www.youtube.com\/watch?v=ymS0Mzc-0m8\">Vid\u00e9o avis d&#8217;experts &#8220;Pr\u00e9parer ses tests et passer le relai&#8221;<\/a><\/li>\n\n\n\n<li><a href=\"https:\/\/www.youtube.com\/watch?v=I_YL9OJJXko\">Vid\u00e9o avis d&#8217;experts &#8220;Appliquer les tests et les automatise&#8221;<\/a><\/li>\n<\/ul>\n\n\n\n<div style=\"height:61px\" aria-hidden=\"true\" class=\"wp-block-spacer\"><\/div>\n\n\n\n<p><strong>Pour nous contacter : <\/strong><a href=\"mailto:pi@ugap.fr\" target=\"_blank\" rel=\"noreferrer noopener\">pi@ugap.fr<\/a>\u200b<\/p>\n\n\n\n<section class=\"wp-block-cg-blocks-group section section--article-content\"><div class=\"article-main-content\"><div class=\"container\"><div class=\"row\"><div class=\"col-12 col-md-11 col-lg-10 offset-md-1 offset-lg-1\"><div class=\"article-text article-quote-text\">\n<div style=\"height:100px\" aria-hidden=\"true\" class=\"wp-block-spacer\"><\/div>\n\n\n\n<figure class=\"wp-block-image aligncenter size-large\"><img loading=\"lazy\" decoding=\"async\" width=\"1019\" height=\"127\" src=\"https:\/\/www.capgemini.com\/fr-fr\/wp-content\/uploads\/sites\/6\/2026\/01\/Capgemini-CGI-OnePoint-Ugap.png?w=960\" alt=\"\" class=\"wp-image-800233\" srcset=\"https:\/\/www.capgemini.com\/fr-fr\/wp-content\/uploads\/sites\/6\/2026\/01\/Capgemini-CGI-OnePoint-Ugap.png 1019w, https:\/\/www.capgemini.com\/fr-fr\/wp-content\/uploads\/sites\/6\/2026\/01\/Capgemini-CGI-OnePoint-Ugap.png?resize=300,37 300w, https:\/\/www.capgemini.com\/fr-fr\/wp-content\/uploads\/sites\/6\/2026\/01\/Capgemini-CGI-OnePoint-Ugap.png?resize=768,96 768w\" sizes=\"auto, (max-width: 1019px) 100vw, 1019px\" \/><\/figure>\n<\/div><\/div><\/div><\/div><\/div><\/section>\n<\/div><\/div><\/div><\/div><\/div><\/section>\n<\/div><\/div><\/div><\/div><\/div><\/section>\n","protected":false},"excerpt":{"rendered":"<p>Recette et Tests\u00a0: garantir la qualit\u00e9 de vos projets SI\u200b<\/p>\n","protected":false},"author":157,"featured_media":800260,"parent":0,"menu_order":0,"comment_status":"closed","ping_status":"closed","template":"","meta":{"cg_dt_proposed_to":[],"cg_seo_hreflang_relations":"[]","cg_seo_canonical_relation":"","cg_seo_hreflang_x_default_relation":"","cg_dt_approved_content":true,"cg_dt_mandatory_content":false,"cg_dt_notes":"","cg_dg_source_changed":false,"cg_dt_link_disabled":false,"_yoast_wpseo_primary_brand":"","footnotes":"","featured_focal_points":"","partner_card_description":"","gsap_animation":0},"brand":[],"partner_type":[],"service":[],"industry":[],"partners":[],"page-type":[],"content-group":[],"class_list":["post-800225","page","type-page","status-publish","has-post-thumbnail","hentry"],"yoast_head":"<!-- This site is optimized with the Yoast SEO Premium plugin v22.8 (Yoast SEO v22.8) - https:\/\/yoast.com\/wordpress\/plugins\/seo\/ -->\n<title>Recette et Tests\u00a0: garantir la qualit\u00e9 de vos projets SI\u200b - Capgemini France<\/title>\n<meta name=\"robots\" content=\"index, follow, max-snippet:-1, max-image-preview:large, max-video-preview:-1\" \/>\n<link rel=\"canonical\" href=\"https:\/\/www.capgemini.com\/fr-fr\/recette-et-tests-garantir-la-qualite-de-vos-projets-si\/\" \/>\n<meta property=\"og:locale\" content=\"fr_FR\" \/>\n<meta property=\"og:type\" content=\"article\" \/>\n<meta property=\"og:title\" content=\"Recette et Tests\u00a0: garantir la qualit\u00e9 de vos projets SI\u200b\" \/>\n<meta property=\"og:description\" content=\"Recette et Tests\u00a0: garantir la qualit\u00e9 de vos projets SI\u200b\" \/>\n<meta property=\"og:url\" content=\"https:\/\/www.capgemini.com\/fr-fr\/recette-et-tests-garantir-la-qualite-de-vos-projets-si\/\" \/>\n<meta property=\"og:site_name\" content=\"Capgemini France\" \/>\n<meta property=\"article:modified_time\" content=\"2026-01-09T14:29:27+00:00\" \/>\n<meta property=\"og:image\" content=\"https:\/\/www.capgemini.com\/fr-fr\/wp-content\/uploads\/sites\/6\/2026\/01\/2025-FR-AMOA-Key-Visual.jpg\" \/>\n\t<meta property=\"og:image:width\" content=\"2880\" \/>\n\t<meta property=\"og:image:height\" content=\"1800\" \/>\n\t<meta property=\"og:image:type\" content=\"image\/jpeg\" \/>\n<meta name=\"twitter:card\" content=\"summary_large_image\" \/>\n<meta name=\"twitter:label1\" content=\"Est. reading time\" \/>\n\t<meta name=\"twitter:data1\" content=\"2 minutes\" \/>\n<script type=\"application\/ld+json\" class=\"yoast-schema-graph\">{\"@context\":\"https:\/\/schema.org\",\"@graph\":[{\"@type\":\"WebPage\",\"@id\":\"https:\/\/www.capgemini.com\/fr-fr\/recette-et-tests-garantir-la-qualite-de-vos-projets-si\/\",\"url\":\"https:\/\/www.capgemini.com\/fr-fr\/recette-et-tests-garantir-la-qualite-de-vos-projets-si\/\",\"name\":\"Recette et Tests\u00a0: garantir la qualit\u00e9 de vos projets SI\u200b - Capgemini France\",\"isPartOf\":{\"@id\":\"https:\/\/www.capgemini.com\/fr-fr\/#website\"},\"primaryImageOfPage\":{\"@id\":\"https:\/\/www.capgemini.com\/fr-fr\/recette-et-tests-garantir-la-qualite-de-vos-projets-si\/#primaryimage\"},\"image\":{\"@id\":\"https:\/\/www.capgemini.com\/fr-fr\/recette-et-tests-garantir-la-qualite-de-vos-projets-si\/#primaryimage\"},\"thumbnailUrl\":\"https:\/\/www.capgemini.com\/fr-fr\/wp-content\/uploads\/sites\/6\/2026\/01\/2025-FR-AMOA-Key-Visual.jpg\",\"datePublished\":\"2026-01-09T10:59:11+00:00\",\"dateModified\":\"2026-01-09T14:29:27+00:00\",\"inLanguage\":\"fr-FR\",\"potentialAction\":[{\"@type\":\"ReadAction\",\"target\":[\"https:\/\/www.capgemini.com\/fr-fr\/recette-et-tests-garantir-la-qualite-de-vos-projets-si\/\"]}]},{\"@type\":\"ImageObject\",\"inLanguage\":\"fr-FR\",\"@id\":\"https:\/\/www.capgemini.com\/fr-fr\/recette-et-tests-garantir-la-qualite-de-vos-projets-si\/#primaryimage\",\"url\":\"https:\/\/www.capgemini.com\/fr-fr\/wp-content\/uploads\/sites\/6\/2026\/01\/2025-FR-AMOA-Key-Visual.jpg\",\"contentUrl\":\"https:\/\/www.capgemini.com\/fr-fr\/wp-content\/uploads\/sites\/6\/2026\/01\/2025-FR-AMOA-Key-Visual.jpg\",\"width\":2880,\"height\":1800},{\"@type\":\"WebSite\",\"@id\":\"https:\/\/www.capgemini.com\/fr-fr\/#website\",\"url\":\"https:\/\/www.capgemini.com\/fr-fr\/\",\"name\":\"Capgemini France\",\"description\":\"Just another www.capgemini.com site\",\"publisher\":{\"@id\":\"https:\/\/www.capgemini.com\/fr-fr\/#organization\"},\"potentialAction\":[{\"@type\":\"SearchAction\",\"target\":{\"@type\":\"EntryPoint\",\"urlTemplate\":\"https:\/\/www.capgemini.com\/fr-fr\/?s={search_term_string}\"},\"query-input\":\"required name=search_term_string\"}],\"inLanguage\":\"fr-FR\"},{\"@type\":\"Organization\",\"@id\":\"https:\/\/www.capgemini.com\/fr-fr\/#organization\",\"name\":\"Capgemini France\",\"url\":\"https:\/\/www.capgemini.com\/fr-fr\/\",\"logo\":{\"@type\":\"ImageObject\",\"inLanguage\":\"fr-FR\",\"@id\":\"https:\/\/www.capgemini.com\/fr-fr\/#\/schema\/logo\/image\/\",\"url\":\"https:\/\/www.capgemini.com\/fr-fr\/wp-content\/uploads\/sites\/6\/2022\/08\/Logo-Capgemini.png\",\"contentUrl\":\"https:\/\/www.capgemini.com\/fr-fr\/wp-content\/uploads\/sites\/6\/2022\/08\/Logo-Capgemini.png\",\"width\":202,\"height\":60,\"caption\":\"Capgemini France\"},\"image\":{\"@id\":\"https:\/\/www.capgemini.com\/fr-fr\/#\/schema\/logo\/image\/\"}}]}<\/script>\n<!-- \/ Yoast SEO Premium plugin. -->","yoast_head_json":{"title":"Recette et Tests\u00a0: garantir la qualit\u00e9 de vos projets SI\u200b - Capgemini France","robots":{"index":"index","follow":"follow","max-snippet":"max-snippet:-1","max-image-preview":"max-image-preview:large","max-video-preview":"max-video-preview:-1"},"canonical":"https:\/\/www.capgemini.com\/fr-fr\/recette-et-tests-garantir-la-qualite-de-vos-projets-si\/","og_locale":"fr_FR","og_type":"article","og_title":"Recette et Tests\u00a0: garantir la qualit\u00e9 de vos projets SI\u200b","og_description":"Recette et Tests\u00a0: garantir la qualit\u00e9 de vos projets SI\u200b","og_url":"https:\/\/www.capgemini.com\/fr-fr\/recette-et-tests-garantir-la-qualite-de-vos-projets-si\/","og_site_name":"Capgemini France","article_modified_time":"2026-01-09T14:29:27+00:00","og_image":[{"width":2880,"height":1800,"url":"https:\/\/www.capgemini.com\/fr-fr\/wp-content\/uploads\/sites\/6\/2026\/01\/2025-FR-AMOA-Key-Visual.jpg","type":"image\/jpeg"}],"twitter_card":"summary_large_image","twitter_misc":{"Est. reading time":"2 minutes"},"schema":{"@context":"https:\/\/schema.org","@graph":[{"@type":"WebPage","@id":"https:\/\/www.capgemini.com\/fr-fr\/recette-et-tests-garantir-la-qualite-de-vos-projets-si\/","url":"https:\/\/www.capgemini.com\/fr-fr\/recette-et-tests-garantir-la-qualite-de-vos-projets-si\/","name":"Recette et Tests\u00a0: garantir la qualit\u00e9 de vos projets SI\u200b - Capgemini France","isPartOf":{"@id":"https:\/\/www.capgemini.com\/fr-fr\/#website"},"primaryImageOfPage":{"@id":"https:\/\/www.capgemini.com\/fr-fr\/recette-et-tests-garantir-la-qualite-de-vos-projets-si\/#primaryimage"},"image":{"@id":"https:\/\/www.capgemini.com\/fr-fr\/recette-et-tests-garantir-la-qualite-de-vos-projets-si\/#primaryimage"},"thumbnailUrl":"https:\/\/www.capgemini.com\/fr-fr\/wp-content\/uploads\/sites\/6\/2026\/01\/2025-FR-AMOA-Key-Visual.jpg","datePublished":"2026-01-09T10:59:11+00:00","dateModified":"2026-01-09T14:29:27+00:00","inLanguage":"fr-FR","potentialAction":[{"@type":"ReadAction","target":["https:\/\/www.capgemini.com\/fr-fr\/recette-et-tests-garantir-la-qualite-de-vos-projets-si\/"]}]},{"@type":"ImageObject","inLanguage":"fr-FR","@id":"https:\/\/www.capgemini.com\/fr-fr\/recette-et-tests-garantir-la-qualite-de-vos-projets-si\/#primaryimage","url":"https:\/\/www.capgemini.com\/fr-fr\/wp-content\/uploads\/sites\/6\/2026\/01\/2025-FR-AMOA-Key-Visual.jpg","contentUrl":"https:\/\/www.capgemini.com\/fr-fr\/wp-content\/uploads\/sites\/6\/2026\/01\/2025-FR-AMOA-Key-Visual.jpg","width":2880,"height":1800},{"@type":"WebSite","@id":"https:\/\/www.capgemini.com\/fr-fr\/#website","url":"https:\/\/www.capgemini.com\/fr-fr\/","name":"Capgemini France","description":"Just another www.capgemini.com site","publisher":{"@id":"https:\/\/www.capgemini.com\/fr-fr\/#organization"},"potentialAction":[{"@type":"SearchAction","target":{"@type":"EntryPoint","urlTemplate":"https:\/\/www.capgemini.com\/fr-fr\/?s={search_term_string}"},"query-input":"required name=search_term_string"}],"inLanguage":"fr-FR"},{"@type":"Organization","@id":"https:\/\/www.capgemini.com\/fr-fr\/#organization","name":"Capgemini France","url":"https:\/\/www.capgemini.com\/fr-fr\/","logo":{"@type":"ImageObject","inLanguage":"fr-FR","@id":"https:\/\/www.capgemini.com\/fr-fr\/#\/schema\/logo\/image\/","url":"https:\/\/www.capgemini.com\/fr-fr\/wp-content\/uploads\/sites\/6\/2022\/08\/Logo-Capgemini.png","contentUrl":"https:\/\/www.capgemini.com\/fr-fr\/wp-content\/uploads\/sites\/6\/2022\/08\/Logo-Capgemini.png","width":202,"height":60,"caption":"Capgemini France"},"image":{"@id":"https:\/\/www.capgemini.com\/fr-fr\/#\/schema\/logo\/image\/"}}]}},"brand_term":[],"parsely":{"version":"1.1.0","canonical_url":"https:\/\/capgemini.com\/fr-fr\/recette-et-tests-garantir-la-qualite-de-vos-projets-si\/","smart_links":{"inbound":0,"outbound":0},"traffic_boost_suggestions_count":0,"meta":{"@context":"https:\/\/schema.org","@type":"WebPage","headline":"Recette et Tests\u00a0: garantir la qualit\u00e9 de vos projets SI\u200b","url":"https:\/\/www.capgemini.com\/fr-fr\/recette-et-tests-garantir-la-qualite-de-vos-projets-si\/","mainEntityOfPage":{"@type":"WebPage","@id":"https:\/\/www.capgemini.com\/fr-fr\/recette-et-tests-garantir-la-qualite-de-vos-projets-si\/"},"thumbnailUrl":"https:\/\/www.capgemini.com\/fr-fr\/wp-content\/uploads\/sites\/6\/2026\/01\/2025-FR-AMOA-Key-Visual.jpg?w=150&h=150&crop=1","image":{"@type":"ImageObject","url":"https:\/\/www.capgemini.com\/fr-fr\/wp-content\/uploads\/sites\/6\/2026\/01\/2025-FR-AMOA-Key-Visual.jpg"},"articleSection":"Uncategorized","author":[],"creator":[],"publisher":{"@type":"Organization","name":"Capgemini France","logo":""},"keywords":[],"dateCreated":"2026-01-09T10:59:11Z","datePublished":"2026-01-09T10:59:11Z","dateModified":"2026-01-09T14:29:27Z"},"rendered":"<meta name=\"parsely-title\" content=\"Recette et Tests\u00a0: garantir la qualit\u00e9 de vos projets SI\u200b\" \/>\n<meta name=\"parsely-link\" content=\"https:\/\/www.capgemini.com\/fr-fr\/recette-et-tests-garantir-la-qualite-de-vos-projets-si\/\" \/>\n<meta name=\"parsely-type\" content=\"index\" \/>\n<meta name=\"parsely-image-url\" content=\"https:\/\/www.capgemini.com\/fr-fr\/wp-content\/uploads\/sites\/6\/2026\/01\/2025-FR-AMOA-Key-Visual.jpg?w=150&amp;h=150&amp;crop=1\" \/>\n<meta name=\"parsely-pub-date\" content=\"2026-01-09T10:59:11Z\" \/>\n<meta name=\"parsely-section\" content=\"Uncategorized\" \/>","tracker_url":"https:\/\/cdn.parsely.com\/keys\/capgemini.com\/p.js"},"archive_status":false,"featured_image_src":"https:\/\/www.capgemini.com\/fr-fr\/wp-content\/uploads\/sites\/6\/2026\/01\/2025-FR-AMOA-Key-Visual.jpg","featured_image_alt":"","jetpack-related-posts":[{"id":689699,"url":"https:\/\/www.capgemini.com\/fr-fr\/solutions\/assistance-maitrise-ouvrage-informatique\/","url_meta":{"origin":800225,"position":0},"title":"Assistance \u00e0 la ma\u00eetrise d\u2019ouvrage informatique","author":"","date":"August 22, 2022","format":false,"excerpt":"L'UGAP a reconduit Capgemini comme mandataire pour son march\u00e9 d'Assistance \u00e0 la Ma\u00eetrise d'Ouvrage Informatique.","rel":"","context":"Similar post","block_context":{"text":"Similar post","link":""},"img":{"alt_text":"","src":"https:\/\/i0.wp.com\/www.capgemini.com\/fr-fr\/wp-content\/uploads\/sites\/6\/2022\/08\/gettyimages-1331840608-170667a.jpg?resize=350%2C200&ssl=1","width":350,"height":200},"classes":[]},{"id":738230,"url":"https:\/\/www.capgemini.com\/fr-fr\/carrieres\/parcours-professionnels\/nos-metiers\/ingenierie-test-qualites\/","url_meta":{"origin":800225,"position":1},"title":"Ing\u00e9nierie tests et qualit\u00e9","author":"gabriellamouanga","date":"October 7, 2024","format":false,"excerpt":"Construisez votre carri\u00e8re dans les m\u00e9tiers de l'ing\u00e9nierie et du tests de qualit\u00e9 avec nous.","rel":"","context":"Similar post","block_context":{"text":"Similar post","link":""},"img":{"alt_text":"","src":"https:\/\/i0.wp.com\/www.capgemini.com\/fr-fr\/wp-content\/uploads\/sites\/6\/2023\/12\/19a-1.jpg?resize=350%2C200&ssl=1","width":350,"height":200,"srcset":"https:\/\/i0.wp.com\/www.capgemini.com\/fr-fr\/wp-content\/uploads\/sites\/6\/2023\/12\/19a-1.jpg?resize=350%2C200&ssl=1 1x, https:\/\/i0.wp.com\/www.capgemini.com\/fr-fr\/wp-content\/uploads\/sites\/6\/2023\/12\/19a-1.jpg?resize=525%2C300&ssl=1 1.5x, https:\/\/i0.wp.com\/www.capgemini.com\/fr-fr\/wp-content\/uploads\/sites\/6\/2023\/12\/19a-1.jpg?resize=700%2C400&ssl=1 2x"},"classes":[]},{"id":738282,"url":"https:\/\/www.capgemini.com\/fr-fr\/carrieres\/parcours-professionnels\/nos-metiers\/ingenierie-operations-industrielles\/","url_meta":{"origin":800225,"position":2},"title":"Ing\u00e9nierie et op\u00e9rations industrielles","author":"gabriellamouanga","date":"October 7, 2024","format":false,"excerpt":"Construisez votre carri\u00e8re dans les m\u00e9tiers de l'ing\u00e9nierie de la fabrication et des op\u00e9rations industrielles.","rel":"","context":"Similar post","block_context":{"text":"Similar post","link":""},"img":{"alt_text":"","src":"https:\/\/i0.wp.com\/www.capgemini.com\/fr-fr\/wp-content\/uploads\/sites\/6\/2023\/12\/MicrosoftTeams-image-23-3.jpg?resize=350%2C200&ssl=1","width":350,"height":200,"srcset":"https:\/\/i0.wp.com\/www.capgemini.com\/fr-fr\/wp-content\/uploads\/sites\/6\/2023\/12\/MicrosoftTeams-image-23-3.jpg?resize=350%2C200&ssl=1 1x, https:\/\/i0.wp.com\/www.capgemini.com\/fr-fr\/wp-content\/uploads\/sites\/6\/2023\/12\/MicrosoftTeams-image-23-3.jpg?resize=525%2C300&ssl=1 1.5x, https:\/\/i0.wp.com\/www.capgemini.com\/fr-fr\/wp-content\/uploads\/sites\/6\/2023\/12\/MicrosoftTeams-image-23-3.jpg?resize=700%2C400&ssl=1 2x"},"classes":[]},{"id":738270,"url":"https:\/\/www.capgemini.com\/fr-fr\/carrieres\/parcours-professionnels\/nos-metiers\/ingenierie-produits-et-systemes\/","url_meta":{"origin":800225,"position":3},"title":"Ing\u00e9nierie produits et syst\u00e8mes","author":"andreafedderson","date":"October 7, 2024","format":false,"excerpt":"Construisez votre carri\u00e8re dans les m\u00e9tiers de l'ing\u00e9nierie des produits et syst\u00e8mes avec nous !","rel":"","context":"Similar post","block_context":{"text":"Similar post","link":""},"img":{"alt_text":"","src":"https:\/\/i0.wp.com\/www.capgemini.com\/fr-fr\/wp-content\/uploads\/sites\/6\/2023\/12\/18a-2.jpg?resize=350%2C200&ssl=1","width":350,"height":200,"srcset":"https:\/\/i0.wp.com\/www.capgemini.com\/fr-fr\/wp-content\/uploads\/sites\/6\/2023\/12\/18a-2.jpg?resize=350%2C200&ssl=1 1x, https:\/\/i0.wp.com\/www.capgemini.com\/fr-fr\/wp-content\/uploads\/sites\/6\/2023\/12\/18a-2.jpg?resize=525%2C300&ssl=1 1.5x, https:\/\/i0.wp.com\/www.capgemini.com\/fr-fr\/wp-content\/uploads\/sites\/6\/2023\/12\/18a-2.jpg?resize=700%2C400&ssl=1 2x"},"classes":[]},{"id":700991,"url":"https:\/\/www.capgemini.com\/fr-fr\/solutions\/ingenierie-de-qualite-admnext\/","url_meta":{"origin":800225,"position":4},"title":"Ing\u00e9nierie de qualit\u00e9 dans ADMnext","author":"translator0solutions","date":"April 22, 2022","format":false,"excerpt":"Une ing\u00e9nierie qualit\u00e9 qui vous apporte toute l'assurance m\u00e9tier, l'efficacit\u00e9, la productivit\u00e9 et la r\u00e9duction des co\u00fbts que vous recherchez","rel":"","context":"Similar post","block_context":{"text":"Similar post","link":""},"img":{"alt_text":"","src":"https:\/\/i0.wp.com\/www.capgemini.com\/fr-fr\/wp-content\/uploads\/sites\/6\/2022\/10\/2022-FR-Hero-Banner-Qualite-ingenierie-ADM-Next.jpg?resize=350%2C200&ssl=1","width":350,"height":200,"srcset":"https:\/\/i0.wp.com\/www.capgemini.com\/fr-fr\/wp-content\/uploads\/sites\/6\/2022\/10\/2022-FR-Hero-Banner-Qualite-ingenierie-ADM-Next.jpg?resize=350%2C200&ssl=1 1x, https:\/\/i0.wp.com\/www.capgemini.com\/fr-fr\/wp-content\/uploads\/sites\/6\/2022\/10\/2022-FR-Hero-Banner-Qualite-ingenierie-ADM-Next.jpg?resize=525%2C300&ssl=1 1.5x, https:\/\/i0.wp.com\/www.capgemini.com\/fr-fr\/wp-content\/uploads\/sites\/6\/2022\/10\/2022-FR-Hero-Banner-Qualite-ingenierie-ADM-Next.jpg?resize=700%2C400&ssl=1 2x"},"classes":[]},{"id":784138,"url":"https:\/\/www.capgemini.com\/fr-fr\/notre-groupe\/nous-connaitre\/nos-marques\/capgemini-engineering\/se-connecter-sur-votre-coeur-metier\/","url_meta":{"origin":800225,"position":5},"title":"Optimiser l&#8217;ing\u00e9nierie c\u0153ur de m\u00e9tier","author":"lucilletavera","date":"October 23, 2025","format":false,"excerpt":"Les conditions \u00e9conomiques et de march\u00e9 actuelles poussent les leaders de l\u2019ing\u00e9nierie \u00e0 transformer leurs pratiques historiques.","rel":"","context":"Similar post","block_context":{"text":"Similar post","link":""},"img":{"alt_text":"","src":"https:\/\/i0.wp.com\/www.capgemini.com\/fr-fr\/wp-content\/uploads\/sites\/6\/2025\/05\/1.jpg?resize=350%2C200&ssl=1","width":350,"height":200,"srcset":"https:\/\/i0.wp.com\/www.capgemini.com\/fr-fr\/wp-content\/uploads\/sites\/6\/2025\/05\/1.jpg?resize=350%2C200&ssl=1 1x, https:\/\/i0.wp.com\/www.capgemini.com\/fr-fr\/wp-content\/uploads\/sites\/6\/2025\/05\/1.jpg?resize=525%2C300&ssl=1 1.5x, https:\/\/i0.wp.com\/www.capgemini.com\/fr-fr\/wp-content\/uploads\/sites\/6\/2025\/05\/1.jpg?resize=700%2C400&ssl=1 2x"},"classes":[]}],"jetpack_sharing_enabled":true,"distributor_meta":false,"distributor_terms":false,"distributor_media":false,"distributor_original_site_name":"Capgemini France","distributor_original_site_url":"https:\/\/www.capgemini.com\/fr-fr","push-errors":false,"_links":{"self":[{"href":"https:\/\/www.capgemini.com\/fr-fr\/wp-json\/wp\/v2\/pages\/800225","targetHints":{"allow":["GET"]}}],"collection":[{"href":"https:\/\/www.capgemini.com\/fr-fr\/wp-json\/wp\/v2\/pages"}],"about":[{"href":"https:\/\/www.capgemini.com\/fr-fr\/wp-json\/wp\/v2\/types\/page"}],"author":[{"embeddable":true,"href":"https:\/\/www.capgemini.com\/fr-fr\/wp-json\/wp\/v2\/users\/157"}],"replies":[{"embeddable":true,"href":"https:\/\/www.capgemini.com\/fr-fr\/wp-json\/wp\/v2\/comments?post=800225"}],"version-history":[{"count":20,"href":"https:\/\/www.capgemini.com\/fr-fr\/wp-json\/wp\/v2\/pages\/800225\/revisions"}],"predecessor-version":[{"id":800281,"href":"https:\/\/www.capgemini.com\/fr-fr\/wp-json\/wp\/v2\/pages\/800225\/revisions\/800281"}],"wp:featuredmedia":[{"embeddable":true,"href":"https:\/\/www.capgemini.com\/fr-fr\/wp-json\/wp\/v2\/media\/800260"}],"wp:attachment":[{"href":"https:\/\/www.capgemini.com\/fr-fr\/wp-json\/wp\/v2\/media?parent=800225"}],"wp:term":[{"taxonomy":"brand","embeddable":true,"href":"https:\/\/www.capgemini.com\/fr-fr\/wp-json\/wp\/v2\/brand?post=800225"},{"taxonomy":"partner_type","embeddable":true,"href":"https:\/\/www.capgemini.com\/fr-fr\/wp-json\/wp\/v2\/partner_type?post=800225"},{"taxonomy":"service","embeddable":true,"href":"https:\/\/www.capgemini.com\/fr-fr\/wp-json\/wp\/v2\/service?post=800225"},{"taxonomy":"industry","embeddable":true,"href":"https:\/\/www.capgemini.com\/fr-fr\/wp-json\/wp\/v2\/industry?post=800225"},{"taxonomy":"partners","embeddable":true,"href":"https:\/\/www.capgemini.com\/fr-fr\/wp-json\/wp\/v2\/partners?post=800225"},{"taxonomy":"page-type","embeddable":true,"href":"https:\/\/www.capgemini.com\/fr-fr\/wp-json\/wp\/v2\/page-type?post=800225"},{"taxonomy":"content-group","embeddable":true,"href":"https:\/\/www.capgemini.com\/fr-fr\/wp-json\/wp\/v2\/content-group?post=800225"}],"curies":[{"name":"wp","href":"https:\/\/api.w.org\/{rel}","templated":true}]}}