{"id":774436,"date":"2025-06-13T11:14:21","date_gmt":"2025-06-13T09:14:21","guid":{"rendered":"https:\/\/www.capgemini.com\/fr-fr\/?page_id=774436&#038;preview_id=774436"},"modified":"2025-06-13T11:40:25","modified_gmt":"2025-06-13T09:40:25","slug":"alerte-fraude","status":"publish","type":"page","link":"https:\/\/www.capgemini.com\/fr-fr\/alerte-fraude\/","title":{"rendered":"Alerte \u00e0 la fraude"},"content":{"rendered":"\n<header class=\"wp-block-cg-blocks-hero-reusable is-style-default header heroReusable  \"><div class=\"header-bgs\"><\/div><div class=\"heroPictureCardHeaderShape\"><\/div><div class=\"container\"><div class=\"row\"><div class=\"col-md-12\"><div class=\"box\"><div class=\"boxTagWrapper\"><div class=\"tagInfo\"><div><span class=\"box-tag\">Alerte \u00e0 la fraude<\/span><\/div><\/div><\/div><div class=\"box-title\"><h1 data-maxlength=\"34\">Attention aux tentatives d&#8217;hame\u00e7onnage et d&#8217;escroqueries<\/h1><\/div><div class=\"inner-row-insight download-btn\"><\/div><\/div><\/div><\/div><\/div><\/header>\n\n\n\n<section class=\"wp-block-cg-blocks-group undefined section section--article-content\"><div class=\"article-main-content\"><div class=\"container\"><div class=\"row\"><div class=\"col-12 col-md-11 col-lg-10 offset-md-1 offset-lg-1\"><div class=\"article-text article-quote-text\">\n<p>Actuellement, un certain nombre de grandes marques sont usurp\u00e9es par des fraudeurs. Nous avons \u00e9t\u00e9 inform\u00e9s de l&#8217;existence de tentatives d&#8217;escroqueries qui promettent des revenus faciles en \u00e9change de t\u00e2ches simples telles que suivre des profils et des pages sur les r\u00e9seaux sociaux, poster des commentaires et des &#8220;j&#8217;aime&#8221; sur des photos et vid\u00e9os sp\u00e9cifiques, ou publier des avis sur divers services en ligne. Par la suite, il est demand\u00e9 de partager des informations financi\u00e8res personnelles et d&#8217;effectuer des petits versements pour d\u00e9bloquer le paiement du travail effectu\u00e9.<\/p>\n\n\n\n<p>En tant que leader mondial responsable, <strong>Capgemini ne vous enverra jamais de message de fa\u00e7on non sollicit\u00e9e via vos r\u00e9seaux sociaux, sans contact au pr\u00e9alable et avec une question ouverte telle que &#8220;Bonjour, puis-je vous parler un moment ?&#8221; suivie de demandes de paiements pour d\u00e9bloquer des r\u00e9compenses mon\u00e9taires.<\/strong><\/p>\n\n\n\n<p>Ne r\u00e9pondez pas \u00e0 de tels messages envoy\u00e9s par des utilisateurs inconnus, ne cliquez pas sur des liens suspects qui pourraient compromettre vos appareils, ne partagez pas vos mots de passe pour acc\u00e9der \u00e0 vos comptes bancaires et courriels et, surtout, prot\u00e9gez vos donn\u00e9es personnelles.<\/p>\n\n\n\n<div class=\"wp-block-anchor-block-standard\" id=\"fraudesrecrutement\" data-anchor-padding=\"\" style=\"--data-anchor-padding: 0px\"><\/div>\n\n\n\n<p>Il est recommand\u00e9 de bloquer ces num\u00e9ros frauduleux et de signaler ces messages par les voies officielles. En France, vous pouvez le faire en utilisant <a href=\"https:\/\/www.signal-spam.fr\/\">Signal Spam<\/a>.<\/p>\n\n\n\n<h2 class=\"wp-block-heading\" id=\"h-information-importante-fraudes-au-recrutement\">Information importante : fraudes au recrutement<\/h2>\n\n\n\n<p>Nous avons r\u00e9cemment constat\u00e9 une augmentation des fraudes au recrutement&nbsp;: des individus publient de fausses offres d&#8217;emploi ou contactent directement des candidats avec des pr\u00e9tendues propositions d&#8217;embauche. Dans certains cas, ces individus vont jusqu\u2019\u00e0 organiser de faux entretiens dans le but de collecter des informations personnelles ou demander de l\u2019argent aux candidats. Il arrive \u00e9galement que ces fraudeurs se fassent passer pour des recruteurs de Capgemini, en promettant des opportunit\u00e9s professionnelles contre r\u00e9mun\u00e9ration.<\/p>\n\n\n\n<p>Chez Capgemini, nous suivons un processus de recrutement structur\u00e9 comprenant plusieurs \u00e9tapes de s\u00e9lection rigoureuses. \u00c0 aucun moment nous ne demandons, ni n\u2019acceptons de frais de la part des candidats pendant le processus de recrutement. Si vous recevez une communication non sollicit\u00e9e ou suspecte concernant une offre d&#8217;emploi ou une proposition \u00e0 un entretien demandant de l&#8217;argent, sachez qu&#8217;il s&#8217;agit d&#8217;une tentative de fraude.<\/p>\n\n\n\n<p><strong>Comment reconna\u00eetre une fraude au recrutement<\/strong> :<\/p>\n\n\n\n<ul class=\"wp-block-list\">\n<li>Capgemini ne demande jamais de frais \u00e0 aucun moment du processus de recrutement, ni avant ni apr\u00e8s l\u2019embauche. Nous ne demandons jamais d&#8217;argent pour postuler ou travailler.<\/li>\n<\/ul>\n\n\n\n<p><\/p>\n\n\n\n<ul class=\"wp-block-list\">\n<li>Notre processus de recrutement comprend toujours au moins un entretien (\u00e0 distance ou en pr\u00e9sentiel). Nous ne menons jamais d&#8217;entretiens via des applications de messagerie instantan\u00e9e.<\/li>\n<\/ul>\n\n\n\n<p><\/p>\n\n\n\n<ul class=\"wp-block-list\">\n<li>Nos \u00e9quipes de recrutement communiquent via des adresses e-mail avec le domaine @capgemini.com, @sogeti.com ou @frog.co. Soyez vigilants face aux e-mails provenant de domaines g\u00e9n\u00e9riques comme Gmail ou Yahoo, car ils peuvent \u00eatre frauduleux.<\/li>\n<\/ul>\n\n\n\n<p><\/p>\n\n\n\n<ul class=\"wp-block-list\">\n<li>Nous ne demandons jamais de documents personnels tels que des coordonn\u00e9es bancaires, des formulaires fiscaux ou des informations de carte de cr\u00e9dit pendant le processus de recrutement.<\/li>\n<\/ul>\n\n\n\n<p><\/p>\n\n\n\n<ul class=\"wp-block-list\">\n<li>Merci de ne pas envoyer de candidatures ou de CV par ce formulaire, il n&#8217;est pas destin\u00e9 \u00e0 cet usage.<\/li>\n<\/ul>\n\n\n\n<p><\/p>\n\n\n\n<ul class=\"wp-block-list\">\n<li>Si vous recevez des e-mails, des publicit\u00e9s ou des personnes suspectes proposant des emplois chez Capgemini, merci de le signaler imm\u00e9diatement en envoyant un <a href=\"mailto:spambox@capgemini.com\">email<\/a>.<\/li>\n<\/ul>\n\n\n\n<p>Nous nous engageons \u00e0 garantir un processus de recrutement transparent et ne sommes li\u00e9s \u00e0 aucun type de services ou de personnes. Nous d\u00e9clinons toute responsabilit\u00e9 en cas de perte ou de dommage r\u00e9sultant d&#8221;interactions avec de telles entit\u00e9s.<\/p>\n\n\n\n<p>Si vous avez un doute sur l\u2019authenticit\u00e9 d\u2019une offre d\u2019emploi, nous vous invitons \u00e0 consulter notre site officiel de recrutement Capgemini pour en v\u00e9rifier la source. Si vous pensez avoir \u00e9t\u00e9 victime d\u2019une fraude au recrutement, nous vous invitons \u00e0 contacter imm\u00e9diatement les autorit\u00e9s locales comp\u00e9tentes.<\/p>\n<\/div><\/div><\/div><\/div><\/div><\/section>\n","protected":false},"excerpt":{"rendered":"","protected":false},"author":58,"featured_media":0,"parent":0,"menu_order":0,"comment_status":"closed","ping_status":"closed","template":"","meta":{"cg_dt_proposed_to":[21,46,41],"cg_seo_hreflang_relations":"[{\"uuid\":\"2b9a9921-b22d-4780-97f1-c3d1feedd70f\",\"blogId\":\"6\",\"domain\":\"www.capgemini.com\",\"sitePath\":\"\/fr-fr\/\",\"postLink\":\"https:\/\/www.capgemini.com\/fr-fr\/alerte-fraude\/\",\"postId\":774436,\"isSaved\":true,\"isCrossLink\":false,\"hasCrossLink\":false}]","cg_seo_canonical_relation":"","cg_seo_hreflang_x_default_relation":"{\"uuid\":\"6bc6fa60-54e9-4e7e-9e4f-3d54f39e29ef\",\"blogId\":\"\",\"domain\":\"\",\"sitePath\":\"\",\"postLink\":\"\",\"postId\":null,\"isSaved\":true,\"isCrossLink\":false,\"hasCrossLink\":false}","cg_dt_approved_content":true,"cg_dt_mandatory_content":false,"cg_dt_notes":"","cg_dg_source_changed":true,"cg_dt_link_disabled":true,"_yoast_wpseo_primary_brand":"","footnotes":"","featured_focal_points":"","partner_card_description":"","gsap_animation":0},"brand":[],"partner_type":[],"service":[],"industry":[],"partners":[],"page-type":[],"content-group":[],"class_list":["post-774436","page","type-page","status-publish","hentry"],"yoast_head":"<!-- This site is optimized with the Yoast SEO Premium plugin v22.8 (Yoast SEO v22.8) - https:\/\/yoast.com\/wordpress\/plugins\/seo\/ -->\n<title>Alerte \u00e0 la fraude - Capgemini France<\/title>\n<meta name=\"description\" content=\"M\u00e9fiez-vous des e-mails de phishing et des escroqueries frauduleuses. Soyez vigilent et prot\u00e9gez vos donn\u00e9es personnelles.\" \/>\n<meta name=\"robots\" content=\"index, follow, max-snippet:-1, max-image-preview:large, max-video-preview:-1\" \/>\n<link rel=\"canonical\" href=\"https:\/\/www.capgemini.com\/fr-fr\/alerte-fraude\/\" \/>\n<meta property=\"og:locale\" content=\"fr_FR\" \/>\n<meta property=\"og:type\" content=\"article\" \/>\n<meta property=\"og:title\" content=\"Alerte \u00e0 la fraude\" \/>\n<meta property=\"og:description\" content=\"M\u00e9fiez-vous des e-mails de phishing et des escroqueries frauduleuses. Soyez vigilent et prot\u00e9gez vos donn\u00e9es personnelles.\" \/>\n<meta property=\"og:url\" content=\"https:\/\/www.capgemini.com\/fr-fr\/alerte-fraude\/\" \/>\n<meta property=\"og:site_name\" content=\"Capgemini France\" \/>\n<meta property=\"article:modified_time\" content=\"2025-06-13T09:40:25+00:00\" \/>\n<meta property=\"og:image\" content=\"https:\/\/www.capgemini.com\/fr-fr\/wp-content\/uploads\/sites\/6\/2025\/10\/image-1.jpg\" \/>\n\t<meta property=\"og:image:width\" content=\"1200\" \/>\n\t<meta property=\"og:image:height\" content=\"627\" \/>\n\t<meta property=\"og:image:type\" content=\"image\/jpeg\" \/>\n<meta name=\"twitter:card\" content=\"summary_large_image\" \/>\n<meta name=\"twitter:label1\" content=\"Est. reading time\" \/>\n\t<meta name=\"twitter:data1\" content=\"4 minutes\" \/>\n<script type=\"application\/ld+json\" class=\"yoast-schema-graph\">{\"@context\":\"https:\/\/schema.org\",\"@graph\":[{\"@type\":\"WebPage\",\"@id\":\"https:\/\/www.capgemini.com\/fr-fr\/alerte-fraude\/\",\"url\":\"https:\/\/www.capgemini.com\/fr-fr\/alerte-fraude\/\",\"name\":\"Alerte \u00e0 la fraude - Capgemini France\",\"isPartOf\":{\"@id\":\"https:\/\/www.capgemini.com\/fr-fr\/#website\"},\"datePublished\":\"2025-06-13T09:14:21+00:00\",\"dateModified\":\"2025-06-13T09:40:25+00:00\",\"description\":\"M\u00e9fiez-vous des e-mails de phishing et des escroqueries frauduleuses. Soyez vigilent et prot\u00e9gez vos donn\u00e9es personnelles.\",\"inLanguage\":\"fr-FR\",\"potentialAction\":[{\"@type\":\"ReadAction\",\"target\":[\"https:\/\/www.capgemini.com\/fr-fr\/alerte-fraude\/\"]}]},{\"@type\":\"WebSite\",\"@id\":\"https:\/\/www.capgemini.com\/fr-fr\/#website\",\"url\":\"https:\/\/www.capgemini.com\/fr-fr\/\",\"name\":\"Capgemini France\",\"description\":\"Just another www.capgemini.com site\",\"publisher\":{\"@id\":\"https:\/\/www.capgemini.com\/fr-fr\/#organization\"},\"potentialAction\":[{\"@type\":\"SearchAction\",\"target\":{\"@type\":\"EntryPoint\",\"urlTemplate\":\"https:\/\/www.capgemini.com\/fr-fr\/?s={search_term_string}\"},\"query-input\":\"required name=search_term_string\"}],\"inLanguage\":\"fr-FR\"},{\"@type\":\"Organization\",\"@id\":\"https:\/\/www.capgemini.com\/fr-fr\/#organization\",\"name\":\"Capgemini France\",\"url\":\"https:\/\/www.capgemini.com\/fr-fr\/\",\"logo\":{\"@type\":\"ImageObject\",\"inLanguage\":\"fr-FR\",\"@id\":\"https:\/\/www.capgemini.com\/fr-fr\/#\/schema\/logo\/image\/\",\"url\":\"https:\/\/www.capgemini.com\/fr-fr\/wp-content\/uploads\/sites\/6\/2022\/08\/Logo-Capgemini.png\",\"contentUrl\":\"https:\/\/www.capgemini.com\/fr-fr\/wp-content\/uploads\/sites\/6\/2022\/08\/Logo-Capgemini.png\",\"width\":202,\"height\":60,\"caption\":\"Capgemini France\"},\"image\":{\"@id\":\"https:\/\/www.capgemini.com\/fr-fr\/#\/schema\/logo\/image\/\"}}]}<\/script>\n<!-- \/ Yoast SEO Premium plugin. -->","yoast_head_json":{"title":"Alerte \u00e0 la fraude - Capgemini France","description":"M\u00e9fiez-vous des e-mails de phishing et des escroqueries frauduleuses. Soyez vigilent et prot\u00e9gez vos donn\u00e9es personnelles.","robots":{"index":"index","follow":"follow","max-snippet":"max-snippet:-1","max-image-preview":"max-image-preview:large","max-video-preview":"max-video-preview:-1"},"canonical":"https:\/\/www.capgemini.com\/fr-fr\/alerte-fraude\/","og_locale":"fr_FR","og_type":"article","og_title":"Alerte \u00e0 la fraude","og_description":"M\u00e9fiez-vous des e-mails de phishing et des escroqueries frauduleuses. Soyez vigilent et prot\u00e9gez vos donn\u00e9es personnelles.","og_url":"https:\/\/www.capgemini.com\/fr-fr\/alerte-fraude\/","og_site_name":"Capgemini France","article_modified_time":"2025-06-13T09:40:25+00:00","og_image":[{"width":1200,"height":627,"url":"https:\/\/www.capgemini.com\/fr-fr\/wp-content\/uploads\/sites\/6\/2025\/10\/image-1.jpg","type":"image\/jpeg"}],"twitter_card":"summary_large_image","twitter_misc":{"Est. reading time":"4 minutes"},"schema":{"@context":"https:\/\/schema.org","@graph":[{"@type":"WebPage","@id":"https:\/\/www.capgemini.com\/fr-fr\/alerte-fraude\/","url":"https:\/\/www.capgemini.com\/fr-fr\/alerte-fraude\/","name":"Alerte \u00e0 la fraude - Capgemini France","isPartOf":{"@id":"https:\/\/www.capgemini.com\/fr-fr\/#website"},"datePublished":"2025-06-13T09:14:21+00:00","dateModified":"2025-06-13T09:40:25+00:00","description":"M\u00e9fiez-vous des e-mails de phishing et des escroqueries frauduleuses. Soyez vigilent et prot\u00e9gez vos donn\u00e9es personnelles.","inLanguage":"fr-FR","potentialAction":[{"@type":"ReadAction","target":["https:\/\/www.capgemini.com\/fr-fr\/alerte-fraude\/"]}]},{"@type":"WebSite","@id":"https:\/\/www.capgemini.com\/fr-fr\/#website","url":"https:\/\/www.capgemini.com\/fr-fr\/","name":"Capgemini France","description":"Just another www.capgemini.com site","publisher":{"@id":"https:\/\/www.capgemini.com\/fr-fr\/#organization"},"potentialAction":[{"@type":"SearchAction","target":{"@type":"EntryPoint","urlTemplate":"https:\/\/www.capgemini.com\/fr-fr\/?s={search_term_string}"},"query-input":"required name=search_term_string"}],"inLanguage":"fr-FR"},{"@type":"Organization","@id":"https:\/\/www.capgemini.com\/fr-fr\/#organization","name":"Capgemini France","url":"https:\/\/www.capgemini.com\/fr-fr\/","logo":{"@type":"ImageObject","inLanguage":"fr-FR","@id":"https:\/\/www.capgemini.com\/fr-fr\/#\/schema\/logo\/image\/","url":"https:\/\/www.capgemini.com\/fr-fr\/wp-content\/uploads\/sites\/6\/2022\/08\/Logo-Capgemini.png","contentUrl":"https:\/\/www.capgemini.com\/fr-fr\/wp-content\/uploads\/sites\/6\/2022\/08\/Logo-Capgemini.png","width":202,"height":60,"caption":"Capgemini France"},"image":{"@id":"https:\/\/www.capgemini.com\/fr-fr\/#\/schema\/logo\/image\/"}}]}},"brand_term":[],"parsely":{"version":"1.1.0","canonical_url":"https:\/\/capgemini.com\/fr-fr\/alerte-fraude\/","smart_links":{"inbound":0,"outbound":0},"traffic_boost_suggestions_count":0,"meta":{"@context":"https:\/\/schema.org","@type":"WebPage","headline":"Alerte \u00e0 la fraude","url":"https:\/\/www.capgemini.com\/fr-fr\/alerte-fraude\/","mainEntityOfPage":{"@type":"WebPage","@id":"https:\/\/www.capgemini.com\/fr-fr\/alerte-fraude\/"},"thumbnailUrl":"","image":{"@type":"ImageObject","url":""},"articleSection":"Uncategorized","author":[],"creator":[],"publisher":{"@type":"Organization","name":"Capgemini France","logo":""},"keywords":[],"dateCreated":"2025-06-13T09:14:21Z","datePublished":"2025-06-13T09:14:21Z","dateModified":"2025-06-13T09:40:25Z"},"rendered":"<meta name=\"parsely-title\" content=\"Alerte \u00e0 la fraude\" \/>\n<meta name=\"parsely-link\" content=\"https:\/\/www.capgemini.com\/fr-fr\/alerte-fraude\/\" \/>\n<meta name=\"parsely-type\" content=\"index\" \/>\n<meta name=\"parsely-pub-date\" content=\"2025-06-13T09:14:21Z\" \/>\n<meta name=\"parsely-section\" content=\"Uncategorized\" \/>","tracker_url":"https:\/\/cdn.parsely.com\/keys\/capgemini.com\/p.js"},"archive_status":false,"featured_image_src":"https:\/\/www.capgemini.com\/fr-fr\/wp-content\/themes\/capgemini2025\/assets\/images\/mockup.png","featured_image_alt":false,"jetpack-related-posts":[{"id":767515,"url":"https:\/\/www.capgemini.com\/fr-fr\/solutions\/aircab-optimiser-la-qualite-de-lair\/","url_meta":{"origin":774436,"position":0},"title":"AirCab","author":"madlyconde","date":"October 23, 2024","format":false,"excerpt":"AirCab est un dispositif innovant, nomade et connect\u00e9 qui mesure et optimise la qualit\u00e9 de l'air dans les espaces confin\u00e9s.","rel":"","context":"Similar post","block_context":{"text":"Similar post","link":""},"img":{"alt_text":"","src":"https:\/\/i0.wp.com\/www.capgemini.com\/fr-fr\/wp-content\/uploads\/sites\/6\/2024\/11\/Banniere-page-solution-Aircab.jpg?resize=350%2C200&ssl=1","width":350,"height":200,"srcset":"https:\/\/i0.wp.com\/www.capgemini.com\/fr-fr\/wp-content\/uploads\/sites\/6\/2024\/11\/Banniere-page-solution-Aircab.jpg?resize=350%2C200&ssl=1 1x, https:\/\/i0.wp.com\/www.capgemini.com\/fr-fr\/wp-content\/uploads\/sites\/6\/2024\/11\/Banniere-page-solution-Aircab.jpg?resize=525%2C300&ssl=1 1.5x, https:\/\/i0.wp.com\/www.capgemini.com\/fr-fr\/wp-content\/uploads\/sites\/6\/2024\/11\/Banniere-page-solution-Aircab.jpg?resize=700%2C400&ssl=1 2x"},"classes":[]},{"id":734711,"url":"https:\/\/www.capgemini.com\/fr-fr\/solutions\/fraud-detection-powered-by-hyperautomation\/","url_meta":{"origin":774436,"position":1},"title":"D\u00e9tection des fraudes gr\u00e2ce \u00e0 l&#8217;hyperautomatisation","author":"rajeshrangdal","date":"November 3, 2023","format":false,"excerpt":"D'ici 2030, les pertes li\u00e9es aux cartes de cr\u00e9dit devraient atteindre 49 milliards de dollars par an. Les responsables des risques doivent trouver de meilleures solutions pour minimiser les pertes dues \u00e0 la fraude.","rel":"","context":"Similar post","block_context":{"text":"Similar post","link":""},"img":{"alt_text":"","src":"https:\/\/i0.wp.com\/www.capgemini.com\/fr-fr\/wp-content\/uploads\/sites\/6\/2023\/11\/Fraud_Monitoring-Web_Background.jpg?resize=350%2C200&ssl=1","width":350,"height":200,"srcset":"https:\/\/i0.wp.com\/www.capgemini.com\/fr-fr\/wp-content\/uploads\/sites\/6\/2023\/11\/Fraud_Monitoring-Web_Background.jpg?resize=350%2C200&ssl=1 1x, https:\/\/i0.wp.com\/www.capgemini.com\/fr-fr\/wp-content\/uploads\/sites\/6\/2023\/11\/Fraud_Monitoring-Web_Background.jpg?resize=525%2C300&ssl=1 1.5x, https:\/\/i0.wp.com\/www.capgemini.com\/fr-fr\/wp-content\/uploads\/sites\/6\/2023\/11\/Fraud_Monitoring-Web_Background.jpg?resize=700%2C400&ssl=1 2x"},"classes":[]},{"id":781401,"url":"https:\/\/www.capgemini.com\/fr-fr\/secteurs\/marches-bancaires-et-financiers\/conformite-gestion-risques-criminalite-financiere\/","url_meta":{"origin":774436,"position":2},"title":"Conformit\u00e9 et gestion des risques de criminalit\u00e9 financi\u00e8re","author":"rajeshrangdal","date":"May 5, 2025","format":false,"excerpt":"La conformit\u00e9 r\u00e9glementaire en mati\u00e8re de finance et de gestion des risques reste une exigence essentielle pour les banques et les institutions financi\u00e8res. Mais dans le contexte actuel d'\u00e9volution rapide et de num\u00e9risation, il ne suffit pas de se conformer \u00e0 la r\u00e9glementation, il faut rester \u00e0 la pointe de\u2026","rel":"","context":"Similar post","block_context":{"text":"Similar post","link":""},"img":{"alt_text":"Fincrime-compliance","src":"https:\/\/i0.wp.com\/www.capgemini.com\/fr-fr\/wp-content\/uploads\/sites\/6\/2025\/04\/Fincrime-compliance.jpg?resize=350%2C200&ssl=1","width":350,"height":200,"srcset":"https:\/\/i0.wp.com\/www.capgemini.com\/fr-fr\/wp-content\/uploads\/sites\/6\/2025\/04\/Fincrime-compliance.jpg?resize=350%2C200&ssl=1 1x, https:\/\/i0.wp.com\/www.capgemini.com\/fr-fr\/wp-content\/uploads\/sites\/6\/2025\/04\/Fincrime-compliance.jpg?resize=525%2C300&ssl=1 1.5x, https:\/\/i0.wp.com\/www.capgemini.com\/fr-fr\/wp-content\/uploads\/sites\/6\/2025\/04\/Fincrime-compliance.jpg?resize=700%2C400&ssl=1 2x"},"classes":[]},{"id":696227,"url":"https:\/\/www.capgemini.com\/fr-fr\/freelancer-gateway-capgemini\/","url_meta":{"origin":774436,"position":3},"title":"Freelancer Gateway by Capgemini","author":"","date":"September 16, 2022","format":false,"excerpt":"D\u00e9couvrez \u00ab Freelancer Gateway by Capgemini \u00bb, la plateforme destin\u00e9e aux ind\u00e9pendants des m\u00e9tiers du num\u00e9rique et de l\u2019ing\u00e9nierie !","rel":"","context":"Similar post","block_context":{"text":"Similar post","link":""},"img":{"alt_text":"","src":"https:\/\/i0.wp.com\/www.capgemini.com\/fr-fr\/wp-content\/uploads\/sites\/6\/2022\/09\/Freelancer-Getaway-Banniere-siteweb.jpg?resize=350%2C200&ssl=1","width":350,"height":200,"srcset":"https:\/\/i0.wp.com\/www.capgemini.com\/fr-fr\/wp-content\/uploads\/sites\/6\/2022\/09\/Freelancer-Getaway-Banniere-siteweb.jpg?resize=350%2C200&ssl=1 1x, https:\/\/i0.wp.com\/www.capgemini.com\/fr-fr\/wp-content\/uploads\/sites\/6\/2022\/09\/Freelancer-Getaway-Banniere-siteweb.jpg?resize=525%2C300&ssl=1 1.5x, https:\/\/i0.wp.com\/www.capgemini.com\/fr-fr\/wp-content\/uploads\/sites\/6\/2022\/09\/Freelancer-Getaway-Banniere-siteweb.jpg?resize=700%2C400&ssl=1 2x"},"classes":[]},{"id":790707,"url":"https:\/\/www.capgemini.com\/fr-fr\/services\/cybersecurite\/surveillance-continue\/","url_meta":{"origin":774436,"position":4},"title":"Surveillance continue","author":"Tarek Edde Gomez","date":"October 8, 2025","format":false,"excerpt":"Vous prot\u00e9ger 24\/7 avec une d\u00e9tection proactive, une r\u00e9ponse rapide et une r\u00e9duction continue des risques gr\u00e2ce \u00e0 l\u2019automatisation.","rel":"","context":"Similar post","block_context":{"text":"Similar post","link":""},"img":{"alt_text":"","src":"","width":0,"height":0},"classes":[]},{"id":700665,"url":"https:\/\/www.capgemini.com\/fr-fr\/solutions\/reflect-iod\/","url_meta":{"origin":774436,"position":5},"title":"Reflect IoD","author":"anne.gautier@capgemini.com","date":"October 20, 2022","format":false,"excerpt":"La plateforme de Jumeau Num\u00e9rique BIM pour les exploitants.","rel":"","context":"Similar post","block_context":{"text":"Similar post","link":""},"img":{"alt_text":"","src":"https:\/\/i0.wp.com\/www.capgemini.com\/fr-fr\/wp-content\/uploads\/sites\/6\/2022\/10\/Reflect-IoD-Building.jpg?resize=350%2C200&ssl=1","width":350,"height":200,"srcset":"https:\/\/i0.wp.com\/www.capgemini.com\/fr-fr\/wp-content\/uploads\/sites\/6\/2022\/10\/Reflect-IoD-Building.jpg?resize=350%2C200&ssl=1 1x, https:\/\/i0.wp.com\/www.capgemini.com\/fr-fr\/wp-content\/uploads\/sites\/6\/2022\/10\/Reflect-IoD-Building.jpg?resize=525%2C300&ssl=1 1.5x, https:\/\/i0.wp.com\/www.capgemini.com\/fr-fr\/wp-content\/uploads\/sites\/6\/2022\/10\/Reflect-IoD-Building.jpg?resize=700%2C400&ssl=1 2x"},"classes":[]}],"jetpack_sharing_enabled":true,"distributor_meta":false,"distributor_terms":false,"distributor_media":false,"distributor_original_site_name":"Capgemini France","distributor_original_site_url":"https:\/\/www.capgemini.com\/fr-fr","push-errors":false,"_links":{"self":[{"href":"https:\/\/www.capgemini.com\/fr-fr\/wp-json\/wp\/v2\/pages\/774436","targetHints":{"allow":["GET"]}}],"collection":[{"href":"https:\/\/www.capgemini.com\/fr-fr\/wp-json\/wp\/v2\/pages"}],"about":[{"href":"https:\/\/www.capgemini.com\/fr-fr\/wp-json\/wp\/v2\/types\/page"}],"author":[{"embeddable":true,"href":"https:\/\/www.capgemini.com\/fr-fr\/wp-json\/wp\/v2\/users\/58"}],"replies":[{"embeddable":true,"href":"https:\/\/www.capgemini.com\/fr-fr\/wp-json\/wp\/v2\/comments?post=774436"}],"version-history":[{"count":12,"href":"https:\/\/www.capgemini.com\/fr-fr\/wp-json\/wp\/v2\/pages\/774436\/revisions"}],"predecessor-version":[{"id":786867,"href":"https:\/\/www.capgemini.com\/fr-fr\/wp-json\/wp\/v2\/pages\/774436\/revisions\/786867"}],"wp:attachment":[{"href":"https:\/\/www.capgemini.com\/fr-fr\/wp-json\/wp\/v2\/media?parent=774436"}],"wp:term":[{"taxonomy":"brand","embeddable":true,"href":"https:\/\/www.capgemini.com\/fr-fr\/wp-json\/wp\/v2\/brand?post=774436"},{"taxonomy":"partner_type","embeddable":true,"href":"https:\/\/www.capgemini.com\/fr-fr\/wp-json\/wp\/v2\/partner_type?post=774436"},{"taxonomy":"service","embeddable":true,"href":"https:\/\/www.capgemini.com\/fr-fr\/wp-json\/wp\/v2\/service?post=774436"},{"taxonomy":"industry","embeddable":true,"href":"https:\/\/www.capgemini.com\/fr-fr\/wp-json\/wp\/v2\/industry?post=774436"},{"taxonomy":"partners","embeddable":true,"href":"https:\/\/www.capgemini.com\/fr-fr\/wp-json\/wp\/v2\/partners?post=774436"},{"taxonomy":"page-type","embeddable":true,"href":"https:\/\/www.capgemini.com\/fr-fr\/wp-json\/wp\/v2\/page-type?post=774436"},{"taxonomy":"content-group","embeddable":true,"href":"https:\/\/www.capgemini.com\/fr-fr\/wp-json\/wp\/v2\/content-group?post=774436"}],"curies":[{"name":"wp","href":"https:\/\/api.w.org\/{rel}","templated":true}]}}