{"id":738498,"date":"2025-12-22T10:18:00","date_gmt":"2025-12-22T09:18:00","guid":{"rendered":"https:\/\/www.capgemini.com\/fr-fr\/?page_id=738498"},"modified":"2026-02-02T17:08:44","modified_gmt":"2026-02-02T16:08:44","slug":"formation-pilotage-oriente-resultats-avec-les-okr","status":"publish","type":"page","link":"https:\/\/www.capgemini.com\/fr-fr\/solutions\/lean-agile-safe-formation\/formation-pilotage-oriente-resultats-avec-les-okr\/","title":{"rendered":"Formation Pilotage orient\u00e9 R\u00e9sultats avec les OKR"},"content":{"rendered":"\n<div class=\"wp-block-cg-blocks-hero-bleed-banner is-style-blue-theme-2\"><div class=\"hero-bleed-mp-banner is-style-blue-theme-2 overlay  is-image has-card \" data-hero-bleed-attributes=\"{&quot;authorName&quot;:null,&quot;authorImgURL&quot;:&quot;\/wp-content\/themes\/capgemini2020\/assets\/images\/mockup.png&quot;,&quot;cglogo&quot;:&quot;&quot;,&quot;showHeroCard&quot;:true,&quot;isLongTitle&quot;:true,&quot;showCareerFields&quot;:false,&quot;careerFormActionLink&quot;:&quot;&quot;,&quot;isCareerSearchBtnOpenNewTab&quot;:false,&quot;heroImgURL&quot;:&quot;\/wp-content\/themes\/capgemini2020\/assets\/images\/mockup.png&quot;,&quot;heroImgPosX&quot;:0.22,&quot;heroImgPosY&quot;:0.53,&quot;heroTabImgURL&quot;:null,&quot;heroTabImgPosX&quot;:0.5,&quot;heroTabImgPosY&quot;:0.5,&quot;heroMobImgURL&quot;:null,&quot;heroMobImgPosX&quot;:0.5,&quot;heroMobImgPosY&quot;:0.5,&quot;isHeroMediaFullScreen&quot;:false,&quot;heroMediaType&quot;:&quot;image&quot;,&quot;heroVideoColor&quot;:&quot;light&quot;,&quot;navMenuTextColor&quot;:&quot;white&quot;,&quot;navMenuPosition&quot;:&quot;overlay&quot;,&quot;brandTerm&quot;:&quot;capgemini&quot;,&quot;isHomePage&quot;:false,&quot;showBrandLogoImg&quot;:false,&quot;enableVideoCTA&quot;:false,&quot;videoCTAOpenInNewTab&quot;:false,&quot;enableVideoAutoplay&quot;:true,&quot;termId&quot;:0,&quot;primaryTag&quot;:&quot;&quot;,&quot;primaryTagSlug&quot;:&quot;&quot;,&quot;className&quot;:&quot;is-style-blue-theme-2&quot;,&quot;blockId&quot;:&quot;793b6778-cf68-46ec-8b6d-83bfe20cc677&quot;}\"><div class=\"hero-image d-block \"><picture><source srcset=\"\/wp-content\/themes\/capgemini2020\/assets\/images\/mockup.png?w=2880&amp;quality=70 1x, \/wp-content\/themes\/capgemini2020\/assets\/images\/mockup.png?w=2880&amp;quality=70 2x\" media=\"(min-width: 1500px)\"\/><source srcset=\"\/wp-content\/themes\/capgemini2020\/assets\/images\/mockup.png?w=1440&amp;quality=70 1x, \/wp-content\/themes\/capgemini2020\/assets\/images\/mockup.png?w=2880&amp;quality=70 2x\" media=\"(min-width: 992px)\"\/><img decoding=\"async\" width=\"100%\" height=\"100%\" src=\"\/wp-content\/themes\/capgemini2020\/assets\/images\/mockup.png\"\/><\/picture><\/div><div class=\"header-line hero-bg-shape\"><\/div><div class=\"container\"><div class=\"row\"><div class=\"col-12 col-md-12 col-lg-10\"><div class=\"content-box-wrapper\"><div class=\"content-box is-long centralized\"><span class=\"title-tag\">Agile<\/span><h1 class=\"title\">Formation Pilotage orient\u00e9 R\u00e9sultats avec les OKR<\/h1><\/div><\/div><\/div><\/div><\/div><\/div><div class=\"modal fade ytmodal\" id=\"videoModal793b6778-cf68-46ec-8b6d-83bfe20cc677\" tabindex=\"-1\" role=\"dialog\" aria-labelledby=\"videoModalLabel\" aria-hidden=\"true\"><div class=\"modal-dialog modal-dialog-centered modal-lg\"><div class=\"modal-content\"><button type=\"button\" class=\"close\" data-bs-dismiss=\"modal\" aria-label=\"Close\"><span aria-hidden=\"true\">\u00d7<\/span><\/button><div class=\"modal-body\"><div class=\"ratio ratio-16x9\"><div class=\"embed-responsive embed-responsive-16by9\"><iframe class=\"embed-responsive-item\" src=\"\" id=\"video\" allowscriptaccess=\"always\" allow=\"autoplay\"><\/iframe><\/div><\/div><\/div><\/div><\/div><\/div><\/div>\n\n\n\n<section class=\"wp-block-cg-blocks-group undefined section section--article-content\"><div class=\"article-main-content\"><div class=\"container\"><div class=\"row\"><div class=\"col-12 col-md-11 col-lg-10 offset-md-1 offset-lg-1\"><div class=\"article-text article-quote-text\">\n<h2 class=\"wp-block-heading\" id=\"h-descriptif-de-la-formation\">Descriptif de la formation<\/h2>\n\n\n\n<p>Les Objectifs et R\u00e9sultats Cl\u00e9s (OKR) est une m\u00e9thode de planification strat\u00e9gique qui connecte la strat\u00e9gie \u00e0 son ex\u00e9cution.<\/p>\n\n\n\n<p>Elle permet de d\u00e9finir des objectifs ambitieux, de r\u00e9sultats-cl\u00e9s et des initiatives r\u00e9alisables pour une entreprise, une \u00e9quipe ou un individu.<\/p>\n\n\n\n<p>Cette formation s\u2019adresse aux Managers, RTE, Coachs charg\u00e9s de d\u00e9ployer la m\u00e9thode OKR dans leur organisation.&nbsp;<\/p>\n\n\n\n<h2 class=\"wp-block-heading\" id=\"h-objectifs-d-apprentissage\">Objectifs d\u2019apprentissage<\/h2>\n\n\n\n<p>La formation aux Objectifs et R\u00e9sultats Cl\u00e9s (OKR) vise \u00e0 doter les participants des connaissances n\u00e9cessaires pour d\u00e9ployer efficacement le Framework OKR.<\/p>\n\n\n\n<ul class=\"wp-block-list\">\n<li>Sensibilisation et compr\u00e9hension.<\/li>\n\n\n\n<li>D\u00e9finition des objectifs et r\u00e9sultats cl\u00e9s.<\/li>\n\n\n\n<li>Alignement des collaborateurs autour d\u2019une vision commune et engagement commun au succ\u00e8s de l&#8217;entreprise.<\/li>\n<\/ul>\n\n\n\n<h2 class=\"wp-block-heading\" id=\"h-ce-qui-est-inclus\">Ce qui est inclus<\/h2>\n\n\n\n<ul class=\"wp-block-list\">\n<li>Le support de formation.<\/li>\n<\/ul>\n\n\n\n<h2 class=\"wp-block-heading\">Programme de la formation<\/h2>\n\n\n\n<ul class=\"wp-block-list\">\n<li>Histoire des OKR<\/li>\n\n\n\n<li>OKR, les bases<\/li>\n\n\n\n<li>Exercice GOOD &amp; BAD<\/li>\n\n\n\n<li>OKR et Golden Circle<\/li>\n\n\n\n<li>Inputs vs Outputs \u2013 OKR vs KPI<\/li>\n\n\n\n<li>OKR et SAFe<\/li>\n\n\n\n<li>Comment cr\u00e9er ses OKRs ?<\/li>\n\n\n\n<li>OKRs et gouvernance<\/li>\n\n\n\n<li>OKR \u2026 et en pratique<\/li>\n\n\n\n<li>Comment d\u00e9ployer les OKRs dans votre contexte<\/li>\n\n\n\n<li>Op\u00e9rationnaliser les OKRs<\/li>\n\n\n\n<li>OKR \u2013 Exercices d\u2019application<\/li>\n\n\n\n<li>Pr\u00e9sentation de REX de mise en \u0153uvre des OKR<\/li>\n\n\n\n<li>Collecte de feedback en vue d\u2019enrichir la journ\u00e9e<\/li>\n<\/ul>\n\n\n\n<p>L&#8217;\u00e9valuation des acquis se fait tout au long de la journ\u00e9e au travers des exercices et mises en pratique.<\/p>\n\n\n\n<h2 class=\"wp-block-heading\" id=\"h-a-qui-s-adresse-la-formation\">A qui s\u2019adresse la formation<\/h2>\n\n\n\n<ul class=\"wp-block-list\">\n<li>Business Owners<\/li>\n\n\n\n<li>Coachs Agile<\/li>\n\n\n\n<li>Leaders d\u2019\u00e9quipe<\/li>\n\n\n\n<li>Release Train Engineers<\/li>\n<\/ul>\n\n\n\n<h2 class=\"wp-block-heading\" id=\"h-quels-sont-les-prerequis\">Quels sont les pr\u00e9requis<\/h2>\n\n\n\n<p>Il n\u2019y a pas de pr\u00e9requis. N\u00e9anmoins pour pouvoir profiter pleinement de la formation, il est recommand\u00e9 de connaitre :<\/p>\n\n\n\n<ul class=\"wp-block-list\">\n<li>Les concepts et principes Agiles<\/li>\n<\/ul>\n\n\n\n<h2 class=\"wp-block-heading\" id=\"h-modalites\">Modalit\u00e9s<\/h2>\n\n\n\n<ul class=\"wp-block-list\">\n<li>Alternance de th\u00e9orie, de cas pratiques et d\u2019\u00e9changes entres les participants et les formateurs<\/li>\n\n\n\n<li>Formation en <strong>fran\u00e7ais<\/strong><\/li>\n\n\n\n<li>Cette formation est dispens\u00e9e \u00e0 distance via MS Teams<\/li>\n<\/ul>\n\n\n\n<h2 class=\"wp-block-heading\" id=\"h-horaires\">Horaires<\/h2>\n\n\n\n<ul class=\"wp-block-list\">\n<li>9h00 \u2013 12h00<\/li>\n\n\n\n<li>13h30 \u2013 17h00<\/li>\n<\/ul>\n\n\n\n<h2 class=\"wp-block-heading\">Prix de la formation<\/h2>\n\n\n\n<p>\u20ac 990 hors taxe<\/p>\n\n\n\n<p>Contact :&nbsp;<a href=\"mailto:formationsafecontact.fr@capgemini.com\" target=\"_blank\" rel=\"noreferrer noopener\">formationsafecontact.fr@capgemini.com<\/a><\/p>\n\n\n\n<div class=\"wp-block-buttons is-layout-flex wp-block-buttons-is-layout-flex\">\n<div class=\"wp-block-button\"><a class=\"wp-block-button__link has-black-color has-vivid-cyan-blue-background-color has-text-color has-background wp-element-button\" href=\"https:\/\/www.capgemini.com\/fr-fr\/wp-content\/uploads\/sites\/6\/2023\/12\/Formation-OKR-FR-21112023.pdf\" target=\"_blank\" rel=\"noreferrer noopener\">T\u00e9l\u00e9chargez le programme<\/a><\/div>\n<\/div>\n<\/div><\/div><\/div><\/div><\/div><\/section>\n","protected":false},"excerpt":{"rendered":"","protected":false},"author":166,"featured_media":0,"parent":691760,"menu_order":0,"comment_status":"closed","ping_status":"closed","template":"","meta":{"cg_dt_proposed_to":[],"cg_seo_hreflang_relations":"[]","cg_seo_canonical_relation":"","cg_seo_hreflang_x_default_relation":"{\"uuid\":\"a99eadee-d625-443f-a2d8-d817b1e3fed2\",\"blogId\":\"\",\"domain\":\"\",\"sitePath\":\"\",\"postLink\":\"\",\"postId\":null,\"isSaved\":true,\"isCrossLink\":false,\"hasCrossLink\":false}","cg_dt_approved_content":true,"cg_dt_mandatory_content":false,"cg_dt_notes":"","cg_dg_source_changed":false,"cg_dt_link_disabled":false,"_yoast_wpseo_primary_brand":"","footnotes":"","featured_focal_points":"","partner_card_description":"","gsap_animation":0},"brand":[],"partner_type":[],"service":[],"industry":[],"partners":[],"page-type":[],"content-group":[],"class_list":["post-738498","page","type-page","status-publish","hentry"],"yoast_head":"<!-- This site is optimized with the Yoast SEO Premium plugin v22.8 (Yoast SEO v22.8) - https:\/\/yoast.com\/wordpress\/plugins\/seo\/ -->\n<title>Formation Pilotage orient\u00e9 R\u00e9sultats avec les OKR - Capgemini France<\/title>\n<meta name=\"description\" content=\"Les Objectifs et R\u00e9sultats Cl\u00e9s (OKR) est une m\u00e9thode de planification strat\u00e9gique qui connecte la strat\u00e9gie \u00e0 son ex\u00e9cution.\" \/>\n<meta name=\"robots\" content=\"index, follow, max-snippet:-1, max-image-preview:large, max-video-preview:-1\" \/>\n<link rel=\"canonical\" href=\"https:\/\/www.capgemini.com\/fr-fr\/solutions\/lean-agile-safe-formation\/formation-pilotage-oriente-resultats-avec-les-okr\/\" \/>\n<meta property=\"og:locale\" content=\"fr_FR\" \/>\n<meta property=\"og:type\" content=\"article\" \/>\n<meta property=\"og:title\" content=\"Formation Pilotage orient\u00e9 R\u00e9sultats avec les OKR\" \/>\n<meta property=\"og:description\" content=\"Les Objectifs et R\u00e9sultats Cl\u00e9s (OKR) est une m\u00e9thode de planification strat\u00e9gique qui connecte la strat\u00e9gie \u00e0 son ex\u00e9cution.\" \/>\n<meta property=\"og:url\" content=\"https:\/\/www.capgemini.com\/fr-fr\/solutions\/lean-agile-safe-formation\/formation-pilotage-oriente-resultats-avec-les-okr\/\" \/>\n<meta property=\"og:site_name\" content=\"Capgemini France\" \/>\n<meta property=\"article:modified_time\" content=\"2026-02-02T16:08:44+00:00\" \/>\n<meta property=\"og:image\" content=\"https:\/\/www.capgemini.com\/fr-fr\/wp-content\/uploads\/sites\/6\/2023\/12\/Webpreview-Formation-Pilotage-oriente-Resultats-avec-les-OKR.jpg\" \/>\n\t<meta property=\"og:image:width\" content=\"1200\" \/>\n\t<meta property=\"og:image:height\" content=\"630\" \/>\n\t<meta property=\"og:image:type\" content=\"image\/jpeg\" \/>\n<meta name=\"twitter:card\" content=\"summary_large_image\" \/>\n<meta name=\"twitter:label1\" content=\"Est. reading time\" \/>\n\t<meta name=\"twitter:data1\" content=\"2 minutes\" \/>\n<script type=\"application\/ld+json\" class=\"yoast-schema-graph\">{\"@context\":\"https:\/\/schema.org\",\"@graph\":[{\"@type\":\"WebPage\",\"@id\":\"https:\/\/www.capgemini.com\/fr-fr\/solutions\/lean-agile-safe-formation\/formation-pilotage-oriente-resultats-avec-les-okr\/\",\"url\":\"https:\/\/www.capgemini.com\/fr-fr\/solutions\/lean-agile-safe-formation\/formation-pilotage-oriente-resultats-avec-les-okr\/\",\"name\":\"Formation Pilotage orient\u00e9 R\u00e9sultats avec les OKR - Capgemini France\",\"isPartOf\":{\"@id\":\"https:\/\/www.capgemini.com\/fr-fr\/#website\"},\"datePublished\":\"2025-12-22T09:18:00+00:00\",\"dateModified\":\"2026-02-02T16:08:44+00:00\",\"description\":\"Les Objectifs et R\u00e9sultats Cl\u00e9s (OKR) est une m\u00e9thode de planification strat\u00e9gique qui connecte la strat\u00e9gie \u00e0 son ex\u00e9cution.\",\"breadcrumb\":{\"@id\":\"https:\/\/www.capgemini.com\/fr-fr\/solutions\/lean-agile-safe-formation\/formation-pilotage-oriente-resultats-avec-les-okr\/#breadcrumb\"},\"inLanguage\":\"fr-FR\",\"potentialAction\":[{\"@type\":\"ReadAction\",\"target\":[\"https:\/\/www.capgemini.com\/fr-fr\/solutions\/lean-agile-safe-formation\/formation-pilotage-oriente-resultats-avec-les-okr\/\"]}]},{\"@type\":\"BreadcrumbList\",\"@id\":\"https:\/\/www.capgemini.com\/fr-fr\/solutions\/lean-agile-safe-formation\/formation-pilotage-oriente-resultats-avec-les-okr\/#breadcrumb\",\"itemListElement\":[{\"@type\":\"ListItem\",\"position\":1,\"name\":\"Solutions\",\"item\":\"https:\/\/www.capgemini.com\/fr-fr\/solutions\/\"},{\"@type\":\"ListItem\",\"position\":2,\"name\":\"Formation Pilotage orient\u00e9 R\u00e9sultats avec les OKR\"}]},{\"@type\":\"WebSite\",\"@id\":\"https:\/\/www.capgemini.com\/fr-fr\/#website\",\"url\":\"https:\/\/www.capgemini.com\/fr-fr\/\",\"name\":\"Capgemini France\",\"description\":\"Just another www.capgemini.com site\",\"publisher\":{\"@id\":\"https:\/\/www.capgemini.com\/fr-fr\/#organization\"},\"potentialAction\":[{\"@type\":\"SearchAction\",\"target\":{\"@type\":\"EntryPoint\",\"urlTemplate\":\"https:\/\/www.capgemini.com\/fr-fr\/?s={search_term_string}\"},\"query-input\":\"required name=search_term_string\"}],\"inLanguage\":\"fr-FR\"},{\"@type\":\"Organization\",\"@id\":\"https:\/\/www.capgemini.com\/fr-fr\/#organization\",\"name\":\"Capgemini France\",\"url\":\"https:\/\/www.capgemini.com\/fr-fr\/\",\"logo\":{\"@type\":\"ImageObject\",\"inLanguage\":\"fr-FR\",\"@id\":\"https:\/\/www.capgemini.com\/fr-fr\/#\/schema\/logo\/image\/\",\"url\":\"https:\/\/www.capgemini.com\/fr-fr\/wp-content\/uploads\/sites\/6\/2022\/08\/Logo-Capgemini.png\",\"contentUrl\":\"https:\/\/www.capgemini.com\/fr-fr\/wp-content\/uploads\/sites\/6\/2022\/08\/Logo-Capgemini.png\",\"width\":202,\"height\":60,\"caption\":\"Capgemini France\"},\"image\":{\"@id\":\"https:\/\/www.capgemini.com\/fr-fr\/#\/schema\/logo\/image\/\"}}]}<\/script>\n<!-- \/ Yoast SEO Premium plugin. -->","yoast_head_json":{"title":"Formation Pilotage orient\u00e9 R\u00e9sultats avec les OKR - Capgemini France","description":"Les Objectifs et R\u00e9sultats Cl\u00e9s (OKR) est une m\u00e9thode de planification strat\u00e9gique qui connecte la strat\u00e9gie \u00e0 son ex\u00e9cution.","robots":{"index":"index","follow":"follow","max-snippet":"max-snippet:-1","max-image-preview":"max-image-preview:large","max-video-preview":"max-video-preview:-1"},"canonical":"https:\/\/www.capgemini.com\/fr-fr\/solutions\/lean-agile-safe-formation\/formation-pilotage-oriente-resultats-avec-les-okr\/","og_locale":"fr_FR","og_type":"article","og_title":"Formation Pilotage orient\u00e9 R\u00e9sultats avec les OKR","og_description":"Les Objectifs et R\u00e9sultats Cl\u00e9s (OKR) est une m\u00e9thode de planification strat\u00e9gique qui connecte la strat\u00e9gie \u00e0 son ex\u00e9cution.","og_url":"https:\/\/www.capgemini.com\/fr-fr\/solutions\/lean-agile-safe-formation\/formation-pilotage-oriente-resultats-avec-les-okr\/","og_site_name":"Capgemini France","article_modified_time":"2026-02-02T16:08:44+00:00","og_image":[{"width":1200,"height":630,"url":"https:\/\/www.capgemini.com\/fr-fr\/wp-content\/uploads\/sites\/6\/2023\/12\/Webpreview-Formation-Pilotage-oriente-Resultats-avec-les-OKR.jpg","type":"image\/jpeg"}],"twitter_card":"summary_large_image","twitter_misc":{"Est. reading time":"2 minutes"},"schema":{"@context":"https:\/\/schema.org","@graph":[{"@type":"WebPage","@id":"https:\/\/www.capgemini.com\/fr-fr\/solutions\/lean-agile-safe-formation\/formation-pilotage-oriente-resultats-avec-les-okr\/","url":"https:\/\/www.capgemini.com\/fr-fr\/solutions\/lean-agile-safe-formation\/formation-pilotage-oriente-resultats-avec-les-okr\/","name":"Formation Pilotage orient\u00e9 R\u00e9sultats avec les OKR - Capgemini France","isPartOf":{"@id":"https:\/\/www.capgemini.com\/fr-fr\/#website"},"datePublished":"2025-12-22T09:18:00+00:00","dateModified":"2026-02-02T16:08:44+00:00","description":"Les Objectifs et R\u00e9sultats Cl\u00e9s (OKR) est une m\u00e9thode de planification strat\u00e9gique qui connecte la strat\u00e9gie \u00e0 son ex\u00e9cution.","breadcrumb":{"@id":"https:\/\/www.capgemini.com\/fr-fr\/solutions\/lean-agile-safe-formation\/formation-pilotage-oriente-resultats-avec-les-okr\/#breadcrumb"},"inLanguage":"fr-FR","potentialAction":[{"@type":"ReadAction","target":["https:\/\/www.capgemini.com\/fr-fr\/solutions\/lean-agile-safe-formation\/formation-pilotage-oriente-resultats-avec-les-okr\/"]}]},{"@type":"BreadcrumbList","@id":"https:\/\/www.capgemini.com\/fr-fr\/solutions\/lean-agile-safe-formation\/formation-pilotage-oriente-resultats-avec-les-okr\/#breadcrumb","itemListElement":[{"@type":"ListItem","position":1,"name":"Solutions","item":"https:\/\/www.capgemini.com\/fr-fr\/solutions\/"},{"@type":"ListItem","position":2,"name":"Formation Pilotage orient\u00e9 R\u00e9sultats avec les OKR"}]},{"@type":"WebSite","@id":"https:\/\/www.capgemini.com\/fr-fr\/#website","url":"https:\/\/www.capgemini.com\/fr-fr\/","name":"Capgemini France","description":"Just another www.capgemini.com site","publisher":{"@id":"https:\/\/www.capgemini.com\/fr-fr\/#organization"},"potentialAction":[{"@type":"SearchAction","target":{"@type":"EntryPoint","urlTemplate":"https:\/\/www.capgemini.com\/fr-fr\/?s={search_term_string}"},"query-input":"required name=search_term_string"}],"inLanguage":"fr-FR"},{"@type":"Organization","@id":"https:\/\/www.capgemini.com\/fr-fr\/#organization","name":"Capgemini France","url":"https:\/\/www.capgemini.com\/fr-fr\/","logo":{"@type":"ImageObject","inLanguage":"fr-FR","@id":"https:\/\/www.capgemini.com\/fr-fr\/#\/schema\/logo\/image\/","url":"https:\/\/www.capgemini.com\/fr-fr\/wp-content\/uploads\/sites\/6\/2022\/08\/Logo-Capgemini.png","contentUrl":"https:\/\/www.capgemini.com\/fr-fr\/wp-content\/uploads\/sites\/6\/2022\/08\/Logo-Capgemini.png","width":202,"height":60,"caption":"Capgemini France"},"image":{"@id":"https:\/\/www.capgemini.com\/fr-fr\/#\/schema\/logo\/image\/"}}]}},"brand_term":[],"parsely":{"version":"1.1.0","canonical_url":"https:\/\/capgemini.com\/fr-fr\/solutions\/lean-agile-safe-formation\/formation-pilotage-oriente-resultats-avec-les-okr\/","smart_links":{"inbound":0,"outbound":0},"traffic_boost_suggestions_count":0,"meta":{"@context":"https:\/\/schema.org","@type":"WebPage","headline":"Formation Pilotage orient\u00e9 R\u00e9sultats avec les OKR","url":"https:\/\/www.capgemini.com\/fr-fr\/solutions\/lean-agile-safe-formation\/formation-pilotage-oriente-resultats-avec-les-okr\/","mainEntityOfPage":{"@type":"WebPage","@id":"https:\/\/www.capgemini.com\/fr-fr\/solutions\/lean-agile-safe-formation\/formation-pilotage-oriente-resultats-avec-les-okr\/"},"thumbnailUrl":"","image":{"@type":"ImageObject","url":""},"articleSection":"Uncategorized","author":[],"creator":[],"publisher":{"@type":"Organization","name":"Capgemini France","logo":""},"keywords":[],"dateCreated":"2025-12-22T09:18:00Z","datePublished":"2025-12-22T09:18:00Z","dateModified":"2026-02-02T16:08:44Z"},"rendered":"<meta name=\"parsely-title\" content=\"Formation Pilotage orient\u00e9 R\u00e9sultats avec les OKR\" \/>\n<meta name=\"parsely-link\" content=\"https:\/\/www.capgemini.com\/fr-fr\/solutions\/lean-agile-safe-formation\/formation-pilotage-oriente-resultats-avec-les-okr\/\" \/>\n<meta name=\"parsely-type\" content=\"index\" \/>\n<meta name=\"parsely-pub-date\" content=\"2025-12-22T09:18:00Z\" \/>\n<meta name=\"parsely-section\" content=\"Uncategorized\" \/>","tracker_url":"https:\/\/cdn.parsely.com\/keys\/capgemini.com\/p.js"},"archive_status":false,"featured_image_src":"https:\/\/www.capgemini.com\/fr-fr\/wp-content\/themes\/capgemini2025\/assets\/images\/mockup.png","featured_image_alt":false,"jetpack-related-posts":[{"id":763938,"url":"https:\/\/www.capgemini.com\/fr-fr\/solutions\/securiser-le-delivery-de-vos-programmes-complexes\/","url_meta":{"origin":738498,"position":0},"title":"S\u00e9curiser le delivery de vos programmes complexes","author":"Tarek Edde Gomez","date":"October 2, 2024","format":false,"excerpt":"Assurez le succ\u00e8s de vos programmes complexes avec une strat\u00e9gie claire, une gouvernance rigoureuse et une collaboration efficace.","rel":"","context":"Similar post","block_context":{"text":"Similar post","link":""},"img":{"alt_text":"","src":"","width":0,"height":0},"classes":[]},{"id":712244,"url":"https:\/\/www.capgemini.com\/fr-fr\/solutions\/management-leadership\/","url_meta":{"origin":738498,"position":1},"title":"Management &#038; leadership","author":"madlyconde","date":"March 2, 2023","format":false,"excerpt":"Management des \u00e9quipes \u00e0 proximit\u00e9 et \u00e0 distance","rel":"","context":"Similar post","block_context":{"text":"Similar post","link":""},"img":{"alt_text":"","src":"","width":0,"height":0},"classes":[]},{"id":773857,"url":"https:\/\/www.capgemini.com\/fr-fr\/solutions\/lean-agile-safe-formation\/formation-safe-advanced-spc-certification-path\/","url_meta":{"origin":738498,"position":2},"title":"Formation SAFe\u00ae Advanced SPC Certification Path \u2013 version 6.0","author":"anne.gautier@capgemini.com","date":"February 6, 2025","format":false,"excerpt":"En obtenant la certification Advanced SPC, vous acquerrez des comp\u00e9tences avanc\u00e9es pour soutenir les organisations SAFe et vous positionner parmi les meilleurs experts Lean-Agile au niveau mondial","rel":"","context":"Similar post","block_context":{"text":"Similar post","link":""},"img":{"alt_text":"","src":"\/wp-content\/themes\/capgemini2020\/assets\/images\/mockup.png","width":350,"height":200},"classes":[]},{"id":705318,"url":"https:\/\/www.capgemini.com\/fr-fr\/solutions\/lean-agile-safe-formation\/formation-implementing-safe-certification-spc\/","url_meta":{"origin":738498,"position":3},"title":"Formation Implementing SAFe\u00ae (SPC) &#8211; version 6.0","author":"anne.gautier@capgemini.com","date":"December 19, 2025","format":false,"excerpt":"Devenez un agent du changement de premier plan au sein de votre organisation en obtenant la certification SAFe Program Consultant (SPC)","rel":"","context":"Similar post","block_context":{"text":"Similar post","link":""},"img":{"alt_text":"","src":"\/wp-content\/themes\/capgemini2020\/assets\/images\/mockup.png","width":350,"height":200},"classes":[]},{"id":794309,"url":"https:\/\/www.capgemini.com\/fr-fr\/solutions\/ingenierie-augmentee-au-coeur-de-la-transformation-industrielle\/","url_meta":{"origin":738498,"position":4},"title":"L\u2019ing\u00e9nierie augment\u00e9e au c\u0153ur de la transformation industrielle","author":"lucilletavera","date":"October 22, 2025","format":false,"excerpt":"Capgemini et Dessia Technologies s\u2019associent pour proposer une solution d\u2019ing\u00e9nierie augment\u00e9e int\u00e9grant une IA explicable et une plateforme low-code, visant \u00e0 automatiser et fiabiliser les processus industriels.","rel":"","context":"Similar post","block_context":{"text":"Similar post","link":""},"img":{"alt_text":"","src":"https:\/\/i0.wp.com\/www.capgemini.com\/fr-fr\/wp-content\/uploads\/sites\/6\/2025\/10\/GettyImages-1899025735_d94cb4.jpg?resize=350%2C200&ssl=1","width":350,"height":200,"srcset":"https:\/\/i0.wp.com\/www.capgemini.com\/fr-fr\/wp-content\/uploads\/sites\/6\/2025\/10\/GettyImages-1899025735_d94cb4.jpg?resize=350%2C200&ssl=1 1x, https:\/\/i0.wp.com\/www.capgemini.com\/fr-fr\/wp-content\/uploads\/sites\/6\/2025\/10\/GettyImages-1899025735_d94cb4.jpg?resize=525%2C300&ssl=1 1.5x, https:\/\/i0.wp.com\/www.capgemini.com\/fr-fr\/wp-content\/uploads\/sites\/6\/2025\/10\/GettyImages-1899025735_d94cb4.jpg?resize=700%2C400&ssl=1 2x"},"classes":[]},{"id":790267,"url":"https:\/\/www.capgemini.com\/fr-fr\/solutions\/crm-transformation\/","url_meta":{"origin":738498,"position":5},"title":"Transformation CRM","author":"tejasdhonsale","date":"March 12, 2025","format":false,"excerpt":"Obtenez des r\u00e9sultats mesurables gr\u00e2ce \u00e0 une approche en cinq \u00e9tapes couvrant le design, la donn\u00e9e, l\u2019int\u00e9gration et la gestion du changement.","rel":"","context":"Similar post","block_context":{"text":"Similar post","link":""},"img":{"alt_text":"CRM transformation Banner","src":"https:\/\/i0.wp.com\/www.capgemini.com\/fr-fr\/wp-content\/uploads\/sites\/6\/2025\/07\/CRM-transformation_Banner.jpg?resize=350%2C200&ssl=1","width":350,"height":200,"srcset":"https:\/\/i0.wp.com\/www.capgemini.com\/fr-fr\/wp-content\/uploads\/sites\/6\/2025\/07\/CRM-transformation_Banner.jpg?resize=350%2C200&ssl=1 1x, https:\/\/i0.wp.com\/www.capgemini.com\/fr-fr\/wp-content\/uploads\/sites\/6\/2025\/07\/CRM-transformation_Banner.jpg?resize=525%2C300&ssl=1 1.5x, https:\/\/i0.wp.com\/www.capgemini.com\/fr-fr\/wp-content\/uploads\/sites\/6\/2025\/07\/CRM-transformation_Banner.jpg?resize=700%2C400&ssl=1 2x"},"classes":[]}],"jetpack_sharing_enabled":true,"distributor_meta":false,"distributor_terms":false,"distributor_media":false,"distributor_original_site_name":"Capgemini France","distributor_original_site_url":"https:\/\/www.capgemini.com\/fr-fr","push-errors":false,"_links":{"self":[{"href":"https:\/\/www.capgemini.com\/fr-fr\/wp-json\/wp\/v2\/pages\/738498","targetHints":{"allow":["GET"]}}],"collection":[{"href":"https:\/\/www.capgemini.com\/fr-fr\/wp-json\/wp\/v2\/pages"}],"about":[{"href":"https:\/\/www.capgemini.com\/fr-fr\/wp-json\/wp\/v2\/types\/page"}],"author":[{"embeddable":true,"href":"https:\/\/www.capgemini.com\/fr-fr\/wp-json\/wp\/v2\/users\/166"}],"replies":[{"embeddable":true,"href":"https:\/\/www.capgemini.com\/fr-fr\/wp-json\/wp\/v2\/comments?post=738498"}],"version-history":[{"count":4,"href":"https:\/\/www.capgemini.com\/fr-fr\/wp-json\/wp\/v2\/pages\/738498\/revisions"}],"predecessor-version":[{"id":802714,"href":"https:\/\/www.capgemini.com\/fr-fr\/wp-json\/wp\/v2\/pages\/738498\/revisions\/802714"}],"up":[{"embeddable":true,"href":"https:\/\/www.capgemini.com\/fr-fr\/wp-json\/wp\/v2\/pages\/691760"}],"wp:attachment":[{"href":"https:\/\/www.capgemini.com\/fr-fr\/wp-json\/wp\/v2\/media?parent=738498"}],"wp:term":[{"taxonomy":"brand","embeddable":true,"href":"https:\/\/www.capgemini.com\/fr-fr\/wp-json\/wp\/v2\/brand?post=738498"},{"taxonomy":"partner_type","embeddable":true,"href":"https:\/\/www.capgemini.com\/fr-fr\/wp-json\/wp\/v2\/partner_type?post=738498"},{"taxonomy":"service","embeddable":true,"href":"https:\/\/www.capgemini.com\/fr-fr\/wp-json\/wp\/v2\/service?post=738498"},{"taxonomy":"industry","embeddable":true,"href":"https:\/\/www.capgemini.com\/fr-fr\/wp-json\/wp\/v2\/industry?post=738498"},{"taxonomy":"partners","embeddable":true,"href":"https:\/\/www.capgemini.com\/fr-fr\/wp-json\/wp\/v2\/partners?post=738498"},{"taxonomy":"page-type","embeddable":true,"href":"https:\/\/www.capgemini.com\/fr-fr\/wp-json\/wp\/v2\/page-type?post=738498"},{"taxonomy":"content-group","embeddable":true,"href":"https:\/\/www.capgemini.com\/fr-fr\/wp-json\/wp\/v2\/content-group?post=738498"}],"curies":[{"name":"wp","href":"https:\/\/api.w.org\/{rel}","templated":true}]}}