{"id":734705,"date":"2023-11-03T16:11:34","date_gmt":"2023-11-03T15:11:34","guid":{"rendered":"https:\/\/www.capgemini.com\/fr-fr\/?page_id=734705&#038;preview_id=734705"},"modified":"2025-03-04T08:09:09","modified_gmt":"2025-03-04T07:09:09","slug":"hyper-personalization-for-financial-services","status":"publish","type":"page","link":"https:\/\/www.capgemini.com\/fr-fr\/solutions\/hyper-personalization-for-financial-services\/","title":{"rendered":"L&#8217;hyper-personnalisation des services financiers"},"content":{"rendered":"\n<header class=\"wp-block-cg-blocks-hero-reusable header heroReusable  \"><div class=\"header-bgs\"><picture><source srcset=\"https:\/\/www.capgemini.com\/wp-content\/uploads\/2023\/06\/Hyper-personalization_SP-Webpage_Background.jpg?w=2880&amp;quality=70 1x, https:\/\/www.capgemini.com\/wp-content\/uploads\/2023\/06\/Hyper-personalization_SP-Webpage_Background.jpg?w=2880&amp;quality=70 2x\" media=\"(min-width: 1500px)\"\/><source srcset=\"https:\/\/www.capgemini.com\/wp-content\/uploads\/2023\/06\/Hyper-personalization_SP-Webpage_Background.jpg?w=1440&amp;quality=70 1x, https:\/\/www.capgemini.com\/wp-content\/uploads\/2023\/06\/Hyper-personalization_SP-Webpage_Background.jpg?w=2880&amp;quality=70 2x\" media=\"(min-width: 992px)\"\/><source srcset=\"https:\/\/www.capgemini.com\/wp-content\/uploads\/2023\/06\/Hyper-personalization_SP-Webpage_Background.jpg?w=1024&amp;quality=70 1x, https:\/\/www.capgemini.com\/wp-content\/uploads\/2023\/06\/Hyper-personalization_SP-Webpage_Background.jpg?w=1024&amp;quality=70 2x\" media=\"(min-width: 768px)\"\/><source srcset=\"https:\/\/www.capgemini.com\/wp-content\/uploads\/2023\/06\/Hyper-personalization_SP-Webpage_Background.jpg?w=768&amp;quality=70 1x, https:\/\/www.capgemini.com\/wp-content\/uploads\/2023\/06\/Hyper-personalization_SP-Webpage_Background.jpg?w=768&amp;quality=70 2x\" media=\"(min-width: 0)\"\/><img decoding=\"async\" src=\"https:\/\/www.capgemini.com\/wp-content\/uploads\/2023\/06\/Hyper-personalization_SP-Webpage_Background.jpg\" class=\"header-img header-img-d\" alt=\"\" style=\"object-fit:cover;object-position:53% 34%\" loading=\"eager\"\/><\/picture><\/div><div class=\"heroPictureCardHeaderShape\"><\/div><div class=\"container\"><div class=\"row\"><div class=\"col-md-12\"><div class=\"box\"><div class=\"boxTagWrapper\"><div class=\"tagInfo\"><div><span class=\"box-tag\">Solution<\/span><\/div><\/div><\/div><div class=\"box-title\"><h1 data-maxlength=\"34\">L&#8217;hyper-personnalisation des services financiers<\/h1><\/div><div class=\"inner-row-insight download-btn\"><\/div><\/div><\/div><\/div><\/div><\/header>\n\n\n\n<section class=\"wp-block-cg-blocks-group undefined section section--article-content\"><div class=\"article-main-content\"><div class=\"container\"><div class=\"row\"><div class=\"col-12 col-md-1\"><nav class=\"article-social\"><ul class=\"social-nav\"><li class=\"ip-order-fb\"><a href=\"https:\/\/www.facebook.com\/sharer\/sharer.php?u=https:\/\/www.capgemini.com\/?page_id=913806\" target=\"_blank\" rel=\"noopener noreferrer\" title=\"Ouvrir dans une nouvelle fen\u00eatre\"><i aria-hidden=\"true\" class=\"icon-fb\"><\/i><span class=\"sr-only\">Facebook<\/span><\/a><\/li><li class=\"ip-order-tw\"><a href=\"https:\/\/twitter.com\/intent\/tweet?url=https:\/\/www.capgemini.com\/?page_id=913806&amp;text=\" target=\"_blank\" rel=\"noopener noreferrer\" title=\"Ouvrir dans une nouvelle fen\u00eatre\"><i aria-hidden=\"true\" class=\"icon-tw\"><\/i><span class=\"sr-only\">Twitter<\/span><\/a><\/li><li class=\"ip-order-li\"><a href=\"https:\/\/www.linkedin.com\/shareArticle?url=https:\/\/www.capgemini.com\/?page_id=913806&amp;text=\" target=\"_blank\" rel=\"noopener noreferrer\" title=\"Ouvrir dans une nouvelle fen\u00eatre\"><i aria-hidden=\"true\" class=\"icon-li\"><\/i><span class=\"sr-only\">Linkedin<\/span><\/a><\/li><\/ul><\/nav><\/div><div class=\"col-12 col-md-11 col-lg-10\"><div class=\"article-text article-quote-text\">\n<h3 class=\"wp-block-heading\" id=\"h-revolutionner-les-interactions-avec-vos-clients-pour-accroitre-leur-satisfaction-reduire-l-attrition-et-augmenter-le-chiffre-d-affaires\">R\u00e9volutionner les interactions avec vos clients pour accro\u00eetre leur satisfaction, r\u00e9duire l&#8217;attrition et augmenter le chiffre d&#8217;affaires.<\/h3>\n\n\n\n<figure class=\"wp-block-image alignright size-medium is-resized\"><img decoding=\"async\" src=\"https:\/\/www.capgemini.com\/wp-content\/uploads\/2023\/06\/Hyper-personalization_SP-Document_Thumbnail.jpg?w=212\" alt=\"\" class=\"wp-image-913811\" style=\"width:212px;height:300px\"\/><\/figure>\n\n\n\n<p>Il y a de fortes chances pour que vous ayez re\u00e7u aujourd&#8217;hui au moins un message d&#8217;une entreprise essayant de vous vendre un produit ou un service extraordinaire con\u00e7u sp\u00e9cialement pour vous. Vos services de streaming pr\u00e9f\u00e9r\u00e9s proposent r\u00e9guli\u00e8rement des listes personnalis\u00e9es de nouvelles \u00e9missions captivantes correspondant exactement \u00e0 vos pr\u00e9f\u00e9rences. Les commer\u00e7ants en ligne envoient quotidiennement des listes de produits innovants dont vous ne pouvez plus vous passer. Cependant, le concept d&#8217;hyper-personnalisation n&#8217;a pas encore pris son essor dans le secteur financier.<\/p>\n\n\n\n<p>De nombreuses entreprises pensent \u00e0 tort que l&#8217;hyperpersonnalisation est trop complexe et trop co\u00fbteuse \u00e0 mettre en \u0153uvre. Cela ne pourrait pas \u00eatre plus \u00e9loign\u00e9 de la v\u00e9rit\u00e9. Capgemini et Timbr.ai, pionnier de la technologie des graphes s\u00e9mantiques, se sont associ\u00e9s pour d\u00e9velopper une solution puissante con\u00e7ue pour les services financiers, capable de g\u00e9n\u00e9rer des offres personnalis\u00e9es bas\u00e9es sur les donn\u00e9es pour les clients nouveaux, existants et pr\u00e9sentant un risque de d\u00e9sabonnement.<\/p>\n\n\n\n<p>T\u00e9l\u00e9chargez notre Point de Vue pour savoir comment nous pouvons accompagner votre organisation \u00e0 offrir une exp\u00e9rience client innovante et hyper-personnalis\u00e9e sur tous les canaux.<\/p>\n\n\n\n<div class=\"wp-block-buttons is-layout-flex wp-block-buttons-is-layout-flex\">\n<div class=\"wp-block-button is-style-outline is-style-outline--1\"><a class=\"wp-block-button__link wp-element-button\" href=\"https:\/\/go.capgeminigroup.com\/capgemini-hyper-personalization-for-financial-services\" target=\"_blank\" rel=\"noreferrer noopener\">T\u00e9l\u00e9chargez<\/a><\/div>\n<\/div>\n<\/div><\/div><\/div><\/div><\/div><\/section>\n","protected":false},"excerpt":{"rendered":"<p>R\u00e9volutionner les interactions avec les clients pour accro\u00eetre leur satisfaction, r\u00e9duire l&#8217;attrition et augmenter le chiffre d&#8217;affaires.<\/p>\n","protected":false},"author":33,"featured_media":734706,"parent":691760,"menu_order":0,"comment_status":"closed","ping_status":"closed","template":"","meta":{"cg_dt_proposed_to":[21],"cg_seo_hreflang_relations":"[]","cg_seo_canonical_relation":"{\"uuid\":\"0dc58717-a29c-4349-8fa7-c77607108c4b\",\"blogId\":\"\",\"domain\":\"\",\"sitePath\":\"\",\"postLink\":\"\",\"postId\":null,\"isSaved\":true,\"isCrossLink\":false,\"hasCrossLink\":false}","cg_seo_hreflang_x_default_relation":"{\"uuid\":\"0005450e-6be3-4ce9-901e-494f4ba4c048\",\"blogId\":\"\",\"domain\":\"\",\"sitePath\":\"\",\"postLink\":\"\",\"postId\":null,\"isSaved\":true,\"isCrossLink\":false,\"hasCrossLink\":false}","cg_dt_approved_content":true,"cg_dt_mandatory_content":false,"cg_dt_notes":"","cg_dg_source_changed":true,"cg_dt_link_disabled":true,"_yoast_wpseo_primary_brand":"","footnotes":"","featured_focal_points":"","partner_card_description":"","gsap_animation":0},"brand":[],"partner_type":[],"service":[49],"industry":[70,27],"partners":[],"page-type":[270],"content-group":[],"class_list":["post-734705","page","type-page","status-publish","has-post-thumbnail","hentry","service-ia-data","industry-assurance","industry-banques","page-type-solutions"],"yoast_head":"<!-- This site is optimized with the Yoast SEO Premium plugin v22.8 (Yoast SEO v22.8) - https:\/\/yoast.com\/wordpress\/plugins\/seo\/ -->\n<title>L&#039;hyper-personnalisation des services financiers - Capgemini France<\/title>\n<meta name=\"description\" content=\"R\u00e9volutionner les interactions avec les clients pour accro\u00eetre leur satisfaction, r\u00e9duire l&#039;attrition et augmenter le chiffre d&#039;affaires.\" \/>\n<meta name=\"robots\" content=\"index, follow, max-snippet:-1, max-image-preview:large, max-video-preview:-1\" \/>\n<link rel=\"canonical\" href=\"https:\/\/www.capgemini.com\/fr-fr\/solutions\/hyper-personalization-for-financial-services\/\" \/>\n<meta property=\"og:locale\" content=\"fr_FR\" \/>\n<meta property=\"og:type\" content=\"article\" \/>\n<meta property=\"og:title\" content=\"L&#039;hyper-personnalisation des services financiers\" \/>\n<meta property=\"og:description\" content=\"R\u00e9volutionner les interactions avec les clients pour accro\u00eetre leur satisfaction, r\u00e9duire l&#039;attrition et augmenter le chiffre d&#039;affaires.\" \/>\n<meta property=\"og:url\" content=\"https:\/\/www.capgemini.com\/fr-fr\/solutions\/hyper-personalization-for-financial-services\/\" \/>\n<meta property=\"og:site_name\" content=\"Capgemini France\" \/>\n<meta property=\"article:modified_time\" content=\"2025-03-04T07:09:09+00:00\" \/>\n<meta property=\"og:image\" content=\"https:\/\/www.capgemini.com\/fr-fr\/wp-content\/uploads\/sites\/6\/2023\/11\/2023-FR-Webpreview-hyper-personalization-financial-services.jpg\" \/>\n\t<meta property=\"og:image:width\" content=\"1200\" \/>\n\t<meta property=\"og:image:height\" content=\"630\" \/>\n\t<meta property=\"og:image:type\" content=\"image\/jpeg\" \/>\n<meta name=\"twitter:card\" content=\"summary_large_image\" \/>\n<meta name=\"twitter:label1\" content=\"Est. reading time\" \/>\n\t<meta name=\"twitter:data1\" content=\"2 minutes\" \/>\n<script type=\"application\/ld+json\" class=\"yoast-schema-graph\">{\"@context\":\"https:\/\/schema.org\",\"@graph\":[{\"@type\":\"WebPage\",\"@id\":\"https:\/\/www.capgemini.com\/fr-fr\/solutions\/hyper-personalization-for-financial-services\/\",\"url\":\"https:\/\/www.capgemini.com\/fr-fr\/solutions\/hyper-personalization-for-financial-services\/\",\"name\":\"L'hyper-personnalisation des services financiers - Capgemini France\",\"isPartOf\":{\"@id\":\"https:\/\/www.capgemini.com\/fr-fr\/#website\"},\"primaryImageOfPage\":{\"@id\":\"https:\/\/www.capgemini.com\/fr-fr\/solutions\/hyper-personalization-for-financial-services\/#primaryimage\"},\"image\":{\"@id\":\"https:\/\/www.capgemini.com\/fr-fr\/solutions\/hyper-personalization-for-financial-services\/#primaryimage\"},\"thumbnailUrl\":\"https:\/\/www.capgemini.com\/fr-fr\/wp-content\/uploads\/sites\/6\/2023\/11\/Hyper-personalization_SP-Webpage_Background.jpg\",\"datePublished\":\"2023-11-03T15:11:34+00:00\",\"dateModified\":\"2025-03-04T07:09:09+00:00\",\"description\":\"R\u00e9volutionner les interactions avec les clients pour accro\u00eetre leur satisfaction, r\u00e9duire l'attrition et augmenter le chiffre d'affaires.\",\"breadcrumb\":{\"@id\":\"https:\/\/www.capgemini.com\/fr-fr\/solutions\/hyper-personalization-for-financial-services\/#breadcrumb\"},\"inLanguage\":\"fr-FR\",\"potentialAction\":[{\"@type\":\"ReadAction\",\"target\":[\"https:\/\/www.capgemini.com\/fr-fr\/solutions\/hyper-personalization-for-financial-services\/\"]}]},{\"@type\":\"ImageObject\",\"inLanguage\":\"fr-FR\",\"@id\":\"https:\/\/www.capgemini.com\/fr-fr\/solutions\/hyper-personalization-for-financial-services\/#primaryimage\",\"url\":\"https:\/\/www.capgemini.com\/fr-fr\/wp-content\/uploads\/sites\/6\/2023\/11\/Hyper-personalization_SP-Webpage_Background.jpg\",\"contentUrl\":\"https:\/\/www.capgemini.com\/fr-fr\/wp-content\/uploads\/sites\/6\/2023\/11\/Hyper-personalization_SP-Webpage_Background.jpg\",\"width\":2880,\"height\":1800},{\"@type\":\"BreadcrumbList\",\"@id\":\"https:\/\/www.capgemini.com\/fr-fr\/solutions\/hyper-personalization-for-financial-services\/#breadcrumb\",\"itemListElement\":[{\"@type\":\"ListItem\",\"position\":1,\"name\":\"Solutions\",\"item\":\"https:\/\/www.capgemini.com\/fr-fr\/solutions\/\"},{\"@type\":\"ListItem\",\"position\":2,\"name\":\"L&#8217;hyper-personnalisation des services financiers\"}]},{\"@type\":\"WebSite\",\"@id\":\"https:\/\/www.capgemini.com\/fr-fr\/#website\",\"url\":\"https:\/\/www.capgemini.com\/fr-fr\/\",\"name\":\"Capgemini France\",\"description\":\"Just another www.capgemini.com site\",\"publisher\":{\"@id\":\"https:\/\/www.capgemini.com\/fr-fr\/#organization\"},\"potentialAction\":[{\"@type\":\"SearchAction\",\"target\":{\"@type\":\"EntryPoint\",\"urlTemplate\":\"https:\/\/www.capgemini.com\/fr-fr\/?s={search_term_string}\"},\"query-input\":\"required name=search_term_string\"}],\"inLanguage\":\"fr-FR\"},{\"@type\":\"Organization\",\"@id\":\"https:\/\/www.capgemini.com\/fr-fr\/#organization\",\"name\":\"Capgemini France\",\"url\":\"https:\/\/www.capgemini.com\/fr-fr\/\",\"logo\":{\"@type\":\"ImageObject\",\"inLanguage\":\"fr-FR\",\"@id\":\"https:\/\/www.capgemini.com\/fr-fr\/#\/schema\/logo\/image\/\",\"url\":\"https:\/\/www.capgemini.com\/fr-fr\/wp-content\/uploads\/sites\/6\/2022\/08\/Logo-Capgemini.png\",\"contentUrl\":\"https:\/\/www.capgemini.com\/fr-fr\/wp-content\/uploads\/sites\/6\/2022\/08\/Logo-Capgemini.png\",\"width\":202,\"height\":60,\"caption\":\"Capgemini France\"},\"image\":{\"@id\":\"https:\/\/www.capgemini.com\/fr-fr\/#\/schema\/logo\/image\/\"}}]}<\/script>\n<!-- \/ Yoast SEO Premium plugin. -->","yoast_head_json":{"title":"L'hyper-personnalisation des services financiers - Capgemini France","description":"R\u00e9volutionner les interactions avec les clients pour accro\u00eetre leur satisfaction, r\u00e9duire l'attrition et augmenter le chiffre d'affaires.","robots":{"index":"index","follow":"follow","max-snippet":"max-snippet:-1","max-image-preview":"max-image-preview:large","max-video-preview":"max-video-preview:-1"},"canonical":"https:\/\/www.capgemini.com\/fr-fr\/solutions\/hyper-personalization-for-financial-services\/","og_locale":"fr_FR","og_type":"article","og_title":"L'hyper-personnalisation des services financiers","og_description":"R\u00e9volutionner les interactions avec les clients pour accro\u00eetre leur satisfaction, r\u00e9duire l'attrition et augmenter le chiffre d'affaires.","og_url":"https:\/\/www.capgemini.com\/fr-fr\/solutions\/hyper-personalization-for-financial-services\/","og_site_name":"Capgemini France","article_modified_time":"2025-03-04T07:09:09+00:00","og_image":[{"width":1200,"height":630,"url":"https:\/\/www.capgemini.com\/fr-fr\/wp-content\/uploads\/sites\/6\/2023\/11\/2023-FR-Webpreview-hyper-personalization-financial-services.jpg","type":"image\/jpeg"}],"twitter_card":"summary_large_image","twitter_misc":{"Est. reading time":"2 minutes"},"schema":{"@context":"https:\/\/schema.org","@graph":[{"@type":"WebPage","@id":"https:\/\/www.capgemini.com\/fr-fr\/solutions\/hyper-personalization-for-financial-services\/","url":"https:\/\/www.capgemini.com\/fr-fr\/solutions\/hyper-personalization-for-financial-services\/","name":"L'hyper-personnalisation des services financiers - Capgemini France","isPartOf":{"@id":"https:\/\/www.capgemini.com\/fr-fr\/#website"},"primaryImageOfPage":{"@id":"https:\/\/www.capgemini.com\/fr-fr\/solutions\/hyper-personalization-for-financial-services\/#primaryimage"},"image":{"@id":"https:\/\/www.capgemini.com\/fr-fr\/solutions\/hyper-personalization-for-financial-services\/#primaryimage"},"thumbnailUrl":"https:\/\/www.capgemini.com\/fr-fr\/wp-content\/uploads\/sites\/6\/2023\/11\/Hyper-personalization_SP-Webpage_Background.jpg","datePublished":"2023-11-03T15:11:34+00:00","dateModified":"2025-03-04T07:09:09+00:00","description":"R\u00e9volutionner les interactions avec les clients pour accro\u00eetre leur satisfaction, r\u00e9duire l'attrition et augmenter le chiffre d'affaires.","breadcrumb":{"@id":"https:\/\/www.capgemini.com\/fr-fr\/solutions\/hyper-personalization-for-financial-services\/#breadcrumb"},"inLanguage":"fr-FR","potentialAction":[{"@type":"ReadAction","target":["https:\/\/www.capgemini.com\/fr-fr\/solutions\/hyper-personalization-for-financial-services\/"]}]},{"@type":"ImageObject","inLanguage":"fr-FR","@id":"https:\/\/www.capgemini.com\/fr-fr\/solutions\/hyper-personalization-for-financial-services\/#primaryimage","url":"https:\/\/www.capgemini.com\/fr-fr\/wp-content\/uploads\/sites\/6\/2023\/11\/Hyper-personalization_SP-Webpage_Background.jpg","contentUrl":"https:\/\/www.capgemini.com\/fr-fr\/wp-content\/uploads\/sites\/6\/2023\/11\/Hyper-personalization_SP-Webpage_Background.jpg","width":2880,"height":1800},{"@type":"BreadcrumbList","@id":"https:\/\/www.capgemini.com\/fr-fr\/solutions\/hyper-personalization-for-financial-services\/#breadcrumb","itemListElement":[{"@type":"ListItem","position":1,"name":"Solutions","item":"https:\/\/www.capgemini.com\/fr-fr\/solutions\/"},{"@type":"ListItem","position":2,"name":"L&#8217;hyper-personnalisation des services financiers"}]},{"@type":"WebSite","@id":"https:\/\/www.capgemini.com\/fr-fr\/#website","url":"https:\/\/www.capgemini.com\/fr-fr\/","name":"Capgemini France","description":"Just another www.capgemini.com site","publisher":{"@id":"https:\/\/www.capgemini.com\/fr-fr\/#organization"},"potentialAction":[{"@type":"SearchAction","target":{"@type":"EntryPoint","urlTemplate":"https:\/\/www.capgemini.com\/fr-fr\/?s={search_term_string}"},"query-input":"required name=search_term_string"}],"inLanguage":"fr-FR"},{"@type":"Organization","@id":"https:\/\/www.capgemini.com\/fr-fr\/#organization","name":"Capgemini France","url":"https:\/\/www.capgemini.com\/fr-fr\/","logo":{"@type":"ImageObject","inLanguage":"fr-FR","@id":"https:\/\/www.capgemini.com\/fr-fr\/#\/schema\/logo\/image\/","url":"https:\/\/www.capgemini.com\/fr-fr\/wp-content\/uploads\/sites\/6\/2022\/08\/Logo-Capgemini.png","contentUrl":"https:\/\/www.capgemini.com\/fr-fr\/wp-content\/uploads\/sites\/6\/2022\/08\/Logo-Capgemini.png","width":202,"height":60,"caption":"Capgemini France"},"image":{"@id":"https:\/\/www.capgemini.com\/fr-fr\/#\/schema\/logo\/image\/"}}]}},"brand_term":[],"parsely":{"version":"1.1.0","canonical_url":"https:\/\/capgemini.com\/fr-fr\/solutions\/hyper-personalization-for-financial-services\/","smart_links":{"inbound":0,"outbound":0},"traffic_boost_suggestions_count":0,"meta":{"@context":"https:\/\/schema.org","@type":"WebPage","headline":"L&#8217;hyper-personnalisation des services financiers","url":"https:\/\/www.capgemini.com\/fr-fr\/solutions\/hyper-personalization-for-financial-services\/","mainEntityOfPage":{"@type":"WebPage","@id":"https:\/\/www.capgemini.com\/fr-fr\/solutions\/hyper-personalization-for-financial-services\/"},"thumbnailUrl":"https:\/\/www.capgemini.com\/fr-fr\/wp-content\/uploads\/sites\/6\/2023\/11\/Hyper-personalization_SP-Webpage_Background.jpg?w=150&h=150&crop=1","image":{"@type":"ImageObject","url":"https:\/\/www.capgemini.com\/fr-fr\/wp-content\/uploads\/sites\/6\/2023\/11\/Hyper-personalization_SP-Webpage_Background.jpg"},"articleSection":"Uncategorized","author":[],"creator":[],"publisher":{"@type":"Organization","name":"Capgemini France","logo":""},"keywords":[],"dateCreated":"2023-11-03T15:11:34Z","datePublished":"2023-11-03T15:11:34Z","dateModified":"2025-03-04T07:09:09Z"},"rendered":"<meta name=\"parsely-title\" content=\"L&#8217;hyper-personnalisation des services financiers\" \/>\n<meta name=\"parsely-link\" content=\"https:\/\/www.capgemini.com\/fr-fr\/solutions\/hyper-personalization-for-financial-services\/\" \/>\n<meta name=\"parsely-type\" content=\"index\" \/>\n<meta name=\"parsely-image-url\" content=\"https:\/\/www.capgemini.com\/fr-fr\/wp-content\/uploads\/sites\/6\/2023\/11\/Hyper-personalization_SP-Webpage_Background.jpg?w=150&amp;h=150&amp;crop=1\" \/>\n<meta name=\"parsely-pub-date\" content=\"2023-11-03T15:11:34Z\" \/>\n<meta name=\"parsely-section\" content=\"Uncategorized\" \/>","tracker_url":"https:\/\/cdn.parsely.com\/keys\/capgemini.com\/p.js"},"archive_status":false,"featured_image_src":"https:\/\/www.capgemini.com\/fr-fr\/wp-content\/uploads\/sites\/6\/2023\/11\/Hyper-personalization_SP-Webpage_Background.jpg","featured_image_alt":"","jetpack-related-posts":[],"jetpack_sharing_enabled":true,"distributor_meta":false,"distributor_terms":false,"distributor_media":false,"distributor_original_site_name":"Capgemini France","distributor_original_site_url":"https:\/\/www.capgemini.com\/fr-fr","push-errors":false,"_links":{"self":[{"href":"https:\/\/www.capgemini.com\/fr-fr\/wp-json\/wp\/v2\/pages\/734705","targetHints":{"allow":["GET"]}}],"collection":[{"href":"https:\/\/www.capgemini.com\/fr-fr\/wp-json\/wp\/v2\/pages"}],"about":[{"href":"https:\/\/www.capgemini.com\/fr-fr\/wp-json\/wp\/v2\/types\/page"}],"author":[{"embeddable":true,"href":"https:\/\/www.capgemini.com\/fr-fr\/wp-json\/wp\/v2\/users\/33"}],"replies":[{"embeddable":true,"href":"https:\/\/www.capgemini.com\/fr-fr\/wp-json\/wp\/v2\/comments?post=734705"}],"version-history":[{"count":5,"href":"https:\/\/www.capgemini.com\/fr-fr\/wp-json\/wp\/v2\/pages\/734705\/revisions"}],"predecessor-version":[{"id":776941,"href":"https:\/\/www.capgemini.com\/fr-fr\/wp-json\/wp\/v2\/pages\/734705\/revisions\/776941"}],"up":[{"embeddable":true,"href":"https:\/\/www.capgemini.com\/fr-fr\/wp-json\/wp\/v2\/pages\/691760"}],"wp:featuredmedia":[{"embeddable":true,"href":"https:\/\/www.capgemini.com\/fr-fr\/wp-json\/wp\/v2\/media\/734706"}],"wp:attachment":[{"href":"https:\/\/www.capgemini.com\/fr-fr\/wp-json\/wp\/v2\/media?parent=734705"}],"wp:term":[{"taxonomy":"brand","embeddable":true,"href":"https:\/\/www.capgemini.com\/fr-fr\/wp-json\/wp\/v2\/brand?post=734705"},{"taxonomy":"partner_type","embeddable":true,"href":"https:\/\/www.capgemini.com\/fr-fr\/wp-json\/wp\/v2\/partner_type?post=734705"},{"taxonomy":"service","embeddable":true,"href":"https:\/\/www.capgemini.com\/fr-fr\/wp-json\/wp\/v2\/service?post=734705"},{"taxonomy":"industry","embeddable":true,"href":"https:\/\/www.capgemini.com\/fr-fr\/wp-json\/wp\/v2\/industry?post=734705"},{"taxonomy":"partners","embeddable":true,"href":"https:\/\/www.capgemini.com\/fr-fr\/wp-json\/wp\/v2\/partners?post=734705"},{"taxonomy":"page-type","embeddable":true,"href":"https:\/\/www.capgemini.com\/fr-fr\/wp-json\/wp\/v2\/page-type?post=734705"},{"taxonomy":"content-group","embeddable":true,"href":"https:\/\/www.capgemini.com\/fr-fr\/wp-json\/wp\/v2\/content-group?post=734705"}],"curies":[{"name":"wp","href":"https:\/\/api.w.org\/{rel}","templated":true}]}}