{"id":734688,"date":"2023-11-03T16:00:29","date_gmt":"2023-11-03T15:00:29","guid":{"rendered":"https:\/\/www.capgemini.com\/fr-fr\/?page_id=734688&#038;preview_id=734688"},"modified":"2025-03-04T08:09:29","modified_gmt":"2025-03-04T07:09:29","slug":"intelligent-property-solutions","status":"publish","type":"page","link":"https:\/\/www.capgemini.com\/fr-fr\/solutions\/intelligent-property-solutions\/","title":{"rendered":"Intelligent property solutions"},"content":{"rendered":"\n<header class=\"wp-block-cg-blocks-hero-reusable header heroReusable  \"><div class=\"header-bgs\"><picture><source srcset=\"https:\/\/www.capgemini.com\/wp-content\/uploads\/2023\/03\/Intelligent_Property_Solutions-Webpage_Background.jpg?w=2880&amp;quality=70 1x, https:\/\/www.capgemini.com\/wp-content\/uploads\/2023\/03\/Intelligent_Property_Solutions-Webpage_Background.jpg?w=2880&amp;quality=70 2x\" media=\"(min-width: 1500px)\"\/><source srcset=\"https:\/\/www.capgemini.com\/wp-content\/uploads\/2023\/03\/Intelligent_Property_Solutions-Webpage_Background.jpg?w=1440&amp;quality=70 1x, https:\/\/www.capgemini.com\/wp-content\/uploads\/2023\/03\/Intelligent_Property_Solutions-Webpage_Background.jpg?w=2880&amp;quality=70 2x\" media=\"(min-width: 992px)\"\/><source srcset=\"https:\/\/www.capgemini.com\/wp-content\/uploads\/2023\/03\/Intelligent_Property_Solutions-Webpage_Background.jpg?w=1024&amp;quality=70 1x, https:\/\/www.capgemini.com\/wp-content\/uploads\/2023\/03\/Intelligent_Property_Solutions-Webpage_Background.jpg?w=1024&amp;quality=70 2x\" media=\"(min-width: 768px)\"\/><source srcset=\"https:\/\/www.capgemini.com\/wp-content\/uploads\/2023\/03\/Intelligent_Property_Solutions-Webpage_Background.jpg?w=768&amp;quality=70 1x, https:\/\/www.capgemini.com\/wp-content\/uploads\/2023\/03\/Intelligent_Property_Solutions-Webpage_Background.jpg?w=768&amp;quality=70 2x\" media=\"(min-width: 0)\"\/><img decoding=\"async\" src=\"https:\/\/www.capgemini.com\/wp-content\/uploads\/2023\/03\/Intelligent_Property_Solutions-Webpage_Background.jpg\" class=\"header-img header-img-d\" alt=\"\" style=\"object-fit:cover;object-position:50% 50%\" loading=\"eager\"\/><\/picture><\/div><div class=\"heroPictureCardHeaderShape\"><\/div><div class=\"container\"><div class=\"row\"><div class=\"col-md-12\"><div class=\"box\"><div class=\"boxTagWrapper\"><div class=\"tagInfo\"><div><span class=\"box-tag\">Solution<\/span><\/div><\/div><\/div><div class=\"box-title\"><h1 data-maxlength=\"34\">Intelligent Property Solutions<\/h1><\/div><div class=\"inner-row-insight download-btn\"><\/div><\/div><\/div><\/div><\/div><\/header>\n\n\n\n<section class=\"wp-block-cg-blocks-group undefined section section--article-content\"><div class=\"article-main-content\"><div class=\"container\"><div class=\"row\"><div class=\"col-12 col-md-1\"><nav class=\"article-social\"><ul class=\"social-nav\"><li class=\"ip-order-fb\"><a href=\"https:\/\/www.facebook.com\/sharer\/sharer.php?u=https:\/\/www.capgemini.com\/?page_id=873129&amp;preview_id=873129\" target=\"_blank\" rel=\"noopener noreferrer\" title=\"Ouvrir dans une nouvelle fen\u00eatre\"><i aria-hidden=\"true\" class=\"icon-fb\"><\/i><span class=\"sr-only\">Facebook<\/span><\/a><\/li><li class=\"ip-order-tw\"><a href=\"https:\/\/twitter.com\/intent\/tweet?url=https:\/\/www.capgemini.com\/?page_id=873129&amp;preview_id=873129&amp;text=Intelligent%20property%20solutions\" target=\"_blank\" rel=\"noopener noreferrer\" title=\"Ouvrir dans une nouvelle fen\u00eatre\"><i aria-hidden=\"true\" class=\"icon-tw\"><\/i><span class=\"sr-only\">Twitter<\/span><\/a><\/li><li class=\"ip-order-li\"><a href=\"https:\/\/www.linkedin.com\/shareArticle?url=https:\/\/www.capgemini.com\/?page_id=873129&amp;preview_id=873129&amp;text=Intelligent%20property%20solutions\" target=\"_blank\" rel=\"noopener noreferrer\" title=\"Ouvrir dans une nouvelle fen\u00eatre\"><i aria-hidden=\"true\" class=\"icon-li\"><\/i><span class=\"sr-only\">Linkedin<\/span><\/a><\/li><\/ul><\/nav><\/div><div class=\"col-12 col-md-11 col-lg-10\"><div class=\"article-text article-quote-text\">\n<h3 class=\"wp-block-heading\" id=\"h-reduire-les-risques-immobiliers-grace-a-des-mesures-relatives-au-changement-climatique-et-au-developpement-durable-tout-en-reduisant-les-couts\">R\u00e9duire les risques immobiliers gr\u00e2ce \u00e0 des mesures relatives au changement climatique et au d\u00e9veloppement durable, tout en r\u00e9duisant les co\u00fbts.<\/h3>\n\n\n\n<figure class=\"wp-block-image alignright size-full is-resized\"><img decoding=\"async\" src=\"https:\/\/www.capgemini.com\/wp-content\/uploads\/2023\/03\/Intelligent_Property_Solutions-Document_Thumbnail.jpg\" alt=\"\" class=\"wp-image-873136\" style=\"width:200px;height:636px\"\/><\/figure>\n\n\n\n<p>La sinistralit\u00e9 des risques secondaires &#8211; notamment les incendies de for\u00eat, les temp\u00eates de pluie et les inondations &#8211; s&#8217;est d\u00e9t\u00e9rior\u00e9e depuis des ann\u00e9es et cette tendance se poursuivra avec une fr\u00e9quence et une gravit\u00e9 accrues des sinistres en raison de l&#8217;augmentation des risques climatiques et de la lenteur de l&#8217;adoption de pratiques de d\u00e9veloppement durable.<\/p>\n\n\n\n<p>Le World Insurance Report 2022 de Capgemini souligne que seuls 35% des assureurs ont adopt\u00e9 des outils d&#8217;analyse de donn\u00e9es avanc\u00e9s tels que des mod\u00e8les de tarification et de risque bas\u00e9s sur l&#8217;apprentissage automatique. Les champions de la r\u00e9silience &#8211; seulement 8% des assureurs &#8211; acc\u00e8dent \u00e0 plus de six sources de donn\u00e9es, notamment des donn\u00e9es satellitaires, des capteurs \u00e0 distance, des stations m\u00e9t\u00e9orologiques, des donn\u00e9es g\u00e9ographiques, des donn\u00e9es issues des r\u00e9seaux sociaux, des mod\u00e8les ESG et des niveaux d&#8217;eau.<\/p>\n\n\n\n<h4 class=\"wp-block-heading\">65% des assureurs n&#8217;utilisent pas d&#8217;outils avanc\u00e9s d&#8217;analyse des donn\u00e9es<\/h4>\n\n\n\n<p>Des outils et des technologies innovants peuvent aider les assureurs \u00e0 \u00e9tablir le profil des risques avec des d\u00e9tails plus pr\u00e9cis, notamment des mesures \u00e9cologiques, une meilleure pr\u00e9visibilit\u00e9 des pertes et une \u00e9valuation pr\u00e9cise et en temps voulu des biens. En outre, la centralisation de toutes les informations sur les sites, avec les biens actuellement assur\u00e9s et les informations historiques, permet \u00e0 l&#8217;assureur d&#8217;avoir une vue d&#8217;ensemble du portefeuille et de prendre de meilleures d\u00e9cisions en mati\u00e8re de comptabilit\u00e9.<\/p>\n\n\n\n<p>Notre solution propri\u00e9taire Intelligent Property Solution offre une approche diff\u00e9renci\u00e9e de l&#8217;immobilier durable, aliment\u00e9e par des donn\u00e9es curat\u00e9es et des informations pilot\u00e9es par les donn\u00e9es et exploitables. Obtenez des r\u00e9sultats gr\u00e2ce \u00e0 la durabilit\u00e9, \u00e0 la gestion des risques et aux avantages op\u00e9rationnels qui permettent :<\/p>\n\n\n\n<p><strong>Des revenus rentables<\/strong><\/p>\n\n\n\n<ul class=\"wp-block-list\">\n<li>La r\u00e9duction des d\u00e9lais de souscription jusqu&#8217;\u00e0 25%.<\/li>\n\n\n\n<li>L&#8217;augmentation de la pr\u00e9cision de la s\u00e9lection des risques et de la tarification jusqu&#8217;\u00e0 20% gr\u00e2ce \u00e0 l&#8217;enrichissement des donn\u00e9es externes, au pr\u00e9-remplissage et au profilage.<\/li>\n<\/ul>\n\n\n\n<p><strong>La r\u00e9duction des d\u00e9penses<\/strong><\/p>\n\n\n\n<ul class=\"wp-block-list\">\n<li>La r\u00e9duction des d\u00e9penses de souscription jusqu&#8217;\u00e0 15% gr\u00e2ce \u00e0 l&#8217;optimisation des inspections de sites par l&#8217;\u00e9tablissement de priorit\u00e9s \u00e0 l&#8217;aide du pr\u00e9remplissage et de l&#8217;\u00e9valuation granulaire des risques.<\/li>\n<\/ul>\n\n\n\n<p><strong>Une efficacit\u00e9 accrue<\/strong><\/p>\n\n\n\n<ul class=\"wp-block-list\">\n<li>Par l&#8217;am\u00e9lioration de l&#8217;efficacit\u00e9 op\u00e9rationnelle jusqu&#8217;\u00e0 30% gr\u00e2ce \u00e0 la r\u00e9duction des d\u00e9lais de souscription et \u00e0 des mesures de risque qualifi\u00e9es.<\/li>\n<\/ul>\n\n\n\n<p><strong>L&#8217;\u00e9vitement des co\u00fbts<\/strong><\/p>\n\n\n\n<ul class=\"wp-block-list\">\n<li>\u00c9viter des co\u00fbts allant jusqu&#8217;\u00e0 40% en utilisant la plateforme de donn\u00e9es sur le d\u00e9veloppement durable<\/li>\n\n\n\n<li>\u00c9liminez les co\u00fbts de d\u00e9veloppement jusqu&#8217;\u00e0 60% gr\u00e2ce \u00e0 des acc\u00e9l\u00e9rateurs pr\u00e9construits, des applications pr\u00eates \u00e0 \u00eatre d\u00e9ploy\u00e9es et des mod\u00e8les.<\/li>\n<\/ul>\n\n\n\n<p>Nous vous aiderons \u00e0 r\u00e9duire les fuites de primes, \u00e0 accro\u00eetre la pr\u00e9cision de la s\u00e9lection et du profilage des risques, \u00e0 r\u00e9duire les lacunes en mati\u00e8re de protection et \u00e0 accro\u00eetre rapidement l&#8217;innovation en mati\u00e8re de produits. <\/p>\n\n\n\n<p>Les mod\u00e8les personnalisables pilot\u00e9s par l&#8217;API de notre plateforme, le prototypage et l&#8217;int\u00e9gration rapides, l&#8217;\u00e9cosyst\u00e8me d&#8217;enrichissement des donn\u00e9es et l&#8217;int\u00e9gration ais\u00e9e des flux de travail nous permettent de donner vie \u00e0 votre cas d&#8217;utilisation en seulement 16 \u00e0 22 semaines.<\/p>\n\n\n\n<div class=\"wp-block-buttons is-layout-flex wp-block-buttons-is-layout-flex\">\n<div class=\"wp-block-button is-style-outline is-style-outline--1\"><a class=\"wp-block-button__link wp-element-button\" href=\"https:\/\/go.capgemini.com\/capgemini-intelligent-property-solutions\" target=\"_blank\" rel=\"noreferrer noopener\">T\u00e9l\u00e9chargez<\/a><\/div>\n<\/div>\n<\/div><\/div><\/div><\/div><\/div><\/section>\n\n\n\n<p><\/p>\n","protected":false},"excerpt":{"rendered":"<p>R\u00e9duire les risques immobiliers gr\u00e2ce \u00e0 des mesures relatives au changement climatique et au d\u00e9veloppement durable, tout en r\u00e9duisant les co\u00fbts.<\/p>\n","protected":false},"author":151,"featured_media":734689,"parent":691760,"menu_order":0,"comment_status":"closed","ping_status":"closed","template":"","meta":{"cg_dt_proposed_to":[21],"cg_seo_hreflang_relations":"[]","cg_seo_canonical_relation":"{\"uuid\":\"5682f0fe-9d3e-476f-8f36-505b3fa727b1\",\"blogId\":\"\",\"domain\":\"\",\"sitePath\":\"\",\"postLink\":\"\",\"postId\":null,\"isSaved\":true,\"isCrossLink\":false,\"hasCrossLink\":false}","cg_seo_hreflang_x_default_relation":"{\"uuid\":\"785c0c1c-b8e4-4bf1-a20a-90b1243ac344\",\"blogId\":\"\",\"domain\":\"\",\"sitePath\":\"\",\"postLink\":\"\",\"postId\":null,\"isSaved\":true,\"isCrossLink\":false,\"hasCrossLink\":false}","cg_dt_approved_content":true,"cg_dt_mandatory_content":false,"cg_dt_notes":"","cg_dg_source_changed":true,"cg_dt_link_disabled":true,"_yoast_wpseo_primary_brand":"","footnotes":"","featured_focal_points":"","partner_card_description":"","gsap_animation":0},"brand":[],"partner_type":[],"service":[49],"industry":[70,27],"partners":[],"page-type":[270],"content-group":[],"class_list":["post-734688","page","type-page","status-publish","has-post-thumbnail","hentry","service-ia-data","industry-assurance","industry-banques","page-type-solutions"],"yoast_head":"<!-- This site is optimized with the Yoast SEO Premium plugin v22.8 (Yoast SEO v22.8) - https:\/\/yoast.com\/wordpress\/plugins\/seo\/ -->\n<title>Intelligent property solutions - Capgemini France<\/title>\n<meta name=\"description\" content=\"R\u00e9duire les risques immobiliers gr\u00e2ce \u00e0 des mesures relatives au changement climatique et au d\u00e9veloppement durable, tout en r\u00e9duisant les co\u00fbts.\" \/>\n<meta name=\"robots\" content=\"index, follow, max-snippet:-1, max-image-preview:large, max-video-preview:-1\" \/>\n<link rel=\"canonical\" href=\"https:\/\/www.capgemini.com\/fr-fr\/solutions\/intelligent-property-solutions\/\" \/>\n<meta property=\"og:locale\" content=\"fr_FR\" \/>\n<meta property=\"og:type\" content=\"article\" \/>\n<meta property=\"og:title\" content=\"Intelligent property solutions\" \/>\n<meta property=\"og:description\" content=\"R\u00e9duire les risques immobiliers gr\u00e2ce \u00e0 des mesures relatives au changement climatique et au d\u00e9veloppement durable, tout en r\u00e9duisant les co\u00fbts.\" \/>\n<meta property=\"og:url\" content=\"https:\/\/www.capgemini.com\/fr-fr\/solutions\/intelligent-property-solutions\/\" \/>\n<meta property=\"og:site_name\" content=\"Capgemini France\" \/>\n<meta property=\"article:modified_time\" content=\"2025-03-04T07:09:29+00:00\" \/>\n<meta property=\"og:image\" content=\"https:\/\/www.capgemini.com\/fr-fr\/wp-content\/uploads\/sites\/6\/2023\/11\/2023-FR-Webpreview-Intelligent-Property-Solution.jpg\" \/>\n\t<meta property=\"og:image:width\" content=\"1200\" \/>\n\t<meta property=\"og:image:height\" content=\"630\" \/>\n\t<meta property=\"og:image:type\" content=\"image\/jpeg\" \/>\n<meta name=\"twitter:card\" content=\"summary_large_image\" \/>\n<meta name=\"twitter:label1\" content=\"Est. reading time\" \/>\n\t<meta name=\"twitter:data1\" content=\"4 minutes\" \/>\n<script type=\"application\/ld+json\" class=\"yoast-schema-graph\">{\"@context\":\"https:\/\/schema.org\",\"@graph\":[{\"@type\":\"WebPage\",\"@id\":\"https:\/\/www.capgemini.com\/fr-fr\/solutions\/intelligent-property-solutions\/\",\"url\":\"https:\/\/www.capgemini.com\/fr-fr\/solutions\/intelligent-property-solutions\/\",\"name\":\"Intelligent property solutions - Capgemini France\",\"isPartOf\":{\"@id\":\"https:\/\/www.capgemini.com\/fr-fr\/#website\"},\"primaryImageOfPage\":{\"@id\":\"https:\/\/www.capgemini.com\/fr-fr\/solutions\/intelligent-property-solutions\/#primaryimage\"},\"image\":{\"@id\":\"https:\/\/www.capgemini.com\/fr-fr\/solutions\/intelligent-property-solutions\/#primaryimage\"},\"thumbnailUrl\":\"https:\/\/www.capgemini.com\/fr-fr\/wp-content\/uploads\/sites\/6\/2023\/11\/Intelligent_Property_Solutions-Webpage_Background.jpg\",\"datePublished\":\"2023-11-03T15:00:29+00:00\",\"dateModified\":\"2025-03-04T07:09:29+00:00\",\"description\":\"R\u00e9duire les risques immobiliers gr\u00e2ce \u00e0 des mesures relatives au changement climatique et au d\u00e9veloppement durable, tout en r\u00e9duisant les co\u00fbts.\",\"breadcrumb\":{\"@id\":\"https:\/\/www.capgemini.com\/fr-fr\/solutions\/intelligent-property-solutions\/#breadcrumb\"},\"inLanguage\":\"fr-FR\",\"potentialAction\":[{\"@type\":\"ReadAction\",\"target\":[\"https:\/\/www.capgemini.com\/fr-fr\/solutions\/intelligent-property-solutions\/\"]}]},{\"@type\":\"ImageObject\",\"inLanguage\":\"fr-FR\",\"@id\":\"https:\/\/www.capgemini.com\/fr-fr\/solutions\/intelligent-property-solutions\/#primaryimage\",\"url\":\"https:\/\/www.capgemini.com\/fr-fr\/wp-content\/uploads\/sites\/6\/2023\/11\/Intelligent_Property_Solutions-Webpage_Background.jpg\",\"contentUrl\":\"https:\/\/www.capgemini.com\/fr-fr\/wp-content\/uploads\/sites\/6\/2023\/11\/Intelligent_Property_Solutions-Webpage_Background.jpg\",\"width\":2880,\"height\":1800,\"caption\":\"Empty road at building exterior\"},{\"@type\":\"BreadcrumbList\",\"@id\":\"https:\/\/www.capgemini.com\/fr-fr\/solutions\/intelligent-property-solutions\/#breadcrumb\",\"itemListElement\":[{\"@type\":\"ListItem\",\"position\":1,\"name\":\"Solutions\",\"item\":\"https:\/\/www.capgemini.com\/fr-fr\/solutions\/\"},{\"@type\":\"ListItem\",\"position\":2,\"name\":\"Intelligent property solutions\"}]},{\"@type\":\"WebSite\",\"@id\":\"https:\/\/www.capgemini.com\/fr-fr\/#website\",\"url\":\"https:\/\/www.capgemini.com\/fr-fr\/\",\"name\":\"Capgemini France\",\"description\":\"Just another www.capgemini.com site\",\"publisher\":{\"@id\":\"https:\/\/www.capgemini.com\/fr-fr\/#organization\"},\"potentialAction\":[{\"@type\":\"SearchAction\",\"target\":{\"@type\":\"EntryPoint\",\"urlTemplate\":\"https:\/\/www.capgemini.com\/fr-fr\/?s={search_term_string}\"},\"query-input\":\"required name=search_term_string\"}],\"inLanguage\":\"fr-FR\"},{\"@type\":\"Organization\",\"@id\":\"https:\/\/www.capgemini.com\/fr-fr\/#organization\",\"name\":\"Capgemini France\",\"url\":\"https:\/\/www.capgemini.com\/fr-fr\/\",\"logo\":{\"@type\":\"ImageObject\",\"inLanguage\":\"fr-FR\",\"@id\":\"https:\/\/www.capgemini.com\/fr-fr\/#\/schema\/logo\/image\/\",\"url\":\"https:\/\/www.capgemini.com\/fr-fr\/wp-content\/uploads\/sites\/6\/2022\/08\/Logo-Capgemini.png\",\"contentUrl\":\"https:\/\/www.capgemini.com\/fr-fr\/wp-content\/uploads\/sites\/6\/2022\/08\/Logo-Capgemini.png\",\"width\":202,\"height\":60,\"caption\":\"Capgemini France\"},\"image\":{\"@id\":\"https:\/\/www.capgemini.com\/fr-fr\/#\/schema\/logo\/image\/\"}}]}<\/script>\n<!-- \/ Yoast SEO Premium plugin. -->","yoast_head_json":{"title":"Intelligent property solutions - Capgemini France","description":"R\u00e9duire les risques immobiliers gr\u00e2ce \u00e0 des mesures relatives au changement climatique et au d\u00e9veloppement durable, tout en r\u00e9duisant les co\u00fbts.","robots":{"index":"index","follow":"follow","max-snippet":"max-snippet:-1","max-image-preview":"max-image-preview:large","max-video-preview":"max-video-preview:-1"},"canonical":"https:\/\/www.capgemini.com\/fr-fr\/solutions\/intelligent-property-solutions\/","og_locale":"fr_FR","og_type":"article","og_title":"Intelligent property solutions","og_description":"R\u00e9duire les risques immobiliers gr\u00e2ce \u00e0 des mesures relatives au changement climatique et au d\u00e9veloppement durable, tout en r\u00e9duisant les co\u00fbts.","og_url":"https:\/\/www.capgemini.com\/fr-fr\/solutions\/intelligent-property-solutions\/","og_site_name":"Capgemini France","article_modified_time":"2025-03-04T07:09:29+00:00","og_image":[{"width":1200,"height":630,"url":"https:\/\/www.capgemini.com\/fr-fr\/wp-content\/uploads\/sites\/6\/2023\/11\/2023-FR-Webpreview-Intelligent-Property-Solution.jpg","type":"image\/jpeg"}],"twitter_card":"summary_large_image","twitter_misc":{"Est. reading time":"4 minutes"},"schema":{"@context":"https:\/\/schema.org","@graph":[{"@type":"WebPage","@id":"https:\/\/www.capgemini.com\/fr-fr\/solutions\/intelligent-property-solutions\/","url":"https:\/\/www.capgemini.com\/fr-fr\/solutions\/intelligent-property-solutions\/","name":"Intelligent property solutions - Capgemini France","isPartOf":{"@id":"https:\/\/www.capgemini.com\/fr-fr\/#website"},"primaryImageOfPage":{"@id":"https:\/\/www.capgemini.com\/fr-fr\/solutions\/intelligent-property-solutions\/#primaryimage"},"image":{"@id":"https:\/\/www.capgemini.com\/fr-fr\/solutions\/intelligent-property-solutions\/#primaryimage"},"thumbnailUrl":"https:\/\/www.capgemini.com\/fr-fr\/wp-content\/uploads\/sites\/6\/2023\/11\/Intelligent_Property_Solutions-Webpage_Background.jpg","datePublished":"2023-11-03T15:00:29+00:00","dateModified":"2025-03-04T07:09:29+00:00","description":"R\u00e9duire les risques immobiliers gr\u00e2ce \u00e0 des mesures relatives au changement climatique et au d\u00e9veloppement durable, tout en r\u00e9duisant les co\u00fbts.","breadcrumb":{"@id":"https:\/\/www.capgemini.com\/fr-fr\/solutions\/intelligent-property-solutions\/#breadcrumb"},"inLanguage":"fr-FR","potentialAction":[{"@type":"ReadAction","target":["https:\/\/www.capgemini.com\/fr-fr\/solutions\/intelligent-property-solutions\/"]}]},{"@type":"ImageObject","inLanguage":"fr-FR","@id":"https:\/\/www.capgemini.com\/fr-fr\/solutions\/intelligent-property-solutions\/#primaryimage","url":"https:\/\/www.capgemini.com\/fr-fr\/wp-content\/uploads\/sites\/6\/2023\/11\/Intelligent_Property_Solutions-Webpage_Background.jpg","contentUrl":"https:\/\/www.capgemini.com\/fr-fr\/wp-content\/uploads\/sites\/6\/2023\/11\/Intelligent_Property_Solutions-Webpage_Background.jpg","width":2880,"height":1800,"caption":"Empty road at building exterior"},{"@type":"BreadcrumbList","@id":"https:\/\/www.capgemini.com\/fr-fr\/solutions\/intelligent-property-solutions\/#breadcrumb","itemListElement":[{"@type":"ListItem","position":1,"name":"Solutions","item":"https:\/\/www.capgemini.com\/fr-fr\/solutions\/"},{"@type":"ListItem","position":2,"name":"Intelligent property solutions"}]},{"@type":"WebSite","@id":"https:\/\/www.capgemini.com\/fr-fr\/#website","url":"https:\/\/www.capgemini.com\/fr-fr\/","name":"Capgemini France","description":"Just another www.capgemini.com site","publisher":{"@id":"https:\/\/www.capgemini.com\/fr-fr\/#organization"},"potentialAction":[{"@type":"SearchAction","target":{"@type":"EntryPoint","urlTemplate":"https:\/\/www.capgemini.com\/fr-fr\/?s={search_term_string}"},"query-input":"required name=search_term_string"}],"inLanguage":"fr-FR"},{"@type":"Organization","@id":"https:\/\/www.capgemini.com\/fr-fr\/#organization","name":"Capgemini France","url":"https:\/\/www.capgemini.com\/fr-fr\/","logo":{"@type":"ImageObject","inLanguage":"fr-FR","@id":"https:\/\/www.capgemini.com\/fr-fr\/#\/schema\/logo\/image\/","url":"https:\/\/www.capgemini.com\/fr-fr\/wp-content\/uploads\/sites\/6\/2022\/08\/Logo-Capgemini.png","contentUrl":"https:\/\/www.capgemini.com\/fr-fr\/wp-content\/uploads\/sites\/6\/2022\/08\/Logo-Capgemini.png","width":202,"height":60,"caption":"Capgemini France"},"image":{"@id":"https:\/\/www.capgemini.com\/fr-fr\/#\/schema\/logo\/image\/"}}]}},"brand_term":[],"parsely":{"version":"1.1.0","canonical_url":"https:\/\/capgemini.com\/fr-fr\/solutions\/intelligent-property-solutions\/","smart_links":{"inbound":0,"outbound":0},"traffic_boost_suggestions_count":0,"meta":{"@context":"https:\/\/schema.org","@type":"WebPage","headline":"Intelligent property solutions","url":"https:\/\/www.capgemini.com\/fr-fr\/solutions\/intelligent-property-solutions\/","mainEntityOfPage":{"@type":"WebPage","@id":"https:\/\/www.capgemini.com\/fr-fr\/solutions\/intelligent-property-solutions\/"},"thumbnailUrl":"https:\/\/www.capgemini.com\/fr-fr\/wp-content\/uploads\/sites\/6\/2023\/11\/Intelligent_Property_Solutions-Webpage_Background.jpg?w=150&h=150&crop=1","image":{"@type":"ImageObject","url":"https:\/\/www.capgemini.com\/fr-fr\/wp-content\/uploads\/sites\/6\/2023\/11\/Intelligent_Property_Solutions-Webpage_Background.jpg"},"articleSection":"Uncategorized","author":[],"creator":[],"publisher":{"@type":"Organization","name":"Capgemini France","logo":""},"keywords":[],"dateCreated":"2023-11-03T15:00:29Z","datePublished":"2023-11-03T15:00:29Z","dateModified":"2025-03-04T07:09:29Z"},"rendered":"<meta name=\"parsely-title\" content=\"Intelligent property solutions\" \/>\n<meta name=\"parsely-link\" content=\"https:\/\/www.capgemini.com\/fr-fr\/solutions\/intelligent-property-solutions\/\" \/>\n<meta name=\"parsely-type\" content=\"index\" \/>\n<meta name=\"parsely-image-url\" content=\"https:\/\/www.capgemini.com\/fr-fr\/wp-content\/uploads\/sites\/6\/2023\/11\/Intelligent_Property_Solutions-Webpage_Background.jpg?w=150&amp;h=150&amp;crop=1\" \/>\n<meta name=\"parsely-pub-date\" content=\"2023-11-03T15:00:29Z\" \/>\n<meta name=\"parsely-section\" content=\"Uncategorized\" \/>","tracker_url":"https:\/\/cdn.parsely.com\/keys\/capgemini.com\/p.js"},"archive_status":false,"featured_image_src":"https:\/\/www.capgemini.com\/fr-fr\/wp-content\/uploads\/sites\/6\/2023\/11\/Intelligent_Property_Solutions-Webpage_Background.jpg","featured_image_alt":"","jetpack-related-posts":[],"jetpack_sharing_enabled":true,"distributor_meta":false,"distributor_terms":false,"distributor_media":false,"distributor_original_site_name":"Capgemini France","distributor_original_site_url":"https:\/\/www.capgemini.com\/fr-fr","push-errors":false,"_links":{"self":[{"href":"https:\/\/www.capgemini.com\/fr-fr\/wp-json\/wp\/v2\/pages\/734688","targetHints":{"allow":["GET"]}}],"collection":[{"href":"https:\/\/www.capgemini.com\/fr-fr\/wp-json\/wp\/v2\/pages"}],"about":[{"href":"https:\/\/www.capgemini.com\/fr-fr\/wp-json\/wp\/v2\/types\/page"}],"author":[{"embeddable":true,"href":"https:\/\/www.capgemini.com\/fr-fr\/wp-json\/wp\/v2\/users\/151"}],"replies":[{"embeddable":true,"href":"https:\/\/www.capgemini.com\/fr-fr\/wp-json\/wp\/v2\/comments?post=734688"}],"version-history":[{"count":6,"href":"https:\/\/www.capgemini.com\/fr-fr\/wp-json\/wp\/v2\/pages\/734688\/revisions"}],"predecessor-version":[{"id":776943,"href":"https:\/\/www.capgemini.com\/fr-fr\/wp-json\/wp\/v2\/pages\/734688\/revisions\/776943"}],"up":[{"embeddable":true,"href":"https:\/\/www.capgemini.com\/fr-fr\/wp-json\/wp\/v2\/pages\/691760"}],"wp:featuredmedia":[{"embeddable":true,"href":"https:\/\/www.capgemini.com\/fr-fr\/wp-json\/wp\/v2\/media\/734689"}],"wp:attachment":[{"href":"https:\/\/www.capgemini.com\/fr-fr\/wp-json\/wp\/v2\/media?parent=734688"}],"wp:term":[{"taxonomy":"brand","embeddable":true,"href":"https:\/\/www.capgemini.com\/fr-fr\/wp-json\/wp\/v2\/brand?post=734688"},{"taxonomy":"partner_type","embeddable":true,"href":"https:\/\/www.capgemini.com\/fr-fr\/wp-json\/wp\/v2\/partner_type?post=734688"},{"taxonomy":"service","embeddable":true,"href":"https:\/\/www.capgemini.com\/fr-fr\/wp-json\/wp\/v2\/service?post=734688"},{"taxonomy":"industry","embeddable":true,"href":"https:\/\/www.capgemini.com\/fr-fr\/wp-json\/wp\/v2\/industry?post=734688"},{"taxonomy":"partners","embeddable":true,"href":"https:\/\/www.capgemini.com\/fr-fr\/wp-json\/wp\/v2\/partners?post=734688"},{"taxonomy":"page-type","embeddable":true,"href":"https:\/\/www.capgemini.com\/fr-fr\/wp-json\/wp\/v2\/page-type?post=734688"},{"taxonomy":"content-group","embeddable":true,"href":"https:\/\/www.capgemini.com\/fr-fr\/wp-json\/wp\/v2\/content-group?post=734688"}],"curies":[{"name":"wp","href":"https:\/\/api.w.org\/{rel}","templated":true}]}}