{"id":730496,"date":"2023-09-29T17:49:05","date_gmt":"2023-09-29T15:49:05","guid":{"rendered":"https:\/\/www.capgemini.com\/fr-fr\/?page_id=730496"},"modified":"2025-04-02T16:46:09","modified_gmt":"2025-04-02T14:46:09","slug":"cookie-policy","status":"publish","type":"page","link":"https:\/\/www.capgemini.com\/fr-fr\/cookie-policy\/","title":{"rendered":"Politique de Cookies"},"content":{"rendered":"\n<header class=\"wp-block-cg-blocks-hero-reusable is-style-blue-line header header--sub2 header--sub2b header--insights1  \"><div class=\"header-bgs\"><\/div><div class=\"heroPictureCardHeaderShape\"><\/div><div class=\"container\"><div class=\"row\"><div class=\"col-md-10 offset-md-1\"><div class=\"box\"><div class=\"box-title\"><h1 data-maxlength=\"34\"><font style=\"vertical-align: inherit;\"><font style=\"vertical-align: inherit;\">Politique de Cookies<\/font><\/font><\/h1><\/div><div class=\"inner-row-insight download-btn\"><\/div><\/div><\/div><\/div><\/div><\/header>\n\n\n\n<section class=\"wp-block-cg-blocks-group undefined section section--article-content\"><div class=\"article-main-content\"><div class=\"container\"><div class=\"row\"><div class=\"col-12 col-md-11 col-lg-10 offset-md-1 offset-lg-1\"><div class=\"article-text article-quote-text\">\n<h2>Veuillez consulter cette page, si vous souhaitez configurer vos <u><a onclick=\"truste.eu &amp;&amp; truste.eu.clickListener()\" href=\"#\">param\u00e8tres de cookies<\/a><\/u> \u00e0 la lumi\u00e8re des informations mentionn\u00e9es ci-dessous.<\/h2>\n<br>\n\n\n\n<h4 class=\"wp-block-heading\" id=\"h-qu-est-ce-qu-un-cookie\">Qu\u2019est-ce qu\u2019un cookie ?<\/h4>\n\n\n\n<p>Un cookie est un petit fichier texte qui est t\u00e9l\u00e9charg\u00e9 sur votre appareil lorsque vous acc\u00e9dez \u00e0 un site internet..<\/p>\n\n\n\n<h4 class=\"wp-block-heading\">Les cookies sont-ils tous identiques ?<\/h4>\n\n\n\n<p>Pas tout \u00e0 fait<\/p>\n\n\n\n<p>Les cookies peuvent \u00eatre diff\u00e9rents selon leur dur\u00e9e de vie ou leur provenance.<\/p>\n\n\n\n<ol class=\"wp-block-list\">\n<li>Il existe deux types de dur\u00e9e pour les cookies :<\/li>\n<\/ol>\n\n\n\n<ul class=\"wp-block-list\">\n<li>Les cookies de session, qui sont temporaires et ne seront conserv\u00e9s dans la m\u00e9moire de votre navigateur que lorsque celui-ci est ouvert. D\u00e8s que le navigateur est ferm\u00e9, le cookie sera supprim\u00e9 de votre historique.<\/li>\n\n\n\n<li>Les cookies persistants qui ont une date d\u2019expiration. Ces cookies ne sont pas supprim\u00e9s lorsque le navigateur est ferm\u00e9, mais le sont une fois la date d\u2019expiration atteinte. Ces dur\u00e9es sont fix\u00e9es en fonction de l\u2019objectif vis\u00e9 par les cookies. Vous pouvez \u00e9galement supprimer manuellement ces cookies.<\/li>\n<\/ul>\n\n\n\n<ol start=\"2\" class=\"wp-block-list\">\n<li>Les cookies peuvent provenir de diff\u00e9rentes sources :<\/li>\n<\/ol>\n\n\n\n<ul class=\"wp-block-list\">\n<li>Les cookies propri\u00e9taires sont cr\u00e9\u00e9s par le site internet que vous visitez.<\/li>\n\n\n\n<li>Les cookies tiers sont cr\u00e9\u00e9s par des fournisseurs tiers et plac\u00e9s par l\u2019\u00e9diteur du site internet \u00e0 des fins diff\u00e9rentes.<\/li>\n<\/ul>\n\n\n\n<p>Vous trouverez de plus amples informations concernant les cookies, notamment sur la mani\u00e8re de voir quels cookies ont \u00e9t\u00e9 plac\u00e9s sur votre appareil et sur la mani\u00e8re de les g\u00e9rer et de les supprimer, sur les sites&nbsp;<a href=\"https:\/\/www.youronlinechoices.com\/fr\">https:\/\/www.youronlinechoices.com\/fr<\/a>&nbsp;et&nbsp;<a href=\"http:\/\/www.aboutcookies.org\/\">http:\/\/www.aboutcookies.org<\/a>.<\/p>\n\n\n\n<h4 class=\"wp-block-heading\">Balises web<\/h4>\n\n\n\n<p>Les balises web (\u00e9galement appel\u00e9es \u00ab internet tags \u00bb, \u00ab pixel tags \u00bb, \u00ab clear GIF \u00bb ou \u00ab balises html \u00bb) sont g\u00e9n\u00e9ralement des fichiers images invisibles plac\u00e9s sur un site internet. Les balises web sont utilis\u00e9es en combinaison avec des cookies pour prendre en compte les actions des visiteurs de notre site internet. Nous pouvons utiliser des balises pour obtenir des informations telles que l\u2019adresse IP de l\u2019appareil qui a t\u00e9l\u00e9charg\u00e9 la page sur laquelle la balise appara\u00eet ou l\u2019URL de la page sur laquelle la balise appara\u00eet, l\u2019heure \u00e0 laquelle la page a \u00e9t\u00e9 consult\u00e9e et la version du navigateur utilis\u00e9 pour visiter la page.<\/p>\n\n\n\n<h4 class=\"wp-block-heading\">Adresses IP et URL<\/h4>\n\n\n\n<p>Une adresse IP est un identifiant unique que certains appareils utilisent pour s\u2019identifier et communiquer sur Internet. Lorsque vous visitez notre site internet, nous pouvons voir l\u2019adresse IP du dispositif utilis\u00e9 pour se connecter \u00e0 l\u2019internet via les balises web susmentionn\u00e9es. Cette information est utilis\u00e9e pour d\u00e9terminer la localisation g\u00e9n\u00e9rale de l\u2019appareil. Nous pouvons utiliser ces informations pour modifier la mani\u00e8re dont nous pr\u00e9sentons nos sites afin d\u2019am\u00e9liorer votre visite.<\/p>\n\n\n\n<p>Une URL (uniform resource locator) est un identifiant ou une adresse unique pour chaque ressource sur Internet. Par exemple, il s\u2019agit de l\u2019adresse de la page internet que vous visitez. Nous utilisons cette information pour savoir quelles pages sont visit\u00e9es et la mani\u00e8re dont vous naviguez sur notre site internet.<\/p>\n\n\n\n<h4 class=\"wp-block-heading\">Comment modifier mes param\u00e8tres de cookies ?<\/h4>\n\n\n\n<p>Capgemini respecte votre droit \u00e0 la vie priv\u00e9e. Par cons\u00e9quent, vous pouvez choisir de ne pas consentir \u00e0 l\u2019utilisation de certaines cat\u00e9gories de cookies sur cette page .<\/p>\n\n\n\n<p>Cliquez sur les diff\u00e9rentes rubriques pour en savoir plus et modifier la configuration par d\u00e9faut. Toutefois, le blocage de certaines cat\u00e9gories de cookies peut avoir une incidence sur votre exp\u00e9rience de navigation sur le site et sur les services que nous sommes en mesure de vous proposer.<\/p>\n\n\n\n<p>Nous vous recommandons de conserver l\u2019activation des cookies afin de profiter pleinement de notre site internet. Sachez que le fait de choisir de ne pas activer certains types de cookies peut avoir une incidence sur votre exp\u00e9rience de navigation sur le site et sur la disponibilit\u00e9 de certains services.<\/p>\n\n\n\n<p>Par ailleurs, la plupart des navigateurs internet permettent de configurer la plupart des cookies en passant par les param\u00e8tres du navigateur. Pour en savoir concernant sur les cookies, notamment sur la mani\u00e8re de voir quels cookies ont \u00e9t\u00e9 configur\u00e9s, visitez https:\/\/www.allaboutcookies.org\/fr ou http:\/\/www.aboutcookies.org.<\/p>\n\n\n\n<p>D\u00e9couvrez comment configurer les cookies sur les navigateurs les plus courants :<\/p>\n\n\n\n<p><a href=\"https:\/\/support.google.com\/accounts\/answer\/61416?co=GENIE.Platform%3DDesktop&amp;hl=en\">Google Chrome<\/a><br><a href=\"https:\/\/privacy.microsoft.com\/en-us\/windows-10-microsoft-edge-and-privacy\">Microsoft Edge<\/a><br><a href=\"https:\/\/support.mozilla.org\/en-US\/kb\/enhanced-tracking-protection-firefox-desktop?redirectlocale=en-US&amp;redirectslug=enable-and-disable-cookies-website-preferences\">Mozilla Firefox<\/a><br><a href=\"https:\/\/support.microsoft.com\/en-gb\/help\/17442\/windows-internet-explorer-delete-manage-cookies\">Microsoft Internet Explorer<\/a><br><a href=\"https:\/\/help.opera.com\/en\/latest\/web-preferences\/\">Opera<\/a><br><a href=\"https:\/\/support.apple.com\/en-gb\/safari\">Apple Safari<\/a><\/p>\n\n\n\n<p>Pour trouver des informations relatives \u00e0 d\u2019autres navigateurs, nous vous recommandons de vous rendre sur le site internet du d\u00e9veloppeur du navigateur.<\/p>\n\n\n\n<p>Pour d\u00e9sactiver le suivi par Google Analytics sur l\u2019ensemble des sites internet, rendez-vous sur&nbsp;:&nbsp;<a href=\"http:\/\/tools.google.com\/dlpage\/gaoptout\">http:\/\/tools.google.com\/dlpage\/gaoptout<\/a>.<\/p>\n\n\n\n<h4 class=\"wp-block-heading\">Quels types de cookies utilisons-nous ?<\/h4>\n\n\n\n<iframe loading=\"lazy\" src=\"https:\/\/tracker-detail-page.trustarc.com\/#\/?domain=4043&amp;category=0&amp;locale=fr\" width=\"1000\" height=\"800\"><\/iframe>\n\n\n\n<div style=\"height:61px\" aria-hidden=\"true\" class=\"wp-block-spacer\"><\/div>\n\n\n\n<p>Capgemini utilise des outils de mesure d\u2019audience exempt\u00e9s de consentement tel que recommand\u00e9 par la Commission nationale de l&#8217;informatique et des libert\u00e9s. Ces cookies sont assimil\u00e9s \u00e0 et list\u00e9s sous la cat\u00e9gorie \u00ab Cookies N\u00e9cessaires \u00bb en raison de leur comportement identique \u00e0 ceux-ci. Ces cookies ne permettent pas votre identification en raison de l\u2019anonymisation des informations mais Capgemini vous offre la possibilit\u00e9 de les d\u00e9sactiver.<\/p>\n\n\n        <div class=\"mt-3\">\n<!--            Javascript onchange event is added inside GTM Container-->\n            <input checked=\"checked\" id=\"piano-essential-consent\" type=\"checkbox\">\n            <label for=\"piano-essential-consent\">\n                Merci de d\u00e9cocher cette case si vous souhaitez d\u00e9sactiver les cookies de mesures d\u2019audience exempt\u00e9s de consentement.            <\/label>\n        <\/div>\n\n\n\n\n<div style=\"height:61px\" aria-hidden=\"true\" class=\"wp-block-spacer\"><\/div>\n\n\n\n<h4 class=\"wp-block-heading\">Nous contacter<\/h4>\n\n\n\n<p>Si vous avez des questions concernant la pr\u00e9sente mention d\u2019information ou \u00e0 propos de notre utilisation des cookies, veuillez nous contacter \u00e0 l\u2019adresse suivante :&nbsp;<a href=\"mailto:dpocapgemini.global@capgemini.com\">dpocapgemini.global@capgemini.com<\/a><\/p>\n\n\n\n<p>Vous pouvez en savoir plus sur la mani\u00e8re dont Capgemini traite vos donn\u00e9es \u00e0 caract\u00e8re personnel en consultant notre charte de protection des donn\u00e9es personnelles.<\/p>\n<\/div><\/div><\/div><\/div><\/div><\/section>\n","protected":false},"excerpt":{"rendered":"","protected":false},"author":35,"featured_media":0,"parent":0,"menu_order":0,"comment_status":"closed","ping_status":"closed","template":"","meta":{"cg_dt_proposed_to":[],"cg_seo_hreflang_relations":"[]","cg_seo_canonical_relation":"","cg_seo_hreflang_x_default_relation":"{\"uuid\":\"ca0fdac0-42af-4258-a716-9ffe365e3393\",\"blogId\":\"\",\"domain\":\"\",\"sitePath\":\"\",\"postLink\":\"\",\"postId\":null,\"isSaved\":true,\"isCrossLink\":false,\"hasCrossLink\":false}","cg_dt_approved_content":true,"cg_dt_mandatory_content":false,"cg_dt_notes":"","cg_dg_source_changed":false,"cg_dt_link_disabled":false,"_yoast_wpseo_primary_brand":"","footnotes":"","featured_focal_points":"","partner_card_description":"","gsap_animation":0},"brand":[],"partner_type":[],"service":[],"industry":[],"partners":[],"page-type":[],"content-group":[],"class_list":["post-730496","page","type-page","status-publish","hentry"],"yoast_head":"<!-- This site is optimized with the Yoast SEO Premium plugin v22.8 (Yoast SEO v22.8) - https:\/\/yoast.com\/wordpress\/plugins\/seo\/ -->\n<title>Politique de Cookies - Capgemini France<\/title>\n<meta name=\"robots\" content=\"index, follow, max-snippet:-1, max-image-preview:large, max-video-preview:-1\" \/>\n<link rel=\"canonical\" href=\"https:\/\/www.capgemini.com\/fr-fr\/cookie-policy\/\" \/>\n<meta property=\"og:locale\" content=\"fr_FR\" \/>\n<meta property=\"og:type\" content=\"article\" \/>\n<meta property=\"og:title\" content=\"Politique de Cookies\" \/>\n<meta property=\"og:url\" content=\"https:\/\/www.capgemini.com\/fr-fr\/cookie-policy\/\" \/>\n<meta property=\"og:site_name\" content=\"Capgemini France\" \/>\n<meta property=\"article:modified_time\" content=\"2025-04-02T14:46:09+00:00\" \/>\n<meta property=\"og:image\" content=\"https:\/\/www.capgemini.com\/fr-fr\/wp-content\/uploads\/sites\/6\/2025\/10\/image-1.jpg\" \/>\n\t<meta property=\"og:image:width\" content=\"1200\" \/>\n\t<meta property=\"og:image:height\" content=\"627\" \/>\n\t<meta property=\"og:image:type\" content=\"image\/jpeg\" \/>\n<meta name=\"twitter:card\" content=\"summary_large_image\" \/>\n<meta name=\"twitter:label1\" content=\"Est. reading time\" \/>\n\t<meta name=\"twitter:data1\" content=\"5 minutes\" \/>\n<script type=\"application\/ld+json\" class=\"yoast-schema-graph\">{\"@context\":\"https:\/\/schema.org\",\"@graph\":[{\"@type\":\"WebPage\",\"@id\":\"https:\/\/www.capgemini.com\/fr-fr\/cookie-policy\/\",\"url\":\"https:\/\/www.capgemini.com\/fr-fr\/cookie-policy\/\",\"name\":\"Politique de Cookies - Capgemini France\",\"isPartOf\":{\"@id\":\"https:\/\/www.capgemini.com\/fr-fr\/#website\"},\"datePublished\":\"2023-09-29T15:49:05+00:00\",\"dateModified\":\"2025-04-02T14:46:09+00:00\",\"inLanguage\":\"fr-FR\",\"potentialAction\":[{\"@type\":\"ReadAction\",\"target\":[\"https:\/\/www.capgemini.com\/fr-fr\/cookie-policy\/\"]}]},{\"@type\":\"WebSite\",\"@id\":\"https:\/\/www.capgemini.com\/fr-fr\/#website\",\"url\":\"https:\/\/www.capgemini.com\/fr-fr\/\",\"name\":\"Capgemini France\",\"description\":\"Just another www.capgemini.com site\",\"publisher\":{\"@id\":\"https:\/\/www.capgemini.com\/fr-fr\/#organization\"},\"potentialAction\":[{\"@type\":\"SearchAction\",\"target\":{\"@type\":\"EntryPoint\",\"urlTemplate\":\"https:\/\/www.capgemini.com\/fr-fr\/?s={search_term_string}\"},\"query-input\":\"required name=search_term_string\"}],\"inLanguage\":\"fr-FR\"},{\"@type\":\"Organization\",\"@id\":\"https:\/\/www.capgemini.com\/fr-fr\/#organization\",\"name\":\"Capgemini France\",\"url\":\"https:\/\/www.capgemini.com\/fr-fr\/\",\"logo\":{\"@type\":\"ImageObject\",\"inLanguage\":\"fr-FR\",\"@id\":\"https:\/\/www.capgemini.com\/fr-fr\/#\/schema\/logo\/image\/\",\"url\":\"https:\/\/www.capgemini.com\/fr-fr\/wp-content\/uploads\/sites\/6\/2022\/08\/Logo-Capgemini.png\",\"contentUrl\":\"https:\/\/www.capgemini.com\/fr-fr\/wp-content\/uploads\/sites\/6\/2022\/08\/Logo-Capgemini.png\",\"width\":202,\"height\":60,\"caption\":\"Capgemini France\"},\"image\":{\"@id\":\"https:\/\/www.capgemini.com\/fr-fr\/#\/schema\/logo\/image\/\"}}]}<\/script>\n<!-- \/ Yoast SEO Premium plugin. -->","yoast_head_json":{"title":"Politique de Cookies - Capgemini France","robots":{"index":"index","follow":"follow","max-snippet":"max-snippet:-1","max-image-preview":"max-image-preview:large","max-video-preview":"max-video-preview:-1"},"canonical":"https:\/\/www.capgemini.com\/fr-fr\/cookie-policy\/","og_locale":"fr_FR","og_type":"article","og_title":"Politique de Cookies","og_url":"https:\/\/www.capgemini.com\/fr-fr\/cookie-policy\/","og_site_name":"Capgemini France","article_modified_time":"2025-04-02T14:46:09+00:00","og_image":[{"width":1200,"height":627,"url":"https:\/\/www.capgemini.com\/fr-fr\/wp-content\/uploads\/sites\/6\/2025\/10\/image-1.jpg","type":"image\/jpeg"}],"twitter_card":"summary_large_image","twitter_misc":{"Est. reading time":"5 minutes"},"schema":{"@context":"https:\/\/schema.org","@graph":[{"@type":"WebPage","@id":"https:\/\/www.capgemini.com\/fr-fr\/cookie-policy\/","url":"https:\/\/www.capgemini.com\/fr-fr\/cookie-policy\/","name":"Politique de Cookies - Capgemini France","isPartOf":{"@id":"https:\/\/www.capgemini.com\/fr-fr\/#website"},"datePublished":"2023-09-29T15:49:05+00:00","dateModified":"2025-04-02T14:46:09+00:00","inLanguage":"fr-FR","potentialAction":[{"@type":"ReadAction","target":["https:\/\/www.capgemini.com\/fr-fr\/cookie-policy\/"]}]},{"@type":"WebSite","@id":"https:\/\/www.capgemini.com\/fr-fr\/#website","url":"https:\/\/www.capgemini.com\/fr-fr\/","name":"Capgemini France","description":"Just another www.capgemini.com site","publisher":{"@id":"https:\/\/www.capgemini.com\/fr-fr\/#organization"},"potentialAction":[{"@type":"SearchAction","target":{"@type":"EntryPoint","urlTemplate":"https:\/\/www.capgemini.com\/fr-fr\/?s={search_term_string}"},"query-input":"required name=search_term_string"}],"inLanguage":"fr-FR"},{"@type":"Organization","@id":"https:\/\/www.capgemini.com\/fr-fr\/#organization","name":"Capgemini France","url":"https:\/\/www.capgemini.com\/fr-fr\/","logo":{"@type":"ImageObject","inLanguage":"fr-FR","@id":"https:\/\/www.capgemini.com\/fr-fr\/#\/schema\/logo\/image\/","url":"https:\/\/www.capgemini.com\/fr-fr\/wp-content\/uploads\/sites\/6\/2022\/08\/Logo-Capgemini.png","contentUrl":"https:\/\/www.capgemini.com\/fr-fr\/wp-content\/uploads\/sites\/6\/2022\/08\/Logo-Capgemini.png","width":202,"height":60,"caption":"Capgemini France"},"image":{"@id":"https:\/\/www.capgemini.com\/fr-fr\/#\/schema\/logo\/image\/"}}]}},"brand_term":[],"parsely":{"version":"1.1.0","canonical_url":"https:\/\/capgemini.com\/fr-fr\/cookie-policy\/","smart_links":{"inbound":0,"outbound":0},"traffic_boost_suggestions_count":0,"meta":{"@context":"https:\/\/schema.org","@type":"WebPage","headline":"Politique de Cookies","url":"https:\/\/www.capgemini.com\/fr-fr\/cookie-policy\/","mainEntityOfPage":{"@type":"WebPage","@id":"https:\/\/www.capgemini.com\/fr-fr\/cookie-policy\/"},"thumbnailUrl":"","image":{"@type":"ImageObject","url":""},"articleSection":"Uncategorized","author":[],"creator":[],"publisher":{"@type":"Organization","name":"Capgemini France","logo":""},"keywords":[],"dateCreated":"2023-09-29T15:49:05Z","datePublished":"2023-09-29T15:49:05Z","dateModified":"2025-04-02T14:46:09Z"},"rendered":"<meta name=\"parsely-title\" content=\"Politique de Cookies\" \/>\n<meta name=\"parsely-link\" content=\"https:\/\/www.capgemini.com\/fr-fr\/cookie-policy\/\" \/>\n<meta name=\"parsely-type\" content=\"index\" \/>\n<meta name=\"parsely-pub-date\" content=\"2023-09-29T15:49:05Z\" \/>\n<meta name=\"parsely-section\" content=\"Uncategorized\" \/>","tracker_url":"https:\/\/cdn.parsely.com\/keys\/capgemini.com\/p.js"},"archive_status":false,"featured_image_src":"https:\/\/www.capgemini.com\/fr-fr\/wp-content\/themes\/capgemini2025\/assets\/images\/mockup.png","featured_image_alt":false,"jetpack-related-posts":[{"id":639065,"url":"https:\/\/www.capgemini.com\/fr-fr\/notre-groupe\/gestion-gouvernance\/politiques\/","url_meta":{"origin":730496,"position":0},"title":"Politiques","author":"translator0aboutus","date":"December 7, 2021","format":false,"excerpt":"Politiques Politique anti-corruption Charte \u00e9thique Droit de la concurrence Politique sur les conflits d'int\u00e9r\u00eats Protection des donn\u00e9es Politique diversit\u00e9 & inclusion Engagements d\u00e9ontologiques Politiques environnement Politique ESG Politique sur les droits humains Normes de conduite fournisseurs","rel":"","context":"Similar post","block_context":{"text":"Similar post","link":""},"img":{"alt_text":"","src":"","width":0,"height":0},"classes":[]},{"id":784930,"url":"https:\/\/www.capgemini.com\/fr-fr\/notre-groupe\/gestion-gouvernance\/politiques\/politique-sociale\/","url_meta":{"origin":730496,"position":1},"title":"Politique sociale","author":"anne.gautier@capgemini.com","date":"June 18, 2025","format":false,"excerpt":"PolitiquesPolitique socialeT\u00e9l\u00e9charger340 KB pdf La vision de Capgemini en mati\u00e8re de relations sociales est ambitieuse, et cette politique est l\u2019occasion de confirmer notre approche et de la partager avec l\u2019ensemble de nos collaborateurs et le march\u00e9. La politique de relations sociales du Groupe garantit l'application de nos principes fondamentaux dans\u2026","rel":"","context":"Similar post","block_context":{"text":"Similar post","link":""},"img":{"alt_text":"","src":"","width":0,"height":0},"classes":[]},{"id":784947,"url":"https:\/\/www.capgemini.com\/fr-fr\/notre-groupe\/gestion-gouvernance\/politiques\/politique-de-sante-et-de-securite\/","url_meta":{"origin":730496,"position":2},"title":"Politique de sant\u00e9 et de s\u00e9curit\u00e9","author":"anne.gautier@capgemini.com","date":"June 18, 2025","format":false,"excerpt":"PolitiquesPolitique de sant\u00e9 et de s\u00e9curit\u00e9T\u00e9l\u00e9charger383 KB pdf FacebookLinkedin La sant\u00e9 et la s\u00e9curit\u00e9 des employ\u00e9s de Capgemini sont de la plus haute importance pour nous et le bien-\u00eatre g\u00e9n\u00e9ral de nos collaborateurs est au c\u0153ur de nos activit\u00e9s et de notre succ\u00e8s.\u00a0 Cette politique est l'occasion de confirmer notre\u2026","rel":"","context":"Similar post","block_context":{"text":"Similar post","link":""},"img":{"alt_text":"","src":"","width":0,"height":0},"classes":[]},{"id":687509,"url":"https:\/\/www.capgemini.com\/fr-fr\/notre-groupe\/gestion-gouvernance\/politiques\/politiques-environnementales\/","url_meta":{"origin":730496,"position":3},"title":"Politiques environnementales","author":"translator0aboutus","date":"March 29, 2022","format":false,"excerpt":"Nous reconnaissons que nos activit\u00e9s commerciales exercent un impact sur l\u2019environnement et nous nous engageons \u00e0 am\u00e9liorer continuellement notre performance environnementale, ainsi qu'\u00e0 travailler avec nos clients pour les aider \u00e0 r\u00e9duire leur impact environnemental.\u00a0Cette d\u00e9claration de politique s\u2019applique \u00e0 tous les bureaux et centres de donn\u00e9es g\u00e9r\u00e9s par Capgemini,\u2026","rel":"","context":"Similar post","block_context":{"text":"Similar post","link":""},"img":{"alt_text":"","src":"","width":0,"height":0},"classes":[]},{"id":639183,"url":"https:\/\/www.capgemini.com\/fr-fr\/notre-groupe\/gestion-gouvernance\/politiques\/politique-anti-corruption\/","url_meta":{"origin":730496,"position":4},"title":"Politique anti-corruption","author":"translator0aboutus","date":"December 7, 2021","format":false,"excerpt":"avons volontairement sign\u00e9 le Pacte mondial des Nations unies en 2004, nous engageant \u00e0 \u00ab travailler contre la corruption sous toutes ses formes, y compris l\u2019extorsion et les pots-de-vin \u00bb.\u00a0Notre programme et notre politique de conformit\u00e9 anti-corruption du Groupe entrent dans cet engagement \u00e0 maintenir et \u00e0 promouvoir des normes\u2026","rel":"","context":"Similar post","block_context":{"text":"Similar post","link":""},"img":{"alt_text":"","src":"","width":0,"height":0},"classes":[]}],"jetpack_sharing_enabled":true,"distributor_meta":false,"distributor_terms":false,"distributor_media":false,"distributor_original_site_name":"Capgemini France","distributor_original_site_url":"https:\/\/www.capgemini.com\/fr-fr","push-errors":false,"_links":{"self":[{"href":"https:\/\/www.capgemini.com\/fr-fr\/wp-json\/wp\/v2\/pages\/730496","targetHints":{"allow":["GET"]}}],"collection":[{"href":"https:\/\/www.capgemini.com\/fr-fr\/wp-json\/wp\/v2\/pages"}],"about":[{"href":"https:\/\/www.capgemini.com\/fr-fr\/wp-json\/wp\/v2\/types\/page"}],"author":[{"embeddable":true,"href":"https:\/\/www.capgemini.com\/fr-fr\/wp-json\/wp\/v2\/users\/35"}],"replies":[{"embeddable":true,"href":"https:\/\/www.capgemini.com\/fr-fr\/wp-json\/wp\/v2\/comments?post=730496"}],"version-history":[{"count":9,"href":"https:\/\/www.capgemini.com\/fr-fr\/wp-json\/wp\/v2\/pages\/730496\/revisions"}],"predecessor-version":[{"id":781445,"href":"https:\/\/www.capgemini.com\/fr-fr\/wp-json\/wp\/v2\/pages\/730496\/revisions\/781445"}],"wp:attachment":[{"href":"https:\/\/www.capgemini.com\/fr-fr\/wp-json\/wp\/v2\/media?parent=730496"}],"wp:term":[{"taxonomy":"brand","embeddable":true,"href":"https:\/\/www.capgemini.com\/fr-fr\/wp-json\/wp\/v2\/brand?post=730496"},{"taxonomy":"partner_type","embeddable":true,"href":"https:\/\/www.capgemini.com\/fr-fr\/wp-json\/wp\/v2\/partner_type?post=730496"},{"taxonomy":"service","embeddable":true,"href":"https:\/\/www.capgemini.com\/fr-fr\/wp-json\/wp\/v2\/service?post=730496"},{"taxonomy":"industry","embeddable":true,"href":"https:\/\/www.capgemini.com\/fr-fr\/wp-json\/wp\/v2\/industry?post=730496"},{"taxonomy":"partners","embeddable":true,"href":"https:\/\/www.capgemini.com\/fr-fr\/wp-json\/wp\/v2\/partners?post=730496"},{"taxonomy":"page-type","embeddable":true,"href":"https:\/\/www.capgemini.com\/fr-fr\/wp-json\/wp\/v2\/page-type?post=730496"},{"taxonomy":"content-group","embeddable":true,"href":"https:\/\/www.capgemini.com\/fr-fr\/wp-json\/wp\/v2\/content-group?post=730496"}],"curies":[{"name":"wp","href":"https:\/\/api.w.org\/{rel}","templated":true}]}}