{"id":713172,"date":"2023-03-09T14:35:16","date_gmt":"2023-03-09T13:35:16","guid":{"rendered":"https:\/\/www.capgemini.com\/fr-fr\/?page_id=713172"},"modified":"2025-12-04T02:32:06","modified_gmt":"2025-12-04T01:32:06","slug":"com-corner","status":"publish","type":"page","link":"https:\/\/www.capgemini.com\/fr-fr\/solutions\/com-corner\/","title":{"rendered":"Com Corner"},"content":{"rendered":"\n<header class=\"wp-block-cg-blocks-hero-reusable header heroReusable  \"><div class=\"header-bgs\"><picture><source srcset=\"https:\/\/www.capgemini.com\/fr-fr\/wp-content\/uploads\/sites\/6\/2023\/04\/Banner-com-corner.jpg?w=2880&amp;quality=70 1x, https:\/\/www.capgemini.com\/fr-fr\/wp-content\/uploads\/sites\/6\/2023\/04\/Banner-com-corner.jpg?w=2880&amp;quality=70 2x\" media=\"(min-width: 1500px)\"\/><source srcset=\"https:\/\/www.capgemini.com\/fr-fr\/wp-content\/uploads\/sites\/6\/2023\/04\/Banner-com-corner.jpg?w=1440&amp;quality=70 1x, https:\/\/www.capgemini.com\/fr-fr\/wp-content\/uploads\/sites\/6\/2023\/04\/Banner-com-corner.jpg?w=2880&amp;quality=70 2x\" media=\"(min-width: 992px)\"\/><source srcset=\"https:\/\/www.capgemini.com\/fr-fr\/wp-content\/uploads\/sites\/6\/2023\/04\/Banner-com-corner.jpg?w=1024&amp;quality=70 1x, https:\/\/www.capgemini.com\/fr-fr\/wp-content\/uploads\/sites\/6\/2023\/04\/Banner-com-corner.jpg?w=1024&amp;quality=70 2x\" media=\"(min-width: 768px)\"\/><source srcset=\"https:\/\/www.capgemini.com\/fr-fr\/wp-content\/uploads\/sites\/6\/2023\/04\/Banner-com-corner.jpg?w=768&amp;quality=70 1x, https:\/\/www.capgemini.com\/fr-fr\/wp-content\/uploads\/sites\/6\/2023\/04\/Banner-com-corner.jpg?w=768&amp;quality=70 2x\" media=\"(min-width: 0)\"\/><img decoding=\"async\" src=\"https:\/\/www.capgemini.com\/fr-fr\/wp-content\/uploads\/sites\/6\/2023\/04\/Banner-com-corner.jpg\" class=\"header-img header-img-d\" alt=\"\" style=\"object-fit:cover;object-position:70% 85%\" loading=\"eager\"\/><\/picture><\/div><div class=\"heroPictureCardHeaderShape\"><\/div><div class=\"container\"><div class=\"row\"><div class=\"col-md-12\"><div class=\"box\"><div class=\"boxTagWrapper\"><div class=\"tagInfo\"><div><span class=\"box-tag\">Solution<\/span><\/div><\/div><div class=\"brandInfo\"><div class=\"brandLogo\"><img decoding=\"async\" loading=\"lazy\" src=\"\/wp-content\/themes\/capgemini2025\/assets\/images\/capgemini-engineering-white.svg\" alt=\"capgemini-engineering\" class=\"dark\"\/><img decoding=\"async\" loading=\"lazy\" src=\"\/wp-content\/themes\/capgemini2025\/assets\/images\/capgemini-engineering.svg\" alt=\"capgemini-engineering\" class=\"light\"\/><\/div><\/div><\/div><div class=\"box-title\"><h1 data-maxlength=\"34\">Com Corner<\/h1><\/div><h2 class=\"reasearchInsightTitle\">L&#8217;agence de communication sp\u00e9cialis\u00e9e dans l&#8217;industrie<\/h2><div class=\"inner-row-insight download-btn\"><\/div><\/div><\/div><\/div><\/div><\/header>\n\n\n\n<section class=\"wp-block-cg-blocks-intro-para undefined section section--intro\"><div class=\"intro-para\"><div class=\"container\"><div class=\"row\"><div class=\"col-12 col-md-1\"><nav class=\"article-social\"><ul class=\"social-nav\"><li class=\"ip-order-fb\"><a href=\"https:\/\/www.facebook.com\/sharer\/sharer.php?u=https:\/\/www.capgemini.com\/fr-fr\/solutions\/com-corner\/\" target=\"_blank\" rel=\"noopener noreferrer\" title=\"Ouvrir dans une nouvelle fen\u00eatre\"><i aria-hidden=\"true\" class=\"icon-fb\"><\/i><span class=\"sr-only\">Facebook<\/span><\/a><\/li><li class=\"ip-order-li\"><a href=\"https:\/\/www.linkedin.com\/sharing\/share-offsite\/?url=https:\/\/www.capgemini.com\/fr-fr\/solutions\/com-corner\/\" target=\"_blank\" rel=\"noopener noreferrer\" title=\"Ouvrir dans une nouvelle fen\u00eatre\"><i aria-hidden=\"true\" class=\"icon-li\"><\/i><span class=\"sr-only\">Linkedin<\/span><\/a><\/li><\/ul><\/nav><\/div><div class=\"col-12 col-md-11 col-lg-10\"><p class=\"intro-para-content-withoutTitle\">L&#8217;alliance parfaite entre nos experts en communication et nos ing\u00e9nieurs pour r\u00e9pondre \u00e0 tous vos besoins. Atteignez vos objectifs : donnez de la voix \u00e0 votre strat\u00e9gie et embarquez dans des univers uniques&#8230;<\/p><\/div><\/div><\/div><\/div><\/section>\n\n\n\n<section class=\"wp-block-cg-blocks-group undefined section section--article-content\"><div class=\"article-main-content\"><div class=\"container\"><div class=\"row\"><div class=\"col-12 col-md-11 col-lg-10 offset-md-1 offset-lg-1\"><div class=\"article-text article-quote-text\">\n<p><\/p>\n\n\n\n<section class=\"wp-block-cg-blocks-how-we-do-it section section--howwedoit block-howwedoit\"><div class=\"container\"><div><div class=\"content-title\"><h2 data-maxlength=\"72\" class=\"expandable-heading-tag\">Nos 4 domaines d&#8217;expertise<\/h2><\/div><p>Choisir l\u2019agence de communication Com\u2019Corner, c\u2019est s\u2019entourer d\u2019une \u00e9quipe pluri-disciplinaire. Nos diff\u00e9rents p\u00f4les travaillent en synergie pour d\u00e9velopper des concepts r\u00e9pondant \u00e0 vos enjeux industriels.<\/p><\/div><div class=\"section-content\">\n<div class=\"wp-block-cg-blocks-card-howwedoit expanders\"><div class=\"box card-regulated-agreements card-howwedoit\"><div class=\"expander-box filter-box tag-active \"><div class=\"expander-title\" tabindex=\"0\" role=\"button\" aria-pressed=\"false\" aria-expanded=\"false\"><h3 class=\"expander-heading-title\">Marketing<\/h3><\/div><div class=\"expander-content\"><p>Construire des strat\u00e9gies personnalis\u00e9es fond\u00e9es sur une audience cibl\u00e9e afin d&#8217;attirer et de fid\u00e9liser de nouveaux clients et\/ou utilisateurs.<br>Marketing digital, ligne \u00e9ditoriale, marketing produit, strat\u00e9gie de contenu\u2026<\/p><div class=\"bg-color video-align-right\"><div class=\"container\"><div class=\"row video-align-left\"><div class=\"col-md-12\"><div class=\"video-align-left row box box--4 box--mini\"><div class=\"col-md-3\"><\/div><div class=\"col-md-8 box-img-wrapper\"><div class=\"video-box\"><\/div><\/div><\/div><\/div><\/div><\/div><\/div><div class=\"content-more\"><\/div><\/div><\/div><\/div><\/div>\n\n\n\n<div class=\"wp-block-cg-blocks-card-howwedoit expanders\"><div class=\"box card-regulated-agreements card-howwedoit\"><div class=\"expander-box filter-box tag-active \"><div class=\"expander-title\" tabindex=\"0\" role=\"button\" aria-pressed=\"false\" aria-expanded=\"false\"><h3 class=\"expander-heading-title\">Communication 360\u00b0<\/h3><\/div><div class=\"expander-content\"><p>Capturer vos besoins pour \u00e9laborer un plan d\u2019action en fonction de vos objectifs et de votre public cible gr\u00e2ce \u00e0 une communication 360\u00b0.<br>Strat\u00e9gie, plan de communication, community management, \u00e9v\u00e9nementiel\u2026<\/p><div class=\"bg-color video-align-right\"><div class=\"container\"><div class=\"row video-align-left\"><div class=\"col-md-12\"><div class=\"video-align-left row box box--4 box--mini\"><div class=\"col-md-3\"><\/div><div class=\"col-md-8 box-img-wrapper\"><div class=\"video-box\"><\/div><\/div><\/div><\/div><\/div><\/div><\/div>\n<p><\/p>\n<div class=\"content-more\"><\/div><\/div><\/div><\/div><\/div>\n\n\n\n<div class=\"wp-block-cg-blocks-card-howwedoit expanders\"><div class=\"box card-regulated-agreements card-howwedoit\"><div class=\"expander-box filter-box tag-active \"><div class=\"expander-title\" tabindex=\"0\" role=\"button\" aria-pressed=\"false\" aria-expanded=\"false\"><h3 class=\"expander-heading-title\">Design<\/h3><\/div><div class=\"expander-content\"><p>Cr\u00e9er des univers uniques bas\u00e9s sur les valeurs de votre entreprise et assurant le respect de votre image de marque, en 2D ou en 3D.<br>Charte et univers graphique, logo, supports print, 3D\u2026<\/p><div class=\"bg-color video-align-right\"><div class=\"container\"><div class=\"row video-align-left\"><div class=\"col-md-12\"><div class=\"video-align-left row box box--4 box--mini\"><div class=\"col-md-3\"><\/div><div class=\"col-md-8 box-img-wrapper\"><div class=\"video-box\"><\/div><\/div><\/div><\/div><\/div><\/div><\/div><div class=\"content-more\"><\/div><\/div><\/div><\/div><\/div>\n\n\n\n<div class=\"wp-block-cg-blocks-card-howwedoit expanders\"><div class=\"box card-regulated-agreements card-howwedoit\"><div class=\"expander-box filter-box tag-active \"><div class=\"expander-title\" tabindex=\"0\" role=\"button\" aria-pressed=\"false\" aria-expanded=\"false\"><h3 class=\"expander-heading-title\">Vid\u00e9o<\/h3><\/div><div class=\"expander-content\"><p>Cr\u00e9er des vid\u00e9os personnalis\u00e9es et percutantes afin de faciliter la compr\u00e9hension des messages-cl\u00e9s et capter l\u2019attention de la cible.<br>Storyboarding, cr\u00e9ation d\u2019univers graphique, production, captation, sound design\u2026<\/p><div class=\"bg-color video-align-right\"><div class=\"container\"><div class=\"row video-align-left\"><div class=\"col-md-12\"><div class=\"video-align-left row box box--4 box--mini\"><div class=\"col-md-3\"><\/div><div class=\"col-md-8 box-img-wrapper\"><div class=\"video-box\"><\/div><\/div><\/div><\/div><\/div><\/div><\/div><div class=\"content-more\"><\/div><\/div><\/div><\/div><\/div>\n<\/div><\/div><\/section>\n\n\n\n<section class=\"wp-block-cg-blocks-learn-more updated-new-sample-amal learnMoreBlock\"><div class=\"container\"><div class=\"content-title\"><h2 class=\"learnmore-heading\">D\u00e9couvrez notre portfolio<\/h2><\/div><div class=\"row\"><div class=\"col-md-4\"><div class=\"box\"><div class=\"box-wrapper\"><a class=\"box-title\" href=\"https:\/\/xd.adobe.com\/view\/7fa27bdb-e75a-460d-ab78-dd6f600d88f0-2af1\/screen\/84cad5c1-fba5-41ac-84e7-9104a780437d?fullscreen\" target=\"_blank\" aria-label=\"Parcourir\" rel=\"noopener noreferrer\"><div class=\"box-img-wrapper\"><img decoding=\"async\" src=\"https:\/\/www.capgemini.com\/fr-fr\/wp-content\/uploads\/sites\/6\/2023\/04\/Banner-com-corner-1.jpg?w=500&amp;quality=70\" srcset=\"https:\/\/www.capgemini.com\/fr-fr\/wp-content\/uploads\/sites\/6\/2023\/04\/Banner-com-corner-1.jpg?w=500&amp;quality=70 1x, https:\/\/www.capgemini.com\/fr-fr\/wp-content\/uploads\/sites\/6\/2023\/04\/Banner-com-corner-1.jpg?w=1000&amp;quality=70 2x\" class=\"box-img\" alt=\"\" style=\"object-fit:cover;object-position:50% 50%\" loading=\"lazy\"\/><\/div><h3 class=\"titleWithoutLink_learnMore\">Parcourir<\/h3><\/a><\/div><\/div><div class=\"box-inner\"><\/div><\/div><\/div><\/div><\/section>\n\n\n\n<div class=\"wp-block-buttons is-layout-flex wp-block-buttons-is-layout-flex\"><\/div>\n\n\n\n<blockquote class=\"wp-block-quote is-layout-flow wp-block-quote-is-layout-flow\">\n<p>Nous avons particuli\u00e8rement appr\u00e9ci\u00e9 travailler avec l\u2019agence de communication de Capgemini Engineering. Ils ont facilement recueilli nos besoins gr\u00e2ce \u00e0 des \u00e9changes actifs et efficaces et ils ont fait preuve d&#8217;une grande cr\u00e9ativit\u00e9 pour concr\u00e9tiser ce que nous avions en t\u00eate. Toute l&#8217;\u00e9quipe, tout en entretenant une relation agr\u00e9able, a \u00e9t\u00e9 r\u00e9active et flexible tout au long du projet, ce qui a permis d&#8217;obtenir des r\u00e9sultats extraordinaires et des produits de haute qualit\u00e9 dans les d\u00e9lais impartis.<\/p>\n<cite>J\u00e9r\u00e9my Campana, am\u00e9lioration des performances des entreprises, Airbus<\/cite><\/blockquote>\n\n\n\n<div class=\"wp-block-cg-blocks-cta-popin-form\"><section class=\"cta-popin-form-block\"><div class=\"container\"><div class=\"cta-popin-btn-wrapper cta-popin-btn-align-left\"><a class=\"cta-popin-btn  \" href=\"mailto:julien.duval@capgemini.com\" target=\"_blank\" rel=\"noopener noreferrer\" aria-label=\"Contactez-nous\" tabindex=\"0\">Contactez-nous<\/a><\/div><\/div><\/section><\/div>\n<\/div><\/div><\/div><\/div><\/div><\/section>\n","protected":false},"excerpt":{"rendered":"<p>Dans un contexte de mutation o\u00f9 le num\u00e9rique investit tous les domaines, la digitalisation et l\u2019agilit\u00e9 en formation sont essentiels pour rester comp\u00e9titif et permettre aux collaborateurs d\u2019\u00e9voluer rapidement et \u00e0 distance.<\/p>\n","protected":false},"author":448,"featured_media":716072,"parent":691760,"menu_order":0,"comment_status":"closed","ping_status":"closed","template":"","meta":{"cg_dt_proposed_to":[21,41],"cg_seo_hreflang_relations":"[]","cg_seo_canonical_relation":"","cg_seo_hreflang_x_default_relation":"{\"uuid\":\"db387d72-2787-42ec-83ed-e3ac8d0126ba\",\"blogId\":\"\",\"domain\":\"\",\"sitePath\":\"\",\"postLink\":\"\",\"postId\":null,\"isSaved\":true,\"isCrossLink\":false,\"hasCrossLink\":false}","cg_dt_approved_content":true,"cg_dt_mandatory_content":false,"cg_dt_notes":"","cg_dg_source_changed":false,"cg_dt_link_disabled":true,"_yoast_wpseo_primary_brand":"142","footnotes":"","featured_focal_points":"","partner_card_description":"","gsap_animation":0},"brand":[142],"partner_type":[],"service":[],"industry":[],"partners":[],"page-type":[270],"content-group":[],"class_list":["post-713172","page","type-page","status-publish","has-post-thumbnail","hentry","brand-capgemini-engineering","page-type-solutions"],"yoast_head":"<!-- This site is optimized with the Yoast SEO Premium plugin v22.8 (Yoast SEO v22.8) - https:\/\/yoast.com\/wordpress\/plugins\/seo\/ -->\n<title>Com Corner - Capgemini France<\/title>\n<meta name=\"description\" content=\"Dans un contexte de mutation o\u00f9 le num\u00e9rique investit tous les domaines, la digitalisation et l\u2019agilit\u00e9 en formation sont essentiels pour rester comp\u00e9titif et permettre aux collaborateurs d\u2019\u00e9voluer rapidement et \u00e0 distance.\" \/>\n<meta name=\"robots\" content=\"index, follow, max-snippet:-1, max-image-preview:large, max-video-preview:-1\" \/>\n<link rel=\"canonical\" href=\"https:\/\/www.capgemini.com\/fr-fr\/solutions\/com-corner\/\" \/>\n<meta property=\"og:locale\" content=\"fr_FR\" \/>\n<meta property=\"og:type\" content=\"article\" \/>\n<meta property=\"og:title\" content=\"Com Corner\" \/>\n<meta property=\"og:description\" content=\"Dans un contexte de mutation o\u00f9 le num\u00e9rique investit tous les domaines, la digitalisation et l\u2019agilit\u00e9 en formation sont essentiels pour rester comp\u00e9titif et permettre aux collaborateurs d\u2019\u00e9voluer rapidement et \u00e0 distance.\" \/>\n<meta property=\"og:url\" content=\"https:\/\/www.capgemini.com\/fr-fr\/solutions\/com-corner\/\" \/>\n<meta property=\"og:site_name\" content=\"Capgemini France\" \/>\n<meta property=\"article:modified_time\" content=\"2025-12-04T01:32:06+00:00\" \/>\n<meta property=\"og:image\" content=\"https:\/\/www.capgemini.com\/fr-fr\/wp-content\/uploads\/sites\/6\/2023\/04\/2023-fr-webpreview-com-corner.jpg\" \/>\n\t<meta property=\"og:image:width\" content=\"1200\" \/>\n\t<meta property=\"og:image:height\" content=\"630\" \/>\n\t<meta property=\"og:image:type\" content=\"image\/jpeg\" \/>\n<meta name=\"twitter:card\" content=\"summary_large_image\" \/>\n<meta name=\"twitter:description\" content=\"Dans un contexte de mutation o\u00f9 le num\u00e9rique investit tous les domaines, la digitalisation et l\u2019agilit\u00e9 en formation sont essentiels pour rester comp\u00e9titif et permettre aux collaborateurs d\u2019\u00e9voluer rapidement et \u00e0 distance.\" \/>\n<meta name=\"twitter:label1\" content=\"Est. reading time\" \/>\n\t<meta name=\"twitter:data1\" content=\"1 minute\" \/>\n<script type=\"application\/ld+json\" class=\"yoast-schema-graph\">{\"@context\":\"https:\/\/schema.org\",\"@graph\":[{\"@type\":\"WebPage\",\"@id\":\"https:\/\/www.capgemini.com\/fr-fr\/solutions\/com-corner\/\",\"url\":\"https:\/\/www.capgemini.com\/fr-fr\/solutions\/com-corner\/\",\"name\":\"Com Corner - Capgemini France\",\"isPartOf\":{\"@id\":\"https:\/\/www.capgemini.com\/fr-fr\/#website\"},\"primaryImageOfPage\":{\"@id\":\"https:\/\/www.capgemini.com\/fr-fr\/solutions\/com-corner\/#primaryimage\"},\"image\":{\"@id\":\"https:\/\/www.capgemini.com\/fr-fr\/solutions\/com-corner\/#primaryimage\"},\"thumbnailUrl\":\"https:\/\/www.capgemini.com\/fr-fr\/wp-content\/uploads\/sites\/6\/2023\/04\/Banner-com-corner-1.jpg\",\"datePublished\":\"2023-03-09T13:35:16+00:00\",\"dateModified\":\"2025-12-04T01:32:06+00:00\",\"description\":\"Dans un contexte de mutation o\u00f9 le num\u00e9rique investit tous les domaines, la digitalisation et l\u2019agilit\u00e9 en formation sont essentiels pour rester comp\u00e9titif et permettre aux collaborateurs d\u2019\u00e9voluer rapidement et \u00e0 distance.\",\"breadcrumb\":{\"@id\":\"https:\/\/www.capgemini.com\/fr-fr\/solutions\/com-corner\/#breadcrumb\"},\"inLanguage\":\"fr-FR\",\"potentialAction\":[{\"@type\":\"ReadAction\",\"target\":[\"https:\/\/www.capgemini.com\/fr-fr\/solutions\/com-corner\/\"]}]},{\"@type\":\"ImageObject\",\"inLanguage\":\"fr-FR\",\"@id\":\"https:\/\/www.capgemini.com\/fr-fr\/solutions\/com-corner\/#primaryimage\",\"url\":\"https:\/\/www.capgemini.com\/fr-fr\/wp-content\/uploads\/sites\/6\/2023\/04\/Banner-com-corner-1.jpg\",\"contentUrl\":\"https:\/\/www.capgemini.com\/fr-fr\/wp-content\/uploads\/sites\/6\/2023\/04\/Banner-com-corner-1.jpg\",\"width\":2880,\"height\":1800},{\"@type\":\"BreadcrumbList\",\"@id\":\"https:\/\/www.capgemini.com\/fr-fr\/solutions\/com-corner\/#breadcrumb\",\"itemListElement\":[{\"@type\":\"ListItem\",\"position\":1,\"name\":\"Solutions\",\"item\":\"https:\/\/www.capgemini.com\/fr-fr\/solutions\/\"},{\"@type\":\"ListItem\",\"position\":2,\"name\":\"Com Corner\"}]},{\"@type\":\"WebSite\",\"@id\":\"https:\/\/www.capgemini.com\/fr-fr\/#website\",\"url\":\"https:\/\/www.capgemini.com\/fr-fr\/\",\"name\":\"Capgemini France\",\"description\":\"Just another www.capgemini.com site\",\"publisher\":{\"@id\":\"https:\/\/www.capgemini.com\/fr-fr\/#organization\"},\"potentialAction\":[{\"@type\":\"SearchAction\",\"target\":{\"@type\":\"EntryPoint\",\"urlTemplate\":\"https:\/\/www.capgemini.com\/fr-fr\/?s={search_term_string}\"},\"query-input\":\"required name=search_term_string\"}],\"inLanguage\":\"fr-FR\"},{\"@type\":\"Organization\",\"@id\":\"https:\/\/www.capgemini.com\/fr-fr\/#organization\",\"name\":\"Capgemini France\",\"url\":\"https:\/\/www.capgemini.com\/fr-fr\/\",\"logo\":{\"@type\":\"ImageObject\",\"inLanguage\":\"fr-FR\",\"@id\":\"https:\/\/www.capgemini.com\/fr-fr\/#\/schema\/logo\/image\/\",\"url\":\"https:\/\/www.capgemini.com\/fr-fr\/wp-content\/uploads\/sites\/6\/2022\/08\/Logo-Capgemini.png\",\"contentUrl\":\"https:\/\/www.capgemini.com\/fr-fr\/wp-content\/uploads\/sites\/6\/2022\/08\/Logo-Capgemini.png\",\"width\":202,\"height\":60,\"caption\":\"Capgemini France\"},\"image\":{\"@id\":\"https:\/\/www.capgemini.com\/fr-fr\/#\/schema\/logo\/image\/\"}}]}<\/script>\n<!-- \/ Yoast SEO Premium plugin. -->","yoast_head_json":{"title":"Com Corner - Capgemini France","description":"Dans un contexte de mutation o\u00f9 le num\u00e9rique investit tous les domaines, la digitalisation et l\u2019agilit\u00e9 en formation sont essentiels pour rester comp\u00e9titif et permettre aux collaborateurs d\u2019\u00e9voluer rapidement et \u00e0 distance.","robots":{"index":"index","follow":"follow","max-snippet":"max-snippet:-1","max-image-preview":"max-image-preview:large","max-video-preview":"max-video-preview:-1"},"canonical":"https:\/\/www.capgemini.com\/fr-fr\/solutions\/com-corner\/","og_locale":"fr_FR","og_type":"article","og_title":"Com Corner","og_description":"Dans un contexte de mutation o\u00f9 le num\u00e9rique investit tous les domaines, la digitalisation et l\u2019agilit\u00e9 en formation sont essentiels pour rester comp\u00e9titif et permettre aux collaborateurs d\u2019\u00e9voluer rapidement et \u00e0 distance.","og_url":"https:\/\/www.capgemini.com\/fr-fr\/solutions\/com-corner\/","og_site_name":"Capgemini France","article_modified_time":"2025-12-04T01:32:06+00:00","og_image":[{"width":1200,"height":630,"url":"https:\/\/www.capgemini.com\/fr-fr\/wp-content\/uploads\/sites\/6\/2023\/04\/2023-fr-webpreview-com-corner.jpg","type":"image\/jpeg"}],"twitter_card":"summary_large_image","twitter_description":"Dans un contexte de mutation o\u00f9 le num\u00e9rique investit tous les domaines, la digitalisation et l\u2019agilit\u00e9 en formation sont essentiels pour rester comp\u00e9titif et permettre aux collaborateurs d\u2019\u00e9voluer rapidement et \u00e0 distance.","twitter_misc":{"Est. reading time":"1 minute"},"schema":{"@context":"https:\/\/schema.org","@graph":[{"@type":"WebPage","@id":"https:\/\/www.capgemini.com\/fr-fr\/solutions\/com-corner\/","url":"https:\/\/www.capgemini.com\/fr-fr\/solutions\/com-corner\/","name":"Com Corner - Capgemini France","isPartOf":{"@id":"https:\/\/www.capgemini.com\/fr-fr\/#website"},"primaryImageOfPage":{"@id":"https:\/\/www.capgemini.com\/fr-fr\/solutions\/com-corner\/#primaryimage"},"image":{"@id":"https:\/\/www.capgemini.com\/fr-fr\/solutions\/com-corner\/#primaryimage"},"thumbnailUrl":"https:\/\/www.capgemini.com\/fr-fr\/wp-content\/uploads\/sites\/6\/2023\/04\/Banner-com-corner-1.jpg","datePublished":"2023-03-09T13:35:16+00:00","dateModified":"2025-12-04T01:32:06+00:00","description":"Dans un contexte de mutation o\u00f9 le num\u00e9rique investit tous les domaines, la digitalisation et l\u2019agilit\u00e9 en formation sont essentiels pour rester comp\u00e9titif et permettre aux collaborateurs d\u2019\u00e9voluer rapidement et \u00e0 distance.","breadcrumb":{"@id":"https:\/\/www.capgemini.com\/fr-fr\/solutions\/com-corner\/#breadcrumb"},"inLanguage":"fr-FR","potentialAction":[{"@type":"ReadAction","target":["https:\/\/www.capgemini.com\/fr-fr\/solutions\/com-corner\/"]}]},{"@type":"ImageObject","inLanguage":"fr-FR","@id":"https:\/\/www.capgemini.com\/fr-fr\/solutions\/com-corner\/#primaryimage","url":"https:\/\/www.capgemini.com\/fr-fr\/wp-content\/uploads\/sites\/6\/2023\/04\/Banner-com-corner-1.jpg","contentUrl":"https:\/\/www.capgemini.com\/fr-fr\/wp-content\/uploads\/sites\/6\/2023\/04\/Banner-com-corner-1.jpg","width":2880,"height":1800},{"@type":"BreadcrumbList","@id":"https:\/\/www.capgemini.com\/fr-fr\/solutions\/com-corner\/#breadcrumb","itemListElement":[{"@type":"ListItem","position":1,"name":"Solutions","item":"https:\/\/www.capgemini.com\/fr-fr\/solutions\/"},{"@type":"ListItem","position":2,"name":"Com Corner"}]},{"@type":"WebSite","@id":"https:\/\/www.capgemini.com\/fr-fr\/#website","url":"https:\/\/www.capgemini.com\/fr-fr\/","name":"Capgemini France","description":"Just another www.capgemini.com site","publisher":{"@id":"https:\/\/www.capgemini.com\/fr-fr\/#organization"},"potentialAction":[{"@type":"SearchAction","target":{"@type":"EntryPoint","urlTemplate":"https:\/\/www.capgemini.com\/fr-fr\/?s={search_term_string}"},"query-input":"required name=search_term_string"}],"inLanguage":"fr-FR"},{"@type":"Organization","@id":"https:\/\/www.capgemini.com\/fr-fr\/#organization","name":"Capgemini France","url":"https:\/\/www.capgemini.com\/fr-fr\/","logo":{"@type":"ImageObject","inLanguage":"fr-FR","@id":"https:\/\/www.capgemini.com\/fr-fr\/#\/schema\/logo\/image\/","url":"https:\/\/www.capgemini.com\/fr-fr\/wp-content\/uploads\/sites\/6\/2022\/08\/Logo-Capgemini.png","contentUrl":"https:\/\/www.capgemini.com\/fr-fr\/wp-content\/uploads\/sites\/6\/2022\/08\/Logo-Capgemini.png","width":202,"height":60,"caption":"Capgemini France"},"image":{"@id":"https:\/\/www.capgemini.com\/fr-fr\/#\/schema\/logo\/image\/"}}]}},"brand_term":[{"id":142,"slug":"capgemini-engineering"}],"parsely":{"version":"1.1.0","canonical_url":"https:\/\/capgemini.com\/fr-fr\/solutions\/com-corner\/","smart_links":{"inbound":0,"outbound":0},"traffic_boost_suggestions_count":0,"meta":{"@context":"https:\/\/schema.org","@type":"WebPage","headline":"Com Corner","url":"https:\/\/www.capgemini.com\/fr-fr\/solutions\/com-corner\/","mainEntityOfPage":{"@type":"WebPage","@id":"https:\/\/www.capgemini.com\/fr-fr\/solutions\/com-corner\/"},"thumbnailUrl":"https:\/\/www.capgemini.com\/fr-fr\/wp-content\/uploads\/sites\/6\/2023\/04\/Banner-com-corner-1.jpg?w=150&h=150&crop=1","image":{"@type":"ImageObject","url":"https:\/\/www.capgemini.com\/fr-fr\/wp-content\/uploads\/sites\/6\/2023\/04\/Banner-com-corner-1.jpg"},"articleSection":"Uncategorized","author":[],"creator":[],"publisher":{"@type":"Organization","name":"Capgemini France","logo":""},"keywords":[],"dateCreated":"2023-03-09T13:35:16Z","datePublished":"2023-03-09T13:35:16Z","dateModified":"2025-12-04T01:32:06Z"},"rendered":"<meta name=\"parsely-title\" content=\"Com Corner\" \/>\n<meta name=\"parsely-link\" content=\"https:\/\/www.capgemini.com\/fr-fr\/solutions\/com-corner\/\" \/>\n<meta name=\"parsely-type\" content=\"index\" \/>\n<meta name=\"parsely-image-url\" content=\"https:\/\/www.capgemini.com\/fr-fr\/wp-content\/uploads\/sites\/6\/2023\/04\/Banner-com-corner-1.jpg?w=150&amp;h=150&amp;crop=1\" \/>\n<meta name=\"parsely-pub-date\" content=\"2023-03-09T13:35:16Z\" \/>\n<meta name=\"parsely-section\" content=\"Uncategorized\" \/>","tracker_url":"https:\/\/cdn.parsely.com\/keys\/capgemini.com\/p.js"},"archive_status":false,"featured_image_src":"https:\/\/www.capgemini.com\/fr-fr\/wp-content\/uploads\/sites\/6\/2023\/04\/Banner-com-corner-1.jpg","featured_image_alt":"","jetpack-related-posts":[],"jetpack_sharing_enabled":true,"distributor_meta":false,"distributor_terms":false,"distributor_media":false,"distributor_original_site_name":"Capgemini France","distributor_original_site_url":"https:\/\/www.capgemini.com\/fr-fr","push-errors":false,"_links":{"self":[{"href":"https:\/\/www.capgemini.com\/fr-fr\/wp-json\/wp\/v2\/pages\/713172","targetHints":{"allow":["GET"]}}],"collection":[{"href":"https:\/\/www.capgemini.com\/fr-fr\/wp-json\/wp\/v2\/pages"}],"about":[{"href":"https:\/\/www.capgemini.com\/fr-fr\/wp-json\/wp\/v2\/types\/page"}],"author":[{"embeddable":true,"href":"https:\/\/www.capgemini.com\/fr-fr\/wp-json\/wp\/v2\/users\/448"}],"replies":[{"embeddable":true,"href":"https:\/\/www.capgemini.com\/fr-fr\/wp-json\/wp\/v2\/comments?post=713172"}],"version-history":[{"count":17,"href":"https:\/\/www.capgemini.com\/fr-fr\/wp-json\/wp\/v2\/pages\/713172\/revisions"}],"predecessor-version":[{"id":798195,"href":"https:\/\/www.capgemini.com\/fr-fr\/wp-json\/wp\/v2\/pages\/713172\/revisions\/798195"}],"up":[{"embeddable":true,"href":"https:\/\/www.capgemini.com\/fr-fr\/wp-json\/wp\/v2\/pages\/691760"}],"wp:featuredmedia":[{"embeddable":true,"href":"https:\/\/www.capgemini.com\/fr-fr\/wp-json\/wp\/v2\/media\/716072"}],"wp:attachment":[{"href":"https:\/\/www.capgemini.com\/fr-fr\/wp-json\/wp\/v2\/media?parent=713172"}],"wp:term":[{"taxonomy":"brand","embeddable":true,"href":"https:\/\/www.capgemini.com\/fr-fr\/wp-json\/wp\/v2\/brand?post=713172"},{"taxonomy":"partner_type","embeddable":true,"href":"https:\/\/www.capgemini.com\/fr-fr\/wp-json\/wp\/v2\/partner_type?post=713172"},{"taxonomy":"service","embeddable":true,"href":"https:\/\/www.capgemini.com\/fr-fr\/wp-json\/wp\/v2\/service?post=713172"},{"taxonomy":"industry","embeddable":true,"href":"https:\/\/www.capgemini.com\/fr-fr\/wp-json\/wp\/v2\/industry?post=713172"},{"taxonomy":"partners","embeddable":true,"href":"https:\/\/www.capgemini.com\/fr-fr\/wp-json\/wp\/v2\/partners?post=713172"},{"taxonomy":"page-type","embeddable":true,"href":"https:\/\/www.capgemini.com\/fr-fr\/wp-json\/wp\/v2\/page-type?post=713172"},{"taxonomy":"content-group","embeddable":true,"href":"https:\/\/www.capgemini.com\/fr-fr\/wp-json\/wp\/v2\/content-group?post=713172"}],"curies":[{"name":"wp","href":"https:\/\/api.w.org\/{rel}","templated":true}]}}