{"id":711874,"date":"2023-03-01T11:29:38","date_gmt":"2023-03-01T10:29:38","guid":{"rendered":"https:\/\/www.capgemini.com\/fr-fr\/?page_id=711874"},"modified":"2025-03-04T08:23:12","modified_gmt":"2025-03-04T07:23:12","slug":"defi-voile-solidaires-en-peloton-innover-contre-la-sclerose-en-plaques","status":"publish","type":"page","link":"https:\/\/www.capgemini.com\/fr-fr\/defi-voile-solidaires-en-peloton-innover-contre-la-sclerose-en-plaques\/","title":{"rendered":"D\u00e9fi Voile Solidaires En Peloton | Innover contre la scl\u00e9rose en plaques"},"content":{"rendered":"\n<header class=\"wp-block-cg-blocks-hero-reusable header heroReusable  \"><div class=\"header-bgs\"><picture><source srcset=\"https:\/\/www.capgemini.com\/fr-fr\/wp-content\/uploads\/sites\/6\/2023\/03\/Dvsep-Banner.jpg?w=2880&amp;quality=70 1x, https:\/\/www.capgemini.com\/fr-fr\/wp-content\/uploads\/sites\/6\/2023\/03\/Dvsep-Banner.jpg?w=2880&amp;quality=70 2x\" media=\"(min-width: 1500px)\"\/><source srcset=\"https:\/\/www.capgemini.com\/fr-fr\/wp-content\/uploads\/sites\/6\/2023\/03\/Dvsep-Banner.jpg?w=1440&amp;quality=70 1x, https:\/\/www.capgemini.com\/fr-fr\/wp-content\/uploads\/sites\/6\/2023\/03\/Dvsep-Banner.jpg?w=2880&amp;quality=70 2x\" media=\"(min-width: 992px)\"\/><source srcset=\"https:\/\/www.capgemini.com\/fr-fr\/wp-content\/uploads\/sites\/6\/2023\/03\/Dvsep-Banner.jpg?w=1024&amp;quality=70 1x, https:\/\/www.capgemini.com\/fr-fr\/wp-content\/uploads\/sites\/6\/2023\/03\/Dvsep-Banner.jpg?w=1024&amp;quality=70 2x\" media=\"(min-width: 768px)\"\/><source srcset=\"https:\/\/www.capgemini.com\/fr-fr\/wp-content\/uploads\/sites\/6\/2023\/03\/Dvsep-Banner.jpg?w=768&amp;quality=70 1x, https:\/\/www.capgemini.com\/fr-fr\/wp-content\/uploads\/sites\/6\/2023\/03\/Dvsep-Banner.jpg?w=768&amp;quality=70 2x\" media=\"(min-width: 0)\"\/><img decoding=\"async\" src=\"https:\/\/www.capgemini.com\/fr-fr\/wp-content\/uploads\/sites\/6\/2023\/03\/Dvsep-Banner.jpg\" class=\"header-img header-img-d\" alt=\"\" style=\"object-fit:cover;object-position:51% 85%\" loading=\"eager\"\/><\/picture><\/div><div class=\"heroPictureCardHeaderShape\"><\/div><div class=\"container\"><div class=\"row\"><div class=\"col-md-12\"><div class=\"box\"><div class=\"boxTagWrapper\"><div class=\"tagInfo\"><div><span class=\"box-tag\">Engagements soci\u00e9taux<\/span><\/div><\/div><div class=\"brandInfo\"><div class=\"brandLogo\"><img decoding=\"async\" loading=\"lazy\" src=\"\/wp-content\/themes\/capgemini2020\/assets\/images\/capgemini-engineering.svg\" alt=\"capgemini-engineering\"\/><\/div><\/div><\/div><div class=\"box-title\"><h1 data-maxlength=\"34\">D\u00e9fi voile solidaires en peloton | Innover contre la scl\u00e9rose en plaques<\/h1><\/div><h2 class=\"reasearchInsightTitle\">M\u00e9c\u00e8ne de projets solidaires<\/h2><div class=\"inner-row-insight download-btn\"><\/div><\/div><\/div><\/div><\/div><\/header>\n\n\n\n<section class=\"wp-block-cg-blocks-intro-para undefined section section--intro\"><div class=\"intro-para\"><div class=\"container\"><div class=\"row\"><div class=\"col-12 col-md-1\"><nav class=\"article-social\"><ul class=\"social-nav\"><li class=\"ip-order-fb\"><a href=\"https:\/\/www.facebook.com\/sharer\/sharer.php?u=https:\/\/www.capgemini.com\/fr-fr\/defi-voile-solidaires-en-peloton-innover-contre-la-sclerose-en-plaques\/\" target=\"_blank\" rel=\"noopener noreferrer\" title=\"Ouvrir dans une nouvelle fen\u00eatre\"><i aria-hidden=\"true\" class=\"icon-fb\"><\/i><span class=\"sr-only\">Facebook<\/span><\/a><\/li><li class=\"ip-order-li\"><a href=\"https:\/\/www.linkedin.com\/sharing\/share-offsite\/?url=https:\/\/www.capgemini.com\/fr-fr\/defi-voile-solidaires-en-peloton-innover-contre-la-sclerose-en-plaques\/\" target=\"_blank\" rel=\"noopener noreferrer\" title=\"Ouvrir dans une nouvelle fen\u00eatre\"><i aria-hidden=\"true\" class=\"icon-li\"><\/i><span class=\"sr-only\">Linkedin<\/span><\/a><\/li><\/ul><\/nav><\/div><div class=\"col-12 col-md-11 col-lg-10\"><h2 class=\"intro-para-title\">Nos ing\u00e9nieurs sp\u00e9cialistes de l\u2019a\u00e9ronautique mobilisent leurs expertises pour accro\u00eetre les performances du multicoque du skipper Thibaut Vauchel.<\/h2><\/div><\/div><\/div><\/div><\/section>\n\n\n\n<section class=\"wp-block-cg-blocks-group undefined section section--article-content\"><div class=\"article-main-content\"><div class=\"container\"><div class=\"row\"><div class=\"col-12 col-md-11 col-lg-10 offset-md-1 offset-lg-1\"><div class=\"article-text article-quote-text\">\n<h4 class=\"wp-block-heading\" id=\"h-le-sport-comme-levier-de-solidarite\">Le sport comme levier de solidarit\u00e9<\/h4>\n\n\n\n<p>Solidaires En Peloton, la marque sportive de la Fondation ARSEP<em>&nbsp;(Aide \u00e0 la Recherche sur la Scl\u00e9rose En Plaques),<\/em>&nbsp;s\u2019appuie sur les valeurs f\u00e9d\u00e9ratives du sport pour encourager toute personne \u00e0 s\u2019engager au quotidien au profit de la recherche m\u00e9dicale et au service des personnes atteintes de scl\u00e9rose en plaques.<\/p>\n\n\n\n<h4 class=\"wp-block-heading\" id=\"h-ingenierie-solidarite-et-performance\">Ing\u00e9nierie, solidarit\u00e9 et performance<\/h4>\n\n\n\n<p>Dans le cadre de notre m\u00e9c\u00e9nat de comp\u00e9tences, nos ing\u00e9nieurs sp\u00e9cialistes de l\u2019a\u00e9ronautique mobilisent leurs expertises pour accro\u00eetre les performances de l\u2019Ocean Fifty&nbsp;Solidaires En Peloton \u2013 ARSEP, le spectaculaire multicoque skipp\u00e9&nbsp;par Thibaut Vauchel, pour son programme de courses : pro Sailing Tour, Transats Jacques Vabre, Route du Rhum \u2013 Destination Guadeloupe\u2026<\/p>\n\n\n\n<p>Leur savoir-faire, directement \u00e9prouv\u00e9 dans le secteur de l\u2019a\u00e9ronautique \u2013 a\u00e9rodynamique, m\u00e9canique, interaction fluides et structures, an\u00e9mom\u00e9trie et m\u00e9trologie \u2013 sont un atout pr\u00e9cieux pour porter des \u00e9tudes et trouver des solutions de performance des \u00e9quipements du m\u00e2t et bras structuraux de l\u2019Ocean Fifty.<\/p>\n\n\n\n<blockquote class=\"wp-block-quote is-layout-flow wp-block-quote-is-layout-flow\">\n<p>L\u2019engagement de Capgemini Engineering \u00e0 nos c\u00f4t\u00e9s est porteur de sens. Il permet au Multi50 Solidaires en Peloton ARSEP d\u2019\u00eatre plus que jamais un messager de l\u2019espoir performant pour les 110 000 patients touch\u00e9s par la scl\u00e9rose en plaques en France<\/p>\n<cite>Bernard Gentric, pr\u00e9sident de D\u00e9fi Sports Solidaire<\/cite><\/blockquote>\n\n\n\n<figure class=\"wp-block-gallery has-nested-images columns-default is-cropped wp-block-gallery-1 is-layout-flex wp-block-gallery-is-layout-flex\">\n<figure class=\"wp-block-image size-full\"><img loading=\"lazy\" decoding=\"async\" width=\"736\" height=\"414\" data-id=\"711906\" src=\"https:\/\/www.capgemini.com\/fr-fr\/wp-content\/uploads\/sites\/6\/2023\/03\/dvsep-1.png\" alt=\"\" class=\"wp-image-711906\" srcset=\"https:\/\/www.capgemini.com\/fr-fr\/wp-content\/uploads\/sites\/6\/2023\/03\/dvsep-1.png 736w, https:\/\/www.capgemini.com\/fr-fr\/wp-content\/uploads\/sites\/6\/2023\/03\/dvsep-1.png?resize=300,169 300w\" sizes=\"auto, (max-width: 736px) 100vw, 736px\" \/><\/figure>\n\n\n\n<figure class=\"wp-block-image size-full\"><img loading=\"lazy\" decoding=\"async\" width=\"736\" height=\"414\" data-id=\"711907\" src=\"https:\/\/www.capgemini.com\/fr-fr\/wp-content\/uploads\/sites\/6\/2023\/03\/dvsep-2.png\" alt=\"\" class=\"wp-image-711907\" srcset=\"https:\/\/www.capgemini.com\/fr-fr\/wp-content\/uploads\/sites\/6\/2023\/03\/dvsep-2.png 736w, https:\/\/www.capgemini.com\/fr-fr\/wp-content\/uploads\/sites\/6\/2023\/03\/dvsep-2.png?resize=300,169 300w\" sizes=\"auto, (max-width: 736px) 100vw, 736px\" \/><\/figure>\n\n\n\n<figure class=\"wp-block-image size-full\"><img loading=\"lazy\" decoding=\"async\" width=\"736\" height=\"414\" data-id=\"711908\" src=\"https:\/\/www.capgemini.com\/fr-fr\/wp-content\/uploads\/sites\/6\/2023\/03\/dvsep-3.png\" alt=\"\" class=\"wp-image-711908\" srcset=\"https:\/\/www.capgemini.com\/fr-fr\/wp-content\/uploads\/sites\/6\/2023\/03\/dvsep-3.png 736w, https:\/\/www.capgemini.com\/fr-fr\/wp-content\/uploads\/sites\/6\/2023\/03\/dvsep-3.png?resize=300,169 300w\" sizes=\"auto, (max-width: 736px) 100vw, 736px\" \/><\/figure>\n\n\n\n<figure class=\"wp-block-image size-large\"><img loading=\"lazy\" decoding=\"async\" width=\"736\" height=\"414\" data-id=\"711910\" src=\"https:\/\/www.capgemini.com\/fr-fr\/wp-content\/uploads\/sites\/6\/2023\/03\/dvsep-4.png\" alt=\"\" class=\"wp-image-711910\" srcset=\"https:\/\/www.capgemini.com\/fr-fr\/wp-content\/uploads\/sites\/6\/2023\/03\/dvsep-4.png 736w, https:\/\/www.capgemini.com\/fr-fr\/wp-content\/uploads\/sites\/6\/2023\/03\/dvsep-4.png?resize=300,169 300w\" sizes=\"auto, (max-width: 736px) 100vw, 736px\" \/><\/figure>\n\n\n\n<figure class=\"wp-block-image size-large\"><img loading=\"lazy\" decoding=\"async\" height=\"725\" width=\"1024\" data-id=\"711911\" src=\"https:\/\/www.capgemini.com\/fr-fr\/wp-content\/uploads\/sites\/6\/2023\/03\/dvsep-5.jpg?w=960\" alt=\"\" class=\"wp-image-711911\" srcset=\"https:\/\/www.capgemini.com\/fr-fr\/wp-content\/uploads\/sites\/6\/2023\/03\/dvsep-5.jpg 1701w, https:\/\/www.capgemini.com\/fr-fr\/wp-content\/uploads\/sites\/6\/2023\/03\/dvsep-5.jpg?resize=300,213 300w, https:\/\/www.capgemini.com\/fr-fr\/wp-content\/uploads\/sites\/6\/2023\/03\/dvsep-5.jpg?resize=768,544 768w, https:\/\/www.capgemini.com\/fr-fr\/wp-content\/uploads\/sites\/6\/2023\/03\/dvsep-5.jpg?resize=1024,725 1024w, https:\/\/www.capgemini.com\/fr-fr\/wp-content\/uploads\/sites\/6\/2023\/03\/dvsep-5.jpg?resize=1536,1088 1536w\" sizes=\"auto, (max-width: 1024px) 100vw, 1024px\" \/><figcaption class=\"wp-element-caption\">Route du Rhum 2022<\/figcaption><\/figure>\n<\/figure>\n<\/div><\/div><\/div><\/div><\/div><\/section>\n","protected":false},"excerpt":{"rendered":"<p>Nos ing\u00e9nieurs sp\u00e9cialistes de l\u2019a\u00e9ronautique mobilisent leurs expertises pour accro\u00eetre les performances du multicoque du skipper Thibaut Vauchel<\/p>\n","protected":false},"author":448,"featured_media":711880,"parent":691760,"menu_order":0,"comment_status":"closed","ping_status":"closed","template":"","meta":{"cg_dt_proposed_to":[21,41],"cg_seo_hreflang_relations":"[]","cg_seo_canonical_relation":"{\"uuid\":\"ec2602d7-93b3-4302-84b9-afa477539c27\",\"blogId\":\"\",\"domain\":\"\",\"sitePath\":\"\",\"postLink\":\"\",\"postId\":null,\"isSaved\":true,\"isCrossLink\":false,\"hasCrossLink\":false}","cg_seo_hreflang_x_default_relation":"{\"uuid\":\"dc1cbe2c-28a4-4adb-9bf3-6c09c6eebf0e\",\"blogId\":\"\",\"domain\":\"\",\"sitePath\":\"\",\"postLink\":\"\",\"postId\":null,\"isSaved\":true,\"isCrossLink\":false,\"hasCrossLink\":false}","cg_dt_approved_content":true,"cg_dt_mandatory_content":false,"cg_dt_notes":"","cg_dg_source_changed":false,"cg_dt_link_disabled":true,"_yoast_wpseo_primary_brand":"142","footnotes":"","featured_focal_points":"","partner_card_description":"","gsap_animation":0},"brand":[142],"partner_type":[],"service":[],"industry":[],"partners":[],"page-type":[270],"content-group":[],"class_list":["post-711874","page","type-page","status-publish","has-post-thumbnail","hentry","brand-capgemini-engineering","page-type-solutions"],"yoast_head":"<!-- This site is optimized with the Yoast SEO Premium plugin v22.8 (Yoast SEO v22.8) - https:\/\/yoast.com\/wordpress\/plugins\/seo\/ -->\n<title>D\u00e9fi Voile Solidaires En Peloton | Innover contre la scl\u00e9rose en plaques - Capgemini France<\/title>\n<meta name=\"description\" content=\"Nos ing\u00e9nieurs sp\u00e9cialistes de l\u2019a\u00e9ronautique mobilisent leurs expertises pour accro\u00eetre les performances du multicoque de Thibaut Vauchel\" \/>\n<meta name=\"robots\" content=\"index, follow, max-snippet:-1, max-image-preview:large, max-video-preview:-1\" \/>\n<link rel=\"canonical\" href=\"https:\/\/www.capgemini.com\/fr-fr\/defi-voile-solidaires-en-peloton-innover-contre-la-sclerose-en-plaques\/\" \/>\n<meta property=\"og:locale\" content=\"fr_FR\" \/>\n<meta property=\"og:type\" content=\"article\" \/>\n<meta property=\"og:title\" content=\"D\u00e9fi Voile Solidaires En Peloton | Innover contre la scl\u00e9rose en plaques\" \/>\n<meta property=\"og:description\" content=\"Nos ing\u00e9nieurs sp\u00e9cialistes de l\u2019a\u00e9ronautique mobilisent leurs expertises pour accro\u00eetre les performances du multicoque du skipper Thibaut Vauchel\" \/>\n<meta property=\"og:url\" content=\"https:\/\/www.capgemini.com\/fr-fr\/defi-voile-solidaires-en-peloton-innover-contre-la-sclerose-en-plaques\/\" \/>\n<meta property=\"og:site_name\" content=\"Capgemini France\" \/>\n<meta property=\"article:modified_time\" content=\"2025-03-04T07:23:12+00:00\" \/>\n<meta property=\"og:image\" content=\"https:\/\/www.capgemini.com\/fr-fr\/wp-content\/uploads\/sites\/6\/2023\/03\/2023-fr-webpreview-defi-voile-solidaires.jpg\" \/>\n\t<meta property=\"og:image:width\" content=\"1200\" \/>\n\t<meta property=\"og:image:height\" content=\"630\" \/>\n\t<meta property=\"og:image:type\" content=\"image\/jpeg\" \/>\n<meta name=\"twitter:card\" content=\"summary_large_image\" \/>\n<meta name=\"twitter:description\" content=\"Nos ing\u00e9nieurs sp\u00e9cialistes de l\u2019a\u00e9ronautique mobilisent leurs expertises pour accro\u00eetre les performances du multicoque du skipper Thibaut Vauchel\" \/>\n<meta name=\"twitter:image\" content=\"https:\/\/www.capgemini.com\/fr-fr\/wp-content\/uploads\/sites\/6\/2023\/03\/2023-fr-webpreview-defi-voile-solidaires.jpg\" \/>\n<meta name=\"twitter:label1\" content=\"Est. reading time\" \/>\n\t<meta name=\"twitter:data1\" content=\"3 minutes\" \/>\n<script type=\"application\/ld+json\" class=\"yoast-schema-graph\">{\"@context\":\"https:\/\/schema.org\",\"@graph\":[{\"@type\":\"WebPage\",\"@id\":\"https:\/\/www.capgemini.com\/fr-fr\/defi-voile-solidaires-en-peloton-innover-contre-la-sclerose-en-plaques\/\",\"url\":\"https:\/\/www.capgemini.com\/fr-fr\/defi-voile-solidaires-en-peloton-innover-contre-la-sclerose-en-plaques\/\",\"name\":\"D\u00e9fi Voile Solidaires En Peloton | Innover contre la scl\u00e9rose en plaques - Capgemini France\",\"isPartOf\":{\"@id\":\"https:\/\/www.capgemini.com\/fr-fr\/#website\"},\"primaryImageOfPage\":{\"@id\":\"https:\/\/www.capgemini.com\/fr-fr\/defi-voile-solidaires-en-peloton-innover-contre-la-sclerose-en-plaques\/#primaryimage\"},\"image\":{\"@id\":\"https:\/\/www.capgemini.com\/fr-fr\/defi-voile-solidaires-en-peloton-innover-contre-la-sclerose-en-plaques\/#primaryimage\"},\"thumbnailUrl\":\"https:\/\/www.capgemini.com\/fr-fr\/wp-content\/uploads\/sites\/6\/2023\/03\/Dvsep-Banner.jpg\",\"datePublished\":\"2023-03-01T10:29:38+00:00\",\"dateModified\":\"2025-03-04T07:23:12+00:00\",\"description\":\"Nos ing\u00e9nieurs sp\u00e9cialistes de l\u2019a\u00e9ronautique mobilisent leurs expertises pour accro\u00eetre les performances du multicoque de Thibaut Vauchel\",\"breadcrumb\":{\"@id\":\"https:\/\/www.capgemini.com\/fr-fr\/defi-voile-solidaires-en-peloton-innover-contre-la-sclerose-en-plaques\/#breadcrumb\"},\"inLanguage\":\"fr-FR\",\"potentialAction\":[{\"@type\":\"ReadAction\",\"target\":[\"https:\/\/www.capgemini.com\/fr-fr\/defi-voile-solidaires-en-peloton-innover-contre-la-sclerose-en-plaques\/\"]}]},{\"@type\":\"ImageObject\",\"inLanguage\":\"fr-FR\",\"@id\":\"https:\/\/www.capgemini.com\/fr-fr\/defi-voile-solidaires-en-peloton-innover-contre-la-sclerose-en-plaques\/#primaryimage\",\"url\":\"https:\/\/www.capgemini.com\/fr-fr\/wp-content\/uploads\/sites\/6\/2023\/03\/Dvsep-Banner.jpg\",\"contentUrl\":\"https:\/\/www.capgemini.com\/fr-fr\/wp-content\/uploads\/sites\/6\/2023\/03\/Dvsep-Banner.jpg\",\"width\":2880,\"height\":1800},{\"@type\":\"BreadcrumbList\",\"@id\":\"https:\/\/www.capgemini.com\/fr-fr\/defi-voile-solidaires-en-peloton-innover-contre-la-sclerose-en-plaques\/#breadcrumb\",\"itemListElement\":[{\"@type\":\"ListItem\",\"position\":1,\"name\":\"Solutions\",\"item\":\"https:\/\/www.capgemini.com\/fr-fr\/solutions\/\"},{\"@type\":\"ListItem\",\"position\":2,\"name\":\"D\u00e9fi Voile Solidaires En Peloton | Innover contre la scl\u00e9rose en plaques\"}]},{\"@type\":\"WebSite\",\"@id\":\"https:\/\/www.capgemini.com\/fr-fr\/#website\",\"url\":\"https:\/\/www.capgemini.com\/fr-fr\/\",\"name\":\"Capgemini France\",\"description\":\"Just another www.capgemini.com site\",\"publisher\":{\"@id\":\"https:\/\/www.capgemini.com\/fr-fr\/#organization\"},\"potentialAction\":[{\"@type\":\"SearchAction\",\"target\":{\"@type\":\"EntryPoint\",\"urlTemplate\":\"https:\/\/www.capgemini.com\/fr-fr\/?s={search_term_string}\"},\"query-input\":\"required name=search_term_string\"}],\"inLanguage\":\"fr-FR\"},{\"@type\":\"Organization\",\"@id\":\"https:\/\/www.capgemini.com\/fr-fr\/#organization\",\"name\":\"Capgemini France\",\"url\":\"https:\/\/www.capgemini.com\/fr-fr\/\",\"logo\":{\"@type\":\"ImageObject\",\"inLanguage\":\"fr-FR\",\"@id\":\"https:\/\/www.capgemini.com\/fr-fr\/#\/schema\/logo\/image\/\",\"url\":\"https:\/\/www.capgemini.com\/fr-fr\/wp-content\/uploads\/sites\/6\/2022\/08\/Logo-Capgemini.png\",\"contentUrl\":\"https:\/\/www.capgemini.com\/fr-fr\/wp-content\/uploads\/sites\/6\/2022\/08\/Logo-Capgemini.png\",\"width\":202,\"height\":60,\"caption\":\"Capgemini France\"},\"image\":{\"@id\":\"https:\/\/www.capgemini.com\/fr-fr\/#\/schema\/logo\/image\/\"}}]}<\/script>\n<!-- \/ Yoast SEO Premium plugin. -->","yoast_head_json":{"title":"D\u00e9fi Voile Solidaires En Peloton | Innover contre la scl\u00e9rose en plaques - Capgemini France","description":"Nos ing\u00e9nieurs sp\u00e9cialistes de l\u2019a\u00e9ronautique mobilisent leurs expertises pour accro\u00eetre les performances du multicoque de Thibaut Vauchel","robots":{"index":"index","follow":"follow","max-snippet":"max-snippet:-1","max-image-preview":"max-image-preview:large","max-video-preview":"max-video-preview:-1"},"canonical":"https:\/\/www.capgemini.com\/fr-fr\/defi-voile-solidaires-en-peloton-innover-contre-la-sclerose-en-plaques\/","og_locale":"fr_FR","og_type":"article","og_title":"D\u00e9fi Voile Solidaires En Peloton | Innover contre la scl\u00e9rose en plaques","og_description":"Nos ing\u00e9nieurs sp\u00e9cialistes de l\u2019a\u00e9ronautique mobilisent leurs expertises pour accro\u00eetre les performances du multicoque du skipper Thibaut Vauchel","og_url":"https:\/\/www.capgemini.com\/fr-fr\/defi-voile-solidaires-en-peloton-innover-contre-la-sclerose-en-plaques\/","og_site_name":"Capgemini France","article_modified_time":"2025-03-04T07:23:12+00:00","og_image":[{"width":1200,"height":630,"url":"https:\/\/www.capgemini.com\/fr-fr\/wp-content\/uploads\/sites\/6\/2023\/03\/2023-fr-webpreview-defi-voile-solidaires.jpg","type":"image\/jpeg"}],"twitter_card":"summary_large_image","twitter_description":"Nos ing\u00e9nieurs sp\u00e9cialistes de l\u2019a\u00e9ronautique mobilisent leurs expertises pour accro\u00eetre les performances du multicoque du skipper Thibaut Vauchel","twitter_image":"https:\/\/www.capgemini.com\/fr-fr\/wp-content\/uploads\/sites\/6\/2023\/03\/2023-fr-webpreview-defi-voile-solidaires.jpg","twitter_misc":{"Est. reading time":"3 minutes"},"schema":{"@context":"https:\/\/schema.org","@graph":[{"@type":"WebPage","@id":"https:\/\/www.capgemini.com\/fr-fr\/defi-voile-solidaires-en-peloton-innover-contre-la-sclerose-en-plaques\/","url":"https:\/\/www.capgemini.com\/fr-fr\/defi-voile-solidaires-en-peloton-innover-contre-la-sclerose-en-plaques\/","name":"D\u00e9fi Voile Solidaires En Peloton | Innover contre la scl\u00e9rose en plaques - Capgemini France","isPartOf":{"@id":"https:\/\/www.capgemini.com\/fr-fr\/#website"},"primaryImageOfPage":{"@id":"https:\/\/www.capgemini.com\/fr-fr\/defi-voile-solidaires-en-peloton-innover-contre-la-sclerose-en-plaques\/#primaryimage"},"image":{"@id":"https:\/\/www.capgemini.com\/fr-fr\/defi-voile-solidaires-en-peloton-innover-contre-la-sclerose-en-plaques\/#primaryimage"},"thumbnailUrl":"https:\/\/www.capgemini.com\/fr-fr\/wp-content\/uploads\/sites\/6\/2023\/03\/Dvsep-Banner.jpg","datePublished":"2023-03-01T10:29:38+00:00","dateModified":"2025-03-04T07:23:12+00:00","description":"Nos ing\u00e9nieurs sp\u00e9cialistes de l\u2019a\u00e9ronautique mobilisent leurs expertises pour accro\u00eetre les performances du multicoque de Thibaut Vauchel","breadcrumb":{"@id":"https:\/\/www.capgemini.com\/fr-fr\/defi-voile-solidaires-en-peloton-innover-contre-la-sclerose-en-plaques\/#breadcrumb"},"inLanguage":"fr-FR","potentialAction":[{"@type":"ReadAction","target":["https:\/\/www.capgemini.com\/fr-fr\/defi-voile-solidaires-en-peloton-innover-contre-la-sclerose-en-plaques\/"]}]},{"@type":"ImageObject","inLanguage":"fr-FR","@id":"https:\/\/www.capgemini.com\/fr-fr\/defi-voile-solidaires-en-peloton-innover-contre-la-sclerose-en-plaques\/#primaryimage","url":"https:\/\/www.capgemini.com\/fr-fr\/wp-content\/uploads\/sites\/6\/2023\/03\/Dvsep-Banner.jpg","contentUrl":"https:\/\/www.capgemini.com\/fr-fr\/wp-content\/uploads\/sites\/6\/2023\/03\/Dvsep-Banner.jpg","width":2880,"height":1800},{"@type":"BreadcrumbList","@id":"https:\/\/www.capgemini.com\/fr-fr\/defi-voile-solidaires-en-peloton-innover-contre-la-sclerose-en-plaques\/#breadcrumb","itemListElement":[{"@type":"ListItem","position":1,"name":"Solutions","item":"https:\/\/www.capgemini.com\/fr-fr\/solutions\/"},{"@type":"ListItem","position":2,"name":"D\u00e9fi Voile Solidaires En Peloton | Innover contre la scl\u00e9rose en plaques"}]},{"@type":"WebSite","@id":"https:\/\/www.capgemini.com\/fr-fr\/#website","url":"https:\/\/www.capgemini.com\/fr-fr\/","name":"Capgemini France","description":"Just another www.capgemini.com site","publisher":{"@id":"https:\/\/www.capgemini.com\/fr-fr\/#organization"},"potentialAction":[{"@type":"SearchAction","target":{"@type":"EntryPoint","urlTemplate":"https:\/\/www.capgemini.com\/fr-fr\/?s={search_term_string}"},"query-input":"required name=search_term_string"}],"inLanguage":"fr-FR"},{"@type":"Organization","@id":"https:\/\/www.capgemini.com\/fr-fr\/#organization","name":"Capgemini France","url":"https:\/\/www.capgemini.com\/fr-fr\/","logo":{"@type":"ImageObject","inLanguage":"fr-FR","@id":"https:\/\/www.capgemini.com\/fr-fr\/#\/schema\/logo\/image\/","url":"https:\/\/www.capgemini.com\/fr-fr\/wp-content\/uploads\/sites\/6\/2022\/08\/Logo-Capgemini.png","contentUrl":"https:\/\/www.capgemini.com\/fr-fr\/wp-content\/uploads\/sites\/6\/2022\/08\/Logo-Capgemini.png","width":202,"height":60,"caption":"Capgemini France"},"image":{"@id":"https:\/\/www.capgemini.com\/fr-fr\/#\/schema\/logo\/image\/"}}]}},"brand_term":[{"id":142,"slug":"capgemini-engineering"}],"parsely":{"version":"1.1.0","canonical_url":"https:\/\/capgemini.com\/fr-fr\/defi-voile-solidaires-en-peloton-innover-contre-la-sclerose-en-plaques\/","smart_links":{"inbound":0,"outbound":0},"traffic_boost_suggestions_count":0,"meta":{"@context":"https:\/\/schema.org","@type":"WebPage","headline":"D\u00e9fi Voile Solidaires En Peloton | Innover contre la scl\u00e9rose en plaques","url":"https:\/\/www.capgemini.com\/fr-fr\/defi-voile-solidaires-en-peloton-innover-contre-la-sclerose-en-plaques\/","mainEntityOfPage":{"@type":"WebPage","@id":"https:\/\/www.capgemini.com\/fr-fr\/defi-voile-solidaires-en-peloton-innover-contre-la-sclerose-en-plaques\/"},"thumbnailUrl":"https:\/\/www.capgemini.com\/fr-fr\/wp-content\/uploads\/sites\/6\/2023\/03\/Dvsep-Banner.jpg?w=150&h=150&crop=1","image":{"@type":"ImageObject","url":"https:\/\/www.capgemini.com\/fr-fr\/wp-content\/uploads\/sites\/6\/2023\/03\/Dvsep-Banner.jpg"},"articleSection":"Uncategorized","author":[],"creator":[],"publisher":{"@type":"Organization","name":"Capgemini France","logo":""},"keywords":[],"dateCreated":"2023-03-01T10:29:38Z","datePublished":"2023-03-01T10:29:38Z","dateModified":"2025-03-04T07:23:12Z"},"rendered":"<meta name=\"parsely-title\" content=\"D\u00e9fi Voile Solidaires En Peloton | Innover contre la scl\u00e9rose en plaques\" \/>\n<meta name=\"parsely-link\" content=\"https:\/\/www.capgemini.com\/fr-fr\/defi-voile-solidaires-en-peloton-innover-contre-la-sclerose-en-plaques\/\" \/>\n<meta name=\"parsely-type\" content=\"index\" \/>\n<meta name=\"parsely-image-url\" content=\"https:\/\/www.capgemini.com\/fr-fr\/wp-content\/uploads\/sites\/6\/2023\/03\/Dvsep-Banner.jpg?w=150&amp;h=150&amp;crop=1\" \/>\n<meta name=\"parsely-pub-date\" content=\"2023-03-01T10:29:38Z\" \/>\n<meta name=\"parsely-section\" content=\"Uncategorized\" \/>","tracker_url":"https:\/\/cdn.parsely.com\/keys\/capgemini.com\/p.js"},"archive_status":false,"featured_image_src":"https:\/\/www.capgemini.com\/fr-fr\/wp-content\/uploads\/sites\/6\/2023\/03\/Dvsep-Banner.jpg","featured_image_alt":"","jetpack-related-posts":[],"jetpack_sharing_enabled":true,"distributor_meta":false,"distributor_terms":false,"distributor_media":false,"distributor_original_site_name":"Capgemini France","distributor_original_site_url":"https:\/\/www.capgemini.com\/fr-fr","push-errors":false,"_links":{"self":[{"href":"https:\/\/www.capgemini.com\/fr-fr\/wp-json\/wp\/v2\/pages\/711874","targetHints":{"allow":["GET"]}}],"collection":[{"href":"https:\/\/www.capgemini.com\/fr-fr\/wp-json\/wp\/v2\/pages"}],"about":[{"href":"https:\/\/www.capgemini.com\/fr-fr\/wp-json\/wp\/v2\/types\/page"}],"author":[{"embeddable":true,"href":"https:\/\/www.capgemini.com\/fr-fr\/wp-json\/wp\/v2\/users\/448"}],"replies":[{"embeddable":true,"href":"https:\/\/www.capgemini.com\/fr-fr\/wp-json\/wp\/v2\/comments?post=711874"}],"version-history":[{"count":13,"href":"https:\/\/www.capgemini.com\/fr-fr\/wp-json\/wp\/v2\/pages\/711874\/revisions"}],"predecessor-version":[{"id":777008,"href":"https:\/\/www.capgemini.com\/fr-fr\/wp-json\/wp\/v2\/pages\/711874\/revisions\/777008"}],"up":[{"embeddable":true,"href":"https:\/\/www.capgemini.com\/fr-fr\/wp-json\/wp\/v2\/pages\/691760"}],"wp:featuredmedia":[{"embeddable":true,"href":"https:\/\/www.capgemini.com\/fr-fr\/wp-json\/wp\/v2\/media\/711880"}],"wp:attachment":[{"href":"https:\/\/www.capgemini.com\/fr-fr\/wp-json\/wp\/v2\/media?parent=711874"}],"wp:term":[{"taxonomy":"brand","embeddable":true,"href":"https:\/\/www.capgemini.com\/fr-fr\/wp-json\/wp\/v2\/brand?post=711874"},{"taxonomy":"partner_type","embeddable":true,"href":"https:\/\/www.capgemini.com\/fr-fr\/wp-json\/wp\/v2\/partner_type?post=711874"},{"taxonomy":"service","embeddable":true,"href":"https:\/\/www.capgemini.com\/fr-fr\/wp-json\/wp\/v2\/service?post=711874"},{"taxonomy":"industry","embeddable":true,"href":"https:\/\/www.capgemini.com\/fr-fr\/wp-json\/wp\/v2\/industry?post=711874"},{"taxonomy":"partners","embeddable":true,"href":"https:\/\/www.capgemini.com\/fr-fr\/wp-json\/wp\/v2\/partners?post=711874"},{"taxonomy":"page-type","embeddable":true,"href":"https:\/\/www.capgemini.com\/fr-fr\/wp-json\/wp\/v2\/page-type?post=711874"},{"taxonomy":"content-group","embeddable":true,"href":"https:\/\/www.capgemini.com\/fr-fr\/wp-json\/wp\/v2\/content-group?post=711874"}],"curies":[{"name":"wp","href":"https:\/\/api.w.org\/{rel}","templated":true}]}}