{"id":711855,"date":"2023-03-01T11:09:30","date_gmt":"2023-03-01T10:09:30","guid":{"rendered":"https:\/\/www.capgemini.com\/fr-fr\/?page_id=711855"},"modified":"2025-03-04T08:23:29","modified_gmt":"2025-03-04T07:23:29","slug":"handikite-le-sport-pour-tous","status":"publish","type":"page","link":"https:\/\/www.capgemini.com\/fr-fr\/solutions\/handikite-le-sport-pour-tous\/","title":{"rendered":"Handikite | Le sport pour tous"},"content":{"rendered":"\n<header class=\"wp-block-cg-blocks-hero-reusable header heroReusable  \"><div class=\"header-bgs\"><picture><source srcset=\"https:\/\/www.capgemini.com\/fr-fr\/wp-content\/uploads\/sites\/6\/2023\/03\/Handikite-Banner.jpg?w=2880&amp;quality=70 1x, https:\/\/www.capgemini.com\/fr-fr\/wp-content\/uploads\/sites\/6\/2023\/03\/Handikite-Banner.jpg?w=2880&amp;quality=70 2x\" media=\"(min-width: 1500px)\"\/><source srcset=\"https:\/\/www.capgemini.com\/fr-fr\/wp-content\/uploads\/sites\/6\/2023\/03\/Handikite-Banner.jpg?w=1440&amp;quality=70 1x, https:\/\/www.capgemini.com\/fr-fr\/wp-content\/uploads\/sites\/6\/2023\/03\/Handikite-Banner.jpg?w=2880&amp;quality=70 2x\" media=\"(min-width: 992px)\"\/><source srcset=\"https:\/\/www.capgemini.com\/fr-fr\/wp-content\/uploads\/sites\/6\/2023\/03\/Handikite-Banner.jpg?w=1024&amp;quality=70 1x, https:\/\/www.capgemini.com\/fr-fr\/wp-content\/uploads\/sites\/6\/2023\/03\/Handikite-Banner.jpg?w=1024&amp;quality=70 2x\" media=\"(min-width: 768px)\"\/><source srcset=\"https:\/\/www.capgemini.com\/fr-fr\/wp-content\/uploads\/sites\/6\/2023\/03\/Handikite-Banner.jpg?w=768&amp;quality=70 1x, https:\/\/www.capgemini.com\/fr-fr\/wp-content\/uploads\/sites\/6\/2023\/03\/Handikite-Banner.jpg?w=768&amp;quality=70 2x\" media=\"(min-width: 0)\"\/><img decoding=\"async\" src=\"https:\/\/www.capgemini.com\/fr-fr\/wp-content\/uploads\/sites\/6\/2023\/03\/Handikite-Banner.jpg\" class=\"header-img header-img-d\" alt=\"\" style=\"object-fit:cover;object-position:64% 55.00000000000001%\" loading=\"eager\"\/><\/picture><\/div><div class=\"heroPictureCardHeaderShape\"><\/div><div class=\"container\"><div class=\"row\"><div class=\"col-md-12\"><div class=\"box\"><div class=\"boxTagWrapper\"><div class=\"tagInfo\"><div><span class=\"box-tag\">Engagements soci\u00e9taux<\/span><\/div><\/div><div class=\"brandInfo\"><div class=\"brandLogo\"><img decoding=\"async\" loading=\"lazy\" src=\"\/wp-content\/themes\/capgemini2020\/assets\/images\/capgemini-engineering.svg\" alt=\"capgemini-engineering\"\/><\/div><\/div><\/div><div class=\"box-title\"><h1 data-maxlength=\"34\">Handikite | Le sport pour tous<\/h1><\/div><h2 class=\"reasearchInsightTitle\">M\u00e9c\u00e8ne de projets solidaires<\/h2><div class=\"inner-row-insight download-btn\"><\/div><\/div><\/div><\/div><\/div><\/header>\n\n\n\n<section class=\"wp-block-cg-blocks-intro-para undefined section section--intro\"><div class=\"intro-para\"><div class=\"container\"><div class=\"row\"><div class=\"col-12 col-md-1\"><nav class=\"article-social\"><ul class=\"social-nav\"><li class=\"ip-order-fb\"><a href=\"https:\/\/www.facebook.com\/sharer\/sharer.php?u=https:\/\/www.capgemini.com\/fr-fr\/solutions\/handikite-le-sport-pour-tous\/\" target=\"_blank\" rel=\"noopener noreferrer\" title=\"Ouvrir dans une nouvelle fen\u00eatre\"><i aria-hidden=\"true\" class=\"icon-fb\"><\/i><span class=\"sr-only\">Facebook<\/span><\/a><\/li><li class=\"ip-order-li\"><a href=\"https:\/\/www.linkedin.com\/sharing\/share-offsite\/?url=https:\/\/www.capgemini.com\/fr-fr\/solutions\/handikite-le-sport-pour-tous\/\" target=\"_blank\" rel=\"noopener noreferrer\" title=\"Ouvrir dans une nouvelle fen\u00eatre\"><i aria-hidden=\"true\" class=\"icon-li\"><\/i><span class=\"sr-only\">Linkedin<\/span><\/a><\/li><\/ul><\/nav><\/div><div class=\"col-12 col-md-11 col-lg-10\"><h2 class=\"intro-para-title\">L\u2019association Guya\u2019kite a pour missions principales de former et perfectionner ses adh\u00e9rents \u00e0 la pratique du kitesurf, organiser des manifestations et promouvoir les activit\u00e9s autour du kitesurf en Guyane.<\/h2><\/div><\/div><\/div><\/div><\/section>\n\n\n\n<section class=\"wp-block-cg-blocks-group undefined section section--article-content\"><div class=\"article-main-content\"><div class=\"container\"><div class=\"row\"><div class=\"col-12 col-md-11 col-lg-10 offset-md-1 offset-lg-1\"><div class=\"article-text article-quote-text\">\n<figure class=\"wp-block-embed is-type-video is-provider-youtube wp-block-embed-youtube wp-embed-aspect-16-9 wp-has-aspect-ratio\"><div class=\"wp-block-embed__wrapper\">\n<iframe loading=\"lazy\" title=\"Rendre accessible l\u2019inaccessible : un objectif partag\u00e9 avec nos partenaires\" width=\"960\" height=\"540\" src=\"https:\/\/www.youtube.com\/embed\/R2gTWJ7y1lM?feature=oembed\" frameborder=\"0\" allow=\"accelerometer; autoplay; clipboard-write; encrypted-media; gyroscope; picture-in-picture; web-share\" allowfullscreen><\/iframe>\n<\/div><\/figure>\n\n\n\n<h4 class=\"wp-block-heading\" id=\"h-un-sport-inclusif\">Un sport inclusif<\/h4>\n\n\n\n<p>Yann D\u00e9jou, fondateur de l\u2019association et moniteur dipl\u00f4m\u00e9 d\u2019\u00e9tat de kitesurf, d\u00e9veloppe depuis 2014 et en exclusivit\u00e9 mondiale le Tandem Handikite, une activit\u00e9 de kitesurf d\u00e9di\u00e9e aux personnes en situation de handicap.<\/p>\n\n\n\n<p>Avec ce projet \u00e0 vis\u00e9e inclusive, l\u2019association souhaite rendre accessible la pratique du kitesurf au plus grand nombre et veut cr\u00e9er au niveau institutionnel, f\u00e9d\u00e9ral, didactique, p\u00e9dagogique et mat\u00e9riel les r\u00e9f\u00e9rentiels permettant la reconnaissance et le d\u00e9veloppement de l\u2019activit\u00e9.<\/p>\n\n\n\n<h4 class=\"wp-block-heading\" id=\"h-notre-expertise-au-service-des-personnes-en-situation-de-handicap\">Notre expertise au service des personnes en situation de handicap<\/h4>\n\n\n\n<p>Pour accompagner Guya\u2019kite, nos collaborateurs de Pau, Lyon et <strong>Toulouse<\/strong> se penchent sur la macro-conception d\u2019un harnais plus adapt\u00e9 \u00e0 la pratique du Tandem Handikite ainsi que dans l\u2019\u00e9tude des normes en vigueur, dans l\u2019expression de besoins et le conseil en propri\u00e9t\u00e9 intellectuelle. D\u2019autres experts de la r\u00e9gion toulousaine l\u2019accompagnent dans le d\u00e9veloppement de son portail web. Nos savoir-faire en digital, maquettage, proof of concept et en d\u00e9veloppement sont sollicit\u00e9s pour permettre \u00e0 l\u2019association de renforcer et d\u00e9velopper sa communication.<\/p>\n\n\n\n<blockquote class=\"wp-block-quote is-layout-flow wp-block-quote-is-layout-flow\">\n<p>Ce projet me permet de laisser libre court \u00e0 mon inventivit\u00e9 et surtout de donner vie \u00e0 mes id\u00e9es. Nous r\u00e9fl\u00e9chissions \u00e0 une conception durable et socialement responsable du harnais en favorisant l\u2019emploi des personnes handicap\u00e9es et en cherchant, par exemple, des mati\u00e8res recycl\u00e9es et recyclable pour la conception du harnais. C\u2019est un projet inspirant o\u00f9 l\u2019accueil de nouvelles id\u00e9es est la bienvenue.<\/p>\n<cite>Nathan Fillodeau, technicien conception et mod\u00e9lisation, Capgemini Engineering<\/cite><\/blockquote>\n\n\n\n<h4 class=\"wp-block-heading\" id=\"h-un-projet-multi-competences-et-federateur\">Un projet multi-comp\u00e9tences et f\u00e9d\u00e9rateur <\/h4>\n\n\n\n<p>Plusieurs acteurs ont joint leurs forces pour le d\u00e9veloppement et la concr\u00e9tisation de ce projet.<\/p>\n\n\n\n<p>L\u2019Association Agapei s\u2019engage par exemple \u00e0 concevoir les harnais dans ses ateliers de couture de l\u2019ESAT de Chantecler.<\/p>\n\n\n\n<p>C\u2019est \u00e9galement le cas de la Mission handicap (MH) Capgemini Engineering. Engag\u00e9e pour l\u2019emploi et l\u2019accompagnement des personnes en situation de handicap, notre MH renforce ce partenariat en finan\u00e7ant des machines \u00e0 coudre permettant \u00e0 l\u2019ESAT de fabriquer les harnais ainsi qu\u2019en accompagnant nos collaborateurs en situation de handicap impliqu\u00e9s dans ce projet inclusif et f\u00e9d\u00e9rateur.<\/p>\n\n\n\n<blockquote class=\"wp-block-quote is-layout-flow wp-block-quote-is-layout-flow\">\n<p>C&#8217;est une chance incroyable de pouvoir b\u00e9n\u00e9ficier des comp\u00e9tences dans des domaines tellement vari\u00e9s et pointus de tous ces ing\u00e9nieurs. C&#8217;est une opportunit\u00e9 unique sans laquelle nous n&#8217;aurions jamais pu, mat\u00e9riellement, financi\u00e8rement et temporellement d\u00e9velopper le harnais &#8220;id\u00e9al&#8221; indispensable \u00e0 la pratique, et d\u00e9velopper le portail web efficient en tant qu&#8217;interface de communication.&nbsp;<\/p>\n<cite>Yann D\u00e9jou, fondateur de Guya&#8217;kite<\/cite><\/blockquote>\n\n\n\n<figure class=\"wp-block-gallery has-nested-images columns-default is-cropped wp-block-gallery-1 is-layout-flex wp-block-gallery-is-layout-flex\">\n<figure class=\"wp-block-image size-full\"><img loading=\"lazy\" decoding=\"async\" width=\"736\" height=\"414\" data-id=\"711866\" src=\"https:\/\/www.capgemini.com\/fr-fr\/wp-content\/uploads\/sites\/6\/2023\/03\/handikite-1.png\" alt=\"\" class=\"wp-image-711866\" srcset=\"https:\/\/www.capgemini.com\/fr-fr\/wp-content\/uploads\/sites\/6\/2023\/03\/handikite-1.png 736w, https:\/\/www.capgemini.com\/fr-fr\/wp-content\/uploads\/sites\/6\/2023\/03\/handikite-1.png?resize=300,169 300w\" sizes=\"auto, (max-width: 736px) 100vw, 736px\" \/><\/figure>\n\n\n\n<figure class=\"wp-block-image size-full\"><img loading=\"lazy\" decoding=\"async\" width=\"736\" height=\"414\" data-id=\"711867\" src=\"https:\/\/www.capgemini.com\/fr-fr\/wp-content\/uploads\/sites\/6\/2023\/03\/handikite-2.png\" alt=\"\" class=\"wp-image-711867\" srcset=\"https:\/\/www.capgemini.com\/fr-fr\/wp-content\/uploads\/sites\/6\/2023\/03\/handikite-2.png 736w, https:\/\/www.capgemini.com\/fr-fr\/wp-content\/uploads\/sites\/6\/2023\/03\/handikite-2.png?resize=300,169 300w\" sizes=\"auto, (max-width: 736px) 100vw, 736px\" \/><\/figure>\n\n\n\n<figure class=\"wp-block-image size-full\"><img loading=\"lazy\" decoding=\"async\" width=\"736\" height=\"414\" data-id=\"711868\" src=\"https:\/\/www.capgemini.com\/fr-fr\/wp-content\/uploads\/sites\/6\/2023\/03\/handikite-3.png\" alt=\"\" class=\"wp-image-711868\" srcset=\"https:\/\/www.capgemini.com\/fr-fr\/wp-content\/uploads\/sites\/6\/2023\/03\/handikite-3.png 736w, https:\/\/www.capgemini.com\/fr-fr\/wp-content\/uploads\/sites\/6\/2023\/03\/handikite-3.png?resize=300,169 300w\" sizes=\"auto, (max-width: 736px) 100vw, 736px\" \/><\/figure>\n<\/figure>\n<\/div><\/div><\/div><\/div><\/div><\/section>\n","protected":false},"excerpt":{"rendered":"<p>Nos experts mettent leur savoir-faire en digital, maquettage, proof of concept et en d\u00e9veloppement pour aider l\u2019association \u00e0 renforcer sa communication.<\/p>\n","protected":false},"author":448,"featured_media":711856,"parent":691760,"menu_order":0,"comment_status":"closed","ping_status":"closed","template":"","meta":{"cg_dt_proposed_to":[21,41],"cg_seo_hreflang_relations":"[]","cg_seo_canonical_relation":"{\"uuid\":\"64283fb4-4f29-460d-afa4-02d7b5f3bfed\",\"blogId\":\"\",\"domain\":\"\",\"sitePath\":\"\",\"postLink\":\"\",\"postId\":null,\"isSaved\":true,\"isCrossLink\":false,\"hasCrossLink\":false}","cg_seo_hreflang_x_default_relation":"{\"uuid\":\"6bf71359-1302-4361-91d7-ffcfe2c3d8f1\",\"blogId\":\"\",\"domain\":\"\",\"sitePath\":\"\",\"postLink\":\"\",\"postId\":null,\"isSaved\":true,\"isCrossLink\":false,\"hasCrossLink\":false}","cg_dt_approved_content":true,"cg_dt_mandatory_content":false,"cg_dt_notes":"","cg_dg_source_changed":false,"cg_dt_link_disabled":true,"_yoast_wpseo_primary_brand":"142","footnotes":"","featured_focal_points":"","partner_card_description":"","gsap_animation":0},"brand":[142],"partner_type":[],"service":[],"industry":[],"partners":[],"page-type":[270],"content-group":[],"class_list":["post-711855","page","type-page","status-publish","has-post-thumbnail","hentry","brand-capgemini-engineering","page-type-solutions"],"yoast_head":"<!-- This site is optimized with the Yoast SEO Premium plugin v22.8 (Yoast SEO v22.8) - https:\/\/yoast.com\/wordpress\/plugins\/seo\/ -->\n<title>Handikite | Le sport pour tous - Capgemini France<\/title>\n<meta name=\"description\" content=\"Nos experts accompagnent l&#039;association en m\u00e9c\u00e9nat de comp\u00e9tences pour aider l&#039;association \u00e0 renforcer sa communication.\" \/>\n<meta name=\"robots\" content=\"index, follow, max-snippet:-1, max-image-preview:large, max-video-preview:-1\" \/>\n<link rel=\"canonical\" href=\"https:\/\/www.capgemini.com\/fr-fr\/solutions\/handikite-le-sport-pour-tous\/\" \/>\n<meta property=\"og:locale\" content=\"fr_FR\" \/>\n<meta property=\"og:type\" content=\"article\" \/>\n<meta property=\"og:title\" content=\"Handikite | Le sport pour tous\" \/>\n<meta property=\"og:description\" content=\"Nos comp\u00e9tences en digital, maquettage, proof of concept et en d\u00e9veloppement pour accompagner le d\u00e9veloppement de l&#039;association.\" \/>\n<meta property=\"og:url\" content=\"https:\/\/www.capgemini.com\/fr-fr\/solutions\/handikite-le-sport-pour-tous\/\" \/>\n<meta property=\"og:site_name\" content=\"Capgemini France\" \/>\n<meta property=\"article:modified_time\" content=\"2025-03-04T07:23:29+00:00\" \/>\n<meta property=\"og:image\" content=\"https:\/\/www.capgemini.com\/fr-fr\/wp-content\/uploads\/sites\/6\/2023\/03\/2023-fr-webpreview-handikite.jpg\" \/>\n\t<meta property=\"og:image:width\" content=\"1200\" \/>\n\t<meta property=\"og:image:height\" content=\"630\" \/>\n\t<meta property=\"og:image:type\" content=\"image\/jpeg\" \/>\n<meta name=\"twitter:card\" content=\"summary_large_image\" \/>\n<meta name=\"twitter:description\" content=\"Nos comp\u00e9tences en digital, maquettage, proof of concept et en d\u00e9veloppement pour accompagner le d\u00e9veloppement de l&#039;association.\" \/>\n<meta name=\"twitter:image\" content=\"https:\/\/www.capgemini.com\/fr-fr\/wp-content\/uploads\/sites\/6\/2023\/03\/2023-fr-webpreview-handikite.jpg\" \/>\n<meta name=\"twitter:label1\" content=\"Est. reading time\" \/>\n\t<meta name=\"twitter:data1\" content=\"3 minutes\" \/>\n<script type=\"application\/ld+json\" class=\"yoast-schema-graph\">{\"@context\":\"https:\/\/schema.org\",\"@graph\":[{\"@type\":\"WebPage\",\"@id\":\"https:\/\/www.capgemini.com\/fr-fr\/solutions\/handikite-le-sport-pour-tous\/\",\"url\":\"https:\/\/www.capgemini.com\/fr-fr\/solutions\/handikite-le-sport-pour-tous\/\",\"name\":\"Handikite | Le sport pour tous - Capgemini France\",\"isPartOf\":{\"@id\":\"https:\/\/www.capgemini.com\/fr-fr\/#website\"},\"primaryImageOfPage\":{\"@id\":\"https:\/\/www.capgemini.com\/fr-fr\/solutions\/handikite-le-sport-pour-tous\/#primaryimage\"},\"image\":{\"@id\":\"https:\/\/www.capgemini.com\/fr-fr\/solutions\/handikite-le-sport-pour-tous\/#primaryimage\"},\"thumbnailUrl\":\"https:\/\/www.capgemini.com\/fr-fr\/wp-content\/uploads\/sites\/6\/2023\/03\/Handikite-Banner.jpg\",\"datePublished\":\"2023-03-01T10:09:30+00:00\",\"dateModified\":\"2025-03-04T07:23:29+00:00\",\"description\":\"Nos experts accompagnent l'association en m\u00e9c\u00e9nat de comp\u00e9tences pour aider l'association \u00e0 renforcer sa communication.\",\"breadcrumb\":{\"@id\":\"https:\/\/www.capgemini.com\/fr-fr\/solutions\/handikite-le-sport-pour-tous\/#breadcrumb\"},\"inLanguage\":\"fr-FR\",\"potentialAction\":[{\"@type\":\"ReadAction\",\"target\":[\"https:\/\/www.capgemini.com\/fr-fr\/solutions\/handikite-le-sport-pour-tous\/\"]}]},{\"@type\":\"ImageObject\",\"inLanguage\":\"fr-FR\",\"@id\":\"https:\/\/www.capgemini.com\/fr-fr\/solutions\/handikite-le-sport-pour-tous\/#primaryimage\",\"url\":\"https:\/\/www.capgemini.com\/fr-fr\/wp-content\/uploads\/sites\/6\/2023\/03\/Handikite-Banner.jpg\",\"contentUrl\":\"https:\/\/www.capgemini.com\/fr-fr\/wp-content\/uploads\/sites\/6\/2023\/03\/Handikite-Banner.jpg\",\"width\":2880,\"height\":1800},{\"@type\":\"BreadcrumbList\",\"@id\":\"https:\/\/www.capgemini.com\/fr-fr\/solutions\/handikite-le-sport-pour-tous\/#breadcrumb\",\"itemListElement\":[{\"@type\":\"ListItem\",\"position\":1,\"name\":\"Solutions\",\"item\":\"https:\/\/www.capgemini.com\/fr-fr\/solutions\/\"},{\"@type\":\"ListItem\",\"position\":2,\"name\":\"Handikite | Le sport pour tous\"}]},{\"@type\":\"WebSite\",\"@id\":\"https:\/\/www.capgemini.com\/fr-fr\/#website\",\"url\":\"https:\/\/www.capgemini.com\/fr-fr\/\",\"name\":\"Capgemini France\",\"description\":\"Just another www.capgemini.com site\",\"publisher\":{\"@id\":\"https:\/\/www.capgemini.com\/fr-fr\/#organization\"},\"potentialAction\":[{\"@type\":\"SearchAction\",\"target\":{\"@type\":\"EntryPoint\",\"urlTemplate\":\"https:\/\/www.capgemini.com\/fr-fr\/?s={search_term_string}\"},\"query-input\":\"required name=search_term_string\"}],\"inLanguage\":\"fr-FR\"},{\"@type\":\"Organization\",\"@id\":\"https:\/\/www.capgemini.com\/fr-fr\/#organization\",\"name\":\"Capgemini France\",\"url\":\"https:\/\/www.capgemini.com\/fr-fr\/\",\"logo\":{\"@type\":\"ImageObject\",\"inLanguage\":\"fr-FR\",\"@id\":\"https:\/\/www.capgemini.com\/fr-fr\/#\/schema\/logo\/image\/\",\"url\":\"https:\/\/www.capgemini.com\/fr-fr\/wp-content\/uploads\/sites\/6\/2022\/08\/Logo-Capgemini.png\",\"contentUrl\":\"https:\/\/www.capgemini.com\/fr-fr\/wp-content\/uploads\/sites\/6\/2022\/08\/Logo-Capgemini.png\",\"width\":202,\"height\":60,\"caption\":\"Capgemini France\"},\"image\":{\"@id\":\"https:\/\/www.capgemini.com\/fr-fr\/#\/schema\/logo\/image\/\"}}]}<\/script>\n<!-- \/ Yoast SEO Premium plugin. -->","yoast_head_json":{"title":"Handikite | Le sport pour tous - Capgemini France","description":"Nos experts accompagnent l'association en m\u00e9c\u00e9nat de comp\u00e9tences pour aider l'association \u00e0 renforcer sa communication.","robots":{"index":"index","follow":"follow","max-snippet":"max-snippet:-1","max-image-preview":"max-image-preview:large","max-video-preview":"max-video-preview:-1"},"canonical":"https:\/\/www.capgemini.com\/fr-fr\/solutions\/handikite-le-sport-pour-tous\/","og_locale":"fr_FR","og_type":"article","og_title":"Handikite | Le sport pour tous","og_description":"Nos comp\u00e9tences en digital, maquettage, proof of concept et en d\u00e9veloppement pour accompagner le d\u00e9veloppement de l'association.","og_url":"https:\/\/www.capgemini.com\/fr-fr\/solutions\/handikite-le-sport-pour-tous\/","og_site_name":"Capgemini France","article_modified_time":"2025-03-04T07:23:29+00:00","og_image":[{"width":1200,"height":630,"url":"https:\/\/www.capgemini.com\/fr-fr\/wp-content\/uploads\/sites\/6\/2023\/03\/2023-fr-webpreview-handikite.jpg","type":"image\/jpeg"}],"twitter_card":"summary_large_image","twitter_description":"Nos comp\u00e9tences en digital, maquettage, proof of concept et en d\u00e9veloppement pour accompagner le d\u00e9veloppement de l'association.","twitter_image":"https:\/\/www.capgemini.com\/fr-fr\/wp-content\/uploads\/sites\/6\/2023\/03\/2023-fr-webpreview-handikite.jpg","twitter_misc":{"Est. reading time":"3 minutes"},"schema":{"@context":"https:\/\/schema.org","@graph":[{"@type":"WebPage","@id":"https:\/\/www.capgemini.com\/fr-fr\/solutions\/handikite-le-sport-pour-tous\/","url":"https:\/\/www.capgemini.com\/fr-fr\/solutions\/handikite-le-sport-pour-tous\/","name":"Handikite | Le sport pour tous - Capgemini France","isPartOf":{"@id":"https:\/\/www.capgemini.com\/fr-fr\/#website"},"primaryImageOfPage":{"@id":"https:\/\/www.capgemini.com\/fr-fr\/solutions\/handikite-le-sport-pour-tous\/#primaryimage"},"image":{"@id":"https:\/\/www.capgemini.com\/fr-fr\/solutions\/handikite-le-sport-pour-tous\/#primaryimage"},"thumbnailUrl":"https:\/\/www.capgemini.com\/fr-fr\/wp-content\/uploads\/sites\/6\/2023\/03\/Handikite-Banner.jpg","datePublished":"2023-03-01T10:09:30+00:00","dateModified":"2025-03-04T07:23:29+00:00","description":"Nos experts accompagnent l'association en m\u00e9c\u00e9nat de comp\u00e9tences pour aider l'association \u00e0 renforcer sa communication.","breadcrumb":{"@id":"https:\/\/www.capgemini.com\/fr-fr\/solutions\/handikite-le-sport-pour-tous\/#breadcrumb"},"inLanguage":"fr-FR","potentialAction":[{"@type":"ReadAction","target":["https:\/\/www.capgemini.com\/fr-fr\/solutions\/handikite-le-sport-pour-tous\/"]}]},{"@type":"ImageObject","inLanguage":"fr-FR","@id":"https:\/\/www.capgemini.com\/fr-fr\/solutions\/handikite-le-sport-pour-tous\/#primaryimage","url":"https:\/\/www.capgemini.com\/fr-fr\/wp-content\/uploads\/sites\/6\/2023\/03\/Handikite-Banner.jpg","contentUrl":"https:\/\/www.capgemini.com\/fr-fr\/wp-content\/uploads\/sites\/6\/2023\/03\/Handikite-Banner.jpg","width":2880,"height":1800},{"@type":"BreadcrumbList","@id":"https:\/\/www.capgemini.com\/fr-fr\/solutions\/handikite-le-sport-pour-tous\/#breadcrumb","itemListElement":[{"@type":"ListItem","position":1,"name":"Solutions","item":"https:\/\/www.capgemini.com\/fr-fr\/solutions\/"},{"@type":"ListItem","position":2,"name":"Handikite | Le sport pour tous"}]},{"@type":"WebSite","@id":"https:\/\/www.capgemini.com\/fr-fr\/#website","url":"https:\/\/www.capgemini.com\/fr-fr\/","name":"Capgemini France","description":"Just another www.capgemini.com site","publisher":{"@id":"https:\/\/www.capgemini.com\/fr-fr\/#organization"},"potentialAction":[{"@type":"SearchAction","target":{"@type":"EntryPoint","urlTemplate":"https:\/\/www.capgemini.com\/fr-fr\/?s={search_term_string}"},"query-input":"required name=search_term_string"}],"inLanguage":"fr-FR"},{"@type":"Organization","@id":"https:\/\/www.capgemini.com\/fr-fr\/#organization","name":"Capgemini France","url":"https:\/\/www.capgemini.com\/fr-fr\/","logo":{"@type":"ImageObject","inLanguage":"fr-FR","@id":"https:\/\/www.capgemini.com\/fr-fr\/#\/schema\/logo\/image\/","url":"https:\/\/www.capgemini.com\/fr-fr\/wp-content\/uploads\/sites\/6\/2022\/08\/Logo-Capgemini.png","contentUrl":"https:\/\/www.capgemini.com\/fr-fr\/wp-content\/uploads\/sites\/6\/2022\/08\/Logo-Capgemini.png","width":202,"height":60,"caption":"Capgemini France"},"image":{"@id":"https:\/\/www.capgemini.com\/fr-fr\/#\/schema\/logo\/image\/"}}]}},"brand_term":[{"id":142,"slug":"capgemini-engineering"}],"parsely":{"version":"1.1.0","canonical_url":"https:\/\/capgemini.com\/fr-fr\/solutions\/handikite-le-sport-pour-tous\/","smart_links":{"inbound":0,"outbound":0},"traffic_boost_suggestions_count":0,"meta":{"@context":"https:\/\/schema.org","@type":"WebPage","headline":"Handikite | Le sport pour tous","url":"https:\/\/www.capgemini.com\/fr-fr\/solutions\/handikite-le-sport-pour-tous\/","mainEntityOfPage":{"@type":"WebPage","@id":"https:\/\/www.capgemini.com\/fr-fr\/solutions\/handikite-le-sport-pour-tous\/"},"thumbnailUrl":"https:\/\/www.capgemini.com\/fr-fr\/wp-content\/uploads\/sites\/6\/2023\/03\/Handikite-Banner.jpg?w=150&h=150&crop=1","image":{"@type":"ImageObject","url":"https:\/\/www.capgemini.com\/fr-fr\/wp-content\/uploads\/sites\/6\/2023\/03\/Handikite-Banner.jpg"},"articleSection":"Uncategorized","author":[],"creator":[],"publisher":{"@type":"Organization","name":"Capgemini France","logo":""},"keywords":[],"dateCreated":"2023-03-01T10:09:30Z","datePublished":"2023-03-01T10:09:30Z","dateModified":"2025-03-04T07:23:29Z"},"rendered":"<meta name=\"parsely-title\" content=\"Handikite | Le sport pour tous\" \/>\n<meta name=\"parsely-link\" content=\"https:\/\/www.capgemini.com\/fr-fr\/solutions\/handikite-le-sport-pour-tous\/\" \/>\n<meta name=\"parsely-type\" content=\"index\" \/>\n<meta name=\"parsely-image-url\" content=\"https:\/\/www.capgemini.com\/fr-fr\/wp-content\/uploads\/sites\/6\/2023\/03\/Handikite-Banner.jpg?w=150&amp;h=150&amp;crop=1\" \/>\n<meta name=\"parsely-pub-date\" content=\"2023-03-01T10:09:30Z\" \/>\n<meta name=\"parsely-section\" content=\"Uncategorized\" \/>","tracker_url":"https:\/\/cdn.parsely.com\/keys\/capgemini.com\/p.js"},"archive_status":false,"featured_image_src":"https:\/\/www.capgemini.com\/fr-fr\/wp-content\/uploads\/sites\/6\/2023\/03\/Handikite-Banner.jpg","featured_image_alt":"","jetpack-related-posts":[],"jetpack_sharing_enabled":true,"distributor_meta":false,"distributor_terms":false,"distributor_media":false,"distributor_original_site_name":"Capgemini France","distributor_original_site_url":"https:\/\/www.capgemini.com\/fr-fr","push-errors":false,"_links":{"self":[{"href":"https:\/\/www.capgemini.com\/fr-fr\/wp-json\/wp\/v2\/pages\/711855","targetHints":{"allow":["GET"]}}],"collection":[{"href":"https:\/\/www.capgemini.com\/fr-fr\/wp-json\/wp\/v2\/pages"}],"about":[{"href":"https:\/\/www.capgemini.com\/fr-fr\/wp-json\/wp\/v2\/types\/page"}],"author":[{"embeddable":true,"href":"https:\/\/www.capgemini.com\/fr-fr\/wp-json\/wp\/v2\/users\/448"}],"replies":[{"embeddable":true,"href":"https:\/\/www.capgemini.com\/fr-fr\/wp-json\/wp\/v2\/comments?post=711855"}],"version-history":[{"count":12,"href":"https:\/\/www.capgemini.com\/fr-fr\/wp-json\/wp\/v2\/pages\/711855\/revisions"}],"predecessor-version":[{"id":777009,"href":"https:\/\/www.capgemini.com\/fr-fr\/wp-json\/wp\/v2\/pages\/711855\/revisions\/777009"}],"up":[{"embeddable":true,"href":"https:\/\/www.capgemini.com\/fr-fr\/wp-json\/wp\/v2\/pages\/691760"}],"wp:featuredmedia":[{"embeddable":true,"href":"https:\/\/www.capgemini.com\/fr-fr\/wp-json\/wp\/v2\/media\/711856"}],"wp:attachment":[{"href":"https:\/\/www.capgemini.com\/fr-fr\/wp-json\/wp\/v2\/media?parent=711855"}],"wp:term":[{"taxonomy":"brand","embeddable":true,"href":"https:\/\/www.capgemini.com\/fr-fr\/wp-json\/wp\/v2\/brand?post=711855"},{"taxonomy":"partner_type","embeddable":true,"href":"https:\/\/www.capgemini.com\/fr-fr\/wp-json\/wp\/v2\/partner_type?post=711855"},{"taxonomy":"service","embeddable":true,"href":"https:\/\/www.capgemini.com\/fr-fr\/wp-json\/wp\/v2\/service?post=711855"},{"taxonomy":"industry","embeddable":true,"href":"https:\/\/www.capgemini.com\/fr-fr\/wp-json\/wp\/v2\/industry?post=711855"},{"taxonomy":"partners","embeddable":true,"href":"https:\/\/www.capgemini.com\/fr-fr\/wp-json\/wp\/v2\/partners?post=711855"},{"taxonomy":"page-type","embeddable":true,"href":"https:\/\/www.capgemini.com\/fr-fr\/wp-json\/wp\/v2\/page-type?post=711855"},{"taxonomy":"content-group","embeddable":true,"href":"https:\/\/www.capgemini.com\/fr-fr\/wp-json\/wp\/v2\/content-group?post=711855"}],"curies":[{"name":"wp","href":"https:\/\/api.w.org\/{rel}","templated":true}]}}