{"id":705593,"date":"2025-12-27T12:03:01","date_gmt":"2025-12-27T11:03:01","guid":{"rendered":"https:\/\/www.capgemini.com\/fr-fr\/?page_id=705593"},"modified":"2026-01-27T12:12:08","modified_gmt":"2026-01-27T11:12:08","slug":"formation-safe-for-teams-sp","status":"publish","type":"page","link":"https:\/\/www.capgemini.com\/fr-fr\/solutions\/lean-agile-safe-formation\/formation-safe-for-teams-sp\/","title":{"rendered":"Formation SAFe\u00ae for Teams (SP) \u2013 version 6.0"},"content":{"rendered":"\n<div class=\"wp-block-cg-blocks-hero-bleed-banner is-style-blue-theme-2\"><div class=\"hero-bleed-mp-banner is-style-blue-theme-2 overlay  is-image has-card \" data-hero-bleed-attributes=\"{&quot;authorName&quot;:null,&quot;authorImgURL&quot;:&quot;\/wp-content\/themes\/capgemini2020\/assets\/images\/mockup.png&quot;,&quot;cglogo&quot;:&quot;&quot;,&quot;showHeroCard&quot;:true,&quot;isLongTitle&quot;:true,&quot;showCareerFields&quot;:false,&quot;careerFormActionLink&quot;:&quot;&quot;,&quot;isCareerSearchBtnOpenNewTab&quot;:false,&quot;heroImgURL&quot;:&quot;\/wp-content\/themes\/capgemini2020\/assets\/images\/mockup.png&quot;,&quot;heroImgPosX&quot;:0.22,&quot;heroImgPosY&quot;:0.53,&quot;heroTabImgURL&quot;:null,&quot;heroTabImgPosX&quot;:0.5,&quot;heroTabImgPosY&quot;:0.5,&quot;heroMobImgURL&quot;:null,&quot;heroMobImgPosX&quot;:0.5,&quot;heroMobImgPosY&quot;:0.5,&quot;isHeroMediaFullScreen&quot;:false,&quot;heroMediaType&quot;:&quot;image&quot;,&quot;heroVideoColor&quot;:&quot;light&quot;,&quot;navMenuTextColor&quot;:&quot;white&quot;,&quot;navMenuPosition&quot;:&quot;overlay&quot;,&quot;brandTerm&quot;:&quot;capgemini&quot;,&quot;isHomePage&quot;:false,&quot;showBrandLogoImg&quot;:false,&quot;enableVideoCTA&quot;:false,&quot;videoCTAOpenInNewTab&quot;:false,&quot;enableVideoAutoplay&quot;:true,&quot;termId&quot;:0,&quot;primaryTag&quot;:&quot;&quot;,&quot;primaryTagSlug&quot;:&quot;&quot;,&quot;className&quot;:&quot;is-style-blue-theme-2&quot;,&quot;blockId&quot;:&quot;3208ec1a-8f14-4bf0-a805-238082730c18&quot;}\"><div class=\"hero-image d-block \"><picture><source srcset=\"\/wp-content\/themes\/capgemini2020\/assets\/images\/mockup.png?w=2880&amp;quality=70 1x, \/wp-content\/themes\/capgemini2020\/assets\/images\/mockup.png?w=2880&amp;quality=70 2x\" media=\"(min-width: 1500px)\"\/><source srcset=\"\/wp-content\/themes\/capgemini2020\/assets\/images\/mockup.png?w=1440&amp;quality=70 1x, \/wp-content\/themes\/capgemini2020\/assets\/images\/mockup.png?w=2880&amp;quality=70 2x\" media=\"(min-width: 992px)\"\/><img decoding=\"async\" width=\"100%\" height=\"100%\" src=\"\/wp-content\/themes\/capgemini2020\/assets\/images\/mockup.png\"\/><\/picture><\/div><div class=\"header-line hero-bg-shape\"><\/div><div class=\"container\"><div class=\"row\"><div class=\"col-12 col-md-12 col-lg-10\"><div class=\"content-box-wrapper\"><div class=\"content-box is-long centralized\"><span class=\"title-tag\">Agile<\/span><h1 class=\"title\">Formation SAFe\u00ae for Teams (SP)<\/h1><p class=\"description\">Version 6.0 (support de cours &amp; examen en fran\u00e7ais)<\/p><\/div><\/div><\/div><\/div><\/div><\/div><div class=\"modal fade ytmodal\" id=\"videoModal3208ec1a-8f14-4bf0-a805-238082730c18\" tabindex=\"-1\" role=\"dialog\" aria-labelledby=\"videoModalLabel\" aria-hidden=\"true\"><div class=\"modal-dialog modal-dialog-centered modal-lg\"><div class=\"modal-content\"><button type=\"button\" class=\"close\" data-bs-dismiss=\"modal\" aria-label=\"Close\"><span aria-hidden=\"true\">\u00d7<\/span><\/button><div class=\"modal-body\"><div class=\"ratio ratio-16x9\"><div class=\"embed-responsive embed-responsive-16by9\"><iframe class=\"embed-responsive-item\" src=\"\" id=\"video\" allowscriptaccess=\"always\" allow=\"autoplay\"><\/iframe><\/div><\/div><\/div><\/div><\/div><\/div><\/div>\n\n\n\n<section class=\"wp-block-cg-blocks-group undefined section section--article-content\"><div class=\"article-main-content\"><div class=\"container\"><div class=\"row\"><div class=\"col-12 col-md-11 col-lg-10 offset-md-1 offset-lg-1\"><div class=\"article-text article-quote-text\">\n<h2 class=\"wp-block-heading\" id=\"h-descriptif-de-la-formation\">Descriptif de la formation<\/h2>\n\n\n\n<p>Que signifie faire partie d&#8217;une \u00e9quipe Agile sur un Train Agile de Livraison (ART) qui d\u00e9livre de la valeur aux clients ? SAFe\u00ae for Teams couvre les comp\u00e9tences tactiques n\u00e9cessaires pour \u00eatre un membre performant d&#8217;un ART. Le cours vous donne \u00e9galement les conseils et les outils n\u00e9cessaires pour travailler efficacement dans des environnements distants avec des \u00e9quipes distribu\u00e9es. Tirez le meilleur parti de votre exp\u00e9rience d&#8217;apprentissage en la repla\u00e7ant dans le contexte de votre \u00e9quipe et des autres \u00e9quipes de votre ART. <\/p>\n\n\n\n<p>SAFe for Teams vous apprendra tout sur votre r\u00f4le au sein d&#8217;une \u00e9quipe Agile et sur la fa\u00e7on dont votre \u00e9quipe travaille avec les autres dans le cadre d&#8217;un ART. Vous apprendrez comment planifier et ex\u00e9cuter le travail, comment appliquer le Scaled Agile Framework\u00ae et les principes Agiles, et comment vous am\u00e9liorer continuellement. Suivre la formation SAFe\u00ae for Teams avec votre \u00e9quipe vous permettra d&#8217;acqu\u00e9rir les connaissances collectives n\u00e9cessaires pour collaborer efficacement, faire le meilleur travail possible et \u00eatre op\u00e9rationnel avant votre prochain \u00e9v\u00e9nement de planification.<\/p>\n\n\n\n<h2 class=\"wp-block-heading\" id=\"h-objectifs-d-apprentissage\">Objectifs d\u2019apprentissage<\/h2>\n\n\n\n<ul class=\"wp-block-list\">\n<li>Votre r\u00f4le dans l&#8217;\u00e9quipe et le r\u00f4le de votre \u00e9quipe dans l&#8217;ART <\/li>\n\n\n\n<li>Comment appliquer les principes SAFe pour mettre \u00e0 l&#8217;\u00e9chelle une livraison Lean-Agile<\/li>\n\n\n\n<li>Comment planifier et ex\u00e9cuter les it\u00e9rations et les PIs<\/li>\n\n\n\n<li>Comment am\u00e9liorer continuellement l&#8217;ART<\/li>\n<\/ul>\n\n\n\n<h2 class=\"wp-block-heading\" id=\"h-ce-qui-est-inclus\">Ce qui est inclus :<\/h2>\n\n\n\n<ul class=\"wp-block-list\">\n<li>Le manuel de cours et l&#8217;acc\u00e8s \u00e0 SAFe Studio pour vous aider \u00e0 vous pr\u00e9parer \u00e0 l&#8217;examen de certification, \u00e0 r\u00e9clamer votre badge num\u00e9rique et des outils pour commencer \u00e0 jouer votre r\u00f4le dans SAFe. <\/li>\n\n\n\n<li>Apprentissage \u00e0 distance via les salles de classe virtuelles SAFe <\/li>\n\n\n\n<li>Une adh\u00e9sion d&#8217;un an \u00e0 SAFe\u00ae Studio avec votre premi\u00e8re participation \u00e0 un cours \n<ul class=\"wp-block-list\">\n<li>Acc\u00e8s \u00e0 des modules de formation en ligne et \u00e0 des contenus r\u00e9serv\u00e9s aux membres pour vous aider dans votre transformation SAFe <\/li>\n\n\n\n<li>Des forums de discussion pour les membres afin d&#8217;engager des conversations continues sur le cadre SAFe ou sur la fa\u00e7on d&#8217;\u00eatre plus performant au sein d&#8217;une \u00e9quipe agile. <\/li>\n\n\n\n<li>Des listes de lecture de contenu adapt\u00e9es \u00e0 vos int\u00e9r\u00eats et \u00e0 vos r\u00f4les, y compris des ressources mod\u00e8les et des guides de facilitation pour vous aider \u00e0 d\u00e9marrer. <\/li>\n<\/ul>\n<\/li>\n\n\n\n<li>Acc\u00e8s au contenu, aux outils et aux ressources dont vous avez besoin pour pratiquer SAFe au quotidien<\/li>\n\n\n\n<li>Examen de certification SAFe\u00ae Practitioner (SP)<\/li>\n<\/ul>\n\n\n\n<h2 class=\"wp-block-heading\">Programme de la formation<\/h2>\n\n\n\n<ul class=\"wp-block-list\">\n<li>Pr\u00e9senter SAFe\u00ae<\/li>\n\n\n\n<li>Constituer des \u00c9quipes Agile en tant que Train <\/li>\n\n\n\n<li>Se connecter au Client<\/li>\n\n\n\n<li>Planifier le travail <\/li>\n\n\n\n<li>Livrer de la valeur <\/li>\n\n\n\n<li>Obtenir des retours d&#8217;informations <\/li>\n\n\n\n<li>Am\u00e9liorer sans rel\u00e2che <\/li>\n\n\n\n<li>Appliquer SAFe<\/li>\n<\/ul>\n\n\n\n<h2 class=\"wp-block-heading\" id=\"h-a-qui-s-adresse-la-formation\">A qui s\u2019adresse la formation<\/h2>\n\n\n\n<ul class=\"wp-block-list\">\n<li>Product Owner,<\/li>\n\n\n\n<li>D\u00e9veloppeurs,<\/li>\n\n\n\n<li>Scrum Masters, Coachs Agiles,<\/li>\n\n\n\n<li>Consultants, Business Analysts, Change Agents<\/li>\n\n\n\n<li>Architectes d\u2019entreprise, de syst\u00e8mes et de solutions, ing\u00e9nieurs<\/li>\n<\/ul>\n\n\n\n<h2 class=\"wp-block-heading\" id=\"h-quels-sont-les-prerequis\">Quels sont les pr\u00e9requis<\/h2>\n\n\n\n<p>Il n\u2019y a pas de pr\u00e9requis. N\u00e9anmoins pour pouvoir profiter pleinement de la formation, il est recommand\u00e9 de :<\/p>\n\n\n\n<ul class=\"wp-block-list\">\n<li>Connaitre les concepts et principes Agiles <\/li>\n\n\n\n<li>Connaitre Scrum, Kanban et eXtreme Programming (XP) <\/li>\n\n\n\n<li>Connaitre les processus de d\u00e9veloppement de logiciels, syst\u00e8mes informatiques ou syst\u00e8mes cybern\u00e9tiques<\/li>\n<\/ul>\n\n\n\n<h2 class=\"wp-block-heading\" id=\"h-modalites\">Modalit\u00e9s<\/h2>\n\n\n\n<ul class=\"wp-block-list\">\n<li>Alternance de th\u00e9orie, de cas pratiques et d\u2019\u00e9changes entres les participants et les formateurs<\/li>\n\n\n\n<li>Formation en <strong>fran\u00e7ais<\/strong> <\/li>\n\n\n\n<li>Mat\u00e9riel officiel Scaled Agile\u00ae (support et workbook) en <strong>fran\u00e7ais<\/strong> <\/li>\n\n\n\n<li>Certification officielle Scaled Agile\u00ae incluse dans le tarif de la formation (premi\u00e8re tentative gratuite, seconde tentative payante) <\/li>\n\n\n\n<li>Examen de certification \u00e0 passer en <strong>fran\u00e7ais<\/strong> sur le site de la communaut\u00e9 SAFe \u00ae dans les 30 jours suivant la formation sous r\u00e9serve d\u2019avoir assist\u00e9 \u00e0 l\u2019int\u00e9gralit\u00e9 de la formation. <\/li>\n\n\n\n<li>Cette formation est dispens\u00e9e \u00e0 distance. Nous utilisons MS Teams et SAFe Studio afin de faciliter cette session<\/li>\n<\/ul>\n\n\n\n<h2 class=\"wp-block-heading\" id=\"h-horaires\">Horaires<\/h2>\n\n\n\n<ul class=\"wp-block-list\">\n<li>Jour 1&nbsp;: 8h30-12h30<\/li>\n\n\n\n<li>Jour 2&nbsp;: 8h30-12h30<\/li>\n\n\n\n<li>Jour 3&nbsp;: 8h30-12h30<\/li>\n\n\n\n<li>Jour 4&nbsp;: 8h30-12h30<\/li>\n<\/ul>\n\n\n\n<h2 class=\"wp-block-heading\"><strong>Prix de la formation<\/strong><\/h2>\n\n\n\n<p>Nous consulter.<\/p>\n\n\n\n<p>Cette formation est dispens\u00e9e de pr\u00e9f\u00e9rence \u00e0 l\u2019ensemble des membres d\u2019un Train Agile de Livraison (ART)<\/p>\n\n\n\n<p>Contact :&nbsp;<a href=\"mailto:formationsafecontact.fr@capgemini.com\" target=\"_blank\" rel=\"noreferrer noopener\">formationsafecontact.fr@capgemini.com<\/a><\/p>\n\n\n\n<div class=\"wp-block-buttons is-layout-flex wp-block-buttons-is-layout-flex\">\n<div class=\"wp-block-button\"><a class=\"wp-block-button__link has-black-color has-vivid-cyan-blue-background-color has-text-color has-background wp-element-button\" href=\"https:\/\/www.capgemini.com\/fr-fr\/wp-content\/uploads\/sites\/6\/2023\/08\/Formation-SAFe-for-Teams-6.0-SP-20230804.pdf\">T\u00e9l\u00e9chargez le programme<\/a><\/div>\n<\/div>\n<\/div><\/div><\/div><\/div><\/div><\/section>\n","protected":false},"excerpt":{"rendered":"<p>Les participants comprendront en profondeur le fonctionnement d\u2019un ART, comment il d\u00e9livre de la valeur, et ce qu\u2019ils peuvent faire pour exceller dans leur r\u00f4le en utilisant Scrum, Kanban et XP.<\/p>\n","protected":false},"author":166,"featured_media":0,"parent":689903,"menu_order":0,"comment_status":"closed","ping_status":"closed","template":"","meta":{"cg_dt_proposed_to":[],"cg_seo_hreflang_relations":"[]","cg_seo_canonical_relation":"{\"uuid\":\"d5b90db2-756c-4839-a06a-8e02acdbf70c\",\"blogId\":\"\",\"domain\":\"\",\"sitePath\":\"\",\"postLink\":\"\",\"postId\":null,\"isSaved\":true,\"isCrossLink\":false,\"hasCrossLink\":false}","cg_seo_hreflang_x_default_relation":"{\"uuid\":\"b5378769-9c9e-4f67-9f71-286a5a229de6\",\"blogId\":\"\",\"domain\":\"\",\"sitePath\":\"\",\"postLink\":\"\",\"postId\":null,\"isSaved\":true,\"isCrossLink\":false,\"hasCrossLink\":false}","cg_dt_approved_content":true,"cg_dt_mandatory_content":false,"cg_dt_notes":"","cg_dg_source_changed":false,"cg_dt_link_disabled":false,"_yoast_wpseo_primary_brand":"","footnotes":"","featured_focal_points":"","partner_card_description":"","gsap_animation":0},"brand":[],"partner_type":[],"service":[38],"industry":[],"partners":[],"page-type":[270],"content-group":[],"class_list":["post-705593","page","type-page","status-publish","hentry","service-enterprise-management","page-type-solutions"],"yoast_head":"<!-- This site is optimized with the Yoast SEO Premium plugin v22.8 (Yoast SEO v22.8) - https:\/\/yoast.com\/wordpress\/plugins\/seo\/ -->\n<title>Formation SAFe\u00ae for Teams (SP) \u2013 version 6.0 - Capgemini France<\/title>\n<meta name=\"description\" content=\"Acqu\u00e9rir les connaissances n\u00e9cessaires pour devenir membre d\u2019une \u00e9quipe performante d\u2019un Agile Release Train (ART) \u2013 et apprendre comment collaborer efficacement avec d\u2019autres \u00e9quipes \u2013 en devenant un SAFe\u00ae 5 Practitioner (SP).\" \/>\n<meta name=\"robots\" content=\"index, follow, max-snippet:-1, max-image-preview:large, max-video-preview:-1\" \/>\n<link rel=\"canonical\" href=\"https:\/\/www.capgemini.com\/fr-fr\/solutions\/lean-agile-safe-formation\/formation-safe-for-teams-sp\/\" \/>\n<meta property=\"og:locale\" content=\"fr_FR\" \/>\n<meta property=\"og:type\" content=\"article\" \/>\n<meta property=\"og:title\" content=\"Formation SAFe\u00ae for Teams (SP) \u2013 version 6.0\" \/>\n<meta property=\"og:description\" content=\"Acqu\u00e9rir les connaissances n\u00e9cessaires pour devenir membre d\u2019une \u00e9quipe performante d\u2019un Agile Release Train (ART) \u2013 et apprendre comment collaborer efficacement avec d\u2019autres \u00e9quipes \u2013 en devenant un SAFe\u00ae 5 Practitioner (SP).\" \/>\n<meta property=\"og:url\" content=\"https:\/\/www.capgemini.com\/fr-fr\/solutions\/lean-agile-safe-formation\/formation-safe-for-teams-sp\/\" \/>\n<meta property=\"og:site_name\" content=\"Capgemini France\" \/>\n<meta property=\"article:modified_time\" content=\"2026-01-27T11:12:08+00:00\" \/>\n<meta property=\"og:image\" content=\"https:\/\/www.capgemini.com\/fr-fr\/wp-content\/uploads\/sites\/6\/2022\/12\/webpreview-PageFormationsCertifiantes.jpg\" \/>\n\t<meta property=\"og:image:width\" content=\"1600\" \/>\n\t<meta property=\"og:image:height\" content=\"888\" \/>\n\t<meta property=\"og:image:type\" content=\"image\/jpeg\" \/>\n<meta name=\"twitter:card\" content=\"summary_large_image\" \/>\n<script type=\"application\/ld+json\" class=\"yoast-schema-graph\">{\"@context\":\"https:\/\/schema.org\",\"@graph\":[{\"@type\":\"WebPage\",\"@id\":\"https:\/\/www.capgemini.com\/fr-fr\/solutions\/lean-agile-safe-formation\/formation-safe-for-teams-sp\/\",\"url\":\"https:\/\/www.capgemini.com\/fr-fr\/solutions\/lean-agile-safe-formation\/formation-safe-for-teams-sp\/\",\"name\":\"Formation SAFe\u00ae for Teams (SP) \u2013 version 6.0 - Capgemini France\",\"isPartOf\":{\"@id\":\"https:\/\/www.capgemini.com\/fr-fr\/#website\"},\"datePublished\":\"2025-12-27T11:03:01+00:00\",\"dateModified\":\"2026-01-27T11:12:08+00:00\",\"description\":\"Acqu\u00e9rir les connaissances n\u00e9cessaires pour devenir membre d\u2019une \u00e9quipe performante d\u2019un Agile Release Train (ART) \u2013 et apprendre comment collaborer efficacement avec d\u2019autres \u00e9quipes \u2013 en devenant un SAFe\u00ae 5 Practitioner (SP).\",\"breadcrumb\":{\"@id\":\"https:\/\/www.capgemini.com\/fr-fr\/solutions\/lean-agile-safe-formation\/formation-safe-for-teams-sp\/#breadcrumb\"},\"inLanguage\":\"fr-FR\",\"potentialAction\":[{\"@type\":\"ReadAction\",\"target\":[\"https:\/\/www.capgemini.com\/fr-fr\/solutions\/lean-agile-safe-formation\/formation-safe-for-teams-sp\/\"]}]},{\"@type\":\"BreadcrumbList\",\"@id\":\"https:\/\/www.capgemini.com\/fr-fr\/solutions\/lean-agile-safe-formation\/formation-safe-for-teams-sp\/#breadcrumb\",\"itemListElement\":[{\"@type\":\"ListItem\",\"position\":1,\"name\":\"Solutions\",\"item\":\"https:\/\/www.capgemini.com\/fr-fr\/solutions\/\"},{\"@type\":\"ListItem\",\"position\":2,\"name\":\"Agile en entreprise\",\"item\":\"https:\/\/www.capgemini.com\/fr-fr\/solutions\/lean-agile-safe-formation\/\"},{\"@type\":\"ListItem\",\"position\":3,\"name\":\"Formation SAFe\u00ae for Teams (SP) \u2013 version 6.0\"}]},{\"@type\":\"WebSite\",\"@id\":\"https:\/\/www.capgemini.com\/fr-fr\/#website\",\"url\":\"https:\/\/www.capgemini.com\/fr-fr\/\",\"name\":\"Capgemini France\",\"description\":\"Just another www.capgemini.com site\",\"publisher\":{\"@id\":\"https:\/\/www.capgemini.com\/fr-fr\/#organization\"},\"potentialAction\":[{\"@type\":\"SearchAction\",\"target\":{\"@type\":\"EntryPoint\",\"urlTemplate\":\"https:\/\/www.capgemini.com\/fr-fr\/?s={search_term_string}\"},\"query-input\":\"required name=search_term_string\"}],\"inLanguage\":\"fr-FR\"},{\"@type\":\"Organization\",\"@id\":\"https:\/\/www.capgemini.com\/fr-fr\/#organization\",\"name\":\"Capgemini France\",\"url\":\"https:\/\/www.capgemini.com\/fr-fr\/\",\"logo\":{\"@type\":\"ImageObject\",\"inLanguage\":\"fr-FR\",\"@id\":\"https:\/\/www.capgemini.com\/fr-fr\/#\/schema\/logo\/image\/\",\"url\":\"https:\/\/www.capgemini.com\/fr-fr\/wp-content\/uploads\/sites\/6\/2022\/08\/Logo-Capgemini.png\",\"contentUrl\":\"https:\/\/www.capgemini.com\/fr-fr\/wp-content\/uploads\/sites\/6\/2022\/08\/Logo-Capgemini.png\",\"width\":202,\"height\":60,\"caption\":\"Capgemini France\"},\"image\":{\"@id\":\"https:\/\/www.capgemini.com\/fr-fr\/#\/schema\/logo\/image\/\"}}]}<\/script>\n<!-- \/ Yoast SEO Premium plugin. -->","yoast_head_json":{"title":"Formation SAFe\u00ae for Teams (SP) \u2013 version 6.0 - Capgemini France","description":"Acqu\u00e9rir les connaissances n\u00e9cessaires pour devenir membre d\u2019une \u00e9quipe performante d\u2019un Agile Release Train (ART) \u2013 et apprendre comment collaborer efficacement avec d\u2019autres \u00e9quipes \u2013 en devenant un SAFe\u00ae 5 Practitioner (SP).","robots":{"index":"index","follow":"follow","max-snippet":"max-snippet:-1","max-image-preview":"max-image-preview:large","max-video-preview":"max-video-preview:-1"},"canonical":"https:\/\/www.capgemini.com\/fr-fr\/solutions\/lean-agile-safe-formation\/formation-safe-for-teams-sp\/","og_locale":"fr_FR","og_type":"article","og_title":"Formation SAFe\u00ae for Teams (SP) \u2013 version 6.0","og_description":"Acqu\u00e9rir les connaissances n\u00e9cessaires pour devenir membre d\u2019une \u00e9quipe performante d\u2019un Agile Release Train (ART) \u2013 et apprendre comment collaborer efficacement avec d\u2019autres \u00e9quipes \u2013 en devenant un SAFe\u00ae 5 Practitioner (SP).","og_url":"https:\/\/www.capgemini.com\/fr-fr\/solutions\/lean-agile-safe-formation\/formation-safe-for-teams-sp\/","og_site_name":"Capgemini France","article_modified_time":"2026-01-27T11:12:08+00:00","og_image":[{"width":1600,"height":888,"url":"https:\/\/www.capgemini.com\/fr-fr\/wp-content\/uploads\/sites\/6\/2022\/12\/webpreview-PageFormationsCertifiantes.jpg","type":"image\/jpeg"}],"twitter_card":"summary_large_image","schema":{"@context":"https:\/\/schema.org","@graph":[{"@type":"WebPage","@id":"https:\/\/www.capgemini.com\/fr-fr\/solutions\/lean-agile-safe-formation\/formation-safe-for-teams-sp\/","url":"https:\/\/www.capgemini.com\/fr-fr\/solutions\/lean-agile-safe-formation\/formation-safe-for-teams-sp\/","name":"Formation SAFe\u00ae for Teams (SP) \u2013 version 6.0 - Capgemini France","isPartOf":{"@id":"https:\/\/www.capgemini.com\/fr-fr\/#website"},"datePublished":"2025-12-27T11:03:01+00:00","dateModified":"2026-01-27T11:12:08+00:00","description":"Acqu\u00e9rir les connaissances n\u00e9cessaires pour devenir membre d\u2019une \u00e9quipe performante d\u2019un Agile Release Train (ART) \u2013 et apprendre comment collaborer efficacement avec d\u2019autres \u00e9quipes \u2013 en devenant un SAFe\u00ae 5 Practitioner (SP).","breadcrumb":{"@id":"https:\/\/www.capgemini.com\/fr-fr\/solutions\/lean-agile-safe-formation\/formation-safe-for-teams-sp\/#breadcrumb"},"inLanguage":"fr-FR","potentialAction":[{"@type":"ReadAction","target":["https:\/\/www.capgemini.com\/fr-fr\/solutions\/lean-agile-safe-formation\/formation-safe-for-teams-sp\/"]}]},{"@type":"BreadcrumbList","@id":"https:\/\/www.capgemini.com\/fr-fr\/solutions\/lean-agile-safe-formation\/formation-safe-for-teams-sp\/#breadcrumb","itemListElement":[{"@type":"ListItem","position":1,"name":"Solutions","item":"https:\/\/www.capgemini.com\/fr-fr\/solutions\/"},{"@type":"ListItem","position":2,"name":"Agile en entreprise","item":"https:\/\/www.capgemini.com\/fr-fr\/solutions\/lean-agile-safe-formation\/"},{"@type":"ListItem","position":3,"name":"Formation SAFe\u00ae for Teams (SP) \u2013 version 6.0"}]},{"@type":"WebSite","@id":"https:\/\/www.capgemini.com\/fr-fr\/#website","url":"https:\/\/www.capgemini.com\/fr-fr\/","name":"Capgemini France","description":"Just another www.capgemini.com site","publisher":{"@id":"https:\/\/www.capgemini.com\/fr-fr\/#organization"},"potentialAction":[{"@type":"SearchAction","target":{"@type":"EntryPoint","urlTemplate":"https:\/\/www.capgemini.com\/fr-fr\/?s={search_term_string}"},"query-input":"required name=search_term_string"}],"inLanguage":"fr-FR"},{"@type":"Organization","@id":"https:\/\/www.capgemini.com\/fr-fr\/#organization","name":"Capgemini France","url":"https:\/\/www.capgemini.com\/fr-fr\/","logo":{"@type":"ImageObject","inLanguage":"fr-FR","@id":"https:\/\/www.capgemini.com\/fr-fr\/#\/schema\/logo\/image\/","url":"https:\/\/www.capgemini.com\/fr-fr\/wp-content\/uploads\/sites\/6\/2022\/08\/Logo-Capgemini.png","contentUrl":"https:\/\/www.capgemini.com\/fr-fr\/wp-content\/uploads\/sites\/6\/2022\/08\/Logo-Capgemini.png","width":202,"height":60,"caption":"Capgemini France"},"image":{"@id":"https:\/\/www.capgemini.com\/fr-fr\/#\/schema\/logo\/image\/"}}]}},"brand_term":[],"parsely":{"version":"1.1.0","canonical_url":"https:\/\/capgemini.com\/fr-fr\/solutions\/lean-agile-safe-formation\/formation-safe-for-teams-sp\/","smart_links":{"inbound":0,"outbound":0},"traffic_boost_suggestions_count":0,"meta":{"@context":"https:\/\/schema.org","@type":"WebPage","headline":"Formation SAFe\u00ae for Teams (SP) \u2013 version 6.0","url":"https:\/\/www.capgemini.com\/fr-fr\/solutions\/lean-agile-safe-formation\/formation-safe-for-teams-sp\/","mainEntityOfPage":{"@type":"WebPage","@id":"https:\/\/www.capgemini.com\/fr-fr\/solutions\/lean-agile-safe-formation\/formation-safe-for-teams-sp\/"},"thumbnailUrl":"","image":{"@type":"ImageObject","url":""},"articleSection":"Uncategorized","author":[],"creator":[],"publisher":{"@type":"Organization","name":"Capgemini France","logo":""},"keywords":[],"dateCreated":"2025-12-27T11:03:01Z","datePublished":"2025-12-27T11:03:01Z","dateModified":"2026-01-27T11:12:08Z"},"rendered":"<meta name=\"parsely-title\" content=\"Formation SAFe\u00ae for Teams (SP) \u2013 version 6.0\" \/>\n<meta name=\"parsely-link\" content=\"https:\/\/www.capgemini.com\/fr-fr\/solutions\/lean-agile-safe-formation\/formation-safe-for-teams-sp\/\" \/>\n<meta name=\"parsely-type\" content=\"index\" \/>\n<meta name=\"parsely-pub-date\" content=\"2025-12-27T11:03:01Z\" \/>\n<meta name=\"parsely-section\" content=\"Uncategorized\" \/>","tracker_url":"https:\/\/cdn.parsely.com\/keys\/capgemini.com\/p.js"},"archive_status":false,"featured_image_src":"https:\/\/www.capgemini.com\/fr-fr\/wp-content\/themes\/capgemini2025\/assets\/images\/mockup.png","featured_image_alt":false,"jetpack-related-posts":[],"jetpack_sharing_enabled":true,"distributor_meta":false,"distributor_terms":false,"distributor_media":false,"distributor_original_site_name":"Capgemini France","distributor_original_site_url":"https:\/\/www.capgemini.com\/fr-fr","push-errors":false,"_links":{"self":[{"href":"https:\/\/www.capgemini.com\/fr-fr\/wp-json\/wp\/v2\/pages\/705593","targetHints":{"allow":["GET"]}}],"collection":[{"href":"https:\/\/www.capgemini.com\/fr-fr\/wp-json\/wp\/v2\/pages"}],"about":[{"href":"https:\/\/www.capgemini.com\/fr-fr\/wp-json\/wp\/v2\/types\/page"}],"author":[{"embeddable":true,"href":"https:\/\/www.capgemini.com\/fr-fr\/wp-json\/wp\/v2\/users\/166"}],"replies":[{"embeddable":true,"href":"https:\/\/www.capgemini.com\/fr-fr\/wp-json\/wp\/v2\/comments?post=705593"}],"version-history":[{"count":11,"href":"https:\/\/www.capgemini.com\/fr-fr\/wp-json\/wp\/v2\/pages\/705593\/revisions"}],"predecessor-version":[{"id":777028,"href":"https:\/\/www.capgemini.com\/fr-fr\/wp-json\/wp\/v2\/pages\/705593\/revisions\/777028"}],"up":[{"embeddable":true,"href":"https:\/\/www.capgemini.com\/fr-fr\/wp-json\/wp\/v2\/pages\/689903"}],"wp:attachment":[{"href":"https:\/\/www.capgemini.com\/fr-fr\/wp-json\/wp\/v2\/media?parent=705593"}],"wp:term":[{"taxonomy":"brand","embeddable":true,"href":"https:\/\/www.capgemini.com\/fr-fr\/wp-json\/wp\/v2\/brand?post=705593"},{"taxonomy":"partner_type","embeddable":true,"href":"https:\/\/www.capgemini.com\/fr-fr\/wp-json\/wp\/v2\/partner_type?post=705593"},{"taxonomy":"service","embeddable":true,"href":"https:\/\/www.capgemini.com\/fr-fr\/wp-json\/wp\/v2\/service?post=705593"},{"taxonomy":"industry","embeddable":true,"href":"https:\/\/www.capgemini.com\/fr-fr\/wp-json\/wp\/v2\/industry?post=705593"},{"taxonomy":"partners","embeddable":true,"href":"https:\/\/www.capgemini.com\/fr-fr\/wp-json\/wp\/v2\/partners?post=705593"},{"taxonomy":"page-type","embeddable":true,"href":"https:\/\/www.capgemini.com\/fr-fr\/wp-json\/wp\/v2\/page-type?post=705593"},{"taxonomy":"content-group","embeddable":true,"href":"https:\/\/www.capgemini.com\/fr-fr\/wp-json\/wp\/v2\/content-group?post=705593"}],"curies":[{"name":"wp","href":"https:\/\/api.w.org\/{rel}","templated":true}]}}