{"id":705325,"date":"2025-12-19T17:29:59","date_gmt":"2025-12-19T16:29:59","guid":{"rendered":"https:\/\/www.capgemini.com\/fr-fr\/?page_id=705325"},"modified":"2026-02-02T17:10:25","modified_gmt":"2026-02-02T16:10:25","slug":"formation-leading-safe-sa","status":"publish","type":"page","link":"https:\/\/www.capgemini.com\/fr-fr\/solutions\/lean-agile-safe-formation\/formation-leading-safe-certification-sa\/","title":{"rendered":"Formation Leading SAFe\u00ae (SA) &#8211; version 6.0"},"content":{"rendered":"\n<div class=\"wp-block-cg-blocks-hero-bleed-banner is-style-blue-theme-2\"><div class=\"hero-bleed-mp-banner is-style-blue-theme-2 overlay  is-image has-card \" data-hero-bleed-attributes=\"{&quot;authorName&quot;:null,&quot;authorImgURL&quot;:&quot;\/wp-content\/themes\/capgemini2020\/assets\/images\/mockup.png&quot;,&quot;cglogo&quot;:&quot;&quot;,&quot;showHeroCard&quot;:true,&quot;isLongTitle&quot;:true,&quot;showCareerFields&quot;:false,&quot;careerFormActionLink&quot;:&quot;&quot;,&quot;isCareerSearchBtnOpenNewTab&quot;:false,&quot;heroImgURL&quot;:&quot;\/wp-content\/themes\/capgemini2020\/assets\/images\/mockup.png&quot;,&quot;heroImgPosX&quot;:0.22,&quot;heroImgPosY&quot;:0.53,&quot;heroTabImgURL&quot;:null,&quot;heroTabImgPosX&quot;:0.5,&quot;heroTabImgPosY&quot;:0.5,&quot;heroMobImgURL&quot;:null,&quot;heroMobImgPosX&quot;:0.5,&quot;heroMobImgPosY&quot;:0.5,&quot;isHeroMediaFullScreen&quot;:false,&quot;heroMediaType&quot;:&quot;image&quot;,&quot;heroVideoColor&quot;:&quot;light&quot;,&quot;navMenuTextColor&quot;:&quot;white&quot;,&quot;navMenuPosition&quot;:&quot;overlay&quot;,&quot;brandTerm&quot;:&quot;capgemini&quot;,&quot;isHomePage&quot;:false,&quot;showBrandLogoImg&quot;:false,&quot;enableVideoCTA&quot;:false,&quot;videoCTAOpenInNewTab&quot;:false,&quot;enableVideoAutoplay&quot;:true,&quot;termId&quot;:0,&quot;primaryTag&quot;:&quot;&quot;,&quot;primaryTagSlug&quot;:&quot;&quot;,&quot;className&quot;:&quot;is-style-blue-theme-2&quot;,&quot;blockId&quot;:&quot;1e6f2db4-9354-4b99-a3b9-12e8ca9d4f0a&quot;}\"><div class=\"hero-image d-block \"><picture><source srcset=\"\/wp-content\/themes\/capgemini2020\/assets\/images\/mockup.png?w=2880&amp;quality=70 1x, \/wp-content\/themes\/capgemini2020\/assets\/images\/mockup.png?w=2880&amp;quality=70 2x\" media=\"(min-width: 1500px)\"\/><source srcset=\"\/wp-content\/themes\/capgemini2020\/assets\/images\/mockup.png?w=1440&amp;quality=70 1x, \/wp-content\/themes\/capgemini2020\/assets\/images\/mockup.png?w=2880&amp;quality=70 2x\" media=\"(min-width: 992px)\"\/><img decoding=\"async\" width=\"100%\" height=\"100%\" src=\"\/wp-content\/themes\/capgemini2020\/assets\/images\/mockup.png\"\/><\/picture><\/div><div class=\"header-line hero-bg-shape\"><\/div><div class=\"container\"><div class=\"row\"><div class=\"col-12 col-md-12 col-lg-10\"><div class=\"content-box-wrapper\"><div class=\"content-box is-long centralized\"><span class=\"title-tag\">Agile<\/span><h1 class=\"title\">Formation Leading SAFE\u00ae (SA)<\/h1><p class=\"description\">version 6.0 FR (support de cours &amp; examen en fran\u00e7ais)<\/p><\/div><\/div><\/div><\/div><\/div><\/div><div class=\"modal fade ytmodal\" id=\"videoModal1e6f2db4-9354-4b99-a3b9-12e8ca9d4f0a\" tabindex=\"-1\" role=\"dialog\" aria-labelledby=\"videoModalLabel\" aria-hidden=\"true\"><div class=\"modal-dialog modal-dialog-centered modal-lg\"><div class=\"modal-content\"><button type=\"button\" class=\"close\" data-bs-dismiss=\"modal\" aria-label=\"Close\"><span aria-hidden=\"true\">\u00d7<\/span><\/button><div class=\"modal-body\"><div class=\"ratio ratio-16x9\"><div class=\"embed-responsive embed-responsive-16by9\"><iframe class=\"embed-responsive-item\" src=\"\" id=\"video\" allowscriptaccess=\"always\" allow=\"autoplay\"><\/iframe><\/div><\/div><\/div><\/div><\/div><\/div><\/div>\n\n\n\n<section class=\"wp-block-cg-blocks-group undefined section section--article-content\"><div class=\"article-main-content\"><div class=\"container\"><div class=\"row\"><div class=\"col-12 col-md-11 col-lg-10 offset-md-1 offset-lg-1\"><div class=\"article-text article-quote-text\">\n<h2 class=\"wp-block-heading\" id=\"h-descriptif-de-la-formation\">Descriptif de la formation<\/h2>\n\n\n\n<p>Nouveau dans le Scaled Agile Framework\u00ae ? Leading SAFe\u00ae vous offre une introduction aux<br>fondements de SAFe, et fournit les principes et les pratiques pour conduire en toute confiance<br>votre transformation Lean-Agile. Le cours et la certification qui en d\u00e9coule offrent des conseils et<br>des outils pour construire une culture de la r\u00e9silience et un langage partag\u00e9 qui engage les<br>employ\u00e9s et se concentre sur les clients afin que les organisations puissent travailler en agilit\u00e9 \u00e0<br>l&#8217;\u00e9chelle.<\/p>\n\n\n\n<p>Suivez le cours Leading SAFe pour d\u00e9couvrir comment les entreprises peuvent d\u00e9velopper leur<br>agilit\u00e9 et comment faire fonctionner SAFe au sein de votre organisation. Vous comprendrez<br>comment aligner l&#8217;ensemble de votre organisation sur les m\u00eames objectifs clairs, et comment<br>am\u00e9liorer le flux de valeur et de travail de la strat\u00e9gie \u00e0 la livraison. Vous apprendrez ce qui rend<br>les entreprises plus centr\u00e9es sur le client et comment organiser des \u00e9v\u00e9nements cl\u00e9s de<br>planification et d&#8217;alignement SAFe, comme la planification PI.<\/p>\n\n\n\n<h2 class=\"wp-block-heading\" id=\"h-objectifs-d-apprentissage\">Objectifs d\u2019apprentissage<\/h2>\n\n\n\n<p>Comment r\u00e9aliser les b\u00e9n\u00e9fices de SAFe, y compris :<\/p>\n\n\n\n<ul class=\"wp-block-list\">\n<li>Comment \u00e9tablir l&#8217;agilit\u00e9 technique et d&#8217;\u00e9quipe et s&#8217;organiser autour du flux de valeur<\/li>\n\n\n\n<li>Comment aligner des organisations de taille importante autour d&#8217;objectifs clairs et communs<\/li>\n\n\n\n<li>Comment participer avec succ\u00e8s aux \u00e9v\u00e9nements critiques de SAFe, tels que la planification PI<\/li>\n\n\n\n<li>Comment adopter un \u00e9tat d&#8217;esprit centr\u00e9 sur le client<\/li>\n<\/ul>\n\n\n\n<h2 class=\"wp-block-heading\" id=\"h-ce-qui-est-inclus\">Ce qui est inclus : <\/h2>\n\n\n\n<ul class=\"wp-block-list\">\n<li>Le manuel de cours et l&#8217;acc\u00e8s \u00e0 SAFe Studio pour vous aider \u00e0 vous pr\u00e9parer \u00e0 l&#8217;examen de certification, \u00e0 r\u00e9clamer votre badge num\u00e9rique et des outils pour commencer \u00e0 jouer votre r\u00f4le dans SAFe.<\/li>\n\n\n\n<li>Apprentissage \u00e0 distance via les salles de classe virtuelles SAFe<\/li>\n\n\n\n<li>Une adh\u00e9sion d&#8217;un an \u00e0 SAFe\u00ae Studio avec votre premi\u00e8re participation \u00e0 un cours<\/li>\n\n\n\n<li>Acc\u00e8s \u00e0 des modules de formation en ligne et \u00e0 des contenus r\u00e9serv\u00e9s aux membre pour vous aider dans votre transformation SAFe<\/li>\n\n\n\n<li>Des forums de discussion pour les membres afin d&#8217;engager des conversations continues sur le cadre SAFe ou sur la fa\u00e7on d&#8217;\u00eatre plus performant au sein d&#8217;une \u00e9quipe agile.<\/li>\n\n\n\n<li>Des listes de lecture de contenu adapt\u00e9es \u00e0 vos int\u00e9r\u00eats et \u00e0 vos r\u00f4les, y compris des ressources mod\u00e8les et des guides de facilitation pour vous aider \u00e0 d\u00e9marrer.<\/li>\n\n\n\n<li>Acc\u00e8s au contenu, aux outils et aux ressources dont vous avez besoin pour pratiquer SAFe au quotidien<\/li>\n\n\n\n<li>Examen de certification SAFe Agilist (SA)<\/li>\n<\/ul>\n\n\n\n<h2 class=\"wp-block-heading\">Programme de la formation<\/h2>\n\n\n\n<ul class=\"wp-block-list\">\n<li>Prosp\u00e9rer \u00e0 l&#8217;\u00e8re du num\u00e9rique gr\u00e2ce \u00e0 l&#8217;Agilit\u00e9 d&#8217;Entreprise<\/li>\n\n\n\n<li>\u00c9tablir les fondations avec un \u00c9tat d\u2019Esprit, des Valeurs et des Principes<\/li>\n\n\n\n<li>\u00c9tablir l\u2019Agilit\u00e9 d&#8217;\u00c9quipe et Technique<\/li>\n\n\n\n<li>\u00c9laborer des Solutions avec la Livraison Agile de Produit<\/li>\n\n\n\n<li>Explorer le Management Lean du Portefeuille<\/li>\n\n\n\n<li>Conduire le changement<\/li>\n<\/ul>\n\n\n\n<h2 class=\"wp-block-heading\" id=\"h-a-qui-s-adresse-la-formation\">A qui s\u2019adresse la formation<\/h2>\n\n\n\n<ul class=\"wp-block-list\">\n<li>Dirigeants d\u2019entreprise et managers<\/li>\n\n\n\n<li>\u2022Responsables du d\u00e9veloppement, du contr\u00f4le de la qualit\u00e9 et de la gestion des infastructures<\/li>\n\n\n\n<li>Directeurs de projet ou de programmes<\/li>\n\n\n\n<li>Business Analysts, consultants<\/li>\n\n\n\n<li>Coachs Agiles<\/li>\n\n\n\n<li>Product Managers<\/li>\n\n\n\n<li>Portfolio Managers, PMO et responsables de processus<\/li>\n\n\n\n<li>Architectes d\u2019entreprise, de syst\u00e8mes et de solutions<\/li>\n<\/ul>\n\n\n\n<h2 class=\"wp-block-heading\" id=\"h-quels-sont-les-prerequis\">Quels sont les pr\u00e9requis<\/h2>\n\n\n\n<p>Il n\u2019y a pas de pr\u00e9requis pour cette formation. N\u00e9anmoins il sera plus ais\u00e9 de suivre la formation en disposant :<\/p>\n\n\n\n<ul class=\"wp-block-list\">\n<li>Une exp\u00e9rience avec Scrum<\/li>\n<\/ul>\n\n\n\n<ul class=\"wp-block-list\">\n<li>De l\u2019exp\u00e9rience dans le d\u00e9veloppement de logiciels<\/li>\n<\/ul>\n\n\n\n<h2 class=\"wp-block-heading\" id=\"h-modalites\">Modalit\u00e9s<\/h2>\n\n\n\n<ul class=\"wp-block-list\">\n<li>Alternance de th\u00e9orie, de cas pratiques et d\u2019\u00e9changes entres les participants et les formateurs<\/li>\n\n\n\n<li>Formation en fran\u00e7ais<\/li>\n\n\n\n<li>Mat\u00e9riel officiel Scaled Agile\u00ae (support et workbook) en fran\u00e7ais<\/li>\n\n\n\n<li>Certification officielle Scaled Agile\u00ae incluse dans le tarif de la formation (premi\u00e8re tentative gratuite, seconde tentative payante)<\/li>\n\n\n\n<li>Examen de certification \u00e0 passer en fran\u00e7ais sur le site de la communaut\u00e9 SAFe \u00ae dans les 30 jours suivant la formation sous r\u00e9serve d\u2019avoir assist\u00e9 \u00e0 l\u2019int\u00e9gralit\u00e9 de la formation.<\/li>\n\n\n\n<li>Cette formation est dispens\u00e9e \u00e0 distance. Nous utilisons MS Teams et SAFe Studio afin de faciliter cette session<\/li>\n<\/ul>\n\n\n\n<h2 class=\"wp-block-heading\" id=\"h-horaires\">Horaires<\/h2>\n\n\n\n<ul class=\"wp-block-list\">\n<li>Jour 1&nbsp;: 8h30-12h30<\/li>\n\n\n\n<li>Jour 2&nbsp;: 8h30-12h30<\/li>\n\n\n\n<li>Jour 3&nbsp;: 8h30-12h30<\/li>\n\n\n\n<li>Jour 4&nbsp;: 8h30-12h30<\/li>\n<\/ul>\n\n\n\n<h2 class=\"wp-block-heading\">Prix de la formation<\/h2>\n\n\n\n<p> \u20ac 1295 hors taxe<\/p>\n\n\n\n<p>Ce prix inclut la formation et l\u2019acc\u00e8s \u00e0 la certification.<\/p>\n\n\n\n<p>Contact :&nbsp;<a href=\"mailto:formationsafecontact.fr@capgemini.com\" target=\"_blank\" rel=\"noreferrer noopener\">formationsafecontact.fr@capgemini.com<\/a><\/p>\n\n\n\n<div class=\"wp-block-buttons is-layout-flex wp-block-buttons-is-layout-flex\">\n<div class=\"wp-block-button\"><a class=\"wp-block-button__link has-black-color has-vivid-cyan-blue-background-color has-text-color has-background wp-element-button\" href=\"https:\/\/www.capgemini.com\/fr-fr\/wp-content\/uploads\/sites\/6\/2023\/08\/Formation-Leading-SAFe-6.0-FRANCAIS-SA-20230620.pdf\">T\u00e9l\u00e9chargez le programme (support de cours et examen en fran\u00e7ais)<\/a><\/div>\n\n\n\n<div class=\"wp-block-button\"><a class=\"wp-block-button__link has-black-color has-vivid-cyan-blue-background-color has-text-color has-background wp-element-button\" href=\"https:\/\/www.capgemini.com\/fr-fr\/wp-content\/uploads\/sites\/6\/2023\/02\/Formation-Leading-SAFe-5.1-ANGLAIS-SA-20230107.pdf\" target=\"_blank\" rel=\"noreferrer noopener\">T\u00e9l\u00e9chargez le programme (support de cours et examen en anglais)<\/a><\/div>\n<\/div>\n<\/div><\/div><\/div><\/div><\/div><\/section>\n","protected":false},"excerpt":{"rendered":"<p>Acqu\u00e9rir les connaissances sur la ma\u00eetrise de l&#8217;agilit\u00e9 des entreprises afin de prosp\u00e9rer sur le march\u00e9 concurrentiel.<\/p>\n","protected":false},"author":166,"featured_media":0,"parent":689903,"menu_order":0,"comment_status":"closed","ping_status":"closed","template":"","meta":{"cg_dt_proposed_to":[],"cg_seo_hreflang_relations":"[]","cg_seo_canonical_relation":"","cg_seo_hreflang_x_default_relation":"{\"uuid\":\"a34ee422-ac50-4385-9a5a-a42ea8c6931b\",\"blogId\":\"\",\"domain\":\"\",\"sitePath\":\"\",\"postLink\":\"\",\"postId\":null,\"isSaved\":true,\"isCrossLink\":false,\"hasCrossLink\":false}","cg_dt_approved_content":true,"cg_dt_mandatory_content":false,"cg_dt_notes":"","cg_dg_source_changed":false,"cg_dt_link_disabled":false,"_yoast_wpseo_primary_brand":"","footnotes":"","featured_focal_points":"","partner_card_description":"","gsap_animation":0},"brand":[],"partner_type":[],"service":[38],"industry":[],"partners":[],"page-type":[270],"content-group":[],"class_list":["post-705325","page","type-page","status-publish","hentry","service-enterprise-management","page-type-solutions"],"yoast_head":"<!-- This site is optimized with the Yoast SEO Premium plugin v22.8 (Yoast SEO v22.8) - https:\/\/yoast.com\/wordpress\/plugins\/seo\/ -->\n<title>Formation Leading SAFe\u00ae (SA) - version 6.0 - Capgemini France<\/title>\n<meta name=\"description\" content=\"Acqu\u00e9rir les connaissances sur la ma\u00eetrise de l&#039;agilit\u00e9 des entreprises afin de prosp\u00e9rer sur le march\u00e9 concurrentiel.\" \/>\n<meta name=\"robots\" content=\"index, follow, max-snippet:-1, max-image-preview:large, max-video-preview:-1\" \/>\n<link rel=\"canonical\" href=\"https:\/\/www.capgemini.com\/fr-fr\/solutions\/lean-agile-safe-formation\/formation-leading-safe-certification-sa\/\" \/>\n<meta property=\"og:locale\" content=\"fr_FR\" \/>\n<meta property=\"og:type\" content=\"article\" \/>\n<meta property=\"og:title\" content=\"Formation Leading SAFe\u00ae (SA) - version 6.0\" \/>\n<meta property=\"og:description\" content=\"Acqu\u00e9rir les connaissances sur la ma\u00eetrise de l&#039;agilit\u00e9 des entreprises afin de prosp\u00e9rer sur le march\u00e9 concurrentiel.\" \/>\n<meta property=\"og:url\" content=\"https:\/\/www.capgemini.com\/fr-fr\/solutions\/lean-agile-safe-formation\/formation-leading-safe-certification-sa\/\" \/>\n<meta property=\"og:site_name\" content=\"Capgemini France\" \/>\n<meta property=\"article:modified_time\" content=\"2026-02-02T16:10:25+00:00\" \/>\n<meta property=\"og:image\" content=\"https:\/\/www.capgemini.com\/fr-fr\/wp-content\/uploads\/sites\/6\/2022\/12\/webpreview-PageFormationsCertifiantes.jpg\" \/>\n\t<meta property=\"og:image:width\" content=\"1600\" \/>\n\t<meta property=\"og:image:height\" content=\"888\" \/>\n\t<meta property=\"og:image:type\" content=\"image\/jpeg\" \/>\n<meta name=\"twitter:card\" content=\"summary_large_image\" \/>\n<meta name=\"twitter:label1\" content=\"Est. reading time\" \/>\n\t<meta name=\"twitter:data1\" content=\"4 minutes\" \/>\n<script type=\"application\/ld+json\" class=\"yoast-schema-graph\">{\"@context\":\"https:\/\/schema.org\",\"@graph\":[{\"@type\":\"WebPage\",\"@id\":\"https:\/\/www.capgemini.com\/fr-fr\/solutions\/lean-agile-safe-formation\/formation-leading-safe-certification-sa\/\",\"url\":\"https:\/\/www.capgemini.com\/fr-fr\/solutions\/lean-agile-safe-formation\/formation-leading-safe-certification-sa\/\",\"name\":\"Formation Leading SAFe\u00ae (SA) - version 6.0 - Capgemini France\",\"isPartOf\":{\"@id\":\"https:\/\/www.capgemini.com\/fr-fr\/#website\"},\"datePublished\":\"2025-12-19T16:29:59+00:00\",\"dateModified\":\"2026-02-02T16:10:25+00:00\",\"description\":\"Acqu\u00e9rir les connaissances sur la ma\u00eetrise de l'agilit\u00e9 des entreprises afin de prosp\u00e9rer sur le march\u00e9 concurrentiel.\",\"breadcrumb\":{\"@id\":\"https:\/\/www.capgemini.com\/fr-fr\/solutions\/lean-agile-safe-formation\/formation-leading-safe-certification-sa\/#breadcrumb\"},\"inLanguage\":\"fr-FR\",\"potentialAction\":[{\"@type\":\"ReadAction\",\"target\":[\"https:\/\/www.capgemini.com\/fr-fr\/solutions\/lean-agile-safe-formation\/formation-leading-safe-certification-sa\/\"]}]},{\"@type\":\"BreadcrumbList\",\"@id\":\"https:\/\/www.capgemini.com\/fr-fr\/solutions\/lean-agile-safe-formation\/formation-leading-safe-certification-sa\/#breadcrumb\",\"itemListElement\":[{\"@type\":\"ListItem\",\"position\":1,\"name\":\"Solutions\",\"item\":\"https:\/\/www.capgemini.com\/fr-fr\/solutions\/\"},{\"@type\":\"ListItem\",\"position\":2,\"name\":\"Agile en entreprise\",\"item\":\"https:\/\/www.capgemini.com\/fr-fr\/solutions\/lean-agile-safe-formation\/\"},{\"@type\":\"ListItem\",\"position\":3,\"name\":\"Formation Leading SAFe\u00ae (SA) &#8211; version 6.0\"}]},{\"@type\":\"WebSite\",\"@id\":\"https:\/\/www.capgemini.com\/fr-fr\/#website\",\"url\":\"https:\/\/www.capgemini.com\/fr-fr\/\",\"name\":\"Capgemini France\",\"description\":\"Just another www.capgemini.com site\",\"publisher\":{\"@id\":\"https:\/\/www.capgemini.com\/fr-fr\/#organization\"},\"potentialAction\":[{\"@type\":\"SearchAction\",\"target\":{\"@type\":\"EntryPoint\",\"urlTemplate\":\"https:\/\/www.capgemini.com\/fr-fr\/?s={search_term_string}\"},\"query-input\":\"required name=search_term_string\"}],\"inLanguage\":\"fr-FR\"},{\"@type\":\"Organization\",\"@id\":\"https:\/\/www.capgemini.com\/fr-fr\/#organization\",\"name\":\"Capgemini France\",\"url\":\"https:\/\/www.capgemini.com\/fr-fr\/\",\"logo\":{\"@type\":\"ImageObject\",\"inLanguage\":\"fr-FR\",\"@id\":\"https:\/\/www.capgemini.com\/fr-fr\/#\/schema\/logo\/image\/\",\"url\":\"https:\/\/www.capgemini.com\/fr-fr\/wp-content\/uploads\/sites\/6\/2022\/08\/Logo-Capgemini.png\",\"contentUrl\":\"https:\/\/www.capgemini.com\/fr-fr\/wp-content\/uploads\/sites\/6\/2022\/08\/Logo-Capgemini.png\",\"width\":202,\"height\":60,\"caption\":\"Capgemini France\"},\"image\":{\"@id\":\"https:\/\/www.capgemini.com\/fr-fr\/#\/schema\/logo\/image\/\"}}]}<\/script>\n<!-- \/ Yoast SEO Premium plugin. -->","yoast_head_json":{"title":"Formation Leading SAFe\u00ae (SA) - version 6.0 - Capgemini France","description":"Acqu\u00e9rir les connaissances sur la ma\u00eetrise de l'agilit\u00e9 des entreprises afin de prosp\u00e9rer sur le march\u00e9 concurrentiel.","robots":{"index":"index","follow":"follow","max-snippet":"max-snippet:-1","max-image-preview":"max-image-preview:large","max-video-preview":"max-video-preview:-1"},"canonical":"https:\/\/www.capgemini.com\/fr-fr\/solutions\/lean-agile-safe-formation\/formation-leading-safe-certification-sa\/","og_locale":"fr_FR","og_type":"article","og_title":"Formation Leading SAFe\u00ae (SA) - version 6.0","og_description":"Acqu\u00e9rir les connaissances sur la ma\u00eetrise de l'agilit\u00e9 des entreprises afin de prosp\u00e9rer sur le march\u00e9 concurrentiel.","og_url":"https:\/\/www.capgemini.com\/fr-fr\/solutions\/lean-agile-safe-formation\/formation-leading-safe-certification-sa\/","og_site_name":"Capgemini France","article_modified_time":"2026-02-02T16:10:25+00:00","og_image":[{"width":1600,"height":888,"url":"https:\/\/www.capgemini.com\/fr-fr\/wp-content\/uploads\/sites\/6\/2022\/12\/webpreview-PageFormationsCertifiantes.jpg","type":"image\/jpeg"}],"twitter_card":"summary_large_image","twitter_misc":{"Est. reading time":"4 minutes"},"schema":{"@context":"https:\/\/schema.org","@graph":[{"@type":"WebPage","@id":"https:\/\/www.capgemini.com\/fr-fr\/solutions\/lean-agile-safe-formation\/formation-leading-safe-certification-sa\/","url":"https:\/\/www.capgemini.com\/fr-fr\/solutions\/lean-agile-safe-formation\/formation-leading-safe-certification-sa\/","name":"Formation Leading SAFe\u00ae (SA) - version 6.0 - Capgemini France","isPartOf":{"@id":"https:\/\/www.capgemini.com\/fr-fr\/#website"},"datePublished":"2025-12-19T16:29:59+00:00","dateModified":"2026-02-02T16:10:25+00:00","description":"Acqu\u00e9rir les connaissances sur la ma\u00eetrise de l'agilit\u00e9 des entreprises afin de prosp\u00e9rer sur le march\u00e9 concurrentiel.","breadcrumb":{"@id":"https:\/\/www.capgemini.com\/fr-fr\/solutions\/lean-agile-safe-formation\/formation-leading-safe-certification-sa\/#breadcrumb"},"inLanguage":"fr-FR","potentialAction":[{"@type":"ReadAction","target":["https:\/\/www.capgemini.com\/fr-fr\/solutions\/lean-agile-safe-formation\/formation-leading-safe-certification-sa\/"]}]},{"@type":"BreadcrumbList","@id":"https:\/\/www.capgemini.com\/fr-fr\/solutions\/lean-agile-safe-formation\/formation-leading-safe-certification-sa\/#breadcrumb","itemListElement":[{"@type":"ListItem","position":1,"name":"Solutions","item":"https:\/\/www.capgemini.com\/fr-fr\/solutions\/"},{"@type":"ListItem","position":2,"name":"Agile en entreprise","item":"https:\/\/www.capgemini.com\/fr-fr\/solutions\/lean-agile-safe-formation\/"},{"@type":"ListItem","position":3,"name":"Formation Leading SAFe\u00ae (SA) &#8211; version 6.0"}]},{"@type":"WebSite","@id":"https:\/\/www.capgemini.com\/fr-fr\/#website","url":"https:\/\/www.capgemini.com\/fr-fr\/","name":"Capgemini France","description":"Just another www.capgemini.com site","publisher":{"@id":"https:\/\/www.capgemini.com\/fr-fr\/#organization"},"potentialAction":[{"@type":"SearchAction","target":{"@type":"EntryPoint","urlTemplate":"https:\/\/www.capgemini.com\/fr-fr\/?s={search_term_string}"},"query-input":"required name=search_term_string"}],"inLanguage":"fr-FR"},{"@type":"Organization","@id":"https:\/\/www.capgemini.com\/fr-fr\/#organization","name":"Capgemini France","url":"https:\/\/www.capgemini.com\/fr-fr\/","logo":{"@type":"ImageObject","inLanguage":"fr-FR","@id":"https:\/\/www.capgemini.com\/fr-fr\/#\/schema\/logo\/image\/","url":"https:\/\/www.capgemini.com\/fr-fr\/wp-content\/uploads\/sites\/6\/2022\/08\/Logo-Capgemini.png","contentUrl":"https:\/\/www.capgemini.com\/fr-fr\/wp-content\/uploads\/sites\/6\/2022\/08\/Logo-Capgemini.png","width":202,"height":60,"caption":"Capgemini France"},"image":{"@id":"https:\/\/www.capgemini.com\/fr-fr\/#\/schema\/logo\/image\/"}}]}},"brand_term":[],"parsely":{"version":"1.1.0","canonical_url":"https:\/\/capgemini.com\/fr-fr\/solutions\/lean-agile-safe-formation\/formation-leading-safe-certification-sa\/","smart_links":{"inbound":0,"outbound":0},"traffic_boost_suggestions_count":0,"meta":{"@context":"https:\/\/schema.org","@type":"WebPage","headline":"Formation Leading SAFe\u00ae (SA) &#8211; version 6.0","url":"https:\/\/www.capgemini.com\/fr-fr\/solutions\/lean-agile-safe-formation\/formation-leading-safe-certification-sa\/","mainEntityOfPage":{"@type":"WebPage","@id":"https:\/\/www.capgemini.com\/fr-fr\/solutions\/lean-agile-safe-formation\/formation-leading-safe-certification-sa\/"},"thumbnailUrl":"","image":{"@type":"ImageObject","url":""},"articleSection":"Uncategorized","author":[],"creator":[],"publisher":{"@type":"Organization","name":"Capgemini France","logo":""},"keywords":[],"dateCreated":"2025-12-19T16:29:59Z","datePublished":"2025-12-19T16:29:59Z","dateModified":"2026-02-02T16:10:25Z"},"rendered":"<meta name=\"parsely-title\" content=\"Formation Leading SAFe\u00ae (SA) &#8211; version 6.0\" \/>\n<meta name=\"parsely-link\" content=\"https:\/\/www.capgemini.com\/fr-fr\/solutions\/lean-agile-safe-formation\/formation-leading-safe-certification-sa\/\" \/>\n<meta name=\"parsely-type\" content=\"index\" \/>\n<meta name=\"parsely-pub-date\" content=\"2025-12-19T16:29:59Z\" \/>\n<meta name=\"parsely-section\" content=\"Uncategorized\" \/>","tracker_url":"https:\/\/cdn.parsely.com\/keys\/capgemini.com\/p.js"},"archive_status":false,"featured_image_src":"https:\/\/www.capgemini.com\/fr-fr\/wp-content\/themes\/capgemini2025\/assets\/images\/mockup.png","featured_image_alt":false,"jetpack-related-posts":[],"jetpack_sharing_enabled":true,"distributor_meta":false,"distributor_terms":false,"distributor_media":false,"distributor_original_site_name":"Capgemini France","distributor_original_site_url":"https:\/\/www.capgemini.com\/fr-fr","push-errors":false,"_links":{"self":[{"href":"https:\/\/www.capgemini.com\/fr-fr\/wp-json\/wp\/v2\/pages\/705325","targetHints":{"allow":["GET"]}}],"collection":[{"href":"https:\/\/www.capgemini.com\/fr-fr\/wp-json\/wp\/v2\/pages"}],"about":[{"href":"https:\/\/www.capgemini.com\/fr-fr\/wp-json\/wp\/v2\/types\/page"}],"author":[{"embeddable":true,"href":"https:\/\/www.capgemini.com\/fr-fr\/wp-json\/wp\/v2\/users\/166"}],"replies":[{"embeddable":true,"href":"https:\/\/www.capgemini.com\/fr-fr\/wp-json\/wp\/v2\/comments?post=705325"}],"version-history":[{"count":20,"href":"https:\/\/www.capgemini.com\/fr-fr\/wp-json\/wp\/v2\/pages\/705325\/revisions"}],"predecessor-version":[{"id":802719,"href":"https:\/\/www.capgemini.com\/fr-fr\/wp-json\/wp\/v2\/pages\/705325\/revisions\/802719"}],"up":[{"embeddable":true,"href":"https:\/\/www.capgemini.com\/fr-fr\/wp-json\/wp\/v2\/pages\/689903"}],"wp:attachment":[{"href":"https:\/\/www.capgemini.com\/fr-fr\/wp-json\/wp\/v2\/media?parent=705325"}],"wp:term":[{"taxonomy":"brand","embeddable":true,"href":"https:\/\/www.capgemini.com\/fr-fr\/wp-json\/wp\/v2\/brand?post=705325"},{"taxonomy":"partner_type","embeddable":true,"href":"https:\/\/www.capgemini.com\/fr-fr\/wp-json\/wp\/v2\/partner_type?post=705325"},{"taxonomy":"service","embeddable":true,"href":"https:\/\/www.capgemini.com\/fr-fr\/wp-json\/wp\/v2\/service?post=705325"},{"taxonomy":"industry","embeddable":true,"href":"https:\/\/www.capgemini.com\/fr-fr\/wp-json\/wp\/v2\/industry?post=705325"},{"taxonomy":"partners","embeddable":true,"href":"https:\/\/www.capgemini.com\/fr-fr\/wp-json\/wp\/v2\/partners?post=705325"},{"taxonomy":"page-type","embeddable":true,"href":"https:\/\/www.capgemini.com\/fr-fr\/wp-json\/wp\/v2\/page-type?post=705325"},{"taxonomy":"content-group","embeddable":true,"href":"https:\/\/www.capgemini.com\/fr-fr\/wp-json\/wp\/v2\/content-group?post=705325"}],"curies":[{"name":"wp","href":"https:\/\/api.w.org\/{rel}","templated":true}]}}