{"id":703644,"date":"2022-11-29T16:47:46","date_gmt":"2022-11-29T15:47:46","guid":{"rendered":"https:\/\/www.capgemini.com\/fr-fr\/?page_id=703644"},"modified":"2025-03-04T08:30:14","modified_gmt":"2025-03-04T07:30:14","slug":"avis-prealable-de-projet-de-fusion-simplifiee-concernant-la-societe-capgemini-consulting","status":"publish","type":"page","link":"https:\/\/www.capgemini.com\/fr-fr\/capgemini-consulting\/avis-prealable-de-projet-de-fusion-simplifiee-concernant-la-societe-capgemini-consulting\/","title":{"rendered":"Avis pr\u00e9alable de projet de fusion simplifi\u00e9e concernant la soci\u00e9t\u00e9 Capgemini Consulting"},"content":{"rendered":"\n<div class=\"wp-block-cg-blocks-hero-bleed-banner is-style-default\"><div class=\"hero-bleed-mp-banner is-style-default no-overlay  is-image has-card \" data-hero-bleed-attributes=\"{&quot;authorName&quot;:null,&quot;authorImgURL&quot;:&quot;\/wp-content\/themes\/capgemini2020\/assets\/images\/mockup.png&quot;,&quot;cglogo&quot;:&quot;&quot;,&quot;showHeroCard&quot;:true,&quot;isLongTitle&quot;:true,&quot;showCareerFields&quot;:false,&quot;careerFormActionLink&quot;:&quot;&quot;,&quot;isCareerSearchBtnOpenNewTab&quot;:false,&quot;heroImgURL&quot;:&quot;\/wp-content\/themes\/capgemini2020\/assets\/images\/mockup.png&quot;,&quot;heroImgPosX&quot;:0.64,&quot;heroImgPosY&quot;:0.43,&quot;heroTabImgURL&quot;:null,&quot;heroTabImgPosX&quot;:0.5,&quot;heroTabImgPosY&quot;:0.5,&quot;heroMobImgURL&quot;:null,&quot;heroMobImgPosX&quot;:0.5,&quot;heroMobImgPosY&quot;:0.5,&quot;isHeroMediaFullScreen&quot;:false,&quot;heroMediaType&quot;:&quot;image&quot;,&quot;heroVideoColor&quot;:&quot;light&quot;,&quot;navMenuTextColor&quot;:&quot;black&quot;,&quot;navMenuPosition&quot;:&quot;no-overlay&quot;,&quot;isHomePage&quot;:false,&quot;showBrandLogoImg&quot;:false,&quot;enableVideoCTA&quot;:false,&quot;videoCTAOpenInNewTab&quot;:false,&quot;enableVideoAutoplay&quot;:true,&quot;termId&quot;:0,&quot;primaryTag&quot;:&quot;&quot;,&quot;primaryTagSlug&quot;:&quot;&quot;,&quot;className&quot;:&quot;is-style-default&quot;,&quot;blockId&quot;:&quot;fae63070-aec3-480e-a640-b7aca4bc5efa&quot;,&quot;authorImgID&quot;:null}\"><div class=\"hero-image d-block \"><picture><source srcset=\"\/wp-content\/themes\/capgemini2020\/assets\/images\/mockup.png?w=2880&amp;quality=70 1x, \/wp-content\/themes\/capgemini2020\/assets\/images\/mockup.png?w=2880&amp;quality=70 2x\" media=\"(min-width: 1500px)\"\/><source srcset=\"\/wp-content\/themes\/capgemini2020\/assets\/images\/mockup.png?w=1440&amp;quality=70 1x, \/wp-content\/themes\/capgemini2020\/assets\/images\/mockup.png?w=2880&amp;quality=70 2x\" media=\"(min-width: 992px)\"\/><img decoding=\"async\" width=\"100%\" height=\"100%\" src=\"\/wp-content\/themes\/capgemini2020\/assets\/images\/mockup.png\"\/><\/picture><\/div><div class=\"header-line hero-bg-shape\"><\/div><div class=\"container\"><div class=\"row\"><div class=\"col-12 col-md-12 col-lg-10\"><div class=\"content-box-wrapper\"><div class=\"content-box is-long centralized\"><h1 class=\"title\">Avis pr\u00e9alable de projet de fusion simplifi\u00e9e concernant la soci\u00e9t\u00e9 Capgemini Consulting<\/h1><\/div><\/div><\/div><\/div><\/div><\/div><div class=\"modal fade ytmodal\" id=\"videoModalfae63070-aec3-480e-a640-b7aca4bc5efa\" tabindex=\"-1\" role=\"dialog\" aria-labelledby=\"videoModalLabel\" aria-hidden=\"true\"><div class=\"modal-dialog modal-dialog-centered modal-lg\"><div class=\"modal-content\"><button type=\"button\" class=\"close\" data-bs-dismiss=\"modal\" aria-label=\"Close\"><span aria-hidden=\"true\">\u00d7<\/span><\/button><div class=\"modal-body\"><div class=\"ratio ratio-16x9\"><div class=\"embed-responsive embed-responsive-16by9\"><iframe class=\"embed-responsive-item\" src=\"\" id=\"video\" allowscriptaccess=\"always\" allow=\"autoplay\"><\/iframe><\/div><\/div><\/div><\/div><\/div><\/div><\/div>\n\n\n\n<section class=\"wp-block-cg-blocks-group undefined section section--article-content\"><div class=\"article-main-content\"><div class=\"container\"><div class=\"row\"><div class=\"col-12 col-md-11 col-lg-10 offset-md-1 offset-lg-1\"><div class=\"article-text article-quote-text\">\n<p style=\"text-align: center;\"><strong data-rich-text-format-boundary=\"true\">Capgemini Consulting<\/strong><\/p>\n<p style=\"text-align: center;\">soci\u00e9t\u00e9 par actions simplifi\u00e9e au capital de 31&nbsp;013 336&nbsp;\u20ac<\/p>\n<p style=\"text-align: center;\">si\u00e8ge social&nbsp;: 145-151 Quai du Pr\u00e9sident Roosevelt (92130) Issy-les-Moulineaux<\/p>\n<p style=\"text-align: center;\">479&nbsp;766 800 R.C.S. Nanterre<\/p>\n<p style=\"text-align: center;\"><strong><em>&nbsp;(soci\u00e9t\u00e9 absorbante)<\/em><\/strong><\/p>\n<\/p>\n<p style=\"text-align: center;\"><strong>French Bureau<\/strong><\/p>\n<p style=\"text-align: center;\">soci\u00e9t\u00e9 par actions simplifi\u00e9e au capital de 20 000 \u20ac<\/p>\n<p style=\"text-align: center;\">&nbsp;si\u00e8ge social&nbsp;: 17 rue Bouchardon (75010) Paris<\/p>\n<p style=\"text-align: center;\">&nbsp;822&nbsp;172 664 R.C.S. Paris<\/p>\n<p style=\"text-align: center;\"><strong><em>&nbsp;(soci\u00e9t\u00e9 absorb\u00e9e)<\/em><\/strong><\/p>\n\n\n\n<hr>\n<p style=\"text-align: center;\"><strong>AVIS DE PROJET DE FUSION<\/strong><\/p>\n<p style=\"text-align: center;\"><strong>\u00e9tabli et publie conform\u00e9ment \u00e0 l\u2019article R. 236-2-1<\/strong><\/p>\n<p style=\"text-align: center;\"><strong>du Code de commerce<\/strong><\/p>\n<hr>\n<p>Convention de fusion en date du 28\/11\/2022 d\u00e9pos\u00e9e au greffe du tribunal de commerce de Nanterre le 30\/11\/2022 au nom de la soci\u00e9t\u00e9 Capgemini Consulting et au greffe du tribunal de commerce de Paris le 30\/11\/2022 au nom de la soci\u00e9t\u00e9 French Bureau.<\/p>\n<p><u>Evaluation de l&#8217;actif et du passif dont la transmission est pr\u00e9vue par French Bureau<\/u> :<\/p>\n<p>actif : &#8230;&#8230;&#8230;&#8230;&#8230;&#8230;&#8230;&#8230;&#8230;&#8230;&#8230;&#8230;&#8230;&#8230;&#8230;&#8230;&#8230;&#8230;&#8230;&#8230;&#8230;&#8230;&#8230;&#8230;&#8230;&#8230;&#8230;&#8230;&#8230;&#8230;&#8230;&#8230;&#8230;&#8230;&#8230;&#8230;&#8230;&#8230;&#8230;&#8230;&#8230;&#8230;&#8230;&#8230;&#8230;&#8230;&#8230;&#8230;.4.597.545,00 \u20ac<\/p>\n<p>passif : &#8230;&#8230;&#8230;&#8230;&#8230;&#8230;&#8230;&#8230;&#8230;&#8230;&#8230;&#8230;&#8230;&#8230;&#8230;&#8230;&#8230;&#8230;&#8230;&#8230;&#8230;&#8230;&#8230;&#8230;&#8230;&#8230;&#8230;&#8230;&#8230;&#8230;&#8230;&#8230;&#8230;&#8230;&#8230;&#8230;&#8230;&#8230;&#8230;&#8230;&#8230;&#8230;&#8230;&#8230;&#8230;&#8230;&#8230;&#8230;.3.437.535,00 \u20ac<\/p>\n<p><u>Rapports d&#8217;\u00e9change<\/u> :<\/p>\n<p>Aucun \u00e9change de titres et aucune augmentation de capital.<\/p>\n<p><u>Montant pr\u00e9vu de la prime de fusion<\/u> :<\/p>\n<p>La diff\u00e9rence entre l\u2019actif net (soit 1.160.010,00 \u20ac) et la valeur nette comptable des actions d\u00e9tenues dans le capital de la soci\u00e9t\u00e9 absorb\u00e9e par la soci\u00e9t\u00e9 absorbante (soit 21.935.212,00 \u20ac) constituera un mali de fusion de 20.775.202,00 \u20ac.<\/p>\n<\/p>\n<p style=\"text-align: center; padding-left: 400px;\">&nbsp; Pour avis, les repr\u00e9sentants l\u00e9gaux<\/p>\n\n\n\n<div class=\"wp-block-buttons is-layout-flex wp-block-buttons-is-layout-flex\">\n<div class=\"wp-block-button\"><a class=\"wp-block-button__link wp-element-button\" href=\"https:\/\/www.capgemini.com\/fr-fr\/wp-content\/uploads\/sites\/6\/2022\/11\/FRENCH-BUREAU-CG-CC_Traite-de-fusion-simplifiee_signed.pdf\" target=\"_blank\" rel=\"noreferrer noopener\">T\u00e9l\u00e9charger la convention de fusion<\/a><\/div>\n<\/div>\n<\/div><\/div><\/div><\/div><\/div><\/section>\n","protected":false},"excerpt":{"rendered":"","protected":false},"author":166,"featured_media":0,"parent":0,"menu_order":0,"comment_status":"closed","ping_status":"closed","template":"","meta":{"cg_dt_proposed_to":[],"cg_seo_hreflang_relations":"[]","cg_seo_canonical_relation":"{\"uuid\":\"0b01e8cd-b990-4de9-9d2f-882096590f93\",\"blogId\":\"\",\"domain\":\"\",\"sitePath\":\"\",\"postLink\":\"\",\"postId\":null,\"isSaved\":true,\"isCrossLink\":false,\"hasCrossLink\":false}","cg_seo_hreflang_x_default_relation":"{\"uuid\":\"354ac5ca-d94b-4cfe-b2f5-ea533bcb1656\",\"blogId\":\"\",\"domain\":\"\",\"sitePath\":\"\",\"postLink\":\"\",\"postId\":null,\"isSaved\":true,\"isCrossLink\":false,\"hasCrossLink\":false}","cg_dt_approved_content":true,"cg_dt_mandatory_content":false,"cg_dt_notes":"","cg_dg_source_changed":false,"cg_dt_link_disabled":false,"_yoast_wpseo_primary_brand":"","footnotes":"","featured_focal_points":"","partner_card_description":"","gsap_animation":0},"brand":[],"partner_type":[],"service":[],"industry":[],"partners":[],"page-type":[],"content-group":[],"class_list":["post-703644","page","type-page","status-publish","hentry"],"yoast_head":"<!-- This site is optimized with the Yoast SEO Premium plugin v22.8 (Yoast SEO v22.8) - https:\/\/yoast.com\/wordpress\/plugins\/seo\/ -->\n<title>Avis pr\u00e9alable de projet de fusion simplifi\u00e9e concernant la soci\u00e9t\u00e9 Capgemini Consulting - Capgemini France<\/title>\n<meta name=\"robots\" content=\"index, follow, max-snippet:-1, max-image-preview:large, max-video-preview:-1\" \/>\n<link rel=\"canonical\" href=\"https:\/\/www.capgemini.com\/fr-fr\/capgemini-consulting\/avis-prealable-de-projet-de-fusion-simplifiee-concernant-la-societe-capgemini-consulting\/\" \/>\n<meta property=\"og:locale\" content=\"fr_FR\" \/>\n<meta property=\"og:type\" content=\"article\" \/>\n<meta property=\"og:title\" content=\"Avis pr\u00e9alable de projet de fusion simplifi\u00e9e concernant la soci\u00e9t\u00e9 Capgemini Consulting\" \/>\n<meta property=\"og:url\" content=\"https:\/\/www.capgemini.com\/fr-fr\/capgemini-consulting\/avis-prealable-de-projet-de-fusion-simplifiee-concernant-la-societe-capgemini-consulting\/\" \/>\n<meta property=\"og:site_name\" content=\"Capgemini France\" \/>\n<meta property=\"article:modified_time\" content=\"2025-03-04T07:30:14+00:00\" \/>\n<meta property=\"og:image\" content=\"https:\/\/www.capgemini.com\/fr-fr\/wp-content\/uploads\/sites\/6\/2025\/10\/image-1.jpg\" \/>\n\t<meta property=\"og:image:width\" content=\"1200\" \/>\n\t<meta property=\"og:image:height\" content=\"627\" \/>\n\t<meta property=\"og:image:type\" content=\"image\/jpeg\" \/>\n<meta name=\"twitter:card\" content=\"summary_large_image\" \/>\n<script type=\"application\/ld+json\" class=\"yoast-schema-graph\">{\"@context\":\"https:\/\/schema.org\",\"@graph\":[{\"@type\":\"WebPage\",\"@id\":\"https:\/\/www.capgemini.com\/fr-fr\/capgemini-consulting\/avis-prealable-de-projet-de-fusion-simplifiee-concernant-la-societe-capgemini-consulting\/\",\"url\":\"https:\/\/www.capgemini.com\/fr-fr\/capgemini-consulting\/avis-prealable-de-projet-de-fusion-simplifiee-concernant-la-societe-capgemini-consulting\/\",\"name\":\"Avis pr\u00e9alable de projet de fusion simplifi\u00e9e concernant la soci\u00e9t\u00e9 Capgemini Consulting - Capgemini France\",\"isPartOf\":{\"@id\":\"https:\/\/www.capgemini.com\/fr-fr\/#website\"},\"datePublished\":\"2022-11-29T15:47:46+00:00\",\"dateModified\":\"2025-03-04T07:30:14+00:00\",\"inLanguage\":\"fr-FR\",\"potentialAction\":[{\"@type\":\"ReadAction\",\"target\":[\"https:\/\/www.capgemini.com\/fr-fr\/capgemini-consulting\/avis-prealable-de-projet-de-fusion-simplifiee-concernant-la-societe-capgemini-consulting\/\"]}]},{\"@type\":\"WebSite\",\"@id\":\"https:\/\/www.capgemini.com\/fr-fr\/#website\",\"url\":\"https:\/\/www.capgemini.com\/fr-fr\/\",\"name\":\"Capgemini France\",\"description\":\"Just another www.capgemini.com site\",\"publisher\":{\"@id\":\"https:\/\/www.capgemini.com\/fr-fr\/#organization\"},\"potentialAction\":[{\"@type\":\"SearchAction\",\"target\":{\"@type\":\"EntryPoint\",\"urlTemplate\":\"https:\/\/www.capgemini.com\/fr-fr\/?s={search_term_string}\"},\"query-input\":\"required name=search_term_string\"}],\"inLanguage\":\"fr-FR\"},{\"@type\":\"Organization\",\"@id\":\"https:\/\/www.capgemini.com\/fr-fr\/#organization\",\"name\":\"Capgemini France\",\"url\":\"https:\/\/www.capgemini.com\/fr-fr\/\",\"logo\":{\"@type\":\"ImageObject\",\"inLanguage\":\"fr-FR\",\"@id\":\"https:\/\/www.capgemini.com\/fr-fr\/#\/schema\/logo\/image\/\",\"url\":\"https:\/\/www.capgemini.com\/fr-fr\/wp-content\/uploads\/sites\/6\/2022\/08\/Logo-Capgemini.png\",\"contentUrl\":\"https:\/\/www.capgemini.com\/fr-fr\/wp-content\/uploads\/sites\/6\/2022\/08\/Logo-Capgemini.png\",\"width\":202,\"height\":60,\"caption\":\"Capgemini France\"},\"image\":{\"@id\":\"https:\/\/www.capgemini.com\/fr-fr\/#\/schema\/logo\/image\/\"}}]}<\/script>\n<!-- \/ Yoast SEO Premium plugin. -->","yoast_head_json":{"title":"Avis pr\u00e9alable de projet de fusion simplifi\u00e9e concernant la soci\u00e9t\u00e9 Capgemini Consulting - Capgemini France","robots":{"index":"index","follow":"follow","max-snippet":"max-snippet:-1","max-image-preview":"max-image-preview:large","max-video-preview":"max-video-preview:-1"},"canonical":"https:\/\/www.capgemini.com\/fr-fr\/capgemini-consulting\/avis-prealable-de-projet-de-fusion-simplifiee-concernant-la-societe-capgemini-consulting\/","og_locale":"fr_FR","og_type":"article","og_title":"Avis pr\u00e9alable de projet de fusion simplifi\u00e9e concernant la soci\u00e9t\u00e9 Capgemini Consulting","og_url":"https:\/\/www.capgemini.com\/fr-fr\/capgemini-consulting\/avis-prealable-de-projet-de-fusion-simplifiee-concernant-la-societe-capgemini-consulting\/","og_site_name":"Capgemini France","article_modified_time":"2025-03-04T07:30:14+00:00","og_image":[{"width":1200,"height":627,"url":"https:\/\/www.capgemini.com\/fr-fr\/wp-content\/uploads\/sites\/6\/2025\/10\/image-1.jpg","type":"image\/jpeg"}],"twitter_card":"summary_large_image","schema":{"@context":"https:\/\/schema.org","@graph":[{"@type":"WebPage","@id":"https:\/\/www.capgemini.com\/fr-fr\/capgemini-consulting\/avis-prealable-de-projet-de-fusion-simplifiee-concernant-la-societe-capgemini-consulting\/","url":"https:\/\/www.capgemini.com\/fr-fr\/capgemini-consulting\/avis-prealable-de-projet-de-fusion-simplifiee-concernant-la-societe-capgemini-consulting\/","name":"Avis pr\u00e9alable de projet de fusion simplifi\u00e9e concernant la soci\u00e9t\u00e9 Capgemini Consulting - Capgemini France","isPartOf":{"@id":"https:\/\/www.capgemini.com\/fr-fr\/#website"},"datePublished":"2022-11-29T15:47:46+00:00","dateModified":"2025-03-04T07:30:14+00:00","inLanguage":"fr-FR","potentialAction":[{"@type":"ReadAction","target":["https:\/\/www.capgemini.com\/fr-fr\/capgemini-consulting\/avis-prealable-de-projet-de-fusion-simplifiee-concernant-la-societe-capgemini-consulting\/"]}]},{"@type":"WebSite","@id":"https:\/\/www.capgemini.com\/fr-fr\/#website","url":"https:\/\/www.capgemini.com\/fr-fr\/","name":"Capgemini France","description":"Just another www.capgemini.com site","publisher":{"@id":"https:\/\/www.capgemini.com\/fr-fr\/#organization"},"potentialAction":[{"@type":"SearchAction","target":{"@type":"EntryPoint","urlTemplate":"https:\/\/www.capgemini.com\/fr-fr\/?s={search_term_string}"},"query-input":"required name=search_term_string"}],"inLanguage":"fr-FR"},{"@type":"Organization","@id":"https:\/\/www.capgemini.com\/fr-fr\/#organization","name":"Capgemini France","url":"https:\/\/www.capgemini.com\/fr-fr\/","logo":{"@type":"ImageObject","inLanguage":"fr-FR","@id":"https:\/\/www.capgemini.com\/fr-fr\/#\/schema\/logo\/image\/","url":"https:\/\/www.capgemini.com\/fr-fr\/wp-content\/uploads\/sites\/6\/2022\/08\/Logo-Capgemini.png","contentUrl":"https:\/\/www.capgemini.com\/fr-fr\/wp-content\/uploads\/sites\/6\/2022\/08\/Logo-Capgemini.png","width":202,"height":60,"caption":"Capgemini France"},"image":{"@id":"https:\/\/www.capgemini.com\/fr-fr\/#\/schema\/logo\/image\/"}}]}},"brand_term":[],"parsely":{"version":"1.1.0","canonical_url":"https:\/\/capgemini.com\/fr-fr\/capgemini-consulting\/avis-prealable-de-projet-de-fusion-simplifiee-concernant-la-societe-capgemini-consulting\/","smart_links":{"inbound":0,"outbound":0},"traffic_boost_suggestions_count":0,"meta":{"@context":"https:\/\/schema.org","@type":"WebPage","headline":"Avis pr\u00e9alable de projet de fusion simplifi\u00e9e concernant la soci\u00e9t\u00e9 Capgemini Consulting","url":"https:\/\/www.capgemini.com\/fr-fr\/capgemini-consulting\/avis-prealable-de-projet-de-fusion-simplifiee-concernant-la-societe-capgemini-consulting\/","mainEntityOfPage":{"@type":"WebPage","@id":"https:\/\/www.capgemini.com\/fr-fr\/capgemini-consulting\/avis-prealable-de-projet-de-fusion-simplifiee-concernant-la-societe-capgemini-consulting\/"},"thumbnailUrl":"","image":{"@type":"ImageObject","url":""},"articleSection":"Uncategorized","author":[],"creator":[],"publisher":{"@type":"Organization","name":"Capgemini France","logo":""},"keywords":[],"dateCreated":"2022-11-29T15:47:46Z","datePublished":"2022-11-29T15:47:46Z","dateModified":"2025-03-04T07:30:14Z"},"rendered":"<meta name=\"parsely-title\" content=\"Avis pr\u00e9alable de projet de fusion simplifi\u00e9e concernant la soci\u00e9t\u00e9 Capgemini Consulting\" \/>\n<meta name=\"parsely-link\" content=\"https:\/\/www.capgemini.com\/fr-fr\/capgemini-consulting\/avis-prealable-de-projet-de-fusion-simplifiee-concernant-la-societe-capgemini-consulting\/\" \/>\n<meta name=\"parsely-type\" content=\"index\" \/>\n<meta name=\"parsely-pub-date\" content=\"2022-11-29T15:47:46Z\" \/>\n<meta name=\"parsely-section\" content=\"Uncategorized\" \/>","tracker_url":"https:\/\/cdn.parsely.com\/keys\/capgemini.com\/p.js"},"archive_status":false,"featured_image_src":"https:\/\/www.capgemini.com\/fr-fr\/wp-content\/themes\/capgemini2025\/assets\/images\/mockup.png","featured_image_alt":false,"jetpack-related-posts":[{"id":786074,"url":"https:\/\/www.capgemini.com\/fr-fr\/solutions\/canut-amoe\/","url_meta":{"origin":703644,"position":0},"title":"L&#8217;assistance \u00e0 ma\u00eetrise d&#8217;\u0153uvre de projets informatiques","author":"anne.gautier@capgemini.com","date":"June 6, 2025","format":false,"excerpt":"En partenariat avec Inop\u2019s et Softeam, nous proposons une r\u00e9ponse compl\u00e8te et sur-mesure pour r\u00e9pondre aux enjeux du secteur public en mati\u00e8re de transformation digitale.","rel":"","context":"Similar post","block_context":{"text":"Similar post","link":""},"img":{"alt_text":"","src":"https:\/\/i0.wp.com\/www.capgemini.com\/fr-fr\/wp-content\/uploads\/sites\/6\/2025\/06\/AMOE-Visuel.jpeg?resize=350%2C200&ssl=1","width":350,"height":200,"srcset":"https:\/\/i0.wp.com\/www.capgemini.com\/fr-fr\/wp-content\/uploads\/sites\/6\/2025\/06\/AMOE-Visuel.jpeg?resize=350%2C200&ssl=1 1x, https:\/\/i0.wp.com\/www.capgemini.com\/fr-fr\/wp-content\/uploads\/sites\/6\/2025\/06\/AMOE-Visuel.jpeg?resize=525%2C300&ssl=1 1.5x, https:\/\/i0.wp.com\/www.capgemini.com\/fr-fr\/wp-content\/uploads\/sites\/6\/2025\/06\/AMOE-Visuel.jpeg?resize=700%2C400&ssl=1 2x"},"classes":[]},{"id":800225,"url":"https:\/\/www.capgemini.com\/fr-fr\/recette-et-tests-garantir-la-qualite-de-vos-projets-si\/","url_meta":{"origin":703644,"position":1},"title":"Recette et Tests\u00a0: garantir la qualit\u00e9 de vos projets SI\u200b","author":"cyrille.joseph-lockel@capgemini.com","date":"January 9, 2026","format":false,"excerpt":"Recette et Tests\u00a0: garantir la qualit\u00e9 de vos projets SI\u200b","rel":"","context":"Similar post","block_context":{"text":"Similar post","link":""},"img":{"alt_text":"","src":"https:\/\/i0.wp.com\/www.capgemini.com\/fr-fr\/wp-content\/uploads\/sites\/6\/2026\/01\/2025-FR-AMOA-Key-Visual.jpg?resize=350%2C200&ssl=1","width":350,"height":200,"srcset":"https:\/\/i0.wp.com\/www.capgemini.com\/fr-fr\/wp-content\/uploads\/sites\/6\/2026\/01\/2025-FR-AMOA-Key-Visual.jpg?resize=350%2C200&ssl=1 1x, https:\/\/i0.wp.com\/www.capgemini.com\/fr-fr\/wp-content\/uploads\/sites\/6\/2026\/01\/2025-FR-AMOA-Key-Visual.jpg?resize=525%2C300&ssl=1 1.5x, https:\/\/i0.wp.com\/www.capgemini.com\/fr-fr\/wp-content\/uploads\/sites\/6\/2026\/01\/2025-FR-AMOA-Key-Visual.jpg?resize=700%2C400&ssl=1 2x"},"classes":[]},{"id":687508,"url":"https:\/\/www.capgemini.com\/fr-fr\/notre-groupe\/gestion-gouvernance\/politiques\/politique-protection-donnees\/","url_meta":{"origin":703644,"position":2},"title":"Politique sur la protection des donn\u00e9es","author":"translator0aboutus","date":"April 28, 2025","format":false,"excerpt":"Comptant parmi les principaux fournisseurs mondiaux de services de conseil, de technologie et d\u2019externalisation desservant un large \u00e9ventail de clients \u00e0 travers le monde, Capgemini s\u2019engage \u00e0 prot\u00e9ger la confidentialit\u00e9 et les donn\u00e9es personnelles qui lui sont confi\u00e9es. En tant que groupe international comptant des soci\u00e9t\u00e9s dans plus de 40\u2026","rel":"","context":"Similar post","block_context":{"text":"Similar post","link":""},"img":{"alt_text":"","src":"","width":0,"height":0},"classes":[]},{"id":765451,"url":"https:\/\/www.capgemini.com\/fr-fr\/solutions\/migration-des-donnees\/","url_meta":{"origin":703644,"position":3},"title":"Migration des donn\u00e9es","author":"quentinkieken","date":"October 22, 2024","format":false,"excerpt":"Transformez vos donn\u00e9es vers votre nouveau syst\u00e8me cible, avec des engagements forts les d\u00e9lais, la qualit\u00e9 et la s\u00e9curit\u00e9.","rel":"","context":"Similar post","block_context":{"text":"Similar post","link":""},"img":{"alt_text":"","src":"https:\/\/i0.wp.com\/www.capgemini.com\/fr-fr\/wp-content\/uploads\/sites\/6\/2024\/10\/banner_data_migration.jpg?resize=350%2C200&ssl=1","width":350,"height":200,"srcset":"https:\/\/i0.wp.com\/www.capgemini.com\/fr-fr\/wp-content\/uploads\/sites\/6\/2024\/10\/banner_data_migration.jpg?resize=350%2C200&ssl=1 1x, https:\/\/i0.wp.com\/www.capgemini.com\/fr-fr\/wp-content\/uploads\/sites\/6\/2024\/10\/banner_data_migration.jpg?resize=525%2C300&ssl=1 1.5x, https:\/\/i0.wp.com\/www.capgemini.com\/fr-fr\/wp-content\/uploads\/sites\/6\/2024\/10\/banner_data_migration.jpg?resize=700%2C400&ssl=1 2x"},"classes":[]},{"id":689699,"url":"https:\/\/www.capgemini.com\/fr-fr\/solutions\/assistance-maitrise-ouvrage-informatique\/","url_meta":{"origin":703644,"position":4},"title":"Assistance \u00e0 la ma\u00eetrise d\u2019ouvrage informatique","author":"","date":"August 22, 2022","format":false,"excerpt":"L'UGAP a reconduit Capgemini comme mandataire pour son march\u00e9 d'Assistance \u00e0 la Ma\u00eetrise d'Ouvrage Informatique.","rel":"","context":"Similar post","block_context":{"text":"Similar post","link":""},"img":{"alt_text":"","src":"https:\/\/i0.wp.com\/www.capgemini.com\/fr-fr\/wp-content\/uploads\/sites\/6\/2022\/08\/gettyimages-1331840608-170667a.jpg?resize=350%2C200&ssl=1","width":350,"height":200},"classes":[]},{"id":785946,"url":"https:\/\/www.capgemini.com\/fr-fr\/solutions\/prestations-audit-usages-metiers-conseils-strategiques-ia\/","url_meta":{"origin":703644,"position":5},"title":"Prestations d&#8217;audit sur les usages m\u00e9tier et conseils strat\u00e9giques sur l&#8217;IA","author":"anne.gautier@capgemini.com","date":"June 25, 2025","format":false,"excerpt":"En partenariat avec Metapolis, nous proposons un ensemble de prestations qui r\u00e9pondent aux enjeux du secteur public en mati\u00e8re de transformation par l\u2019IA et la Data.","rel":"","context":"Similar post","block_context":{"text":"Similar post","link":""},"img":{"alt_text":"","src":"https:\/\/i0.wp.com\/www.capgemini.com\/fr-fr\/wp-content\/uploads\/sites\/6\/2025\/06\/Canut-IA_BanniereLandingPage.jpg?resize=350%2C200&ssl=1","width":350,"height":200,"srcset":"https:\/\/i0.wp.com\/www.capgemini.com\/fr-fr\/wp-content\/uploads\/sites\/6\/2025\/06\/Canut-IA_BanniereLandingPage.jpg?resize=350%2C200&ssl=1 1x, https:\/\/i0.wp.com\/www.capgemini.com\/fr-fr\/wp-content\/uploads\/sites\/6\/2025\/06\/Canut-IA_BanniereLandingPage.jpg?resize=525%2C300&ssl=1 1.5x, https:\/\/i0.wp.com\/www.capgemini.com\/fr-fr\/wp-content\/uploads\/sites\/6\/2025\/06\/Canut-IA_BanniereLandingPage.jpg?resize=700%2C400&ssl=1 2x"},"classes":[]}],"jetpack_sharing_enabled":true,"distributor_meta":false,"distributor_terms":false,"distributor_media":false,"distributor_original_site_name":"Capgemini France","distributor_original_site_url":"https:\/\/www.capgemini.com\/fr-fr","push-errors":false,"_links":{"self":[{"href":"https:\/\/www.capgemini.com\/fr-fr\/wp-json\/wp\/v2\/pages\/703644","targetHints":{"allow":["GET"]}}],"collection":[{"href":"https:\/\/www.capgemini.com\/fr-fr\/wp-json\/wp\/v2\/pages"}],"about":[{"href":"https:\/\/www.capgemini.com\/fr-fr\/wp-json\/wp\/v2\/types\/page"}],"author":[{"embeddable":true,"href":"https:\/\/www.capgemini.com\/fr-fr\/wp-json\/wp\/v2\/users\/166"}],"replies":[{"embeddable":true,"href":"https:\/\/www.capgemini.com\/fr-fr\/wp-json\/wp\/v2\/comments?post=703644"}],"version-history":[{"count":16,"href":"https:\/\/www.capgemini.com\/fr-fr\/wp-json\/wp\/v2\/pages\/703644\/revisions"}],"predecessor-version":[{"id":777045,"href":"https:\/\/www.capgemini.com\/fr-fr\/wp-json\/wp\/v2\/pages\/703644\/revisions\/777045"}],"wp:attachment":[{"href":"https:\/\/www.capgemini.com\/fr-fr\/wp-json\/wp\/v2\/media?parent=703644"}],"wp:term":[{"taxonomy":"brand","embeddable":true,"href":"https:\/\/www.capgemini.com\/fr-fr\/wp-json\/wp\/v2\/brand?post=703644"},{"taxonomy":"partner_type","embeddable":true,"href":"https:\/\/www.capgemini.com\/fr-fr\/wp-json\/wp\/v2\/partner_type?post=703644"},{"taxonomy":"service","embeddable":true,"href":"https:\/\/www.capgemini.com\/fr-fr\/wp-json\/wp\/v2\/service?post=703644"},{"taxonomy":"industry","embeddable":true,"href":"https:\/\/www.capgemini.com\/fr-fr\/wp-json\/wp\/v2\/industry?post=703644"},{"taxonomy":"partners","embeddable":true,"href":"https:\/\/www.capgemini.com\/fr-fr\/wp-json\/wp\/v2\/partners?post=703644"},{"taxonomy":"page-type","embeddable":true,"href":"https:\/\/www.capgemini.com\/fr-fr\/wp-json\/wp\/v2\/page-type?post=703644"},{"taxonomy":"content-group","embeddable":true,"href":"https:\/\/www.capgemini.com\/fr-fr\/wp-json\/wp\/v2\/content-group?post=703644"}],"curies":[{"name":"wp","href":"https:\/\/api.w.org\/{rel}","templated":true}]}}