{"id":692375,"date":"2022-09-02T08:37:46","date_gmt":"2022-09-02T08:37:46","guid":{"rendered":"https:\/\/www.capgemini.com\/fr-fr\/?page_id=692375"},"modified":"2025-07-16T17:24:03","modified_gmt":"2025-07-16T15:24:03","slug":"jobs","status":"publish","type":"page","link":"https:\/\/www.capgemini.com\/fr-fr\/jobs\/","title":{"rendered":"Jobs"},"content":{"rendered":"<div id=\"cg-jobs-single-root\"><\/div>\n","protected":false},"excerpt":{"rendered":"","protected":false},"author":22,"featured_media":0,"parent":0,"menu_order":0,"comment_status":"closed","ping_status":"closed","template":"single-job_search.php","meta":{"cg_dt_proposed_to":[],"cg_seo_hreflang_relations":"[]","cg_seo_canonical_relation":"","cg_seo_hreflang_x_default_relation":"{\"uuid\":\"b905f7cb-e822-4c44-8595-67ea8582c057\",\"blogId\":\"\",\"domain\":\"\",\"sitePath\":\"\",\"postLink\":\"\",\"postId\":null,\"isSaved\":true,\"isCrossLink\":false,\"hasCrossLink\":false}","cg_dt_approved_content":true,"cg_dt_mandatory_content":false,"cg_dt_notes":"","cg_dg_source_changed":false,"cg_dt_link_disabled":false,"_yoast_wpseo_primary_brand":"","footnotes":"","featured_focal_points":"","partner_card_description":"","gsap_animation":0},"brand":[],"partner_type":[],"service":[],"industry":[],"partners":[],"page-type":[],"content-group":[],"class_list":["post-692375","page","type-page","status-publish","hentry"],"yoast_head":"<!-- This site is optimized with the Yoast SEO Premium plugin v22.8 (Yoast SEO v22.8) - https:\/\/yoast.com\/wordpress\/plugins\/seo\/ -->\n<title>Jobs - Capgemini France<\/title>\n<meta name=\"robots\" content=\"index, follow, max-snippet:-1, max-image-preview:large, max-video-preview:-1\" \/>\n<link rel=\"canonical\" href=\"https:\/\/www.capgemini.com\/fr-fr\/jobs\/\" \/>\n<meta property=\"og:locale\" content=\"fr_FR\" \/>\n<meta property=\"og:type\" content=\"article\" \/>\n<meta property=\"og:title\" content=\"Jobs\" \/>\n<meta property=\"og:url\" content=\"https:\/\/www.capgemini.com\/fr-fr\/jobs\/\" \/>\n<meta property=\"og:site_name\" content=\"Capgemini France\" \/>\n<meta property=\"article:modified_time\" content=\"2025-07-16T15:24:03+00:00\" \/>\n<meta property=\"og:image\" content=\"https:\/\/www.capgemini.com\/fr-fr\/wp-content\/uploads\/sites\/6\/2025\/10\/image-1.jpg\" \/>\n\t<meta property=\"og:image:width\" content=\"1200\" \/>\n\t<meta property=\"og:image:height\" content=\"627\" \/>\n\t<meta property=\"og:image:type\" content=\"image\/jpeg\" \/>\n<meta name=\"twitter:card\" content=\"summary_large_image\" \/>\n<meta name=\"twitter:label1\" content=\"Est. reading time\" \/>\n\t<meta name=\"twitter:data1\" content=\"1 minute\" \/>\n<script type=\"application\/ld+json\" class=\"yoast-schema-graph\">{\"@context\":\"https:\/\/schema.org\",\"@graph\":[{\"@type\":\"WebPage\",\"@id\":\"https:\/\/www.capgemini.com\/fr-fr\/jobs\/\",\"url\":\"https:\/\/www.capgemini.com\/fr-fr\/jobs\/\",\"name\":\"Jobs - Capgemini France\",\"isPartOf\":{\"@id\":\"https:\/\/www.capgemini.com\/fr-fr\/#website\"},\"datePublished\":\"2022-09-02T08:37:46+00:00\",\"dateModified\":\"2025-07-16T15:24:03+00:00\",\"inLanguage\":\"fr-FR\",\"potentialAction\":[{\"@type\":\"ReadAction\",\"target\":[\"https:\/\/www.capgemini.com\/fr-fr\/jobs\/\"]}]},{\"@type\":\"WebSite\",\"@id\":\"https:\/\/www.capgemini.com\/fr-fr\/#website\",\"url\":\"https:\/\/www.capgemini.com\/fr-fr\/\",\"name\":\"Capgemini France\",\"description\":\"Just another www.capgemini.com site\",\"publisher\":{\"@id\":\"https:\/\/www.capgemini.com\/fr-fr\/#organization\"},\"potentialAction\":[{\"@type\":\"SearchAction\",\"target\":{\"@type\":\"EntryPoint\",\"urlTemplate\":\"https:\/\/www.capgemini.com\/fr-fr\/?s={search_term_string}\"},\"query-input\":\"required name=search_term_string\"}],\"inLanguage\":\"fr-FR\"},{\"@type\":\"Organization\",\"@id\":\"https:\/\/www.capgemini.com\/fr-fr\/#organization\",\"name\":\"Capgemini France\",\"url\":\"https:\/\/www.capgemini.com\/fr-fr\/\",\"logo\":{\"@type\":\"ImageObject\",\"inLanguage\":\"fr-FR\",\"@id\":\"https:\/\/www.capgemini.com\/fr-fr\/#\/schema\/logo\/image\/\",\"url\":\"https:\/\/www.capgemini.com\/fr-fr\/wp-content\/uploads\/sites\/6\/2022\/08\/Logo-Capgemini.png\",\"contentUrl\":\"https:\/\/www.capgemini.com\/fr-fr\/wp-content\/uploads\/sites\/6\/2022\/08\/Logo-Capgemini.png\",\"width\":202,\"height\":60,\"caption\":\"Capgemini France\"},\"image\":{\"@id\":\"https:\/\/www.capgemini.com\/fr-fr\/#\/schema\/logo\/image\/\"}}]}<\/script>\n<!-- \/ Yoast SEO Premium plugin. -->","yoast_head_json":{"title":"Jobs - Capgemini France","robots":{"index":"index","follow":"follow","max-snippet":"max-snippet:-1","max-image-preview":"max-image-preview:large","max-video-preview":"max-video-preview:-1"},"canonical":"https:\/\/www.capgemini.com\/fr-fr\/jobs\/","og_locale":"fr_FR","og_type":"article","og_title":"Jobs","og_url":"https:\/\/www.capgemini.com\/fr-fr\/jobs\/","og_site_name":"Capgemini France","article_modified_time":"2025-07-16T15:24:03+00:00","og_image":[{"width":1200,"height":627,"url":"https:\/\/www.capgemini.com\/fr-fr\/wp-content\/uploads\/sites\/6\/2025\/10\/image-1.jpg","type":"image\/jpeg"}],"twitter_card":"summary_large_image","twitter_misc":{"Est. reading time":"1 minute"},"schema":{"@context":"https:\/\/schema.org","@graph":[{"@type":"WebPage","@id":"https:\/\/www.capgemini.com\/fr-fr\/jobs\/","url":"https:\/\/www.capgemini.com\/fr-fr\/jobs\/","name":"Jobs - Capgemini France","isPartOf":{"@id":"https:\/\/www.capgemini.com\/fr-fr\/#website"},"datePublished":"2022-09-02T08:37:46+00:00","dateModified":"2025-07-16T15:24:03+00:00","inLanguage":"fr-FR","potentialAction":[{"@type":"ReadAction","target":["https:\/\/www.capgemini.com\/fr-fr\/jobs\/"]}]},{"@type":"WebSite","@id":"https:\/\/www.capgemini.com\/fr-fr\/#website","url":"https:\/\/www.capgemini.com\/fr-fr\/","name":"Capgemini France","description":"Just another www.capgemini.com site","publisher":{"@id":"https:\/\/www.capgemini.com\/fr-fr\/#organization"},"potentialAction":[{"@type":"SearchAction","target":{"@type":"EntryPoint","urlTemplate":"https:\/\/www.capgemini.com\/fr-fr\/?s={search_term_string}"},"query-input":"required name=search_term_string"}],"inLanguage":"fr-FR"},{"@type":"Organization","@id":"https:\/\/www.capgemini.com\/fr-fr\/#organization","name":"Capgemini France","url":"https:\/\/www.capgemini.com\/fr-fr\/","logo":{"@type":"ImageObject","inLanguage":"fr-FR","@id":"https:\/\/www.capgemini.com\/fr-fr\/#\/schema\/logo\/image\/","url":"https:\/\/www.capgemini.com\/fr-fr\/wp-content\/uploads\/sites\/6\/2022\/08\/Logo-Capgemini.png","contentUrl":"https:\/\/www.capgemini.com\/fr-fr\/wp-content\/uploads\/sites\/6\/2022\/08\/Logo-Capgemini.png","width":202,"height":60,"caption":"Capgemini France"},"image":{"@id":"https:\/\/www.capgemini.com\/fr-fr\/#\/schema\/logo\/image\/"}}]}},"brand_term":[],"parsely":{"version":"1.1.0","canonical_url":"https:\/\/capgemini.com\/fr-fr\/jobs\/","smart_links":{"inbound":0,"outbound":0},"traffic_boost_suggestions_count":0,"meta":{"@context":"https:\/\/schema.org","@type":"WebPage","headline":"Jobs","url":"https:\/\/www.capgemini.com\/fr-fr\/jobs\/","mainEntityOfPage":{"@type":"WebPage","@id":"https:\/\/www.capgemini.com\/fr-fr\/jobs\/"},"thumbnailUrl":"","image":{"@type":"ImageObject","url":""},"articleSection":"Uncategorized","author":[],"creator":[],"publisher":{"@type":"Organization","name":"Capgemini France","logo":""},"keywords":[],"dateCreated":"2022-09-02T08:37:46Z","datePublished":"2022-09-02T08:37:46Z","dateModified":"2025-07-16T15:24:03Z"},"rendered":"<meta name=\"parsely-title\" content=\"Jobs\" \/>\n<meta name=\"parsely-link\" content=\"https:\/\/www.capgemini.com\/fr-fr\/jobs\/\" \/>\n<meta name=\"parsely-type\" content=\"index\" \/>\n<meta name=\"parsely-pub-date\" content=\"2022-09-02T08:37:46Z\" \/>\n<meta name=\"parsely-section\" content=\"Uncategorized\" \/>","tracker_url":"https:\/\/cdn.parsely.com\/keys\/capgemini.com\/p.js"},"archive_status":false,"featured_image_src":"https:\/\/www.capgemini.com\/fr-fr\/wp-content\/themes\/capgemini2025\/assets\/images\/mockup.png","featured_image_alt":false,"jetpack-related-posts":[{"id":691637,"url":"https:\/\/www.capgemini.com\/fr-fr\/carrieres\/job-opportunities-in-france-for-those-displaced-by-the-war-in-ukraine\/","url_meta":{"origin":692375,"position":0},"title":"Job opportunities in France for those displaced by the war in Ukraine","author":"","date":"August 31, 2022","format":false,"excerpt":"Job opportunities in France for those displaced by the war in Ukraine FacebookLinkedinCapgemini ouvre ses offres d\u2019emploi aux personnes d\u00e9plac\u00e9es par la guerre en Ukraine.Capgemini is hiring through an easy-to-apply process for those displaced by the war in Ukraine. About us: Capgemini is a global leader in partnering with companies\u2026","rel":"","context":"Similar post","block_context":{"text":"Similar post","link":""},"img":{"alt_text":"","src":"https:\/\/i0.wp.com\/www.capgemini.com\/fr-fr\/wp-content\/uploads\/sites\/6\/2022\/08\/Ukraine-flag.webp?resize=350%2C200&ssl=1","width":350,"height":200,"srcset":"https:\/\/i0.wp.com\/www.capgemini.com\/fr-fr\/wp-content\/uploads\/sites\/6\/2022\/08\/Ukraine-flag.webp?resize=350%2C200&ssl=1 1x, https:\/\/i0.wp.com\/www.capgemini.com\/fr-fr\/wp-content\/uploads\/sites\/6\/2022\/08\/Ukraine-flag.webp?resize=525%2C300&ssl=1 1.5x, https:\/\/i0.wp.com\/www.capgemini.com\/fr-fr\/wp-content\/uploads\/sites\/6\/2022\/08\/Ukraine-flag.webp?resize=700%2C400&ssl=1 2x"},"classes":[]},{"id":671796,"url":"https:\/\/www.capgemini.com\/fr-fr\/carrieres\/parcours-professionnels\/etudiants-jeunes-diplomes\/volontariat-international-en-entreprise\/","url_meta":{"origin":692375,"position":1},"title":"Volontariat International en Entreprise","author":"anne.gautier@capgemini.com","date":"July 15, 2022","format":false,"excerpt":"La V.I.E. est un voyage ! Et si ton 1er\u00a0Job se vivait \u00e0 l\u2019international\u00a0? Tu as entre 18 et 28 ans, tu es citoyen europ\u00e9en, tu cherches une exp\u00e9rience \u00e0 l\u2019international\u00a0?","rel":"","context":"Similar post","block_context":{"text":"Similar post","link":""},"img":{"alt_text":"","src":"https:\/\/i0.wp.com\/www.capgemini.com\/fr-fr\/wp-content\/uploads\/sites\/6\/2022\/07\/2022-FR-VIE-Banner.jpg?resize=350%2C200&ssl=1","width":350,"height":200,"srcset":"https:\/\/i0.wp.com\/www.capgemini.com\/fr-fr\/wp-content\/uploads\/sites\/6\/2022\/07\/2022-FR-VIE-Banner.jpg?resize=350%2C200&ssl=1 1x, https:\/\/i0.wp.com\/www.capgemini.com\/fr-fr\/wp-content\/uploads\/sites\/6\/2022\/07\/2022-FR-VIE-Banner.jpg?resize=525%2C300&ssl=1 1.5x, https:\/\/i0.wp.com\/www.capgemini.com\/fr-fr\/wp-content\/uploads\/sites\/6\/2022\/07\/2022-FR-VIE-Banner.jpg?resize=700%2C400&ssl=1 2x"},"classes":[]},{"id":680440,"url":"https:\/\/www.capgemini.com\/fr-fr\/carrieres\/au-plus-pres-de-vous\/relations-ecoles-et-universites\/decouverte-de-nos-metiers-et-partage-expertises\/","url_meta":{"origin":692375,"position":2},"title":"D\u00e9couverte de nos m\u00e9tiers et partage d\u2019expertises","author":"gabriellamouanga","date":"July 20, 2022","format":false,"excerpt":"Nos \u00e9quipes interviennent r\u00e9guli\u00e8rement au sein de nos campus partenaires pour faire d\u00e9couvrir aux \u00e9tudiants la vie de l\u2019entreprise, les familiariser avec nos m\u00e9tiers et accompagner leur mont\u00e9e en comp\u00e9tences sur des sujets de pointe.","rel":"","context":"Similar post","block_context":{"text":"Similar post","link":""},"img":{"alt_text":"","src":"https:\/\/i0.wp.com\/www.capgemini.com\/fr-fr\/wp-content\/uploads\/sites\/6\/2022\/07\/Capgemini_relations-ecoles-image-metiers-expertises-2.jpg?resize=350%2C200&ssl=1","width":350,"height":200,"srcset":"https:\/\/i0.wp.com\/www.capgemini.com\/fr-fr\/wp-content\/uploads\/sites\/6\/2022\/07\/Capgemini_relations-ecoles-image-metiers-expertises-2.jpg?resize=350%2C200&ssl=1 1x, https:\/\/i0.wp.com\/www.capgemini.com\/fr-fr\/wp-content\/uploads\/sites\/6\/2022\/07\/Capgemini_relations-ecoles-image-metiers-expertises-2.jpg?resize=525%2C300&ssl=1 1.5x, https:\/\/i0.wp.com\/www.capgemini.com\/fr-fr\/wp-content\/uploads\/sites\/6\/2022\/07\/Capgemini_relations-ecoles-image-metiers-expertises-2.jpg?resize=700%2C400&ssl=1 2x"},"classes":[]},{"id":680591,"url":"https:\/\/www.capgemini.com\/fr-fr\/carrieres\/au-plus-pres-de-vous\/relations-ecoles-et-universites\/","url_meta":{"origin":692375,"position":3},"title":"Relations \u00e9coles et universit\u00e9s","author":"gabriellamouanga","date":"February 21, 2025","format":false,"excerpt":"Chez Capgemini, nous sommes d\u00e9termin\u00e9s \u00e0 lib\u00e9rer tout le potentiel des \u00e9tudiants, en les accompagnant dans leur d\u00e9veloppement de comp\u00e9tences et en les soutenant dans la r\u00e9alisation de leurs projets professionnels.","rel":"","context":"Similar post","block_context":{"text":"Similar post","link":""},"img":{"alt_text":"","src":"https:\/\/i0.wp.com\/www.capgemini.com\/fr-fr\/wp-content\/uploads\/sites\/6\/2025\/02\/GettyImages-1327261752-rotated.jpg?resize=350%2C200&ssl=1","width":350,"height":200,"srcset":"https:\/\/i0.wp.com\/www.capgemini.com\/fr-fr\/wp-content\/uploads\/sites\/6\/2025\/02\/GettyImages-1327261752-rotated.jpg?resize=350%2C200&ssl=1 1x, https:\/\/i0.wp.com\/www.capgemini.com\/fr-fr\/wp-content\/uploads\/sites\/6\/2025\/02\/GettyImages-1327261752-rotated.jpg?resize=525%2C300&ssl=1 1.5x, https:\/\/i0.wp.com\/www.capgemini.com\/fr-fr\/wp-content\/uploads\/sites\/6\/2025\/02\/GettyImages-1327261752-rotated.jpg?resize=700%2C400&ssl=1 2x"},"classes":[]},{"id":716965,"url":"https:\/\/www.capgemini.com\/fr-fr\/fast-track-to-consulting\/","url_meta":{"origin":692375,"position":4},"title":"Fast track to consulting","author":"namresh","date":"June 3, 2022","format":false,"excerpt":"Fast track to consulting FacebookTwitterLinkedin Kick-start your career as a consultant within our Intelligent Business Operations unit with our 12-month Fast Track To Consulting (FTTC) program. From the very beginning of the program, you will be working with colleagues, ideating solutions for our internal and external projects, and adding value\u2026","rel":"","context":"Similar post","block_context":{"text":"Similar post","link":""},"img":{"alt_text":"","src":"","width":0,"height":0},"classes":[]}],"jetpack_sharing_enabled":true,"distributor_meta":false,"distributor_terms":false,"distributor_media":false,"distributor_original_site_name":"Capgemini France","distributor_original_site_url":"https:\/\/www.capgemini.com\/fr-fr","push-errors":false,"_links":{"self":[{"href":"https:\/\/www.capgemini.com\/fr-fr\/wp-json\/wp\/v2\/pages\/692375","targetHints":{"allow":["GET"]}}],"collection":[{"href":"https:\/\/www.capgemini.com\/fr-fr\/wp-json\/wp\/v2\/pages"}],"about":[{"href":"https:\/\/www.capgemini.com\/fr-fr\/wp-json\/wp\/v2\/types\/page"}],"author":[{"embeddable":true,"href":"https:\/\/www.capgemini.com\/fr-fr\/wp-json\/wp\/v2\/users\/22"}],"replies":[{"embeddable":true,"href":"https:\/\/www.capgemini.com\/fr-fr\/wp-json\/wp\/v2\/comments?post=692375"}],"version-history":[{"count":2,"href":"https:\/\/www.capgemini.com\/fr-fr\/wp-json\/wp\/v2\/pages\/692375\/revisions"}],"predecessor-version":[{"id":788389,"href":"https:\/\/www.capgemini.com\/fr-fr\/wp-json\/wp\/v2\/pages\/692375\/revisions\/788389"}],"wp:attachment":[{"href":"https:\/\/www.capgemini.com\/fr-fr\/wp-json\/wp\/v2\/media?parent=692375"}],"wp:term":[{"taxonomy":"brand","embeddable":true,"href":"https:\/\/www.capgemini.com\/fr-fr\/wp-json\/wp\/v2\/brand?post=692375"},{"taxonomy":"partner_type","embeddable":true,"href":"https:\/\/www.capgemini.com\/fr-fr\/wp-json\/wp\/v2\/partner_type?post=692375"},{"taxonomy":"service","embeddable":true,"href":"https:\/\/www.capgemini.com\/fr-fr\/wp-json\/wp\/v2\/service?post=692375"},{"taxonomy":"industry","embeddable":true,"href":"https:\/\/www.capgemini.com\/fr-fr\/wp-json\/wp\/v2\/industry?post=692375"},{"taxonomy":"partners","embeddable":true,"href":"https:\/\/www.capgemini.com\/fr-fr\/wp-json\/wp\/v2\/partners?post=692375"},{"taxonomy":"page-type","embeddable":true,"href":"https:\/\/www.capgemini.com\/fr-fr\/wp-json\/wp\/v2\/page-type?post=692375"},{"taxonomy":"content-group","embeddable":true,"href":"https:\/\/www.capgemini.com\/fr-fr\/wp-json\/wp\/v2\/content-group?post=692375"}],"curies":[{"name":"wp","href":"https:\/\/api.w.org\/{rel}","templated":true}]}}