{"id":687509,"date":"2026-03-29T12:02:00","date_gmt":"2026-03-29T10:02:00","guid":{"rendered":"https:\/\/www.capgemini.com\/?page_id=666248"},"modified":"2026-05-11T18:41:34","modified_gmt":"2026-05-11T16:41:34","slug":"politiques-environnementales","status":"publish","type":"page","link":"https:\/\/www.capgemini.com\/fr-fr\/notre-groupe\/gestion-gouvernance\/politiques\/politiques-environnementales\/","title":{"rendered":"Politiques environnementales"},"content":{"rendered":"\n<header class=\"wp-block-cg-blocks-hero-reusable is-style-blue-line header heroReusable  \"><div class=\"header-bgs\"><\/div><div class=\"heroPictureCardHeaderShape\"><\/div><div class=\"container\"><div class=\"row\"><div class=\"col-md-12\"><div class=\"box\"><div class=\"boxTagWrapper\"><div class=\"tagInfo\"><div><span class=\"box-tag\">Politiques<\/span><\/div><\/div><\/div><div class=\"box-title\"><h1 data-maxlength=\"34\">Politiques environnementales<\/h1><\/div><div class=\"inner-row-insight download-btn\"><\/div><\/div><\/div><\/div><\/div><\/header>\n\n\n\n<section class=\"wp-block-cg-blocks-group undefined section section--article-content\"><div class=\"article-main-content\"><div class=\"container\"><div class=\"grid-container\"><div class=\"col-12 col-md-2\"><nav class=\"article-social\"><ul class=\"social-nav\"><li class=\"ip-order-fb\"><a href=\"https:\/\/www.facebook.com\/sharer\/sharer.php?u=https:\/\/www.capgemini.com\/fr-fr\/notre-groupe\/gestion-gouvernance\/politiques\/politiques-environnementales\/\" target=\"_blank\" rel=\"noopener noreferrer\" title=\"Ouvrir dans une nouvelle fen\u00eatre\"><i aria-hidden=\"true\" class=\"icon-fb\"><\/i><span class=\"sr-only\">Facebook<\/span><\/a><\/li><li class=\"ip-order-li\"><a href=\"https:\/\/www.linkedin.com\/sharing\/share-offsite\/?url=https:\/\/www.capgemini.com\/fr-fr\/notre-groupe\/gestion-gouvernance\/politiques\/politiques-environnementales\/\" target=\"_blank\" rel=\"noopener noreferrer\" title=\"Ouvrir dans une nouvelle fen\u00eatre\"><i aria-hidden=\"true\" class=\"icon-li\"><\/i><span class=\"sr-only\">Linkedin<\/span><\/a><\/li><\/ul><\/nav><\/div><div><div class=\"article-text article-quote-text\">\n<h3 class=\"wp-block-heading\" id=\"h-l-approche-de-capgemini-en-matiere-d-activite-responsable-est-regie-par-les-politiques-suivantes-qui-sont-regulierement-mises-a-jour\">L\u2019approche de Capgemini en mati\u00e8re d\u2019activit\u00e9 responsable est r\u00e9gie par les politiques suivantes, qui sont r\u00e9guli\u00e8rement mises \u00e0 jour.<\/h3>\n\n\n\n<div style=\"height:49px\" aria-hidden=\"true\" class=\"wp-block-spacer\"><\/div>\n\n\n\n<p><strong>Politique environnementale du Groupe Capgemini<\/strong><\/p>\n\n\n\n<p>Nous reconnaissons que nos activit\u00e9s commerciales exercent un impact sur l\u2019environnement et nous nous engageons \u00e0 am\u00e9liorer continuellement notre performance environnementale, ainsi qu&#8217;\u00e0 travailler avec nos clients pour les aider \u00e0 r\u00e9duire leur impact environnemental.&nbsp;Cette d\u00e9claration de politique s\u2019applique \u00e0 tous les bureaux et centres de donn\u00e9es g\u00e9r\u00e9s par Capgemini, ainsi qu&#8217;\u00e0 tous les collaborateurs et fournisseurs retenus par Capgemini.&nbsp;<\/p>\n\n\n\n<div class=\"wp-block-buttons is-layout-flex wp-block-buttons-is-layout-flex\">\n<div class=\"wp-block-button is-style-outline is-style-outline--1\"><a class=\"wp-block-button__link has-small-font-size has-custom-font-size wp-element-button\" href=\"https:\/\/www.capgemini.com\/wp-content\/uploads\/2026\/04\/Policy-Group-Environmental-Policy-March-2026.pdf\" target=\"_blank\" rel=\"noreferrer noopener\">T\u00e9l\u00e9charger<\/a><\/div>\n<\/div>\n\n\n\n<div style=\"height:75px\" aria-hidden=\"true\" class=\"wp-block-spacer\"><\/div>\n\n\n\n<p><strong>Politique \u00e9nerg\u00e9tique du Groupe Capgemini <\/strong><\/p>\n\n\n\n<p>Notre consommation d&#8217;\u00e9nergie a un impact significatif sur nos activit\u00e9s et nous nous engageons \u00e0 g\u00e9rer l&#8217;\u00e9nergie de mani\u00e8re responsable et \u00e0 am\u00e9liorer continuellement nos performances \u00e9nerg\u00e9tiques partout o\u00f9 cela est possible.<\/p>\n\n\n\n<p>La pr\u00e9sente d\u00e9claration de politique s&#8217;applique aux sites de Capgemini o\u00f9 Capgemini contr\u00f4le ou exerce une influence sur la gestion de l&#8217;\u00e9nergie.&nbsp;<\/p>\n\n\n\n<div class=\"wp-block-buttons is-layout-flex wp-block-buttons-is-layout-flex\">\n<div class=\"wp-block-button is-style-outline is-style-outline--2\"><a class=\"wp-block-button__link has-small-font-size has-custom-font-size wp-element-button\" href=\"https:\/\/www.capgemini.com\/wp-content\/uploads\/2026\/04\/Policy-Group-Energy-Policy-March-2026.pdf\" target=\"_blank\" rel=\"noreferrer noopener\">T\u00e9l\u00e9charger<\/a><\/div>\n<\/div>\n\n\n\n<div style=\"height:75px\" aria-hidden=\"true\" class=\"wp-block-spacer\"><\/div>\n\n\n\n<p><strong>Certificat ISO 14001 du Groupe Capgemini <\/strong><\/p>\n\n\n\n<p>Ce certificat EMS couvre la gestion de l&#8217;impact environnemental important associ\u00e9 aux activit\u00e9s au sein des locaux que nous louons ou poss\u00e9dons dans 31 de nos pays cl\u00e9s. <\/p>\n\n\n\n<div class=\"wp-block-buttons is-layout-flex wp-block-buttons-is-layout-flex\">\n<div class=\"wp-block-button is-style-outline is-style-outline--3\"><a class=\"wp-block-button__link has-small-font-size has-custom-font-size wp-element-button\" href=\"https:\/\/www.capgemini.com\/wp-content\/uploads\/2026\/04\/EMS-667977-001.pdf\" target=\"_blank\" rel=\"noreferrer noopener\">T\u00e9l\u00e9charger<\/a><\/div>\n<\/div>\n\n\n\n<div style=\"height:75px\" aria-hidden=\"true\" class=\"wp-block-spacer\"><\/div>\n\n\n\n<p><strong>Certificat ISO 50001 du Groupe Capgemini <\/strong><\/p>\n\n\n\n<p>Ce certificat couvre notre syst\u00e8me de gestion de l\u2019\u00e9nergie (couvrant actuellement la France, les Pays-Bas et le Royaume-Uni). <\/p>\n\n\n\n<div class=\"wp-block-buttons is-layout-flex wp-block-buttons-is-layout-flex\">\n<div class=\"wp-block-button is-style-outline is-style-outline--4\"><a class=\"wp-block-button__link has-small-font-size has-custom-font-size wp-element-button\" href=\"https:\/\/www.capgemini.com\/wp-content\/uploads\/2026\/04\/ENMS-659644-001.pdff\" target=\"_blank\" rel=\"noreferrer noopener\">T\u00e9l\u00e9charger<\/a><\/div>\n<\/div>\n\n\n\n<div style=\"height:75px\" aria-hidden=\"true\" class=\"wp-block-spacer\"><\/div>\n\n\n\n<p><strong>Certificat ISO 45001 du Groupe Capgemini <\/strong><\/p>\n\n\n\n<p>Ce certificat couvre notre syst\u00e8me de gestion de la sant\u00e9 et de la s\u00e9curit\u00e9 au travail (couvrant actuellement l\u2019Allemagne et les Pays-Bas) 5. ISO Groupe Capgemini \u2013 Document d\u2019appui, liste des b\u00e2timents contr\u00f4l\u00e9s.<\/p>\n\n\n\n<div class=\"wp-block-buttons is-layout-flex wp-block-buttons-is-layout-flex\">\n<div class=\"wp-block-button is-style-outline is-style-outline--5\"><a class=\"wp-block-button__link has-small-font-size has-custom-font-size wp-element-button\" href=\"https:\/\/www.capgemini.com\/fr-fr\/wp-content\/uploads\/sites\/6\/2023\/04\/45001-OHS-733295-1.pdf\" target=\"_blank\" rel=\"noreferrer noopener\">T\u00e9l\u00e9charger<\/a><\/div>\n<\/div>\n\n\n\n<div style=\"height:75px\" aria-hidden=\"true\" class=\"wp-block-spacer\"><\/div>\n\n\n\n<p><strong><br>Certificat ISO 14001 du Groupe Capgemini  \u2013 Liste des b\u00e2timents contr\u00f4l\u00e9s &nbsp;<\/strong><\/p>\n\n\n\n<div class=\"wp-block-buttons is-layout-flex wp-block-buttons-is-layout-flex\">\n<div class=\"wp-block-button is-style-outline is-style-outline--6\"><a class=\"wp-block-button__link has-small-font-size has-custom-font-size wp-element-button\" href=\"https:\/\/www.capgemini.com\/wp-content\/uploads\/2023\/04\/14001-EMS-667977-Controlled-List-of-certified-site-addresses.pdff\" target=\"_blank\" rel=\"noreferrer noopener\">T\u00e9l\u00e9charger<\/a><\/div>\n<\/div>\n\n\n\n<p><strong><br>Certificat ISO 50001 du Groupe Capgemini  \u2013 Liste des b\u00e2timents contr\u00f4l\u00e9s<\/strong><\/p>\n\n\n\n<div class=\"wp-block-buttons is-layout-flex wp-block-buttons-is-layout-flex\">\n<div class=\"wp-block-button is-style-outline is-style-outline--7\"><a class=\"wp-block-button__link has-small-font-size has-custom-font-size wp-element-button\" href=\"https:\/\/www.capgemini.com\/fr-fr\/wp-content\/uploads\/sites\/6\/2023\/04\/50001-ENMS-659644-Controlled-List-of-certified-site-addresses-1-1.pdf\" target=\"_blank\" rel=\"noreferrer noopener\">T\u00e9l\u00e9charger<\/a><\/div>\n<\/div>\n\n\n\n<p><strong><br>Certificat ISO 45001 du Groupe Capgemini  \u2013 Liste des b\u00e2timents contr\u00f4l\u00e9s<\/strong><\/p>\n\n\n\n<div class=\"wp-block-buttons is-layout-flex wp-block-buttons-is-layout-flex\">\n<div class=\"wp-block-button is-style-outline is-style-outline--8\"><a class=\"wp-block-button__link has-small-font-size has-custom-font-size wp-element-button\" href=\"https:\/\/www.capgemini.com\/fr-fr\/wp-content\/uploads\/sites\/6\/2023\/04\/45001-OHS-733295-Controlled-List-1.pdf\" target=\"_blank\" rel=\"noreferrer noopener\">T\u00e9l\u00e9charger<\/a><\/div>\n<\/div>\n<\/div><\/div><\/div><\/div><\/div><\/section>\n","protected":false},"excerpt":{"rendered":"<p>Capgemini s\u2019engage \u00e0 r\u00e9duire son impact environnemental et accompagne ses clients dans leur transition, au travers d\u2019une politique globale appliqu\u00e9e \u00e0 l\u2019ensemble de ses activit\u00e9s.<\/p>\n","protected":false},"author":121,"featured_media":0,"parent":639065,"menu_order":4,"comment_status":"closed","ping_status":"closed","template":"","meta":{"cg_dt_proposed_to":[21,46,41],"cg_seo_hreflang_relations":"[]","cg_seo_canonical_relation":"","cg_seo_hreflang_x_default_relation":"{\"uuid\":\"2afc1bd0-c9fe-4a21-ae09-e319879b1ae5\",\"blogId\":\"\",\"domain\":\"\",\"sitePath\":\"\",\"postLink\":\"\",\"postId\":null,\"isSaved\":true,\"isCrossLink\":false,\"hasCrossLink\":false}","cg_dt_approved_content":true,"cg_dt_mandatory_content":false,"cg_dt_notes":"","cg_dg_source_changed":false,"cg_dt_link_disabled":true,"_yoast_wpseo_primary_brand":"","footnotes":"","featured_focal_points":"","partner_card_description":"","gsap_animation":0},"brand":[],"partner_type":[],"service":[],"industry":[],"partners":[],"page-type":[],"content-group":[],"class_list":["post-687509","page","type-page","status-publish","hentry"],"yoast_head":"<!-- This site is optimized with the Yoast SEO Premium plugin v22.8 (Yoast SEO v22.8) - https:\/\/yoast.com\/wordpress\/plugins\/seo\/ -->\n<title>Politiques environnementales | Capgemini<\/title>\n<meta name=\"description\" content=\"Politique environnementale : r\u00e9duction de l\u2019impact, performance durable et accompagnement des clients dans leur transition \u00e9cologique.\" \/>\n<meta name=\"robots\" content=\"index, follow, max-snippet:-1, max-image-preview:large, max-video-preview:-1\" \/>\n<link rel=\"canonical\" href=\"https:\/\/www.capgemini.com\/fr-fr\/notre-groupe\/gestion-gouvernance\/politiques\/politiques-environnementales\/\" \/>\n<meta property=\"og:locale\" content=\"fr_FR\" \/>\n<meta property=\"og:type\" content=\"article\" \/>\n<meta property=\"og:title\" content=\"Politiques environnementales\" \/>\n<meta property=\"og:description\" content=\"Politique environnementale : r\u00e9duction de l\u2019impact, performance durable et accompagnement des clients dans leur transition \u00e9cologique.\" \/>\n<meta property=\"og:url\" content=\"https:\/\/www.capgemini.com\/fr-fr\/notre-groupe\/gestion-gouvernance\/politiques\/politiques-environnementales\/\" \/>\n<meta property=\"og:site_name\" content=\"Capgemini France\" \/>\n<meta property=\"article:modified_time\" content=\"2026-05-11T16:41:34+00:00\" \/>\n<meta property=\"og:image\" content=\"https:\/\/www.capgemini.com\/fr-fr\/wp-content\/uploads\/sites\/6\/2026\/05\/Web_preview_politiques-environnementales.png\" \/>\n\t<meta property=\"og:image:width\" content=\"854\" \/>\n\t<meta property=\"og:image:height\" content=\"480\" \/>\n\t<meta property=\"og:image:type\" content=\"image\/png\" \/>\n<meta name=\"twitter:card\" content=\"summary_large_image\" \/>\n<meta name=\"twitter:label1\" content=\"Est. reading time\" \/>\n\t<meta name=\"twitter:data1\" content=\"2 minutes\" \/>\n<script type=\"application\/ld+json\" class=\"yoast-schema-graph\">{\"@context\":\"https:\/\/schema.org\",\"@graph\":[{\"@type\":\"WebPage\",\"@id\":\"https:\/\/www.capgemini.com\/fr-fr\/notre-groupe\/gestion-gouvernance\/politiques\/politiques-environnementales\/\",\"url\":\"https:\/\/www.capgemini.com\/fr-fr\/notre-groupe\/gestion-gouvernance\/politiques\/politiques-environnementales\/\",\"name\":\"Politiques environnementales | Capgemini\",\"isPartOf\":{\"@id\":\"https:\/\/www.capgemini.com\/fr-fr\/#website\"},\"datePublished\":\"2026-03-29T10:02:00+00:00\",\"dateModified\":\"2026-05-11T16:41:34+00:00\",\"description\":\"Politique environnementale : r\u00e9duction de l\u2019impact, performance durable et accompagnement des clients dans leur transition \u00e9cologique.\",\"breadcrumb\":{\"@id\":\"https:\/\/www.capgemini.com\/fr-fr\/notre-groupe\/gestion-gouvernance\/politiques\/politiques-environnementales\/#breadcrumb\"},\"inLanguage\":\"fr-FR\",\"potentialAction\":[{\"@type\":\"ReadAction\",\"target\":[\"https:\/\/www.capgemini.com\/fr-fr\/notre-groupe\/gestion-gouvernance\/politiques\/politiques-environnementales\/\"]}]},{\"@type\":\"BreadcrumbList\",\"@id\":\"https:\/\/www.capgemini.com\/fr-fr\/notre-groupe\/gestion-gouvernance\/politiques\/politiques-environnementales\/#breadcrumb\",\"itemListElement\":[{\"@type\":\"ListItem\",\"position\":1,\"name\":\"Notre Groupe\",\"item\":\"https:\/\/www.capgemini.com\/fr-fr\/notre-groupe\/\"},{\"@type\":\"ListItem\",\"position\":2,\"name\":\"Gestion et gouvernance\",\"item\":\"https:\/\/www.capgemini.com\/fr-fr\/notre-groupe\/gestion-gouvernance\/\"},{\"@type\":\"ListItem\",\"position\":3,\"name\":\"Politiques\",\"item\":\"https:\/\/www.capgemini.com\/fr-fr\/notre-groupe\/gestion-gouvernance\/nos-politiques\/\"},{\"@type\":\"ListItem\",\"position\":4,\"name\":\"Politiques environnementales\"}]},{\"@type\":\"WebSite\",\"@id\":\"https:\/\/www.capgemini.com\/fr-fr\/#website\",\"url\":\"https:\/\/www.capgemini.com\/fr-fr\/\",\"name\":\"Capgemini France\",\"description\":\"Just another www.capgemini.com site\",\"publisher\":{\"@id\":\"https:\/\/www.capgemini.com\/fr-fr\/#organization\"},\"potentialAction\":[{\"@type\":\"SearchAction\",\"target\":{\"@type\":\"EntryPoint\",\"urlTemplate\":\"https:\/\/www.capgemini.com\/fr-fr\/?s={search_term_string}\"},\"query-input\":\"required name=search_term_string\"}],\"inLanguage\":\"fr-FR\"},{\"@type\":\"Organization\",\"@id\":\"https:\/\/www.capgemini.com\/fr-fr\/#organization\",\"name\":\"Capgemini France\",\"url\":\"https:\/\/www.capgemini.com\/fr-fr\/\",\"logo\":{\"@type\":\"ImageObject\",\"inLanguage\":\"fr-FR\",\"@id\":\"https:\/\/www.capgemini.com\/fr-fr\/#\/schema\/logo\/image\/\",\"url\":\"https:\/\/www.capgemini.com\/fr-fr\/wp-content\/uploads\/sites\/6\/2022\/08\/Logo-Capgemini.png\",\"contentUrl\":\"https:\/\/www.capgemini.com\/fr-fr\/wp-content\/uploads\/sites\/6\/2022\/08\/Logo-Capgemini.png\",\"width\":202,\"height\":60,\"caption\":\"Capgemini France\"},\"image\":{\"@id\":\"https:\/\/www.capgemini.com\/fr-fr\/#\/schema\/logo\/image\/\"}}]}<\/script>\n<!-- \/ Yoast SEO Premium plugin. -->","yoast_head_json":{"title":"Politiques environnementales | Capgemini","description":"Politique environnementale : r\u00e9duction de l\u2019impact, performance durable et accompagnement des clients dans leur transition \u00e9cologique.","robots":{"index":"index","follow":"follow","max-snippet":"max-snippet:-1","max-image-preview":"max-image-preview:large","max-video-preview":"max-video-preview:-1"},"canonical":"https:\/\/www.capgemini.com\/fr-fr\/notre-groupe\/gestion-gouvernance\/politiques\/politiques-environnementales\/","og_locale":"fr_FR","og_type":"article","og_title":"Politiques environnementales","og_description":"Politique environnementale : r\u00e9duction de l\u2019impact, performance durable et accompagnement des clients dans leur transition \u00e9cologique.","og_url":"https:\/\/www.capgemini.com\/fr-fr\/notre-groupe\/gestion-gouvernance\/politiques\/politiques-environnementales\/","og_site_name":"Capgemini France","article_modified_time":"2026-05-11T16:41:34+00:00","og_image":[{"width":854,"height":480,"url":"https:\/\/www.capgemini.com\/fr-fr\/wp-content\/uploads\/sites\/6\/2026\/05\/Web_preview_politiques-environnementales.png","type":"image\/png"}],"twitter_card":"summary_large_image","twitter_misc":{"Est. reading time":"2 minutes"},"schema":{"@context":"https:\/\/schema.org","@graph":[{"@type":"WebPage","@id":"https:\/\/www.capgemini.com\/fr-fr\/notre-groupe\/gestion-gouvernance\/politiques\/politiques-environnementales\/","url":"https:\/\/www.capgemini.com\/fr-fr\/notre-groupe\/gestion-gouvernance\/politiques\/politiques-environnementales\/","name":"Politiques environnementales | Capgemini","isPartOf":{"@id":"https:\/\/www.capgemini.com\/fr-fr\/#website"},"datePublished":"2026-03-29T10:02:00+00:00","dateModified":"2026-05-11T16:41:34+00:00","description":"Politique environnementale : r\u00e9duction de l\u2019impact, performance durable et accompagnement des clients dans leur transition \u00e9cologique.","breadcrumb":{"@id":"https:\/\/www.capgemini.com\/fr-fr\/notre-groupe\/gestion-gouvernance\/politiques\/politiques-environnementales\/#breadcrumb"},"inLanguage":"fr-FR","potentialAction":[{"@type":"ReadAction","target":["https:\/\/www.capgemini.com\/fr-fr\/notre-groupe\/gestion-gouvernance\/politiques\/politiques-environnementales\/"]}]},{"@type":"BreadcrumbList","@id":"https:\/\/www.capgemini.com\/fr-fr\/notre-groupe\/gestion-gouvernance\/politiques\/politiques-environnementales\/#breadcrumb","itemListElement":[{"@type":"ListItem","position":1,"name":"Notre Groupe","item":"https:\/\/www.capgemini.com\/fr-fr\/notre-groupe\/"},{"@type":"ListItem","position":2,"name":"Gestion et gouvernance","item":"https:\/\/www.capgemini.com\/fr-fr\/notre-groupe\/gestion-gouvernance\/"},{"@type":"ListItem","position":3,"name":"Politiques","item":"https:\/\/www.capgemini.com\/fr-fr\/notre-groupe\/gestion-gouvernance\/nos-politiques\/"},{"@type":"ListItem","position":4,"name":"Politiques environnementales"}]},{"@type":"WebSite","@id":"https:\/\/www.capgemini.com\/fr-fr\/#website","url":"https:\/\/www.capgemini.com\/fr-fr\/","name":"Capgemini France","description":"Just another www.capgemini.com site","publisher":{"@id":"https:\/\/www.capgemini.com\/fr-fr\/#organization"},"potentialAction":[{"@type":"SearchAction","target":{"@type":"EntryPoint","urlTemplate":"https:\/\/www.capgemini.com\/fr-fr\/?s={search_term_string}"},"query-input":"required name=search_term_string"}],"inLanguage":"fr-FR"},{"@type":"Organization","@id":"https:\/\/www.capgemini.com\/fr-fr\/#organization","name":"Capgemini France","url":"https:\/\/www.capgemini.com\/fr-fr\/","logo":{"@type":"ImageObject","inLanguage":"fr-FR","@id":"https:\/\/www.capgemini.com\/fr-fr\/#\/schema\/logo\/image\/","url":"https:\/\/www.capgemini.com\/fr-fr\/wp-content\/uploads\/sites\/6\/2022\/08\/Logo-Capgemini.png","contentUrl":"https:\/\/www.capgemini.com\/fr-fr\/wp-content\/uploads\/sites\/6\/2022\/08\/Logo-Capgemini.png","width":202,"height":60,"caption":"Capgemini France"},"image":{"@id":"https:\/\/www.capgemini.com\/fr-fr\/#\/schema\/logo\/image\/"}}]}},"brand_term":[],"parsely":{"version":"1.1.0","canonical_url":"https:\/\/capgemini.com\/fr-fr\/notre-groupe\/gestion-gouvernance\/politiques\/politiques-environnementales\/","smart_links":{"inbound":0,"outbound":0},"traffic_boost_suggestions_count":0,"meta":{"@context":"https:\/\/schema.org","@type":"WebPage","headline":"Politiques environnementales","url":"https:\/\/www.capgemini.com\/fr-fr\/notre-groupe\/gestion-gouvernance\/politiques\/politiques-environnementales\/","mainEntityOfPage":{"@type":"WebPage","@id":"https:\/\/www.capgemini.com\/fr-fr\/notre-groupe\/gestion-gouvernance\/politiques\/politiques-environnementales\/"},"thumbnailUrl":"","image":{"@type":"ImageObject","url":""},"articleSection":"Uncategorized","author":[],"creator":[],"publisher":{"@type":"Organization","name":"Capgemini France","logo":""},"keywords":[],"dateCreated":"2026-03-29T10:02:00Z","datePublished":"2026-03-29T10:02:00Z","dateModified":"2026-05-11T16:41:34Z"},"rendered":"<meta name=\"parsely-title\" content=\"Politiques environnementales\" \/>\n<meta name=\"parsely-link\" content=\"https:\/\/www.capgemini.com\/fr-fr\/notre-groupe\/gestion-gouvernance\/politiques\/politiques-environnementales\/\" \/>\n<meta name=\"parsely-type\" content=\"index\" \/>\n<meta name=\"parsely-pub-date\" content=\"2026-03-29T10:02:00Z\" \/>\n<meta name=\"parsely-section\" content=\"Uncategorized\" \/>","tracker_url":"https:\/\/cdn.parsely.com\/keys\/capgemini.com\/p.js"},"archive_status":false,"featured_image_src":"https:\/\/www.capgemini.com\/fr-fr\/wp-content\/themes\/capgemini2025\/assets\/images\/mockup.png","featured_image_alt":false,"jetpack-related-posts":[{"id":505249,"url":"https:\/\/www.capgemini.com\/fr-fr\/notre-groupe\/responsabilite-sociale-et-environnementale\/","url_meta":{"origin":687509,"position":0},"title":"Responsabilit\u00e9 Sociale et Environnementale","author":"translator0aboutus","date":"November 23, 2025","format":false,"excerpt":"Ensemble, nous construirons l\u2019avenir que nous souhaitons pour nos concitoyens, notre soci\u00e9t\u00e9 et notre plan\u00e8te.","rel":"","context":"Similar post","block_context":{"text":"Similar post","link":""},"img":{"alt_text":"","src":"https:\/\/i0.wp.com\/www.capgemini.com\/fr-fr\/wp-content\/uploads\/sites\/6\/2022\/08\/2022-FR-Capgemini_About-US_Corporate-responsibility.webp?resize=350%2C200&ssl=1","width":350,"height":200,"srcset":"https:\/\/i0.wp.com\/www.capgemini.com\/fr-fr\/wp-content\/uploads\/sites\/6\/2022\/08\/2022-FR-Capgemini_About-US_Corporate-responsibility.webp?resize=350%2C200&ssl=1 1x, https:\/\/i0.wp.com\/www.capgemini.com\/fr-fr\/wp-content\/uploads\/sites\/6\/2022\/08\/2022-FR-Capgemini_About-US_Corporate-responsibility.webp?resize=525%2C300&ssl=1 1.5x, https:\/\/i0.wp.com\/www.capgemini.com\/fr-fr\/wp-content\/uploads\/sites\/6\/2022\/08\/2022-FR-Capgemini_About-US_Corporate-responsibility.webp?resize=700%2C400&ssl=1 2x"},"classes":[]},{"id":506563,"url":"https:\/\/www.capgemini.com\/fr-fr\/notre-groupe\/responsabilite-sociale-et-environnementale\/durabilite-environnementale\/","url_meta":{"origin":687509,"position":1},"title":"Durabilit\u00e9 environnementale","author":"translator0aboutus","date":"January 8, 2021","format":false,"excerpt":"Nous prenons des mesures pour lutter contre le changement climatique, l\u2019un des plus grands d\u00e9fis auxquels nous sommes confront\u00e9s.","rel":"","context":"Similar post","block_context":{"text":"Similar post","link":""},"img":{"alt_text":"","src":"https:\/\/i0.wp.com\/www.capgemini.com\/fr-fr\/wp-content\/uploads\/sites\/6\/2022\/08\/2022-FR-Capgemini_environment.webp?resize=350%2C200&ssl=1","width":350,"height":200,"srcset":"https:\/\/i0.wp.com\/www.capgemini.com\/fr-fr\/wp-content\/uploads\/sites\/6\/2022\/08\/2022-FR-Capgemini_environment.webp?resize=350%2C200&ssl=1 1x, https:\/\/i0.wp.com\/www.capgemini.com\/fr-fr\/wp-content\/uploads\/sites\/6\/2022\/08\/2022-FR-Capgemini_environment.webp?resize=525%2C300&ssl=1 1.5x, https:\/\/i0.wp.com\/www.capgemini.com\/fr-fr\/wp-content\/uploads\/sites\/6\/2022\/08\/2022-FR-Capgemini_environment.webp?resize=700%2C400&ssl=1 2x"},"classes":[]},{"id":807212,"url":"https:\/\/www.capgemini.com\/fr-fr\/notre-groupe\/gestion-gouvernance\/politiques\/","url_meta":{"origin":687509,"position":2},"title":"Politiques","author":"anne.gautier@capgemini.com","date":"May 11, 2026","format":false,"excerpt":"Les politiques pr\u00e9sent\u00e9es refl\u00e8tent les principes du Groupe et sont compl\u00e9t\u00e9es par des exigences locales, nationales ou propres \u00e0 chaque entit\u00e9.","rel":"","context":"Similar post","block_context":{"text":"Similar post","link":""},"img":{"alt_text":"","src":"","width":0,"height":0},"classes":[]},{"id":701884,"url":"https:\/\/www.capgemini.com\/fr-fr\/solutions\/informatique-durable-entreprises-admnext\/","url_meta":{"origin":687509,"position":3},"title":"Sustainable Enterprise IT Transformation with ADMnext","author":"translator0solutions","date":"January 31, 2022","format":false,"excerpt":"La r\u00e9duction des \u00e9missions de gaz \u00e0 effet de serre est essentielle pour assurer la durabilit\u00e9 de notre environnement, non seulement pour les g\u00e9n\u00e9rations futures mais aussi pour la g\u00e9n\u00e9ration actuelle. S\u2019ensuivra \u00e9galement d'immenses opportunit\u00e9s pour la croissance future de votre entreprise.","rel":"","context":"Similar post","block_context":{"text":"Similar post","link":""},"img":{"alt_text":"","src":"","width":0,"height":0},"classes":[]},{"id":629773,"url":"https:\/\/www.capgemini.com\/fr-fr\/secteurs\/produits-de-grande-consommation\/societe-connectee\/","url_meta":{"origin":687509,"position":4},"title":"Soci\u00e9t\u00e9 connect\u00e9e","author":"abhidhari","date":"September 30, 2021","format":false,"excerpt":"Les pr\u00e9occupations des clients ont \u00e9volu\u00e9. Impact environnemental et sur la sant\u00e9, sont au c\u0153ur de leur parcours d\u2019achat et de d\u00e9cision.","rel":"","context":"Similar post","block_context":{"text":"Similar post","link":""},"img":{"alt_text":"","src":"","width":0,"height":0},"classes":[]}],"jetpack_sharing_enabled":true,"distributor_meta":false,"distributor_terms":false,"distributor_media":false,"distributor_original_site_name":"Capgemini France","distributor_original_site_url":"https:\/\/www.capgemini.com\/fr-fr","push-errors":false,"_links":{"self":[{"href":"https:\/\/www.capgemini.com\/fr-fr\/wp-json\/wp\/v2\/pages\/687509","targetHints":{"allow":["GET"]}}],"collection":[{"href":"https:\/\/www.capgemini.com\/fr-fr\/wp-json\/wp\/v2\/pages"}],"about":[{"href":"https:\/\/www.capgemini.com\/fr-fr\/wp-json\/wp\/v2\/types\/page"}],"author":[{"embeddable":true,"href":"https:\/\/www.capgemini.com\/fr-fr\/wp-json\/wp\/v2\/users\/121"}],"replies":[{"embeddable":true,"href":"https:\/\/www.capgemini.com\/fr-fr\/wp-json\/wp\/v2\/comments?post=687509"}],"version-history":[{"count":19,"href":"https:\/\/www.capgemini.com\/fr-fr\/wp-json\/wp\/v2\/pages\/687509\/revisions"}],"predecessor-version":[{"id":807422,"href":"https:\/\/www.capgemini.com\/fr-fr\/wp-json\/wp\/v2\/pages\/687509\/revisions\/807422"}],"up":[{"embeddable":true,"href":"https:\/\/www.capgemini.com\/fr-fr\/wp-json\/wp\/v2\/pages\/639065"}],"wp:attachment":[{"href":"https:\/\/www.capgemini.com\/fr-fr\/wp-json\/wp\/v2\/media?parent=687509"}],"wp:term":[{"taxonomy":"brand","embeddable":true,"href":"https:\/\/www.capgemini.com\/fr-fr\/wp-json\/wp\/v2\/brand?post=687509"},{"taxonomy":"partner_type","embeddable":true,"href":"https:\/\/www.capgemini.com\/fr-fr\/wp-json\/wp\/v2\/partner_type?post=687509"},{"taxonomy":"service","embeddable":true,"href":"https:\/\/www.capgemini.com\/fr-fr\/wp-json\/wp\/v2\/service?post=687509"},{"taxonomy":"industry","embeddable":true,"href":"https:\/\/www.capgemini.com\/fr-fr\/wp-json\/wp\/v2\/industry?post=687509"},{"taxonomy":"partners","embeddable":true,"href":"https:\/\/www.capgemini.com\/fr-fr\/wp-json\/wp\/v2\/partners?post=687509"},{"taxonomy":"page-type","embeddable":true,"href":"https:\/\/www.capgemini.com\/fr-fr\/wp-json\/wp\/v2\/page-type?post=687509"},{"taxonomy":"content-group","embeddable":true,"href":"https:\/\/www.capgemini.com\/fr-fr\/wp-json\/wp\/v2\/content-group?post=687509"}],"curies":[{"name":"wp","href":"https:\/\/api.w.org\/{rel}","templated":true}]}}