{"id":650209,"date":"2022-02-10T07:01:00","date_gmt":"2022-02-10T07:01:00","guid":{"rendered":"https:\/\/www.capgemini.com\/?page_id=650209"},"modified":"2024-03-13T08:27:13","modified_gmt":"2024-03-13T07:27:13","slug":"locations","status":"publish","type":"page","link":"https:\/\/www.capgemini.com\/fr-fr\/about-us\/locations\/","title":{"rendered":"Nous trouver"},"content":{"rendered":"<p>[Nous_trouver_archive]<\/p>\n","protected":false},"excerpt":{"rendered":"","protected":false},"author":121,"featured_media":0,"parent":504830,"menu_order":0,"comment_status":"closed","ping_status":"closed","template":"","meta":{"cg_dt_proposed_to":[],"cg_seo_hreflang_relations":"","cg_seo_canonical_relation":"{\"uuid\":\"2a07ef09-d556-421b-974c-80e2cd729605\",\"blogId\":\"\",\"domain\":\"\",\"sitePath\":\"\",\"postLink\":\"\",\"postId\":null,\"isSaved\":true,\"isCrossLink\":false,\"hasCrossLink\":false}","cg_seo_hreflang_x_default_relation":"{\"uuid\":\"ef521ab0-be2b-40bf-b5a9-e59e01d62f67\",\"blogId\":\"\",\"domain\":\"\",\"sitePath\":\"\",\"postLink\":\"\",\"postId\":null,\"isSaved\":true,\"isCrossLink\":false,\"hasCrossLink\":false}","cg_dt_approved_content":true,"cg_dt_mandatory_content":false,"cg_dt_notes":"","cg_dg_source_changed":false,"cg_dt_link_disabled":false,"_yoast_wpseo_primary_brand":"","footnotes":"","featured_focal_points":"","partner_card_description":"","gsap_animation":0},"brand":[],"partner_type":[],"service":[],"industry":[],"partners":[],"page-type":[260],"content-group":[],"class_list":["post-650209","page","type-page","status-publish","hentry","page-type-notre-groupe"],"yoast_head":"<!-- This site is optimized with the Yoast SEO Premium plugin v22.8 (Yoast SEO v22.8) - https:\/\/yoast.com\/wordpress\/plugins\/seo\/ -->\n<title>Nous trouver - Capgemini France<\/title>\n<meta name=\"robots\" content=\"index, follow, max-snippet:-1, max-image-preview:large, max-video-preview:-1\" \/>\n<link rel=\"canonical\" href=\"https:\/\/www.capgemini.com\/fr-fr\/about-us\/locations\/\" \/>\n<meta property=\"og:locale\" content=\"fr_FR\" \/>\n<meta property=\"og:type\" content=\"article\" \/>\n<meta property=\"og:title\" content=\"Nous trouver\" \/>\n<meta property=\"og:url\" content=\"https:\/\/www.capgemini.com\/fr-fr\/about-us\/locations\/\" \/>\n<meta property=\"og:site_name\" content=\"Capgemini France\" \/>\n<meta property=\"article:modified_time\" content=\"2024-03-13T07:27:13+00:00\" \/>\n<meta property=\"og:image\" content=\"https:\/\/www.capgemini.com\/fr-fr\/wp-content\/uploads\/sites\/6\/2025\/10\/image-1.jpg\" \/>\n\t<meta property=\"og:image:width\" content=\"1200\" \/>\n\t<meta property=\"og:image:height\" content=\"627\" \/>\n\t<meta property=\"og:image:type\" content=\"image\/jpeg\" \/>\n<meta name=\"twitter:card\" content=\"summary_large_image\" \/>\n<meta name=\"twitter:label1\" content=\"Est. reading time\" \/>\n\t<meta name=\"twitter:data1\" content=\"1 minute\" \/>\n<script type=\"application\/ld+json\" class=\"yoast-schema-graph\">{\"@context\":\"https:\/\/schema.org\",\"@graph\":[{\"@type\":\"WebPage\",\"@id\":\"https:\/\/www.capgemini.com\/fr-fr\/about-us\/locations\/\",\"url\":\"https:\/\/www.capgemini.com\/fr-fr\/about-us\/locations\/\",\"name\":\"Nous trouver - Capgemini France\",\"isPartOf\":{\"@id\":\"https:\/\/www.capgemini.com\/fr-fr\/#website\"},\"datePublished\":\"2022-02-10T07:01:00+00:00\",\"dateModified\":\"2024-03-13T07:27:13+00:00\",\"breadcrumb\":{\"@id\":\"https:\/\/www.capgemini.com\/fr-fr\/about-us\/locations\/#breadcrumb\"},\"inLanguage\":\"fr-FR\",\"potentialAction\":[{\"@type\":\"ReadAction\",\"target\":[\"https:\/\/www.capgemini.com\/fr-fr\/about-us\/locations\/\"]}]},{\"@type\":\"BreadcrumbList\",\"@id\":\"https:\/\/www.capgemini.com\/fr-fr\/about-us\/locations\/#breadcrumb\",\"itemListElement\":[{\"@type\":\"ListItem\",\"position\":1,\"name\":\"Notre Groupe\",\"item\":\"https:\/\/www.capgemini.com\/fr-fr\/notre-groupe\/\"},{\"@type\":\"ListItem\",\"position\":2,\"name\":\"Nous trouver\"}]},{\"@type\":\"WebSite\",\"@id\":\"https:\/\/www.capgemini.com\/fr-fr\/#website\",\"url\":\"https:\/\/www.capgemini.com\/fr-fr\/\",\"name\":\"Capgemini France\",\"description\":\"Just another www.capgemini.com site\",\"publisher\":{\"@id\":\"https:\/\/www.capgemini.com\/fr-fr\/#organization\"},\"potentialAction\":[{\"@type\":\"SearchAction\",\"target\":{\"@type\":\"EntryPoint\",\"urlTemplate\":\"https:\/\/www.capgemini.com\/fr-fr\/?s={search_term_string}\"},\"query-input\":\"required name=search_term_string\"}],\"inLanguage\":\"fr-FR\"},{\"@type\":\"Organization\",\"@id\":\"https:\/\/www.capgemini.com\/fr-fr\/#organization\",\"name\":\"Capgemini France\",\"url\":\"https:\/\/www.capgemini.com\/fr-fr\/\",\"logo\":{\"@type\":\"ImageObject\",\"inLanguage\":\"fr-FR\",\"@id\":\"https:\/\/www.capgemini.com\/fr-fr\/#\/schema\/logo\/image\/\",\"url\":\"https:\/\/www.capgemini.com\/fr-fr\/wp-content\/uploads\/sites\/6\/2022\/08\/Logo-Capgemini.png\",\"contentUrl\":\"https:\/\/www.capgemini.com\/fr-fr\/wp-content\/uploads\/sites\/6\/2022\/08\/Logo-Capgemini.png\",\"width\":202,\"height\":60,\"caption\":\"Capgemini France\"},\"image\":{\"@id\":\"https:\/\/www.capgemini.com\/fr-fr\/#\/schema\/logo\/image\/\"}}]}<\/script>\n<!-- \/ Yoast SEO Premium plugin. -->","yoast_head_json":{"title":"Nous trouver - Capgemini France","robots":{"index":"index","follow":"follow","max-snippet":"max-snippet:-1","max-image-preview":"max-image-preview:large","max-video-preview":"max-video-preview:-1"},"canonical":"https:\/\/www.capgemini.com\/fr-fr\/about-us\/locations\/","og_locale":"fr_FR","og_type":"article","og_title":"Nous trouver","og_url":"https:\/\/www.capgemini.com\/fr-fr\/about-us\/locations\/","og_site_name":"Capgemini France","article_modified_time":"2024-03-13T07:27:13+00:00","og_image":[{"width":1200,"height":627,"url":"https:\/\/www.capgemini.com\/fr-fr\/wp-content\/uploads\/sites\/6\/2025\/10\/image-1.jpg","type":"image\/jpeg"}],"twitter_card":"summary_large_image","twitter_misc":{"Est. reading time":"1 minute"},"schema":{"@context":"https:\/\/schema.org","@graph":[{"@type":"WebPage","@id":"https:\/\/www.capgemini.com\/fr-fr\/about-us\/locations\/","url":"https:\/\/www.capgemini.com\/fr-fr\/about-us\/locations\/","name":"Nous trouver - Capgemini France","isPartOf":{"@id":"https:\/\/www.capgemini.com\/fr-fr\/#website"},"datePublished":"2022-02-10T07:01:00+00:00","dateModified":"2024-03-13T07:27:13+00:00","breadcrumb":{"@id":"https:\/\/www.capgemini.com\/fr-fr\/about-us\/locations\/#breadcrumb"},"inLanguage":"fr-FR","potentialAction":[{"@type":"ReadAction","target":["https:\/\/www.capgemini.com\/fr-fr\/about-us\/locations\/"]}]},{"@type":"BreadcrumbList","@id":"https:\/\/www.capgemini.com\/fr-fr\/about-us\/locations\/#breadcrumb","itemListElement":[{"@type":"ListItem","position":1,"name":"Notre Groupe","item":"https:\/\/www.capgemini.com\/fr-fr\/notre-groupe\/"},{"@type":"ListItem","position":2,"name":"Nous trouver"}]},{"@type":"WebSite","@id":"https:\/\/www.capgemini.com\/fr-fr\/#website","url":"https:\/\/www.capgemini.com\/fr-fr\/","name":"Capgemini France","description":"Just another www.capgemini.com site","publisher":{"@id":"https:\/\/www.capgemini.com\/fr-fr\/#organization"},"potentialAction":[{"@type":"SearchAction","target":{"@type":"EntryPoint","urlTemplate":"https:\/\/www.capgemini.com\/fr-fr\/?s={search_term_string}"},"query-input":"required name=search_term_string"}],"inLanguage":"fr-FR"},{"@type":"Organization","@id":"https:\/\/www.capgemini.com\/fr-fr\/#organization","name":"Capgemini France","url":"https:\/\/www.capgemini.com\/fr-fr\/","logo":{"@type":"ImageObject","inLanguage":"fr-FR","@id":"https:\/\/www.capgemini.com\/fr-fr\/#\/schema\/logo\/image\/","url":"https:\/\/www.capgemini.com\/fr-fr\/wp-content\/uploads\/sites\/6\/2022\/08\/Logo-Capgemini.png","contentUrl":"https:\/\/www.capgemini.com\/fr-fr\/wp-content\/uploads\/sites\/6\/2022\/08\/Logo-Capgemini.png","width":202,"height":60,"caption":"Capgemini France"},"image":{"@id":"https:\/\/www.capgemini.com\/fr-fr\/#\/schema\/logo\/image\/"}}]}},"brand_term":[],"parsely":{"version":"1.1.0","canonical_url":"https:\/\/capgemini.com\/fr-fr\/about-us\/locations\/","smart_links":{"inbound":0,"outbound":0},"traffic_boost_suggestions_count":0,"meta":{"@context":"https:\/\/schema.org","@type":"WebPage","headline":"Nous trouver","url":"https:\/\/www.capgemini.com\/fr-fr\/about-us\/locations\/","mainEntityOfPage":{"@type":"WebPage","@id":"https:\/\/www.capgemini.com\/fr-fr\/about-us\/locations\/"},"thumbnailUrl":"","image":{"@type":"ImageObject","url":""},"articleSection":"Uncategorized","author":[],"creator":[],"publisher":{"@type":"Organization","name":"Capgemini France","logo":""},"keywords":[],"dateCreated":"2022-02-10T07:01:00Z","datePublished":"2022-02-10T07:01:00Z","dateModified":"2024-03-13T07:27:13Z"},"rendered":"<meta name=\"parsely-title\" content=\"Nous trouver\" \/>\n<meta name=\"parsely-link\" content=\"https:\/\/www.capgemini.com\/fr-fr\/about-us\/locations\/\" \/>\n<meta name=\"parsely-type\" content=\"index\" \/>\n<meta name=\"parsely-pub-date\" content=\"2022-02-10T07:01:00Z\" \/>\n<meta name=\"parsely-section\" content=\"Uncategorized\" \/>","tracker_url":"https:\/\/cdn.parsely.com\/keys\/capgemini.com\/p.js"},"archive_status":false,"featured_image_src":"https:\/\/www.capgemini.com\/fr-fr\/wp-content\/themes\/capgemini2025\/assets\/images\/mockup.png","featured_image_alt":false,"jetpack-related-posts":[{"id":691977,"url":"https:\/\/www.capgemini.com\/fr-fr\/nous-trouver\/","url_meta":{"origin":650209,"position":0},"title":"Nous trouver","author":"maximebertail","date":"September 1, 2022","format":false,"excerpt":"","rel":"","context":"Similar post","block_context":{"text":"Similar post","link":""},"img":{"alt_text":"","src":"","width":0,"height":0},"classes":[]},{"id":734711,"url":"https:\/\/www.capgemini.com\/fr-fr\/solutions\/fraud-detection-powered-by-hyperautomation\/","url_meta":{"origin":650209,"position":1},"title":"D\u00e9tection des fraudes gr\u00e2ce \u00e0 l&#8217;hyperautomatisation","author":"rajeshrangdal","date":"November 3, 2023","format":false,"excerpt":"D'ici 2030, les pertes li\u00e9es aux cartes de cr\u00e9dit devraient atteindre 49 milliards de dollars par an. Les responsables des risques doivent trouver de meilleures solutions pour minimiser les pertes dues \u00e0 la fraude.","rel":"","context":"Similar post","block_context":{"text":"Similar post","link":""},"img":{"alt_text":"","src":"https:\/\/i0.wp.com\/www.capgemini.com\/fr-fr\/wp-content\/uploads\/sites\/6\/2023\/11\/Fraud_Monitoring-Web_Background.jpg?resize=350%2C200&ssl=1","width":350,"height":200,"srcset":"https:\/\/i0.wp.com\/www.capgemini.com\/fr-fr\/wp-content\/uploads\/sites\/6\/2023\/11\/Fraud_Monitoring-Web_Background.jpg?resize=350%2C200&ssl=1 1x, https:\/\/i0.wp.com\/www.capgemini.com\/fr-fr\/wp-content\/uploads\/sites\/6\/2023\/11\/Fraud_Monitoring-Web_Background.jpg?resize=525%2C300&ssl=1 1.5x, https:\/\/i0.wp.com\/www.capgemini.com\/fr-fr\/wp-content\/uploads\/sites\/6\/2023\/11\/Fraud_Monitoring-Web_Background.jpg?resize=700%2C400&ssl=1 2x"},"classes":[]},{"id":696227,"url":"https:\/\/www.capgemini.com\/fr-fr\/freelancer-gateway-capgemini\/","url_meta":{"origin":650209,"position":2},"title":"Freelancer Gateway by Capgemini","author":"","date":"September 16, 2022","format":false,"excerpt":"D\u00e9couvrez \u00ab Freelancer Gateway by Capgemini \u00bb, la plateforme destin\u00e9e aux ind\u00e9pendants des m\u00e9tiers du num\u00e9rique et de l\u2019ing\u00e9nierie !","rel":"","context":"Similar post","block_context":{"text":"Similar post","link":""},"img":{"alt_text":"","src":"https:\/\/i0.wp.com\/www.capgemini.com\/fr-fr\/wp-content\/uploads\/sites\/6\/2022\/09\/Freelancer-Getaway-Banniere-siteweb.jpg?resize=350%2C200&ssl=1","width":350,"height":200,"srcset":"https:\/\/i0.wp.com\/www.capgemini.com\/fr-fr\/wp-content\/uploads\/sites\/6\/2022\/09\/Freelancer-Getaway-Banniere-siteweb.jpg?resize=350%2C200&ssl=1 1x, https:\/\/i0.wp.com\/www.capgemini.com\/fr-fr\/wp-content\/uploads\/sites\/6\/2022\/09\/Freelancer-Getaway-Banniere-siteweb.jpg?resize=525%2C300&ssl=1 1.5x, https:\/\/i0.wp.com\/www.capgemini.com\/fr-fr\/wp-content\/uploads\/sites\/6\/2022\/09\/Freelancer-Getaway-Banniere-siteweb.jpg?resize=700%2C400&ssl=1 2x"},"classes":[]},{"id":784965,"url":"https:\/\/www.capgemini.com\/fr-fr\/notre-groupe\/gestion-gouvernance\/politiques\/protection-donnees-dans-cadre-recrutement\/","url_meta":{"origin":650209,"position":3},"title":"Protection des donn\u00e9es dans le cadre du recrutement","author":"anne.gautier@capgemini.com","date":"June 18, 2025","format":false,"excerpt":"PolitiquesProtection des donn\u00e9es dans le cadre du recrutementT\u00e9l\u00e9charger (EN)108 KB pdf Nous vous remercions de l\u2019int\u00e9r\u00eat que vous portez au Groupe Capgemini. D\u00e9couvrez comment Capgemini prot\u00e8ge vos donn\u00e9es personnelles dans le cadre de ses activit\u00e9s de recrutement. Cette notice d\u00e9taille la mani\u00e8re dont nous collectons et traitons vos informations, que\u2026","rel":"","context":"Similar post","block_context":{"text":"Similar post","link":""},"img":{"alt_text":"","src":"https:\/\/i0.wp.com\/www.capgemini.com\/fr-fr\/wp-content\/uploads\/sites\/6\/2025\/05\/DPO.jpg?resize=350%2C200&ssl=1","width":350,"height":200,"srcset":"https:\/\/i0.wp.com\/www.capgemini.com\/fr-fr\/wp-content\/uploads\/sites\/6\/2025\/05\/DPO.jpg?resize=350%2C200&ssl=1 1x, https:\/\/i0.wp.com\/www.capgemini.com\/fr-fr\/wp-content\/uploads\/sites\/6\/2025\/05\/DPO.jpg?resize=525%2C300&ssl=1 1.5x, https:\/\/i0.wp.com\/www.capgemini.com\/fr-fr\/wp-content\/uploads\/sites\/6\/2025\/05\/DPO.jpg?resize=700%2C400&ssl=1 2x"},"classes":[]},{"id":677508,"url":"https:\/\/www.capgemini.com\/fr-fr\/carrieres\/parcours-professionnels\/dirigeants\/","url_meta":{"origin":650209,"position":4},"title":"Dirigeants","author":"translator0careers","date":"March 30, 2021","format":false,"excerpt":"Aider les organisations mondiales de premier plan \u00e0 atteindre leurs objectifs tout en construisant un avenir meilleur n\u00e9cessite un v\u00e9ritable leadership. Capgemini recherche des acteurs du changement exp\u00e9riment\u00e9s, anim\u00e9s par la volont\u00e9 et la passion de trouver de nouveaux moyens d\u2019exploiter les technologies afin d\u2019ouvrir des opportunit\u00e9s pour nos clients\u2026","rel":"","context":"Similar post","block_context":{"text":"Similar post","link":""},"img":{"alt_text":"","src":"","width":0,"height":0},"classes":[]},{"id":677507,"url":"https:\/\/www.capgemini.com\/fr-fr\/carrieres\/parcours-professionnels\/etudiants-jeunes-diplomes\/","url_meta":{"origin":650209,"position":5},"title":"\u00c9tudiants et jeunes dipl\u00f4m\u00e9s","author":"gabriellamouanga","date":"March 30, 2021","format":false,"excerpt":"Une carri\u00e8re chez Capgemini vous permet de donner libre cours \u00e0 une passion existante ou d\u2019en cultiver de nouvelles. Ici, vous pouvez d\u00e9velopper votre carri\u00e8re selon vos envies, tout en participant \u00e0 des projets qui transforment les entreprises mondiales de premier plan et contribuent \u00e0 construire un avenir plus durable\u2026","rel":"","context":"Similar post","block_context":{"text":"Similar post","link":""},"img":{"alt_text":"","src":"https:\/\/i0.wp.com\/www.capgemini.com\/fr-fr\/wp-content\/uploads\/sites\/6\/2025\/02\/GettyImages-1171160847_b0e6a7.jpg?resize=350%2C200&ssl=1","width":350,"height":200,"srcset":"https:\/\/i0.wp.com\/www.capgemini.com\/fr-fr\/wp-content\/uploads\/sites\/6\/2025\/02\/GettyImages-1171160847_b0e6a7.jpg?resize=350%2C200&ssl=1 1x, https:\/\/i0.wp.com\/www.capgemini.com\/fr-fr\/wp-content\/uploads\/sites\/6\/2025\/02\/GettyImages-1171160847_b0e6a7.jpg?resize=525%2C300&ssl=1 1.5x, https:\/\/i0.wp.com\/www.capgemini.com\/fr-fr\/wp-content\/uploads\/sites\/6\/2025\/02\/GettyImages-1171160847_b0e6a7.jpg?resize=700%2C400&ssl=1 2x"},"classes":[]}],"jetpack_sharing_enabled":true,"distributor_meta":false,"distributor_terms":false,"distributor_media":false,"distributor_original_site_name":"Capgemini France","distributor_original_site_url":"https:\/\/www.capgemini.com\/fr-fr","push-errors":false,"_links":{"self":[{"href":"https:\/\/www.capgemini.com\/fr-fr\/wp-json\/wp\/v2\/pages\/650209","targetHints":{"allow":["GET"]}}],"collection":[{"href":"https:\/\/www.capgemini.com\/fr-fr\/wp-json\/wp\/v2\/pages"}],"about":[{"href":"https:\/\/www.capgemini.com\/fr-fr\/wp-json\/wp\/v2\/types\/page"}],"author":[{"embeddable":true,"href":"https:\/\/www.capgemini.com\/fr-fr\/wp-json\/wp\/v2\/users\/121"}],"replies":[{"embeddable":true,"href":"https:\/\/www.capgemini.com\/fr-fr\/wp-json\/wp\/v2\/comments?post=650209"}],"version-history":[{"count":1,"href":"https:\/\/www.capgemini.com\/fr-fr\/wp-json\/wp\/v2\/pages\/650209\/revisions"}],"predecessor-version":[{"id":687521,"href":"https:\/\/www.capgemini.com\/fr-fr\/wp-json\/wp\/v2\/pages\/650209\/revisions\/687521"}],"up":[{"embeddable":true,"href":"https:\/\/www.capgemini.com\/fr-fr\/wp-json\/wp\/v2\/pages\/504830"}],"wp:attachment":[{"href":"https:\/\/www.capgemini.com\/fr-fr\/wp-json\/wp\/v2\/media?parent=650209"}],"wp:term":[{"taxonomy":"brand","embeddable":true,"href":"https:\/\/www.capgemini.com\/fr-fr\/wp-json\/wp\/v2\/brand?post=650209"},{"taxonomy":"partner_type","embeddable":true,"href":"https:\/\/www.capgemini.com\/fr-fr\/wp-json\/wp\/v2\/partner_type?post=650209"},{"taxonomy":"service","embeddable":true,"href":"https:\/\/www.capgemini.com\/fr-fr\/wp-json\/wp\/v2\/service?post=650209"},{"taxonomy":"industry","embeddable":true,"href":"https:\/\/www.capgemini.com\/fr-fr\/wp-json\/wp\/v2\/industry?post=650209"},{"taxonomy":"partners","embeddable":true,"href":"https:\/\/www.capgemini.com\/fr-fr\/wp-json\/wp\/v2\/partners?post=650209"},{"taxonomy":"page-type","embeddable":true,"href":"https:\/\/www.capgemini.com\/fr-fr\/wp-json\/wp\/v2\/page-type?post=650209"},{"taxonomy":"content-group","embeddable":true,"href":"https:\/\/www.capgemini.com\/fr-fr\/wp-json\/wp\/v2\/content-group?post=650209"}],"curies":[{"name":"wp","href":"https:\/\/api.w.org\/{rel}","templated":true}]}}