{"id":642108,"date":"2022-01-10T06:44:28","date_gmt":"2022-01-10T06:44:28","guid":{"rendered":"https:\/\/www.capgemini.com\/?page_id=642108"},"modified":"2026-05-11T18:42:26","modified_gmt":"2026-05-11T16:42:26","slug":"normes-conduite-fournisseurs","status":"publish","type":"page","link":"https:\/\/www.capgemini.com\/fr-fr\/notre-groupe\/gestion-gouvernance\/politiques\/normes-conduite-fournisseurs\/","title":{"rendered":"Normes de conduite des fournisseurs"},"content":{"rendered":"\n<header class=\"wp-block-cg-blocks-hero-reusable is-style-blue-line header heroReusable  \"><div class=\"header-bgs\"><\/div><div class=\"heroPictureCardHeaderShape\"><\/div><div class=\"container\"><div class=\"row\"><div class=\"col-md-12\"><div class=\"box\"><div class=\"boxTagWrapper\"><div class=\"tagInfo\"><div><span class=\"box-tag\">Politiques<\/span><\/div><\/div><\/div><div class=\"box-title\"><h1 data-maxlength=\"34\">Normes de conduite des fournisseurs<\/h1><\/div><div class=\"inner-row-insight download-btn\"><div class=\"col-md-4 downloadFiles addPadding\"><a class=\"button-download--small\" type=\"download\" href=\"https:\/\/www.capgemini.com\/fr-fr\/wp-content\/uploads\/sites\/6\/2024\/03\/Capgemini_Code-de-conduite-Fournisseurs_FR_08032024.pdf\" target=\"_blank\" rel=\"noopener noreferrer\" title=\"opens in a new window\"><span>T\u00e9l\u00e9chargement de notre Code de Conduite<br>des Fournisseurs<\/span><span class=\"type\">539 KB  pdf<\/span><\/a><\/div><\/div><\/div><\/div><\/div><\/div><\/header>\n\n\n\n<section class=\"wp-block-cg-blocks-group undefined section section--article-content\"><div class=\"article-main-content\"><div class=\"container\"><div class=\"grid-container\"><div class=\"col-12 col-md-2\"><nav class=\"article-social\"><ul class=\"social-nav\"><li class=\"ip-order-fb\"><a href=\"https:\/\/www.facebook.com\/sharer\/sharer.php?u=https:\/\/www.capgemini.com\/fr-fr\/notre-groupe\/gestion-gouvernance\/politiques\/normes-conduite-fournisseurs\/\" target=\"_blank\" rel=\"noopener noreferrer\" title=\"Ouvrir dans une nouvelle fen\u00eatre\"><i aria-hidden=\"true\" class=\"icon-fb\"><\/i><span class=\"sr-only\">Facebook<\/span><\/a><\/li><li class=\"ip-order-li\"><a href=\"https:\/\/www.linkedin.com\/sharing\/share-offsite\/?url=https:\/\/www.capgemini.com\/fr-fr\/notre-groupe\/gestion-gouvernance\/politiques\/normes-conduite-fournisseurs\/\" target=\"_blank\" rel=\"noopener noreferrer\" title=\"Ouvrir dans une nouvelle fen\u00eatre\"><i aria-hidden=\"true\" class=\"icon-li\"><\/i><span class=\"sr-only\">Linkedin<\/span><\/a><\/li><\/ul><\/nav><\/div><div><div class=\"article-text article-quote-text\">\n<h4 class=\"wp-block-heading\" id=\"h-nos-normes-de-conduite-des-fournisseurs-fixent-l-engagement-minimum-que-capgemini-attend-de-ses-fournisseurs-en-ce-qui-concerne-la-responsabilite-sociale-d-entreprise-l-ethique-et-la-lutte-anti-corruption-la-conformite-reglementaire-et-les-normes-relatives-aux-relations-d-affaires-nbsp\">Nos normes de conduite des fournisseurs fixent l\u2019engagement minimum que Capgemini attend de ses fournisseurs en ce qui concerne la responsabilit\u00e9 sociale d&#8217;entreprise, l\u2019\u00e9thique et la lutte anti-corruption, la conformit\u00e9 r\u00e9glementaire et les normes relatives aux relations d\u2019affaires.&nbsp;<\/h4>\n\n\n\n<p>Tous les fournisseurs de Capgemini sont tenus de respecter nos Normes de conduite des fournisseurs sans exception, et quels que soient le type et la valeur de l\u2019activit\u00e9 que nous r\u00e9alisons ensemble.&nbsp;<\/p>\n\n\n\n<p>Les normes de conduite contiennent nos principes concernant le respect du droit international, national et local, des droits humains, des droits du travail et de l\u2019esclavage moderne. Elles d\u00e9crivent \u00e9galement l\u2019obligation de nos fournisseurs de mener leurs activit\u00e9s en respectant les normes d\u2019int\u00e9grit\u00e9 les plus \u00e9lev\u00e9es, en \u00e9vitant toute forme de corruption, de pots-de-vin, d\u2019extorsion ou de d\u00e9tournement de fonds, mais aussi de pratiques commerciales d\u00e9loyales.&nbsp;<\/p>\n<\/div><\/div><\/div><\/div><\/div><\/section>\n","protected":false},"excerpt":{"rendered":"<p>Capgemini d\u00e9finit des normes de conduite strictes pour ses fournisseurs afin de garantir des pratiques \u00e9thiques, responsables et conformes aux exigences l\u00e9gales et soci\u00e9tales.<\/p>\n","protected":false},"author":121,"featured_media":0,"parent":639065,"menu_order":6,"comment_status":"closed","ping_status":"closed","template":"","meta":{"cg_dt_proposed_to":[21,41,46],"cg_seo_hreflang_relations":"[]","cg_seo_canonical_relation":"","cg_seo_hreflang_x_default_relation":"{\"uuid\":\"d6663451-c7a8-4f6a-90eb-97e6cb3071cc\",\"blogId\":\"\",\"domain\":\"\",\"sitePath\":\"\",\"postLink\":\"\",\"postId\":null,\"isSaved\":true,\"isCrossLink\":false,\"hasCrossLink\":false}","cg_dt_approved_content":true,"cg_dt_mandatory_content":false,"cg_dt_notes":"","cg_dg_source_changed":false,"cg_dt_link_disabled":true,"_yoast_wpseo_primary_brand":"","footnotes":"","featured_focal_points":"","partner_card_description":"","gsap_animation":0},"brand":[],"partner_type":[],"service":[],"industry":[],"partners":[],"page-type":[260],"content-group":[],"class_list":["post-642108","page","type-page","status-publish","hentry","page-type-notre-groupe"],"yoast_head":"<!-- This site is optimized with the Yoast SEO Premium plugin v22.8 (Yoast SEO v22.8) - https:\/\/yoast.com\/wordpress\/plugins\/seo\/ -->\n<title>Normes de conduite des fournisseurs | Capgemini<\/title>\n<meta name=\"description\" content=\"Normes fournisseurs Capgemini : \u00e9thique, anti\u2011corruption, droits humains et conformit\u00e9 pour des relations d\u2019affaires responsables.\" \/>\n<meta name=\"robots\" content=\"index, follow, max-snippet:-1, max-image-preview:large, max-video-preview:-1\" \/>\n<link rel=\"canonical\" href=\"https:\/\/www.capgemini.com\/fr-fr\/notre-groupe\/gestion-gouvernance\/politiques\/normes-conduite-fournisseurs\/\" \/>\n<meta property=\"og:locale\" content=\"fr_FR\" \/>\n<meta property=\"og:type\" content=\"article\" \/>\n<meta property=\"og:title\" content=\"Normes de conduite des fournisseurs\" \/>\n<meta property=\"og:description\" content=\"Normes fournisseurs Capgemini : \u00e9thique, anti\u2011corruption, droits humains et conformit\u00e9 pour des relations d\u2019affaires responsables.\" \/>\n<meta property=\"og:url\" content=\"https:\/\/www.capgemini.com\/fr-fr\/notre-groupe\/gestion-gouvernance\/politiques\/normes-conduite-fournisseurs\/\" \/>\n<meta property=\"og:site_name\" content=\"Capgemini France\" \/>\n<meta property=\"article:modified_time\" content=\"2026-05-11T16:42:26+00:00\" \/>\n<meta property=\"og:image\" content=\"https:\/\/www.capgemini.com\/fr-fr\/wp-content\/uploads\/sites\/6\/2026\/05\/Web_preview_Normes-de-cuinduite-fournisseurs.png\" \/>\n\t<meta property=\"og:image:width\" content=\"854\" \/>\n\t<meta property=\"og:image:height\" content=\"480\" \/>\n\t<meta property=\"og:image:type\" content=\"image\/png\" \/>\n<meta name=\"twitter:card\" content=\"summary_large_image\" \/>\n<meta name=\"twitter:label1\" content=\"Est. reading time\" \/>\n\t<meta name=\"twitter:data1\" content=\"1 minute\" \/>\n<script type=\"application\/ld+json\" class=\"yoast-schema-graph\">{\"@context\":\"https:\/\/schema.org\",\"@graph\":[{\"@type\":\"WebPage\",\"@id\":\"https:\/\/www.capgemini.com\/fr-fr\/notre-groupe\/gestion-gouvernance\/politiques\/normes-conduite-fournisseurs\/\",\"url\":\"https:\/\/www.capgemini.com\/fr-fr\/notre-groupe\/gestion-gouvernance\/politiques\/normes-conduite-fournisseurs\/\",\"name\":\"Normes de conduite des fournisseurs | Capgemini\",\"isPartOf\":{\"@id\":\"https:\/\/www.capgemini.com\/fr-fr\/#website\"},\"datePublished\":\"2022-01-10T06:44:28+00:00\",\"dateModified\":\"2026-05-11T16:42:26+00:00\",\"description\":\"Normes fournisseurs Capgemini : \u00e9thique, anti\u2011corruption, droits humains et conformit\u00e9 pour des relations d\u2019affaires responsables.\",\"breadcrumb\":{\"@id\":\"https:\/\/www.capgemini.com\/fr-fr\/notre-groupe\/gestion-gouvernance\/politiques\/normes-conduite-fournisseurs\/#breadcrumb\"},\"inLanguage\":\"fr-FR\",\"potentialAction\":[{\"@type\":\"ReadAction\",\"target\":[\"https:\/\/www.capgemini.com\/fr-fr\/notre-groupe\/gestion-gouvernance\/politiques\/normes-conduite-fournisseurs\/\"]}]},{\"@type\":\"BreadcrumbList\",\"@id\":\"https:\/\/www.capgemini.com\/fr-fr\/notre-groupe\/gestion-gouvernance\/politiques\/normes-conduite-fournisseurs\/#breadcrumb\",\"itemListElement\":[{\"@type\":\"ListItem\",\"position\":1,\"name\":\"Notre Groupe\",\"item\":\"https:\/\/www.capgemini.com\/fr-fr\/notre-groupe\/\"},{\"@type\":\"ListItem\",\"position\":2,\"name\":\"Gestion et gouvernance\",\"item\":\"https:\/\/www.capgemini.com\/fr-fr\/notre-groupe\/gestion-gouvernance\/\"},{\"@type\":\"ListItem\",\"position\":3,\"name\":\"Politiques\",\"item\":\"https:\/\/www.capgemini.com\/fr-fr\/notre-groupe\/gestion-gouvernance\/nos-politiques\/\"},{\"@type\":\"ListItem\",\"position\":4,\"name\":\"Normes de conduite des fournisseurs\"}]},{\"@type\":\"WebSite\",\"@id\":\"https:\/\/www.capgemini.com\/fr-fr\/#website\",\"url\":\"https:\/\/www.capgemini.com\/fr-fr\/\",\"name\":\"Capgemini France\",\"description\":\"Just another www.capgemini.com site\",\"publisher\":{\"@id\":\"https:\/\/www.capgemini.com\/fr-fr\/#organization\"},\"potentialAction\":[{\"@type\":\"SearchAction\",\"target\":{\"@type\":\"EntryPoint\",\"urlTemplate\":\"https:\/\/www.capgemini.com\/fr-fr\/?s={search_term_string}\"},\"query-input\":\"required name=search_term_string\"}],\"inLanguage\":\"fr-FR\"},{\"@type\":\"Organization\",\"@id\":\"https:\/\/www.capgemini.com\/fr-fr\/#organization\",\"name\":\"Capgemini France\",\"url\":\"https:\/\/www.capgemini.com\/fr-fr\/\",\"logo\":{\"@type\":\"ImageObject\",\"inLanguage\":\"fr-FR\",\"@id\":\"https:\/\/www.capgemini.com\/fr-fr\/#\/schema\/logo\/image\/\",\"url\":\"https:\/\/www.capgemini.com\/fr-fr\/wp-content\/uploads\/sites\/6\/2022\/08\/Logo-Capgemini.png\",\"contentUrl\":\"https:\/\/www.capgemini.com\/fr-fr\/wp-content\/uploads\/sites\/6\/2022\/08\/Logo-Capgemini.png\",\"width\":202,\"height\":60,\"caption\":\"Capgemini France\"},\"image\":{\"@id\":\"https:\/\/www.capgemini.com\/fr-fr\/#\/schema\/logo\/image\/\"}}]}<\/script>\n<!-- \/ Yoast SEO Premium plugin. -->","yoast_head_json":{"title":"Normes de conduite des fournisseurs | Capgemini","description":"Normes fournisseurs Capgemini : \u00e9thique, anti\u2011corruption, droits humains et conformit\u00e9 pour des relations d\u2019affaires responsables.","robots":{"index":"index","follow":"follow","max-snippet":"max-snippet:-1","max-image-preview":"max-image-preview:large","max-video-preview":"max-video-preview:-1"},"canonical":"https:\/\/www.capgemini.com\/fr-fr\/notre-groupe\/gestion-gouvernance\/politiques\/normes-conduite-fournisseurs\/","og_locale":"fr_FR","og_type":"article","og_title":"Normes de conduite des fournisseurs","og_description":"Normes fournisseurs Capgemini : \u00e9thique, anti\u2011corruption, droits humains et conformit\u00e9 pour des relations d\u2019affaires responsables.","og_url":"https:\/\/www.capgemini.com\/fr-fr\/notre-groupe\/gestion-gouvernance\/politiques\/normes-conduite-fournisseurs\/","og_site_name":"Capgemini France","article_modified_time":"2026-05-11T16:42:26+00:00","og_image":[{"width":854,"height":480,"url":"https:\/\/www.capgemini.com\/fr-fr\/wp-content\/uploads\/sites\/6\/2026\/05\/Web_preview_Normes-de-cuinduite-fournisseurs.png","type":"image\/png"}],"twitter_card":"summary_large_image","twitter_misc":{"Est. reading time":"1 minute"},"schema":{"@context":"https:\/\/schema.org","@graph":[{"@type":"WebPage","@id":"https:\/\/www.capgemini.com\/fr-fr\/notre-groupe\/gestion-gouvernance\/politiques\/normes-conduite-fournisseurs\/","url":"https:\/\/www.capgemini.com\/fr-fr\/notre-groupe\/gestion-gouvernance\/politiques\/normes-conduite-fournisseurs\/","name":"Normes de conduite des fournisseurs | Capgemini","isPartOf":{"@id":"https:\/\/www.capgemini.com\/fr-fr\/#website"},"datePublished":"2022-01-10T06:44:28+00:00","dateModified":"2026-05-11T16:42:26+00:00","description":"Normes fournisseurs Capgemini : \u00e9thique, anti\u2011corruption, droits humains et conformit\u00e9 pour des relations d\u2019affaires responsables.","breadcrumb":{"@id":"https:\/\/www.capgemini.com\/fr-fr\/notre-groupe\/gestion-gouvernance\/politiques\/normes-conduite-fournisseurs\/#breadcrumb"},"inLanguage":"fr-FR","potentialAction":[{"@type":"ReadAction","target":["https:\/\/www.capgemini.com\/fr-fr\/notre-groupe\/gestion-gouvernance\/politiques\/normes-conduite-fournisseurs\/"]}]},{"@type":"BreadcrumbList","@id":"https:\/\/www.capgemini.com\/fr-fr\/notre-groupe\/gestion-gouvernance\/politiques\/normes-conduite-fournisseurs\/#breadcrumb","itemListElement":[{"@type":"ListItem","position":1,"name":"Notre Groupe","item":"https:\/\/www.capgemini.com\/fr-fr\/notre-groupe\/"},{"@type":"ListItem","position":2,"name":"Gestion et gouvernance","item":"https:\/\/www.capgemini.com\/fr-fr\/notre-groupe\/gestion-gouvernance\/"},{"@type":"ListItem","position":3,"name":"Politiques","item":"https:\/\/www.capgemini.com\/fr-fr\/notre-groupe\/gestion-gouvernance\/nos-politiques\/"},{"@type":"ListItem","position":4,"name":"Normes de conduite des fournisseurs"}]},{"@type":"WebSite","@id":"https:\/\/www.capgemini.com\/fr-fr\/#website","url":"https:\/\/www.capgemini.com\/fr-fr\/","name":"Capgemini France","description":"Just another www.capgemini.com site","publisher":{"@id":"https:\/\/www.capgemini.com\/fr-fr\/#organization"},"potentialAction":[{"@type":"SearchAction","target":{"@type":"EntryPoint","urlTemplate":"https:\/\/www.capgemini.com\/fr-fr\/?s={search_term_string}"},"query-input":"required name=search_term_string"}],"inLanguage":"fr-FR"},{"@type":"Organization","@id":"https:\/\/www.capgemini.com\/fr-fr\/#organization","name":"Capgemini France","url":"https:\/\/www.capgemini.com\/fr-fr\/","logo":{"@type":"ImageObject","inLanguage":"fr-FR","@id":"https:\/\/www.capgemini.com\/fr-fr\/#\/schema\/logo\/image\/","url":"https:\/\/www.capgemini.com\/fr-fr\/wp-content\/uploads\/sites\/6\/2022\/08\/Logo-Capgemini.png","contentUrl":"https:\/\/www.capgemini.com\/fr-fr\/wp-content\/uploads\/sites\/6\/2022\/08\/Logo-Capgemini.png","width":202,"height":60,"caption":"Capgemini France"},"image":{"@id":"https:\/\/www.capgemini.com\/fr-fr\/#\/schema\/logo\/image\/"}}]}},"brand_term":[],"parsely":{"version":"1.1.0","canonical_url":"https:\/\/capgemini.com\/fr-fr\/notre-groupe\/gestion-gouvernance\/politiques\/normes-conduite-fournisseurs\/","smart_links":{"inbound":0,"outbound":0},"traffic_boost_suggestions_count":0,"meta":{"@context":"https:\/\/schema.org","@type":"WebPage","headline":"Normes de conduite des fournisseurs","url":"https:\/\/www.capgemini.com\/fr-fr\/notre-groupe\/gestion-gouvernance\/politiques\/normes-conduite-fournisseurs\/","mainEntityOfPage":{"@type":"WebPage","@id":"https:\/\/www.capgemini.com\/fr-fr\/notre-groupe\/gestion-gouvernance\/politiques\/normes-conduite-fournisseurs\/"},"thumbnailUrl":"","image":{"@type":"ImageObject","url":""},"articleSection":"Uncategorized","author":[],"creator":[],"publisher":{"@type":"Organization","name":"Capgemini France","logo":""},"keywords":[],"dateCreated":"2022-01-10T06:44:28Z","datePublished":"2022-01-10T06:44:28Z","dateModified":"2026-05-11T16:42:26Z"},"rendered":"<meta name=\"parsely-title\" content=\"Normes de conduite des fournisseurs\" \/>\n<meta name=\"parsely-link\" content=\"https:\/\/www.capgemini.com\/fr-fr\/notre-groupe\/gestion-gouvernance\/politiques\/normes-conduite-fournisseurs\/\" \/>\n<meta name=\"parsely-type\" content=\"index\" \/>\n<meta name=\"parsely-pub-date\" content=\"2022-01-10T06:44:28Z\" \/>\n<meta name=\"parsely-section\" content=\"Uncategorized\" \/>","tracker_url":"https:\/\/cdn.parsely.com\/keys\/capgemini.com\/p.js"},"archive_status":false,"featured_image_src":"https:\/\/www.capgemini.com\/fr-fr\/wp-content\/themes\/capgemini2025\/assets\/images\/mockup.png","featured_image_alt":false,"jetpack-related-posts":[{"id":646168,"url":"https:\/\/www.capgemini.com\/fr-fr\/notre-groupe\/gestion-gouvernance\/entreprise-responsable\/","url_meta":{"origin":642108,"position":0},"title":"Entreprise responsable","author":"translator0aboutus","date":"January 25, 2022","format":false,"excerpt":"Entreprise responsable FacebookLinkedinChez Capgemini, nous nous effor\u00e7ons de favoriser des comportements responsables dans nos pratiques professionnelles au quotidien.Le Groupe applique une tol\u00e9rance z\u00e9ro envers les pots-de-vin et la corruption. Nous nous engageons \u00e9galement \u00e0 mener une concurrence loyale et ouverte, ainsi qu'\u00e0 respecter les droits humains internationalement reconnus. Il est\u2026","rel":"","context":"Similar post","block_context":{"text":"Similar post","link":""},"img":{"alt_text":"","src":"","width":0,"height":0},"classes":[]},{"id":807212,"url":"https:\/\/www.capgemini.com\/fr-fr\/notre-groupe\/gestion-gouvernance\/politiques\/","url_meta":{"origin":642108,"position":1},"title":"Politiques","author":"anne.gautier@capgemini.com","date":"May 11, 2026","format":false,"excerpt":"Les politiques pr\u00e9sent\u00e9es refl\u00e8tent les principes du Groupe et sont compl\u00e9t\u00e9es par des exigences locales, nationales ou propres \u00e0 chaque entit\u00e9.","rel":"","context":"Similar post","block_context":{"text":"Similar post","link":""},"img":{"alt_text":"","src":"","width":0,"height":0},"classes":[]},{"id":785946,"url":"https:\/\/www.capgemini.com\/fr-fr\/solutions\/prestations-audit-usages-metiers-conseils-strategiques-ia\/","url_meta":{"origin":642108,"position":2},"title":"Prestations d&#8217;audit sur les usages m\u00e9tier et conseils strat\u00e9giques sur l&#8217;IA","author":"anne.gautier@capgemini.com","date":"June 25, 2025","format":false,"excerpt":"En partenariat avec Metapolis, nous proposons un ensemble de prestations qui r\u00e9pondent aux enjeux du secteur public en mati\u00e8re de transformation par l\u2019IA et la Data.","rel":"","context":"Similar post","block_context":{"text":"Similar post","link":""},"img":{"alt_text":"","src":"https:\/\/i0.wp.com\/www.capgemini.com\/fr-fr\/wp-content\/uploads\/sites\/6\/2025\/06\/Canut-IA_BanniereLandingPage.jpg?resize=350%2C200&ssl=1","width":350,"height":200,"srcset":"https:\/\/i0.wp.com\/www.capgemini.com\/fr-fr\/wp-content\/uploads\/sites\/6\/2025\/06\/Canut-IA_BanniereLandingPage.jpg?resize=350%2C200&ssl=1 1x, https:\/\/i0.wp.com\/www.capgemini.com\/fr-fr\/wp-content\/uploads\/sites\/6\/2025\/06\/Canut-IA_BanniereLandingPage.jpg?resize=525%2C300&ssl=1 1.5x, https:\/\/i0.wp.com\/www.capgemini.com\/fr-fr\/wp-content\/uploads\/sites\/6\/2025\/06\/Canut-IA_BanniereLandingPage.jpg?resize=700%2C400&ssl=1 2x"},"classes":[]},{"id":690069,"url":"https:\/\/www.capgemini.com\/fr-fr\/actualites\/reseaux-sociaux\/code-de-conduite-reseaux-sociaux\/","url_meta":{"origin":642108,"position":3},"title":"Code de conduite sur les r\u00e9seaux sociaux","author":"rajeshrangdal","date":"August 4, 2021","format":false,"excerpt":"Code de conduite sur les r\u00e9seaux sociaux Les r\u00e9seaux sociaux ont transform\u00e9 notre fa\u00e7on de communiquer et d\u2019interagir, aussi bien en interne qu\u2019en externe. Cette nouvelle fa\u00e7on de collaborer nous permet de partager notre savoir et nos id\u00e9es quel que soit notre r\u00f4le, titre, ou exp\u00e9rience. C\u2019est un moyen de\u2026","rel":"","context":"Similar post","block_context":{"text":"Similar post","link":""},"img":{"alt_text":"","src":"","width":0,"height":0},"classes":[]}],"jetpack_sharing_enabled":true,"distributor_meta":false,"distributor_terms":false,"distributor_media":false,"distributor_original_site_name":"Capgemini France","distributor_original_site_url":"https:\/\/www.capgemini.com\/fr-fr","push-errors":false,"_links":{"self":[{"href":"https:\/\/www.capgemini.com\/fr-fr\/wp-json\/wp\/v2\/pages\/642108","targetHints":{"allow":["GET"]}}],"collection":[{"href":"https:\/\/www.capgemini.com\/fr-fr\/wp-json\/wp\/v2\/pages"}],"about":[{"href":"https:\/\/www.capgemini.com\/fr-fr\/wp-json\/wp\/v2\/types\/page"}],"author":[{"embeddable":true,"href":"https:\/\/www.capgemini.com\/fr-fr\/wp-json\/wp\/v2\/users\/121"}],"replies":[{"embeddable":true,"href":"https:\/\/www.capgemini.com\/fr-fr\/wp-json\/wp\/v2\/comments?post=642108"}],"version-history":[{"count":9,"href":"https:\/\/www.capgemini.com\/fr-fr\/wp-json\/wp\/v2\/pages\/642108\/revisions"}],"predecessor-version":[{"id":807443,"href":"https:\/\/www.capgemini.com\/fr-fr\/wp-json\/wp\/v2\/pages\/642108\/revisions\/807443"}],"up":[{"embeddable":true,"href":"https:\/\/www.capgemini.com\/fr-fr\/wp-json\/wp\/v2\/pages\/639065"}],"wp:attachment":[{"href":"https:\/\/www.capgemini.com\/fr-fr\/wp-json\/wp\/v2\/media?parent=642108"}],"wp:term":[{"taxonomy":"brand","embeddable":true,"href":"https:\/\/www.capgemini.com\/fr-fr\/wp-json\/wp\/v2\/brand?post=642108"},{"taxonomy":"partner_type","embeddable":true,"href":"https:\/\/www.capgemini.com\/fr-fr\/wp-json\/wp\/v2\/partner_type?post=642108"},{"taxonomy":"service","embeddable":true,"href":"https:\/\/www.capgemini.com\/fr-fr\/wp-json\/wp\/v2\/service?post=642108"},{"taxonomy":"industry","embeddable":true,"href":"https:\/\/www.capgemini.com\/fr-fr\/wp-json\/wp\/v2\/industry?post=642108"},{"taxonomy":"partners","embeddable":true,"href":"https:\/\/www.capgemini.com\/fr-fr\/wp-json\/wp\/v2\/partners?post=642108"},{"taxonomy":"page-type","embeddable":true,"href":"https:\/\/www.capgemini.com\/fr-fr\/wp-json\/wp\/v2\/page-type?post=642108"},{"taxonomy":"content-group","embeddable":true,"href":"https:\/\/www.capgemini.com\/fr-fr\/wp-json\/wp\/v2\/content-group?post=642108"}],"curies":[{"name":"wp","href":"https:\/\/api.w.org\/{rel}","templated":true}]}}