{"id":639199,"date":"2021-12-07T10:37:29","date_gmt":"2021-12-07T10:37:29","guid":{"rendered":"https:\/\/www.capgemini.com\/?page_id=639199"},"modified":"2025-05-22T18:02:52","modified_gmt":"2025-05-22T16:02:52","slug":"politique-droits-humains","status":"publish","type":"page","link":"https:\/\/www.capgemini.com\/fr-fr\/notre-groupe\/nous-connaitre\/valeurs-ethique\/politique-droits-humains\/","title":{"rendered":"Politique sur les droits humains"},"content":{"rendered":"\n<header class=\"wp-block-cg-blocks-hero-reusable is-style-blue-line header heroReusable  \"><div class=\"header-bgs\"><picture><source srcset=\"https:\/\/www.capgemini.com\/wp-content\/uploads\/2022\/06\/iStock-914776002.jpg?w=2880&amp;quality=70 1x, https:\/\/www.capgemini.com\/wp-content\/uploads\/2022\/06\/iStock-914776002.jpg?w=2880&amp;quality=70 2x\" media=\"(min-width: 1500px)\"\/><source srcset=\"https:\/\/www.capgemini.com\/wp-content\/uploads\/2022\/06\/iStock-914776002.jpg?w=1440&amp;quality=70 1x, https:\/\/www.capgemini.com\/wp-content\/uploads\/2022\/06\/iStock-914776002.jpg?w=2880&amp;quality=70 2x\" media=\"(min-width: 992px)\"\/><source srcset=\"https:\/\/www.capgemini.com\/wp-content\/uploads\/2022\/06\/iStock-914776002.jpg?w=1024&amp;quality=70 1x, https:\/\/www.capgemini.com\/wp-content\/uploads\/2022\/06\/iStock-914776002.jpg?w=1024&amp;quality=70 2x\" media=\"(min-width: 768px)\"\/><source srcset=\"https:\/\/www.capgemini.com\/wp-content\/uploads\/2022\/06\/iStock-914776002.jpg?w=768&amp;quality=70 1x, https:\/\/www.capgemini.com\/wp-content\/uploads\/2022\/06\/iStock-914776002.jpg?w=768&amp;quality=70 2x\" media=\"(min-width: 0)\"\/><img decoding=\"async\" src=\"https:\/\/www.capgemini.com\/wp-content\/uploads\/2022\/06\/iStock-914776002.jpg\" class=\"header-img header-img-d\" alt=\"\" style=\"object-fit:cover;object-position:50% 50%\" loading=\"eager\"\/><\/picture><\/div><div class=\"heroPictureCardHeaderShape\"><\/div><div class=\"container\"><div class=\"row\"><div class=\"col-md-12\"><div class=\"box\"><div class=\"boxTagWrapper\"><div class=\"tagInfo\"><div><span class=\"box-tag\">Politiques<\/span><\/div><\/div><\/div><div class=\"box-title\"><h1 data-maxlength=\"34\">Politique sur les droits humains<\/h1><\/div><div class=\"inner-row-insight download-btn\"><div class=\"col-md-4 downloadFiles addPadding\"><a class=\"button-download--small\" type=\"download\" href=\"https:\/\/www.capgemini.com\/fr-fr\/wp-content\/uploads\/sites\/6\/2023\/07\/Capgemini-Human-Rights-Policy_2023-02_French-VF.pdf\" target=\"_blank\" rel=\"noopener noreferrer\" title=\"Ouvrir dans une nouvelle fen\u00eatre\"><span>T\u00e9l\u00e9charger<\/span><span class=\"type\">2 MB  pdf<\/span><\/a><\/div><\/div><\/div><\/div><\/div><\/div><\/header>\n\n\n\n<section class=\"wp-block-cg-blocks-group undefined section section--article-content\"><div class=\"article-main-content\"><div class=\"container\"><div class=\"row\"><div class=\"col-12 col-md-11 col-lg-10 offset-md-1 offset-lg-1\"><div class=\"article-text article-quote-text\">\n<p class=\"is-style-default\">En tant qu\u2019entreprise \u00e9thique de premier plan, notre engagement \u00e0 prot\u00e9ger et \u00e0 promouvoir les droits humains est ancr\u00e9 dans notre culture. \u00c9tant donn\u00e9 que nous avons pour but d&#8217;agir toujours en accord avec nos valeurs, le respect de ces droits les plus fondamentaux est naturel et essentiel pour nous. Notre Politique des droits humains \u00e9nonce notre engagement, notre programme et notre gouvernance en mati\u00e8re de droits humains, approuv\u00e9s par notre PDG Aiman Ezzat.<\/p>\n\n\n\n<p>Profond\u00e9ment convaincus que la technologie doit \u00eatre fabriqu\u00e9e par et pour des humains, nous nous effor\u00e7ons de prot\u00e9ger et de promouvoir les droits humains tout au long de notre cha\u00eene de valeur, et conform\u00e9ment aux normes internationales. En cas de violation des droits humains, notre ligne d\u2019assistance en mati\u00e8re d&#8217;\u00e9thique&nbsp;<a href=\"https:\/\/www.capgemini.com\/fr-fr\/notre-groupe\/nous-connaitre\/valeurs-ethique\/notre-culture-ethique\/speakup\/\">SpeakUp<\/a>&nbsp;est accessible jour et nuit.<\/p>\n<\/div><\/div><\/div><\/div><\/div><\/section>\n","protected":false},"excerpt":{"rendered":"<p>Notre engagement \u00e0 prot\u00e9ger et \u00e0 promouvoir les droits humains est ancr\u00e9 dans notre culture. \u00c9tant donn\u00e9 que nous avons pour but d&#8217;agir toujours en accord avec nos valeurs, le respect de ces droits les plus fondamentaux est naturel et essentiel pour nous. Notre Politique des droits humains \u00e9nonce notre engagement, notre programme et notre gouvernance en mati\u00e8re de droits humains, approuv\u00e9s par notre PDG Aiman Ezzat.<\/p>\n","protected":false},"author":121,"featured_media":0,"parent":505386,"menu_order":1,"comment_status":"closed","ping_status":"closed","template":"","meta":{"cg_dt_proposed_to":[21],"cg_seo_hreflang_relations":"[]","cg_seo_canonical_relation":"","cg_seo_hreflang_x_default_relation":"{\"uuid\":\"79677111-1252-4510-b43b-5e43c6d5d983\",\"blogId\":\"\",\"domain\":\"\",\"sitePath\":\"\",\"postLink\":\"\",\"postId\":null,\"isSaved\":true,\"isCrossLink\":false,\"hasCrossLink\":false}","cg_dt_approved_content":true,"cg_dt_mandatory_content":false,"cg_dt_notes":"","cg_dg_source_changed":false,"cg_dt_link_disabled":true,"_yoast_wpseo_primary_brand":"","footnotes":"","featured_focal_points":"","partner_card_description":"","gsap_animation":0},"brand":[],"partner_type":[],"service":[],"industry":[],"partners":[],"page-type":[],"content-group":[],"class_list":["post-639199","page","type-page","status-publish","hentry"],"yoast_head":"<!-- This site is optimized with the Yoast SEO Premium plugin v22.8 (Yoast SEO v22.8) - https:\/\/yoast.com\/wordpress\/plugins\/seo\/ -->\n<title>Politique des droits humains | Capgemini<\/title>\n<meta name=\"description\" content=\", notre engagement \u00e0 prot\u00e9ger et \u00e0 promouvoir les droits humains est ancr\u00e9 dans notre culture. \u00c9tant donn\u00e9 que nous avons pour but d&#039;agir toujours en accord avec nos valeurs, le respect de ces droits les plus fondamentaux est naturel et essentiel pour nous. Notre Politique des droits humains \u00e9nonce notre engagement, notre programme et notre gouvernance en mati\u00e8re de droits humains, approuv\u00e9s par notre PDG Aiman Ezzat.\" \/>\n<meta name=\"robots\" content=\"index, follow, max-snippet:-1, max-image-preview:large, max-video-preview:-1\" \/>\n<link rel=\"canonical\" href=\"https:\/\/www.capgemini.com\/fr-fr\/notre-groupe\/nous-connaitre\/valeurs-ethique\/politique-droits-humains\/\" \/>\n<meta property=\"og:locale\" content=\"fr_FR\" \/>\n<meta property=\"og:type\" content=\"article\" \/>\n<meta property=\"og:title\" content=\"Politique sur les droits humains\" \/>\n<meta property=\"og:description\" content=\", notre engagement \u00e0 prot\u00e9ger et \u00e0 promouvoir les droits humains est ancr\u00e9 dans notre culture. \u00c9tant donn\u00e9 que nous avons pour but d&#039;agir toujours en accord avec nos valeurs, le respect de ces droits les plus fondamentaux est naturel et essentiel pour nous. Notre Politique des droits humains \u00e9nonce notre engagement, notre programme et notre gouvernance en mati\u00e8re de droits humains, approuv\u00e9s par notre PDG Aiman Ezzat.\" \/>\n<meta property=\"og:url\" content=\"https:\/\/www.capgemini.com\/fr-fr\/notre-groupe\/nous-connaitre\/valeurs-ethique\/politique-droits-humains\/\" \/>\n<meta property=\"og:site_name\" content=\"Capgemini France\" \/>\n<meta property=\"article:modified_time\" content=\"2025-05-22T16:02:52+00:00\" \/>\n<meta property=\"og:image\" content=\"https:\/\/www.capgemini.com\/wp-content\/uploads\/2022\/06\/iStock-914776002.jpg\" \/>\n<meta name=\"twitter:card\" content=\"summary_large_image\" \/>\n<meta name=\"twitter:label1\" content=\"Est. reading time\" \/>\n\t<meta name=\"twitter:data1\" content=\"1 minute\" \/>\n<script type=\"application\/ld+json\" class=\"yoast-schema-graph\">{\"@context\":\"https:\/\/schema.org\",\"@graph\":[{\"@type\":\"WebPage\",\"@id\":\"https:\/\/www.capgemini.com\/fr-fr\/notre-groupe\/nous-connaitre\/valeurs-ethique\/politique-droits-humains\/\",\"url\":\"https:\/\/www.capgemini.com\/fr-fr\/notre-groupe\/nous-connaitre\/valeurs-ethique\/politique-droits-humains\/\",\"name\":\"Politique des droits humains | Capgemini\",\"isPartOf\":{\"@id\":\"https:\/\/www.capgemini.com\/fr-fr\/#website\"},\"primaryImageOfPage\":{\"@id\":\"https:\/\/www.capgemini.com\/fr-fr\/notre-groupe\/nous-connaitre\/valeurs-ethique\/politique-droits-humains\/#primaryimage\"},\"image\":{\"@id\":\"https:\/\/www.capgemini.com\/fr-fr\/notre-groupe\/nous-connaitre\/valeurs-ethique\/politique-droits-humains\/#primaryimage\"},\"thumbnailUrl\":\"https:\/\/www.capgemini.com\/wp-content\/uploads\/2022\/06\/iStock-914776002.jpg\",\"datePublished\":\"2021-12-07T10:37:29+00:00\",\"dateModified\":\"2025-05-22T16:02:52+00:00\",\"description\":\", notre engagement \u00e0 prot\u00e9ger et \u00e0 promouvoir les droits humains est ancr\u00e9 dans notre culture. \u00c9tant donn\u00e9 que nous avons pour but d'agir toujours en accord avec nos valeurs, le respect de ces droits les plus fondamentaux est naturel et essentiel pour nous. Notre Politique des droits humains \u00e9nonce notre engagement, notre programme et notre gouvernance en mati\u00e8re de droits humains, approuv\u00e9s par notre PDG Aiman Ezzat.\",\"breadcrumb\":{\"@id\":\"https:\/\/www.capgemini.com\/fr-fr\/notre-groupe\/nous-connaitre\/valeurs-ethique\/politique-droits-humains\/#breadcrumb\"},\"inLanguage\":\"fr-FR\",\"potentialAction\":[{\"@type\":\"ReadAction\",\"target\":[\"https:\/\/www.capgemini.com\/fr-fr\/notre-groupe\/nous-connaitre\/valeurs-ethique\/politique-droits-humains\/\"]}]},{\"@type\":\"ImageObject\",\"inLanguage\":\"fr-FR\",\"@id\":\"https:\/\/www.capgemini.com\/fr-fr\/notre-groupe\/nous-connaitre\/valeurs-ethique\/politique-droits-humains\/#primaryimage\",\"url\":\"https:\/\/www.capgemini.com\/wp-content\/uploads\/2022\/06\/iStock-914776002.jpg\",\"contentUrl\":\"https:\/\/www.capgemini.com\/wp-content\/uploads\/2022\/06\/iStock-914776002.jpg\"},{\"@type\":\"BreadcrumbList\",\"@id\":\"https:\/\/www.capgemini.com\/fr-fr\/notre-groupe\/nous-connaitre\/valeurs-ethique\/politique-droits-humains\/#breadcrumb\",\"itemListElement\":[{\"@type\":\"ListItem\",\"position\":1,\"name\":\"Notre Groupe\",\"item\":\"https:\/\/www.capgemini.com\/fr-fr\/notre-groupe\/\"},{\"@type\":\"ListItem\",\"position\":2,\"name\":\"Nous conna\u00eetre\",\"item\":\"https:\/\/www.capgemini.com\/fr-fr\/notre-groupe\/nous-connaitre\/\"},{\"@type\":\"ListItem\",\"position\":3,\"name\":\"Valeurs et \u00e9thique\",\"item\":\"https:\/\/www.capgemini.com\/fr-fr\/notre-groupe\/nous-connaitre\/valeurs-ethique\/\"},{\"@type\":\"ListItem\",\"position\":4,\"name\":\"Politique sur les droits humains\"}]},{\"@type\":\"WebSite\",\"@id\":\"https:\/\/www.capgemini.com\/fr-fr\/#website\",\"url\":\"https:\/\/www.capgemini.com\/fr-fr\/\",\"name\":\"Capgemini France\",\"description\":\"Just another www.capgemini.com site\",\"publisher\":{\"@id\":\"https:\/\/www.capgemini.com\/fr-fr\/#organization\"},\"potentialAction\":[{\"@type\":\"SearchAction\",\"target\":{\"@type\":\"EntryPoint\",\"urlTemplate\":\"https:\/\/www.capgemini.com\/fr-fr\/?s={search_term_string}\"},\"query-input\":\"required name=search_term_string\"}],\"inLanguage\":\"fr-FR\"},{\"@type\":\"Organization\",\"@id\":\"https:\/\/www.capgemini.com\/fr-fr\/#organization\",\"name\":\"Capgemini France\",\"url\":\"https:\/\/www.capgemini.com\/fr-fr\/\",\"logo\":{\"@type\":\"ImageObject\",\"inLanguage\":\"fr-FR\",\"@id\":\"https:\/\/www.capgemini.com\/fr-fr\/#\/schema\/logo\/image\/\",\"url\":\"https:\/\/www.capgemini.com\/fr-fr\/wp-content\/uploads\/sites\/6\/2022\/08\/Logo-Capgemini.png\",\"contentUrl\":\"https:\/\/www.capgemini.com\/fr-fr\/wp-content\/uploads\/sites\/6\/2022\/08\/Logo-Capgemini.png\",\"width\":202,\"height\":60,\"caption\":\"Capgemini France\"},\"image\":{\"@id\":\"https:\/\/www.capgemini.com\/fr-fr\/#\/schema\/logo\/image\/\"}}]}<\/script>\n<!-- \/ Yoast SEO Premium plugin. -->","yoast_head_json":{"title":"Politique des droits humains | Capgemini","description":", notre engagement \u00e0 prot\u00e9ger et \u00e0 promouvoir les droits humains est ancr\u00e9 dans notre culture. \u00c9tant donn\u00e9 que nous avons pour but d'agir toujours en accord avec nos valeurs, le respect de ces droits les plus fondamentaux est naturel et essentiel pour nous. Notre Politique des droits humains \u00e9nonce notre engagement, notre programme et notre gouvernance en mati\u00e8re de droits humains, approuv\u00e9s par notre PDG Aiman Ezzat.","robots":{"index":"index","follow":"follow","max-snippet":"max-snippet:-1","max-image-preview":"max-image-preview:large","max-video-preview":"max-video-preview:-1"},"canonical":"https:\/\/www.capgemini.com\/fr-fr\/notre-groupe\/nous-connaitre\/valeurs-ethique\/politique-droits-humains\/","og_locale":"fr_FR","og_type":"article","og_title":"Politique sur les droits humains","og_description":", notre engagement \u00e0 prot\u00e9ger et \u00e0 promouvoir les droits humains est ancr\u00e9 dans notre culture. \u00c9tant donn\u00e9 que nous avons pour but d'agir toujours en accord avec nos valeurs, le respect de ces droits les plus fondamentaux est naturel et essentiel pour nous. Notre Politique des droits humains \u00e9nonce notre engagement, notre programme et notre gouvernance en mati\u00e8re de droits humains, approuv\u00e9s par notre PDG Aiman Ezzat.","og_url":"https:\/\/www.capgemini.com\/fr-fr\/notre-groupe\/nous-connaitre\/valeurs-ethique\/politique-droits-humains\/","og_site_name":"Capgemini France","article_modified_time":"2025-05-22T16:02:52+00:00","og_image":[{"url":"https:\/\/www.capgemini.com\/wp-content\/uploads\/2022\/06\/iStock-914776002.jpg"}],"twitter_card":"summary_large_image","twitter_misc":{"Est. reading time":"1 minute"},"schema":{"@context":"https:\/\/schema.org","@graph":[{"@type":"WebPage","@id":"https:\/\/www.capgemini.com\/fr-fr\/notre-groupe\/nous-connaitre\/valeurs-ethique\/politique-droits-humains\/","url":"https:\/\/www.capgemini.com\/fr-fr\/notre-groupe\/nous-connaitre\/valeurs-ethique\/politique-droits-humains\/","name":"Politique des droits humains | Capgemini","isPartOf":{"@id":"https:\/\/www.capgemini.com\/fr-fr\/#website"},"primaryImageOfPage":{"@id":"https:\/\/www.capgemini.com\/fr-fr\/notre-groupe\/nous-connaitre\/valeurs-ethique\/politique-droits-humains\/#primaryimage"},"image":{"@id":"https:\/\/www.capgemini.com\/fr-fr\/notre-groupe\/nous-connaitre\/valeurs-ethique\/politique-droits-humains\/#primaryimage"},"thumbnailUrl":"https:\/\/www.capgemini.com\/wp-content\/uploads\/2022\/06\/iStock-914776002.jpg","datePublished":"2021-12-07T10:37:29+00:00","dateModified":"2025-05-22T16:02:52+00:00","description":", notre engagement \u00e0 prot\u00e9ger et \u00e0 promouvoir les droits humains est ancr\u00e9 dans notre culture. \u00c9tant donn\u00e9 que nous avons pour but d'agir toujours en accord avec nos valeurs, le respect de ces droits les plus fondamentaux est naturel et essentiel pour nous. Notre Politique des droits humains \u00e9nonce notre engagement, notre programme et notre gouvernance en mati\u00e8re de droits humains, approuv\u00e9s par notre PDG Aiman Ezzat.","breadcrumb":{"@id":"https:\/\/www.capgemini.com\/fr-fr\/notre-groupe\/nous-connaitre\/valeurs-ethique\/politique-droits-humains\/#breadcrumb"},"inLanguage":"fr-FR","potentialAction":[{"@type":"ReadAction","target":["https:\/\/www.capgemini.com\/fr-fr\/notre-groupe\/nous-connaitre\/valeurs-ethique\/politique-droits-humains\/"]}]},{"@type":"ImageObject","inLanguage":"fr-FR","@id":"https:\/\/www.capgemini.com\/fr-fr\/notre-groupe\/nous-connaitre\/valeurs-ethique\/politique-droits-humains\/#primaryimage","url":"https:\/\/www.capgemini.com\/wp-content\/uploads\/2022\/06\/iStock-914776002.jpg","contentUrl":"https:\/\/www.capgemini.com\/wp-content\/uploads\/2022\/06\/iStock-914776002.jpg"},{"@type":"BreadcrumbList","@id":"https:\/\/www.capgemini.com\/fr-fr\/notre-groupe\/nous-connaitre\/valeurs-ethique\/politique-droits-humains\/#breadcrumb","itemListElement":[{"@type":"ListItem","position":1,"name":"Notre Groupe","item":"https:\/\/www.capgemini.com\/fr-fr\/notre-groupe\/"},{"@type":"ListItem","position":2,"name":"Nous conna\u00eetre","item":"https:\/\/www.capgemini.com\/fr-fr\/notre-groupe\/nous-connaitre\/"},{"@type":"ListItem","position":3,"name":"Valeurs et \u00e9thique","item":"https:\/\/www.capgemini.com\/fr-fr\/notre-groupe\/nous-connaitre\/valeurs-ethique\/"},{"@type":"ListItem","position":4,"name":"Politique sur les droits humains"}]},{"@type":"WebSite","@id":"https:\/\/www.capgemini.com\/fr-fr\/#website","url":"https:\/\/www.capgemini.com\/fr-fr\/","name":"Capgemini France","description":"Just another www.capgemini.com site","publisher":{"@id":"https:\/\/www.capgemini.com\/fr-fr\/#organization"},"potentialAction":[{"@type":"SearchAction","target":{"@type":"EntryPoint","urlTemplate":"https:\/\/www.capgemini.com\/fr-fr\/?s={search_term_string}"},"query-input":"required name=search_term_string"}],"inLanguage":"fr-FR"},{"@type":"Organization","@id":"https:\/\/www.capgemini.com\/fr-fr\/#organization","name":"Capgemini France","url":"https:\/\/www.capgemini.com\/fr-fr\/","logo":{"@type":"ImageObject","inLanguage":"fr-FR","@id":"https:\/\/www.capgemini.com\/fr-fr\/#\/schema\/logo\/image\/","url":"https:\/\/www.capgemini.com\/fr-fr\/wp-content\/uploads\/sites\/6\/2022\/08\/Logo-Capgemini.png","contentUrl":"https:\/\/www.capgemini.com\/fr-fr\/wp-content\/uploads\/sites\/6\/2022\/08\/Logo-Capgemini.png","width":202,"height":60,"caption":"Capgemini France"},"image":{"@id":"https:\/\/www.capgemini.com\/fr-fr\/#\/schema\/logo\/image\/"}}]}},"brand_term":[],"parsely":{"version":"1.1.0","canonical_url":"https:\/\/capgemini.com\/fr-fr\/notre-groupe\/nous-connaitre\/valeurs-ethique\/politique-droits-humains\/","smart_links":{"inbound":0,"outbound":0},"traffic_boost_suggestions_count":0,"meta":{"@context":"https:\/\/schema.org","@type":"WebPage","headline":"Politique sur les droits humains","url":"https:\/\/www.capgemini.com\/fr-fr\/notre-groupe\/nous-connaitre\/valeurs-ethique\/politique-droits-humains\/","mainEntityOfPage":{"@type":"WebPage","@id":"https:\/\/www.capgemini.com\/fr-fr\/notre-groupe\/nous-connaitre\/valeurs-ethique\/politique-droits-humains\/"},"thumbnailUrl":"","image":{"@type":"ImageObject","url":""},"articleSection":"Uncategorized","author":[],"creator":[],"publisher":{"@type":"Organization","name":"Capgemini France","logo":""},"keywords":[],"dateCreated":"2021-12-07T10:37:29Z","datePublished":"2021-12-07T10:37:29Z","dateModified":"2025-05-22T16:02:52Z"},"rendered":"<meta name=\"parsely-title\" content=\"Politique sur les droits humains\" \/>\n<meta name=\"parsely-link\" content=\"https:\/\/www.capgemini.com\/fr-fr\/notre-groupe\/nous-connaitre\/valeurs-ethique\/politique-droits-humains\/\" \/>\n<meta name=\"parsely-type\" content=\"index\" \/>\n<meta name=\"parsely-pub-date\" content=\"2021-12-07T10:37:29Z\" \/>\n<meta name=\"parsely-section\" content=\"Uncategorized\" \/>","tracker_url":"https:\/\/cdn.parsely.com\/keys\/capgemini.com\/p.js"},"archive_status":false,"featured_image_src":"https:\/\/www.capgemini.com\/fr-fr\/wp-content\/themes\/capgemini2025\/assets\/images\/mockup.png","featured_image_alt":false,"jetpack-related-posts":[{"id":639065,"url":"https:\/\/www.capgemini.com\/fr-fr\/notre-groupe\/gestion-gouvernance\/politiques\/","url_meta":{"origin":639199,"position":0},"title":"Politiques","author":"translator0aboutus","date":"December 7, 2021","format":false,"excerpt":"Politiques Politique anti-corruption Charte \u00e9thique Droit de la concurrence Politique sur les conflits d'int\u00e9r\u00eats Protection des donn\u00e9es Politique diversit\u00e9 & inclusion Engagements d\u00e9ontologiques Politiques environnement Politique ESG Politique sur les droits humains Normes de conduite fournisseurs","rel":"","context":"Similar post","block_context":{"text":"Similar post","link":""},"img":{"alt_text":"","src":"","width":0,"height":0},"classes":[]},{"id":784930,"url":"https:\/\/www.capgemini.com\/fr-fr\/notre-groupe\/gestion-gouvernance\/politiques\/politique-sociale\/","url_meta":{"origin":639199,"position":1},"title":"Politique sociale","author":"anne.gautier@capgemini.com","date":"June 18, 2025","format":false,"excerpt":"PolitiquesPolitique socialeT\u00e9l\u00e9charger340 KB pdf La vision de Capgemini en mati\u00e8re de relations sociales est ambitieuse, et cette politique est l\u2019occasion de confirmer notre approche et de la partager avec l\u2019ensemble de nos collaborateurs et le march\u00e9. La politique de relations sociales du Groupe garantit l'application de nos principes fondamentaux dans\u2026","rel":"","context":"Similar post","block_context":{"text":"Similar post","link":""},"img":{"alt_text":"","src":"","width":0,"height":0},"classes":[]},{"id":505386,"url":"https:\/\/www.capgemini.com\/fr-fr\/notre-groupe\/nous-connaitre\/valeurs-ethique\/","url_meta":{"origin":639199,"position":2},"title":"Valeurs et \u00e9thique","author":"translator0aboutus","date":"January 25, 2026","format":false,"excerpt":"Chez Capgemini, nos valeurs et notre \u00e9thique sont au c\u0153ur de notre identit\u00e9. Nos sept Valeurs inspirent et guident l\u2019ensemble de nos collaborateurs, qui contribuent chacun \u00e0 notre culture \u00e9thique. Le fondateur de Capgemini, Serge Kampf, \u00e9tait profond\u00e9ment convaincu qu\u2019une \u00e9thique solide constituait la base essentielle d\u2019une entreprise rentable et\u2026","rel":"","context":"Similar post","block_context":{"text":"Similar post","link":""},"img":{"alt_text":"","src":"https:\/\/i0.wp.com\/www.capgemini.com\/fr-fr\/wp-content\/uploads\/sites\/6\/2022\/08\/Capgemini_AboutUs_Values-and-Ethics_AV.webp?resize=350%2C200&ssl=1","width":350,"height":200,"srcset":"https:\/\/i0.wp.com\/www.capgemini.com\/fr-fr\/wp-content\/uploads\/sites\/6\/2022\/08\/Capgemini_AboutUs_Values-and-Ethics_AV.webp?resize=350%2C200&ssl=1 1x, https:\/\/i0.wp.com\/www.capgemini.com\/fr-fr\/wp-content\/uploads\/sites\/6\/2022\/08\/Capgemini_AboutUs_Values-and-Ethics_AV.webp?resize=525%2C300&ssl=1 1.5x, https:\/\/i0.wp.com\/www.capgemini.com\/fr-fr\/wp-content\/uploads\/sites\/6\/2022\/08\/Capgemini_AboutUs_Values-and-Ethics_AV.webp?resize=700%2C400&ssl=1 2x"},"classes":[]},{"id":642108,"url":"https:\/\/www.capgemini.com\/fr-fr\/notre-groupe\/gestion-gouvernance\/politiques\/normes-conduite-fournisseurs\/","url_meta":{"origin":639199,"position":3},"title":"Normes de conduite des fournisseurs","author":"translator0aboutus","date":"January 10, 2022","format":false,"excerpt":"Nos fournisseurs sont tenus de respecter nos Normes de conduite des fournisseurs sans exception, et quels que soient le type et la valeur de l\u2019activit\u00e9 que nous r\u00e9alisons ensemble.\u00a0","rel":"","context":"Similar post","block_context":{"text":"Similar post","link":""},"img":{"alt_text":"","src":"","width":0,"height":0},"classes":[]},{"id":646168,"url":"https:\/\/www.capgemini.com\/fr-fr\/notre-groupe\/gestion-gouvernance\/entreprise-responsable\/","url_meta":{"origin":639199,"position":4},"title":"Entreprise responsable","author":"translator0aboutus","date":"January 25, 2022","format":false,"excerpt":"Entreprise responsable FacebookLinkedinChez Capgemini, nous nous effor\u00e7ons de favoriser des comportements responsables dans nos pratiques professionnelles au quotidien.Le Groupe applique une tol\u00e9rance z\u00e9ro envers les pots-de-vin et la corruption. Nous nous engageons \u00e9galement \u00e0 mener une concurrence loyale et ouverte, ainsi qu'\u00e0 respecter les droits humains internationalement reconnus. Il est\u2026","rel":"","context":"Similar post","block_context":{"text":"Similar post","link":""},"img":{"alt_text":"","src":"","width":0,"height":0},"classes":[]},{"id":751668,"url":"https:\/\/www.capgemini.com\/fr-fr\/viva-technology-2025-nous-rejoindre\/","url_meta":{"origin":639199,"position":5},"title":"Viva Technology 2025 &#8211; Nous rejoindre","author":"cyrille.joseph-lockel@capgemini.com","date":"April 23, 2025","format":false,"excerpt":"Si vous aussi, vous voulez prendre part \u00e0 l\u2019aventure, laissez-nous vos coordonn\u00e9es\u00a0! Nous offrons des opportunit\u00e9s dans toute la France.","rel":"","context":"Similar post","block_context":{"text":"Similar post","link":""},"img":{"alt_text":"","src":"","width":0,"height":0},"classes":[]}],"jetpack_sharing_enabled":true,"distributor_meta":false,"distributor_terms":false,"distributor_media":false,"distributor_original_site_name":"Capgemini France","distributor_original_site_url":"https:\/\/www.capgemini.com\/fr-fr","push-errors":false,"_links":{"self":[{"href":"https:\/\/www.capgemini.com\/fr-fr\/wp-json\/wp\/v2\/pages\/639199","targetHints":{"allow":["GET"]}}],"collection":[{"href":"https:\/\/www.capgemini.com\/fr-fr\/wp-json\/wp\/v2\/pages"}],"about":[{"href":"https:\/\/www.capgemini.com\/fr-fr\/wp-json\/wp\/v2\/types\/page"}],"author":[{"embeddable":true,"href":"https:\/\/www.capgemini.com\/fr-fr\/wp-json\/wp\/v2\/users\/121"}],"replies":[{"embeddable":true,"href":"https:\/\/www.capgemini.com\/fr-fr\/wp-json\/wp\/v2\/comments?post=639199"}],"version-history":[{"count":12,"href":"https:\/\/www.capgemini.com\/fr-fr\/wp-json\/wp\/v2\/pages\/639199\/revisions"}],"predecessor-version":[{"id":784945,"href":"https:\/\/www.capgemini.com\/fr-fr\/wp-json\/wp\/v2\/pages\/639199\/revisions\/784945"}],"up":[{"embeddable":true,"href":"https:\/\/www.capgemini.com\/fr-fr\/wp-json\/wp\/v2\/pages\/505386"}],"wp:attachment":[{"href":"https:\/\/www.capgemini.com\/fr-fr\/wp-json\/wp\/v2\/media?parent=639199"}],"wp:term":[{"taxonomy":"brand","embeddable":true,"href":"https:\/\/www.capgemini.com\/fr-fr\/wp-json\/wp\/v2\/brand?post=639199"},{"taxonomy":"partner_type","embeddable":true,"href":"https:\/\/www.capgemini.com\/fr-fr\/wp-json\/wp\/v2\/partner_type?post=639199"},{"taxonomy":"service","embeddable":true,"href":"https:\/\/www.capgemini.com\/fr-fr\/wp-json\/wp\/v2\/service?post=639199"},{"taxonomy":"industry","embeddable":true,"href":"https:\/\/www.capgemini.com\/fr-fr\/wp-json\/wp\/v2\/industry?post=639199"},{"taxonomy":"partners","embeddable":true,"href":"https:\/\/www.capgemini.com\/fr-fr\/wp-json\/wp\/v2\/partners?post=639199"},{"taxonomy":"page-type","embeddable":true,"href":"https:\/\/www.capgemini.com\/fr-fr\/wp-json\/wp\/v2\/page-type?post=639199"},{"taxonomy":"content-group","embeddable":true,"href":"https:\/\/www.capgemini.com\/fr-fr\/wp-json\/wp\/v2\/content-group?post=639199"}],"curies":[{"name":"wp","href":"https:\/\/api.w.org\/{rel}","templated":true}]}}