{"id":639194,"date":"2021-12-07T10:35:17","date_gmt":"2021-12-07T10:35:17","guid":{"rendered":"https:\/\/www.capgemini.com\/?page_id=639194"},"modified":"2025-05-22T17:59:01","modified_gmt":"2025-05-22T15:59:01","slug":"politique-concurrence","status":"publish","type":"page","link":"https:\/\/www.capgemini.com\/fr-fr\/notre-groupe\/gestion-gouvernance\/politiques\/politique-concurrence\/","title":{"rendered":"Proc\u00e9dure sur le respect de la l\u00e9gislation concernant le droit de la concurrence"},"content":{"rendered":"\n<header class=\"wp-block-cg-blocks-hero-reusable is-style-blue-line header heroReusable  \"><div class=\"header-bgs\"><\/div><div class=\"heroPictureCardHeaderShape\"><\/div><div class=\"container\"><div class=\"row\"><div class=\"col-md-12\"><div class=\"box\"><div class=\"boxTagWrapper\"><div class=\"tagInfo\"><div><span class=\"box-tag\">Politiques<\/span><\/div><\/div><\/div><div class=\"box-title\"><h1 data-maxlength=\"34\">Proc\u00e9dure sur le respect de la l\u00e9gislation concernant le droit de la concurrence<\/h1><\/div><div class=\"inner-row-insight download-btn\"><div class=\"col-md-4 downloadFiles addPadding\"><a class=\"button-download--small\" type=\"download\" href=\"https:\/\/www.capgemini.com\/wp-content\/uploads\/2021\/12\/6_-_Group_Competition_Laws_Policy_-_EN.pdf\" target=\"_blank\" rel=\"noopener noreferrer\" title=\"Ouvrir dans une nouvelle fen\u00eatre\"><span>Droit de la concurrence<\/span><span class=\"type\">26 MB  pdf<\/span><\/a><\/div><\/div><\/div><\/div><\/div><\/div><\/header>\n\n\n\n<section class=\"wp-block-cg-blocks-group undefined section section--article-content\"><div class=\"article-main-content\"><div class=\"container\"><div class=\"row\"><div class=\"col-12 col-md-11 col-lg-10 offset-md-1 offset-lg-1\"><div class=\"article-text article-quote-text\">\n<p>Capgemini s\u2019engage \u00e0 mener ses activit\u00e9s en suivant les principes d\u2019une concurrence loyale et ouverte, et dans le plein respect des lois applicables en mati\u00e8re de concurrence. Le respect de cette l\u00e9gislation conduit \u00e0 de meilleures affaires et renforce la confiance de nos clients et du grand public. Cela permet \u00e9galement d\u2019\u00e9viter \u00e0 Capgemini tout dommage financier ou nuisant \u00e0 sa r\u00e9putation.&nbsp;&nbsp;<\/p>\n\n\n\n<p>C\u2019est pourquoi Capgemini a adopt\u00e9 une Proc\u00e9dure Groupe sur le respect de la l\u00e9gislation concernant le droit de la concurrence, qui est contraignante pour tous ses collaborateurs.&nbsp;Elle d\u00e9taille les principes de concurrence honn\u00eate applicables dans les relations avec toutes les parties prenantes concern\u00e9es : les collaborateurs, les clients, les concurrents, les fournisseurs, les actionnaires, les partenaires, ainsi que la soci\u00e9t\u00e9 dans son ensemble.&nbsp;<\/p>\n\n\n\n<p>La Proc\u00e9dure Groupe sur le respect de la l\u00e9gislation concernant le droit de la concurrence fournit \u00e9galement un aper\u00e7u complet des pratiques inacceptables ou probl\u00e9matiques, avec des sc\u00e9narios concrets susceptibles d\u2019\u00eatre rencontr\u00e9s dans notre entreprise, ainsi que les principes \u00e0 suivre. Elle fournit \u00e9galement des conseils pratiques et explique o\u00f9 trouver une assistance.&nbsp;<\/p>\n\n\n\n<p>La Proc\u00e9dure Groupe sur le respect de la l\u00e9gislation concernant le droit de la concurrence est disponible dans les langues suivantes :<\/p>\n\n\n\n<p><a href=\"https:\/\/www.capgemini.com\/wp-content\/uploads\/2021\/12\/6_-_Group_Competition_Laws_Policy_-_EN.pdf\" target=\"_blank\" rel=\"noreferrer noopener\">EN<\/a>&nbsp;|&nbsp;<a href=\"https:\/\/www.capgemini.com\/wp-content\/uploads\/2021\/12\/03-Capgemini_GCLP_V1_Spanish_HD.pdf\" target=\"_blank\" rel=\"noreferrer noopener\">ES<\/a>&nbsp;| <a href=\"https:\/\/www.capgemini.com\/wp-content\/uploads\/2021\/12\/04-Capgemini_GCLP_German_HD_1.1.pdf\" target=\"_blank\" rel=\"noreferrer noopener\">DE<\/a> | <a href=\"https:\/\/www.capgemini.com\/wp-content\/uploads\/2021\/12\/5_-_Politique_du_Groupe__sur_le_Droit_de_la_Concurrence_-_FR.pdf\" target=\"_blank\" rel=\"noreferrer noopener\">FR<\/a> | <a href=\"https:\/\/www.capgemini.com\/wp-content\/uploads\/2021\/12\/07-Capgemini_GCLP_V1_Polish_HD.pdf\" target=\"_blank\" rel=\"noreferrer noopener\">PL<\/a> | <a href=\"https:\/\/www.capgemini.com\/wp-content\/uploads\/2021\/12\/08-Capgemini_GCLP_V1_Port._Braz_HD.pdf\" target=\"_blank\" rel=\"noreferrer noopener\">PT<\/a> | <a href=\"https:\/\/www.capgemini.com\/wp-content\/uploads\/2021\/12\/05-Capgemini_GCLP_V1_Dutch_HD.pdf\" target=\"_blank\" rel=\"noreferrer noopener\">NL<\/a> |&nbsp;<a href=\"https:\/\/www.capgemini.com\/wp-content\/uploads\/2021\/12\/06-Capgemini_GCLP_V1_Chinese_HD.pdf\" target=\"_blank\" rel=\"noreferrer noopener\">ZH<\/a>  <\/p>\n<\/div><\/div><\/div><\/div><\/div><\/section>\n","protected":false},"excerpt":{"rendered":"<p>Capgemini s\u2019engage \u00e0 mener ses activit\u00e9s en suivant les principes d\u2019une concurrence loyale et ouverte, et dans le plein respect des lois applicables en mati\u00e8re de concurrence. Le respect de cette l\u00e9gislation conduit \u00e0 de meilleures affaires et renforce la confiance de nos clients et du grand public. Cela permet \u00e9galement d\u2019\u00e9viter \u00e0 Capgemini tout dommage financier ou nuisant \u00e0 sa r\u00e9putation.\u00a0<\/p>\n","protected":false},"author":121,"featured_media":0,"parent":639065,"menu_order":2,"comment_status":"closed","ping_status":"closed","template":"","meta":{"cg_dt_proposed_to":[21],"cg_seo_hreflang_relations":"[]","cg_seo_canonical_relation":"","cg_seo_hreflang_x_default_relation":"{\"uuid\":\"34721aa1-06eb-48c6-b059-0d46667ca6c1\",\"blogId\":\"\",\"domain\":\"\",\"sitePath\":\"\",\"postLink\":\"\",\"postId\":null,\"isSaved\":true,\"isCrossLink\":false,\"hasCrossLink\":false}","cg_dt_approved_content":true,"cg_dt_mandatory_content":false,"cg_dt_notes":"","cg_dg_source_changed":false,"cg_dt_link_disabled":true,"_yoast_wpseo_primary_brand":"","footnotes":"","featured_focal_points":"","partner_card_description":"","gsap_animation":0},"brand":[],"partner_type":[],"service":[],"industry":[],"partners":[],"page-type":[],"content-group":[],"class_list":["post-639194","page","type-page","status-publish","hentry"],"yoast_head":"<!-- This site is optimized with the Yoast SEO Premium plugin v22.8 (Yoast SEO v22.8) - https:\/\/yoast.com\/wordpress\/plugins\/seo\/ -->\n<title>Politique de la concurrence | Capgemini<\/title>\n<meta name=\"description\" content=\"Capgemini s\u2019engage \u00e0 mener ses activit\u00e9s en suivant les principes d\u2019une concurrence loyale et ouverte, et dans le plein respect des lois applicables en mati\u00e8re de concurrence. Le respect de cette l\u00e9gislation conduit \u00e0 de meilleures affaires et renforce la confiance de nos clients et du grand public. Cela permet \u00e9galement d\u2019\u00e9viter \u00e0 Capgemini tout dommage financier ou nuisant \u00e0 sa r\u00e9putation.\u00a0\u00a0\" \/>\n<meta name=\"robots\" content=\"index, follow, max-snippet:-1, max-image-preview:large, max-video-preview:-1\" \/>\n<link rel=\"canonical\" href=\"https:\/\/www.capgemini.com\/fr-fr\/notre-groupe\/gestion-gouvernance\/politiques\/politique-concurrence\/\" \/>\n<meta property=\"og:locale\" content=\"fr_FR\" \/>\n<meta property=\"og:type\" content=\"article\" \/>\n<meta property=\"og:title\" content=\"Proc\u00e9dure sur le respect de la l\u00e9gislation concernant le droit de la concurrence\" \/>\n<meta property=\"og:description\" content=\"Capgemini s\u2019engage \u00e0 mener ses activit\u00e9s en suivant les principes d\u2019une concurrence loyale et ouverte, et dans le plein respect des lois applicables en mati\u00e8re de concurrence. Le respect de cette l\u00e9gislation conduit \u00e0 de meilleures affaires et renforce la confiance de nos clients et du grand public. Cela permet \u00e9galement d\u2019\u00e9viter \u00e0 Capgemini tout dommage financier ou nuisant \u00e0 sa r\u00e9putation.\u00a0\u00a0\" \/>\n<meta property=\"og:url\" content=\"https:\/\/www.capgemini.com\/fr-fr\/notre-groupe\/gestion-gouvernance\/politiques\/politique-concurrence\/\" \/>\n<meta property=\"og:site_name\" content=\"Capgemini France\" \/>\n<meta property=\"article:modified_time\" content=\"2025-05-22T15:59:01+00:00\" \/>\n<meta property=\"og:image\" content=\"https:\/\/www.capgemini.com\/fr-fr\/wp-content\/uploads\/sites\/6\/2025\/10\/image-1.jpg\" \/>\n\t<meta property=\"og:image:width\" content=\"1200\" \/>\n\t<meta property=\"og:image:height\" content=\"627\" \/>\n\t<meta property=\"og:image:type\" content=\"image\/jpeg\" \/>\n<meta name=\"twitter:card\" content=\"summary_large_image\" \/>\n<meta name=\"twitter:label1\" content=\"Est. reading time\" \/>\n\t<meta name=\"twitter:data1\" content=\"2 minutes\" \/>\n<script type=\"application\/ld+json\" class=\"yoast-schema-graph\">{\"@context\":\"https:\/\/schema.org\",\"@graph\":[{\"@type\":\"WebPage\",\"@id\":\"https:\/\/www.capgemini.com\/fr-fr\/notre-groupe\/gestion-gouvernance\/politiques\/politique-concurrence\/\",\"url\":\"https:\/\/www.capgemini.com\/fr-fr\/notre-groupe\/gestion-gouvernance\/politiques\/politique-concurrence\/\",\"name\":\"Politique de la concurrence | Capgemini\",\"isPartOf\":{\"@id\":\"https:\/\/www.capgemini.com\/fr-fr\/#website\"},\"datePublished\":\"2021-12-07T10:35:17+00:00\",\"dateModified\":\"2025-05-22T15:59:01+00:00\",\"description\":\"Capgemini s\u2019engage \u00e0 mener ses activit\u00e9s en suivant les principes d\u2019une concurrence loyale et ouverte, et dans le plein respect des lois applicables en mati\u00e8re de concurrence. Le respect de cette l\u00e9gislation conduit \u00e0 de meilleures affaires et renforce la confiance de nos clients et du grand public. Cela permet \u00e9galement d\u2019\u00e9viter \u00e0 Capgemini tout dommage financier ou nuisant \u00e0 sa r\u00e9putation.\u00a0\u00a0\",\"breadcrumb\":{\"@id\":\"https:\/\/www.capgemini.com\/fr-fr\/notre-groupe\/gestion-gouvernance\/politiques\/politique-concurrence\/#breadcrumb\"},\"inLanguage\":\"fr-FR\",\"potentialAction\":[{\"@type\":\"ReadAction\",\"target\":[\"https:\/\/www.capgemini.com\/fr-fr\/notre-groupe\/gestion-gouvernance\/politiques\/politique-concurrence\/\"]}]},{\"@type\":\"BreadcrumbList\",\"@id\":\"https:\/\/www.capgemini.com\/fr-fr\/notre-groupe\/gestion-gouvernance\/politiques\/politique-concurrence\/#breadcrumb\",\"itemListElement\":[{\"@type\":\"ListItem\",\"position\":1,\"name\":\"Notre Groupe\",\"item\":\"https:\/\/www.capgemini.com\/fr-fr\/notre-groupe\/\"},{\"@type\":\"ListItem\",\"position\":2,\"name\":\"Gestion et gouvernance\",\"item\":\"https:\/\/www.capgemini.com\/fr-fr\/notre-groupe\/gestion-gouvernance\/\"},{\"@type\":\"ListItem\",\"position\":3,\"name\":\"Politiques\",\"item\":\"https:\/\/www.capgemini.com\/fr-fr\/notre-groupe\/gestion-gouvernance\/politiques\/\"},{\"@type\":\"ListItem\",\"position\":4,\"name\":\"Proc\u00e9dure sur le respect de la l\u00e9gislation concernant le droit de la concurrence\"}]},{\"@type\":\"WebSite\",\"@id\":\"https:\/\/www.capgemini.com\/fr-fr\/#website\",\"url\":\"https:\/\/www.capgemini.com\/fr-fr\/\",\"name\":\"Capgemini France\",\"description\":\"Just another www.capgemini.com site\",\"publisher\":{\"@id\":\"https:\/\/www.capgemini.com\/fr-fr\/#organization\"},\"potentialAction\":[{\"@type\":\"SearchAction\",\"target\":{\"@type\":\"EntryPoint\",\"urlTemplate\":\"https:\/\/www.capgemini.com\/fr-fr\/?s={search_term_string}\"},\"query-input\":\"required name=search_term_string\"}],\"inLanguage\":\"fr-FR\"},{\"@type\":\"Organization\",\"@id\":\"https:\/\/www.capgemini.com\/fr-fr\/#organization\",\"name\":\"Capgemini France\",\"url\":\"https:\/\/www.capgemini.com\/fr-fr\/\",\"logo\":{\"@type\":\"ImageObject\",\"inLanguage\":\"fr-FR\",\"@id\":\"https:\/\/www.capgemini.com\/fr-fr\/#\/schema\/logo\/image\/\",\"url\":\"https:\/\/www.capgemini.com\/fr-fr\/wp-content\/uploads\/sites\/6\/2022\/08\/Logo-Capgemini.png\",\"contentUrl\":\"https:\/\/www.capgemini.com\/fr-fr\/wp-content\/uploads\/sites\/6\/2022\/08\/Logo-Capgemini.png\",\"width\":202,\"height\":60,\"caption\":\"Capgemini France\"},\"image\":{\"@id\":\"https:\/\/www.capgemini.com\/fr-fr\/#\/schema\/logo\/image\/\"}}]}<\/script>\n<!-- \/ Yoast SEO Premium plugin. -->","yoast_head_json":{"title":"Politique de la concurrence | Capgemini","description":"Capgemini s\u2019engage \u00e0 mener ses activit\u00e9s en suivant les principes d\u2019une concurrence loyale et ouverte, et dans le plein respect des lois applicables en mati\u00e8re de concurrence. Le respect de cette l\u00e9gislation conduit \u00e0 de meilleures affaires et renforce la confiance de nos clients et du grand public. Cela permet \u00e9galement d\u2019\u00e9viter \u00e0 Capgemini tout dommage financier ou nuisant \u00e0 sa r\u00e9putation.\u00a0\u00a0","robots":{"index":"index","follow":"follow","max-snippet":"max-snippet:-1","max-image-preview":"max-image-preview:large","max-video-preview":"max-video-preview:-1"},"canonical":"https:\/\/www.capgemini.com\/fr-fr\/notre-groupe\/gestion-gouvernance\/politiques\/politique-concurrence\/","og_locale":"fr_FR","og_type":"article","og_title":"Proc\u00e9dure sur le respect de la l\u00e9gislation concernant le droit de la concurrence","og_description":"Capgemini s\u2019engage \u00e0 mener ses activit\u00e9s en suivant les principes d\u2019une concurrence loyale et ouverte, et dans le plein respect des lois applicables en mati\u00e8re de concurrence. Le respect de cette l\u00e9gislation conduit \u00e0 de meilleures affaires et renforce la confiance de nos clients et du grand public. Cela permet \u00e9galement d\u2019\u00e9viter \u00e0 Capgemini tout dommage financier ou nuisant \u00e0 sa r\u00e9putation.\u00a0\u00a0","og_url":"https:\/\/www.capgemini.com\/fr-fr\/notre-groupe\/gestion-gouvernance\/politiques\/politique-concurrence\/","og_site_name":"Capgemini France","article_modified_time":"2025-05-22T15:59:01+00:00","og_image":[{"width":1200,"height":627,"url":"https:\/\/www.capgemini.com\/fr-fr\/wp-content\/uploads\/sites\/6\/2025\/10\/image-1.jpg","type":"image\/jpeg"}],"twitter_card":"summary_large_image","twitter_misc":{"Est. reading time":"2 minutes"},"schema":{"@context":"https:\/\/schema.org","@graph":[{"@type":"WebPage","@id":"https:\/\/www.capgemini.com\/fr-fr\/notre-groupe\/gestion-gouvernance\/politiques\/politique-concurrence\/","url":"https:\/\/www.capgemini.com\/fr-fr\/notre-groupe\/gestion-gouvernance\/politiques\/politique-concurrence\/","name":"Politique de la concurrence | Capgemini","isPartOf":{"@id":"https:\/\/www.capgemini.com\/fr-fr\/#website"},"datePublished":"2021-12-07T10:35:17+00:00","dateModified":"2025-05-22T15:59:01+00:00","description":"Capgemini s\u2019engage \u00e0 mener ses activit\u00e9s en suivant les principes d\u2019une concurrence loyale et ouverte, et dans le plein respect des lois applicables en mati\u00e8re de concurrence. Le respect de cette l\u00e9gislation conduit \u00e0 de meilleures affaires et renforce la confiance de nos clients et du grand public. Cela permet \u00e9galement d\u2019\u00e9viter \u00e0 Capgemini tout dommage financier ou nuisant \u00e0 sa r\u00e9putation.\u00a0\u00a0","breadcrumb":{"@id":"https:\/\/www.capgemini.com\/fr-fr\/notre-groupe\/gestion-gouvernance\/politiques\/politique-concurrence\/#breadcrumb"},"inLanguage":"fr-FR","potentialAction":[{"@type":"ReadAction","target":["https:\/\/www.capgemini.com\/fr-fr\/notre-groupe\/gestion-gouvernance\/politiques\/politique-concurrence\/"]}]},{"@type":"BreadcrumbList","@id":"https:\/\/www.capgemini.com\/fr-fr\/notre-groupe\/gestion-gouvernance\/politiques\/politique-concurrence\/#breadcrumb","itemListElement":[{"@type":"ListItem","position":1,"name":"Notre Groupe","item":"https:\/\/www.capgemini.com\/fr-fr\/notre-groupe\/"},{"@type":"ListItem","position":2,"name":"Gestion et gouvernance","item":"https:\/\/www.capgemini.com\/fr-fr\/notre-groupe\/gestion-gouvernance\/"},{"@type":"ListItem","position":3,"name":"Politiques","item":"https:\/\/www.capgemini.com\/fr-fr\/notre-groupe\/gestion-gouvernance\/politiques\/"},{"@type":"ListItem","position":4,"name":"Proc\u00e9dure sur le respect de la l\u00e9gislation concernant le droit de la concurrence"}]},{"@type":"WebSite","@id":"https:\/\/www.capgemini.com\/fr-fr\/#website","url":"https:\/\/www.capgemini.com\/fr-fr\/","name":"Capgemini France","description":"Just another www.capgemini.com site","publisher":{"@id":"https:\/\/www.capgemini.com\/fr-fr\/#organization"},"potentialAction":[{"@type":"SearchAction","target":{"@type":"EntryPoint","urlTemplate":"https:\/\/www.capgemini.com\/fr-fr\/?s={search_term_string}"},"query-input":"required name=search_term_string"}],"inLanguage":"fr-FR"},{"@type":"Organization","@id":"https:\/\/www.capgemini.com\/fr-fr\/#organization","name":"Capgemini France","url":"https:\/\/www.capgemini.com\/fr-fr\/","logo":{"@type":"ImageObject","inLanguage":"fr-FR","@id":"https:\/\/www.capgemini.com\/fr-fr\/#\/schema\/logo\/image\/","url":"https:\/\/www.capgemini.com\/fr-fr\/wp-content\/uploads\/sites\/6\/2022\/08\/Logo-Capgemini.png","contentUrl":"https:\/\/www.capgemini.com\/fr-fr\/wp-content\/uploads\/sites\/6\/2022\/08\/Logo-Capgemini.png","width":202,"height":60,"caption":"Capgemini France"},"image":{"@id":"https:\/\/www.capgemini.com\/fr-fr\/#\/schema\/logo\/image\/"}}]}},"brand_term":[],"parsely":{"version":"1.1.0","canonical_url":"https:\/\/capgemini.com\/fr-fr\/notre-groupe\/gestion-gouvernance\/politiques\/politique-concurrence\/","smart_links":{"inbound":0,"outbound":0},"traffic_boost_suggestions_count":0,"meta":{"@context":"https:\/\/schema.org","@type":"WebPage","headline":"Proc\u00e9dure sur le respect de la l\u00e9gislation concernant le droit de la concurrence","url":"https:\/\/www.capgemini.com\/fr-fr\/notre-groupe\/gestion-gouvernance\/politiques\/politique-concurrence\/","mainEntityOfPage":{"@type":"WebPage","@id":"https:\/\/www.capgemini.com\/fr-fr\/notre-groupe\/gestion-gouvernance\/politiques\/politique-concurrence\/"},"thumbnailUrl":"","image":{"@type":"ImageObject","url":""},"articleSection":"Uncategorized","author":[],"creator":[],"publisher":{"@type":"Organization","name":"Capgemini France","logo":""},"keywords":[],"dateCreated":"2021-12-07T10:35:17Z","datePublished":"2021-12-07T10:35:17Z","dateModified":"2025-05-22T15:59:01Z"},"rendered":"<meta name=\"parsely-title\" content=\"Proc\u00e9dure sur le respect de la l\u00e9gislation concernant le droit de la concurrence\" \/>\n<meta name=\"parsely-link\" content=\"https:\/\/www.capgemini.com\/fr-fr\/notre-groupe\/gestion-gouvernance\/politiques\/politique-concurrence\/\" \/>\n<meta name=\"parsely-type\" content=\"index\" \/>\n<meta name=\"parsely-pub-date\" content=\"2021-12-07T10:35:17Z\" \/>\n<meta name=\"parsely-section\" content=\"Uncategorized\" \/>","tracker_url":"https:\/\/cdn.parsely.com\/keys\/capgemini.com\/p.js"},"archive_status":false,"featured_image_src":"https:\/\/www.capgemini.com\/fr-fr\/wp-content\/themes\/capgemini2025\/assets\/images\/mockup.png","featured_image_alt":false,"jetpack-related-posts":[{"id":646168,"url":"https:\/\/www.capgemini.com\/fr-fr\/notre-groupe\/gestion-gouvernance\/entreprise-responsable\/","url_meta":{"origin":639194,"position":0},"title":"Entreprise responsable","author":"translator0aboutus","date":"January 25, 2022","format":false,"excerpt":"Entreprise responsable FacebookLinkedinChez Capgemini, nous nous effor\u00e7ons de favoriser des comportements responsables dans nos pratiques professionnelles au quotidien.Le Groupe applique une tol\u00e9rance z\u00e9ro envers les pots-de-vin et la corruption. Nous nous engageons \u00e9galement \u00e0 mener une concurrence loyale et ouverte, ainsi qu'\u00e0 respecter les droits humains internationalement reconnus. Il est\u2026","rel":"","context":"Similar post","block_context":{"text":"Similar post","link":""},"img":{"alt_text":"","src":"","width":0,"height":0},"classes":[]},{"id":642108,"url":"https:\/\/www.capgemini.com\/fr-fr\/notre-groupe\/gestion-gouvernance\/politiques\/normes-conduite-fournisseurs\/","url_meta":{"origin":639194,"position":1},"title":"Normes de conduite des fournisseurs","author":"translator0aboutus","date":"January 10, 2022","format":false,"excerpt":"Nos fournisseurs sont tenus de respecter nos Normes de conduite des fournisseurs sans exception, et quels que soient le type et la valeur de l\u2019activit\u00e9 que nous r\u00e9alisons ensemble.\u00a0","rel":"","context":"Similar post","block_context":{"text":"Similar post","link":""},"img":{"alt_text":"","src":"","width":0,"height":0},"classes":[]},{"id":765451,"url":"https:\/\/www.capgemini.com\/fr-fr\/solutions\/migration-des-donnees\/","url_meta":{"origin":639194,"position":2},"title":"Migration des donn\u00e9es","author":"quentinkieken","date":"October 22, 2024","format":false,"excerpt":"Transformez vos donn\u00e9es vers votre nouveau syst\u00e8me cible, avec des engagements forts les d\u00e9lais, la qualit\u00e9 et la s\u00e9curit\u00e9.","rel":"","context":"Similar post","block_context":{"text":"Similar post","link":""},"img":{"alt_text":"","src":"https:\/\/i0.wp.com\/www.capgemini.com\/fr-fr\/wp-content\/uploads\/sites\/6\/2024\/10\/banner_data_migration.jpg?resize=350%2C200&ssl=1","width":350,"height":200,"srcset":"https:\/\/i0.wp.com\/www.capgemini.com\/fr-fr\/wp-content\/uploads\/sites\/6\/2024\/10\/banner_data_migration.jpg?resize=350%2C200&ssl=1 1x, https:\/\/i0.wp.com\/www.capgemini.com\/fr-fr\/wp-content\/uploads\/sites\/6\/2024\/10\/banner_data_migration.jpg?resize=525%2C300&ssl=1 1.5x, https:\/\/i0.wp.com\/www.capgemini.com\/fr-fr\/wp-content\/uploads\/sites\/6\/2024\/10\/banner_data_migration.jpg?resize=700%2C400&ssl=1 2x"},"classes":[]},{"id":523585,"url":"https:\/\/www.capgemini.com\/fr-fr\/services\/gestion-entreprise\/","url_meta":{"origin":639194,"position":3},"title":"Enterprise management","author":"abhidhari","date":"April 27, 2021","format":false,"excerpt":"Ensemble, faisons de l\u2019entreprise moderne une r\u00e9alit\u00e9. Le monde \u00e9volue rapidement, la concurrence est toujours plus f\u00e9roce, de nouvelles technologies voient le jour et le d\u00e9veloppement durable est aujourd'hui une priorit\u00e9. Il n\u2019a jamais \u00e9t\u00e9 aussi important d\u2019apporter son savoir-faire et son \u00e9nergie aux activit\u00e9s commerciales pour r\u00e9pondre \u00e0 cette\u2026","rel":"","context":"Similar post","block_context":{"text":"Similar post","link":""},"img":{"alt_text":"","src":"https:\/\/i0.wp.com\/www.capgemini.com\/fr-fr\/wp-content\/uploads\/sites\/6\/2022\/08\/2022-FR-Featured-Image-Gestion-Entreprise.jpg?resize=350%2C200&ssl=1","width":350,"height":200,"srcset":"https:\/\/i0.wp.com\/www.capgemini.com\/fr-fr\/wp-content\/uploads\/sites\/6\/2022\/08\/2022-FR-Featured-Image-Gestion-Entreprise.jpg?resize=350%2C200&ssl=1 1x, https:\/\/i0.wp.com\/www.capgemini.com\/fr-fr\/wp-content\/uploads\/sites\/6\/2022\/08\/2022-FR-Featured-Image-Gestion-Entreprise.jpg?resize=525%2C300&ssl=1 1.5x"},"classes":[]},{"id":690069,"url":"https:\/\/www.capgemini.com\/fr-fr\/actualites\/reseaux-sociaux\/code-de-conduite-reseaux-sociaux\/","url_meta":{"origin":639194,"position":4},"title":"Code de conduite sur les r\u00e9seaux sociaux","author":"rajeshrangdal","date":"August 4, 2021","format":false,"excerpt":"Code de conduite sur les r\u00e9seaux sociaux Les r\u00e9seaux sociaux ont transform\u00e9 notre fa\u00e7on de communiquer et d\u2019interagir, aussi bien en interne qu\u2019en externe. Cette nouvelle fa\u00e7on de collaborer nous permet de partager notre savoir et nos id\u00e9es quel que soit notre r\u00f4le, titre, ou exp\u00e9rience. C\u2019est un moyen de\u2026","rel":"","context":"Similar post","block_context":{"text":"Similar post","link":""},"img":{"alt_text":"","src":"","width":0,"height":0},"classes":[]},{"id":505986,"url":"https:\/\/www.capgemini.com\/fr-fr\/notre-groupe\/partenaires-technologiques\/sap\/","url_meta":{"origin":639194,"position":5},"title":"SAP","author":"translator0aboutus","date":"December 20, 2020","format":false,"excerpt":"Les entreprises qui peuvent s\u2019adapter rapidement prosp\u00e9reront. Mais leur r\u00e9ussite d\u00e9pend de la strat\u00e9gie ainsi que de la rapidit\u00e9 d\u2019action.","rel":"","context":"Similar post","block_context":{"text":"Similar post","link":""},"img":{"alt_text":"","src":"","width":0,"height":0},"classes":[]}],"jetpack_sharing_enabled":true,"distributor_meta":false,"distributor_terms":false,"distributor_media":false,"distributor_original_site_name":"Capgemini France","distributor_original_site_url":"https:\/\/www.capgemini.com\/fr-fr","push-errors":false,"_links":{"self":[{"href":"https:\/\/www.capgemini.com\/fr-fr\/wp-json\/wp\/v2\/pages\/639194","targetHints":{"allow":["GET"]}}],"collection":[{"href":"https:\/\/www.capgemini.com\/fr-fr\/wp-json\/wp\/v2\/pages"}],"about":[{"href":"https:\/\/www.capgemini.com\/fr-fr\/wp-json\/wp\/v2\/types\/page"}],"author":[{"embeddable":true,"href":"https:\/\/www.capgemini.com\/fr-fr\/wp-json\/wp\/v2\/users\/121"}],"replies":[{"embeddable":true,"href":"https:\/\/www.capgemini.com\/fr-fr\/wp-json\/wp\/v2\/comments?post=639194"}],"version-history":[{"count":6,"href":"https:\/\/www.capgemini.com\/fr-fr\/wp-json\/wp\/v2\/pages\/639194\/revisions"}],"predecessor-version":[{"id":784942,"href":"https:\/\/www.capgemini.com\/fr-fr\/wp-json\/wp\/v2\/pages\/639194\/revisions\/784942"}],"up":[{"embeddable":true,"href":"https:\/\/www.capgemini.com\/fr-fr\/wp-json\/wp\/v2\/pages\/639065"}],"wp:attachment":[{"href":"https:\/\/www.capgemini.com\/fr-fr\/wp-json\/wp\/v2\/media?parent=639194"}],"wp:term":[{"taxonomy":"brand","embeddable":true,"href":"https:\/\/www.capgemini.com\/fr-fr\/wp-json\/wp\/v2\/brand?post=639194"},{"taxonomy":"partner_type","embeddable":true,"href":"https:\/\/www.capgemini.com\/fr-fr\/wp-json\/wp\/v2\/partner_type?post=639194"},{"taxonomy":"service","embeddable":true,"href":"https:\/\/www.capgemini.com\/fr-fr\/wp-json\/wp\/v2\/service?post=639194"},{"taxonomy":"industry","embeddable":true,"href":"https:\/\/www.capgemini.com\/fr-fr\/wp-json\/wp\/v2\/industry?post=639194"},{"taxonomy":"partners","embeddable":true,"href":"https:\/\/www.capgemini.com\/fr-fr\/wp-json\/wp\/v2\/partners?post=639194"},{"taxonomy":"page-type","embeddable":true,"href":"https:\/\/www.capgemini.com\/fr-fr\/wp-json\/wp\/v2\/page-type?post=639194"},{"taxonomy":"content-group","embeddable":true,"href":"https:\/\/www.capgemini.com\/fr-fr\/wp-json\/wp\/v2\/content-group?post=639194"}],"curies":[{"name":"wp","href":"https:\/\/api.w.org\/{rel}","templated":true}]}}