{"id":639183,"date":"2021-05-06T11:42:00","date_gmt":"2021-05-06T09:42:00","guid":{"rendered":"https:\/\/www.capgemini.com\/?page_id=639183"},"modified":"2026-05-06T11:44:16","modified_gmt":"2026-05-06T09:44:16","slug":"politique-anti-corruption","status":"publish","type":"page","link":"https:\/\/www.capgemini.com\/fr-fr\/notre-groupe\/gestion-gouvernance\/politiques\/politique-anti-corruption\/","title":{"rendered":"Politique anti-corruption"},"content":{"rendered":"\n<header class=\"wp-block-cg-blocks-hero-reusable is-style-blue-line header heroReusable  \"><div class=\"header-bgs\"><\/div><div class=\"heroPictureCardHeaderShape\"><\/div><div class=\"container\"><div class=\"row\"><div class=\"col-md-12\"><div class=\"box\"><div class=\"boxTagWrapper\"><div class=\"tagInfo\"><div><span class=\"box-tag\">Politiques<\/span><\/div><\/div><\/div><div class=\"box-title\"><h1 data-maxlength=\"34\">Politique anti-corruption<\/h1><\/div><div class=\"inner-row-insight download-btn\"><div class=\"col-md-4 downloadFiles addPadding\"><a class=\"button-download--small\" type=\"download\" href=\"https:\/\/www.capgemini.com\/wp-content\/uploads\/2021\/12\/210212_GACP_v3_English.pdf\" target=\"_blank\" rel=\"noopener noreferrer\" title=\"Ouvrir dans une nouvelle fen\u00eatre\"><span>T\u00e9l\u00e9charger<\/span><span class=\"type\">534 KB pdf<\/span><\/a><\/div><\/div><\/div><\/div><\/div><\/div><\/header>\n\n\n\n<section class=\"wp-block-cg-blocks-group undefined section section--article-content\"><div class=\"article-main-content\"><div class=\"container\"><div class=\"grid-container\"><div><div class=\"article-text article-quote-text\">\n<h3 class=\"wp-block-heading\" id=\"h-en-tant-qu-entreprise-responsable-et-ethique-capgemini-applique-une-tolerance-zero-envers-la-corruption\">En tant qu\u2019entreprise responsable et \u00e9thique, Capgemini applique une tol\u00e9rance z\u00e9ro envers la corruption.<\/h3>\n\n\n\n<p>Nous avons volontairement sign\u00e9 le Pacte mondial des Nations unies en 2004, nous engageant \u00e0 \u00ab travailler contre la corruption sous toutes ses formes, y compris l\u2019extorsion et les pots-de-vin \u00bb.&nbsp;Notre programme et notre politique de conformit\u00e9 anti-corruption du Groupe entrent dans cet engagement \u00e0 maintenir et \u00e0 promouvoir des normes de classe mondiale pour l\u2019int\u00e9grit\u00e9 et la confiance commerciales, o\u00f9 que nous exercions nos activit\u00e9s.&nbsp;&nbsp;<\/p>\n\n\n\n<h4 class=\"wp-block-heading\" id=\"h-programme-de-conformite-anti-corruption-du-groupe-nbsp\"><strong>Programme de conformit\u00e9 anti-corruption du Groupe&nbsp;<\/strong> <\/h4>\n\n\n\n<p>Pour pr\u00e9venir les risques de corruption et de pots-de-vin, Capgemini a mis en place un Programme de conformit\u00e9 anti-corruption solide et r\u00e9guli\u00e8rement mis \u00e0 jour, qui a \u00e9t\u00e9 d\u00e9ploy\u00e9 dans l\u2019ensemble du Groupe par le biais d\u2019une organisation d\u00e9di\u00e9e.&nbsp;Il repose sur les piliers suivants :<\/p>\n\n\n\n<ul class=\"wp-block-list\">\n<li>Engagement de la direction ou \u00ab ton donn\u00e9 au sommet \u00bb<\/li>\n\n\n\n<li>\u00c9valuation des risques <\/li>\n\n\n\n<li>Gestion des risques&nbsp;<\/li>\n<\/ul>\n\n\n\n<p><\/p>\n\n\n\n<h4 class=\"wp-block-heading\" id=\"h-p-olitique-de-groupe-anti-corruption\">P<strong>olitique de Groupe anti-corruption<\/strong> <\/h4>\n\n\n\n<p>Le Groupe a mis en place une s\u00e9rie de r\u00e8gles et de politiques claires promouvant la lutte contre la corruption et les pots-de-vin. Alors que la <a href=\"https:\/\/www.capgemini.com\/fr-fr\/notre-groupe\/nous-connaitre\/valeurs-ethique\/notre-culture-ethique\/charte-ethique\/\">Charte \u00c9thique du Groupe<\/a> \u00e9nonce clairement la tol\u00e9rance z\u00e9ro du Groupe \u00e0 l\u2019\u00e9gard de la corruption, la Politique anti-corruption affirme et renforce cette position. Elle pr\u00e9sente les principales pratiques de corruption et comprend des exemples de situations \u00e0 risque, ainsi que des conseils pour les \u00e9viter.<\/p>\n\n\n\n<p>Elle expose les exigences qui s&#8217;appliquent \u00e0 tous les directeurs, cadres et collaborateurs de Capgemini \u00e0 tous les niveaux du Groupe. Les tiers qui interagissent avec une soci\u00e9t\u00e9 du Groupe sont \u00e9galement tenus de respecter les principes g\u00e9n\u00e9raux qui y sont pr\u00e9sent\u00e9s. <\/p>\n\n\n\n<p>La politique pr\u00e9sente les r\u00e8gles \u00e0 suivre lors de l\u2019offre \u00e0 des tiers ou de la r\u00e9ception de leur part de divertissements, de repas, de cadeaux, de voyages et d\u2019h\u00e9bergements, qu&#8217;il s&#8217;agisse de particuliers ou de repr\u00e9sentants officiels. Elle explique \u00e9galement les risques et les r\u00e8gles li\u00e9s aux parrainages, aux dons caritatifs, aux agents de vente et aux consultants ainsi qu\u2019au lobbying. Les violations de la politique sont passibles de sanctions.&nbsp;<\/p>\n\n\n\n<p>Le respect des r\u00e8gles et r\u00e9glementations anti-corruption permet d&#8217;am\u00e9liorer la conduite des affaires et de renforcer la confiance, en assurant la durabilit\u00e9 \u00e0 long terme de la croissance du Groupe. Dans un monde de plus en plus concurrentiel, l\u2019int\u00e9grit\u00e9 est devenue un atout appr\u00e9ci\u00e9 par nos clients, nos partenaires commerciaux, nos collaborateurs et la soci\u00e9t\u00e9 en g\u00e9n\u00e9ral.&nbsp;<\/p>\n\n\n\n<h5 class=\"wp-block-heading\" id=\"h-telechargez-nos-politiques\">T\u00e9l\u00e9chargez nos politiques :<\/h5>\n\n\n\n<p><a href=\"https:\/\/www.capgemini.com\/wp-content\/uploads\/2022\/03\/210212_GACP_v3_English.pdf\" target=\"_blank\" rel=\"noreferrer noopener\">EN<\/a> | <a href=\"https:\/\/www.capgemini.com\/wp-content\/uploads\/2022\/03\/210225_GACP_v3_Arabic__Final_.pdf\" target=\"_blank\" rel=\"noreferrer noopener\">AR<\/a> | <a href=\"https:\/\/www.capgemini.com\/wp-content\/uploads\/2022\/03\/210218_GACP_v3_Simplified_Chinese.pdf\" target=\"_blank\" rel=\"noreferrer noopener\">CN(Sim)<\/a> | <a href=\"https:\/\/www.capgemini.com\/wp-content\/uploads\/2022\/03\/210215_GACP_v3_Traditional_Chinese.pdf\" target=\"_blank\" rel=\"noreferrer noopener\">CN(Trad)<\/a> | <a href=\"https:\/\/www.capgemini.com\/wp-content\/uploads\/2022\/03\/210216_GACP_v3_Czech.pdf\" target=\"_blank\" rel=\"noreferrer noopener\">CZ<\/a> | <a href=\"https:\/\/www.capgemini.com\/wp-content\/uploads\/2022\/03\/211228_GACP_v3_Dutch_.pdf\" target=\"_blank\" rel=\"noreferrer noopener\">NL<\/a> | <a href=\"https:\/\/www.capgemini.com\/wp-content\/uploads\/2022\/03\/210212_GACP_v3_French.pdf\" target=\"_blank\" rel=\"noreferrer noopener\">FR<\/a> | <a href=\"https:\/\/www.capgemini.com\/wp-content\/uploads\/2022\/03\/210212_GACP_v3_German.pdf\" target=\"_blank\" rel=\"noreferrer noopener\">DE<\/a> | <a href=\"https:\/\/www.capgemini.com\/wp-content\/uploads\/2022\/03\/210219_GACP_v3_Hungarian.pdf\" target=\"_blank\" rel=\"noreferrer noopener\">HU<\/a> | <a href=\"https:\/\/www.capgemini.com\/wp-content\/uploads\/2022\/03\/210215_GACP_v3_Italian.pdf\" target=\"_blank\" rel=\"noreferrer noopener\">IT<\/a> | <a href=\"https:\/\/www.capgemini.com\/wp-content\/uploads\/2022\/03\/210216_GACP_v3_Japanese.pdf\" target=\"_blank\" rel=\"noreferrer noopener\">JP<\/a> | <a href=\"https:\/\/www.capgemini.com\/wp-content\/uploads\/2022\/03\/210713_GACP_v3_Polish.pdf\" target=\"_blank\" rel=\"noreferrer noopener\">PL<\/a> | <a href=\"https:\/\/www.capgemini.com\/wp-content\/uploads\/2022\/03\/210224_GACP_v3_Portuguese__Final_.pdf\" target=\"_blank\" rel=\"noreferrer noopener\">PT<\/a> | <a href=\"https:\/\/www.capgemini.com\/wp-content\/uploads\/2022\/03\/210216_GACP_v3_Romanian.pdf\" target=\"_blank\" rel=\"noreferrer noopener\">RO<\/a> | <a href=\"https:\/\/www.capgemini.com\/wp-content\/uploads\/2022\/03\/210216_GACP_v3_Russian.pdf\" target=\"_blank\" rel=\"noreferrer noopener\">RU<\/a> | <a href=\"https:\/\/www.capgemini.com\/wp-content\/uploads\/2022\/03\/210216_GACP_v3_Spanish.pdf\" target=\"_blank\" rel=\"noreferrer noopener\">ES<\/a> | <a href=\"https:\/\/www.capgemini.com\/wp-content\/uploads\/2022\/03\/210215_GACP_v3_Vietnamese.pdf\" target=\"_blank\" rel=\"noreferrer noopener\">VN<\/a><s><br><\/s><\/p>\n<\/div><\/div><\/div><\/div><\/div><\/section>\n","protected":false},"excerpt":{"rendered":"<p>Capgemini met en \u0153uvre un programme global de conformit\u00e9 anti\u2011corruption fond\u00e9 sur la tol\u00e9rance z\u00e9ro, des politiques claires et une gestion active des risques, afin de garantir \u00e9thique, transparence et confiance dans toutes ses activit\u00e9s.<\/p>\n","protected":false},"author":121,"featured_media":0,"parent":639065,"menu_order":1,"comment_status":"closed","ping_status":"closed","template":"","meta":{"cg_dt_proposed_to":[21,46,41],"cg_seo_hreflang_relations":"[]","cg_seo_canonical_relation":"","cg_seo_hreflang_x_default_relation":"{\"uuid\":\"828af5c0-85af-404d-a1f5-aeaecb71b204\",\"blogId\":\"\",\"domain\":\"\",\"sitePath\":\"\",\"postLink\":\"\",\"postId\":null,\"isSaved\":true,\"isCrossLink\":false,\"hasCrossLink\":false}","cg_dt_approved_content":true,"cg_dt_mandatory_content":false,"cg_dt_notes":"","cg_dg_source_changed":false,"cg_dt_link_disabled":true,"_yoast_wpseo_primary_brand":"","footnotes":"","featured_focal_points":"","partner_card_description":"","gsap_animation":0},"brand":[],"partner_type":[],"service":[],"industry":[],"partners":[],"page-type":[],"content-group":[],"class_list":["post-639183","page","type-page","status-publish","hentry"],"yoast_head":"<!-- This site is optimized with the Yoast SEO Premium plugin v22.8 (Yoast SEO v22.8) - https:\/\/yoast.com\/wordpress\/plugins\/seo\/ -->\n<title>Politique anti-corruption | Capgemini<\/title>\n<meta name=\"description\" content=\"Capgemini d\u00e9ploie un programme global de lutte anti\u2011corruption garantissant conformit\u00e9, \u00e9thique, transparence et croissance durable.\" \/>\n<meta name=\"robots\" content=\"index, follow, max-snippet:-1, max-image-preview:large, max-video-preview:-1\" \/>\n<link rel=\"canonical\" href=\"https:\/\/www.capgemini.com\/fr-fr\/notre-groupe\/gestion-gouvernance\/politiques\/politique-anti-corruption\/\" \/>\n<meta property=\"og:locale\" content=\"fr_FR\" \/>\n<meta property=\"og:type\" content=\"article\" \/>\n<meta property=\"og:title\" content=\"Politique anti-corruption\" \/>\n<meta property=\"og:description\" content=\"Capgemini d\u00e9ploie un programme global de lutte anti\u2011corruption garantissant conformit\u00e9, \u00e9thique, transparence et croissance durable.\" \/>\n<meta property=\"og:url\" content=\"https:\/\/www.capgemini.com\/fr-fr\/notre-groupe\/gestion-gouvernance\/politiques\/politique-anti-corruption\/\" \/>\n<meta property=\"og:site_name\" content=\"Capgemini France\" \/>\n<meta property=\"article:modified_time\" content=\"2026-05-06T09:44:16+00:00\" \/>\n<meta property=\"og:image\" content=\"https:\/\/www.capgemini.com\/fr-fr\/wp-content\/uploads\/sites\/6\/2025\/10\/image-1.jpg\" \/>\n\t<meta property=\"og:image:width\" content=\"1200\" \/>\n\t<meta property=\"og:image:height\" content=\"627\" \/>\n\t<meta property=\"og:image:type\" content=\"image\/jpeg\" \/>\n<meta name=\"twitter:card\" content=\"summary_large_image\" \/>\n<meta name=\"twitter:label1\" content=\"Est. reading time\" \/>\n\t<meta name=\"twitter:data1\" content=\"3 minutes\" \/>\n<script type=\"application\/ld+json\" class=\"yoast-schema-graph\">{\"@context\":\"https:\/\/schema.org\",\"@graph\":[{\"@type\":\"WebPage\",\"@id\":\"https:\/\/www.capgemini.com\/fr-fr\/notre-groupe\/gestion-gouvernance\/politiques\/politique-anti-corruption\/\",\"url\":\"https:\/\/www.capgemini.com\/fr-fr\/notre-groupe\/gestion-gouvernance\/politiques\/politique-anti-corruption\/\",\"name\":\"Politique anti-corruption | Capgemini\",\"isPartOf\":{\"@id\":\"https:\/\/www.capgemini.com\/fr-fr\/#website\"},\"datePublished\":\"2021-05-06T09:42:00+00:00\",\"dateModified\":\"2026-05-06T09:44:16+00:00\",\"description\":\"Capgemini d\u00e9ploie un programme global de lutte anti\u2011corruption garantissant conformit\u00e9, \u00e9thique, transparence et croissance durable.\",\"breadcrumb\":{\"@id\":\"https:\/\/www.capgemini.com\/fr-fr\/notre-groupe\/gestion-gouvernance\/politiques\/politique-anti-corruption\/#breadcrumb\"},\"inLanguage\":\"fr-FR\",\"potentialAction\":[{\"@type\":\"ReadAction\",\"target\":[\"https:\/\/www.capgemini.com\/fr-fr\/notre-groupe\/gestion-gouvernance\/politiques\/politique-anti-corruption\/\"]}]},{\"@type\":\"BreadcrumbList\",\"@id\":\"https:\/\/www.capgemini.com\/fr-fr\/notre-groupe\/gestion-gouvernance\/politiques\/politique-anti-corruption\/#breadcrumb\",\"itemListElement\":[{\"@type\":\"ListItem\",\"position\":1,\"name\":\"Notre Groupe\",\"item\":\"https:\/\/www.capgemini.com\/fr-fr\/notre-groupe\/\"},{\"@type\":\"ListItem\",\"position\":2,\"name\":\"Gestion et gouvernance\",\"item\":\"https:\/\/www.capgemini.com\/fr-fr\/notre-groupe\/gestion-gouvernance\/\"},{\"@type\":\"ListItem\",\"position\":3,\"name\":\"Politiques\",\"item\":\"https:\/\/www.capgemini.com\/fr-fr\/notre-groupe\/gestion-gouvernance\/nos-politiques\/\"},{\"@type\":\"ListItem\",\"position\":4,\"name\":\"Politique anti-corruption\"}]},{\"@type\":\"WebSite\",\"@id\":\"https:\/\/www.capgemini.com\/fr-fr\/#website\",\"url\":\"https:\/\/www.capgemini.com\/fr-fr\/\",\"name\":\"Capgemini France\",\"description\":\"Just another www.capgemini.com site\",\"publisher\":{\"@id\":\"https:\/\/www.capgemini.com\/fr-fr\/#organization\"},\"potentialAction\":[{\"@type\":\"SearchAction\",\"target\":{\"@type\":\"EntryPoint\",\"urlTemplate\":\"https:\/\/www.capgemini.com\/fr-fr\/?s={search_term_string}\"},\"query-input\":\"required name=search_term_string\"}],\"inLanguage\":\"fr-FR\"},{\"@type\":\"Organization\",\"@id\":\"https:\/\/www.capgemini.com\/fr-fr\/#organization\",\"name\":\"Capgemini France\",\"url\":\"https:\/\/www.capgemini.com\/fr-fr\/\",\"logo\":{\"@type\":\"ImageObject\",\"inLanguage\":\"fr-FR\",\"@id\":\"https:\/\/www.capgemini.com\/fr-fr\/#\/schema\/logo\/image\/\",\"url\":\"https:\/\/www.capgemini.com\/fr-fr\/wp-content\/uploads\/sites\/6\/2022\/08\/Logo-Capgemini.png\",\"contentUrl\":\"https:\/\/www.capgemini.com\/fr-fr\/wp-content\/uploads\/sites\/6\/2022\/08\/Logo-Capgemini.png\",\"width\":202,\"height\":60,\"caption\":\"Capgemini France\"},\"image\":{\"@id\":\"https:\/\/www.capgemini.com\/fr-fr\/#\/schema\/logo\/image\/\"}}]}<\/script>\n<!-- \/ Yoast SEO Premium plugin. -->","yoast_head_json":{"title":"Politique anti-corruption | Capgemini","description":"Capgemini d\u00e9ploie un programme global de lutte anti\u2011corruption garantissant conformit\u00e9, \u00e9thique, transparence et croissance durable.","robots":{"index":"index","follow":"follow","max-snippet":"max-snippet:-1","max-image-preview":"max-image-preview:large","max-video-preview":"max-video-preview:-1"},"canonical":"https:\/\/www.capgemini.com\/fr-fr\/notre-groupe\/gestion-gouvernance\/politiques\/politique-anti-corruption\/","og_locale":"fr_FR","og_type":"article","og_title":"Politique anti-corruption","og_description":"Capgemini d\u00e9ploie un programme global de lutte anti\u2011corruption garantissant conformit\u00e9, \u00e9thique, transparence et croissance durable.","og_url":"https:\/\/www.capgemini.com\/fr-fr\/notre-groupe\/gestion-gouvernance\/politiques\/politique-anti-corruption\/","og_site_name":"Capgemini France","article_modified_time":"2026-05-06T09:44:16+00:00","og_image":[{"width":1200,"height":627,"url":"https:\/\/www.capgemini.com\/fr-fr\/wp-content\/uploads\/sites\/6\/2025\/10\/image-1.jpg","type":"image\/jpeg"}],"twitter_card":"summary_large_image","twitter_misc":{"Est. reading time":"3 minutes"},"schema":{"@context":"https:\/\/schema.org","@graph":[{"@type":"WebPage","@id":"https:\/\/www.capgemini.com\/fr-fr\/notre-groupe\/gestion-gouvernance\/politiques\/politique-anti-corruption\/","url":"https:\/\/www.capgemini.com\/fr-fr\/notre-groupe\/gestion-gouvernance\/politiques\/politique-anti-corruption\/","name":"Politique anti-corruption | Capgemini","isPartOf":{"@id":"https:\/\/www.capgemini.com\/fr-fr\/#website"},"datePublished":"2021-05-06T09:42:00+00:00","dateModified":"2026-05-06T09:44:16+00:00","description":"Capgemini d\u00e9ploie un programme global de lutte anti\u2011corruption garantissant conformit\u00e9, \u00e9thique, transparence et croissance durable.","breadcrumb":{"@id":"https:\/\/www.capgemini.com\/fr-fr\/notre-groupe\/gestion-gouvernance\/politiques\/politique-anti-corruption\/#breadcrumb"},"inLanguage":"fr-FR","potentialAction":[{"@type":"ReadAction","target":["https:\/\/www.capgemini.com\/fr-fr\/notre-groupe\/gestion-gouvernance\/politiques\/politique-anti-corruption\/"]}]},{"@type":"BreadcrumbList","@id":"https:\/\/www.capgemini.com\/fr-fr\/notre-groupe\/gestion-gouvernance\/politiques\/politique-anti-corruption\/#breadcrumb","itemListElement":[{"@type":"ListItem","position":1,"name":"Notre Groupe","item":"https:\/\/www.capgemini.com\/fr-fr\/notre-groupe\/"},{"@type":"ListItem","position":2,"name":"Gestion et gouvernance","item":"https:\/\/www.capgemini.com\/fr-fr\/notre-groupe\/gestion-gouvernance\/"},{"@type":"ListItem","position":3,"name":"Politiques","item":"https:\/\/www.capgemini.com\/fr-fr\/notre-groupe\/gestion-gouvernance\/nos-politiques\/"},{"@type":"ListItem","position":4,"name":"Politique anti-corruption"}]},{"@type":"WebSite","@id":"https:\/\/www.capgemini.com\/fr-fr\/#website","url":"https:\/\/www.capgemini.com\/fr-fr\/","name":"Capgemini France","description":"Just another www.capgemini.com site","publisher":{"@id":"https:\/\/www.capgemini.com\/fr-fr\/#organization"},"potentialAction":[{"@type":"SearchAction","target":{"@type":"EntryPoint","urlTemplate":"https:\/\/www.capgemini.com\/fr-fr\/?s={search_term_string}"},"query-input":"required name=search_term_string"}],"inLanguage":"fr-FR"},{"@type":"Organization","@id":"https:\/\/www.capgemini.com\/fr-fr\/#organization","name":"Capgemini France","url":"https:\/\/www.capgemini.com\/fr-fr\/","logo":{"@type":"ImageObject","inLanguage":"fr-FR","@id":"https:\/\/www.capgemini.com\/fr-fr\/#\/schema\/logo\/image\/","url":"https:\/\/www.capgemini.com\/fr-fr\/wp-content\/uploads\/sites\/6\/2022\/08\/Logo-Capgemini.png","contentUrl":"https:\/\/www.capgemini.com\/fr-fr\/wp-content\/uploads\/sites\/6\/2022\/08\/Logo-Capgemini.png","width":202,"height":60,"caption":"Capgemini France"},"image":{"@id":"https:\/\/www.capgemini.com\/fr-fr\/#\/schema\/logo\/image\/"}}]}},"brand_term":[],"parsely":{"version":"1.1.0","canonical_url":"https:\/\/capgemini.com\/fr-fr\/notre-groupe\/gestion-gouvernance\/politiques\/politique-anti-corruption\/","smart_links":{"inbound":0,"outbound":0},"traffic_boost_suggestions_count":0,"meta":{"@context":"https:\/\/schema.org","@type":"WebPage","headline":"Politique anti-corruption","url":"https:\/\/www.capgemini.com\/fr-fr\/notre-groupe\/gestion-gouvernance\/politiques\/politique-anti-corruption\/","mainEntityOfPage":{"@type":"WebPage","@id":"https:\/\/www.capgemini.com\/fr-fr\/notre-groupe\/gestion-gouvernance\/politiques\/politique-anti-corruption\/"},"thumbnailUrl":"","image":{"@type":"ImageObject","url":""},"articleSection":"Uncategorized","author":[],"creator":[],"publisher":{"@type":"Organization","name":"Capgemini France","logo":""},"keywords":[],"dateCreated":"2021-05-06T09:42:00Z","datePublished":"2021-05-06T09:42:00Z","dateModified":"2026-05-06T09:44:16Z"},"rendered":"<meta name=\"parsely-title\" content=\"Politique anti-corruption\" \/>\n<meta name=\"parsely-link\" content=\"https:\/\/www.capgemini.com\/fr-fr\/notre-groupe\/gestion-gouvernance\/politiques\/politique-anti-corruption\/\" \/>\n<meta name=\"parsely-type\" content=\"index\" \/>\n<meta name=\"parsely-pub-date\" content=\"2021-05-06T09:42:00Z\" \/>\n<meta name=\"parsely-section\" content=\"Uncategorized\" \/>","tracker_url":"https:\/\/cdn.parsely.com\/keys\/capgemini.com\/p.js"},"archive_status":false,"featured_image_src":"https:\/\/www.capgemini.com\/fr-fr\/wp-content\/themes\/capgemini2025\/assets\/images\/mockup.png","featured_image_alt":false,"jetpack-related-posts":[{"id":807212,"url":"https:\/\/www.capgemini.com\/fr-fr\/notre-groupe\/gestion-gouvernance\/politiques\/","url_meta":{"origin":639183,"position":0},"title":"Politiques","author":"anne.gautier@capgemini.com","date":"May 11, 2026","format":false,"excerpt":"Les politiques pr\u00e9sent\u00e9es refl\u00e8tent les principes du Groupe et sont compl\u00e9t\u00e9es par des exigences locales, nationales ou propres \u00e0 chaque entit\u00e9.","rel":"","context":"Similar post","block_context":{"text":"Similar post","link":""},"img":{"alt_text":"","src":"","width":0,"height":0},"classes":[]},{"id":642108,"url":"https:\/\/www.capgemini.com\/fr-fr\/notre-groupe\/gestion-gouvernance\/politiques\/normes-conduite-fournisseurs\/","url_meta":{"origin":639183,"position":1},"title":"Normes de conduite des fournisseurs","author":"translator0aboutus","date":"January 10, 2022","format":false,"excerpt":"Capgemini d\u00e9finit des normes de conduite strictes pour ses fournisseurs afin de garantir des pratiques \u00e9thiques, responsables et conformes aux exigences l\u00e9gales et soci\u00e9tales.","rel":"","context":"Similar post","block_context":{"text":"Similar post","link":""},"img":{"alt_text":"","src":"","width":0,"height":0},"classes":[]},{"id":646168,"url":"https:\/\/www.capgemini.com\/fr-fr\/notre-groupe\/gestion-gouvernance\/entreprise-responsable\/","url_meta":{"origin":639183,"position":2},"title":"Entreprise responsable","author":"translator0aboutus","date":"January 25, 2022","format":false,"excerpt":"Entreprise responsable FacebookLinkedinChez Capgemini, nous nous effor\u00e7ons de favoriser des comportements responsables dans nos pratiques professionnelles au quotidien.Le Groupe applique une tol\u00e9rance z\u00e9ro envers les pots-de-vin et la corruption. Nous nous engageons \u00e9galement \u00e0 mener une concurrence loyale et ouverte, ainsi qu'\u00e0 respecter les droits humains internationalement reconnus. Il est\u2026","rel":"","context":"Similar post","block_context":{"text":"Similar post","link":""},"img":{"alt_text":"","src":"","width":0,"height":0},"classes":[]},{"id":784947,"url":"https:\/\/www.capgemini.com\/fr-fr\/notre-groupe\/gestion-gouvernance\/politiques\/politique-de-sante-et-de-securite\/","url_meta":{"origin":639183,"position":3},"title":"Politique de sant\u00e9 et de s\u00e9curit\u00e9","author":"anne.gautier@capgemini.com","date":"June 18, 2025","format":false,"excerpt":"Capgemini place la sant\u00e9, la s\u00e9curit\u00e9 et le bien\u2011\u00eatre de ses collaborateurs au c\u0153ur de ses activit\u00e9s, \u00e0 travers une politique globale int\u00e9gr\u00e9e \u00e0 l\u2019ensemble de ses engagements.","rel":"","context":"Similar post","block_context":{"text":"Similar post","link":""},"img":{"alt_text":"","src":"","width":0,"height":0},"classes":[]}],"jetpack_sharing_enabled":true,"distributor_meta":false,"distributor_terms":false,"distributor_media":false,"distributor_original_site_name":"Capgemini France","distributor_original_site_url":"https:\/\/www.capgemini.com\/fr-fr","push-errors":false,"_links":{"self":[{"href":"https:\/\/www.capgemini.com\/fr-fr\/wp-json\/wp\/v2\/pages\/639183","targetHints":{"allow":["GET"]}}],"collection":[{"href":"https:\/\/www.capgemini.com\/fr-fr\/wp-json\/wp\/v2\/pages"}],"about":[{"href":"https:\/\/www.capgemini.com\/fr-fr\/wp-json\/wp\/v2\/types\/page"}],"author":[{"embeddable":true,"href":"https:\/\/www.capgemini.com\/fr-fr\/wp-json\/wp\/v2\/users\/121"}],"replies":[{"embeddable":true,"href":"https:\/\/www.capgemini.com\/fr-fr\/wp-json\/wp\/v2\/comments?post=639183"}],"version-history":[{"count":8,"href":"https:\/\/www.capgemini.com\/fr-fr\/wp-json\/wp\/v2\/pages\/639183\/revisions"}],"predecessor-version":[{"id":807245,"href":"https:\/\/www.capgemini.com\/fr-fr\/wp-json\/wp\/v2\/pages\/639183\/revisions\/807245"}],"up":[{"embeddable":true,"href":"https:\/\/www.capgemini.com\/fr-fr\/wp-json\/wp\/v2\/pages\/639065"}],"wp:attachment":[{"href":"https:\/\/www.capgemini.com\/fr-fr\/wp-json\/wp\/v2\/media?parent=639183"}],"wp:term":[{"taxonomy":"brand","embeddable":true,"href":"https:\/\/www.capgemini.com\/fr-fr\/wp-json\/wp\/v2\/brand?post=639183"},{"taxonomy":"partner_type","embeddable":true,"href":"https:\/\/www.capgemini.com\/fr-fr\/wp-json\/wp\/v2\/partner_type?post=639183"},{"taxonomy":"service","embeddable":true,"href":"https:\/\/www.capgemini.com\/fr-fr\/wp-json\/wp\/v2\/service?post=639183"},{"taxonomy":"industry","embeddable":true,"href":"https:\/\/www.capgemini.com\/fr-fr\/wp-json\/wp\/v2\/industry?post=639183"},{"taxonomy":"partners","embeddable":true,"href":"https:\/\/www.capgemini.com\/fr-fr\/wp-json\/wp\/v2\/partners?post=639183"},{"taxonomy":"page-type","embeddable":true,"href":"https:\/\/www.capgemini.com\/fr-fr\/wp-json\/wp\/v2\/page-type?post=639183"},{"taxonomy":"content-group","embeddable":true,"href":"https:\/\/www.capgemini.com\/fr-fr\/wp-json\/wp\/v2\/content-group?post=639183"}],"curies":[{"name":"wp","href":"https:\/\/api.w.org\/{rel}","templated":true}]}}