{"id":522542,"date":"2023-06-21T07:02:23","date_gmt":"2023-06-21T07:02:23","guid":{"rendered":"https:\/\/www.capgemini.com\/fi-en\/?page_id=522542"},"modified":"2026-04-02T08:56:08","modified_gmt":"2026-04-02T08:56:08","slug":"ignite-graduate-ohjelma","status":"publish","type":"page","link":"https:\/\/www.capgemini.com\/fi-en\/ignite-graduate-ohjelma\/","title":{"rendered":"Ignite Graduate -ohjelma"},"content":{"rendered":"\n<div class=\"wp-block-cg-blocks-hero-bleed-banner\"><div class=\"hero-bleed-mp-banner wp-block-cg-blocks-hero-bleed-banner no-overlay  is-image has-card\" data-nav-menu-position=\"no-overlay\" data-nav-menu-text-color=\"black\" data-fp-desktop-x=\"0.53\" data-fp-desktop-y=\"0.12\" data-fp-tablet-x=\"0.5\" data-fp-tablet-y=\"0.14\" data-fp-mobile-x=\"0.49\" data-fp-mobile-y=\"0.08\" data-hero-bleed-attributes=\"\"><div class=\"hero-image d-block\"><picture><source srcset=\"https:\/\/www.capgemini.com\/fi-en\/wp-content\/uploads\/sites\/26\/2025\/04\/Ignite-banner.jpg?w=2880&amp;quality=70 1x, https:\/\/www.capgemini.com\/fi-en\/wp-content\/uploads\/sites\/26\/2025\/04\/Ignite-banner.jpg?w=2880&amp;quality=70 2x\" media=\"(min-width: 1500px)\"\/><source srcset=\"https:\/\/www.capgemini.com\/fi-en\/wp-content\/uploads\/sites\/26\/2025\/04\/Ignite-banner.jpg?w=1440&amp;quality=70 1x, https:\/\/www.capgemini.com\/fi-en\/wp-content\/uploads\/sites\/26\/2025\/04\/Ignite-banner.jpg?w=2880&amp;quality=70 2x\" media=\"(min-width: 992px)\"\/><source srcset=\"https:\/\/www.capgemini.com\/fi-en\/wp-content\/uploads\/sites\/26\/2025\/04\/Ignite-banner.jpg?w=768&amp;quality=70 1x, https:\/\/www.capgemini.com\/fi-en\/wp-content\/uploads\/sites\/26\/2025\/04\/Ignite-banner.jpg?w=1536&amp;quality=70 2x\" media=\"(min-width: 768px)\"\/><source srcset=\"https:\/\/www.capgemini.com\/fi-en\/wp-content\/uploads\/sites\/26\/2025\/04\/Ignite-banner.jpg?w=430&amp;quality=55 1x, https:\/\/www.capgemini.com\/fi-en\/wp-content\/uploads\/sites\/26\/2025\/04\/Ignite-banner.jpg?w=1152&amp;quality=70 2x\" media=\"(min-width: 0)\"\/><img decoding=\"async\" width=\"100%\" height=\"100%\" src=\"https:\/\/www.capgemini.com\/fi-en\/wp-content\/uploads\/sites\/26\/2025\/04\/Ignite-banner.jpg\" alt=\"\"\/><\/picture><\/div><div class=\"header-line hero-bg-shape\"><\/div><div class=\"container\"><div class=\"row\"><div class=\"col-12 col-md-6 col-lg-6\"><div class=\"content-box-wrapper\"><div class=\"content-box is-short centralized\"><h1 class=\"title\">Ignite Graduate -ohjelma<\/h1><\/div><\/div><\/div><\/div><\/div><\/div><\/div>\n\n\n\n<section class=\"wp-block-cg-blocks-group undefined section section--article-content\"><div class=\"article-main-content\"><div class=\"container\"><div class=\"grid-container\"><div class=\"col-12 col-md-2\"><nav class=\"article-social\"><ul class=\"social-nav\"><li class=\"ip-order-fb\"><a href=\"https:\/\/www.facebook.com\/sharer\/sharer.php?u=https:\/\/www.capgemini.com\/se-en\/?page_id=521507\" target=\"_blank\" rel=\"noopener noreferrer\" title=\"opens in a new window\"><i aria-hidden=\"true\" class=\"icon-fb\"><\/i><span class=\"sr-only\">Facebook<\/span><\/a><\/li><li class=\"ip-order-tw\"><a href=\"https:\/\/twitter.com\/intent\/tweet?url=https:\/\/www.capgemini.com\/se-en\/?page_id=521507&amp;text=\" target=\"_blank\" rel=\"noopener noreferrer\" title=\"opens in a new window\"><i aria-hidden=\"true\" class=\"icon-tw\"><\/i><span class=\"sr-only\">Twitter<\/span><\/a><\/li><li class=\"ip-order-li\"><a href=\"https:\/\/www.linkedin.com\/sharing\/share-offsite\/?url=https:\/\/www.capgemini.com\/se-en\/?page_id=521507&amp;text=\" target=\"_blank\" rel=\"noopener noreferrer\" title=\"opens in a new window\"><i aria-hidden=\"true\" class=\"icon-li\"><\/i><span class=\"sr-only\">Linkedin<\/span><\/a><\/li><\/ul><\/nav><\/div><div><div class=\"article-text article-quote-text\">\n<h3 class=\"wp-block-heading is-style-default\" id=\"h-haku-on-auki-1-4-23-4-2026\">Haku on auki 1.4. \u2013 23.4.2026! <\/h3>\n\n\n\n<p id=\"h-haku-on-auki-1-4-23-4-2026-ignite-graduate-program-on-vastavalmistuneille-ja-valmistuville-seka-alanvaihtajille-suunnattu-ohjelma-josta-saa-vahvan-lahdon-it-konsultoinnin-maailmaan-tutustu-mita-kaikkea-ohjelmamme-voi-tarjota-urasi-alkuun\">Ignite Graduate Program on vastavalmistuneille ja -valmistuville sek\u00e4 alanvaihtajille suunnattu ohjelma, josta saa vahvan l\u00e4hd\u00f6n IT-konsultoinnin maailmaan! Tutustu, mit\u00e4 kaikkea ohjelmamme voi tarjota urasi alkuun.<\/p>\n\n\n\n<h3 class=\"wp-block-heading\" id=\"h-haluatko-kuulla-lisaa-ignite-ohjelmasta-ilmoittaudu-webinaariin-8-4\"><strong>Haluatko kuulla lis\u00e4\u00e4 Ignite-ohjelmasta \u2013 ilmoittaudu webinaariin 8.4.!<\/strong><\/h3>\n\n\n\n<p>Esittelemme Ignite-ohjelman webinaarissa keskiviikkona 8.4. klo 15.30-16.30. Voit ilmoittautua webinaariin <a href=\"https:\/\/join.capgemini.com\/us\/en\/event\/69bba7ae99403503e565574c\/Ignite-Graduate-ohjelman-esittely\" target=\"_blank\" rel=\"noreferrer noopener\">t\u00e4\u00e4lt\u00e4<\/a>.<\/p>\n\n\n\n<p>Webinaarissa k\u00e4ymme l\u00e4pi:<\/p>\n\n\n\n<ul class=\"wp-block-list\">\n<li>Mit\u00e4 Ignite Graduate -ohjelma sis\u00e4lt\u00e4\u00e4<\/li>\n\n\n\n<li>Millaisiin rooleihin voit ty\u00f6llisty\u00e4<\/li>\n\n\n\n<li>Millaista arki Igniterina oikeasti on<\/li>\n\n\n\n<li>Vinkkej\u00e4 hakuprosessiin<\/li>\n\n\n\n<li>Vastaamme kysymyksiinne Q&amp;A -osiossa<\/li>\n<\/ul>\n\n\n\n<p>Sytyt\u00e4 urallesi loistava alku osana mahtavaa tiimi\u00e4! Ignite Graduate&nbsp;-ohjelmassa opit yhdist\u00e4m\u00e4\u00e4n teknologian ja liiketoiminnan, sek\u00e4 rakentamaan kest\u00e4v\u00e4mp\u00e4\u00e4 tulevaisuutta yhdess\u00e4 asiakkaidemme kanssa. Tarjoamme sinulle m\u00e4\u00e4r\u00e4aikaisen ty\u00f6suhteen ohjelman ajaksi ja mahdollisuuden kasvaa konsultoinnin ammattilaiseksi. P\u00e4\u00e4set ty\u00f6skentelem\u00e4\u00e4n kiinnostavissa asiakkuuksissa yhdess\u00e4 mahtavien ty\u00f6kavereiden kanssa ja nimetyn mentorin tukemana.<\/p>\n\n\n\n<figure class=\"wp-block-image aligncenter size-large is-resized\"><img loading=\"lazy\" decoding=\"async\" height=\"683\" width=\"1024\" src=\"https:\/\/www.capgemini.com\/fi-en\/wp-content\/uploads\/sites\/26\/2025\/04\/Ignite-main.jpg?w=960\" alt=\"\" class=\"wp-image-544408\" srcset=\"https:\/\/www.capgemini.com\/fi-en\/wp-content\/uploads\/sites\/26\/2025\/04\/Ignite-main.jpg 2048w, https:\/\/www.capgemini.com\/fi-en\/wp-content\/uploads\/sites\/26\/2025\/04\/Ignite-main.jpg?resize=300,200 300w, https:\/\/www.capgemini.com\/fi-en\/wp-content\/uploads\/sites\/26\/2025\/04\/Ignite-main.jpg?resize=768,512 768w, https:\/\/www.capgemini.com\/fi-en\/wp-content\/uploads\/sites\/26\/2025\/04\/Ignite-main.jpg?resize=1024,683 1024w, https:\/\/www.capgemini.com\/fi-en\/wp-content\/uploads\/sites\/26\/2025\/04\/Ignite-main.jpg?resize=1536,1024 1536w\" sizes=\"auto, (max-width: 1024px) 100vw, 1024px\" \/><\/figure>\n\n\n\n<div style=\"height:32px\" aria-hidden=\"true\" class=\"wp-block-spacer\"><\/div>\n\n\n\n<h3 class=\"wp-block-heading\"><strong>T\u00e4t\u00e4 kaikkea on Capgeminin Ignite Graduate -ohjelma!<\/strong><\/h3>\n\n\n\n<p>Vuoden (12 kk) mittaisen ohjelman aikana sytyt\u00e4t kipin\u00e4n urallesi niin teknologian kuin liiketoiminnankin parissa.<br><br>Ohjelma on suunnattu vastavalmistuneille ja -valmistuville ammattilaisille, jotka etsiv\u00e4t kiinnostavia haasteita ja vastuullisia teht\u00e4vi\u00e4 heti ty\u00f6uransa alkutaipaleella. Kuulemme my\u00f6s mielell\u00e4mme alanvaihtajista, jotka ovat innostuneita sytytt\u00e4m\u00e4\u00e4n liekin uuden uran merkeiss\u00e4.<\/p>\n\n\n\n<h4 class=\"wp-block-heading is-style-default has-medium-font-size\" id=\"h-nbsp-nbsp-ignite-ohjelmasta-saa-hyvan-lahdon-konsultoinnin-ja-it-n-maailmaan-lisaksi-ohjelmassa-on-historiallisesti-erittain-hyva-yhteishenki-ignitereiden-valilla-joka-sailyy-tukiverkkona-myos-tulevaisuutta-varten-jokaisen-igniterin-perehdytykseen-kuuluu-myos-oman-roolinsa-mukainen-sertifiointi-mika-luo-vakaata-pohjaa-tyollistymiselle-eri-projekteihin\" style=\"text-transform:none\">&nbsp;<em><strong>&nbsp;<strong><em>\u201dIgnite-ohjelmasta saa hyv\u00e4n l\u00e4hd\u00f6n konsultoinnin ja IT:n maailmaan. Lis\u00e4ksi ohjelmassa on historiallisesti eritt\u00e4in hyv\u00e4 yhteishenki Ignitereiden v\u00e4lill\u00e4, joka s\u00e4ilyy tukiverkkona my\u00f6s tulevaisuutta varten. Jokaisen Igniterin perehdytykseen kuuluu my\u00f6s oman roolinsa mukainen sertifiointi, mik\u00e4 luo vakaata pohjaa ty\u00f6llistymiselle eri projekteihin.\u201d<\/em><\/strong><\/strong><\/em><\/h4>\n\n\n\n<p>&#8211; Iiris Teirikko, Project Manager, aloittanut ohjelmassa v. 2023<\/p>\n\n\n\n<h3 class=\"wp-block-heading\" id=\"h-kurkista-alta-millaisissa-rooleissa-voit-aloittaa-ignite-graduate-ohjelmassa-haku-on-auki-1-4-23-4-2026\"><strong><strong>Kurkista alta, millaisissa rooleissa voit aloittaa Ignite Graduate -ohjelmassa. Haku on auki 1.4. \u2013 23.4.2026!<\/strong><\/strong><\/h3>\n\n\n\n<ul class=\"wp-block-list\">\n<li><a href=\"https:\/\/www.capgemini.com\/fi-en\/jobs\/446278-en_US+sap_btp\" target=\"_blank\" rel=\"noreferrer noopener\">Junior DevOps Engineer<\/a><\/li>\n\n\n\n<li><a href=\"https:\/\/www.capgemini.com\/fi-en\/jobs\/446279-en_US+sap_btp\" target=\"_blank\" rel=\"noreferrer noopener\">Junior Software Engineer<\/a><\/li>\n\n\n\n<li><a href=\"https:\/\/www.capgemini.com\/fi-en\/jobs\/446280-en_US+sap_btp\" target=\"_blank\" rel=\"noreferrer noopener\">Junior Integration Developer<\/a><\/li>\n\n\n\n<li><a href=\"https:\/\/www.capgemini.com\/fi-en\/jobs\/446304-en_US+sap_btp\" target=\"_blank\" rel=\"noreferrer noopener\">Junior PMO<\/a><\/li>\n\n\n\n<li><a href=\"https:\/\/www.capgemini.com\/fi-en\/jobs\/446307-en_US+sap_btp\" target=\"_blank\" rel=\"noreferrer noopener\">Junior Salesforce Business Analyst \/ Project Manager<\/a><\/li>\n\n\n\n<li><a href=\"https:\/\/www.capgemini.com\/fi-en\/jobs\/446308-en_US+sap_btp\" target=\"_blank\" rel=\"noreferrer noopener\">Junior Enterprise Architect<\/a><\/li>\n\n\n\n<li><a href=\"https:\/\/www.capgemini.com\/fi-en\/jobs\/446309-en_US+sap_btp\" target=\"_blank\" rel=\"noreferrer noopener\">Junior Project Manager &amp; Junior Service Delivery Manager<\/a><\/li>\n<\/ul>\n\n\n\n<h4 class=\"wp-block-heading\" id=\"h-koulutuspolkusi-alkaa-capgeminilla-yhdessa-muiden-tulevaisuuden-igniterien-kanssa\"><strong>Koulutuspolkusi alkaa Capgeminill\u00e4 yhdess\u00e4 muiden tulevaisuuden Igniterien kanssa<\/strong><\/h4>\n\n\n\n<p>Ignite Graduate -ohjelmassa tarjoamme sinulle yhden vuoden (12 kk) m\u00e4\u00e4r\u00e4aikaisen, kokoaikaisen ty\u00f6suhteen. Monille Ignitereille ohjelma on avannut mahdollisuuden jatkaa kanssamme vakituisessa roolissa ohjelman j\u00e4lkeen.<\/p>\n\n\n\n<p>Ty\u00f6skentelet kokeneempien kollegoiden kanssa heti ensimm\u00e4isest\u00e4 p\u00e4iv\u00e4st\u00e4 alkaen, ja lis\u00e4ksi oma Ignite-tiimisi on tukenasi alusta asti. Ohjelmalla on my\u00f6s oma Community Leadins\u00e4, joka auttaa sinua kaikissa ohjelmaan liittyviss\u00e4 k\u00e4yt\u00e4nn\u00f6n kysymyksiss\u00e4.<br><br>Capgeminill\u00e4 olet osa 420 000 ammattilaisen verkostoa, joka toimii maailmanlaajuisesti yli 50 maassa. Suomessa meit\u00e4 on noin 700. Tukikohtinamme toimivat modernit toimistomme Helsingin Ruoholahdessa sek\u00e4 Lappeenrannan Skinnarilassa &nbsp;\u2013&nbsp; joustavaa hybridimalliamme unohtamatta. &nbsp;<\/p>\n\n\n\n<p>Ohjelmassa saat mahdollisuuden osoittaa potentiaalisi ja kehitt\u00e4\u00e4 osaamistasi sinua eniten kiinnostavalla osa-alueella. P\u00e4\u00e4set ratkomaan tosiel\u00e4m\u00e4n haasteita mielenkiintoisten asiakkaiden kanssa ja kasvamaan itsen\u00e4iseksi juniorikonsultiksi.<\/p>\n\n\n\n<section class=\"wp-block-cg-blocks-counter-para section counter-para-section\"><div class=\"container\"><div class=\"row\"><div class=\"col-12 col-md-8\"><div class=\"article-text\"><div class=\"content-title\"><h3><strong>Ignite Graduate -ohjelma numeroina<\/strong><\/h3><\/div><\/div><\/div><\/div><div class=\"row statistics-list\"><div class=\"col-md-4 statistic\"><div class=\"statistic-top\"><strong>2010<\/strong><\/div><span class=\"statistic-bottom\">ensimm\u00e4inen Graduate-ohjelmamme k\u00e4ynnistyi<\/span><\/div><div class=\"col-md-4 statistic\"><div class=\"statistic-top\"><strong>250+<\/strong><\/div><span class=\"statistic-bottom\">ammattilaista on saanut uralleen kipin\u00e4n ohjelmamme kautta<\/span><\/div><div class=\"col-md-4 statistic\"><div class=\"statistic-top\"><strong>90%<\/strong><\/div><span class=\"statistic-bottom\">osallistujista on arvioinut ohjelman hyv\u00e4ksi tai erinomaiseksi viime vuosina<\/span><\/div><\/div><\/div><\/section>\n\n\n\n<h3 class=\"wp-block-heading\">Mit\u00e4 teemme?<\/h3>\n\n\n\n<p>Capgemini on ranskalaisl\u00e4ht\u00f6inen globaali IT- ja teknologia-alan konsultointiyritys. Autamme asiakkaitamme kasvattamaan liiketoimintaansa kokonaisvaltaisesti teknologian tuomien mahdollisuuksien avulla aina datasta ja analytiikasta suuriin IT-transformaatiohankkeisiin, testaukseen, automaatioon, sek\u00e4 pilvinatiiviin sovelluskehitykseen ja integraatioprojekteihin.<\/p>\n\n\n\n<p>Maailmanlaajuisen verkostomme kautta saatat p\u00e4\u00e4ty\u00e4 ty\u00f6skentelem\u00e4\u00e4n toimialansa johtavien br\u00e4ndien projekteissa jo heti urasi alussa. T\u00e4ss\u00e4 tapauksessa p\u00e4\u00e4set kehitt\u00e4m\u00e4\u00e4n omaa ammattitaitoasi alan johtavien osaajien seurassa, sek\u00e4 n\u00e4kem\u00e4\u00e4n miten kansainv\u00e4lisen tason IT-projekteja tehd\u00e4\u00e4n.<a><\/a><\/p>\n\n\n\n<h3 class=\"wp-block-heading\">Capgemini ty\u00f6paikkana<\/h3>\n\n\n\n<p>Ty\u00f6p\u00e4iv\u00e4mme kiinnostavien teknologiahaasteiden parissa sujuvat yst\u00e4v\u00e4llisess\u00e4 ja humaanissa ty\u00f6ymp\u00e4rist\u00f6ss\u00e4, jossa jokainen huomioidaan yksil\u00f6n\u00e4. Meill\u00e4 p\u00e4\u00e4set mukaan kunnianhimoiseen mutta v\u00e4litt\u00e4v\u00e4\u00e4n kulttuuriin, jossa yhteisty\u00f6, jatkuva oppiminen ja onnistumisten jakaminen ovat t\u00e4rkeit\u00e4. &nbsp;<\/p>\n\n\n\n<p>Ty\u00f6n ja muun el\u00e4m\u00e4n tasapaino on meille ykk\u00f6sprioriteetti, mink\u00e4 lis\u00e4ksi tarjoamme mainiot mahdollisuudet yhteiseen harrastustoimintaan ty\u00f6kavereiden kanssa. Unohda j\u00e4yk\u00e4t konsultin muotit \u2013&nbsp;meill\u00e4 jokainen on oma itsens\u00e4! &nbsp;<\/p>\n\n\n\n<p>&nbsp;<br><\/p>\n<\/div><\/div><\/div><\/div><\/div><\/section>\n","protected":false},"excerpt":{"rendered":"","protected":false},"author":324,"featured_media":522543,"parent":0,"menu_order":0,"comment_status":"closed","ping_status":"closed","template":"","meta":{"cg_dt_proposed_to":[],"cg_seo_hreflang_relations":"[]","cg_seo_canonical_relation":"","cg_seo_hreflang_x_default_relation":"{\"uuid\":\"496645d2-c07d-426d-81f2-1e6c08cb624e\",\"blogId\":\"\",\"domain\":\"\",\"sitePath\":\"\",\"postLink\":\"\",\"postId\":null,\"isSaved\":true,\"isCrossLink\":false,\"hasCrossLink\":false}","cg_dt_approved_content":true,"cg_dt_mandatory_content":false,"cg_dt_notes":"","cg_dg_source_changed":false,"cg_dt_link_disabled":false,"_yoast_wpseo_primary_brand":"","footnotes":"","featured_focal_points":"","partner_card_description":"","gsap_animation":0},"brand":[],"partner_type":[],"service":[],"industry":[],"partners":[],"page-type":[173],"content-group":[],"class_list":["post-522542","page","type-page","status-publish","has-post-thumbnail","hentry","page-type-careers"],"yoast_head":"<!-- This site is optimized with the Yoast SEO Premium plugin v22.8 (Yoast SEO v22.8) - https:\/\/yoast.com\/wordpress\/plugins\/seo\/ -->\n<title>Ignite Graduate -ohjelma - Capgemini Finland<\/title>\n<meta name=\"description\" content=\"Hae mukaan Ignite Graduate -ohjelmaan! Ohjelman avulla p\u00e4\u00e4set sukeltamaan IT-konsultoinnin maailmaan ja kasvamaan alasi asiantuntijaksi vaihtelevissa asiakasprojekteissa.\" \/>\n<meta name=\"robots\" content=\"index, follow, max-snippet:-1, max-image-preview:large, max-video-preview:-1\" \/>\n<link rel=\"canonical\" href=\"https:\/\/www.capgemini.com\/fi-en\/ignite-graduate-ohjelma\/\" \/>\n<meta property=\"og:locale\" content=\"en_US\" \/>\n<meta property=\"og:type\" content=\"article\" \/>\n<meta property=\"og:title\" content=\"Ignite Graduate -ohjelma\" \/>\n<meta property=\"og:description\" content=\"Hae mukaan Ignite Graduate -ohjelmaan! Ohjelman avulla p\u00e4\u00e4set sukeltamaan IT-konsultoinnin maailmaan ja kasvamaan alasi asiantuntijaksi vaihtelevissa asiakasprojekteissa.\" \/>\n<meta property=\"og:url\" content=\"https:\/\/www.capgemini.com\/fi-en\/ignite-graduate-ohjelma\/\" \/>\n<meta property=\"og:site_name\" content=\"Capgemini Finland\" \/>\n<meta property=\"article:modified_time\" content=\"2026-04-02T08:56:08+00:00\" \/>\n<meta property=\"og:image\" content=\"https:\/\/www.capgemini.com\/fi-en\/wp-content\/uploads\/sites\/26\/2025\/10\/New-Web-preview-global.jpg\" \/>\n\t<meta property=\"og:image:width\" content=\"1200\" \/>\n\t<meta property=\"og:image:height\" content=\"627\" \/>\n\t<meta property=\"og:image:type\" content=\"image\/jpeg\" \/>\n<meta name=\"twitter:card\" content=\"summary_large_image\" \/>\n<meta name=\"twitter:label1\" content=\"Est. reading time\" \/>\n\t<meta name=\"twitter:data1\" content=\"3 minutes\" \/>\n<script type=\"application\/ld+json\" class=\"yoast-schema-graph\">{\"@context\":\"https:\/\/schema.org\",\"@graph\":[{\"@type\":\"WebPage\",\"@id\":\"https:\/\/www.capgemini.com\/fi-en\/ignite-graduate-ohjelma\/\",\"url\":\"https:\/\/www.capgemini.com\/fi-en\/ignite-graduate-ohjelma\/\",\"name\":\"Ignite Graduate -ohjelma - Capgemini Finland\",\"isPartOf\":{\"@id\":\"https:\/\/www.capgemini.com\/fi-en\/#website\"},\"primaryImageOfPage\":{\"@id\":\"https:\/\/www.capgemini.com\/fi-en\/ignite-graduate-ohjelma\/#primaryimage\"},\"image\":{\"@id\":\"https:\/\/www.capgemini.com\/fi-en\/ignite-graduate-ohjelma\/#primaryimage\"},\"thumbnailUrl\":\"https:\/\/www.capgemini.com\/fi-en\/wp-content\/uploads\/sites\/26\/2023\/06\/14-r.jpg\",\"datePublished\":\"2023-06-21T07:02:23+00:00\",\"dateModified\":\"2026-04-02T08:56:08+00:00\",\"description\":\"Hae mukaan Ignite Graduate -ohjelmaan! Ohjelman avulla p\u00e4\u00e4set sukeltamaan IT-konsultoinnin maailmaan ja kasvamaan alasi asiantuntijaksi vaihtelevissa asiakasprojekteissa.\",\"breadcrumb\":{\"@id\":\"https:\/\/www.capgemini.com\/fi-en\/ignite-graduate-ohjelma\/#breadcrumb\"},\"inLanguage\":\"en-US\",\"potentialAction\":[{\"@type\":\"ReadAction\",\"target\":[\"https:\/\/www.capgemini.com\/fi-en\/ignite-graduate-ohjelma\/\"]}]},{\"@type\":\"ImageObject\",\"inLanguage\":\"en-US\",\"@id\":\"https:\/\/www.capgemini.com\/fi-en\/ignite-graduate-ohjelma\/#primaryimage\",\"url\":\"https:\/\/www.capgemini.com\/fi-en\/wp-content\/uploads\/sites\/26\/2023\/06\/14-r.jpg\",\"contentUrl\":\"https:\/\/www.capgemini.com\/fi-en\/wp-content\/uploads\/sites\/26\/2023\/06\/14-r.jpg\",\"width\":2880,\"height\":1800},{\"@type\":\"BreadcrumbList\",\"@id\":\"https:\/\/www.capgemini.com\/fi-en\/ignite-graduate-ohjelma\/#breadcrumb\",\"itemListElement\":[{\"@type\":\"ListItem\",\"position\":1,\"name\":\"Home\",\"item\":\"https:\/\/www.capgemini.com\/fi-en\/\"},{\"@type\":\"ListItem\",\"position\":2,\"name\":\"Ignite Graduate -ohjelma\"}]},{\"@type\":\"WebSite\",\"@id\":\"https:\/\/www.capgemini.com\/fi-en\/#website\",\"url\":\"https:\/\/www.capgemini.com\/fi-en\/\",\"name\":\"Capgemini Finland\",\"description\":\"Capgemini\",\"potentialAction\":[{\"@type\":\"SearchAction\",\"target\":{\"@type\":\"EntryPoint\",\"urlTemplate\":\"https:\/\/www.capgemini.com\/fi-en\/?s={search_term_string}\"},\"query-input\":\"required name=search_term_string\"}],\"inLanguage\":\"en-US\"}]}<\/script>\n<!-- \/ Yoast SEO Premium plugin. -->","yoast_head_json":{"title":"Ignite Graduate -ohjelma - Capgemini Finland","description":"Hae mukaan Ignite Graduate -ohjelmaan! Ohjelman avulla p\u00e4\u00e4set sukeltamaan IT-konsultoinnin maailmaan ja kasvamaan alasi asiantuntijaksi vaihtelevissa asiakasprojekteissa.","robots":{"index":"index","follow":"follow","max-snippet":"max-snippet:-1","max-image-preview":"max-image-preview:large","max-video-preview":"max-video-preview:-1"},"canonical":"https:\/\/www.capgemini.com\/fi-en\/ignite-graduate-ohjelma\/","og_locale":"en_US","og_type":"article","og_title":"Ignite Graduate -ohjelma","og_description":"Hae mukaan Ignite Graduate -ohjelmaan! Ohjelman avulla p\u00e4\u00e4set sukeltamaan IT-konsultoinnin maailmaan ja kasvamaan alasi asiantuntijaksi vaihtelevissa asiakasprojekteissa.","og_url":"https:\/\/www.capgemini.com\/fi-en\/ignite-graduate-ohjelma\/","og_site_name":"Capgemini Finland","article_modified_time":"2026-04-02T08:56:08+00:00","og_image":[{"width":1200,"height":627,"url":"https:\/\/www.capgemini.com\/fi-en\/wp-content\/uploads\/sites\/26\/2025\/10\/New-Web-preview-global.jpg","type":"image\/jpeg"}],"twitter_card":"summary_large_image","twitter_misc":{"Est. reading time":"3 minutes"},"schema":{"@context":"https:\/\/schema.org","@graph":[{"@type":"WebPage","@id":"https:\/\/www.capgemini.com\/fi-en\/ignite-graduate-ohjelma\/","url":"https:\/\/www.capgemini.com\/fi-en\/ignite-graduate-ohjelma\/","name":"Ignite Graduate -ohjelma - Capgemini Finland","isPartOf":{"@id":"https:\/\/www.capgemini.com\/fi-en\/#website"},"primaryImageOfPage":{"@id":"https:\/\/www.capgemini.com\/fi-en\/ignite-graduate-ohjelma\/#primaryimage"},"image":{"@id":"https:\/\/www.capgemini.com\/fi-en\/ignite-graduate-ohjelma\/#primaryimage"},"thumbnailUrl":"https:\/\/www.capgemini.com\/fi-en\/wp-content\/uploads\/sites\/26\/2023\/06\/14-r.jpg","datePublished":"2023-06-21T07:02:23+00:00","dateModified":"2026-04-02T08:56:08+00:00","description":"Hae mukaan Ignite Graduate -ohjelmaan! Ohjelman avulla p\u00e4\u00e4set sukeltamaan IT-konsultoinnin maailmaan ja kasvamaan alasi asiantuntijaksi vaihtelevissa asiakasprojekteissa.","breadcrumb":{"@id":"https:\/\/www.capgemini.com\/fi-en\/ignite-graduate-ohjelma\/#breadcrumb"},"inLanguage":"en-US","potentialAction":[{"@type":"ReadAction","target":["https:\/\/www.capgemini.com\/fi-en\/ignite-graduate-ohjelma\/"]}]},{"@type":"ImageObject","inLanguage":"en-US","@id":"https:\/\/www.capgemini.com\/fi-en\/ignite-graduate-ohjelma\/#primaryimage","url":"https:\/\/www.capgemini.com\/fi-en\/wp-content\/uploads\/sites\/26\/2023\/06\/14-r.jpg","contentUrl":"https:\/\/www.capgemini.com\/fi-en\/wp-content\/uploads\/sites\/26\/2023\/06\/14-r.jpg","width":2880,"height":1800},{"@type":"BreadcrumbList","@id":"https:\/\/www.capgemini.com\/fi-en\/ignite-graduate-ohjelma\/#breadcrumb","itemListElement":[{"@type":"ListItem","position":1,"name":"Home","item":"https:\/\/www.capgemini.com\/fi-en\/"},{"@type":"ListItem","position":2,"name":"Ignite Graduate -ohjelma"}]},{"@type":"WebSite","@id":"https:\/\/www.capgemini.com\/fi-en\/#website","url":"https:\/\/www.capgemini.com\/fi-en\/","name":"Capgemini Finland","description":"Capgemini","potentialAction":[{"@type":"SearchAction","target":{"@type":"EntryPoint","urlTemplate":"https:\/\/www.capgemini.com\/fi-en\/?s={search_term_string}"},"query-input":"required name=search_term_string"}],"inLanguage":"en-US"}]}},"brand_term":[],"parsely":{"version":"1.1.0","canonical_url":"https:\/\/capgemini.com\/fi-en\/ignite-graduate-ohjelma\/","smart_links":{"inbound":0,"outbound":0},"traffic_boost_suggestions_count":0,"meta":{"@context":"https:\/\/schema.org","@type":"WebPage","headline":"Ignite Graduate -ohjelma","url":"https:\/\/www.capgemini.com\/fi-en\/ignite-graduate-ohjelma\/","mainEntityOfPage":{"@type":"WebPage","@id":"https:\/\/www.capgemini.com\/fi-en\/ignite-graduate-ohjelma\/"},"thumbnailUrl":"https:\/\/www.capgemini.com\/fi-en\/wp-content\/uploads\/sites\/26\/2023\/06\/14-r.jpg?w=150&h=150&crop=1","image":{"@type":"ImageObject","url":"https:\/\/www.capgemini.com\/fi-en\/wp-content\/uploads\/sites\/26\/2023\/06\/14-r.jpg"},"articleSection":"Uncategorized","author":[],"creator":[],"publisher":{"@type":"Organization","name":"Capgemini Finland","logo":""},"keywords":[],"dateCreated":"2023-06-21T07:02:23Z","datePublished":"2023-06-21T07:02:23Z","dateModified":"2026-04-02T08:56:08Z"},"rendered":"<meta name=\"parsely-title\" content=\"Ignite Graduate -ohjelma\" \/>\n<meta name=\"parsely-link\" content=\"https:\/\/www.capgemini.com\/fi-en\/ignite-graduate-ohjelma\/\" \/>\n<meta name=\"parsely-type\" content=\"index\" \/>\n<meta name=\"parsely-image-url\" content=\"https:\/\/www.capgemini.com\/fi-en\/wp-content\/uploads\/sites\/26\/2023\/06\/14-r.jpg?w=150&amp;h=150&amp;crop=1\" \/>\n<meta name=\"parsely-pub-date\" content=\"2023-06-21T07:02:23Z\" \/>\n<meta name=\"parsely-section\" content=\"Uncategorized\" \/>","tracker_url":"https:\/\/cdn.parsely.com\/keys\/capgemini.com\/p.js"},"archive_status":false,"featured_image_src":"https:\/\/www.capgemini.com\/fi-en\/wp-content\/uploads\/sites\/26\/2023\/06\/14-r.jpg","featured_image_alt":"","jetpack_sharing_enabled":true,"distributor_meta":false,"distributor_terms":false,"distributor_media":false,"distributor_original_site_name":"Capgemini Finland","distributor_original_site_url":"https:\/\/www.capgemini.com\/fi-en","push-errors":false,"_links":{"self":[{"href":"https:\/\/www.capgemini.com\/fi-en\/wp-json\/wp\/v2\/pages\/522542","targetHints":{"allow":["GET"]}}],"collection":[{"href":"https:\/\/www.capgemini.com\/fi-en\/wp-json\/wp\/v2\/pages"}],"about":[{"href":"https:\/\/www.capgemini.com\/fi-en\/wp-json\/wp\/v2\/types\/page"}],"author":[{"embeddable":true,"href":"https:\/\/www.capgemini.com\/fi-en\/wp-json\/wp\/v2\/users\/324"}],"replies":[{"embeddable":true,"href":"https:\/\/www.capgemini.com\/fi-en\/wp-json\/wp\/v2\/comments?post=522542"}],"version-history":[{"count":19,"href":"https:\/\/www.capgemini.com\/fi-en\/wp-json\/wp\/v2\/pages\/522542\/revisions"}],"predecessor-version":[{"id":552760,"href":"https:\/\/www.capgemini.com\/fi-en\/wp-json\/wp\/v2\/pages\/522542\/revisions\/552760"}],"wp:featuredmedia":[{"embeddable":true,"href":"https:\/\/www.capgemini.com\/fi-en\/wp-json\/wp\/v2\/media\/522543"}],"wp:attachment":[{"href":"https:\/\/www.capgemini.com\/fi-en\/wp-json\/wp\/v2\/media?parent=522542"}],"wp:term":[{"taxonomy":"brand","embeddable":true,"href":"https:\/\/www.capgemini.com\/fi-en\/wp-json\/wp\/v2\/brand?post=522542"},{"taxonomy":"partner_type","embeddable":true,"href":"https:\/\/www.capgemini.com\/fi-en\/wp-json\/wp\/v2\/partner_type?post=522542"},{"taxonomy":"service","embeddable":true,"href":"https:\/\/www.capgemini.com\/fi-en\/wp-json\/wp\/v2\/service?post=522542"},{"taxonomy":"industry","embeddable":true,"href":"https:\/\/www.capgemini.com\/fi-en\/wp-json\/wp\/v2\/industry?post=522542"},{"taxonomy":"partners","embeddable":true,"href":"https:\/\/www.capgemini.com\/fi-en\/wp-json\/wp\/v2\/partners?post=522542"},{"taxonomy":"page-type","embeddable":true,"href":"https:\/\/www.capgemini.com\/fi-en\/wp-json\/wp\/v2\/page-type?post=522542"},{"taxonomy":"content-group","embeddable":true,"href":"https:\/\/www.capgemini.com\/fi-en\/wp-json\/wp\/v2\/content-group?post=522542"}],"curies":[{"name":"wp","href":"https:\/\/api.w.org\/{rel}","templated":true}]}}