{"id":579169,"date":"2026-02-12T16:36:31","date_gmt":"2026-02-12T15:36:31","guid":{"rendered":"https:\/\/www.capgemini.com\/es-es\/?page_id=579169&#038;preview_id=579169"},"modified":"2026-02-12T16:36:34","modified_gmt":"2026-02-12T15:36:34","slug":"productos-y-servicios-sostenibles","status":"publish","type":"page","link":"https:\/\/www.capgemini.com\/es-es\/soluciones\/productos-y-servicios-sostenibles\/","title":{"rendered":"Productos y servicios sostenibles"},"content":{"rendered":"\n<header class=\"wp-block-cg-blocks-hero-reusable header heroReusable  \"><div class=\"header-bgs\"><picture><source srcset=\"https:\/\/www.capgemini.com\/wp-content\/uploads\/2023\/09\/Capture-decran-2023-09-14-a-15.51.34.png?w=2880&amp;quality=70 1x, https:\/\/www.capgemini.com\/wp-content\/uploads\/2023\/09\/Capture-decran-2023-09-14-a-15.51.34.png?w=2880&amp;quality=70 2x\" media=\"(min-width: 1500px)\"\/><source srcset=\"https:\/\/www.capgemini.com\/wp-content\/uploads\/2023\/09\/Capture-decran-2023-09-14-a-15.51.34.png?w=1440&amp;quality=70 1x, https:\/\/www.capgemini.com\/wp-content\/uploads\/2023\/09\/Capture-decran-2023-09-14-a-15.51.34.png?w=2880&amp;quality=70 2x\" media=\"(min-width: 992px)\"\/><source srcset=\"https:\/\/www.capgemini.com\/wp-content\/uploads\/2023\/09\/Capture-decran-2023-09-14-a-15.51.34.png?w=1024&amp;quality=70 1x, https:\/\/www.capgemini.com\/wp-content\/uploads\/2023\/09\/Capture-decran-2023-09-14-a-15.51.34.png?w=1024&amp;quality=70 2x\" media=\"(min-width: 768px)\"\/><source srcset=\"https:\/\/www.capgemini.com\/wp-content\/uploads\/2023\/09\/Capture-decran-2023-09-14-a-15.51.34.png?w=768&amp;quality=70 1x, https:\/\/www.capgemini.com\/wp-content\/uploads\/2023\/09\/Capture-decran-2023-09-14-a-15.51.34.png?w=768&amp;quality=70 2x\" media=\"(min-width: 0)\"\/><img decoding=\"async\" src=\"https:\/\/www.capgemini.com\/wp-content\/uploads\/2023\/09\/Capture-decran-2023-09-14-a-15.51.34.png\" class=\"header-img header-img-d\" alt=\"\" style=\"object-fit:cover;object-position:67% 50%\" loading=\"eager\"\/><\/picture><\/div><div class=\"heroPictureCardHeaderShape\"><\/div><div class=\"container\"><div class=\"row\"><div class=\"col-md-12\"><div class=\"box\"><div class=\"boxTagWrapper\"><div class=\"tagInfo\"><div><span class=\"box-tag\">Soluci\u00f3n<\/span><\/div><\/div><\/div><div class=\"box-title\"><h1 data-maxlength=\"34\">Productos y servicios sostenibles<\/h1><\/div><div class=\"inner-row-insight download-btn\"><\/div><\/div><\/div><\/div><\/div><\/header>\n\n\n\n<section class=\"wp-block-cg-blocks-group undefined section section--article-content\"><div class=\"article-main-content\"><div class=\"container\"><div class=\"row\"><div class=\"col-12 col-md-1\"><nav class=\"article-social\"><ul class=\"social-nav\"><li class=\"ip-order-fb\"><a href=\"https:\/\/www.facebook.com\/sharer\/sharer.php?u=https:\/\/www.capgemini.com\/?page_id=954506\" target=\"_blank\" rel=\"noopener noreferrer\" title=\"abrir en una nueva ventana\"><i aria-hidden=\"true\" class=\"icon-fb\"><\/i><span class=\"sr-only\">Facebook<\/span><\/a><\/li><li class=\"ip-order-tw\"><a href=\"https:\/\/twitter.com\/intent\/tweet?url=https:\/\/www.capgemini.com\/?page_id=954506&amp;text=\" target=\"_blank\" rel=\"noopener noreferrer\" title=\"abrir en una nueva ventana\"><i aria-hidden=\"true\" class=\"icon-tw\"><\/i><span class=\"sr-only\">Twitter<\/span><\/a><\/li><li class=\"ip-order-li\"><a href=\"https:\/\/www.linkedin.com\/shareArticle?url=https:\/\/www.capgemini.com\/?page_id=954506&amp;text=\" target=\"_blank\" rel=\"noopener noreferrer\" title=\"abrir en una nueva ventana\"><i aria-hidden=\"true\" class=\"icon-li\"><\/i><span class=\"sr-only\">Linkedin<\/span><\/a><\/li><\/ul><\/nav><\/div><div class=\"col-12 col-md-11 col-lg-10\"><div class=\"article-text article-quote-text\">\n<h3 class=\"wp-block-heading\" id=\"h-reinventando-el-diseno-de-productos-para-un-crecimiento-sostenible\"><strong>Reinventando el dise\u00f1o de productos para un crecimiento sostenible.<\/strong><\/h3>\n\n\n\n<p>Para reducir de forma significativa las emisiones ambientales, las empresas deben apostar por la disrupci\u00f3n y revolucionar el dise\u00f1o de sus productos. Los impulsores de un mejor desempe\u00f1o en sostenibilidad se encuentran a lo largo de toda la cadena de valor, actuando sobre la eficiencia material y energ\u00e9tica, el uso de materiales de bajo impacto y la aplicaci\u00f3n de principios de circularidad que permiten cerrar los ciclos de materiales. En una era de escasez de recursos, este \u00faltimo enfoque no solo disminuye el impacto ambiental de los productos, sino que tambi\u00e9n fortalece el negocio y su resiliencia.<\/p>\n\n\n\n<p>Dise\u00f1ar productos m\u00e1s sostenibles exige adoptar procesos y herramientas de dise\u00f1o innovadores, automatizar la recopilaci\u00f3n y el uso de datos del ciclo de vida del producto, y aprovechar tecnolog\u00edas sostenibles y escalables.<\/p>\n\n\n\n<p>Nuestro enfoque integral ayuda a las empresas a incorporar la sostenibilidad como un motor clave dentro de sus procesos de dise\u00f1o de producto y a obtener impactos positivos tanto en su desempe\u00f1o ambiental como en el crecimiento del negocio, todo ello con rapidez y a gran escala.<\/p>\n\n\n\n<blockquote class=\"wp-block-quote is-layout-flow wp-block-quote-is-layout-flow\">\n<p>&#8220;La transici\u00f3n hacia un dise\u00f1o y una fabricaci\u00f3n de productos impulsados por la sostenibilidad puede parecer un proceso largo, costoso y, por tanto, poco atractivo. Pero aplicar las medidas adecuadas puede aportar beneficios al negocio a largo plazo..&#8221;<\/p>\n<cite>Dorothea Pohlmann, Responsable de negocio &#8211; Productos y servicios sostenibles <\/cite><\/blockquote>\n<\/div><\/div><\/div><\/div><\/div><\/section>\n\n\n\n<section class=\"wp-block-cg-blocks-group undefined section section--article-content\"><div class=\"article-main-content\"><div class=\"container\"><div class=\"row\"><div class=\"col-12 col-md-11 col-lg-10 offset-md-1 offset-lg-1\"><div class=\"article-text article-quote-text\">\n<h2 class=\"wp-block-heading\" id=\"h-como-pueden-los-oem-alcanzar-la-circularidad\">\u00bfC\u00f3mo pueden los OEM alcanzar la circularidad?<\/h2>\n\n\n\n<p>Cl\u00e9ment Chenut, experto en econom\u00eda circular del Group Sustainability Accelerator de Capgemini Invent, destaca un enorme abanico de oportunidades para los OEM dentro de la econom\u00eda circular. Hasta ahora, la mayor\u00eda de los esfuerzos en sostenibilidad se han centrado en la parte inicial de la cadena de valor: el suministro de materias primas y la producci\u00f3n de bater\u00edas. Pero Cl\u00e9ment se\u00f1ala con entusiasmo el potencial a\u00fan sin explotar que existe entre el final de la vida \u00fatil y el reciclaje de los veh\u00edculos.<\/p>\n<\/div><\/div><\/div><\/div><\/div><\/section>\n\n\n\n<section class=\"wp-block-cg-blocks-intro-para-video section section--info-2cols section--insights section-video \"><div class=\"bg-color video-align-right\"><div class=\"container\"><div class=\"row video-align-left\"><div class=\"col-md-12\"><div class=\"video-align-left row box box--4 box--mini\"><div class=\"col-md-3\"><h3 class=\"Video-title\" data-maxlength=\"34\"><\/h3><div class=\"video-info\"><p data-maxlength=\"68\"><\/p><\/div><\/div><div class=\"col-md-8 box-img-wrapper\"><div class=\"video-box\"><div class=\"video-wrapper\"><iframe title=\"video-section\" src=\"https:\/\/www.youtube.com\/embed\/Gz_5OUzko4g?rel=0&amp;modestbranding=1&amp;playsinline=1&amp;enablejsapi=1\" frameborder=\"0\" allow=\"accelerometer; autoplay; clipboard-write; encrypted-media; gyroscope; picture-in-picture\" allowfullscreen loading=\"lazy\" referrerpolicy=\"strict-origin-when-cross-origin\"><\/iframe><\/div><\/div><\/div><div class=\"col-md-1\"><\/div><\/div><\/div><\/div><\/div><\/div><\/section>\n\n\n<section class=\"latest-insights layout-even layout-even-all-purple-cards \"><div class=\"container\"><div class=\"insight-title\"><h2 class=\"latest-insight-title\">Investigaci\u00f3n e informes<\/h2><\/div><div class=\"layout-two-card cards-normal\">\n                                <div class=\"row align-items-center\"><div class=\"card-image-wrapper\">\n                                <div class=\"card-image\" data-image-url=\"https:\/\/www.capgemini.com\/es-es\/investigacion\/biblioteca-de-investigacion\/no-hay-planeta-b-preservacion-recursos-naturales-globales-con-economia-circular\/\">\n\t\t\t\t\t\t\t\t\t\t\t\t\t\t\t\t\t<picture>\n\t\t\t\t\t\t\t\t\t\t\t\t\t\t\t\t\t\t\t<source srcset=\"https:\/\/www.capgemini.com\/wp-content\/uploads\/2023\/08\/Circular-Economy-Pov-web-banner.jpg?w=800&#038;quality=70 1x, https:\/\/www.capgemini.com\/wp-content\/uploads\/2023\/08\/Circular-Economy-Pov-web-banner.jpg?w=800&#038;quality=70 2x\"\n\t\t\t\t\t\t\t\t\t\t\t\t\t\t\t\t\t\t\t\t\tmedia=\"(min-width: 1500px)\"\/>\n\t\t\t\t\t\t\t\t\t\t\t\t\t\t\t\t\t\t\t\t\t<source srcset=\"https:\/\/www.capgemini.com\/wp-content\/uploads\/2023\/08\/Circular-Economy-Pov-web-banner.jpg?w=800&#038;quality=70 1x, https:\/\/www.capgemini.com\/wp-content\/uploads\/2023\/08\/Circular-Economy-Pov-web-banner.jpg?w=800&#038;quality=70 2x\"\n\t\t\t\t\t\t\t\t\t\t\t\t\t\t\t\t\t\t\t\t\t\t\t\t\tmedia=\"(min-width: 992px)\"\/>\n\t\t\t\t\t\t\t\t\t\t\t\t\t\t\t\t\t\t\t\t\t<source srcset=\"https:\/\/www.capgemini.com\/wp-content\/uploads\/2023\/08\/Circular-Economy-Pov-web-banner.jpg?w=800&#038;quality=70 1x, https:\/\/www.capgemini.com\/wp-content\/uploads\/2023\/08\/Circular-Economy-Pov-web-banner.jpg?w=800&#038;quality=70 2x\"\n\t\t\t\t\t\t\t\t\t\t\t\t\t\t\t\t\t\t\t\t\t\t\t\t\tmedia=\"(min-width: 768px)\"\/>\n\t\t\t\t\t\t\t\t\t\t\t\t\t\t\t\t\t\t\t\t\t<source srcset=\"https:\/\/www.capgemini.com\/wp-content\/uploads\/2023\/08\/Circular-Economy-Pov-web-banner.jpg?w=350&#038;quality=70 1x, https:\/\/www.capgemini.com\/wp-content\/uploads\/2023\/08\/Circular-Economy-Pov-web-banner.jpg?w=700&#038;quality=70 2x\"\n\t\t\t\t\t\t\t\t\t\t\t\t\t\t\t\t\t\t\t\t\t\t\t\t\tmedia=\"(min-width: 0)\"\/>\n\t\t\t\t\t\t\t\t\t\t\t\t\t\t\t\t\t\t\t\t\t<img decoding=\"async\" loading=\"lazy\" src=\"https:\/\/www.capgemini.com\/wp-content\/uploads\/2023\/08\/Circular-Economy-Pov-web-banner.jpg\" alt=\"\" style=\"object-position: 50% 50%; object-fit: cover;\">\n\t\t\t\t\t\t\t\t\t\t\t\t\t\t\t\t\t\t<\/picture>\n                                <\/div>\n                            <\/div><div class=\"col-12 col-lg-4 d-md-none d-lg-block\"><\/div><div class=\"col-12 col-md-6 col-lg-4\">\n                           <a href=\"https:\/\/www.capgemini.com\/es-es\/investigacion\/biblioteca-de-investigacion\/no-hay-planeta-b-preservacion-recursos-naturales-globales-con-economia-circular\/\" aria-label=\"No hay planeta B: preservaci\u00f3n de los recursos naturales globales con econom\u00eda circular\" class=\"card-link-holder\">\n                            <div class=\"insight-card insight-card-center\">\n                                <div class=\"card-tag\">Point of view<\/div>\n                                <h3 class=\"card-title\">No hay planeta B: preservaci\u00f3n de los recursos naturales globales con econom\u00eda circular<\/h3>\n                                <div class=\"insight-card-footer\">\n                                    <img decoding=\"async\" loading=\"lazy\" src=\"\" alt=\"\" class=\"light\">\n\t\t\t\t\t\t\t\t\t<img decoding=\"async\" loading=\"lazy\" src=\"\" alt=\"\" class=\"dark\">\n                                <\/div>\n                            <\/div>\n                            <\/a>\n                        <\/div>\n                    <div class=\"col-12 col-md-6 col-lg-4\">\n                            <a href=\"https:\/\/www.capgemini.com\/es-es\/investigacion\/biblioteca-de-investigacion\/reflexiona-por-que-el-diseno-de-productos-sostenibles-es-la-necesidad-del-momento\/\" aria-label=\"Reflexiona: Por qu\u00e9 el dise\u00f1o de productos sostenibles es la necesidad del momento\" class=\"card-link-holder\">\n                            <div class=\"insight-card insight-card-start\">\n                                <div class=\"card-tag\">Report<\/div>\n                                <h3 class=\"card-title\">Reflexiona: Por qu\u00e9 el dise\u00f1o de productos sostenibles es la necesidad del momento<\/h3>\n                                <div class=\"insight-card-footer\">\n                                    <img decoding=\"async\" loading=\"lazy\" src=\"https:\/\/www.capgemini.com\/es-es\/wp-content\/themes\/capgemini2025\/assets\/images\/capgemini-research-institute-white.svg\" alt=\"capgemini-research-institute\" class=\"light\">\n                                    <img decoding=\"async\" loading=\"lazy\" src=\"https:\/\/www.capgemini.com\/es-es\/wp-content\/themes\/capgemini2025\/assets\/images\/capgemini-research-institute-white.svg\" alt=\"capgemini-research-institute\" class=\"dark\">\n                                <\/div>\n                            <\/div>\n                            <\/a>\n                        <\/div>\n                    <\/div>\n                    <\/div><\/div><\/section>","protected":false},"excerpt":{"rendered":"<p>Reinventando el dise\u00f1o de productos para un crecimiento sostenible.<\/p>\n","protected":false},"author":81,"featured_media":579170,"parent":537594,"menu_order":0,"comment_status":"closed","ping_status":"closed","template":"","meta":{"cg_dt_proposed_to":[],"cg_seo_hreflang_relations":"[]","cg_seo_canonical_relation":"","cg_seo_hreflang_x_default_relation":"{\"uuid\":\"9c55044f-89f0-4bf8-86fd-8abec8516885\",\"blogId\":\"1\",\"domain\":\"www.capgemini.com\",\"sitePath\":\"\/\",\"postLink\":\"https:\/\/www.capgemini.com\/solutions\/sustainable-products-and-services\/\",\"postId\":954506,\"isSaved\":true,\"isCrossLink\":false,\"hasCrossLink\":false,\"isEnabled\":true}","cg_dt_approved_content":true,"cg_dt_mandatory_content":false,"cg_dt_notes":"","cg_dg_source_changed":true,"cg_dt_link_disabled":false,"_yoast_wpseo_primary_brand":"","footnotes":"","featured_focal_points":"","partner_card_description":"","gsap_animation":0},"brand":[],"partner_type":[],"service":[135],"industry":[],"partners":[],"page-type":[339],"content-group":[],"class_list":["post-579169","page","type-page","status-publish","has-post-thumbnail","hentry","service-sustainability","page-type-solutions"],"yoast_head":"<!-- This site is optimized with the Yoast SEO Premium plugin v22.8 (Yoast SEO v22.8) - https:\/\/yoast.com\/wordpress\/plugins\/seo\/ -->\n<title>Productos y servicios sostenibles - Capgemini Spain<\/title>\n<meta name=\"description\" content=\"Reinventando el dise\u00f1o de productos para un crecimiento sostenible.\" \/>\n<meta name=\"robots\" content=\"index, follow, max-snippet:-1, max-image-preview:large, max-video-preview:-1\" \/>\n<link rel=\"canonical\" href=\"https:\/\/www.capgemini.com\/es-es\/soluciones\/productos-y-servicios-sostenibles\/\" \/>\n<meta property=\"og:locale\" content=\"es_ES\" \/>\n<meta property=\"og:type\" content=\"article\" \/>\n<meta property=\"og:title\" content=\"Productos y servicios sostenibles\" \/>\n<meta property=\"og:description\" content=\"Reinventando el dise\u00f1o de productos para un crecimiento sostenible.\" \/>\n<meta property=\"og:url\" content=\"https:\/\/www.capgemini.com\/es-es\/soluciones\/productos-y-servicios-sostenibles\/\" \/>\n<meta property=\"og:site_name\" content=\"Capgemini Spain\" \/>\n<meta property=\"article:modified_time\" content=\"2026-02-12T15:36:34+00:00\" \/>\n<meta property=\"og:image\" content=\"https:\/\/www.capgemini.com\/es-es\/wp-content\/uploads\/sites\/16\/2025\/10\/New-Web-preview-global.jpg\" \/>\n\t<meta property=\"og:image:width\" content=\"1200\" \/>\n\t<meta property=\"og:image:height\" content=\"627\" \/>\n\t<meta property=\"og:image:type\" content=\"image\/jpeg\" \/>\n<meta name=\"twitter:card\" content=\"summary_large_image\" \/>\n<meta name=\"twitter:label1\" content=\"Est. reading time\" \/>\n\t<meta name=\"twitter:data1\" content=\"2 minutes\" \/>\n<script type=\"application\/ld+json\" class=\"yoast-schema-graph\">{\"@context\":\"https:\/\/schema.org\",\"@graph\":[{\"@type\":\"WebPage\",\"@id\":\"https:\/\/www.capgemini.com\/es-es\/soluciones\/productos-y-servicios-sostenibles\/\",\"url\":\"https:\/\/www.capgemini.com\/es-es\/soluciones\/productos-y-servicios-sostenibles\/\",\"name\":\"Productos y servicios sostenibles - Capgemini Spain\",\"isPartOf\":{\"@id\":\"https:\/\/www.capgemini.com\/es-es\/#website\"},\"primaryImageOfPage\":{\"@id\":\"https:\/\/www.capgemini.com\/es-es\/soluciones\/productos-y-servicios-sostenibles\/#primaryimage\"},\"image\":{\"@id\":\"https:\/\/www.capgemini.com\/es-es\/soluciones\/productos-y-servicios-sostenibles\/#primaryimage\"},\"thumbnailUrl\":\"https:\/\/www.capgemini.com\/es-es\/wp-content\/uploads\/sites\/16\/2026\/02\/Capture-decran-2023-09-14-a-15.51.34.png\",\"datePublished\":\"2026-02-12T15:36:31+00:00\",\"dateModified\":\"2026-02-12T15:36:34+00:00\",\"description\":\"Reinventando el dise\u00f1o de productos para un crecimiento sostenible.\",\"breadcrumb\":{\"@id\":\"https:\/\/www.capgemini.com\/es-es\/soluciones\/productos-y-servicios-sostenibles\/#breadcrumb\"},\"inLanguage\":\"es-ES\",\"potentialAction\":[{\"@type\":\"ReadAction\",\"target\":[\"https:\/\/www.capgemini.com\/es-es\/soluciones\/productos-y-servicios-sostenibles\/\"]}]},{\"@type\":\"ImageObject\",\"inLanguage\":\"es-ES\",\"@id\":\"https:\/\/www.capgemini.com\/es-es\/soluciones\/productos-y-servicios-sostenibles\/#primaryimage\",\"url\":\"https:\/\/www.capgemini.com\/es-es\/wp-content\/uploads\/sites\/16\/2026\/02\/Capture-decran-2023-09-14-a-15.51.34.png\",\"contentUrl\":\"https:\/\/www.capgemini.com\/es-es\/wp-content\/uploads\/sites\/16\/2026\/02\/Capture-decran-2023-09-14-a-15.51.34.png\",\"width\":1510,\"height\":912},{\"@type\":\"BreadcrumbList\",\"@id\":\"https:\/\/www.capgemini.com\/es-es\/soluciones\/productos-y-servicios-sostenibles\/#breadcrumb\",\"itemListElement\":[{\"@type\":\"ListItem\",\"position\":1,\"name\":\"Home\",\"item\":\"https:\/\/www.capgemini.com\/es-es\/\"},{\"@type\":\"ListItem\",\"position\":2,\"name\":\"Soluciones\",\"item\":\"https:\/\/www.capgemini.com\/es-es\/soluciones\/\"},{\"@type\":\"ListItem\",\"position\":3,\"name\":\"Productos y servicios sostenibles\"}]},{\"@type\":\"WebSite\",\"@id\":\"https:\/\/www.capgemini.com\/es-es\/#website\",\"url\":\"https:\/\/www.capgemini.com\/es-es\/\",\"name\":\"Capgemini Espa\u00f1a\",\"description\":\"Capgemini\",\"potentialAction\":[{\"@type\":\"SearchAction\",\"target\":{\"@type\":\"EntryPoint\",\"urlTemplate\":\"https:\/\/www.capgemini.com\/es-es\/?s={search_term_string}\"},\"query-input\":\"required name=search_term_string\"}],\"inLanguage\":\"es-ES\"}]}<\/script>\n<!-- \/ Yoast SEO Premium plugin. -->","yoast_head_json":{"title":"Productos y servicios sostenibles - Capgemini Spain","description":"Reinventando el dise\u00f1o de productos para un crecimiento sostenible.","robots":{"index":"index","follow":"follow","max-snippet":"max-snippet:-1","max-image-preview":"max-image-preview:large","max-video-preview":"max-video-preview:-1"},"canonical":"https:\/\/www.capgemini.com\/es-es\/soluciones\/productos-y-servicios-sostenibles\/","og_locale":"es_ES","og_type":"article","og_title":"Productos y servicios sostenibles","og_description":"Reinventando el dise\u00f1o de productos para un crecimiento sostenible.","og_url":"https:\/\/www.capgemini.com\/es-es\/soluciones\/productos-y-servicios-sostenibles\/","og_site_name":"Capgemini Spain","article_modified_time":"2026-02-12T15:36:34+00:00","og_image":[{"width":1200,"height":627,"url":"https:\/\/www.capgemini.com\/es-es\/wp-content\/uploads\/sites\/16\/2025\/10\/New-Web-preview-global.jpg","type":"image\/jpeg"}],"twitter_card":"summary_large_image","twitter_misc":{"Est. reading time":"2 minutes"},"schema":{"@context":"https:\/\/schema.org","@graph":[{"@type":"WebPage","@id":"https:\/\/www.capgemini.com\/es-es\/soluciones\/productos-y-servicios-sostenibles\/","url":"https:\/\/www.capgemini.com\/es-es\/soluciones\/productos-y-servicios-sostenibles\/","name":"Productos y servicios sostenibles - Capgemini Spain","isPartOf":{"@id":"https:\/\/www.capgemini.com\/es-es\/#website"},"primaryImageOfPage":{"@id":"https:\/\/www.capgemini.com\/es-es\/soluciones\/productos-y-servicios-sostenibles\/#primaryimage"},"image":{"@id":"https:\/\/www.capgemini.com\/es-es\/soluciones\/productos-y-servicios-sostenibles\/#primaryimage"},"thumbnailUrl":"https:\/\/www.capgemini.com\/es-es\/wp-content\/uploads\/sites\/16\/2026\/02\/Capture-decran-2023-09-14-a-15.51.34.png","datePublished":"2026-02-12T15:36:31+00:00","dateModified":"2026-02-12T15:36:34+00:00","description":"Reinventando el dise\u00f1o de productos para un crecimiento sostenible.","breadcrumb":{"@id":"https:\/\/www.capgemini.com\/es-es\/soluciones\/productos-y-servicios-sostenibles\/#breadcrumb"},"inLanguage":"es-ES","potentialAction":[{"@type":"ReadAction","target":["https:\/\/www.capgemini.com\/es-es\/soluciones\/productos-y-servicios-sostenibles\/"]}]},{"@type":"ImageObject","inLanguage":"es-ES","@id":"https:\/\/www.capgemini.com\/es-es\/soluciones\/productos-y-servicios-sostenibles\/#primaryimage","url":"https:\/\/www.capgemini.com\/es-es\/wp-content\/uploads\/sites\/16\/2026\/02\/Capture-decran-2023-09-14-a-15.51.34.png","contentUrl":"https:\/\/www.capgemini.com\/es-es\/wp-content\/uploads\/sites\/16\/2026\/02\/Capture-decran-2023-09-14-a-15.51.34.png","width":1510,"height":912},{"@type":"BreadcrumbList","@id":"https:\/\/www.capgemini.com\/es-es\/soluciones\/productos-y-servicios-sostenibles\/#breadcrumb","itemListElement":[{"@type":"ListItem","position":1,"name":"Home","item":"https:\/\/www.capgemini.com\/es-es\/"},{"@type":"ListItem","position":2,"name":"Soluciones","item":"https:\/\/www.capgemini.com\/es-es\/soluciones\/"},{"@type":"ListItem","position":3,"name":"Productos y servicios sostenibles"}]},{"@type":"WebSite","@id":"https:\/\/www.capgemini.com\/es-es\/#website","url":"https:\/\/www.capgemini.com\/es-es\/","name":"Capgemini Espa\u00f1a","description":"Capgemini","potentialAction":[{"@type":"SearchAction","target":{"@type":"EntryPoint","urlTemplate":"https:\/\/www.capgemini.com\/es-es\/?s={search_term_string}"},"query-input":"required name=search_term_string"}],"inLanguage":"es-ES"}]}},"brand_term":[],"parsely":{"version":"1.1.0","canonical_url":"https:\/\/capgemini.com\/es-es\/soluciones\/productos-y-servicios-sostenibles\/","smart_links":{"inbound":0,"outbound":0},"traffic_boost_suggestions_count":0,"meta":{"@context":"https:\/\/schema.org","@type":"WebPage","headline":"Productos y servicios sostenibles","url":"https:\/\/www.capgemini.com\/es-es\/soluciones\/productos-y-servicios-sostenibles\/","mainEntityOfPage":{"@type":"WebPage","@id":"https:\/\/www.capgemini.com\/es-es\/soluciones\/productos-y-servicios-sostenibles\/"},"thumbnailUrl":"https:\/\/www.capgemini.com\/es-es\/wp-content\/uploads\/sites\/16\/2026\/02\/Capture-decran-2023-09-14-a-15.51.34.png?w=150&h=150&crop=1","image":{"@type":"ImageObject","url":"https:\/\/www.capgemini.com\/es-es\/wp-content\/uploads\/sites\/16\/2026\/02\/Capture-decran-2023-09-14-a-15.51.34.png"},"articleSection":"Uncategorized","author":[],"creator":[],"publisher":{"@type":"Organization","name":"Capgemini Spain","logo":""},"keywords":[],"dateCreated":"2026-02-12T15:36:31Z","datePublished":"2026-02-12T15:36:31Z","dateModified":"2026-02-12T15:36:34Z"},"rendered":"<meta name=\"parsely-title\" content=\"Productos y servicios sostenibles\" \/>\n<meta name=\"parsely-link\" content=\"https:\/\/www.capgemini.com\/es-es\/soluciones\/productos-y-servicios-sostenibles\/\" \/>\n<meta name=\"parsely-type\" content=\"index\" \/>\n<meta name=\"parsely-image-url\" content=\"https:\/\/www.capgemini.com\/es-es\/wp-content\/uploads\/sites\/16\/2026\/02\/Capture-decran-2023-09-14-a-15.51.34.png?w=150&amp;h=150&amp;crop=1\" \/>\n<meta name=\"parsely-pub-date\" content=\"2026-02-12T15:36:31Z\" \/>\n<meta name=\"parsely-section\" content=\"Uncategorized\" \/>","tracker_url":"https:\/\/cdn.parsely.com\/keys\/capgemini.com\/p.js"},"archive_status":false,"featured_image_src":"https:\/\/www.capgemini.com\/es-es\/wp-content\/uploads\/sites\/16\/2026\/02\/Capture-decran-2023-09-14-a-15.51.34.png","featured_image_alt":"","jetpack_sharing_enabled":true,"distributor_meta":false,"distributor_terms":false,"distributor_media":false,"distributor_original_site_name":"Capgemini Spain","distributor_original_site_url":"https:\/\/www.capgemini.com\/es-es","push-errors":false,"_links":{"self":[{"href":"https:\/\/www.capgemini.com\/es-es\/wp-json\/wp\/v2\/pages\/579169","targetHints":{"allow":["GET"]}}],"collection":[{"href":"https:\/\/www.capgemini.com\/es-es\/wp-json\/wp\/v2\/pages"}],"about":[{"href":"https:\/\/www.capgemini.com\/es-es\/wp-json\/wp\/v2\/types\/page"}],"author":[{"embeddable":true,"href":"https:\/\/www.capgemini.com\/es-es\/wp-json\/wp\/v2\/users\/81"}],"replies":[{"embeddable":true,"href":"https:\/\/www.capgemini.com\/es-es\/wp-json\/wp\/v2\/comments?post=579169"}],"version-history":[{"count":1,"href":"https:\/\/www.capgemini.com\/es-es\/wp-json\/wp\/v2\/pages\/579169\/revisions"}],"predecessor-version":[{"id":579181,"href":"https:\/\/www.capgemini.com\/es-es\/wp-json\/wp\/v2\/pages\/579169\/revisions\/579181"}],"up":[{"embeddable":true,"href":"https:\/\/www.capgemini.com\/es-es\/wp-json\/wp\/v2\/pages\/537594"}],"wp:featuredmedia":[{"embeddable":true,"href":"https:\/\/www.capgemini.com\/es-es\/wp-json\/wp\/v2\/media\/579170"}],"wp:attachment":[{"href":"https:\/\/www.capgemini.com\/es-es\/wp-json\/wp\/v2\/media?parent=579169"}],"wp:term":[{"taxonomy":"brand","embeddable":true,"href":"https:\/\/www.capgemini.com\/es-es\/wp-json\/wp\/v2\/brand?post=579169"},{"taxonomy":"partner_type","embeddable":true,"href":"https:\/\/www.capgemini.com\/es-es\/wp-json\/wp\/v2\/partner_type?post=579169"},{"taxonomy":"service","embeddable":true,"href":"https:\/\/www.capgemini.com\/es-es\/wp-json\/wp\/v2\/service?post=579169"},{"taxonomy":"industry","embeddable":true,"href":"https:\/\/www.capgemini.com\/es-es\/wp-json\/wp\/v2\/industry?post=579169"},{"taxonomy":"partners","embeddable":true,"href":"https:\/\/www.capgemini.com\/es-es\/wp-json\/wp\/v2\/partners?post=579169"},{"taxonomy":"page-type","embeddable":true,"href":"https:\/\/www.capgemini.com\/es-es\/wp-json\/wp\/v2\/page-type?post=579169"},{"taxonomy":"content-group","embeddable":true,"href":"https:\/\/www.capgemini.com\/es-es\/wp-json\/wp\/v2\/content-group?post=579169"}],"curies":[{"name":"wp","href":"https:\/\/api.w.org\/{rel}","templated":true}]}}