{"id":573141,"date":"2025-05-26T11:38:52","date_gmt":"2025-05-26T09:38:52","guid":{"rendered":"https:\/\/www.capgemini.com\/es-es\/?page_id=573141&#038;preview_id=573141"},"modified":"2025-12-04T18:05:31","modified_gmt":"2025-12-04T17:05:31","slug":"captura-uso-almacenamiento-carbono","status":"publish","type":"page","link":"https:\/\/www.capgemini.com\/es-es\/sectores\/energia-y-utilities\/energia-integrada\/captura-uso-almacenamiento-carbono\/","title":{"rendered":"Captura, uso y almacenamiento de carbono"},"content":{"rendered":"\n<div class=\"wp-block-cg-blocks-hero-picture-card undefined  heroPictureCard\"><div class=\"heroPictureCardBgs\"><picture><source srcset=\"https:\/\/www.capgemini.com\/wp-content\/uploads\/2025\/02\/Carbon-capture-utilization-and-storage-web-banner.jpg?w=2880&amp;quality=70 1x, https:\/\/www.capgemini.com\/wp-content\/uploads\/2025\/02\/Carbon-capture-utilization-and-storage-web-banner.jpg?w=2880&amp;quality=70 2x\" media=\"(min-width: 1500px)\"\/><source srcset=\"https:\/\/www.capgemini.com\/wp-content\/uploads\/2025\/02\/Carbon-capture-utilization-and-storage-web-banner.jpg?w=1440&amp;quality=70 1x, https:\/\/www.capgemini.com\/wp-content\/uploads\/2025\/02\/Carbon-capture-utilization-and-storage-web-banner.jpg?w=2880&amp;quality=70 2x\" media=\"(min-width: 992px)\"\/><source srcset=\"https:\/\/www.capgemini.com\/wp-content\/uploads\/2025\/02\/Carbon-capture-utilization-and-storage-web-banner.jpg?w=1024&amp;quality=70 1x, https:\/\/www.capgemini.com\/wp-content\/uploads\/2025\/02\/Carbon-capture-utilization-and-storage-web-banner.jpg?w=1024&amp;quality=70 2x\" media=\"(min-width: 768px)\"\/><source srcset=\"https:\/\/www.capgemini.com\/wp-content\/uploads\/2025\/02\/Carbon-capture-utilization-and-storage-web-banner.jpg?w=768&amp;quality=70 1x, https:\/\/www.capgemini.com\/wp-content\/uploads\/2025\/02\/Carbon-capture-utilization-and-storage-web-banner.jpg?w=768&amp;quality=70 2x\" media=\"(min-width: 0)\"\/><img decoding=\"async\" src=\"https:\/\/www.capgemini.com\/wp-content\/uploads\/2025\/02\/Carbon-capture-utilization-and-storage-web-banner.jpg\" class=\"desktopImage\" alt=\"\" style=\"object-fit:cover;object-position:48% 47%\" loading=\"eager\"\/><\/picture><picture><source srcset=\"https:\/\/www.capgemini.com\/wp-content\/uploads\/2025\/02\/Carbon-capture-utilization-and-storage-web-banner.jpg?w=2880&amp;quality=70 1x, https:\/\/www.capgemini.com\/wp-content\/uploads\/2025\/02\/Carbon-capture-utilization-and-storage-web-banner.jpg?w=2880&amp;quality=70 2x\" media=\"(min-width: 1500px)\"\/><source srcset=\"https:\/\/www.capgemini.com\/wp-content\/uploads\/2025\/02\/Carbon-capture-utilization-and-storage-web-banner.jpg?w=1440&amp;quality=70 1x, https:\/\/www.capgemini.com\/wp-content\/uploads\/2025\/02\/Carbon-capture-utilization-and-storage-web-banner.jpg?w=2880&amp;quality=70 2x\" media=\"(min-width: 992px)\"\/><source srcset=\"https:\/\/www.capgemini.com\/wp-content\/uploads\/2025\/02\/Carbon-capture-utilization-and-storage-web-banner.jpg?w=1024&amp;quality=70 1x, https:\/\/www.capgemini.com\/wp-content\/uploads\/2025\/02\/Carbon-capture-utilization-and-storage-web-banner.jpg?w=1024&amp;quality=70 2x\" media=\"(min-width: 768px)\"\/><source srcset=\"https:\/\/www.capgemini.com\/wp-content\/uploads\/2025\/02\/Carbon-capture-utilization-and-storage-web-banner.jpg?w=768&amp;quality=70 1x, https:\/\/www.capgemini.com\/wp-content\/uploads\/2025\/02\/Carbon-capture-utilization-and-storage-web-banner.jpg?w=768&amp;quality=70 2x\" media=\"(min-width: 0)\"\/><img decoding=\"async\" src=\"https:\/\/www.capgemini.com\/wp-content\/uploads\/2025\/02\/Carbon-capture-utilization-and-storage-web-banner.jpg\" class=\"mobileImage\" alt=\"\" style=\"object-fit:cover;object-position:48% 47%\" loading=\"eager\"\/><\/picture><\/div><div class=\"heroPictureCardHeaderShape\"><\/div><div class=\"container\"><div class=\"row\"><div class=\"col-md-8 col-lg-6\"><div class=\"heroPictureCardBox\"><div class=\"heroPictureCardBoxTitle\"><h1 data-maxlength=\"144\">Captura, uso y almacenamiento de carbono<\/h1><\/div><\/div><\/div><\/div><\/div><div class=\"small-device\"><div class=\"brandLogoWrapper\"> <\/div><\/div><\/div>\n\n\n\n<section class=\"wp-block-cg-blocks-group undefined section section--article-content\"><div class=\"article-main-content\"><div class=\"container\"><div class=\"row\"><div class=\"col-12 col-md-1\"><nav class=\"article-social\"><ul class=\"social-nav\"><li class=\"ip-order-fb\"><a href=\"https:\/\/www.facebook.com\/sharer\/sharer.php?u=https:\/\/www.capgemini.com\/?page_id=1089218\" target=\"_blank\" rel=\"noopener noreferrer\" title=\"abrir en una nueva ventana\"><i aria-hidden=\"true\" class=\"icon-fb\"><\/i><span class=\"sr-only\">Facebook<\/span><\/a><\/li><li class=\"ip-order-li\"><a href=\"https:\/\/www.linkedin.com\/shareArticle?url=https:\/\/www.capgemini.com\/?page_id=1089218\" target=\"_blank\" rel=\"noopener noreferrer\" title=\"abrir en una nueva ventana\"><i aria-hidden=\"true\" class=\"icon-li\"><\/i><span class=\"sr-only\">Linkedin<\/span><\/a><\/li><\/ul><\/nav><\/div><div class=\"col-12 col-md-11 col-lg-10\"><div class=\"article-text article-quote-text\">\n<h3 class=\"wp-block-heading\" id=\"h-te-ayudamos-a-optimizar-las-oportunidades-en-todo-el-espectro-del-ccus\">Te ayudamos a optimizar las oportunidades en todo el espectro del CCUS<br><\/h3>\n\n\n\n<p>Para la industria energ\u00e9tica, la captura, utilizaci\u00f3n y almacenamiento de carbono (CCUS) es crucial en estos momentos. Para los proveedores de energ\u00eda en particular, la capacidad de capturar eficazmente el carbono sin generar a\u00fan m\u00e1s emisiones es una parte importante del rompecabezas de la reducci\u00f3n de emisiones.<\/p>\n\n\n\n<p>La l\u00f3gica es simple. No estamos avanzando lo suficiente en la reducci\u00f3n de las emisiones de carbono que amplifican el calentamiento global. Por ello, muchos actores de m\u00faltiples sectores, incluidos los proveedores de energ\u00eda, se centran en capturar el carbono que producen en origen. A partir de ah\u00ed, Capgemini puede ayudar a identificar el plan de captura de carbono adecuado.<\/p>\n\n\n\n<p>Actualmente, estamos activos en todo el espectro de CCUS. Ayudamos a algunos proveedores de energ\u00eda a desarrollar actividades de CCUS y a otros a implantarlas. Ayudamos a nuestros clientes a ofrecer CCUS como servicio. Y contribuimos al desarrollo de nuevas tecnolog\u00edas CCUS con nuestra experiencia en ingenier\u00eda y dise\u00f1o.<\/p>\n\n\n\n<p>Como organizaci\u00f3n digital, Capgemini permite y apoya a las organizaciones impulsadas por datos fundamentales en el desarrollo de la industria inteligente. Capgemini entiende los retos y oportunidades de CCUS. Tenemos experiencia en la creaci\u00f3n de gemelos digitales para ayudarte a comprender d\u00f3nde est\u00e1n los riesgos. E identificar y optimizar oportunidades en integraci\u00f3n de sistemas, ciberseguridad e IA.<\/p>\n<\/div><\/div><\/div><\/div><\/div><\/section>\n\n\n\n<section class=\"wp-block-cg-blocks-how-we-do-it section section--howwedoit block-howwedoit\"><div class=\"container\"><div><div class=\"content-title\"><h2 data-maxlength=\"72\" class=\"expandable-heading-tag\">\u00c1reas de inter\u00e9s<\/h2><\/div><p><\/p><\/div><div class=\"section-content\">\n<div class=\"wp-block-cg-blocks-card-howwedoit expanders\"><div class=\"box card-regulated-agreements card-howwedoit\"><div class=\"expander-box filter-box tag-active opened\"><div class=\"expander-title\" tabindex=\"0\" role=\"button\" aria-pressed=\"true\" aria-expanded=\"true\"><h3 class=\"expander-heading-title\">\u00bfCu\u00e1les son tus planes para CCUS?<\/h3><\/div><div class=\"expander-content\"><p>Para proveedores de energ\u00eda que explotan refiner\u00edas, o en industrias pesadas en carbono como la qu\u00edmica o la fabricaci\u00f3n de cemento, te ayudaremos a identificar oportunidades clave en CCUS.<br><br>Podemos analizar los casos empresariales adecuados y a decidir qu\u00e9 forma debe adoptar la inversi\u00f3n en captura y almacenamiento de carbono. Podemos evaluar las tecnolog\u00edas disponibles e identificar cu\u00e1les son las mejores y cu\u00e1ndo alcanzar\u00e1n la madurez. Y te ayudaremos con el reto b\u00e1sico, pero esencial, de la captura de carbono. \u00bfC\u00f3mo identificar y capturar las emisiones de carbono en primer lugar?<br><br>Tambi\u00e9n podemos prestar apoyo a las empresas existentes, como los transportistas de gas, a transformarse para prestar servicios CCUS.<\/p><div class=\"bg-color video-align-right\"><div class=\"container\"><div class=\"row video-align-left\"><div class=\"col-md-12\"><div class=\"video-align-left row box box--4 box--mini\"><div class=\"col-md-3\"><\/div><div class=\"col-md-8 box-img-wrapper\"><div class=\"video-box\"><\/div><\/div><\/div><\/div><\/div><\/div><\/div><div class=\"content-more\"><\/div><\/div><\/div><\/div><\/div>\n\n\n\n<div class=\"wp-block-cg-blocks-card-howwedoit expanders\"><div class=\"box card-regulated-agreements card-howwedoit\"><div class=\"expander-box filter-box tag-active \"><div class=\"expander-title\" tabindex=\"0\" role=\"button\" aria-pressed=\"false\" aria-expanded=\"false\"><h3 class=\"expander-heading-title\">\u00bfC\u00f3mo prestar\u00e1s la CCUS como servicio? <\/h3><\/div><div class=\"expander-content\"><p>Si eres proveedor de energ\u00eda, Capgemini puede ayudarte a determinar la mejor manera de ofrecer CCUS como servicio a otros sectores industriales. Por ejemplo, podemos elevar e informar de su trabajo con instalaciones de alto contenido en carbono, como f\u00e1bricas qu\u00edmicas y de cemento, para reducir las emisiones de carbono en origen.<br><br>Como expertos digitales, tenemos experiencia en asesorar a empresas impulsadas por los datos, concretamente en organizaciones CCUS. Somos expertos en crear valor a\u00f1adido aprovechando las enormes cantidades de puntos de datos que proporcionan los sensores industriales y los sistemas de monitorizaci\u00f3n. Nuestras soluciones orquestan esta magnitud de datos utilizando equipos afinados para optimizar las operaciones y evitar fallos.<\/p><div class=\"bg-color video-align-right\"><div class=\"container\"><div class=\"row video-align-left\"><div class=\"col-md-12\"><div class=\"video-align-left row box box--4 box--mini\"><div class=\"col-md-3\"><\/div><div class=\"col-md-8 box-img-wrapper\"><div class=\"video-box\"><\/div><\/div><\/div><\/div><\/div><\/div><\/div><div class=\"content-more\"><\/div><\/div><\/div><\/div><\/div>\n\n\n\n<div class=\"wp-block-cg-blocks-card-howwedoit expanders\"><div class=\"box card-regulated-agreements card-howwedoit\"><div class=\"expander-box filter-box tag-active \"><div class=\"expander-title\" tabindex=\"0\" role=\"button\" aria-pressed=\"false\" aria-expanded=\"false\"><h3 class=\"expander-heading-title\">C\u00f3mo est\u00e1 comprendiendo y contribuyendo Capgemini al desarrollo de nuevas tecnolog\u00edas CCUS?<\/h3><\/div><div class=\"expander-content\"><p>Actualmente existen varias tecnolog\u00edas viables para capturar carbono. Capgemini conoce las tecnolog\u00edas disponibles y tambi\u00e9n contribuye al desarrollo de nuevas tecnolog\u00edas CCUS.<br><br>En muchos casos participamos y contribuimos, utilizando nuestros conocimientos de ingenier\u00eda y dise\u00f1o para hacer realidad nuevas tecnolog\u00edas. Capgemini es propietaria de Synapse en Estados Unidos, que dise\u00f1a sensores y soluciones para la captura de carbono. El Centro de Excelencia de Capgemini en Pau (Francia) experimenta activamente con casos de uso de la captura de carbono. Y Capgemini Invent tambi\u00e9n est\u00e1 desarrollando y evaluando estrategias innovadoras de captura de carbono.<\/p><div class=\"bg-color video-align-right\"><div class=\"container\"><div class=\"row video-align-left\"><div class=\"col-md-12\"><div class=\"video-align-left row box box--4 box--mini\"><div class=\"col-md-3\"><\/div><div class=\"col-md-8 box-img-wrapper\"><div class=\"video-box\"><\/div><\/div><\/div><\/div><\/div><\/div><\/div><div class=\"content-more\"><\/div><\/div><\/div><\/div><\/div>\n<\/div><\/div><\/section>\n","protected":false},"excerpt":{"rendered":"<p>Te ayudamos a optimizar las oportunidades en todo el espectro del CCUS.<\/p>\n","protected":false},"author":33,"featured_media":573142,"parent":572218,"menu_order":0,"comment_status":"closed","ping_status":"closed","template":"","meta":{"cg_dt_proposed_to":[],"cg_seo_hreflang_relations":"[]","cg_seo_canonical_relation":"","cg_seo_hreflang_x_default_relation":"{\"uuid\":\"cf7c643e-0db0-4c48-a58b-fa92bf1173d9\",\"blogId\":\"\",\"domain\":\"\",\"sitePath\":\"\",\"postLink\":\"\",\"postId\":null,\"isSaved\":true,\"isCrossLink\":false,\"hasCrossLink\":false}","cg_dt_approved_content":true,"cg_dt_mandatory_content":false,"cg_dt_notes":"","cg_dg_source_changed":true,"cg_dt_link_disabled":false,"_yoast_wpseo_primary_brand":"","footnotes":"","featured_focal_points":"","partner_card_description":"","gsap_animation":0},"brand":[],"partner_type":[],"service":[],"industry":[681],"partners":[],"page-type":[131],"content-group":[],"class_list":["post-573141","page","type-page","status-publish","has-post-thumbnail","hentry","industry-energy","page-type-industry"],"yoast_head":"<!-- This site is optimized with the Yoast SEO Premium plugin v22.8 (Yoast SEO v22.8) - https:\/\/yoast.com\/wordpress\/plugins\/seo\/ -->\n<title>Captura, uso y almacenamiento de carbono - Capgemini Spain<\/title>\n<meta name=\"description\" content=\"Te ayudamos a optimizar las oportunidades en todo el espectro del CCUS.\" \/>\n<meta name=\"robots\" content=\"index, follow, max-snippet:-1, max-image-preview:large, max-video-preview:-1\" \/>\n<link rel=\"canonical\" href=\"https:\/\/www.capgemini.com\/es-es\/sectores\/energia-y-utilities\/energia-integrada\/captura-uso-almacenamiento-carbono\/\" \/>\n<meta property=\"og:locale\" content=\"es_ES\" \/>\n<meta property=\"og:type\" content=\"article\" \/>\n<meta property=\"og:title\" content=\"Captura, uso y almacenamiento de carbono\" \/>\n<meta property=\"og:description\" content=\"Te ayudamos a optimizar las oportunidades en todo el espectro del CCUS.\" \/>\n<meta property=\"og:url\" content=\"https:\/\/www.capgemini.com\/es-es\/sectores\/energia-y-utilities\/energia-integrada\/captura-uso-almacenamiento-carbono\/\" \/>\n<meta property=\"og:site_name\" content=\"Capgemini Spain\" \/>\n<meta property=\"article:modified_time\" content=\"2025-12-04T17:05:31+00:00\" \/>\n<meta property=\"og:image\" content=\"https:\/\/www.capgemini.com\/es-es\/wp-content\/uploads\/sites\/16\/2025\/10\/New-Web-preview-global.jpg\" \/>\n\t<meta property=\"og:image:width\" content=\"1200\" \/>\n\t<meta property=\"og:image:height\" content=\"627\" \/>\n\t<meta property=\"og:image:type\" content=\"image\/jpeg\" \/>\n<meta name=\"twitter:card\" content=\"summary_large_image\" \/>\n<meta name=\"twitter:label1\" content=\"Est. reading time\" \/>\n\t<meta name=\"twitter:data1\" content=\"4 minutes\" \/>\n<script type=\"application\/ld+json\" class=\"yoast-schema-graph\">{\"@context\":\"https:\/\/schema.org\",\"@graph\":[{\"@type\":\"WebPage\",\"@id\":\"https:\/\/www.capgemini.com\/es-es\/sectores\/energia-y-utilities\/energia-integrada\/captura-uso-almacenamiento-carbono\/\",\"url\":\"https:\/\/www.capgemini.com\/es-es\/sectores\/energia-y-utilities\/energia-integrada\/captura-uso-almacenamiento-carbono\/\",\"name\":\"Captura, uso y almacenamiento de carbono - Capgemini Spain\",\"isPartOf\":{\"@id\":\"https:\/\/www.capgemini.com\/es-es\/#website\"},\"primaryImageOfPage\":{\"@id\":\"https:\/\/www.capgemini.com\/es-es\/sectores\/energia-y-utilities\/energia-integrada\/captura-uso-almacenamiento-carbono\/#primaryimage\"},\"image\":{\"@id\":\"https:\/\/www.capgemini.com\/es-es\/sectores\/energia-y-utilities\/energia-integrada\/captura-uso-almacenamiento-carbono\/#primaryimage\"},\"thumbnailUrl\":\"https:\/\/www.capgemini.com\/es-es\/wp-content\/uploads\/sites\/16\/2025\/05\/Carbon-capture-utilization-and-storage-web-banner.jpg\",\"datePublished\":\"2025-05-26T09:38:52+00:00\",\"dateModified\":\"2025-12-04T17:05:31+00:00\",\"description\":\"Te ayudamos a optimizar las oportunidades en todo el espectro del CCUS.\",\"breadcrumb\":{\"@id\":\"https:\/\/www.capgemini.com\/es-es\/sectores\/energia-y-utilities\/energia-integrada\/captura-uso-almacenamiento-carbono\/#breadcrumb\"},\"inLanguage\":\"es-ES\",\"potentialAction\":[{\"@type\":\"ReadAction\",\"target\":[\"https:\/\/www.capgemini.com\/es-es\/sectores\/energia-y-utilities\/energia-integrada\/captura-uso-almacenamiento-carbono\/\"]}]},{\"@type\":\"ImageObject\",\"inLanguage\":\"es-ES\",\"@id\":\"https:\/\/www.capgemini.com\/es-es\/sectores\/energia-y-utilities\/energia-integrada\/captura-uso-almacenamiento-carbono\/#primaryimage\",\"url\":\"https:\/\/www.capgemini.com\/es-es\/wp-content\/uploads\/sites\/16\/2025\/05\/Carbon-capture-utilization-and-storage-web-banner.jpg\",\"contentUrl\":\"https:\/\/www.capgemini.com\/es-es\/wp-content\/uploads\/sites\/16\/2025\/05\/Carbon-capture-utilization-and-storage-web-banner.jpg\",\"width\":2880,\"height\":1800},{\"@type\":\"BreadcrumbList\",\"@id\":\"https:\/\/www.capgemini.com\/es-es\/sectores\/energia-y-utilities\/energia-integrada\/captura-uso-almacenamiento-carbono\/#breadcrumb\",\"itemListElement\":[{\"@type\":\"ListItem\",\"position\":1,\"name\":\"Home\",\"item\":\"https:\/\/www.capgemini.com\/es-es\/\"},{\"@type\":\"ListItem\",\"position\":2,\"name\":\"Sectores\",\"item\":\"https:\/\/www.capgemini.com\/es-es\/sectores\/\"},{\"@type\":\"ListItem\",\"position\":3,\"name\":\"Energ\u00eda y utilities\",\"item\":\"https:\/\/www.capgemini.com\/es-es\/sectores\/energia-y-utilities\/\"},{\"@type\":\"ListItem\",\"position\":4,\"name\":\"Energ\u00eda integrada\",\"item\":\"https:\/\/www.capgemini.com\/es-es\/sectores\/energia-y-utilities\/energia-integrada\/\"},{\"@type\":\"ListItem\",\"position\":5,\"name\":\"Captura, uso y almacenamiento de carbono\"}]},{\"@type\":\"WebSite\",\"@id\":\"https:\/\/www.capgemini.com\/es-es\/#website\",\"url\":\"https:\/\/www.capgemini.com\/es-es\/\",\"name\":\"Capgemini Espa\u00f1a\",\"description\":\"Capgemini\",\"potentialAction\":[{\"@type\":\"SearchAction\",\"target\":{\"@type\":\"EntryPoint\",\"urlTemplate\":\"https:\/\/www.capgemini.com\/es-es\/?s={search_term_string}\"},\"query-input\":\"required name=search_term_string\"}],\"inLanguage\":\"es-ES\"}]}<\/script>\n<!-- \/ Yoast SEO Premium plugin. -->","yoast_head_json":{"title":"Captura, uso y almacenamiento de carbono - Capgemini Spain","description":"Te ayudamos a optimizar las oportunidades en todo el espectro del CCUS.","robots":{"index":"index","follow":"follow","max-snippet":"max-snippet:-1","max-image-preview":"max-image-preview:large","max-video-preview":"max-video-preview:-1"},"canonical":"https:\/\/www.capgemini.com\/es-es\/sectores\/energia-y-utilities\/energia-integrada\/captura-uso-almacenamiento-carbono\/","og_locale":"es_ES","og_type":"article","og_title":"Captura, uso y almacenamiento de carbono","og_description":"Te ayudamos a optimizar las oportunidades en todo el espectro del CCUS.","og_url":"https:\/\/www.capgemini.com\/es-es\/sectores\/energia-y-utilities\/energia-integrada\/captura-uso-almacenamiento-carbono\/","og_site_name":"Capgemini Spain","article_modified_time":"2025-12-04T17:05:31+00:00","og_image":[{"width":1200,"height":627,"url":"https:\/\/www.capgemini.com\/es-es\/wp-content\/uploads\/sites\/16\/2025\/10\/New-Web-preview-global.jpg","type":"image\/jpeg"}],"twitter_card":"summary_large_image","twitter_misc":{"Est. reading time":"4 minutes"},"schema":{"@context":"https:\/\/schema.org","@graph":[{"@type":"WebPage","@id":"https:\/\/www.capgemini.com\/es-es\/sectores\/energia-y-utilities\/energia-integrada\/captura-uso-almacenamiento-carbono\/","url":"https:\/\/www.capgemini.com\/es-es\/sectores\/energia-y-utilities\/energia-integrada\/captura-uso-almacenamiento-carbono\/","name":"Captura, uso y almacenamiento de carbono - Capgemini Spain","isPartOf":{"@id":"https:\/\/www.capgemini.com\/es-es\/#website"},"primaryImageOfPage":{"@id":"https:\/\/www.capgemini.com\/es-es\/sectores\/energia-y-utilities\/energia-integrada\/captura-uso-almacenamiento-carbono\/#primaryimage"},"image":{"@id":"https:\/\/www.capgemini.com\/es-es\/sectores\/energia-y-utilities\/energia-integrada\/captura-uso-almacenamiento-carbono\/#primaryimage"},"thumbnailUrl":"https:\/\/www.capgemini.com\/es-es\/wp-content\/uploads\/sites\/16\/2025\/05\/Carbon-capture-utilization-and-storage-web-banner.jpg","datePublished":"2025-05-26T09:38:52+00:00","dateModified":"2025-12-04T17:05:31+00:00","description":"Te ayudamos a optimizar las oportunidades en todo el espectro del CCUS.","breadcrumb":{"@id":"https:\/\/www.capgemini.com\/es-es\/sectores\/energia-y-utilities\/energia-integrada\/captura-uso-almacenamiento-carbono\/#breadcrumb"},"inLanguage":"es-ES","potentialAction":[{"@type":"ReadAction","target":["https:\/\/www.capgemini.com\/es-es\/sectores\/energia-y-utilities\/energia-integrada\/captura-uso-almacenamiento-carbono\/"]}]},{"@type":"ImageObject","inLanguage":"es-ES","@id":"https:\/\/www.capgemini.com\/es-es\/sectores\/energia-y-utilities\/energia-integrada\/captura-uso-almacenamiento-carbono\/#primaryimage","url":"https:\/\/www.capgemini.com\/es-es\/wp-content\/uploads\/sites\/16\/2025\/05\/Carbon-capture-utilization-and-storage-web-banner.jpg","contentUrl":"https:\/\/www.capgemini.com\/es-es\/wp-content\/uploads\/sites\/16\/2025\/05\/Carbon-capture-utilization-and-storage-web-banner.jpg","width":2880,"height":1800},{"@type":"BreadcrumbList","@id":"https:\/\/www.capgemini.com\/es-es\/sectores\/energia-y-utilities\/energia-integrada\/captura-uso-almacenamiento-carbono\/#breadcrumb","itemListElement":[{"@type":"ListItem","position":1,"name":"Home","item":"https:\/\/www.capgemini.com\/es-es\/"},{"@type":"ListItem","position":2,"name":"Sectores","item":"https:\/\/www.capgemini.com\/es-es\/sectores\/"},{"@type":"ListItem","position":3,"name":"Energ\u00eda y utilities","item":"https:\/\/www.capgemini.com\/es-es\/sectores\/energia-y-utilities\/"},{"@type":"ListItem","position":4,"name":"Energ\u00eda integrada","item":"https:\/\/www.capgemini.com\/es-es\/sectores\/energia-y-utilities\/energia-integrada\/"},{"@type":"ListItem","position":5,"name":"Captura, uso y almacenamiento de carbono"}]},{"@type":"WebSite","@id":"https:\/\/www.capgemini.com\/es-es\/#website","url":"https:\/\/www.capgemini.com\/es-es\/","name":"Capgemini Espa\u00f1a","description":"Capgemini","potentialAction":[{"@type":"SearchAction","target":{"@type":"EntryPoint","urlTemplate":"https:\/\/www.capgemini.com\/es-es\/?s={search_term_string}"},"query-input":"required name=search_term_string"}],"inLanguage":"es-ES"}]}},"brand_term":[],"parsely":{"version":"1.1.0","canonical_url":"https:\/\/capgemini.com\/es-es\/sectores\/energia-y-utilities\/energia-integrada\/captura-uso-almacenamiento-carbono\/","smart_links":{"inbound":0,"outbound":0},"traffic_boost_suggestions_count":0,"meta":{"@context":"https:\/\/schema.org","@type":"WebPage","headline":"Captura, uso y almacenamiento de carbono","url":"https:\/\/www.capgemini.com\/es-es\/sectores\/energia-y-utilities\/energia-integrada\/captura-uso-almacenamiento-carbono\/","mainEntityOfPage":{"@type":"WebPage","@id":"https:\/\/www.capgemini.com\/es-es\/sectores\/energia-y-utilities\/energia-integrada\/captura-uso-almacenamiento-carbono\/"},"thumbnailUrl":"https:\/\/www.capgemini.com\/es-es\/wp-content\/uploads\/sites\/16\/2025\/05\/Carbon-capture-utilization-and-storage-web-banner.jpg?w=150&h=150&crop=1","image":{"@type":"ImageObject","url":"https:\/\/www.capgemini.com\/es-es\/wp-content\/uploads\/sites\/16\/2025\/05\/Carbon-capture-utilization-and-storage-web-banner.jpg"},"articleSection":"Uncategorized","author":[],"creator":[],"publisher":{"@type":"Organization","name":"Capgemini Spain","logo":""},"keywords":[],"dateCreated":"2025-05-26T09:38:52Z","datePublished":"2025-05-26T09:38:52Z","dateModified":"2025-12-04T17:05:31Z"},"rendered":"<meta name=\"parsely-title\" content=\"Captura, uso y almacenamiento de carbono\" \/>\n<meta name=\"parsely-link\" content=\"https:\/\/www.capgemini.com\/es-es\/sectores\/energia-y-utilities\/energia-integrada\/captura-uso-almacenamiento-carbono\/\" \/>\n<meta name=\"parsely-type\" content=\"index\" \/>\n<meta name=\"parsely-image-url\" content=\"https:\/\/www.capgemini.com\/es-es\/wp-content\/uploads\/sites\/16\/2025\/05\/Carbon-capture-utilization-and-storage-web-banner.jpg?w=150&amp;h=150&amp;crop=1\" \/>\n<meta name=\"parsely-pub-date\" content=\"2025-05-26T09:38:52Z\" \/>\n<meta name=\"parsely-section\" content=\"Uncategorized\" \/>","tracker_url":"https:\/\/cdn.parsely.com\/keys\/capgemini.com\/p.js"},"archive_status":false,"featured_image_src":"https:\/\/www.capgemini.com\/es-es\/wp-content\/uploads\/sites\/16\/2025\/05\/Carbon-capture-utilization-and-storage-web-banner.jpg","featured_image_alt":"","jetpack_sharing_enabled":true,"distributor_meta":false,"distributor_terms":false,"distributor_media":false,"distributor_original_site_name":"Capgemini Spain","distributor_original_site_url":"https:\/\/www.capgemini.com\/es-es","push-errors":false,"_links":{"self":[{"href":"https:\/\/www.capgemini.com\/es-es\/wp-json\/wp\/v2\/pages\/573141","targetHints":{"allow":["GET"]}}],"collection":[{"href":"https:\/\/www.capgemini.com\/es-es\/wp-json\/wp\/v2\/pages"}],"about":[{"href":"https:\/\/www.capgemini.com\/es-es\/wp-json\/wp\/v2\/types\/page"}],"author":[{"embeddable":true,"href":"https:\/\/www.capgemini.com\/es-es\/wp-json\/wp\/v2\/users\/33"}],"replies":[{"embeddable":true,"href":"https:\/\/www.capgemini.com\/es-es\/wp-json\/wp\/v2\/comments?post=573141"}],"version-history":[{"count":4,"href":"https:\/\/www.capgemini.com\/es-es\/wp-json\/wp\/v2\/pages\/573141\/revisions"}],"predecessor-version":[{"id":577309,"href":"https:\/\/www.capgemini.com\/es-es\/wp-json\/wp\/v2\/pages\/573141\/revisions\/577309"}],"up":[{"embeddable":true,"href":"https:\/\/www.capgemini.com\/es-es\/wp-json\/wp\/v2\/pages\/572218"}],"wp:featuredmedia":[{"embeddable":true,"href":"https:\/\/www.capgemini.com\/es-es\/wp-json\/wp\/v2\/media\/573142"}],"wp:attachment":[{"href":"https:\/\/www.capgemini.com\/es-es\/wp-json\/wp\/v2\/media?parent=573141"}],"wp:term":[{"taxonomy":"brand","embeddable":true,"href":"https:\/\/www.capgemini.com\/es-es\/wp-json\/wp\/v2\/brand?post=573141"},{"taxonomy":"partner_type","embeddable":true,"href":"https:\/\/www.capgemini.com\/es-es\/wp-json\/wp\/v2\/partner_type?post=573141"},{"taxonomy":"service","embeddable":true,"href":"https:\/\/www.capgemini.com\/es-es\/wp-json\/wp\/v2\/service?post=573141"},{"taxonomy":"industry","embeddable":true,"href":"https:\/\/www.capgemini.com\/es-es\/wp-json\/wp\/v2\/industry?post=573141"},{"taxonomy":"partners","embeddable":true,"href":"https:\/\/www.capgemini.com\/es-es\/wp-json\/wp\/v2\/partners?post=573141"},{"taxonomy":"page-type","embeddable":true,"href":"https:\/\/www.capgemini.com\/es-es\/wp-json\/wp\/v2\/page-type?post=573141"},{"taxonomy":"content-group","embeddable":true,"href":"https:\/\/www.capgemini.com\/es-es\/wp-json\/wp\/v2\/content-group?post=573141"}],"curies":[{"name":"wp","href":"https:\/\/api.w.org\/{rel}","templated":true}]}}