{"id":572526,"date":"2025-05-14T10:12:36","date_gmt":"2025-05-14T08:12:36","guid":{"rendered":"https:\/\/www.capgemini.com\/es-es\/?page_id=572526"},"modified":"2025-05-14T10:12:36","modified_gmt":"2025-05-14T08:12:36","slug":"conectemos","status":"publish","type":"page","link":"https:\/\/www.capgemini.com\/es-es\/conectemos\/","title":{"rendered":"Conectemos"},"content":{"rendered":"\n<div class=\"wp-block-cg-blocks-hero-picture-card undefined  heroPictureCard\"><div class=\"heroPictureCardBgs\"><picture><source srcset=\"https:\/\/www.capgemini.com\/wp-content\/uploads\/2023\/11\/Casey-Coffee-Experience.jpeg?w=2880&amp;quality=70 1x, https:\/\/www.capgemini.com\/wp-content\/uploads\/2023\/11\/Casey-Coffee-Experience.jpeg?w=2880&amp;quality=70 2x\" media=\"(min-width: 1500px)\"\/><source srcset=\"https:\/\/www.capgemini.com\/wp-content\/uploads\/2023\/11\/Casey-Coffee-Experience.jpeg?w=1440&amp;quality=70 1x, https:\/\/www.capgemini.com\/wp-content\/uploads\/2023\/11\/Casey-Coffee-Experience.jpeg?w=2880&amp;quality=70 2x\" media=\"(min-width: 992px)\"\/><source srcset=\"https:\/\/www.capgemini.com\/wp-content\/uploads\/2023\/11\/Casey-Coffee-Experience.jpeg?w=1024&amp;quality=70 1x, https:\/\/www.capgemini.com\/wp-content\/uploads\/2023\/11\/Casey-Coffee-Experience.jpeg?w=1024&amp;quality=70 2x\" media=\"(min-width: 768px)\"\/><source srcset=\"https:\/\/www.capgemini.com\/wp-content\/uploads\/2023\/11\/Casey-Coffee-Experience.jpeg?w=768&amp;quality=70 1x, https:\/\/www.capgemini.com\/wp-content\/uploads\/2023\/11\/Casey-Coffee-Experience.jpeg?w=768&amp;quality=70 2x\" media=\"(min-width: 0)\"\/><img decoding=\"async\" src=\"https:\/\/www.capgemini.com\/wp-content\/uploads\/2023\/11\/Casey-Coffee-Experience.jpeg\" class=\"desktopImage\" alt=\"\" style=\"object-fit:cover;object-position:45% 17%\" loading=\"eager\"\/><\/picture><picture><source srcset=\"https:\/\/www.capgemini.com\/wp-content\/uploads\/2023\/11\/Casey-Coffee-Experience.jpeg?w=2880&amp;quality=70 1x, https:\/\/www.capgemini.com\/wp-content\/uploads\/2023\/11\/Casey-Coffee-Experience.jpeg?w=2880&amp;quality=70 2x\" media=\"(min-width: 1500px)\"\/><source srcset=\"https:\/\/www.capgemini.com\/wp-content\/uploads\/2023\/11\/Casey-Coffee-Experience.jpeg?w=1440&amp;quality=70 1x, https:\/\/www.capgemini.com\/wp-content\/uploads\/2023\/11\/Casey-Coffee-Experience.jpeg?w=2880&amp;quality=70 2x\" media=\"(min-width: 992px)\"\/><source srcset=\"https:\/\/www.capgemini.com\/wp-content\/uploads\/2023\/11\/Casey-Coffee-Experience.jpeg?w=1024&amp;quality=70 1x, https:\/\/www.capgemini.com\/wp-content\/uploads\/2023\/11\/Casey-Coffee-Experience.jpeg?w=1024&amp;quality=70 2x\" media=\"(min-width: 768px)\"\/><source srcset=\"https:\/\/www.capgemini.com\/wp-content\/uploads\/2023\/11\/Casey-Coffee-Experience.jpeg?w=768&amp;quality=70 1x, https:\/\/www.capgemini.com\/wp-content\/uploads\/2023\/11\/Casey-Coffee-Experience.jpeg?w=768&amp;quality=70 2x\" media=\"(min-width: 0)\"\/><img decoding=\"async\" src=\"https:\/\/www.capgemini.com\/wp-content\/uploads\/2023\/11\/Casey-Coffee-Experience.jpeg\" class=\"mobileImage\" alt=\"\" style=\"object-fit:cover;object-position:45% 17%\" loading=\"eager\"\/><\/picture><\/div><div class=\"heroPictureCardHeaderShape\"><\/div><div class=\"container\"><div class=\"row\"><div class=\"col-md-8 col-lg-6\"><div class=\"heroPictureCardBox\"><div class=\"heroPictureCardBoxTitle\"><h1 data-maxlength=\"144\">\u00a1Conectemos!<\/h1><\/div><\/div><\/div><\/div><\/div><div class=\"small-device\"><div class=\"brandLogoWrapper\"> <\/div><\/div><\/div>\n\n\n\n<section class=\"wp-block-cg-blocks-intro-para undefined section section--intro\"><div class=\"intro-para\"><div class=\"container\"><div class=\"row\"><div class=\"col-12 col-md-1\"><nav class=\"article-social\"><ul class=\"social-nav\"><li class=\"ip-order-fb\"><a href=\"https:\/\/www.facebook.com\/sharer\/sharer.php?u=https:\/\/www.capgemini.com\/es-es\/conectemos\/\" target=\"_blank\" rel=\"noopener noreferrer\" title=\"abrir en una nueva ventana\"><i aria-hidden=\"true\" class=\"icon-fb\"><\/i><span class=\"sr-only\">Facebook<\/span><\/a><\/li><li class=\"ip-order-li\"><a href=\"https:\/\/www.linkedin.com\/sharing\/share-offsite\/?url=https:\/\/www.capgemini.com\/es-es\/conectemos\/\" target=\"_blank\" rel=\"noopener noreferrer\" title=\"abrir en una nueva ventana\"><i aria-hidden=\"true\" class=\"icon-li\"><\/i><span class=\"sr-only\">Linkedin<\/span><\/a><\/li><\/ul><\/nav><\/div><div class=\"col-12 col-md-11 col-lg-10\"><h2 class=\"intro-para-title\">Ac\u00e9rcate un paso m\u00e1s al futuro que deseas<\/h2><p class=\"intro-para-content\">Desarrollar tu carrera en Capgemini es gratificante y un camino de crecimiento y transformaci\u00f3n profesional que vale la pena vivir. <\/p><\/div><\/div><\/div><\/div><\/section>\n\n\n\n<section class=\"wp-block-cg-blocks-wrapper-card-text-pic wrapperCardTextPic hero-bg-shape\"><div class=\"container\"><div class=\"row\"><div class=\"col-md-12\">\n<div class=\"wp-block-cg-blocks-card-text-pic-right\"><div class=\"row card-text-pic rightCard\"><div class=\"col-md-12\"><div class=\"box--section\"><div class=\"box  row-nobleed\"><div class=\"col-lg-8 col-md-12 box-inner\"><a href=\"https:\/\/www.capgemini.com\/es-es\/talento\/conectemos\/donde-trabajaras\/\" aria-label=\"Oficinas\" target=\"\" rel=\"noopener noreferrer\" title=\"\"><h3 class=\"titlewithLink\" data-maxlength=\"144\">Oficinas<\/h3><\/a><p class=\"box-text\" data-maxlength=\"\">Nuestras oficinas de Capgemini operan en Espa\u00f1a desde 1975. Estamos en 14 ciudades en todo el territorio. <\/p><div class=\"box-bottom\"><a aria-label=\"Saber m\u00e1s sobre Oficinas\" class=\"more2\" data-maxlength=\"24\" href=\"https:\/\/www.capgemini.com\/es-es\/talento\/conectemos\/donde-trabajaras\/\" target=\"\" rel=\"noopener noreferrer\" title=\"\">M\u00e1s informaci\u00f3n<\/a><\/div><\/div><div class=\"col-lg-5 col-md-12 box-img-wrapper\"><a href=\"https:\/\/www.capgemini.com\/es-es\/talento\/conectemos\/donde-trabajaras\/\" aria-label=\"M\u00e1s informaci\u00f3n sobre Oficinas\" tabindex=\"-1\" target=\"\" rel=\"noopener noreferrer\" title=\"\"><picture><source srcset=\"https:\/\/www.capgemini.com\/es-es\/wp-content\/uploads\/sites\/16\/2023\/06\/oxxeo-1.jpg?w=1000&amp;quality=70 1x, https:\/\/www.capgemini.com\/es-es\/wp-content\/uploads\/sites\/16\/2023\/06\/oxxeo-1.jpg?w=1000&amp;quality=70 2x\" media=\"(min-width: 1500px)\"\/><source srcset=\"https:\/\/www.capgemini.com\/es-es\/wp-content\/uploads\/sites\/16\/2023\/06\/oxxeo-1.jpg?w=500&amp;quality=70 1x, https:\/\/www.capgemini.com\/es-es\/wp-content\/uploads\/sites\/16\/2023\/06\/oxxeo-1.jpg?w=1000&amp;quality=70 2x\" media=\"(min-width: 992px)\"\/><source srcset=\"https:\/\/www.capgemini.com\/es-es\/wp-content\/uploads\/sites\/16\/2023\/06\/oxxeo-1.jpg?w=768&amp;quality=70 1x, https:\/\/www.capgemini.com\/es-es\/wp-content\/uploads\/sites\/16\/2023\/06\/oxxeo-1.jpg?w=768&amp;quality=70 2x\" media=\"(min-width: 768px)\"\/><source srcset=\"https:\/\/www.capgemini.com\/es-es\/wp-content\/uploads\/sites\/16\/2023\/06\/oxxeo-1.jpg?w=556&amp;quality=70 1x, https:\/\/www.capgemini.com\/es-es\/wp-content\/uploads\/sites\/16\/2023\/06\/oxxeo-1.jpg?w=556&amp;quality=70 2x\" media=\"(min-width: 0)\"\/><img decoding=\"async\" src=\"https:\/\/www.capgemini.com\/es-es\/wp-content\/uploads\/sites\/16\/2023\/06\/oxxeo-1.jpg\" class=\"box-img\" alt=\"\" style=\"object-fit:cover;object-position:41% 76%\" loading=\"lazy\"\/><\/picture><\/a><\/div><\/div><\/div><\/div><\/div><\/div>\n\n\n\n<div class=\"wp-block-cg-blocks-card-text-pic-left row card-text-pic leftCard\"><div class=\"row card-text-pic leftCard\"><div class=\"col-md-12\"><div class=\"box--section\"><div class=\"box row-nobleed\"><div class=\"col-lg-5 col-md-12 box-img-wrapper \"><a href=\"\/es-es\/noticias\/eventos\/?events_type=careers&amp;events=upcoming\" aria-label=\"Saber m\u00e1s sobre Eventos\" tabindex=\"-1\" target=\"\" rel=\"noopener noreferrer\" title=\"\"><picture><source srcset=\"https:\/\/www.capgemini.com\/es-es\/wp-content\/uploads\/sites\/16\/2023\/09\/Capgemini_Life-At_Hybrid-working.jpg?w=1000&amp;quality=70 1x, https:\/\/www.capgemini.com\/es-es\/wp-content\/uploads\/sites\/16\/2023\/09\/Capgemini_Life-At_Hybrid-working.jpg?w=1000&amp;quality=70 2x\" media=\"(min-width: 1500px)\"\/><source srcset=\"https:\/\/www.capgemini.com\/es-es\/wp-content\/uploads\/sites\/16\/2023\/09\/Capgemini_Life-At_Hybrid-working.jpg?w=500&amp;quality=70 1x, https:\/\/www.capgemini.com\/es-es\/wp-content\/uploads\/sites\/16\/2023\/09\/Capgemini_Life-At_Hybrid-working.jpg?w=1000&amp;quality=70 2x\" media=\"(min-width: 992px)\"\/><source srcset=\"https:\/\/www.capgemini.com\/es-es\/wp-content\/uploads\/sites\/16\/2023\/09\/Capgemini_Life-At_Hybrid-working.jpg?w=768&amp;quality=70 1x, https:\/\/www.capgemini.com\/es-es\/wp-content\/uploads\/sites\/16\/2023\/09\/Capgemini_Life-At_Hybrid-working.jpg?w=768&amp;quality=70 2x\" media=\"(min-width: 768px)\"\/><source srcset=\"https:\/\/www.capgemini.com\/es-es\/wp-content\/uploads\/sites\/16\/2023\/09\/Capgemini_Life-At_Hybrid-working.jpg?w=556&amp;quality=70 1x, https:\/\/www.capgemini.com\/es-es\/wp-content\/uploads\/sites\/16\/2023\/09\/Capgemini_Life-At_Hybrid-working.jpg?w=556&amp;quality=70 2x\" media=\"(min-width: 0)\"\/><img decoding=\"async\" src=\"https:\/\/www.capgemini.com\/es-es\/wp-content\/uploads\/sites\/16\/2023\/09\/Capgemini_Life-At_Hybrid-working.jpg\" class=\"box-img\" alt=\"\" style=\"object-fit:cover;object-position:47% 31%\" loading=\"lazy\"\/><\/picture><\/a><\/div><div class=\"col-lg-8 col-md-12 box-inner \"><a href=\"\/es-es\/noticias\/eventos\/?events_type=careers&amp;events=upcoming\" aria-label=\"Eventos\" target=\"\" rel=\"noopener noreferrer\" title=\"\"><h3 class=\"titlewithLink\" data-maxlength=\"144\">Eventos<\/h3><\/a><p class=\"box-text\" data-maxlength=\"\">Hay muchas oportunidades a lo largo del a\u00f1o donde podremos vernos m\u00e1s all\u00e1 del entorno digital (web, redes sociales, etc.). Si tienes dudas o quieres saber y profundizar m\u00e1s en c\u00f3mo es la experiencia de trabajar en Capgemini, ven a conocernos y trataremos de resolverlas<\/p><div class=\"box-bottom\"><a aria-label=\"Saber m\u00e1s sobre Eventos\" class=\"more2\" data-maxlength=\"24\" href=\"\/es-es\/noticias\/eventos\/?events_type=careers&amp;events=upcoming\" target=\"\" rel=\"noopener noreferrer\" title=\"\">M\u00e1s informaci\u00f3n<\/a><\/div><\/div><\/div><\/div><\/div><\/div><\/div>\n<\/div><\/div><\/div><\/section>\n\n\n\n<section class=\"wp-block-cg-blocks-learn-more learnMoreBlock updated-new-sample-amal\"><div class=\"container\"><div class=\"content-title\"><h2 class=\"learnmore-heading\">Explora Capgemini<\/h2><\/div><div class=\"row\"><div class=\"col-md-4\"><div class=\"box\"><div class=\"box-wrapper\"><a class=\"box-title\" href=\"https:\/\/www.capgemini.com\/es-es\/talento\/por-que-capgemini\/\" target=\"\" aria-label=\"<a href=&quot;https:\/\/www.capgemini.com\/es-es\/quienes-somos\/pasion-por-el-deporte\/&quot;&gt;Por qu\u00e9 Capgemini<\/a&gt;\" rel=\"noopener noreferrer\"><div class=\"box-img-wrapper\"><img decoding=\"async\" src=\"https:\/\/www.capgemini.com\/wp-content\/uploads\/2021\/06\/Capgemini_Why-join.jpg?w=500&amp;quality=70\" srcset=\"https:\/\/www.capgemini.com\/wp-content\/uploads\/2021\/06\/Capgemini_Why-join.jpg?w=500&amp;quality=70 1x, https:\/\/www.capgemini.com\/wp-content\/uploads\/2021\/06\/Capgemini_Why-join.jpg?w=1000&amp;quality=70 2x\" class=\"box-img\" alt=\"\" style=\"object-fit:cover;object-position:50% 50%\" loading=\"lazy\"\/><\/div><h3 class=\"titleWithoutLink_learnMore\"><a href=\"https:\/\/www.capgemini.com\/es-es\/quienes-somos\/pasion-por-el-deporte\/\">Por qu\u00e9 Capgemini<\/a><\/h3><\/a><\/div><\/div><div class=\"box-inner\"><\/div><\/div><div class=\"col-md-4\"><div class=\"box\"><div class=\"box-wrapper\"><a class=\"box-title\" href=\"https:\/\/www.capgemini.com\/es-es\/talento\/carreras-profesionales\/profesiones\/\" target=\"\" aria-label=\"<a href=&quot;https:\/\/www.capgemini.com\/es-es\/careers\/por-que-capgemini\/aprendizaje-y-desarrollo\/&quot;&gt;Profesiones<\/a&gt;\" rel=\"noopener noreferrer\"><div class=\"box-img-wrapper\"><img decoding=\"async\" src=\"https:\/\/www.capgemini.com\/es-es\/wp-content\/uploads\/sites\/16\/2023\/08\/Capgemini_About-Us_Innovation-Ecosystem_.jpg?w=500&amp;quality=70\" srcset=\"https:\/\/www.capgemini.com\/es-es\/wp-content\/uploads\/sites\/16\/2023\/08\/Capgemini_About-Us_Innovation-Ecosystem_.jpg?w=500&amp;quality=70 1x, https:\/\/www.capgemini.com\/es-es\/wp-content\/uploads\/sites\/16\/2023\/08\/Capgemini_About-Us_Innovation-Ecosystem_.jpg?w=1000&amp;quality=70 2x\" class=\"box-img\" alt=\"\" style=\"object-fit:cover;object-position:50% 50%\" loading=\"lazy\"\/><\/div><h3 class=\"titleWithoutLink_learnMore\"><a href=\"https:\/\/www.capgemini.com\/es-es\/careers\/por-que-capgemini\/aprendizaje-y-desarrollo\/\">Profesiones<\/a><\/h3><\/a><\/div><\/div><div class=\"box-inner\"><\/div><\/div><div class=\"col-md-4\"><div class=\"box\"><div class=\"box-wrapper\"><a class=\"box-title\" href=\"https:\/\/www.capgemini.com\/es-es\/careers\/join-us\/\" target=\"\" aria-label=\"\u00danete \" rel=\"noopener noreferrer\"><div class=\"box-img-wrapper\"><img decoding=\"async\" src=\"https:\/\/www.capgemini.com\/es-es\/wp-content\/uploads\/sites\/16\/2023\/06\/MicrosoftTeams-image-14.jpg?w=500&amp;quality=70\" srcset=\"https:\/\/www.capgemini.com\/es-es\/wp-content\/uploads\/sites\/16\/2023\/06\/MicrosoftTeams-image-14.jpg?w=500&amp;quality=70 1x, https:\/\/www.capgemini.com\/es-es\/wp-content\/uploads\/sites\/16\/2023\/06\/MicrosoftTeams-image-14.jpg?w=1000&amp;quality=70 2x\" class=\"box-img\" alt=\"\" style=\"object-fit:cover;object-position:50% 50%\" loading=\"lazy\"\/><\/div><h3 class=\"titleWithoutLink_learnMore\">\u00danete <\/h3><\/a><\/div><\/div><div class=\"box-inner\"><\/div><\/div><\/div><\/div><\/section>\n","protected":false},"excerpt":{"rendered":"<p>Desarrollar tu carrera en Capgemini es gratificante y un camino de crecimeinto y transformaci\u00f3n profesional que vale la pena vivir. <\/p>\n","protected":false},"author":461,"featured_media":0,"parent":536698,"menu_order":0,"comment_status":"closed","ping_status":"closed","template":"","meta":{"cg_dt_proposed_to":[],"cg_seo_hreflang_relations":"[]","cg_seo_canonical_relation":"","cg_seo_hreflang_x_default_relation":"","cg_dt_approved_content":true,"cg_dt_mandatory_content":false,"cg_dt_notes":"","cg_dg_source_changed":false,"cg_dt_link_disabled":false,"_yoast_wpseo_primary_brand":"","footnotes":"","featured_focal_points":"","partner_card_description":"","gsap_animation":0},"brand":[],"partner_type":[],"service":[],"industry":[],"partners":[],"page-type":[446],"content-group":[],"class_list":["post-572526","page","type-page","status-publish","hentry","page-type-careers"],"yoast_head":"<!-- This site is optimized with the Yoast SEO Premium plugin v22.8 (Yoast SEO v22.8) - https:\/\/yoast.com\/wordpress\/plugins\/seo\/ -->\n<title>Conectemos - Capgemini Spain<\/title>\n<meta name=\"robots\" content=\"index, follow, max-snippet:-1, max-image-preview:large, max-video-preview:-1\" \/>\n<link rel=\"canonical\" href=\"https:\/\/www.capgemini.com\/es-es\/conectemos\/\" \/>\n<meta property=\"og:locale\" content=\"es_ES\" \/>\n<meta property=\"og:type\" content=\"article\" \/>\n<meta property=\"og:title\" content=\"Conectemos\" \/>\n<meta property=\"og:description\" content=\"Desarrollar tu carrera en Capgemini es gratificante y un camino de crecimeinto y transformaci\u00f3n profesional que vale la pena vivir.\" \/>\n<meta property=\"og:url\" content=\"https:\/\/www.capgemini.com\/es-es\/conectemos\/\" \/>\n<meta property=\"og:site_name\" content=\"Capgemini Spain\" \/>\n<meta property=\"og:image\" content=\"https:\/\/www.capgemini.com\/wp-content\/uploads\/2023\/11\/Casey-Coffee-Experience.jpeg\" \/>\n<meta name=\"twitter:card\" content=\"summary_large_image\" \/>\n<meta name=\"twitter:label1\" content=\"Est. reading time\" \/>\n\t<meta name=\"twitter:data1\" content=\"2 minutes\" \/>\n<script type=\"application\/ld+json\" class=\"yoast-schema-graph\">{\"@context\":\"https:\/\/schema.org\",\"@graph\":[{\"@type\":\"WebPage\",\"@id\":\"https:\/\/www.capgemini.com\/es-es\/conectemos\/\",\"url\":\"https:\/\/www.capgemini.com\/es-es\/conectemos\/\",\"name\":\"Conectemos - Capgemini Spain\",\"isPartOf\":{\"@id\":\"https:\/\/www.capgemini.com\/es-es\/#website\"},\"primaryImageOfPage\":{\"@id\":\"https:\/\/www.capgemini.com\/es-es\/conectemos\/#primaryimage\"},\"image\":{\"@id\":\"https:\/\/www.capgemini.com\/es-es\/conectemos\/#primaryimage\"},\"thumbnailUrl\":\"https:\/\/www.capgemini.com\/wp-content\/uploads\/2023\/11\/Casey-Coffee-Experience.jpeg\",\"datePublished\":\"2025-05-14T08:12:36+00:00\",\"dateModified\":\"2025-05-14T08:12:36+00:00\",\"breadcrumb\":{\"@id\":\"https:\/\/www.capgemini.com\/es-es\/conectemos\/#breadcrumb\"},\"inLanguage\":\"es-ES\",\"potentialAction\":[{\"@type\":\"ReadAction\",\"target\":[\"https:\/\/www.capgemini.com\/es-es\/conectemos\/\"]}]},{\"@type\":\"ImageObject\",\"inLanguage\":\"es-ES\",\"@id\":\"https:\/\/www.capgemini.com\/es-es\/conectemos\/#primaryimage\",\"url\":\"https:\/\/www.capgemini.com\/wp-content\/uploads\/2023\/11\/Casey-Coffee-Experience.jpeg\",\"contentUrl\":\"https:\/\/www.capgemini.com\/wp-content\/uploads\/2023\/11\/Casey-Coffee-Experience.jpeg\"},{\"@type\":\"BreadcrumbList\",\"@id\":\"https:\/\/www.capgemini.com\/es-es\/conectemos\/#breadcrumb\",\"itemListElement\":[{\"@type\":\"ListItem\",\"position\":1,\"name\":\"Home\",\"item\":\"https:\/\/www.capgemini.com\/es-es\/\"},{\"@type\":\"ListItem\",\"position\":2,\"name\":\"Talento\",\"item\":\"https:\/\/www.capgemini.com\/es-es\/talento\/\"},{\"@type\":\"ListItem\",\"position\":3,\"name\":\"Conectemos\"}]},{\"@type\":\"WebSite\",\"@id\":\"https:\/\/www.capgemini.com\/es-es\/#website\",\"url\":\"https:\/\/www.capgemini.com\/es-es\/\",\"name\":\"Capgemini Espa\u00f1a\",\"description\":\"Capgemini\",\"potentialAction\":[{\"@type\":\"SearchAction\",\"target\":{\"@type\":\"EntryPoint\",\"urlTemplate\":\"https:\/\/www.capgemini.com\/es-es\/?s={search_term_string}\"},\"query-input\":\"required name=search_term_string\"}],\"inLanguage\":\"es-ES\"}]}<\/script>\n<!-- \/ Yoast SEO Premium plugin. -->","yoast_head_json":{"title":"Conectemos - Capgemini Spain","robots":{"index":"index","follow":"follow","max-snippet":"max-snippet:-1","max-image-preview":"max-image-preview:large","max-video-preview":"max-video-preview:-1"},"canonical":"https:\/\/www.capgemini.com\/es-es\/conectemos\/","og_locale":"es_ES","og_type":"article","og_title":"Conectemos","og_description":"Desarrollar tu carrera en Capgemini es gratificante y un camino de crecimeinto y transformaci\u00f3n profesional que vale la pena vivir.","og_url":"https:\/\/www.capgemini.com\/es-es\/conectemos\/","og_site_name":"Capgemini Spain","og_image":[{"url":"https:\/\/www.capgemini.com\/wp-content\/uploads\/2023\/11\/Casey-Coffee-Experience.jpeg"}],"twitter_card":"summary_large_image","twitter_misc":{"Est. reading time":"2 minutes"},"schema":{"@context":"https:\/\/schema.org","@graph":[{"@type":"WebPage","@id":"https:\/\/www.capgemini.com\/es-es\/conectemos\/","url":"https:\/\/www.capgemini.com\/es-es\/conectemos\/","name":"Conectemos - Capgemini Spain","isPartOf":{"@id":"https:\/\/www.capgemini.com\/es-es\/#website"},"primaryImageOfPage":{"@id":"https:\/\/www.capgemini.com\/es-es\/conectemos\/#primaryimage"},"image":{"@id":"https:\/\/www.capgemini.com\/es-es\/conectemos\/#primaryimage"},"thumbnailUrl":"https:\/\/www.capgemini.com\/wp-content\/uploads\/2023\/11\/Casey-Coffee-Experience.jpeg","datePublished":"2025-05-14T08:12:36+00:00","dateModified":"2025-05-14T08:12:36+00:00","breadcrumb":{"@id":"https:\/\/www.capgemini.com\/es-es\/conectemos\/#breadcrumb"},"inLanguage":"es-ES","potentialAction":[{"@type":"ReadAction","target":["https:\/\/www.capgemini.com\/es-es\/conectemos\/"]}]},{"@type":"ImageObject","inLanguage":"es-ES","@id":"https:\/\/www.capgemini.com\/es-es\/conectemos\/#primaryimage","url":"https:\/\/www.capgemini.com\/wp-content\/uploads\/2023\/11\/Casey-Coffee-Experience.jpeg","contentUrl":"https:\/\/www.capgemini.com\/wp-content\/uploads\/2023\/11\/Casey-Coffee-Experience.jpeg"},{"@type":"BreadcrumbList","@id":"https:\/\/www.capgemini.com\/es-es\/conectemos\/#breadcrumb","itemListElement":[{"@type":"ListItem","position":1,"name":"Home","item":"https:\/\/www.capgemini.com\/es-es\/"},{"@type":"ListItem","position":2,"name":"Talento","item":"https:\/\/www.capgemini.com\/es-es\/talento\/"},{"@type":"ListItem","position":3,"name":"Conectemos"}]},{"@type":"WebSite","@id":"https:\/\/www.capgemini.com\/es-es\/#website","url":"https:\/\/www.capgemini.com\/es-es\/","name":"Capgemini Espa\u00f1a","description":"Capgemini","potentialAction":[{"@type":"SearchAction","target":{"@type":"EntryPoint","urlTemplate":"https:\/\/www.capgemini.com\/es-es\/?s={search_term_string}"},"query-input":"required name=search_term_string"}],"inLanguage":"es-ES"}]}},"brand_term":[],"parsely":{"version":"1.1.0","canonical_url":"https:\/\/capgemini.com\/es-es\/conectemos\/","smart_links":{"inbound":0,"outbound":0},"traffic_boost_suggestions_count":0,"meta":{"@context":"https:\/\/schema.org","@type":"WebPage","headline":"Conectemos","url":"https:\/\/www.capgemini.com\/es-es\/conectemos\/","mainEntityOfPage":{"@type":"WebPage","@id":"https:\/\/www.capgemini.com\/es-es\/conectemos\/"},"thumbnailUrl":"","image":{"@type":"ImageObject","url":""},"articleSection":"Uncategorized","author":[],"creator":[],"publisher":{"@type":"Organization","name":"Capgemini Spain","logo":""},"keywords":[],"dateCreated":"2025-05-14T08:12:36Z","datePublished":"2025-05-14T08:12:36Z","dateModified":"2025-05-14T08:12:36Z"},"rendered":"<meta name=\"parsely-title\" content=\"Conectemos\" \/>\n<meta name=\"parsely-link\" content=\"https:\/\/www.capgemini.com\/es-es\/conectemos\/\" \/>\n<meta name=\"parsely-type\" content=\"index\" \/>\n<meta name=\"parsely-pub-date\" content=\"2025-05-14T08:12:36Z\" \/>\n<meta name=\"parsely-section\" content=\"Uncategorized\" \/>","tracker_url":"https:\/\/cdn.parsely.com\/keys\/capgemini.com\/p.js"},"archive_status":false,"featured_image_src":"https:\/\/www.capgemini.com\/es-es\/wp-content\/themes\/capgemini2025\/assets\/images\/mockup.png","featured_image_alt":false,"jetpack_sharing_enabled":true,"distributor_meta":false,"distributor_terms":false,"distributor_media":false,"distributor_original_site_name":"Capgemini Spain","distributor_original_site_url":"https:\/\/www.capgemini.com\/es-es","push-errors":false,"_links":{"self":[{"href":"https:\/\/www.capgemini.com\/es-es\/wp-json\/wp\/v2\/pages\/572526","targetHints":{"allow":["GET"]}}],"collection":[{"href":"https:\/\/www.capgemini.com\/es-es\/wp-json\/wp\/v2\/pages"}],"about":[{"href":"https:\/\/www.capgemini.com\/es-es\/wp-json\/wp\/v2\/types\/page"}],"author":[{"embeddable":true,"href":"https:\/\/www.capgemini.com\/es-es\/wp-json\/wp\/v2\/users\/461"}],"replies":[{"embeddable":true,"href":"https:\/\/www.capgemini.com\/es-es\/wp-json\/wp\/v2\/comments?post=572526"}],"version-history":[{"count":6,"href":"https:\/\/www.capgemini.com\/es-es\/wp-json\/wp\/v2\/pages\/572526\/revisions"}],"predecessor-version":[{"id":572720,"href":"https:\/\/www.capgemini.com\/es-es\/wp-json\/wp\/v2\/pages\/572526\/revisions\/572720"}],"up":[{"embeddable":true,"href":"https:\/\/www.capgemini.com\/es-es\/wp-json\/wp\/v2\/pages\/536698"}],"wp:attachment":[{"href":"https:\/\/www.capgemini.com\/es-es\/wp-json\/wp\/v2\/media?parent=572526"}],"wp:term":[{"taxonomy":"brand","embeddable":true,"href":"https:\/\/www.capgemini.com\/es-es\/wp-json\/wp\/v2\/brand?post=572526"},{"taxonomy":"partner_type","embeddable":true,"href":"https:\/\/www.capgemini.com\/es-es\/wp-json\/wp\/v2\/partner_type?post=572526"},{"taxonomy":"service","embeddable":true,"href":"https:\/\/www.capgemini.com\/es-es\/wp-json\/wp\/v2\/service?post=572526"},{"taxonomy":"industry","embeddable":true,"href":"https:\/\/www.capgemini.com\/es-es\/wp-json\/wp\/v2\/industry?post=572526"},{"taxonomy":"partners","embeddable":true,"href":"https:\/\/www.capgemini.com\/es-es\/wp-json\/wp\/v2\/partners?post=572526"},{"taxonomy":"page-type","embeddable":true,"href":"https:\/\/www.capgemini.com\/es-es\/wp-json\/wp\/v2\/page-type?post=572526"},{"taxonomy":"content-group","embeddable":true,"href":"https:\/\/www.capgemini.com\/es-es\/wp-json\/wp\/v2\/content-group?post=572526"}],"curies":[{"name":"wp","href":"https:\/\/api.w.org\/{rel}","templated":true}]}}