{"id":572333,"date":"2025-04-23T19:26:57","date_gmt":"2025-04-23T17:26:57","guid":{"rendered":"https:\/\/www.capgemini.com\/es-es\/?page_id=572333&#038;preview_id=572333"},"modified":"2025-04-23T19:26:59","modified_gmt":"2025-04-23T17:26:59","slug":"ingenieria-infraestructuras-inteligentes-utilities","status":"publish","type":"page","link":"https:\/\/www.capgemini.com\/es-es\/soluciones\/ingenieria-infraestructuras-inteligentes-utilities\/","title":{"rendered":"Ingenier\u00eda de infraestructuras inteligentes para utilities"},"content":{"rendered":"\n<header class=\"wp-block-cg-blocks-hero-reusable header heroReusable  \"><div class=\"header-bgs\"><picture><source srcset=\"https:\/\/www.capgemini.com\/wp-content\/uploads\/2023\/11\/next-gen-ami.webp?w=2880&amp;quality=70 1x, https:\/\/www.capgemini.com\/wp-content\/uploads\/2023\/11\/next-gen-ami.webp?w=2880&amp;quality=70 2x\" media=\"(min-width: 1500px)\"\/><source srcset=\"https:\/\/www.capgemini.com\/wp-content\/uploads\/2023\/11\/next-gen-ami.webp?w=1440&amp;quality=70 1x, https:\/\/www.capgemini.com\/wp-content\/uploads\/2023\/11\/next-gen-ami.webp?w=2880&amp;quality=70 2x\" media=\"(min-width: 992px)\"\/><source srcset=\"https:\/\/www.capgemini.com\/wp-content\/uploads\/2023\/11\/next-gen-ami.webp?w=1024&amp;quality=70 1x, https:\/\/www.capgemini.com\/wp-content\/uploads\/2023\/11\/next-gen-ami.webp?w=1024&amp;quality=70 2x\" media=\"(min-width: 768px)\"\/><source srcset=\"https:\/\/www.capgemini.com\/wp-content\/uploads\/2023\/11\/next-gen-ami.webp?w=768&amp;quality=70 1x, https:\/\/www.capgemini.com\/wp-content\/uploads\/2023\/11\/next-gen-ami.webp?w=768&amp;quality=70 2x\" media=\"(min-width: 0)\"\/><img decoding=\"async\" src=\"https:\/\/www.capgemini.com\/wp-content\/uploads\/2023\/11\/next-gen-ami.webp\" class=\"header-img header-img-d\" alt=\"\" style=\"object-fit:cover;object-position:50% 50%\" loading=\"eager\"\/><\/picture><\/div><div class=\"heroPictureCardHeaderShape\"><\/div><div class=\"container\"><div class=\"row\"><div class=\"col-md-12\"><div class=\"box\"><div class=\"boxTagWrapper\"><div class=\"tagInfo\"><div><span class=\"box-tag\">Soluciones<\/span><\/div><\/div><\/div><div class=\"box-title\"><h1 data-maxlength=\"34\">Ingenier\u00eda de infraestructuras inteligentes para utilities<\/h1><\/div><div class=\"inner-row-insight download-btn\"><\/div><\/div><\/div><\/div><\/div><\/header>\n\n\n\n<section class=\"wp-block-cg-blocks-intro-para undefined section section--intro\"><div class=\"intro-para\"><div class=\"container\"><div class=\"row\"><div class=\"col-12 col-md-1\"><nav class=\"article-social\"><ul class=\"social-nav\"><li class=\"ip-order-fb\"><a href=\"https:\/\/www.facebook.com\/sharer\/sharer.php?u=https:\/\/www.capgemini.com\/es-es\/?page_id=572333\" target=\"_blank\" rel=\"noopener noreferrer\" title=\"abrir en una nueva ventana\"><i aria-hidden=\"true\" class=\"icon-fb\"><\/i><span class=\"sr-only\">Facebook<\/span><\/a><\/li><li class=\"ip-order-li\"><a href=\"https:\/\/www.linkedin.com\/sharing\/share-offsite\/?url=https:\/\/www.capgemini.com\/es-es\/?page_id=572333\" target=\"_blank\" rel=\"noopener noreferrer\" title=\"abrir en una nueva ventana\"><i aria-hidden=\"true\" class=\"icon-li\"><\/i><span class=\"sr-only\">Linkedin<\/span><\/a><\/li><\/ul><\/nav><\/div><div class=\"col-12 col-md-11 col-lg-10\"><h2 class=\"intro-para-title\"><strong>Aprovecha las oportunidades de servicio, eficiencia y seguridad de las infraestructuras inteligentes<\/strong>.<\/h2><p class=\"intro-para-content\">Para muchas empresas de utilities, ha pasado m\u00e1s de una d\u00e9cada desde el desarrollo inicial de su infraestructura avanzada de medici\u00f3n (AMI, Advanced Metering Infrastructure). El equipo desplegado como parte de esta primera ola est\u00e1 llegando al final de su vida \u00fatil, mientras que las aplicaciones subyacentes pueden no soportar tecnolog\u00edas digitales como inteligencia artificial, nube, 5G, IoT o automatizaci\u00f3n inteligente. Desplegar una soluci\u00f3n AMI de pr\u00f3xima generaci\u00f3n que sirva como base para los esfuerzos de transici\u00f3n energ\u00e9tica y habilite tecnolog\u00edas digitales e industriales es una prioridad para muchas empresas de servicios p\u00fablicos. Sin una mayor inversi\u00f3n, las organizaciones pueden no aprovechar completamente los beneficios avanzados de los despliegues de la primera ola.<br>Capgemini ayuda a las organizaciones de servicios p\u00fablicos a abordar estos problemas y prepararse para el futuro con Next-Gen AMI, un sistema integrado y resiliente de medidores inteligentes, servicios de comunicaci\u00f3n, aplicaciones modernas y tecnolog\u00edas de gesti\u00f3n de datos. Bas\u00e1ndonos en la idea original de la primera ola, trabajamos con los clientes para planificar, dise\u00f1ar, desplegar y operar una AMI de pr\u00f3xima generaci\u00f3n que habilite tecnolog\u00edas modernas, defina nuevos beneficios de negocio y aborde los desaf\u00edos de la implementaci\u00f3n en terrenos ya desarrollados. Para las empresas de servicios p\u00fablicos que est\u00e1n planificando o han implementado recientemente su despliegue inicial de AMI, Next-Gen AMI mejora el valor de AMI con la modernizaci\u00f3n tecnol\u00f3gica y la experiencia adquirida de la primera oleada. <\/p><\/div><\/div><\/div><\/div><\/section>\n\n\n\n<section class=\"wp-block-cg-blocks-group undefined section section--article-content\"><div class=\"article-main-content\"><div class=\"container\"><div class=\"row\"><div class=\"col-12 col-md-11 col-lg-10 offset-md-1 offset-lg-1\"><div class=\"article-text article-quote-text\">\n<h4 class=\"wp-block-heading\" id=\"h-desplegando-el-valor-de-la-ami-de-proxima-generacion\">Desplegando el valor de la AMI de pr\u00f3xima generaci\u00f3n <\/h4>\n\n\n\n<p>La AMI de pr\u00f3xima generaci\u00f3n de Capgemini\u00a0incorpora capacidades de medici\u00f3n, an\u00e1lisis inteligente y red inteligentes para impulsar la eficiencia organizacional, habilitar nuevos servicios y abordar una amplia gama de desaf\u00edos regulatorios, ambientales y de seguridad. Las ventajas incluyen:<\/p>\n\n\n\n<ul class=\"wp-block-list\">\n<li><strong>Fiabilidad<\/strong>: Mejorar la disponibilidad, la calidad de la energ\u00eda, los tiempos de restauraci\u00f3n de interrupciones y otros indicadores clave de rendimiento mediante tecnolog\u00eda avanzada y optimizaci\u00f3n de procesos.<\/li>\n\n\n\n<li><strong>Habilitaci\u00f3n de la red inteligente<\/strong>: Establecer una red de comunicaci\u00f3n que sirva como columna vertebral para la tecnolog\u00eda y los programas de red inteligente, incluyendo la respuesta a la demanda, la transici\u00f3n energ\u00e9tica, los recursos energ\u00e9ticos distribuidos y la carga de veh\u00edculos el\u00e9ctricos.<\/li>\n\n\n\n<li><strong>Actualizaci\u00f3n de AMI<\/strong>: Reemplazar la infraestructura al final de su vida \u00fatil y modernizar aplicaciones y arquitectura; abordar las brechas en el despliegue inicial, como los medidores de dif\u00edcil acceso.<\/li>\n\n\n\n<li><strong>Inteligencia distribuida<\/strong>: Aprovechar la computaci\u00f3n en el edge para permitir la agregaci\u00f3n de datos seg\u00fan el territorio o la funci\u00f3n para mejorar la velocidad y precisi\u00f3n de los esfuerzos de gesti\u00f3n y respuesta.<\/li>\n\n\n\n<li><strong>Participaci\u00f3n del cliente<\/strong>: Habilitar la comunicaci\u00f3n bidireccional con los clientes y crear una base desde la cual lanzar servicios nuevos o mejorados.<\/li>\n<\/ul>\n\n\n\n<h4 class=\"wp-block-heading\" id=\"h-nuestra-experiencia\">Nuestra experiencia<\/h4>\n\n\n\n<p>Capgemini es l\u00edder global en servicios de energ\u00eda inteligente, dise\u00f1ando y entregando exitosamente proyectos de AMI que incluyen m\u00e1s de 170 millones de medidores inteligentes, el despliegue masivo de 23 millones de medidores inteligentes en todo el mundo, y actualmente gestiona m\u00e1s de 10 millones de medidores, m\u00e1s que cualquier otra organizaci\u00f3n.<\/p>\n\n\n\n<p>Next-Gen AMI\u00a0combina la experiencia de Capgemini como l\u00edder mundial en integraci\u00f3n de sistemas AMI, nuestro amplio e impresionante ecosistema de socios industriales y tecnol\u00f3gicos, y la profunda experiencia de nuestra organizaci\u00f3n en transformaci\u00f3n empresarial para ayudar a las empresas de servicios p\u00fablicos a crear una base AMI que sea escalable, flexible y capaz de entregar valor.<\/p>\n\n\n\n<h4 class=\"wp-block-heading\" id=\"h-next-gen-esp-soluciones-integrales-para-la-proxima-generacion-ami\">Next-gen ESP: soluciones integrales para la pr\u00f3xima generaci\u00f3n AMI<\/h4>\n\n\n\n<p>La Plataforma de Servicios Energ\u00e9ticos de Pr\u00f3xima Generaci\u00f3n (Next-Gen ESP) de Capgemini\u00a0es una plataforma integrada de extremo a extremo que gestiona todo el ciclo de vida de la medici\u00f3n inteligente, desde la planificaci\u00f3n del programa, el despliegue de medidores, la trazabilidad de materiales, la gesti\u00f3n de activos hasta las operaciones de los medidores. Next-Gen ESP de Capgemini se basa en casi dos d\u00e9cadas de experiencia en planificaci\u00f3n e implementaci\u00f3n de AMI, incluyendo el despliegue de millones de medidores inteligentes a nivel mundial.<\/p>\n<\/div><\/div><\/div><\/div><\/div><\/section>\n\n\n\n<section class=\"wp-block-cg-blocks-wrapper-partners undefined section section--partners-small\"><div class=\"container\"><div class=\"content-title\"><h2 class=\"partner-heading\">Socios<\/h2><\/div><div class=\"row\">\n<div class=\"col-6 col-md-4 col-lg-2 small\">\n            <a href=\"https:\/\/www.capgemini.com\/es-es\/sobre-nosotros\/alianzas\/oracle\/\" class=\"partner-box-title\" aria-label=\"La tecnolog\u00eda basada en la nube de Oracle cubre todas las \u00e1reas de la empresa\">\n        <div class=\"partner-box\">\n                                                     <div class=\"partner-box-bottom\">\n                        <img decoding=\"async\" loading=\"lazy\" src=\"https:\/\/www.capgemini.com\/wp-content\/uploads\/2024\/07\/oracle.png?w=350&#038;quality=70\" alt=\"\" class=\"partner-box-logo light\">\n\n                                                    <img decoding=\"async\" loading=\"lazy\" src=\"https:\/\/www.capgemini.com\/es-es\/wp-content\/uploads\/sites\/16\/2025\/10\/Partners-oracle.png?w=350&#038;quality=70\" alt=\"\" class=\"partner-box-logo dark\">\n\n                            \n                    <\/div>\n                                                    <\/div>\n            <\/a>\n    <\/div>\n\n\n\n\n<div class=\"col-6 col-md-4 col-lg-2 small\">\n            <a href=\"https:\/\/www.capgemini.com\/es-es\/sobre-nosotros\/alianzas\/sap\/\" class=\"partner-box-title\" aria-label=\"Somos l\u00edderes mundiales en certificaciones SAP\">\n        <div class=\"partner-box\">\n                                                     <div class=\"partner-box-bottom\">\n                        <img decoding=\"async\" loading=\"lazy\" src=\"https:\/\/www.capgemini.com\/wp-content\/uploads\/2024\/07\/sap.png?w=350&#038;quality=70\" alt=\"\" class=\"partner-box-logo light\">\n\n                                                    <img decoding=\"async\" loading=\"lazy\" src=\"https:\/\/www.capgemini.com\/es-es\/wp-content\/uploads\/sites\/16\/2025\/10\/Partners-sap.png?w=350&#038;quality=70\" alt=\"\" class=\"partner-box-logo dark\">\n\n                            \n                    <\/div>\n                                                    <\/div>\n            <\/a>\n    <\/div>\n\n<\/div><\/div><\/section>\n","protected":false},"excerpt":{"rendered":"<p>Aprovecha las oportunidades de servicio, eficiencia y seguridad de las infraestructuras inteligentes.<\/p>\n","protected":false},"author":81,"featured_media":0,"parent":537594,"menu_order":0,"comment_status":"closed","ping_status":"closed","template":"","meta":{"cg_dt_proposed_to":[],"cg_seo_hreflang_relations":"[]","cg_seo_canonical_relation":"","cg_seo_hreflang_x_default_relation":"{\"uuid\":\"0b6f93e3-6caa-43d0-b0e1-37d53509c934\",\"blogId\":\"\",\"domain\":\"\",\"sitePath\":\"\",\"postLink\":\"\",\"postId\":null,\"isSaved\":true,\"isCrossLink\":false,\"hasCrossLink\":false}","cg_dt_approved_content":true,"cg_dt_mandatory_content":false,"cg_dt_notes":"","cg_dg_source_changed":true,"cg_dt_link_disabled":false,"_yoast_wpseo_primary_brand":"","footnotes":"","featured_focal_points":"","partner_card_description":"","gsap_animation":0},"brand":[],"partner_type":[],"service":[166,135],"industry":[681],"partners":[216,106],"page-type":[339],"content-group":[],"class_list":["post-572333","page","type-page","status-publish","hentry","service-intelligent-industry","service-sustainability","industry-energy","partners-oracle","partners-sap","page-type-solutions"],"yoast_head":"<!-- This site is optimized with the Yoast SEO Premium plugin v22.8 (Yoast SEO v22.8) - https:\/\/yoast.com\/wordpress\/plugins\/seo\/ -->\n<title>Ingenier\u00eda de infraestructuras inteligentes para utilities - Capgemini Spain<\/title>\n<meta name=\"description\" content=\"Aprovecha las oportunidades de servicio, eficiencia y seguridad de las infraestructuras inteligentes.\" \/>\n<meta name=\"robots\" content=\"index, follow, max-snippet:-1, max-image-preview:large, max-video-preview:-1\" \/>\n<link rel=\"canonical\" href=\"https:\/\/www.capgemini.com\/es-es\/soluciones\/ingenieria-infraestructuras-inteligentes-utilities\/\" \/>\n<meta property=\"og:locale\" content=\"es_ES\" \/>\n<meta property=\"og:type\" content=\"article\" \/>\n<meta property=\"og:title\" content=\"Ingenier\u00eda de infraestructuras inteligentes para utilities\" \/>\n<meta property=\"og:description\" content=\"Aprovecha las oportunidades de servicio, eficiencia y seguridad de las infraestructuras inteligentes.\" \/>\n<meta property=\"og:url\" content=\"https:\/\/www.capgemini.com\/es-es\/soluciones\/ingenieria-infraestructuras-inteligentes-utilities\/\" \/>\n<meta property=\"og:site_name\" content=\"Capgemini Spain\" \/>\n<meta property=\"article:modified_time\" content=\"2025-04-23T17:26:59+00:00\" \/>\n<meta property=\"og:image\" content=\"https:\/\/prod.ucwe.capgemini.com\/wp-content\/uploads\/2023\/11\/next-gen-ami.webp\" \/>\n<meta name=\"twitter:card\" content=\"summary_large_image\" \/>\n<meta name=\"twitter:description\" content=\"Aprovecha las oportunidades de servicio, eficiencia y seguridad de las infraestructuras inteligentes.\" \/>\n<meta name=\"twitter:label1\" content=\"Est. reading time\" \/>\n\t<meta name=\"twitter:data1\" content=\"4 minutes\" \/>\n<script type=\"application\/ld+json\" class=\"yoast-schema-graph\">{\"@context\":\"https:\/\/schema.org\",\"@graph\":[{\"@type\":\"WebPage\",\"@id\":\"https:\/\/www.capgemini.com\/es-es\/soluciones\/ingenieria-infraestructuras-inteligentes-utilities\/\",\"url\":\"https:\/\/www.capgemini.com\/es-es\/soluciones\/ingenieria-infraestructuras-inteligentes-utilities\/\",\"name\":\"Ingenier\u00eda de infraestructuras inteligentes para utilities - Capgemini Spain\",\"isPartOf\":{\"@id\":\"https:\/\/www.capgemini.com\/es-es\/#website\"},\"primaryImageOfPage\":{\"@id\":\"https:\/\/www.capgemini.com\/es-es\/soluciones\/ingenieria-infraestructuras-inteligentes-utilities\/#primaryimage\"},\"image\":{\"@id\":\"https:\/\/www.capgemini.com\/es-es\/soluciones\/ingenieria-infraestructuras-inteligentes-utilities\/#primaryimage\"},\"thumbnailUrl\":\"https:\/\/www.capgemini.com\/wp-content\/uploads\/2023\/11\/next-gen-ami.webp\",\"datePublished\":\"2025-04-23T17:26:57+00:00\",\"dateModified\":\"2025-04-23T17:26:59+00:00\",\"description\":\"Aprovecha las oportunidades de servicio, eficiencia y seguridad de las infraestructuras inteligentes.\",\"breadcrumb\":{\"@id\":\"https:\/\/www.capgemini.com\/es-es\/soluciones\/ingenieria-infraestructuras-inteligentes-utilities\/#breadcrumb\"},\"inLanguage\":\"es-ES\",\"potentialAction\":[{\"@type\":\"ReadAction\",\"target\":[\"https:\/\/www.capgemini.com\/es-es\/soluciones\/ingenieria-infraestructuras-inteligentes-utilities\/\"]}]},{\"@type\":\"ImageObject\",\"inLanguage\":\"es-ES\",\"@id\":\"https:\/\/www.capgemini.com\/es-es\/soluciones\/ingenieria-infraestructuras-inteligentes-utilities\/#primaryimage\",\"url\":\"https:\/\/www.capgemini.com\/wp-content\/uploads\/2023\/11\/next-gen-ami.webp\",\"contentUrl\":\"https:\/\/www.capgemini.com\/wp-content\/uploads\/2023\/11\/next-gen-ami.webp\"},{\"@type\":\"BreadcrumbList\",\"@id\":\"https:\/\/www.capgemini.com\/es-es\/soluciones\/ingenieria-infraestructuras-inteligentes-utilities\/#breadcrumb\",\"itemListElement\":[{\"@type\":\"ListItem\",\"position\":1,\"name\":\"Home\",\"item\":\"https:\/\/www.capgemini.com\/es-es\/\"},{\"@type\":\"ListItem\",\"position\":2,\"name\":\"Soluciones\",\"item\":\"https:\/\/www.capgemini.com\/es-es\/soluciones\/\"},{\"@type\":\"ListItem\",\"position\":3,\"name\":\"Ingenier\u00eda de infraestructuras inteligentes para utilities\"}]},{\"@type\":\"WebSite\",\"@id\":\"https:\/\/www.capgemini.com\/es-es\/#website\",\"url\":\"https:\/\/www.capgemini.com\/es-es\/\",\"name\":\"Capgemini Espa\u00f1a\",\"description\":\"Capgemini\",\"potentialAction\":[{\"@type\":\"SearchAction\",\"target\":{\"@type\":\"EntryPoint\",\"urlTemplate\":\"https:\/\/www.capgemini.com\/es-es\/?s={search_term_string}\"},\"query-input\":\"required name=search_term_string\"}],\"inLanguage\":\"es-ES\"}]}<\/script>\n<!-- \/ Yoast SEO Premium plugin. -->","yoast_head_json":{"title":"Ingenier\u00eda de infraestructuras inteligentes para utilities - Capgemini Spain","description":"Aprovecha las oportunidades de servicio, eficiencia y seguridad de las infraestructuras inteligentes.","robots":{"index":"index","follow":"follow","max-snippet":"max-snippet:-1","max-image-preview":"max-image-preview:large","max-video-preview":"max-video-preview:-1"},"canonical":"https:\/\/www.capgemini.com\/es-es\/soluciones\/ingenieria-infraestructuras-inteligentes-utilities\/","og_locale":"es_ES","og_type":"article","og_title":"Ingenier\u00eda de infraestructuras inteligentes para utilities","og_description":"Aprovecha las oportunidades de servicio, eficiencia y seguridad de las infraestructuras inteligentes.","og_url":"https:\/\/www.capgemini.com\/es-es\/soluciones\/ingenieria-infraestructuras-inteligentes-utilities\/","og_site_name":"Capgemini Spain","article_modified_time":"2025-04-23T17:26:59+00:00","og_image":[{"url":"https:\/\/prod.ucwe.capgemini.com\/wp-content\/uploads\/2023\/11\/next-gen-ami.webp"}],"twitter_card":"summary_large_image","twitter_description":"Aprovecha las oportunidades de servicio, eficiencia y seguridad de las infraestructuras inteligentes.","twitter_misc":{"Est. reading time":"4 minutes"},"schema":{"@context":"https:\/\/schema.org","@graph":[{"@type":"WebPage","@id":"https:\/\/www.capgemini.com\/es-es\/soluciones\/ingenieria-infraestructuras-inteligentes-utilities\/","url":"https:\/\/www.capgemini.com\/es-es\/soluciones\/ingenieria-infraestructuras-inteligentes-utilities\/","name":"Ingenier\u00eda de infraestructuras inteligentes para utilities - Capgemini Spain","isPartOf":{"@id":"https:\/\/www.capgemini.com\/es-es\/#website"},"primaryImageOfPage":{"@id":"https:\/\/www.capgemini.com\/es-es\/soluciones\/ingenieria-infraestructuras-inteligentes-utilities\/#primaryimage"},"image":{"@id":"https:\/\/www.capgemini.com\/es-es\/soluciones\/ingenieria-infraestructuras-inteligentes-utilities\/#primaryimage"},"thumbnailUrl":"https:\/\/www.capgemini.com\/wp-content\/uploads\/2023\/11\/next-gen-ami.webp","datePublished":"2025-04-23T17:26:57+00:00","dateModified":"2025-04-23T17:26:59+00:00","description":"Aprovecha las oportunidades de servicio, eficiencia y seguridad de las infraestructuras inteligentes.","breadcrumb":{"@id":"https:\/\/www.capgemini.com\/es-es\/soluciones\/ingenieria-infraestructuras-inteligentes-utilities\/#breadcrumb"},"inLanguage":"es-ES","potentialAction":[{"@type":"ReadAction","target":["https:\/\/www.capgemini.com\/es-es\/soluciones\/ingenieria-infraestructuras-inteligentes-utilities\/"]}]},{"@type":"ImageObject","inLanguage":"es-ES","@id":"https:\/\/www.capgemini.com\/es-es\/soluciones\/ingenieria-infraestructuras-inteligentes-utilities\/#primaryimage","url":"https:\/\/www.capgemini.com\/wp-content\/uploads\/2023\/11\/next-gen-ami.webp","contentUrl":"https:\/\/www.capgemini.com\/wp-content\/uploads\/2023\/11\/next-gen-ami.webp"},{"@type":"BreadcrumbList","@id":"https:\/\/www.capgemini.com\/es-es\/soluciones\/ingenieria-infraestructuras-inteligentes-utilities\/#breadcrumb","itemListElement":[{"@type":"ListItem","position":1,"name":"Home","item":"https:\/\/www.capgemini.com\/es-es\/"},{"@type":"ListItem","position":2,"name":"Soluciones","item":"https:\/\/www.capgemini.com\/es-es\/soluciones\/"},{"@type":"ListItem","position":3,"name":"Ingenier\u00eda de infraestructuras inteligentes para utilities"}]},{"@type":"WebSite","@id":"https:\/\/www.capgemini.com\/es-es\/#website","url":"https:\/\/www.capgemini.com\/es-es\/","name":"Capgemini Espa\u00f1a","description":"Capgemini","potentialAction":[{"@type":"SearchAction","target":{"@type":"EntryPoint","urlTemplate":"https:\/\/www.capgemini.com\/es-es\/?s={search_term_string}"},"query-input":"required name=search_term_string"}],"inLanguage":"es-ES"}]}},"brand_term":[],"parsely":{"version":"1.1.0","canonical_url":"https:\/\/capgemini.com\/es-es\/soluciones\/ingenieria-infraestructuras-inteligentes-utilities\/","smart_links":{"inbound":0,"outbound":0},"traffic_boost_suggestions_count":0,"meta":{"@context":"https:\/\/schema.org","@type":"WebPage","headline":"Ingenier\u00eda de infraestructuras inteligentes para utilities","url":"https:\/\/www.capgemini.com\/es-es\/soluciones\/ingenieria-infraestructuras-inteligentes-utilities\/","mainEntityOfPage":{"@type":"WebPage","@id":"https:\/\/www.capgemini.com\/es-es\/soluciones\/ingenieria-infraestructuras-inteligentes-utilities\/"},"thumbnailUrl":"","image":{"@type":"ImageObject","url":""},"articleSection":"Uncategorized","author":[],"creator":[],"publisher":{"@type":"Organization","name":"Capgemini Spain","logo":""},"keywords":[],"dateCreated":"2025-04-23T17:26:57Z","datePublished":"2025-04-23T17:26:57Z","dateModified":"2025-04-23T17:26:59Z"},"rendered":"<meta name=\"parsely-title\" content=\"Ingenier\u00eda de infraestructuras inteligentes para utilities\" \/>\n<meta name=\"parsely-link\" content=\"https:\/\/www.capgemini.com\/es-es\/soluciones\/ingenieria-infraestructuras-inteligentes-utilities\/\" \/>\n<meta name=\"parsely-type\" content=\"index\" \/>\n<meta name=\"parsely-pub-date\" content=\"2025-04-23T17:26:57Z\" \/>\n<meta name=\"parsely-section\" content=\"Uncategorized\" \/>","tracker_url":"https:\/\/cdn.parsely.com\/keys\/capgemini.com\/p.js"},"archive_status":false,"featured_image_src":"https:\/\/www.capgemini.com\/es-es\/wp-content\/themes\/capgemini2025\/assets\/images\/mockup.png","featured_image_alt":false,"jetpack_sharing_enabled":true,"distributor_meta":false,"distributor_terms":false,"distributor_media":false,"distributor_original_site_name":"Capgemini Spain","distributor_original_site_url":"https:\/\/www.capgemini.com\/es-es","push-errors":false,"_links":{"self":[{"href":"https:\/\/www.capgemini.com\/es-es\/wp-json\/wp\/v2\/pages\/572333","targetHints":{"allow":["GET"]}}],"collection":[{"href":"https:\/\/www.capgemini.com\/es-es\/wp-json\/wp\/v2\/pages"}],"about":[{"href":"https:\/\/www.capgemini.com\/es-es\/wp-json\/wp\/v2\/types\/page"}],"author":[{"embeddable":true,"href":"https:\/\/www.capgemini.com\/es-es\/wp-json\/wp\/v2\/users\/81"}],"replies":[{"embeddable":true,"href":"https:\/\/www.capgemini.com\/es-es\/wp-json\/wp\/v2\/comments?post=572333"}],"version-history":[{"count":2,"href":"https:\/\/www.capgemini.com\/es-es\/wp-json\/wp\/v2\/pages\/572333\/revisions"}],"predecessor-version":[{"id":572337,"href":"https:\/\/www.capgemini.com\/es-es\/wp-json\/wp\/v2\/pages\/572333\/revisions\/572337"}],"up":[{"embeddable":true,"href":"https:\/\/www.capgemini.com\/es-es\/wp-json\/wp\/v2\/pages\/537594"}],"wp:attachment":[{"href":"https:\/\/www.capgemini.com\/es-es\/wp-json\/wp\/v2\/media?parent=572333"}],"wp:term":[{"taxonomy":"brand","embeddable":true,"href":"https:\/\/www.capgemini.com\/es-es\/wp-json\/wp\/v2\/brand?post=572333"},{"taxonomy":"partner_type","embeddable":true,"href":"https:\/\/www.capgemini.com\/es-es\/wp-json\/wp\/v2\/partner_type?post=572333"},{"taxonomy":"service","embeddable":true,"href":"https:\/\/www.capgemini.com\/es-es\/wp-json\/wp\/v2\/service?post=572333"},{"taxonomy":"industry","embeddable":true,"href":"https:\/\/www.capgemini.com\/es-es\/wp-json\/wp\/v2\/industry?post=572333"},{"taxonomy":"partners","embeddable":true,"href":"https:\/\/www.capgemini.com\/es-es\/wp-json\/wp\/v2\/partners?post=572333"},{"taxonomy":"page-type","embeddable":true,"href":"https:\/\/www.capgemini.com\/es-es\/wp-json\/wp\/v2\/page-type?post=572333"},{"taxonomy":"content-group","embeddable":true,"href":"https:\/\/www.capgemini.com\/es-es\/wp-json\/wp\/v2\/content-group?post=572333"}],"curies":[{"name":"wp","href":"https:\/\/api.w.org\/{rel}","templated":true}]}}