{"id":5673,"date":"2021-09-21T12:18:13","date_gmt":"2021-09-21T12:18:13","guid":{"rendered":"https:\/\/www.capgemini.com\/?page_id=626712"},"modified":"2025-03-12T07:53:56","modified_gmt":"2025-03-12T06:53:56","slug":"admnext-para-compania-electricas","status":"publish","type":"page","link":"https:\/\/www.capgemini.com\/es-es\/soluciones\/admnext-para-compania-electricas\/","title":{"rendered":"ADMnext para compa\u00f1\u00eda el\u00e9ctricas"},"content":{"rendered":"\n<header class=\"wp-block-cg-blocks-hero-reusable header heroReusable  \"><div class=\"header-bgs\"><picture><source srcset=\"https:\/\/www.capgemini.com\/wp-content\/uploads\/2018\/11\/sap-hana.jpg?w=2880&amp;quality=70 1x, https:\/\/www.capgemini.com\/wp-content\/uploads\/2018\/11\/sap-hana.jpg?w=2880&amp;quality=70 2x\" media=\"(min-width: 1500px)\"\/><source srcset=\"https:\/\/www.capgemini.com\/wp-content\/uploads\/2018\/11\/sap-hana.jpg?w=1440&amp;quality=70 1x, https:\/\/www.capgemini.com\/wp-content\/uploads\/2018\/11\/sap-hana.jpg?w=2880&amp;quality=70 2x\" media=\"(min-width: 992px)\"\/><source srcset=\"https:\/\/www.capgemini.com\/wp-content\/uploads\/2018\/11\/sap-hana.jpg?w=1024&amp;quality=70 1x, https:\/\/www.capgemini.com\/wp-content\/uploads\/2018\/11\/sap-hana.jpg?w=1024&amp;quality=70 2x\" media=\"(min-width: 768px)\"\/><source srcset=\"https:\/\/www.capgemini.com\/wp-content\/uploads\/2018\/11\/sap-hana.jpg?w=768&amp;quality=70 1x, https:\/\/www.capgemini.com\/wp-content\/uploads\/2018\/11\/sap-hana.jpg?w=768&amp;quality=70 2x\" media=\"(min-width: 0)\"\/><img decoding=\"async\" src=\"https:\/\/www.capgemini.com\/wp-content\/uploads\/2018\/11\/sap-hana.jpg\" class=\"header-img header-img-d\" alt=\"\" style=\"object-fit:cover;object-position:50% 50%\" loading=\"eager\"\/><\/picture><\/div><div class=\"heroPictureCardHeaderShape\"><\/div><div class=\"container\"><div class=\"row\"><div class=\"col-md-12\"><div class=\"box\"><div class=\"boxTagWrapper\"><div class=\"tagInfo\"><div><span class=\"box-tag\">Solution<\/span><\/div><\/div><\/div><div class=\"box-title\"><h1 data-maxlength=\"34\">ADMnext para compa\u00f1\u00eda el\u00e9ctricas<\/h1><\/div><div class=\"inner-row-insight download-btn\"><div class=\"col-md-4 downloadFiles addPadding\"><a class=\"button-download--small\" type=\"download\" href=\"https:\/\/www.capgemini.com\/wp-content\/uploads\/2021\/09\/ADMnext-Electric-Utilities.pdf\" target=\"_blank\" rel=\"noopener noreferrer\" title=\"abrir en una nueva ventana\"><span>Download Brochure<\/span><span class=\"type\">2 MB  pdf<\/span><\/a><\/div><\/div><\/div><\/div><\/div><\/div><\/header>\n\n\n\n<section class=\"wp-block-cg-blocks-intro-para undefined section section--intro\"><div class=\"intro-para\"><div class=\"container\"><div class=\"row\"><div class=\"col-12 col-md-1\"><nav class=\"article-social\"><ul class=\"social-nav\"><li class=\"ip-order-fb\"><a href=\"https:\/\/www.facebook.com\/sharer\/sharer.php?u=https:\/\/www.capgemini.com\/es-es\/soluciones\/admnext-para-compania-electricas\/\" target=\"_blank\" rel=\"noopener noreferrer\" title=\"abrir en una nueva ventana\"><i aria-hidden=\"true\" class=\"icon-fb\"><\/i><span class=\"sr-only\">Facebook<\/span><\/a><\/li><li class=\"ip-order-li\"><a href=\"https:\/\/www.linkedin.com\/sharing\/share-offsite\/?url=https:\/\/www.capgemini.com\/es-es\/soluciones\/admnext-para-compania-electricas\/\" target=\"_blank\" rel=\"noopener noreferrer\" title=\"abrir en una nueva ventana\"><i aria-hidden=\"true\" class=\"icon-li\"><\/i><span class=\"sr-only\">Linkedin<\/span><\/a><\/li><\/ul><\/nav><\/div><div class=\"col-12 col-md-11 col-lg-10\"><h2 class=\"intro-para-title\">A medida que se transforman las redes de distribuci\u00f3n, los operadores de transmisi\u00f3n y distribuci\u00f3n inteligentes deben adaptarse y abordar una serie de desaf\u00edos crecientes.<\/h2><p class=\"intro-para-content\">Estos desaf\u00edos incluyen una mayor proporci\u00f3n de energ\u00edas renovables distribuidas e intermitentes, lo que puede resultar en una mayor inestabilidad de la red, junto con la necesidad de mejores soluciones de almacenamiento y el aprovechamiento de tecnolog\u00edas digitales maduras como IoT, 5G e IA para lograr el progreso.<\/p><\/div><\/div><\/div><\/div><\/section>\n\n\n\n<section class=\"wp-block-cg-blocks-group undefined section section--article-content\"><div class=\"article-main-content\"><div class=\"container\"><div class=\"row\"><div class=\"col-12 col-md-11 col-lg-10 offset-md-1 offset-lg-1\"><div class=\"article-text article-quote-text\">\n<h3 class=\"wp-block-heading\" id=\"h-adaptarse-a-los-desafios-crecientes\"><strong>Adaptarse a los desaf\u00edos crecientes<\/strong><\/h3>\n\n\n\n<p>A medida que se transforman las redes de distribuci\u00f3n, los operadores de transmisi\u00f3n y distribuci\u00f3n inteligentes deben adaptarse y abordar una serie de desaf\u00edos crecientes. Estos desaf\u00edos incluyen una mayor proporci\u00f3n de energ\u00edas renovables distribuidas e intermitentes, lo que puede resultar en una mayor inestabilidad de la red, junto con la necesidad de mejores soluciones de almacenamiento y el aprovechamiento de tecnolog\u00edas digitales maduras como IoT, 5G e IA para lograr el progreso.<\/p>\n\n\n\n<p>Tambi\u00e9n existe la necesidad de una mayor capacidad de recuperaci\u00f3n de la red frente a los fen\u00f3menos meteorol\u00f3gicos y la responsabilidad por la transici\u00f3n energ\u00e9tica. Adem\u00e1s, los modelos comerciales actuales est\u00e1n bajo una mayor presi\u00f3n con las microrredes y el autoconsumo que afectan los ingresos de T&amp;D. En general, es esencial que los operadores inteligentes de transmisi\u00f3n y distribuci\u00f3n:<\/p>\n\n\n\n<ul class=\"wp-block-list\">\n<li>Administre la red de distribuci\u00f3n de manera m\u00e1s eficiente y acomode el cambio de arquitectura y el flujo bidireccional<\/li>\n\n\n\n<li>Integre nuevos usos y generadores distribuidos de electricidad<\/li>\n\n\n\n<li>Difunda, proteja y compartan datos de forma segura con m\u00faltiples partes interesadas<\/li>\n<\/ul>\n\n\n\n<p>Entonces, \u00bfc\u00f3mo garantizar que abordar\u00e1s todos estos desaf\u00edos y har\u00e1s crecer tu negocio en este espacio que cambia r\u00e1pidamente?<\/p>\n\n\n\n<h2 class=\"wp-block-heading\" id=\"h-\"><\/h2>\n\n\n\n<h3 class=\"wp-block-heading\" id=\"h-presentamos-admnext-de-capgemini-para-servicios-publicos-de-electricidad-impulsando-la-atencion-al-cliente-la-ciberseguridad-la-modernizacion-la-reduccion-de-costos-y-el-cumplimiento-normativo\"><strong>Presentamos ADMnext de Capgemini para servicios p\u00fablicos de electricidad: Impulsando la atenci\u00f3n al cliente, la ciberseguridad, la modernizaci\u00f3n, la reducci\u00f3n de costos y el cumplimiento normativo<\/strong><\/h3>\n\n\n\n<p>ADMnext para compa\u00f1\u00edas el\u00e9ctricas de Capgemini, te ayuda a cumplir con todas sus principales prioridades al permitirte, en primer lugar, concentrarte mejor en tus clientes finales con servicios personalizados de valor agregado y centrados en el negocio, que est\u00e1n habilitados por tecnolog\u00edas y soluciones digitales de vanguardia:<\/p>\n\n\n\n<ul class=\"wp-block-list\">\n<li>Los servicios ADM adaptativos aplican nuestras capacidades de hiperautomatizaci\u00f3n con la plataforma de automatizaci\u00f3n inteligente de Capgemini para ayudarte a lograr reducciones de costos y mejoras continuas<\/li>\n\n\n\n<li>Los servicios de modernizaci\u00f3n optimizan tu patrimonio de TI y administran tu infraestructura de nube y datos para garantizar la convergencia de TI y TO<\/li>\n\n\n\n<li>Business Insightful Services incluye la plataforma de automatizaci\u00f3n inteligente para empresas de Capgemini, que garantiza un enfoque basado en resultados que cumple con los KPI empresariales y Smart AM y la eficiencia del proceso<\/li>\n\n\n\n<li>Los productos y servicios emergentes brindan soluciones de red inteligente a escala para ayudarte a modernizar tu red inteligente y administrar el riesgo de ciberseguridad.<\/li>\n<\/ul>\n\n\n\n<h2 class=\"wp-block-heading\" id=\"h-\"><\/h2>\n\n\n\n<p>Al aplicar estos servicios en todas tus operaciones, ADMnext para Electric Utilities de Capgemini trabaja de cerca contigo para:<\/p>\n\n\n\n<ul class=\"wp-block-list\">\n<li>Implementar soluciones de redes inteligentes a escala<\/li>\n\n\n\n<li>Hacer crecer tus servicios y mejorar la resiliencia y la continuidad del suministro<\/li>\n\n\n\n<li>Aprovechar los datos y habilitar la convergencia de TI y TO<\/li>\n\n\n\n<li>Reducir costos e impulsar la mejora continua.<\/li>\n<\/ul>\n\n\n\n<h2 class=\"wp-block-heading\" id=\"h-\"><\/h2>\n\n\n\n<p>Para obtener m\u00e1s informaci\u00f3n sobre c\u00f3mo puede asegurar todos estos beneficios para tu negocio, descarga la informaci\u00f3n completa a la derecha y cont\u00c1ctanos <a href=\"mailto:admnextmarketing.global@capgemini.com\">aqu\u00ed<\/a> para obtener m\u00e1s informaci\u00f3n sobre ADMnext para compa\u00f1\u00edas el\u00e9ctricas de Capgemini.<\/p>\n<\/div><\/div><\/div><\/div><\/div><\/section>\n","protected":false},"excerpt":{"rendered":"","protected":false},"author":35,"featured_media":0,"parent":537594,"menu_order":0,"comment_status":"closed","ping_status":"closed","template":"","meta":{"cg_dt_proposed_to":[0],"cg_seo_hreflang_relations":"[]","cg_seo_canonical_relation":"","cg_seo_hreflang_x_default_relation":"{\"uuid\":\"4df20c08-d718-4cfd-8b0e-143930f63954\",\"blogId\":\"\",\"domain\":\"\",\"sitePath\":\"\",\"postLink\":\"\",\"postId\":null,\"isSaved\":true,\"isCrossLink\":false,\"hasCrossLink\":false}","cg_dt_approved_content":false,"cg_dt_mandatory_content":false,"cg_dt_notes":"","cg_dg_source_changed":false,"cg_dt_link_disabled":false,"_yoast_wpseo_primary_brand":"","footnotes":"","featured_focal_points":"","partner_card_description":"","gsap_animation":0},"brand":[],"partner_type":[],"service":[165],"industry":[],"partners":[],"page-type":[339],"content-group":[],"class_list":["post-5673","page","type-page","status-publish","hentry","service-enterprise-management","page-type-solutions"],"yoast_head":"<!-- This site is optimized with the Yoast SEO Premium plugin v22.8 (Yoast SEO v22.8) - https:\/\/yoast.com\/wordpress\/plugins\/seo\/ -->\n<title>Admnext para compa\u00f1\u00eda el\u00e9ctricas | Capgemini<\/title>\n<meta name=\"description\" content=\"ADMnext para compa\u00f1\u00edas el\u00e9ctricas te ayuda a cumplir con todas tus principales prioridades al permitirte concentrarte mejor en tus clientes finales con servicios personalizados de valor a\u00f1adido y centrados en el negocio, que est\u00e1n habilitados por tecnolog\u00edas y soluciones digitales de vanguardia\" \/>\n<meta name=\"robots\" content=\"index, follow, max-snippet:-1, max-image-preview:large, max-video-preview:-1\" \/>\n<link rel=\"canonical\" href=\"https:\/\/www.capgemini.com\/es-es\/soluciones\/admnext-para-compania-electricas\/\" \/>\n<meta property=\"og:locale\" content=\"es_ES\" \/>\n<meta property=\"og:type\" content=\"article\" \/>\n<meta property=\"og:title\" content=\"ADMnext para compa\u00f1\u00eda el\u00e9ctricas\" \/>\n<meta property=\"og:description\" content=\"ADMnext para compa\u00f1\u00edas el\u00e9ctricas te ayuda a cumplir con todas tus principales prioridades al permitirte concentrarte mejor en tus clientes finales con servicios personalizados de valor a\u00f1adido y centrados en el negocio, que est\u00e1n habilitados por tecnolog\u00edas y soluciones digitales de vanguardia\" \/>\n<meta property=\"og:url\" content=\"https:\/\/www.capgemini.com\/es-es\/soluciones\/admnext-para-compania-electricas\/\" \/>\n<meta property=\"og:site_name\" content=\"Capgemini Spain\" \/>\n<meta property=\"article:modified_time\" content=\"2025-03-12T06:53:56+00:00\" \/>\n<meta property=\"og:image\" content=\"https:\/\/www.capgemini.com\/wp-content\/uploads\/2018\/11\/sap-hana.jpg\" \/>\n<meta name=\"twitter:card\" content=\"summary_large_image\" \/>\n<script type=\"application\/ld+json\" class=\"yoast-schema-graph\">{\"@context\":\"https:\/\/schema.org\",\"@graph\":[{\"@type\":\"WebPage\",\"@id\":\"https:\/\/www.capgemini.com\/es-es\/soluciones\/admnext-para-compania-electricas\/\",\"url\":\"https:\/\/www.capgemini.com\/es-es\/soluciones\/admnext-para-compania-electricas\/\",\"name\":\"Admnext para compa\u00f1\u00eda el\u00e9ctricas | Capgemini\",\"isPartOf\":{\"@id\":\"https:\/\/www.capgemini.com\/es-es\/#website\"},\"primaryImageOfPage\":{\"@id\":\"https:\/\/www.capgemini.com\/es-es\/soluciones\/admnext-para-compania-electricas\/#primaryimage\"},\"image\":{\"@id\":\"https:\/\/www.capgemini.com\/es-es\/soluciones\/admnext-para-compania-electricas\/#primaryimage\"},\"thumbnailUrl\":\"https:\/\/www.capgemini.com\/wp-content\/uploads\/2018\/11\/sap-hana.jpg\",\"datePublished\":\"2021-09-21T12:18:13+00:00\",\"dateModified\":\"2025-03-12T06:53:56+00:00\",\"description\":\"ADMnext para compa\u00f1\u00edas el\u00e9ctricas te ayuda a cumplir con todas tus principales prioridades al permitirte concentrarte mejor en tus clientes finales con servicios personalizados de valor a\u00f1adido y centrados en el negocio, que est\u00e1n habilitados por tecnolog\u00edas y soluciones digitales de vanguardia\",\"breadcrumb\":{\"@id\":\"https:\/\/www.capgemini.com\/es-es\/soluciones\/admnext-para-compania-electricas\/#breadcrumb\"},\"inLanguage\":\"es-ES\",\"potentialAction\":[{\"@type\":\"ReadAction\",\"target\":[\"https:\/\/www.capgemini.com\/es-es\/soluciones\/admnext-para-compania-electricas\/\"]}]},{\"@type\":\"ImageObject\",\"inLanguage\":\"es-ES\",\"@id\":\"https:\/\/www.capgemini.com\/es-es\/soluciones\/admnext-para-compania-electricas\/#primaryimage\",\"url\":\"https:\/\/www.capgemini.com\/wp-content\/uploads\/2018\/11\/sap-hana.jpg\",\"contentUrl\":\"https:\/\/www.capgemini.com\/wp-content\/uploads\/2018\/11\/sap-hana.jpg\"},{\"@type\":\"BreadcrumbList\",\"@id\":\"https:\/\/www.capgemini.com\/es-es\/soluciones\/admnext-para-compania-electricas\/#breadcrumb\",\"itemListElement\":[{\"@type\":\"ListItem\",\"position\":1,\"name\":\"Home\",\"item\":\"https:\/\/www.capgemini.com\/es-es\/\"},{\"@type\":\"ListItem\",\"position\":2,\"name\":\"Soluciones\",\"item\":\"https:\/\/www.capgemini.com\/es-es\/soluciones\/\"},{\"@type\":\"ListItem\",\"position\":3,\"name\":\"ADMnext para compa\u00f1\u00eda el\u00e9ctricas\"}]},{\"@type\":\"WebSite\",\"@id\":\"https:\/\/www.capgemini.com\/es-es\/#website\",\"url\":\"https:\/\/www.capgemini.com\/es-es\/\",\"name\":\"Capgemini Espa\u00f1a\",\"description\":\"Capgemini\",\"potentialAction\":[{\"@type\":\"SearchAction\",\"target\":{\"@type\":\"EntryPoint\",\"urlTemplate\":\"https:\/\/www.capgemini.com\/es-es\/?s={search_term_string}\"},\"query-input\":\"required name=search_term_string\"}],\"inLanguage\":\"es-ES\"}]}<\/script>\n<!-- \/ Yoast SEO Premium plugin. -->","yoast_head_json":{"title":"Admnext para compa\u00f1\u00eda el\u00e9ctricas | Capgemini","description":"ADMnext para compa\u00f1\u00edas el\u00e9ctricas te ayuda a cumplir con todas tus principales prioridades al permitirte concentrarte mejor en tus clientes finales con servicios personalizados de valor a\u00f1adido y centrados en el negocio, que est\u00e1n habilitados por tecnolog\u00edas y soluciones digitales de vanguardia","robots":{"index":"index","follow":"follow","max-snippet":"max-snippet:-1","max-image-preview":"max-image-preview:large","max-video-preview":"max-video-preview:-1"},"canonical":"https:\/\/www.capgemini.com\/es-es\/soluciones\/admnext-para-compania-electricas\/","og_locale":"es_ES","og_type":"article","og_title":"ADMnext para compa\u00f1\u00eda el\u00e9ctricas","og_description":"ADMnext para compa\u00f1\u00edas el\u00e9ctricas te ayuda a cumplir con todas tus principales prioridades al permitirte concentrarte mejor en tus clientes finales con servicios personalizados de valor a\u00f1adido y centrados en el negocio, que est\u00e1n habilitados por tecnolog\u00edas y soluciones digitales de vanguardia","og_url":"https:\/\/www.capgemini.com\/es-es\/soluciones\/admnext-para-compania-electricas\/","og_site_name":"Capgemini Spain","article_modified_time":"2025-03-12T06:53:56+00:00","og_image":[{"url":"https:\/\/www.capgemini.com\/wp-content\/uploads\/2018\/11\/sap-hana.jpg"}],"twitter_card":"summary_large_image","schema":{"@context":"https:\/\/schema.org","@graph":[{"@type":"WebPage","@id":"https:\/\/www.capgemini.com\/es-es\/soluciones\/admnext-para-compania-electricas\/","url":"https:\/\/www.capgemini.com\/es-es\/soluciones\/admnext-para-compania-electricas\/","name":"Admnext para compa\u00f1\u00eda el\u00e9ctricas | Capgemini","isPartOf":{"@id":"https:\/\/www.capgemini.com\/es-es\/#website"},"primaryImageOfPage":{"@id":"https:\/\/www.capgemini.com\/es-es\/soluciones\/admnext-para-compania-electricas\/#primaryimage"},"image":{"@id":"https:\/\/www.capgemini.com\/es-es\/soluciones\/admnext-para-compania-electricas\/#primaryimage"},"thumbnailUrl":"https:\/\/www.capgemini.com\/wp-content\/uploads\/2018\/11\/sap-hana.jpg","datePublished":"2021-09-21T12:18:13+00:00","dateModified":"2025-03-12T06:53:56+00:00","description":"ADMnext para compa\u00f1\u00edas el\u00e9ctricas te ayuda a cumplir con todas tus principales prioridades al permitirte concentrarte mejor en tus clientes finales con servicios personalizados de valor a\u00f1adido y centrados en el negocio, que est\u00e1n habilitados por tecnolog\u00edas y soluciones digitales de vanguardia","breadcrumb":{"@id":"https:\/\/www.capgemini.com\/es-es\/soluciones\/admnext-para-compania-electricas\/#breadcrumb"},"inLanguage":"es-ES","potentialAction":[{"@type":"ReadAction","target":["https:\/\/www.capgemini.com\/es-es\/soluciones\/admnext-para-compania-electricas\/"]}]},{"@type":"ImageObject","inLanguage":"es-ES","@id":"https:\/\/www.capgemini.com\/es-es\/soluciones\/admnext-para-compania-electricas\/#primaryimage","url":"https:\/\/www.capgemini.com\/wp-content\/uploads\/2018\/11\/sap-hana.jpg","contentUrl":"https:\/\/www.capgemini.com\/wp-content\/uploads\/2018\/11\/sap-hana.jpg"},{"@type":"BreadcrumbList","@id":"https:\/\/www.capgemini.com\/es-es\/soluciones\/admnext-para-compania-electricas\/#breadcrumb","itemListElement":[{"@type":"ListItem","position":1,"name":"Home","item":"https:\/\/www.capgemini.com\/es-es\/"},{"@type":"ListItem","position":2,"name":"Soluciones","item":"https:\/\/www.capgemini.com\/es-es\/soluciones\/"},{"@type":"ListItem","position":3,"name":"ADMnext para compa\u00f1\u00eda el\u00e9ctricas"}]},{"@type":"WebSite","@id":"https:\/\/www.capgemini.com\/es-es\/#website","url":"https:\/\/www.capgemini.com\/es-es\/","name":"Capgemini Espa\u00f1a","description":"Capgemini","potentialAction":[{"@type":"SearchAction","target":{"@type":"EntryPoint","urlTemplate":"https:\/\/www.capgemini.com\/es-es\/?s={search_term_string}"},"query-input":"required name=search_term_string"}],"inLanguage":"es-ES"}]}},"brand_term":[],"parsely":{"version":"1.1.0","canonical_url":"https:\/\/capgemini.com\/es-es\/soluciones\/admnext-para-compania-electricas\/","smart_links":{"inbound":0,"outbound":0},"traffic_boost_suggestions_count":0,"meta":{"@context":"https:\/\/schema.org","@type":"WebPage","headline":"ADMnext para compa\u00f1\u00eda el\u00e9ctricas","url":"https:\/\/www.capgemini.com\/es-es\/soluciones\/admnext-para-compania-electricas\/","mainEntityOfPage":{"@type":"WebPage","@id":"https:\/\/www.capgemini.com\/es-es\/soluciones\/admnext-para-compania-electricas\/"},"thumbnailUrl":"","image":{"@type":"ImageObject","url":""},"articleSection":"Uncategorized","author":[],"creator":[],"publisher":{"@type":"Organization","name":"Capgemini Spain","logo":""},"keywords":[],"dateCreated":"2021-09-21T12:18:13Z","datePublished":"2021-09-21T12:18:13Z","dateModified":"2025-03-12T06:53:56Z"},"rendered":"<meta name=\"parsely-title\" content=\"ADMnext para compa\u00f1\u00eda el\u00e9ctricas\" \/>\n<meta name=\"parsely-link\" content=\"https:\/\/www.capgemini.com\/es-es\/soluciones\/admnext-para-compania-electricas\/\" \/>\n<meta name=\"parsely-type\" content=\"index\" \/>\n<meta name=\"parsely-pub-date\" content=\"2021-09-21T12:18:13Z\" \/>\n<meta name=\"parsely-section\" content=\"Uncategorized\" \/>","tracker_url":"https:\/\/cdn.parsely.com\/keys\/capgemini.com\/p.js"},"archive_status":false,"featured_image_src":"https:\/\/www.capgemini.com\/es-es\/wp-content\/themes\/capgemini2025\/assets\/images\/mockup.png","featured_image_alt":false,"jetpack_sharing_enabled":true,"distributor_meta":false,"distributor_terms":false,"distributor_media":false,"distributor_original_site_name":"Capgemini Spain","distributor_original_site_url":"https:\/\/www.capgemini.com\/es-es","push-errors":false,"_links":{"self":[{"href":"https:\/\/www.capgemini.com\/es-es\/wp-json\/wp\/v2\/pages\/5673","targetHints":{"allow":["GET"]}}],"collection":[{"href":"https:\/\/www.capgemini.com\/es-es\/wp-json\/wp\/v2\/pages"}],"about":[{"href":"https:\/\/www.capgemini.com\/es-es\/wp-json\/wp\/v2\/types\/page"}],"author":[{"embeddable":true,"href":"https:\/\/www.capgemini.com\/es-es\/wp-json\/wp\/v2\/users\/35"}],"replies":[{"embeddable":true,"href":"https:\/\/www.capgemini.com\/es-es\/wp-json\/wp\/v2\/comments?post=5673"}],"version-history":[{"count":5,"href":"https:\/\/www.capgemini.com\/es-es\/wp-json\/wp\/v2\/pages\/5673\/revisions"}],"predecessor-version":[{"id":567823,"href":"https:\/\/www.capgemini.com\/es-es\/wp-json\/wp\/v2\/pages\/5673\/revisions\/567823"}],"up":[{"embeddable":true,"href":"https:\/\/www.capgemini.com\/es-es\/wp-json\/wp\/v2\/pages\/537594"}],"wp:attachment":[{"href":"https:\/\/www.capgemini.com\/es-es\/wp-json\/wp\/v2\/media?parent=5673"}],"wp:term":[{"taxonomy":"brand","embeddable":true,"href":"https:\/\/www.capgemini.com\/es-es\/wp-json\/wp\/v2\/brand?post=5673"},{"taxonomy":"partner_type","embeddable":true,"href":"https:\/\/www.capgemini.com\/es-es\/wp-json\/wp\/v2\/partner_type?post=5673"},{"taxonomy":"service","embeddable":true,"href":"https:\/\/www.capgemini.com\/es-es\/wp-json\/wp\/v2\/service?post=5673"},{"taxonomy":"industry","embeddable":true,"href":"https:\/\/www.capgemini.com\/es-es\/wp-json\/wp\/v2\/industry?post=5673"},{"taxonomy":"partners","embeddable":true,"href":"https:\/\/www.capgemini.com\/es-es\/wp-json\/wp\/v2\/partners?post=5673"},{"taxonomy":"page-type","embeddable":true,"href":"https:\/\/www.capgemini.com\/es-es\/wp-json\/wp\/v2\/page-type?post=5673"},{"taxonomy":"content-group","embeddable":true,"href":"https:\/\/www.capgemini.com\/es-es\/wp-json\/wp\/v2\/content-group?post=5673"}],"curies":[{"name":"wp","href":"https:\/\/api.w.org\/{rel}","templated":true}]}}