{"id":5670,"date":"2022-12-14T05:26:27","date_gmt":"2022-12-14T05:26:27","guid":{"rendered":"https:\/\/www.capgemini.com\/?page_id=626743"},"modified":"2026-01-06T08:33:03","modified_gmt":"2026-01-06T07:33:03","slug":"oficina-diseno","status":"publish","type":"page","link":"https:\/\/www.capgemini.com\/es-es\/soluciones\/oficina-diseno\/","title":{"rendered":"Oficina de dise\u00f1o"},"content":{"rendered":"\n<header class=\"wp-block-cg-blocks-hero-reusable header heroReusable  \"><div class=\"header-bgs\"><picture><source srcset=\"https:\/\/www.capgemini.com\/dk-en\/wp-content\/uploads\/2021\/08\/Capgemini_New-Normal.jpg?w=2880&amp;quality=70 1x, https:\/\/www.capgemini.com\/dk-en\/wp-content\/uploads\/2021\/08\/Capgemini_New-Normal.jpg?w=2880&amp;quality=70 2x\" media=\"(min-width: 1500px)\"\/><source srcset=\"https:\/\/www.capgemini.com\/dk-en\/wp-content\/uploads\/2021\/08\/Capgemini_New-Normal.jpg?w=1440&amp;quality=70 1x, https:\/\/www.capgemini.com\/dk-en\/wp-content\/uploads\/2021\/08\/Capgemini_New-Normal.jpg?w=2880&amp;quality=70 2x\" media=\"(min-width: 992px)\"\/><source srcset=\"https:\/\/www.capgemini.com\/dk-en\/wp-content\/uploads\/2021\/08\/Capgemini_New-Normal.jpg?w=1024&amp;quality=70 1x, https:\/\/www.capgemini.com\/dk-en\/wp-content\/uploads\/2021\/08\/Capgemini_New-Normal.jpg?w=1024&amp;quality=70 2x\" media=\"(min-width: 768px)\"\/><source srcset=\"https:\/\/www.capgemini.com\/dk-en\/wp-content\/uploads\/2021\/08\/Capgemini_New-Normal.jpg?w=768&amp;quality=70 1x, https:\/\/www.capgemini.com\/dk-en\/wp-content\/uploads\/2021\/08\/Capgemini_New-Normal.jpg?w=768&amp;quality=70 2x\" media=\"(min-width: 0)\"\/><img decoding=\"async\" src=\"https:\/\/www.capgemini.com\/dk-en\/wp-content\/uploads\/2021\/08\/Capgemini_New-Normal.jpg\" class=\"header-img header-img-d\" alt=\"\" style=\"object-fit:cover;object-position:50% 50%\" loading=\"eager\"\/><\/picture><\/div><div class=\"heroPictureCardHeaderShape\"><\/div><div class=\"container\"><div class=\"row\"><div class=\"col-md-12\"><div class=\"box\"><div class=\"boxTagWrapper\"><div class=\"tagInfo\"><div><span class=\"box-tag\">Solution<\/span><\/div><\/div><\/div><div class=\"box-title\"><h1 data-maxlength=\"34\">Oficina de dise\u00f1o<\/h1><\/div><h2 class=\"reasearchInsightTitle\">Un enfoque sistem\u00e1tico de la innovaci\u00f3n y la transformaci\u00f3n<\/h2><div class=\"inner-row-insight download-btn\"><div class=\"col-md-4 downloadFiles addPadding\"><a class=\"button-download--small\" type=\"download\" href=\"https:\/\/www.capgemini.com\/dk-en\/wp-content\/uploads\/2021\/09\/ADMnext_DesignOffice_Brochure.pdf\" target=\"_blank\" rel=\"noopener noreferrer\" title=\"abrir en una nueva ventana\"><span>Download Brochure<\/span><span class=\"type\">3 MB pdf<\/span><\/a><\/div><\/div><\/div><\/div><\/div><\/div><\/header>\n\n\n\n<section class=\"wp-block-cg-blocks-intro-para undefined section section--intro\"><div class=\"intro-para\"><div class=\"container\"><div class=\"row\"><div class=\"col-12 col-md-1\"><nav class=\"article-social\"><ul class=\"social-nav\"><li class=\"ip-order-fb\"><a href=\"https:\/\/www.facebook.com\/sharer\/sharer.php?u=https:\/\/www.capgemini.com\/es-es\/soluciones\/oficina-diseno\/\" target=\"_blank\" rel=\"noopener noreferrer\" title=\"abrir en una nueva ventana\"><i aria-hidden=\"true\" class=\"icon-fb\"><\/i><span class=\"sr-only\">Facebook<\/span><\/a><\/li><li class=\"ip-order-li\"><a href=\"https:\/\/www.linkedin.com\/sharing\/share-offsite\/?url=https:\/\/www.capgemini.com\/es-es\/soluciones\/oficina-diseno\/\" target=\"_blank\" rel=\"noopener noreferrer\" title=\"abrir en una nueva ventana\"><i aria-hidden=\"true\" class=\"icon-li\"><\/i><span class=\"sr-only\">Linkedin<\/span><\/a><\/li><\/ul><\/nav><\/div><div class=\"col-12 col-md-11 col-lg-10\"><h2 class=\"intro-para-title\">Un marco de trabajo probado para convertir su empresa en la que quiere que sea a prueba de disrupci\u00f3n, cambio y futuro.<\/h2><p class=\"intro-para-content\">La disrupci\u00f3n y la innovaci\u00f3n son constantes. Las nuevas ideas y tecnolog\u00edas est\u00e1n haciendo y deshaciendo los negocios de hoy en d\u00eda, y reconfigurando industrias enteras. Empresas como Uber, Amazon y AirBnB son grandes ejemplos de compa\u00f1\u00edas que antes eran peque\u00f1as y que aprovechan las tecnolog\u00edas emergentes para reescribir completamente las reglas del juego.<br><br>As\u00ed pues, \u00bfc\u00f3mo puede preparar su empresa para el futuro y crear las condiciones adecuadas para que surja la innovaci\u00f3n? \u00bfC\u00f3mo se asegura ir siempre un paso por delante de sus competidores y estar preparado para ofrecer a sus clientes las experiencias m\u00e1s vanguardistas?<\/p><\/div><\/div><\/div><\/div><\/section>\n\n\n\n<section class=\"wp-block-cg-blocks-intro-para-video section section--info-2cols section--insights section-video \"><div class=\"bg-color video-align-right\"><div class=\"container\"><div class=\"row video-align-left\"><div class=\"col-md-12\"><div class=\"video-align-left row box box--4 box--mini\"><div class=\"col-md-3\"><h3 class=\"Video-title\" data-maxlength=\"34\">Oficina de dise\u00f1o<\/h3><div class=\"video-info\"><p data-maxlength=\"68\">Un enfoque sistem\u00e1tico de la innovaci\u00f3n y la transformaci\u00f3n.<\/p><\/div><\/div><div class=\"col-md-8 box-img-wrapper\"><div class=\"video-box\"><div class=\"video-wrapper\"><iframe title=\"video-section\" src=\"https:\/\/www.youtube.com\/embed\/S-TN4PEop70?rel=0&amp;modestbranding=1&amp;playsinline=1&amp;enablejsapi=1\" frameborder=\"0\" allow=\"accelerometer; autoplay; clipboard-write; encrypted-media; gyroscope; picture-in-picture\" allowfullscreen loading=\"lazy\" referrerpolicy=\"strict-origin-when-cross-origin\"><\/iframe><\/div><\/div><\/div><div class=\"col-md-1\"><\/div><\/div><\/div><\/div><\/div><\/div><\/section>\n\n\n\n<section class=\"wp-block-cg-blocks-group undefined section section--article-content\"><div class=\"article-main-content\"><div class=\"container\"><div class=\"row\"><div class=\"col-12 col-md-11 col-lg-10 offset-md-1 offset-lg-1\"><div class=\"article-text article-quote-text\">\n<h3 class=\"wp-block-heading\" id=\"h-presentacion-de-la-design-office-creando-las-condiciones-adecuadas-para-facilitar-la-innovacion-completa-ascendente-y-descendente-en-su-empresa\">Presentaci\u00f3n de la Design Office: Creando las condiciones adecuadas para facilitar la innovaci\u00f3n completa, ascendente y descendente en su empresa<\/h3>\n\n\n\n<p>La Design Office, que forma parte de la cartera de servicios ADMnext de Capgemini, es una incubadora de innovaci\u00f3n y transformaci\u00f3n que se integra directamente en su empresa. Su funci\u00f3n es hacer que las ideas surjan desde dentro o fuera de los equipos de proyecto, y luego asegurarse de que las ideas de mayor valor crezcan y se transformen en valiosos MVP y as\u00ed como en otros proyectos.<\/p>\n\n\n\n<p>En \u00faltima instancia, el objetivo de la Oficina de Dise\u00f1o es estimular e inspirar ideas desde abajo hacia arriba, dentro de los equipos de proyecto, o desde arriba hacia abajo a trav\u00e9s de nuestra red de innovaci\u00f3n, aprovechando las ideas que ya est\u00e1n listas para usar del ecosistema de Capgemini. Esto incluye nuestra amplia gama de CoEs y nuestro <a href=\"\/es-es\/quienes-somos\/quienes-somos1\/ecosistema-de-innovacion\/applied-innovation-exchange\/\">Applied Innovation Exchange (AIE)<\/a>.<\/p>\n\n\n\n<p>Al integrar Design Office en su negocio con nuestro equipo, le aportamos beneficios r\u00e1pidos y tangibles como:<\/p>\n\n\n\n<ul class=\"wp-block-list\">\n<li>Un tiempo de respuesta m\u00e1s r\u00e1pido desde la idea hasta la implementaci\u00f3n al equipar a los equipos con las herramientas y los marcos necesarios para la ideaci\u00f3n y la innovaci\u00f3n<\/li>\n\n\n\n<li>Innovaci\u00f3n continua e ininterrumpida a lo largo de cada compromiso<\/li>\n\n\n\n<li>Exploraci\u00f3n de tecnolog\u00edas nuevas y emergentes a trav\u00e9s de nuestra red de AIEs y COEs<\/li>\n\n\n\n<li>Mejoras exponenciales e incrementales<\/li>\n<\/ul>\n\n\n\n<p>Design Office llega a usted con un enfoque probado para la innovaci\u00f3n y le lleva directamente a su futuro.<\/p>\n\n\n\n<p>Descargue nuestro folleto de soluciones para obtener m\u00e1s informaci\u00f3n y p\u00f3ngase en <a href=\"mailto:admnext.global@capgemini.com\">contacto con<\/a> nosotros para empezar.<\/p>\n<\/div><\/div><\/div><\/div><\/div><\/section>\n","protected":false},"excerpt":{"rendered":"","protected":false},"author":35,"featured_media":0,"parent":537594,"menu_order":0,"comment_status":"closed","ping_status":"closed","template":"","meta":{"cg_dt_proposed_to":[0],"cg_seo_hreflang_relations":"[]","cg_seo_canonical_relation":"","cg_seo_hreflang_x_default_relation":"{\"uuid\":\"9ac430d3-7530-4c11-9c80-9ee75a1f20dc\",\"blogId\":\"\",\"domain\":\"\",\"sitePath\":\"\",\"postLink\":\"\",\"postId\":null,\"isSaved\":false,\"isCrossLink\":false,\"hasCrossLink\":false}","cg_dt_approved_content":false,"cg_dt_mandatory_content":false,"cg_dt_notes":"","cg_dg_source_changed":false,"cg_dt_link_disabled":false,"_yoast_wpseo_primary_brand":"","footnotes":"","featured_focal_points":"","partner_card_description":"","gsap_animation":0},"brand":[],"partner_type":[],"service":[165],"industry":[],"partners":[],"page-type":[339],"content-group":[],"class_list":["post-5670","page","type-page","status-publish","hentry","service-enterprise-management","page-type-solutions"],"yoast_head":"<!-- This site is optimized with the Yoast SEO Premium plugin v22.8 (Yoast SEO v22.8) - https:\/\/yoast.com\/wordpress\/plugins\/seo\/ -->\n<title>Oficina de dise\u00f1o - Capgemini Spain<\/title>\n<meta name=\"description\" content=\"Design Office de Capgemini, la incubadora que crea las condiciones adecuadas para facilitar la innovaci\u00f3n completa, ascendente y descendente en su empresa.\" \/>\n<meta name=\"robots\" content=\"index, follow, max-snippet:-1, max-image-preview:large, max-video-preview:-1\" \/>\n<link rel=\"canonical\" href=\"https:\/\/www.capgemini.com\/es-es\/soluciones\/oficina-diseno\/\" \/>\n<meta property=\"og:locale\" content=\"es_ES\" \/>\n<meta property=\"og:type\" content=\"article\" \/>\n<meta property=\"og:title\" content=\"Oficina de dise\u00f1o\" \/>\n<meta property=\"og:description\" content=\"Design Office de Capgemini, la incubadora que crea las condiciones adecuadas para facilitar la innovaci\u00f3n completa, ascendente y descendente en su empresa.\" \/>\n<meta property=\"og:url\" content=\"https:\/\/www.capgemini.com\/es-es\/soluciones\/oficina-diseno\/\" \/>\n<meta property=\"og:site_name\" content=\"Capgemini Spain\" \/>\n<meta property=\"article:modified_time\" content=\"2026-01-06T07:33:03+00:00\" \/>\n<meta property=\"og:image\" content=\"https:\/\/www.capgemini.com\/dk-en\/wp-content\/uploads\/2021\/08\/Capgemini_New-Normal.jpg\" \/>\n<meta name=\"twitter:card\" content=\"summary_large_image\" \/>\n<meta name=\"twitter:label1\" content=\"Est. reading time\" \/>\n\t<meta name=\"twitter:data1\" content=\"3 minutes\" \/>\n<script type=\"application\/ld+json\" class=\"yoast-schema-graph\">{\"@context\":\"https:\/\/schema.org\",\"@graph\":[{\"@type\":\"WebPage\",\"@id\":\"https:\/\/www.capgemini.com\/es-es\/soluciones\/oficina-diseno\/\",\"url\":\"https:\/\/www.capgemini.com\/es-es\/soluciones\/oficina-diseno\/\",\"name\":\"Oficina de dise\u00f1o - Capgemini Spain\",\"isPartOf\":{\"@id\":\"https:\/\/www.capgemini.com\/es-es\/#website\"},\"primaryImageOfPage\":{\"@id\":\"https:\/\/www.capgemini.com\/es-es\/soluciones\/oficina-diseno\/#primaryimage\"},\"image\":{\"@id\":\"https:\/\/www.capgemini.com\/es-es\/soluciones\/oficina-diseno\/#primaryimage\"},\"thumbnailUrl\":\"https:\/\/www.capgemini.com\/dk-en\/wp-content\/uploads\/2021\/08\/Capgemini_New-Normal.jpg\",\"datePublished\":\"2022-12-14T05:26:27+00:00\",\"dateModified\":\"2026-01-06T07:33:03+00:00\",\"description\":\"Design Office de Capgemini, la incubadora que crea las condiciones adecuadas para facilitar la innovaci\u00f3n completa, ascendente y descendente en su empresa.\",\"breadcrumb\":{\"@id\":\"https:\/\/www.capgemini.com\/es-es\/soluciones\/oficina-diseno\/#breadcrumb\"},\"inLanguage\":\"es-ES\",\"potentialAction\":[{\"@type\":\"ReadAction\",\"target\":[\"https:\/\/www.capgemini.com\/es-es\/soluciones\/oficina-diseno\/\"]}]},{\"@type\":\"ImageObject\",\"inLanguage\":\"es-ES\",\"@id\":\"https:\/\/www.capgemini.com\/es-es\/soluciones\/oficina-diseno\/#primaryimage\",\"url\":\"https:\/\/www.capgemini.com\/dk-en\/wp-content\/uploads\/2021\/08\/Capgemini_New-Normal.jpg\",\"contentUrl\":\"https:\/\/www.capgemini.com\/dk-en\/wp-content\/uploads\/2021\/08\/Capgemini_New-Normal.jpg\"},{\"@type\":\"BreadcrumbList\",\"@id\":\"https:\/\/www.capgemini.com\/es-es\/soluciones\/oficina-diseno\/#breadcrumb\",\"itemListElement\":[{\"@type\":\"ListItem\",\"position\":1,\"name\":\"Home\",\"item\":\"https:\/\/www.capgemini.com\/es-es\/\"},{\"@type\":\"ListItem\",\"position\":2,\"name\":\"Soluciones\",\"item\":\"https:\/\/www.capgemini.com\/es-es\/soluciones\/\"},{\"@type\":\"ListItem\",\"position\":3,\"name\":\"Oficina de dise\u00f1o\"}]},{\"@type\":\"WebSite\",\"@id\":\"https:\/\/www.capgemini.com\/es-es\/#website\",\"url\":\"https:\/\/www.capgemini.com\/es-es\/\",\"name\":\"Capgemini Espa\u00f1a\",\"description\":\"Capgemini\",\"potentialAction\":[{\"@type\":\"SearchAction\",\"target\":{\"@type\":\"EntryPoint\",\"urlTemplate\":\"https:\/\/www.capgemini.com\/es-es\/?s={search_term_string}\"},\"query-input\":\"required name=search_term_string\"}],\"inLanguage\":\"es-ES\"}]}<\/script>\n<!-- \/ Yoast SEO Premium plugin. -->","yoast_head_json":{"title":"Oficina de dise\u00f1o - Capgemini Spain","description":"Design Office de Capgemini, la incubadora que crea las condiciones adecuadas para facilitar la innovaci\u00f3n completa, ascendente y descendente en su empresa.","robots":{"index":"index","follow":"follow","max-snippet":"max-snippet:-1","max-image-preview":"max-image-preview:large","max-video-preview":"max-video-preview:-1"},"canonical":"https:\/\/www.capgemini.com\/es-es\/soluciones\/oficina-diseno\/","og_locale":"es_ES","og_type":"article","og_title":"Oficina de dise\u00f1o","og_description":"Design Office de Capgemini, la incubadora que crea las condiciones adecuadas para facilitar la innovaci\u00f3n completa, ascendente y descendente en su empresa.","og_url":"https:\/\/www.capgemini.com\/es-es\/soluciones\/oficina-diseno\/","og_site_name":"Capgemini Spain","article_modified_time":"2026-01-06T07:33:03+00:00","og_image":[{"url":"https:\/\/www.capgemini.com\/dk-en\/wp-content\/uploads\/2021\/08\/Capgemini_New-Normal.jpg"}],"twitter_card":"summary_large_image","twitter_misc":{"Est. reading time":"3 minutes"},"schema":{"@context":"https:\/\/schema.org","@graph":[{"@type":"WebPage","@id":"https:\/\/www.capgemini.com\/es-es\/soluciones\/oficina-diseno\/","url":"https:\/\/www.capgemini.com\/es-es\/soluciones\/oficina-diseno\/","name":"Oficina de dise\u00f1o - Capgemini Spain","isPartOf":{"@id":"https:\/\/www.capgemini.com\/es-es\/#website"},"primaryImageOfPage":{"@id":"https:\/\/www.capgemini.com\/es-es\/soluciones\/oficina-diseno\/#primaryimage"},"image":{"@id":"https:\/\/www.capgemini.com\/es-es\/soluciones\/oficina-diseno\/#primaryimage"},"thumbnailUrl":"https:\/\/www.capgemini.com\/dk-en\/wp-content\/uploads\/2021\/08\/Capgemini_New-Normal.jpg","datePublished":"2022-12-14T05:26:27+00:00","dateModified":"2026-01-06T07:33:03+00:00","description":"Design Office de Capgemini, la incubadora que crea las condiciones adecuadas para facilitar la innovaci\u00f3n completa, ascendente y descendente en su empresa.","breadcrumb":{"@id":"https:\/\/www.capgemini.com\/es-es\/soluciones\/oficina-diseno\/#breadcrumb"},"inLanguage":"es-ES","potentialAction":[{"@type":"ReadAction","target":["https:\/\/www.capgemini.com\/es-es\/soluciones\/oficina-diseno\/"]}]},{"@type":"ImageObject","inLanguage":"es-ES","@id":"https:\/\/www.capgemini.com\/es-es\/soluciones\/oficina-diseno\/#primaryimage","url":"https:\/\/www.capgemini.com\/dk-en\/wp-content\/uploads\/2021\/08\/Capgemini_New-Normal.jpg","contentUrl":"https:\/\/www.capgemini.com\/dk-en\/wp-content\/uploads\/2021\/08\/Capgemini_New-Normal.jpg"},{"@type":"BreadcrumbList","@id":"https:\/\/www.capgemini.com\/es-es\/soluciones\/oficina-diseno\/#breadcrumb","itemListElement":[{"@type":"ListItem","position":1,"name":"Home","item":"https:\/\/www.capgemini.com\/es-es\/"},{"@type":"ListItem","position":2,"name":"Soluciones","item":"https:\/\/www.capgemini.com\/es-es\/soluciones\/"},{"@type":"ListItem","position":3,"name":"Oficina de dise\u00f1o"}]},{"@type":"WebSite","@id":"https:\/\/www.capgemini.com\/es-es\/#website","url":"https:\/\/www.capgemini.com\/es-es\/","name":"Capgemini Espa\u00f1a","description":"Capgemini","potentialAction":[{"@type":"SearchAction","target":{"@type":"EntryPoint","urlTemplate":"https:\/\/www.capgemini.com\/es-es\/?s={search_term_string}"},"query-input":"required name=search_term_string"}],"inLanguage":"es-ES"}]}},"brand_term":[],"parsely":{"version":"1.1.0","canonical_url":"https:\/\/capgemini.com\/es-es\/soluciones\/oficina-diseno\/","smart_links":{"inbound":0,"outbound":0},"traffic_boost_suggestions_count":0,"meta":{"@context":"https:\/\/schema.org","@type":"WebPage","headline":"Oficina de dise\u00f1o","url":"https:\/\/www.capgemini.com\/es-es\/soluciones\/oficina-diseno\/","mainEntityOfPage":{"@type":"WebPage","@id":"https:\/\/www.capgemini.com\/es-es\/soluciones\/oficina-diseno\/"},"thumbnailUrl":"","image":{"@type":"ImageObject","url":""},"articleSection":"Uncategorized","author":[],"creator":[],"publisher":{"@type":"Organization","name":"Capgemini Spain","logo":""},"keywords":[],"dateCreated":"2022-12-14T05:26:27Z","datePublished":"2022-12-14T05:26:27Z","dateModified":"2026-01-06T07:33:03Z"},"rendered":"<meta name=\"parsely-title\" content=\"Oficina de dise\u00f1o\" \/>\n<meta name=\"parsely-link\" content=\"https:\/\/www.capgemini.com\/es-es\/soluciones\/oficina-diseno\/\" \/>\n<meta name=\"parsely-type\" content=\"index\" \/>\n<meta name=\"parsely-pub-date\" content=\"2022-12-14T05:26:27Z\" \/>\n<meta name=\"parsely-section\" content=\"Uncategorized\" \/>","tracker_url":"https:\/\/cdn.parsely.com\/keys\/capgemini.com\/p.js"},"archive_status":false,"featured_image_src":"https:\/\/www.capgemini.com\/es-es\/wp-content\/themes\/capgemini2025\/assets\/images\/mockup.png","featured_image_alt":false,"jetpack_sharing_enabled":true,"distributor_meta":false,"distributor_terms":false,"distributor_media":false,"distributor_original_site_name":"Capgemini Spain","distributor_original_site_url":"https:\/\/www.capgemini.com\/es-es","push-errors":false,"_links":{"self":[{"href":"https:\/\/www.capgemini.com\/es-es\/wp-json\/wp\/v2\/pages\/5670","targetHints":{"allow":["GET"]}}],"collection":[{"href":"https:\/\/www.capgemini.com\/es-es\/wp-json\/wp\/v2\/pages"}],"about":[{"href":"https:\/\/www.capgemini.com\/es-es\/wp-json\/wp\/v2\/types\/page"}],"author":[{"embeddable":true,"href":"https:\/\/www.capgemini.com\/es-es\/wp-json\/wp\/v2\/users\/35"}],"replies":[{"embeddable":true,"href":"https:\/\/www.capgemini.com\/es-es\/wp-json\/wp\/v2\/comments?post=5670"}],"version-history":[{"count":5,"href":"https:\/\/www.capgemini.com\/es-es\/wp-json\/wp\/v2\/pages\/5670\/revisions"}],"predecessor-version":[{"id":577955,"href":"https:\/\/www.capgemini.com\/es-es\/wp-json\/wp\/v2\/pages\/5670\/revisions\/577955"}],"up":[{"embeddable":true,"href":"https:\/\/www.capgemini.com\/es-es\/wp-json\/wp\/v2\/pages\/537594"}],"wp:attachment":[{"href":"https:\/\/www.capgemini.com\/es-es\/wp-json\/wp\/v2\/media?parent=5670"}],"wp:term":[{"taxonomy":"brand","embeddable":true,"href":"https:\/\/www.capgemini.com\/es-es\/wp-json\/wp\/v2\/brand?post=5670"},{"taxonomy":"partner_type","embeddable":true,"href":"https:\/\/www.capgemini.com\/es-es\/wp-json\/wp\/v2\/partner_type?post=5670"},{"taxonomy":"service","embeddable":true,"href":"https:\/\/www.capgemini.com\/es-es\/wp-json\/wp\/v2\/service?post=5670"},{"taxonomy":"industry","embeddable":true,"href":"https:\/\/www.capgemini.com\/es-es\/wp-json\/wp\/v2\/industry?post=5670"},{"taxonomy":"partners","embeddable":true,"href":"https:\/\/www.capgemini.com\/es-es\/wp-json\/wp\/v2\/partners?post=5670"},{"taxonomy":"page-type","embeddable":true,"href":"https:\/\/www.capgemini.com\/es-es\/wp-json\/wp\/v2\/page-type?post=5670"},{"taxonomy":"content-group","embeddable":true,"href":"https:\/\/www.capgemini.com\/es-es\/wp-json\/wp\/v2\/content-group?post=5670"}],"curies":[{"name":"wp","href":"https:\/\/api.w.org\/{rel}","templated":true}]}}