{"id":5668,"date":"2022-12-23T13:53:57","date_gmt":"2022-12-23T13:53:57","guid":{"rendered":"https:\/\/www.capgemini.com\/?page_id=626794"},"modified":"2026-01-06T08:27:38","modified_gmt":"2026-01-06T07:27:38","slug":"enterprise-automation-fabric","status":"publish","type":"page","link":"https:\/\/www.capgemini.com\/es-es\/soluciones\/enterprise-automation-fabric\/","title":{"rendered":"Enterprise Automation Fabric"},"content":{"rendered":"\n<header class=\"wp-block-cg-blocks-hero-reusable header heroReusable  \"><div class=\"header-bgs\"><picture><source srcset=\"https:\/\/www.capgemini.com\/wp-content\/uploads\/2022\/05\/Capgemini_Solution_Intelligent-Automation-Platform.jpg?w=2880&amp;quality=70 1x, https:\/\/www.capgemini.com\/wp-content\/uploads\/2022\/05\/Capgemini_Solution_Intelligent-Automation-Platform.jpg?w=2880&amp;quality=70 2x\" media=\"(min-width: 1500px)\"\/><source srcset=\"https:\/\/www.capgemini.com\/wp-content\/uploads\/2022\/05\/Capgemini_Solution_Intelligent-Automation-Platform.jpg?w=1440&amp;quality=70 1x, https:\/\/www.capgemini.com\/wp-content\/uploads\/2022\/05\/Capgemini_Solution_Intelligent-Automation-Platform.jpg?w=2880&amp;quality=70 2x\" media=\"(min-width: 992px)\"\/><source srcset=\"https:\/\/www.capgemini.com\/wp-content\/uploads\/2022\/05\/Capgemini_Solution_Intelligent-Automation-Platform.jpg?w=1024&amp;quality=70 1x, https:\/\/www.capgemini.com\/wp-content\/uploads\/2022\/05\/Capgemini_Solution_Intelligent-Automation-Platform.jpg?w=1024&amp;quality=70 2x\" media=\"(min-width: 768px)\"\/><source srcset=\"https:\/\/www.capgemini.com\/wp-content\/uploads\/2022\/05\/Capgemini_Solution_Intelligent-Automation-Platform.jpg?w=768&amp;quality=70 1x, https:\/\/www.capgemini.com\/wp-content\/uploads\/2022\/05\/Capgemini_Solution_Intelligent-Automation-Platform.jpg?w=768&amp;quality=70 2x\" media=\"(min-width: 0)\"\/><img decoding=\"async\" src=\"https:\/\/www.capgemini.com\/wp-content\/uploads\/2022\/05\/Capgemini_Solution_Intelligent-Automation-Platform.jpg\" class=\"header-img header-img-d\" alt=\"\" style=\"object-fit:cover;object-position:50% 50%\" loading=\"eager\"\/><\/picture><\/div><div class=\"heroPictureCardHeaderShape\"><\/div><div class=\"container\"><div class=\"row\"><div class=\"col-md-12\"><div class=\"box\"><div class=\"boxTagWrapper\"><div class=\"tagInfo\"><div><span class=\"box-tag\">Soluci\u00f3n<\/span><\/div><\/div><\/div><div class=\"box-title\"><h1 data-maxlength=\"34\">Enterprise Automation Fabric<\/h1><\/div><div class=\"inner-row-insight download-btn\"><div class=\"col-md-4 downloadFiles \"><a class=\"button-download--small\" type=\"download\" href=\"https:\/\/www.capgemini.com\/wp-content\/uploads\/2022\/05\/Capgeminis-Intelligent-Automation-Platform-Brochure.pdf\" target=\"_blank\" rel=\"noopener noreferrer\" title=\"abrir en una nueva ventana\"><span>Download our brochure<\/span><span class=\"type\">720 KB pdf<\/span><\/a><\/div><div class=\"col-md-4 downloadFiles \"><a class=\"button-download--small\" type=\"download\" href=\"https:\/\/www.capgemini.com\/wp-content\/uploads\/2022\/05\/CIAP_Infographic-1.pdf\" target=\"_blank\" rel=\"noopener noreferrer\" title=\"abrir en una nueva ventana\"><span>Download infographic<\/span><span class=\"type\">2 MB pdf<\/span><\/a><\/div><\/div><\/div><\/div><\/div><\/div><\/header>\n\n\n\n<section class=\"wp-block-cg-blocks-intro-para undefined section--social-info section section--intro\"><div class=\"intro-para\"><div class=\"container\"><div class=\"row\"><div class=\"col-12 col-md-1\"><nav class=\"article-social\"><ul class=\"social-nav\"><li class=\"ip-order-fb\"><a href=\"https:\/\/www.facebook.com\/sharer\/sharer.php?u=https:\/\/www.capgemini.com\/es-es\/soluciones\/enterprise-automation-fabric\/\" target=\"_blank\" rel=\"noopener noreferrer\" title=\"abrir en una nueva ventana\"><i aria-hidden=\"true\" class=\"icon-fb\"><\/i><span class=\"sr-only\">Facebook<\/span><\/a><\/li><li class=\"ip-order-li\"><a href=\"https:\/\/www.linkedin.com\/sharing\/share-offsite\/?url=https:\/\/www.capgemini.com\/es-es\/soluciones\/enterprise-automation-fabric\/\" target=\"_blank\" rel=\"noopener noreferrer\" title=\"abrir en una nueva ventana\"><i aria-hidden=\"true\" class=\"icon-li\"><\/i><span class=\"sr-only\">Linkedin<\/span><\/a><\/li><\/ul><\/nav><\/div><div class=\"col-12 col-md-11 col-lg-10\"><h2 class=\"intro-para-title\">El mundo se transforma r\u00e1pidamente. Tambi\u00e9n lo hacen las necesidades y expectativas de los clientes.<\/h2><p class=\"intro-para-content\">Sea cual sea tu sector, es necesario responder a las demandas din\u00e1micas del mercado con agilidad basada en la informaci\u00f3n, garantizando al mismo tiempo experiencias de empleados y clientes fluidas y en constante evoluci\u00f3n para mejorar el rendimiento del negocio e impulsar el crecimiento. El IT puede ser tu aliado para impulsar la transformaci\u00f3n digital necesaria para lograrlo.<\/p><\/div><\/div><\/div><\/div><\/section>\n\n\n\n<section class=\"wp-block-cg-blocks-group undefined section section--article-content\"><div class=\"article-main-content\"><div class=\"container\"><div class=\"row\"><div class=\"col-12 col-md-11 col-lg-10 offset-md-1 offset-lg-1\"><div class=\"article-text article-quote-text\">\n<h3 class=\"wp-block-heading\" id=\"h-cuales-son-sus-desafios-como-cio-cto-cdo-cxo\">\u00bfCu\u00e1les son sus desaf\u00edos como CIO\/CTO\/CDO\/CXO?<\/h3>\n\n\n\n<p>El viaje puede estar lejos de ser f\u00e1cil cuando se trata de llegar a su destino esperado:<\/p>\n\n\n\n<div style=\"height:30px\" aria-hidden=\"true\" class=\"wp-block-spacer\"><\/div>\n\n\n\n<figure class=\"wp-block-image aligncenter size-large\"><img decoding=\"async\" src=\"https:\/\/www.capgemini.com\/wp-content\/uploads\/2022\/05\/Image-Intell-Auto-Platform.png?w=960\" alt=\"\" class=\"wp-image-709524\"\/><\/figure>\n\n\n\n<div style=\"height:30px\" aria-hidden=\"true\" class=\"wp-block-spacer\"><\/div>\n\n\n\n<ul class=\"wp-block-list\">\n<li>\u00bfFalta de visibilidad en los procesos comerciales y la TI subyacente?<\/li>\n\n\n\n<li>\u00bfAutomatizaci\u00f3n limitada o distribuida?<\/li>\n\n\n\n<li>\u00bfFalta de mecanismo para impulsar la cobertura de automatizaci\u00f3n?<\/li>\n\n\n\n<li>\u00bfGobierno de automatizaci\u00f3n y realizaci\u00f3n de valor?<\/li>\n\n\n\n<li>\u00bfManejabilidad de la automatizaci\u00f3n?<\/li>\n<\/ul>\n\n\n\n<p>En Capgemini innovamos y evolucionamos constantemente nuestros servicios para avanzar hacia esta transformaci\u00f3n digital en un mundo de trabajo h\u00edbrido y decisiones de negocio basadas en datos. Nuestro objetivo es potenciar a las empresas para que consigan valor empresarial y ROI a trav\u00e9s de nuestros servicios alineados con el negocio y sustentados por soluciones con visi\u00f3n de futuro. Juntos, conseguimos m\u00e1s.<\/p>\n\n\n\n<p><strong>Enterprise Automation Fabric es una de nuestras soluciones clave para ofrecer este valor a nuestros clientes.<\/strong><\/p>\n\n\n\n<section class=\"wp-block-cg-blocks-intro-para-video section section--info-2cols section--insights section-video \"><div class=\"bg-color video-align-left\"><div class=\"container\"><div class=\"row video-align-right\"><div class=\"col-md-12\"><div class=\"video-align-right row box box--4 box--mini\"><div class=\"col-md-1\"><\/div><div class=\"col-md-8 box-img-wrapper\"><div class=\"video-box\"><div class=\"video-wrapper\"><iframe title=\"video-section\" src=\"https:\/\/www.youtube.com\/embed\/rzMwwJVAcNQ?rel=0&amp;modestbranding=1&amp;playsinline=1&amp;enablejsapi=1\" frameborder=\"0\" allow=\"accelerometer; autoplay; clipboard-write; encrypted-media; gyroscope; picture-in-picture\" allowfullscreen loading=\"lazy\" referrerpolicy=\"strict-origin-when-cross-origin\"><\/iframe><\/div><\/div><\/div><div class=\"col-md-3\"><h3 class=\"Video-title\" data-maxlength=\"34\">Enterprise Automation Fabric<\/h3><div class=\"video-info\"><p data-maxlength=\"68\"><\/p><\/div><\/div><div class=\"col-md-1\"><\/div><\/div><\/div><\/div><\/div><\/div><\/section>\n\n\n\n<p><\/p>\n\n\n\n\n\n<h3 class=\"wp-block-heading\" id=\"h-que-es-enterprise-automation-fabric\">\u00bfQu\u00e9 es Enterprise Automation Fabric? <\/h3>\n\n\n\n<p>La plataforma de automatizaci\u00f3n inteligente de Capgemini es una plataforma plug-and-play basada en conocimientos, dise\u00f1ada espec\u00edficamente, que permite la entrega efectiva de TI, servicios de aplicaciones y operaciones comerciales para proporcionar automatizaci\u00f3n inteligente en todo su potencial. Esto permite a las empresas obtener el m\u00e1ximo valor en todas sus operaciones, sin problemas y a escala.<\/p>\n\n\n\n<p>The Fabric ayuda a las organizaciones a pasar de un despliegue de automatizaci\u00f3n centrado en las operaciones, de valor limitado y aislado, a un enfoque que da prioridad a la automatizaci\u00f3n en toda la empresa. Esto significa que nuestros clientes ahora pueden acelerar su viaje de automatizaci\u00f3n y desbloquear el valor empresarial en todas las operaciones empresariales y de TI.<\/p>\n\n\n\n<div style=\"height:30px\" aria-hidden=\"true\" class=\"wp-block-spacer\"><\/div>\n\n\n\n<blockquote class=\"wp-block-quote is-layout-flow wp-block-quote-is-layout-flow\">\n<p>\u201cLas empresas est\u00e1n mirando m\u00e1s all\u00e1 de RPA hacia la verdadera automatizaci\u00f3n inteligente al pensar en t\u00e9rminos de resultados de negocio\u201d.<\/p>\n<cite>Elena Christopher, HFS Research, \u201cEmpresas, escapen del casillero de RPA hoy para lograr la automatizaci\u00f3n de un extremo a otro, 31 de mayo de 2019<\/cite><\/blockquote>\n\n\n\n<div style=\"height:30px\" aria-hidden=\"true\" class=\"wp-block-spacer\"><\/div>\n\n\n\n<h3 class=\"wp-block-heading\" id=\"h-5-razones-por-las-que-elegir-enterprise-automation-fabric\">5 razones por las que elegir Enterprise Automation Fabric<\/h3>\n\n\n\n<p>Enterprise Automation Fabric refuerza nuestro compromiso por ofrecer servicios de TI sin sorpresas que aborden los objetivos clave de los CXO garantizando:<\/p>\n\n\n\n<ul class=\"wp-block-list\">\n<li>Aumento de la eficiencia de los procesos empresariales: reducci\u00f3n de costes, eliminaci\u00f3n de indecisiones, etc.<\/li>\n\n\n\n<li>Mayor disponibilidad y estabilidad de los procesos de negocio.<\/li>\n\n\n\n<li>Toma de decisiones m\u00e1s r\u00e1pida respaldada por conocimientos predictivos.<\/li>\n\n\n\n<li>Reducci\u00f3n del coste total de propiedad para la prestaci\u00f3n de servicios de TI con un mayor uso de la automatizaci\u00f3n.<\/li>\n\n\n\n<li>Experiencia de usuario sin fisuras<\/li>\n<\/ul>\n<\/div><\/div><\/div><\/div><\/div><\/section>\n\n\n\n<section class=\"wp-block-cg-blocks-group undefined section section--article-content\"><div class=\"article-main-content\"><div class=\"container\"><div class=\"row\"><div class=\"col-12 col-md-11 col-lg-10 offset-md-1 offset-lg-1\"><div class=\"article-text article-quote-text\">\n<blockquote class=\"wp-block-quote is-layout-flow wp-block-quote-is-layout-flow\">\n<p><em>\u201cLa inteligencia artificial, el an\u00e1lisis y la automatizaci\u00f3n, al tiempo que ofrecen un valor de negocio con potencial transformador, necesitan un enfoque integrado en todos los datos, procesos y tecnolog\u00edas. Cuando se implementan en casos de uso aislados en niveles de automatizaci\u00f3n de tareas, no escalan ni brindan el impacto transformador esperado en los resultados del proceso de extremo a extremo\u201d.<\/em><\/p>\n<cite><em>HFS Research, resuelva el desaf\u00edo de la escala de automatizaci\u00f3n con automatizaci\u00f3n integrada, Fersht, Snowdon, Gupta, Christopher, Bandopadhyay<\/em><\/cite><\/blockquote>\n<\/div><\/div><\/div><\/div><\/div><\/section>\n","protected":false},"excerpt":{"rendered":"","protected":false},"author":35,"featured_media":15128,"parent":537594,"menu_order":0,"comment_status":"closed","ping_status":"closed","template":"","meta":{"cg_dt_proposed_to":[0],"cg_seo_hreflang_relations":"[]","cg_seo_canonical_relation":"","cg_seo_hreflang_x_default_relation":"","cg_dt_approved_content":false,"cg_dt_mandatory_content":false,"cg_dt_notes":"","cg_dg_source_changed":false,"cg_dt_link_disabled":false,"_yoast_wpseo_primary_brand":"","footnotes":"","featured_focal_points":"","partner_card_description":"","gsap_animation":0},"brand":[],"partner_type":[],"service":[165],"industry":[],"partners":[],"page-type":[339],"content-group":[],"class_list":["post-5668","page","type-page","status-publish","has-post-thumbnail","hentry","service-enterprise-management","page-type-solutions"],"yoast_head":"<!-- This site is optimized with the Yoast SEO Premium plugin v22.8 (Yoast SEO v22.8) - https:\/\/yoast.com\/wordpress\/plugins\/seo\/ -->\n<title>Enterprise Automation Fabric | Capgemini<\/title>\n<meta name=\"description\" content=\"La plataforma recopila informaci\u00f3n empresarial para impulsar la mejora proactiva de los procesos.\" \/>\n<meta name=\"robots\" content=\"index, follow, max-snippet:-1, max-image-preview:large, max-video-preview:-1\" \/>\n<link rel=\"canonical\" href=\"https:\/\/www.capgemini.com\/es-es\/soluciones\/enterprise-automation-fabric\/\" \/>\n<meta property=\"og:locale\" content=\"es_ES\" \/>\n<meta property=\"og:type\" content=\"article\" \/>\n<meta property=\"og:title\" content=\"Enterprise Automation Fabric\" \/>\n<meta property=\"og:description\" content=\"La plataforma recopila informaci\u00f3n empresarial para impulsar la mejora proactiva de los procesos.\" \/>\n<meta property=\"og:url\" content=\"https:\/\/www.capgemini.com\/es-es\/soluciones\/enterprise-automation-fabric\/\" \/>\n<meta property=\"og:site_name\" content=\"Capgemini Spain\" \/>\n<meta property=\"article:modified_time\" content=\"2026-01-06T07:27:38+00:00\" \/>\n<meta property=\"og:image\" content=\"https:\/\/www.capgemini.com\/es-es\/wp-content\/uploads\/sites\/16\/2025\/10\/New-Web-preview-global.jpg\" \/>\n\t<meta property=\"og:image:width\" content=\"1200\" \/>\n\t<meta property=\"og:image:height\" content=\"627\" \/>\n\t<meta property=\"og:image:type\" content=\"image\/jpeg\" \/>\n<meta name=\"twitter:card\" content=\"summary_large_image\" \/>\n<script type=\"application\/ld+json\" class=\"yoast-schema-graph\">{\"@context\":\"https:\/\/schema.org\",\"@graph\":[{\"@type\":\"WebPage\",\"@id\":\"https:\/\/www.capgemini.com\/es-es\/soluciones\/enterprise-automation-fabric\/\",\"url\":\"https:\/\/www.capgemini.com\/es-es\/soluciones\/enterprise-automation-fabric\/\",\"name\":\"Enterprise Automation Fabric | Capgemini\",\"isPartOf\":{\"@id\":\"https:\/\/www.capgemini.com\/es-es\/#website\"},\"primaryImageOfPage\":{\"@id\":\"https:\/\/www.capgemini.com\/es-es\/soluciones\/enterprise-automation-fabric\/#primaryimage\"},\"image\":{\"@id\":\"https:\/\/www.capgemini.com\/es-es\/soluciones\/enterprise-automation-fabric\/#primaryimage\"},\"thumbnailUrl\":\"\",\"datePublished\":\"2022-12-23T13:53:57+00:00\",\"dateModified\":\"2026-01-06T07:27:38+00:00\",\"description\":\"La plataforma recopila informaci\u00f3n empresarial para impulsar la mejora proactiva de los procesos.\",\"breadcrumb\":{\"@id\":\"https:\/\/www.capgemini.com\/es-es\/soluciones\/enterprise-automation-fabric\/#breadcrumb\"},\"inLanguage\":\"es-ES\",\"potentialAction\":[{\"@type\":\"ReadAction\",\"target\":[\"https:\/\/www.capgemini.com\/es-es\/soluciones\/enterprise-automation-fabric\/\"]}]},{\"@type\":\"ImageObject\",\"inLanguage\":\"es-ES\",\"@id\":\"https:\/\/www.capgemini.com\/es-es\/soluciones\/enterprise-automation-fabric\/#primaryimage\",\"url\":\"\",\"contentUrl\":\"\"},{\"@type\":\"BreadcrumbList\",\"@id\":\"https:\/\/www.capgemini.com\/es-es\/soluciones\/enterprise-automation-fabric\/#breadcrumb\",\"itemListElement\":[{\"@type\":\"ListItem\",\"position\":1,\"name\":\"Home\",\"item\":\"https:\/\/www.capgemini.com\/es-es\/\"},{\"@type\":\"ListItem\",\"position\":2,\"name\":\"Soluciones\",\"item\":\"https:\/\/www.capgemini.com\/es-es\/soluciones\/\"},{\"@type\":\"ListItem\",\"position\":3,\"name\":\"Enterprise Automation Fabric\"}]},{\"@type\":\"WebSite\",\"@id\":\"https:\/\/www.capgemini.com\/es-es\/#website\",\"url\":\"https:\/\/www.capgemini.com\/es-es\/\",\"name\":\"Capgemini Espa\u00f1a\",\"description\":\"Capgemini\",\"potentialAction\":[{\"@type\":\"SearchAction\",\"target\":{\"@type\":\"EntryPoint\",\"urlTemplate\":\"https:\/\/www.capgemini.com\/es-es\/?s={search_term_string}\"},\"query-input\":\"required name=search_term_string\"}],\"inLanguage\":\"es-ES\"}]}<\/script>\n<!-- \/ Yoast SEO Premium plugin. -->","yoast_head_json":{"title":"Enterprise Automation Fabric | Capgemini","description":"La plataforma recopila informaci\u00f3n empresarial para impulsar la mejora proactiva de los procesos.","robots":{"index":"index","follow":"follow","max-snippet":"max-snippet:-1","max-image-preview":"max-image-preview:large","max-video-preview":"max-video-preview:-1"},"canonical":"https:\/\/www.capgemini.com\/es-es\/soluciones\/enterprise-automation-fabric\/","og_locale":"es_ES","og_type":"article","og_title":"Enterprise Automation Fabric","og_description":"La plataforma recopila informaci\u00f3n empresarial para impulsar la mejora proactiva de los procesos.","og_url":"https:\/\/www.capgemini.com\/es-es\/soluciones\/enterprise-automation-fabric\/","og_site_name":"Capgemini Spain","article_modified_time":"2026-01-06T07:27:38+00:00","og_image":[{"width":1200,"height":627,"url":"https:\/\/www.capgemini.com\/es-es\/wp-content\/uploads\/sites\/16\/2025\/10\/New-Web-preview-global.jpg","type":"image\/jpeg"}],"twitter_card":"summary_large_image","schema":{"@context":"https:\/\/schema.org","@graph":[{"@type":"WebPage","@id":"https:\/\/www.capgemini.com\/es-es\/soluciones\/enterprise-automation-fabric\/","url":"https:\/\/www.capgemini.com\/es-es\/soluciones\/enterprise-automation-fabric\/","name":"Enterprise Automation Fabric | Capgemini","isPartOf":{"@id":"https:\/\/www.capgemini.com\/es-es\/#website"},"primaryImageOfPage":{"@id":"https:\/\/www.capgemini.com\/es-es\/soluciones\/enterprise-automation-fabric\/#primaryimage"},"image":{"@id":"https:\/\/www.capgemini.com\/es-es\/soluciones\/enterprise-automation-fabric\/#primaryimage"},"thumbnailUrl":"","datePublished":"2022-12-23T13:53:57+00:00","dateModified":"2026-01-06T07:27:38+00:00","description":"La plataforma recopila informaci\u00f3n empresarial para impulsar la mejora proactiva de los procesos.","breadcrumb":{"@id":"https:\/\/www.capgemini.com\/es-es\/soluciones\/enterprise-automation-fabric\/#breadcrumb"},"inLanguage":"es-ES","potentialAction":[{"@type":"ReadAction","target":["https:\/\/www.capgemini.com\/es-es\/soluciones\/enterprise-automation-fabric\/"]}]},{"@type":"ImageObject","inLanguage":"es-ES","@id":"https:\/\/www.capgemini.com\/es-es\/soluciones\/enterprise-automation-fabric\/#primaryimage","url":"","contentUrl":""},{"@type":"BreadcrumbList","@id":"https:\/\/www.capgemini.com\/es-es\/soluciones\/enterprise-automation-fabric\/#breadcrumb","itemListElement":[{"@type":"ListItem","position":1,"name":"Home","item":"https:\/\/www.capgemini.com\/es-es\/"},{"@type":"ListItem","position":2,"name":"Soluciones","item":"https:\/\/www.capgemini.com\/es-es\/soluciones\/"},{"@type":"ListItem","position":3,"name":"Enterprise Automation Fabric"}]},{"@type":"WebSite","@id":"https:\/\/www.capgemini.com\/es-es\/#website","url":"https:\/\/www.capgemini.com\/es-es\/","name":"Capgemini Espa\u00f1a","description":"Capgemini","potentialAction":[{"@type":"SearchAction","target":{"@type":"EntryPoint","urlTemplate":"https:\/\/www.capgemini.com\/es-es\/?s={search_term_string}"},"query-input":"required name=search_term_string"}],"inLanguage":"es-ES"}]}},"brand_term":[],"parsely":{"version":"1.1.0","canonical_url":"https:\/\/capgemini.com\/es-es\/soluciones\/enterprise-automation-fabric\/","smart_links":{"inbound":0,"outbound":0},"traffic_boost_suggestions_count":0,"meta":{"@context":"https:\/\/schema.org","@type":"WebPage","headline":"Enterprise Automation Fabric","url":"https:\/\/www.capgemini.com\/es-es\/soluciones\/enterprise-automation-fabric\/","mainEntityOfPage":{"@type":"WebPage","@id":"https:\/\/www.capgemini.com\/es-es\/soluciones\/enterprise-automation-fabric\/"},"thumbnailUrl":"","image":{"@type":"ImageObject","url":""},"articleSection":"Uncategorized","author":[],"creator":[],"publisher":{"@type":"Organization","name":"Capgemini Spain","logo":""},"keywords":[],"dateCreated":"2022-12-23T13:53:57Z","datePublished":"2022-12-23T13:53:57Z","dateModified":"2026-01-06T07:27:38Z"},"rendered":"<meta name=\"parsely-title\" content=\"Enterprise Automation Fabric\" \/>\n<meta name=\"parsely-link\" content=\"https:\/\/www.capgemini.com\/es-es\/soluciones\/enterprise-automation-fabric\/\" \/>\n<meta name=\"parsely-type\" content=\"index\" \/>\n<meta name=\"parsely-pub-date\" content=\"2022-12-23T13:53:57Z\" \/>\n<meta name=\"parsely-section\" content=\"Uncategorized\" \/>","tracker_url":"https:\/\/cdn.parsely.com\/keys\/capgemini.com\/p.js"},"archive_status":false,"featured_image_src":"https:\/\/www.capgemini.com\/es-es\/wp-content\/themes\/capgemini2025\/assets\/images\/mockup.png","featured_image_alt":"","jetpack_sharing_enabled":true,"distributor_meta":false,"distributor_terms":false,"distributor_media":false,"distributor_original_site_name":"Capgemini Spain","distributor_original_site_url":"https:\/\/www.capgemini.com\/es-es","push-errors":false,"_links":{"self":[{"href":"https:\/\/www.capgemini.com\/es-es\/wp-json\/wp\/v2\/pages\/5668","targetHints":{"allow":["GET"]}}],"collection":[{"href":"https:\/\/www.capgemini.com\/es-es\/wp-json\/wp\/v2\/pages"}],"about":[{"href":"https:\/\/www.capgemini.com\/es-es\/wp-json\/wp\/v2\/types\/page"}],"author":[{"embeddable":true,"href":"https:\/\/www.capgemini.com\/es-es\/wp-json\/wp\/v2\/users\/35"}],"replies":[{"embeddable":true,"href":"https:\/\/www.capgemini.com\/es-es\/wp-json\/wp\/v2\/comments?post=5668"}],"version-history":[{"count":6,"href":"https:\/\/www.capgemini.com\/es-es\/wp-json\/wp\/v2\/pages\/5668\/revisions"}],"predecessor-version":[{"id":577944,"href":"https:\/\/www.capgemini.com\/es-es\/wp-json\/wp\/v2\/pages\/5668\/revisions\/577944"}],"up":[{"embeddable":true,"href":"https:\/\/www.capgemini.com\/es-es\/wp-json\/wp\/v2\/pages\/537594"}],"wp:featuredmedia":[{"embeddable":true,"href":"https:\/\/www.capgemini.com\/es-es\/wp-json\/"}],"wp:attachment":[{"href":"https:\/\/www.capgemini.com\/es-es\/wp-json\/wp\/v2\/media?parent=5668"}],"wp:term":[{"taxonomy":"brand","embeddable":true,"href":"https:\/\/www.capgemini.com\/es-es\/wp-json\/wp\/v2\/brand?post=5668"},{"taxonomy":"partner_type","embeddable":true,"href":"https:\/\/www.capgemini.com\/es-es\/wp-json\/wp\/v2\/partner_type?post=5668"},{"taxonomy":"service","embeddable":true,"href":"https:\/\/www.capgemini.com\/es-es\/wp-json\/wp\/v2\/service?post=5668"},{"taxonomy":"industry","embeddable":true,"href":"https:\/\/www.capgemini.com\/es-es\/wp-json\/wp\/v2\/industry?post=5668"},{"taxonomy":"partners","embeddable":true,"href":"https:\/\/www.capgemini.com\/es-es\/wp-json\/wp\/v2\/partners?post=5668"},{"taxonomy":"page-type","embeddable":true,"href":"https:\/\/www.capgemini.com\/es-es\/wp-json\/wp\/v2\/page-type?post=5668"},{"taxonomy":"content-group","embeddable":true,"href":"https:\/\/www.capgemini.com\/es-es\/wp-json\/wp\/v2\/content-group?post=5668"}],"curies":[{"name":"wp","href":"https:\/\/api.w.org\/{rel}","templated":true}]}}