{"id":565554,"date":"2025-01-21T16:33:02","date_gmt":"2025-01-21T15:33:02","guid":{"rendered":"https:\/\/www.capgemini.com\/es-es\/?page_id=565554&#038;preview_id=565554"},"modified":"2026-01-06T07:51:52","modified_gmt":"2026-01-06T06:51:52","slug":"softwarizacion-para-semiconductores","status":"publish","type":"page","link":"https:\/\/www.capgemini.com\/es-es\/soluciones\/softwarizacion-para-semiconductores\/","title":{"rendered":"Softwarizaci\u00f3n para semiconductores"},"content":{"rendered":"\n<header class=\"wp-block-cg-blocks-hero-reusable header heroReusable  \"><div class=\"header-bgs\"><picture><source srcset=\"https:\/\/www.capgemini.com\/wp-content\/uploads\/2024\/03\/Softwarization-for-semiconductors_5a776b.jpg?w=2880&amp;quality=70 1x, https:\/\/www.capgemini.com\/wp-content\/uploads\/2024\/03\/Softwarization-for-semiconductors_5a776b.jpg?w=2880&amp;quality=70 2x\" media=\"(min-width: 1500px)\"\/><source srcset=\"https:\/\/www.capgemini.com\/wp-content\/uploads\/2024\/03\/Softwarization-for-semiconductors_5a776b.jpg?w=1440&amp;quality=70 1x, https:\/\/www.capgemini.com\/wp-content\/uploads\/2024\/03\/Softwarization-for-semiconductors_5a776b.jpg?w=2880&amp;quality=70 2x\" media=\"(min-width: 992px)\"\/><source srcset=\"https:\/\/www.capgemini.com\/wp-content\/uploads\/2024\/03\/Softwarization-for-semiconductors_5a776b.jpg?w=1024&amp;quality=70 1x, https:\/\/www.capgemini.com\/wp-content\/uploads\/2024\/03\/Softwarization-for-semiconductors_5a776b.jpg?w=1024&amp;quality=70 2x\" media=\"(min-width: 768px)\"\/><source srcset=\"https:\/\/www.capgemini.com\/wp-content\/uploads\/2024\/03\/Softwarization-for-semiconductors_5a776b.jpg?w=768&amp;quality=70 1x, https:\/\/www.capgemini.com\/wp-content\/uploads\/2024\/03\/Softwarization-for-semiconductors_5a776b.jpg?w=768&amp;quality=70 2x\" media=\"(min-width: 0)\"\/><img decoding=\"async\" src=\"https:\/\/www.capgemini.com\/wp-content\/uploads\/2024\/03\/Softwarization-for-semiconductors_5a776b.jpg\" class=\"header-img header-img-d\" alt=\"\" style=\"object-fit:cover;object-position:46% 64%\" loading=\"eager\"\/><\/picture><\/div><div class=\"heroPictureCardHeaderShape\"><\/div><div class=\"container\"><div class=\"row\"><div class=\"col-md-12\"><div class=\"box\"><div class=\"boxTagWrapper\"><div class=\"tagInfo\"><div><span class=\"box-tag\">Soluci\u00f3n<\/span><\/div><\/div><\/div><div class=\"box-title\"><h1 data-maxlength=\"34\">Softwarizaci\u00f3n para semiconductores<\/h1><\/div><div class=\"inner-row-insight download-btn\"><\/div><\/div><\/div><\/div><\/div><\/header>\n\n\n\n<section class=\"wp-block-cg-blocks-group undefined section section--article-content\"><div class=\"article-main-content\"><div class=\"container\"><div class=\"row\"><div class=\"col-12 col-md-1\"><nav class=\"article-social\"><ul class=\"social-nav\"><li class=\"ip-order-fb\"><a href=\"https:\/\/www.facebook.com\/sharer\/sharer.php?u=https:\/\/www.capgemini.com\/?page_id=1008076&amp;preview_id=1008076\" target=\"_blank\" rel=\"noopener noreferrer\" title=\"abrir en una nueva ventana\"><i aria-hidden=\"true\" class=\"icon-fb\"><\/i><span class=\"sr-only\">Facebook<\/span><\/a><\/li><li class=\"ip-order-li\"><a href=\"https:\/\/www.linkedin.com\/shareArticle?url=https:\/\/www.capgemini.com\/?page_id=1008076&amp;preview_id=1008076\" target=\"_blank\" rel=\"noopener noreferrer\" title=\"abrir en una nueva ventana\"><i aria-hidden=\"true\" class=\"icon-li\"><\/i><span class=\"sr-only\">Linkedin<\/span><\/a><\/li><\/ul><\/nav><\/div><div class=\"col-12 col-md-11 col-lg-10\"><div class=\"article-text article-quote-text\">\n<h3 class=\"wp-block-heading\" id=\"h-del-diseno-por-hardware-a-la-definicion-por-software\">Del dise\u00f1o por hardware a la definici\u00f3n por software<\/h3>\n\n\n\n<p>La industria de los semiconductores se encuentra en medio de una transformaci\u00f3n masiva, con nuevos chips que impulsan el crecimiento en todas las dimensiones, incluyendo Gen AI, Edge computing, seguridad y sostenibilidad, as\u00ed como dentro de diversas industrias, como la automoci\u00f3n, ciencias de la vida y fintech. Las compa\u00f1\u00edas de semiconductores est\u00e1n experimentando una enorme complejidad y diversidad de sus productos y, en concreto, demandan soluciones mucho m\u00e1s especializadas y centradas en el software a una escala que la industria de los chips no puede satisfacer o rentabilizar de forma efectiva.<\/p>\n\n\n\n<h4 class=\"wp-block-heading\" id=\"h-conociendo-la-softwarizacion-para-semiconductores\">Conociendo la softwarizaci\u00f3n para semiconductores<\/h4>\n\n\n\n<p>Con Softwarization for Semiconductors, la visi\u00f3n de Chip-to-Industry puede hacerse realidad de forma oportuna y rentable. Permite el desarrollo de un conjunto m\u00e1s estandarizado y limitado de chips que pueden personalizarse para diversas industrias y soluciones a trav\u00e9s del software.<\/p>\n\n\n\n<p>Capgemini puede actuar de forma singular como socio de transformaci\u00f3n para que los fabricantes de chips puedan ofrecer soluciones integrales para las nuevas necesidades de la industria gracias a nuestra combinaci\u00f3n de ingenier\u00eda de silicio y software, nuestra profunda experiencia en las verticales industriales, los aceleradores de plataforma y la arquitectura de software validada.<\/p>\n\n\n\n<p>En esencia, la <a href=\"https:\/\/en.wiktionary.org\/wiki\/softwarization\" target=\"_blank\" rel=\"noreferrer noopener\">softwarizaci\u00f3n&nbsp;<\/a> &#8211;<em>monetizando soluciones de software, en lugar de s\u00f3lo hardware tradicional<\/em>&#8211; es una nueva direcci\u00f3n de negocio en crecimiento para las empresas de semiconductores. Por eso la llamamos \u00abSoftwarizaci\u00f3n para semiconductores\u00bb.<\/p>\n<\/div><\/div><\/div><\/div><\/div><\/section>\n\n\n\n<section class=\"wp-block-cg-blocks-intro-para-video section section--info-2cols section--insights section-video \"><div class=\"bg-color video-align-right\"><div class=\"container\"><div class=\"row video-align-left\"><div class=\"col-md-12\"><div class=\"video-align-left row box box--4 box--mini\"><div class=\"col-md-3\"><h3 class=\"Video-title\" data-maxlength=\"34\">Softwarizaci\u00f3n en semiconductores<\/h3><div class=\"video-info\"><p data-maxlength=\"68\">Desde hardware-designed hacia software-defined<\/p><\/div><\/div><div class=\"col-md-8 box-img-wrapper\"><div class=\"video-box\"><div class=\"video-wrapper\"><iframe title=\"video-section\" src=\"https:\/\/www.youtube.com\/embed\/E_trVOqaDis?rel=0&amp;modestbranding=1&amp;playsinline=1&amp;enablejsapi=1\" frameborder=\"0\" allow=\"accelerometer; autoplay; clipboard-write; encrypted-media; gyroscope; picture-in-picture\" allowfullscreen loading=\"lazy\" referrerpolicy=\"strict-origin-when-cross-origin\"><\/iframe><\/div><\/div><\/div><div class=\"col-md-1\"><\/div><\/div><\/div><\/div><\/div><\/div><\/section>\n\n\n\n<section class=\"wp-block-cg-blocks-group undefined section section--article-content\"><div class=\"article-main-content\"><div class=\"container\"><div class=\"row\"><div class=\"col-12 col-md-11 col-lg-10 offset-md-1 offset-lg-1\"><div class=\"article-text article-quote-text\">\n<h4 class=\"wp-block-heading\" id=\"h-es-hora-de-construir-de-forma-diferente\">Es hora de construir de forma diferente<\/h4>\n\n\n\n<p>Mediante la creaci\u00f3n de soluciones centradas en el software, los fabricantes de chips pueden asumir lo que la industria necesita actualmente y en el futuro para generar ingresos nuevos, repetibles y rentables a partir de soluciones de software, servicios y plataformas.<\/p>\n\n\n\n<p>Aportamos nuevas ideas, aceleradores y alianzas para mejorar la ingenier\u00eda del silicio y ser el socio de confianza del sector, ayudando a construir un ecosistema de chips nuevo y transformado centrado en el software.<\/p>\n\n\n\n<p>Lo hacemos construyendo de forma diferente. Nuestras alianzas se centran en ofrecer estrategias rentables y de alto crecimiento basadas en nuestro conocimiento profundo de las necesidades del sector en un futuro pr\u00f3ximo. Juntos podemos crear no s\u00f3lo los chips del ma\u00f1ana, sino tambi\u00e9n nuevos modelos operativos, ingresos por software, conexiones industriales y mercados. Te ayudaremos a construir soluciones llave en mano y monetizadas dise\u00f1adas para ofrecer m\u00e1s agilidad y valor que nunca a tu negocio y a los clientes a los que prestes servicio.<\/p>\n\n\n\n<h4 class=\"wp-block-heading\" id=\"h-como-nos-asociamos-contigo\">C\u00f3mo nos asociamos contigo<\/h4>\n\n\n\n<p>Ayudamos a la industria de semiconductores a aprovechar las oportunidades para obtener algo m\u00e1s que ingresos y acelerar el tiempo de salida al mercado, para convertirse en la fuerza impulsora de un nuevo ecosistema de chips basado en software.<\/p>\n\n\n\n<p>De forma singular, nuestros expertos en estrategia, software, silicio y la industria trabajan con su compa\u00f1\u00eda para construir lo que viene a continuaci\u00f3n: soluciones digitales y de silicio innovadoras y completas adaptadas a la industria, a escala. Esto permite centrarse en las prioridades b\u00e1sicas, gestionar el cambio y acelerar la transformaci\u00f3n.<\/p>\n\n\n\n<p>Contribuimos a situar a las empresas en el centro del nuevo ecosistema de chips, reconfigurado en torno a las nuevas necesidades de la industria near-tech. Somos un socio y asesor tanto estrat\u00e9gico como t\u00e9cnico para impulsar este cambio.<\/p>\n\n\n\n<p>No se trata de los chips, sino de la industria y su enorme transformaci\u00f3n. <strong>Es hora de construir de forma diferente.<\/strong><\/p>\n<\/div><\/div><\/div><\/div><\/div><\/section>\n\n\n<section class=\"latest-insights layout-odd layout-one-card-only \"><div class=\"container\"><div class=\"insight-title\"><h2 class=\"latest-insight-title\"><\/h2><\/div><div class=\"layout-single-card\">\n                      <div class=\"row align-items-center w-lg-100\">\n                        <div class=\"card-image-wrapper\">\n                                <div class=\"card-image\" data-image-url=\"https:\/\/www.capgemini.com\/es-es\/investigacion\/biblioteca-de-investigacion\/revolucion-software-industria-chip\/\">\n\t\t\t\t\t\t\t\t\t\t\t\t\t\t\t\t\t<picture>\n\t\t\t\t\t\t\t\t\t\t\t\t\t\t\t\t\t\t\t\t\t<source srcset=\"https:\/\/www.capgemini.com\/es-es\/wp-content\/uploads\/sites\/16\/2024\/04\/Softwarization-POV-banner.jpg?w=2048&#038;quality=70 1x, https:\/\/www.capgemini.com\/es-es\/wp-content\/uploads\/sites\/16\/2024\/04\/Softwarization-POV-banner.jpg?w=2048&#038;quality=70 2x\"\n\t\t\t\t\t\t\t\t\t\t\t\t\t\t\t\t\t\t\t\t\t\t\t\t\tmedia=\"(min-width: 1500px)\"\/>\n\t\t\t\t\t\t\t\t\t\t\t\t\t\t\t\t\t\t\t\t\t<source srcset=\"https:\/\/www.capgemini.com\/es-es\/wp-content\/uploads\/sites\/16\/2024\/04\/Softwarization-POV-banner.jpg?w=1024&#038;quality=70 1x, https:\/\/www.capgemini.com\/es-es\/wp-content\/uploads\/sites\/16\/2024\/04\/Softwarization-POV-banner.jpg?w=2048&#038;quality=70 2x\"\n\t\t\t\t\t\t\t\t\t\t\t\t\t\t\t\t\t\t\t\t\t\t\t\t\tmedia=\"(min-width: 992px)\"\/>\n\t\t\t\t\t\t\t\t\t\t\t\t\t\t\t\t\t\t\t\t\t<source srcset=\"https:\/\/www.capgemini.com\/es-es\/wp-content\/uploads\/sites\/16\/2024\/04\/Softwarization-POV-banner.jpg?w=1024&#038;quality=70 1x, https:\/\/www.capgemini.com\/es-es\/wp-content\/uploads\/sites\/16\/2024\/04\/Softwarization-POV-banner.jpg?w=2048&#038;quality=70 2x\"\n\t\t\t\t\t\t\t\t\t\t\t\t\t\t\t\t\t\t\t\t\t\t\t\t\tmedia=\"(min-width: 768px)\"\/>\n\t\t\t\t\t\t\t\t\t\t\t\t\t\t\t\t\t\t\t\t\t<source srcset=\"https:\/\/www.capgemini.com\/es-es\/wp-content\/uploads\/sites\/16\/2024\/04\/Softwarization-POV-banner.jpg?w=500&#038;quality=70 1x, https:\/\/www.capgemini.com\/es-es\/wp-content\/uploads\/sites\/16\/2024\/04\/Softwarization-POV-banner.jpg?w=1000&#038;quality=70 2x\"\n\t\t\t\t\t\t\t\t\t\t\t\t\t\t\t\t\t\t\t\t\t\t\t\t\tmedia=\"(min-width: 0)\"\/>\n\t\t\t\t\t\t\t\t\t\t\t\t\t\t\t\t\t\t\t\t\t\t<img decoding=\"async\" loading=\"lazy\" src=\"https:\/\/www.capgemini.com\/es-es\/wp-content\/uploads\/sites\/16\/2024\/04\/Softwarization-POV-banner.jpg\" alt=\"\" style=\"object-position: 50% 50%; object-fit: cover;\">\n\t\t\t\t\t\t\t\t\t\t\t\t\t\t\t\t\t\t\t<\/picture>\n                                <\/div>\n                            <\/div>\n                            <div class=\"col-12 col-md-5 col-lg-7\"><\/div>\n                        <div class=\"col-12 col-md-7 col-lg-5\">\n                            <a href=\"https:\/\/www.capgemini.com\/es-es\/investigacion\/biblioteca-de-investigacion\/revolucion-software-industria-chip\/\" aria-label=\"La revoluci\u00f3n del software en el coraz\u00f3n de la industria del chip\" class=\"card-link-holder\">\n                            <div class=\"insight-card insight-card-start\">\n                                <div class=\"card-tag\">Point of view<\/div>\n                                <h3 class=\"card-title\">La revoluci\u00f3n del software en el coraz\u00f3n de la industria del chip<\/h3>\n                                <div class=\"insight-card-footer\">\n                                    <img decoding=\"async\" loading=\"lazy\" src=\"\" alt=\"\" class=\"light\">\n\t\t\t\t\t\t\t\t\t<img decoding=\"async\" loading=\"lazy\" src=\"\" alt=\"\" class=\"dark\">\n                                <\/div>\n                            <\/div>\n                            <\/a>\n                        <\/div>\n                     <\/div>\n                    <\/div><\/div><\/section>","protected":false},"excerpt":{"rendered":"<p>Del dise\u00f1o por hardware a la definici\u00f3n por software<\/p>\n","protected":false},"author":33,"featured_media":565555,"parent":537594,"menu_order":0,"comment_status":"closed","ping_status":"closed","template":"","meta":{"cg_dt_proposed_to":[],"cg_seo_hreflang_relations":"[]","cg_seo_canonical_relation":"","cg_seo_hreflang_x_default_relation":"{\"uuid\":\"510e4a51-5641-428f-9025-b77dd33f7fb1\",\"blogId\":\"\",\"domain\":\"\",\"sitePath\":\"\",\"postLink\":\"\",\"postId\":null,\"isSaved\":true,\"isCrossLink\":false,\"hasCrossLink\":false}","cg_dt_approved_content":true,"cg_dt_mandatory_content":false,"cg_dt_notes":"","cg_dg_source_changed":true,"cg_dt_link_disabled":false,"_yoast_wpseo_primary_brand":"","footnotes":"","featured_focal_points":"","partner_card_description":"","gsap_animation":0},"brand":[],"partner_type":[],"service":[],"industry":[67],"partners":[],"page-type":[339],"content-group":[],"class_list":["post-565554","page","type-page","status-publish","has-post-thumbnail","hentry","industry-high-tech","page-type-solutions"],"yoast_head":"<!-- This site is optimized with the Yoast SEO Premium plugin v22.8 (Yoast SEO v22.8) - https:\/\/yoast.com\/wordpress\/plugins\/seo\/ -->\n<title>Softwarizaci\u00f3n para semiconductores - Capgemini Spain<\/title>\n<meta name=\"description\" content=\"Del dise\u00f1o por hardware a la definici\u00f3n por software\" \/>\n<meta name=\"robots\" content=\"index, follow, max-snippet:-1, max-image-preview:large, max-video-preview:-1\" \/>\n<link rel=\"canonical\" href=\"https:\/\/www.capgemini.com\/es-es\/soluciones\/softwarizacion-para-semiconductores\/\" \/>\n<meta property=\"og:locale\" content=\"es_ES\" \/>\n<meta property=\"og:type\" content=\"article\" \/>\n<meta property=\"og:title\" content=\"Softwarizaci\u00f3n para semiconductores\" \/>\n<meta property=\"og:description\" content=\"Del dise\u00f1o por hardware a la definici\u00f3n por software\" \/>\n<meta property=\"og:url\" content=\"https:\/\/www.capgemini.com\/es-es\/soluciones\/softwarizacion-para-semiconductores\/\" \/>\n<meta property=\"og:site_name\" content=\"Capgemini Spain\" \/>\n<meta property=\"article:modified_time\" content=\"2026-01-06T06:51:52+00:00\" \/>\n<meta property=\"og:image\" content=\"https:\/\/www.capgemini.com\/es-es\/wp-content\/uploads\/sites\/16\/2025\/10\/New-Web-preview-global.jpg\" \/>\n\t<meta property=\"og:image:width\" content=\"1200\" \/>\n\t<meta property=\"og:image:height\" content=\"627\" \/>\n\t<meta property=\"og:image:type\" content=\"image\/jpeg\" \/>\n<meta name=\"twitter:card\" content=\"summary_large_image\" \/>\n<meta name=\"twitter:label1\" content=\"Est. reading time\" \/>\n\t<meta name=\"twitter:data1\" content=\"3 minutes\" \/>\n<script type=\"application\/ld+json\" class=\"yoast-schema-graph\">{\"@context\":\"https:\/\/schema.org\",\"@graph\":[{\"@type\":\"WebPage\",\"@id\":\"https:\/\/www.capgemini.com\/es-es\/soluciones\/softwarizacion-para-semiconductores\/\",\"url\":\"https:\/\/www.capgemini.com\/es-es\/soluciones\/softwarizacion-para-semiconductores\/\",\"name\":\"Softwarizaci\u00f3n para semiconductores - Capgemini Spain\",\"isPartOf\":{\"@id\":\"https:\/\/www.capgemini.com\/es-es\/#website\"},\"primaryImageOfPage\":{\"@id\":\"https:\/\/www.capgemini.com\/es-es\/soluciones\/softwarizacion-para-semiconductores\/#primaryimage\"},\"image\":{\"@id\":\"https:\/\/www.capgemini.com\/es-es\/soluciones\/softwarizacion-para-semiconductores\/#primaryimage\"},\"thumbnailUrl\":\"https:\/\/www.capgemini.com\/es-es\/wp-content\/uploads\/sites\/16\/2025\/01\/Softwarization-for-semiconductors_5a776b.jpg\",\"datePublished\":\"2025-01-21T15:33:02+00:00\",\"dateModified\":\"2026-01-06T06:51:52+00:00\",\"description\":\"Del dise\u00f1o por hardware a la definici\u00f3n por software\",\"breadcrumb\":{\"@id\":\"https:\/\/www.capgemini.com\/es-es\/soluciones\/softwarizacion-para-semiconductores\/#breadcrumb\"},\"inLanguage\":\"es-ES\",\"potentialAction\":[{\"@type\":\"ReadAction\",\"target\":[\"https:\/\/www.capgemini.com\/es-es\/soluciones\/softwarizacion-para-semiconductores\/\"]}]},{\"@type\":\"ImageObject\",\"inLanguage\":\"es-ES\",\"@id\":\"https:\/\/www.capgemini.com\/es-es\/soluciones\/softwarizacion-para-semiconductores\/#primaryimage\",\"url\":\"https:\/\/www.capgemini.com\/es-es\/wp-content\/uploads\/sites\/16\/2025\/01\/Softwarization-for-semiconductors_5a776b.jpg\",\"contentUrl\":\"https:\/\/www.capgemini.com\/es-es\/wp-content\/uploads\/sites\/16\/2025\/01\/Softwarization-for-semiconductors_5a776b.jpg\",\"width\":2880,\"height\":1800},{\"@type\":\"BreadcrumbList\",\"@id\":\"https:\/\/www.capgemini.com\/es-es\/soluciones\/softwarizacion-para-semiconductores\/#breadcrumb\",\"itemListElement\":[{\"@type\":\"ListItem\",\"position\":1,\"name\":\"Home\",\"item\":\"https:\/\/www.capgemini.com\/es-es\/\"},{\"@type\":\"ListItem\",\"position\":2,\"name\":\"Soluciones\",\"item\":\"https:\/\/www.capgemini.com\/es-es\/soluciones\/\"},{\"@type\":\"ListItem\",\"position\":3,\"name\":\"Softwarizaci\u00f3n para semiconductores\"}]},{\"@type\":\"WebSite\",\"@id\":\"https:\/\/www.capgemini.com\/es-es\/#website\",\"url\":\"https:\/\/www.capgemini.com\/es-es\/\",\"name\":\"Capgemini Espa\u00f1a\",\"description\":\"Capgemini\",\"potentialAction\":[{\"@type\":\"SearchAction\",\"target\":{\"@type\":\"EntryPoint\",\"urlTemplate\":\"https:\/\/www.capgemini.com\/es-es\/?s={search_term_string}\"},\"query-input\":\"required name=search_term_string\"}],\"inLanguage\":\"es-ES\"}]}<\/script>\n<!-- \/ Yoast SEO Premium plugin. -->","yoast_head_json":{"title":"Softwarizaci\u00f3n para semiconductores - Capgemini Spain","description":"Del dise\u00f1o por hardware a la definici\u00f3n por software","robots":{"index":"index","follow":"follow","max-snippet":"max-snippet:-1","max-image-preview":"max-image-preview:large","max-video-preview":"max-video-preview:-1"},"canonical":"https:\/\/www.capgemini.com\/es-es\/soluciones\/softwarizacion-para-semiconductores\/","og_locale":"es_ES","og_type":"article","og_title":"Softwarizaci\u00f3n para semiconductores","og_description":"Del dise\u00f1o por hardware a la definici\u00f3n por software","og_url":"https:\/\/www.capgemini.com\/es-es\/soluciones\/softwarizacion-para-semiconductores\/","og_site_name":"Capgemini Spain","article_modified_time":"2026-01-06T06:51:52+00:00","og_image":[{"width":1200,"height":627,"url":"https:\/\/www.capgemini.com\/es-es\/wp-content\/uploads\/sites\/16\/2025\/10\/New-Web-preview-global.jpg","type":"image\/jpeg"}],"twitter_card":"summary_large_image","twitter_misc":{"Est. reading time":"3 minutes"},"schema":{"@context":"https:\/\/schema.org","@graph":[{"@type":"WebPage","@id":"https:\/\/www.capgemini.com\/es-es\/soluciones\/softwarizacion-para-semiconductores\/","url":"https:\/\/www.capgemini.com\/es-es\/soluciones\/softwarizacion-para-semiconductores\/","name":"Softwarizaci\u00f3n para semiconductores - Capgemini Spain","isPartOf":{"@id":"https:\/\/www.capgemini.com\/es-es\/#website"},"primaryImageOfPage":{"@id":"https:\/\/www.capgemini.com\/es-es\/soluciones\/softwarizacion-para-semiconductores\/#primaryimage"},"image":{"@id":"https:\/\/www.capgemini.com\/es-es\/soluciones\/softwarizacion-para-semiconductores\/#primaryimage"},"thumbnailUrl":"https:\/\/www.capgemini.com\/es-es\/wp-content\/uploads\/sites\/16\/2025\/01\/Softwarization-for-semiconductors_5a776b.jpg","datePublished":"2025-01-21T15:33:02+00:00","dateModified":"2026-01-06T06:51:52+00:00","description":"Del dise\u00f1o por hardware a la definici\u00f3n por software","breadcrumb":{"@id":"https:\/\/www.capgemini.com\/es-es\/soluciones\/softwarizacion-para-semiconductores\/#breadcrumb"},"inLanguage":"es-ES","potentialAction":[{"@type":"ReadAction","target":["https:\/\/www.capgemini.com\/es-es\/soluciones\/softwarizacion-para-semiconductores\/"]}]},{"@type":"ImageObject","inLanguage":"es-ES","@id":"https:\/\/www.capgemini.com\/es-es\/soluciones\/softwarizacion-para-semiconductores\/#primaryimage","url":"https:\/\/www.capgemini.com\/es-es\/wp-content\/uploads\/sites\/16\/2025\/01\/Softwarization-for-semiconductors_5a776b.jpg","contentUrl":"https:\/\/www.capgemini.com\/es-es\/wp-content\/uploads\/sites\/16\/2025\/01\/Softwarization-for-semiconductors_5a776b.jpg","width":2880,"height":1800},{"@type":"BreadcrumbList","@id":"https:\/\/www.capgemini.com\/es-es\/soluciones\/softwarizacion-para-semiconductores\/#breadcrumb","itemListElement":[{"@type":"ListItem","position":1,"name":"Home","item":"https:\/\/www.capgemini.com\/es-es\/"},{"@type":"ListItem","position":2,"name":"Soluciones","item":"https:\/\/www.capgemini.com\/es-es\/soluciones\/"},{"@type":"ListItem","position":3,"name":"Softwarizaci\u00f3n para semiconductores"}]},{"@type":"WebSite","@id":"https:\/\/www.capgemini.com\/es-es\/#website","url":"https:\/\/www.capgemini.com\/es-es\/","name":"Capgemini Espa\u00f1a","description":"Capgemini","potentialAction":[{"@type":"SearchAction","target":{"@type":"EntryPoint","urlTemplate":"https:\/\/www.capgemini.com\/es-es\/?s={search_term_string}"},"query-input":"required name=search_term_string"}],"inLanguage":"es-ES"}]}},"brand_term":[],"parsely":{"version":"1.1.0","canonical_url":"https:\/\/capgemini.com\/es-es\/soluciones\/softwarizacion-para-semiconductores\/","smart_links":{"inbound":0,"outbound":0},"traffic_boost_suggestions_count":0,"meta":{"@context":"https:\/\/schema.org","@type":"WebPage","headline":"Softwarizaci\u00f3n para semiconductores","url":"https:\/\/www.capgemini.com\/es-es\/soluciones\/softwarizacion-para-semiconductores\/","mainEntityOfPage":{"@type":"WebPage","@id":"https:\/\/www.capgemini.com\/es-es\/soluciones\/softwarizacion-para-semiconductores\/"},"thumbnailUrl":"https:\/\/www.capgemini.com\/es-es\/wp-content\/uploads\/sites\/16\/2025\/01\/Softwarization-for-semiconductors_5a776b.jpg?w=150&h=150&crop=1","image":{"@type":"ImageObject","url":"https:\/\/www.capgemini.com\/es-es\/wp-content\/uploads\/sites\/16\/2025\/01\/Softwarization-for-semiconductors_5a776b.jpg"},"articleSection":"Uncategorized","author":[],"creator":[],"publisher":{"@type":"Organization","name":"Capgemini Spain","logo":""},"keywords":[],"dateCreated":"2025-01-21T15:33:02Z","datePublished":"2025-01-21T15:33:02Z","dateModified":"2026-01-06T06:51:52Z"},"rendered":"<meta name=\"parsely-title\" content=\"Softwarizaci\u00f3n para semiconductores\" \/>\n<meta name=\"parsely-link\" content=\"https:\/\/www.capgemini.com\/es-es\/soluciones\/softwarizacion-para-semiconductores\/\" \/>\n<meta name=\"parsely-type\" content=\"index\" \/>\n<meta name=\"parsely-image-url\" content=\"https:\/\/www.capgemini.com\/es-es\/wp-content\/uploads\/sites\/16\/2025\/01\/Softwarization-for-semiconductors_5a776b.jpg?w=150&amp;h=150&amp;crop=1\" \/>\n<meta name=\"parsely-pub-date\" content=\"2025-01-21T15:33:02Z\" \/>\n<meta name=\"parsely-section\" content=\"Uncategorized\" \/>","tracker_url":"https:\/\/cdn.parsely.com\/keys\/capgemini.com\/p.js"},"archive_status":false,"featured_image_src":"https:\/\/www.capgemini.com\/es-es\/wp-content\/uploads\/sites\/16\/2025\/01\/Softwarization-for-semiconductors_5a776b.jpg","featured_image_alt":"","jetpack_sharing_enabled":true,"distributor_meta":false,"distributor_terms":false,"distributor_media":false,"distributor_original_site_name":"Capgemini Spain","distributor_original_site_url":"https:\/\/www.capgemini.com\/es-es","push-errors":false,"_links":{"self":[{"href":"https:\/\/www.capgemini.com\/es-es\/wp-json\/wp\/v2\/pages\/565554","targetHints":{"allow":["GET"]}}],"collection":[{"href":"https:\/\/www.capgemini.com\/es-es\/wp-json\/wp\/v2\/pages"}],"about":[{"href":"https:\/\/www.capgemini.com\/es-es\/wp-json\/wp\/v2\/types\/page"}],"author":[{"embeddable":true,"href":"https:\/\/www.capgemini.com\/es-es\/wp-json\/wp\/v2\/users\/33"}],"replies":[{"embeddable":true,"href":"https:\/\/www.capgemini.com\/es-es\/wp-json\/wp\/v2\/comments?post=565554"}],"version-history":[{"count":4,"href":"https:\/\/www.capgemini.com\/es-es\/wp-json\/wp\/v2\/pages\/565554\/revisions"}],"predecessor-version":[{"id":577881,"href":"https:\/\/www.capgemini.com\/es-es\/wp-json\/wp\/v2\/pages\/565554\/revisions\/577881"}],"up":[{"embeddable":true,"href":"https:\/\/www.capgemini.com\/es-es\/wp-json\/wp\/v2\/pages\/537594"}],"wp:featuredmedia":[{"embeddable":true,"href":"https:\/\/www.capgemini.com\/es-es\/wp-json\/wp\/v2\/media\/565555"}],"wp:attachment":[{"href":"https:\/\/www.capgemini.com\/es-es\/wp-json\/wp\/v2\/media?parent=565554"}],"wp:term":[{"taxonomy":"brand","embeddable":true,"href":"https:\/\/www.capgemini.com\/es-es\/wp-json\/wp\/v2\/brand?post=565554"},{"taxonomy":"partner_type","embeddable":true,"href":"https:\/\/www.capgemini.com\/es-es\/wp-json\/wp\/v2\/partner_type?post=565554"},{"taxonomy":"service","embeddable":true,"href":"https:\/\/www.capgemini.com\/es-es\/wp-json\/wp\/v2\/service?post=565554"},{"taxonomy":"industry","embeddable":true,"href":"https:\/\/www.capgemini.com\/es-es\/wp-json\/wp\/v2\/industry?post=565554"},{"taxonomy":"partners","embeddable":true,"href":"https:\/\/www.capgemini.com\/es-es\/wp-json\/wp\/v2\/partners?post=565554"},{"taxonomy":"page-type","embeddable":true,"href":"https:\/\/www.capgemini.com\/es-es\/wp-json\/wp\/v2\/page-type?post=565554"},{"taxonomy":"content-group","embeddable":true,"href":"https:\/\/www.capgemini.com\/es-es\/wp-json\/wp\/v2\/content-group?post=565554"}],"curies":[{"name":"wp","href":"https:\/\/api.w.org\/{rel}","templated":true}]}}