{"id":562921,"date":"2024-10-30T13:10:13","date_gmt":"2024-10-30T12:10:13","guid":{"rendered":"https:\/\/www.capgemini.com\/es-es\/?page_id=562921&#038;preview_id=562921"},"modified":"2025-03-12T05:11:31","modified_gmt":"2025-03-12T04:11:31","slug":"admnext-for-sustainability","status":"publish","type":"page","link":"https:\/\/www.capgemini.com\/es-es\/soluciones\/admnext-for-sustainability\/","title":{"rendered":"ADMnext por la sostenibilidad"},"content":{"rendered":"\n<header class=\"wp-block-cg-blocks-hero-reusable header heroReusable  \"><div class=\"header-bgs\"><picture><source srcset=\"https:\/\/www.capgemini.com\/wp-content\/uploads\/2024\/10\/Sustainability-POV-web-page-banner.jpg?w=2880&amp;quality=70 1x, https:\/\/www.capgemini.com\/wp-content\/uploads\/2024\/10\/Sustainability-POV-web-page-banner.jpg?w=2880&amp;quality=70 2x\" media=\"(min-width: 1500px)\"\/><source srcset=\"https:\/\/www.capgemini.com\/wp-content\/uploads\/2024\/10\/Sustainability-POV-web-page-banner.jpg?w=1440&amp;quality=70 1x, https:\/\/www.capgemini.com\/wp-content\/uploads\/2024\/10\/Sustainability-POV-web-page-banner.jpg?w=2880&amp;quality=70 2x\" media=\"(min-width: 992px)\"\/><source srcset=\"https:\/\/www.capgemini.com\/wp-content\/uploads\/2024\/10\/Sustainability-POV-web-page-banner.jpg?w=1024&amp;quality=70 1x, https:\/\/www.capgemini.com\/wp-content\/uploads\/2024\/10\/Sustainability-POV-web-page-banner.jpg?w=1024&amp;quality=70 2x\" media=\"(min-width: 768px)\"\/><source srcset=\"https:\/\/www.capgemini.com\/wp-content\/uploads\/2024\/10\/Sustainability-POV-web-page-banner.jpg?w=768&amp;quality=70 1x, https:\/\/www.capgemini.com\/wp-content\/uploads\/2024\/10\/Sustainability-POV-web-page-banner.jpg?w=768&amp;quality=70 2x\" media=\"(min-width: 0)\"\/><img decoding=\"async\" src=\"https:\/\/www.capgemini.com\/wp-content\/uploads\/2024\/10\/Sustainability-POV-web-page-banner.jpg\" class=\"header-img header-img-d\" alt=\"\" style=\"object-fit:cover;object-position:50% 50%\" loading=\"eager\"\/><\/picture><\/div><div class=\"heroPictureCardHeaderShape\"><\/div><div class=\"container\"><div class=\"row\"><div class=\"col-md-12\"><div class=\"box\"><div class=\"boxTagWrapper\"><div class=\"tagInfo\"><div><span class=\"box-tag\">Solution<\/span><\/div><\/div><\/div><div class=\"box-title\"><h1 data-maxlength=\"34\">ADMnext por la sostenibilidad<\/h1><\/div><h2 class=\"reasearchInsightTitle\">Transici\u00f3n de la inform\u00e1tica empresarial a una era m\u00e1s verde<\/h2><div class=\"inner-row-insight download-btn\"><\/div><\/div><\/div><\/div><\/div><\/header>\n\n\n\n<section class=\"wp-block-cg-blocks-group undefined section section--article-content\"><div class=\"article-main-content\"><div class=\"container\"><div class=\"row\"><div class=\"col-12 col-md-1\"><nav class=\"article-social\"><ul class=\"social-nav\"><li class=\"ip-order-fb\"><a href=\"https:\/\/www.facebook.com\/sharer\/sharer.php?u=https:\/\/www.capgemini.com\/?page_id=1064852\" target=\"_blank\" rel=\"noopener noreferrer\" title=\"abrir en una nueva ventana\"><i aria-hidden=\"true\" class=\"icon-fb\"><\/i><span class=\"sr-only\">Facebook<\/span><\/a><\/li><li class=\"ip-order-li\"><a href=\"https:\/\/www.linkedin.com\/shareArticle?url=https:\/\/www.capgemini.com\/?page_id=1064852\" target=\"_blank\" rel=\"noopener noreferrer\" title=\"abrir en una nueva ventana\"><i aria-hidden=\"true\" class=\"icon-li\"><\/i><span class=\"sr-only\">Linkedin<\/span><\/a><\/li><\/ul><\/nav><\/div><div class=\"col-12 col-md-11 col-lg-10\"><div class=\"article-text article-quote-text\">\n<h3 class=\"wp-block-heading\" id=\"h-unete-a-la-transformacion-tecnologica-para-obtener-beneficios-financieros-y-medioambientales-duraderos-a-traves-de-sus-servicios-de-desarrollo-y-mantenimiento-de-aplicaciones-adm\">\u00danete a la transformaci\u00f3n tecnol\u00f3gica para obtener beneficios financieros y medioambientales duraderos a trav\u00e9s de sus servicios de desarrollo y mantenimiento de aplicaciones (ADM).<\/h3>\n\n\n\n<p>La econom\u00eda mundial est\u00e1 experimentando un cambio sist\u00e9mico hacia un futuro m\u00e1s sostenible: la era eco-digital\u2122. La tecnolog\u00eda digital dominante y las nuevas innovaciones impulsar\u00e1n este crecimiento y, aunque las TI empresariales contribuyen a las emisiones de gases de efecto invernadero (GEI) y a los residuos electr\u00f3nicos, tienen a\u00fan m\u00e1s potencial para ayudar a las empresas en la transici\u00f3n hacia operaciones sostenibles.<\/p>\n\n\n\n<p>Para hacer frente a los retos de esta nueva era, la tecnolog\u00eda y los m\u00e9todos de trabajo heredados se est\u00e1n sustituyendo por tecnolog\u00edas digitales sostenibles que permiten a las empresas integrar una infraestructura m\u00e1s eficiente, supervisar las actividades previas y posteriores y visualizar las conexiones entre operaciones y emisiones.<\/p>\n\n\n\n<p>El marco de <strong><a href=\"https:\/\/www.capgemini.com\/es-es\/servicios\/sostenibilidad\/tecnologia-sostenible\/\">Tecnolog\u00eda Sostenible de Capgemini<\/a><\/strong> es un conjunto completo y modular de servicios que cubren todas las etapas y dominios del ciclo de vida de la tecnolog\u00eda, incluidos los servicios ADM. Le ayudamos a adoptar la transformaci\u00f3n tecnol\u00f3gica para obtener beneficios financieros y medioambientales duraderos, respaldados por nuestros s\u00f3lidos compromisos de sostenibilidad.<\/p>\n\n\n\n<p><strong>Un nuevo cap\u00edtulo para las TI empresariales y la sostenibilidad<\/strong><\/p>\n\n\n\n<p>La oferta de servicios ADM de Capgemini, <a href=\"https:\/\/www.capgemini.com\/es-es\/servicios\/gestion-empresarial\/desarrollo-y-mantenimiento-de-aplicaciones\/\">ADMnext<\/a>, l\u00edder en el mercado, garantiza que, a medida que desarrollamos y mantenemos toda la tecnolog\u00eda empresarial, aprovechamos lo mejor de los servicios de Capgemini para hacerlo sostenible.<\/p>\n\n\n\n<p>Integramos la sostenibilidad en la prestaci\u00f3n de nuestros servicios ADM mediante la determinaci\u00f3n de la huella de carbono y el seguimiento continuo de la misma, al tiempo que optimizamos los recursos, las ubicaciones de entrega, las instalaciones y el ecosistema de proveedores para cumplir sus objetivos de emisiones de Alcance 3. Esto repercute tanto en el planeta como en los resultados de su organizaci\u00f3n.<\/p>\n\n\n\n<p>Tambi\u00e9n le ayudamos a alcanzar sus objetivos de sostenibilidad:<\/p>\n\n\n\n<ul class=\"wp-block-list\">\n<li>Optimizaci\u00f3n del entorno de aplicaciones<\/li>\n\n\n\n<li>Utilizaci\u00f3n de principios de ingenier\u00eda de software ecol\u00f3gico<\/li>\n\n\n\n<li>Facilitar la adquisici\u00f3n sostenible de TI en todo su ecosistema<\/li>\n\n\n\n<li>Informes sobre el mantenimiento de las aplicaciones de sostenibilidad.<\/li>\n<\/ul>\n\n\n\n<p>Nuestros servicios ya han dado resultados tangibles:<\/p>\n\n\n\n<ul class=\"wp-block-list\">\n<li>Un ahorro de 755 toneladas de CO2e al a\u00f1o para una empresa energ\u00e9tica<\/li>\n\n\n\n<li>Reducci\u00f3n del uso de papel en 2,5 millones de p\u00e1ginas al a\u00f1o para un banco internacional.<\/li>\n\n\n\n<li>Creaci\u00f3n de un marco de abastecimiento m\u00e1s responsable para un banco internacional.<\/li>\n<\/ul>\n\n\n\n<p>Descarga nuestro <a href=\"https:\/\/www.capgemini.com\/es-es\/investigacion\/biblioteca-de-investigacion\/sustainability-in-application-development-and-management-adm-services\/\">punto de vista <\/a>para saber m\u00e1s sobre c\u00f3mo puede alcanzar sus objetivos de sostenibilidad con sus servicios de ADM y, al mismo tiempo, aportar un valor empresarial tangible.&nbsp;<\/p>\n<\/div><\/div><\/div><\/div><\/div><\/section>\n\n\n<section class=\"latest-insights layout-odd layout-one-card-only \"><div class=\"container\"><div class=\"insight-title\"><h2 class=\"latest-insight-title\">Informes relacionados<\/h2><\/div><div class=\"layout-single-card\">\n                      <div class=\"row align-items-center w-lg-100\">\n                        <div class=\"card-image-wrapper\">\n                                <div class=\"card-image\" data-image-url=\"https:\/\/www.capgemini.com\/es-es\/investigacion\/biblioteca-de-investigacion\/sustainability-in-application-development-and-management-adm-services\/\">\n\t\t\t\t\t\t\t\t\t\t\t\t\t\t\t\t\t<picture>\n\t\t\t\t\t\t\t\t\t\t\t\t\t\t\t\t\t\t\t\t\t<source srcset=\"https:\/\/www.capgemini.com\/es-es\/wp-content\/uploads\/sites\/16\/2024\/10\/Sustainability-POV-web-page-banner.jpg?w=2048&#038;quality=70 1x, https:\/\/www.capgemini.com\/es-es\/wp-content\/uploads\/sites\/16\/2024\/10\/Sustainability-POV-web-page-banner.jpg?w=2048&#038;quality=70 2x\"\n\t\t\t\t\t\t\t\t\t\t\t\t\t\t\t\t\t\t\t\t\t\t\t\t\tmedia=\"(min-width: 1500px)\"\/>\n\t\t\t\t\t\t\t\t\t\t\t\t\t\t\t\t\t\t\t\t\t<source srcset=\"https:\/\/www.capgemini.com\/es-es\/wp-content\/uploads\/sites\/16\/2024\/10\/Sustainability-POV-web-page-banner.jpg?w=1024&#038;quality=70 1x, https:\/\/www.capgemini.com\/es-es\/wp-content\/uploads\/sites\/16\/2024\/10\/Sustainability-POV-web-page-banner.jpg?w=2048&#038;quality=70 2x\"\n\t\t\t\t\t\t\t\t\t\t\t\t\t\t\t\t\t\t\t\t\t\t\t\t\tmedia=\"(min-width: 992px)\"\/>\n\t\t\t\t\t\t\t\t\t\t\t\t\t\t\t\t\t\t\t\t\t<source srcset=\"https:\/\/www.capgemini.com\/es-es\/wp-content\/uploads\/sites\/16\/2024\/10\/Sustainability-POV-web-page-banner.jpg?w=1024&#038;quality=70 1x, https:\/\/www.capgemini.com\/es-es\/wp-content\/uploads\/sites\/16\/2024\/10\/Sustainability-POV-web-page-banner.jpg?w=2048&#038;quality=70 2x\"\n\t\t\t\t\t\t\t\t\t\t\t\t\t\t\t\t\t\t\t\t\t\t\t\t\tmedia=\"(min-width: 768px)\"\/>\n\t\t\t\t\t\t\t\t\t\t\t\t\t\t\t\t\t\t\t\t\t<source srcset=\"https:\/\/www.capgemini.com\/es-es\/wp-content\/uploads\/sites\/16\/2024\/10\/Sustainability-POV-web-page-banner.jpg?w=500&#038;quality=70 1x, https:\/\/www.capgemini.com\/es-es\/wp-content\/uploads\/sites\/16\/2024\/10\/Sustainability-POV-web-page-banner.jpg?w=1000&#038;quality=70 2x\"\n\t\t\t\t\t\t\t\t\t\t\t\t\t\t\t\t\t\t\t\t\t\t\t\t\tmedia=\"(min-width: 0)\"\/>\n\t\t\t\t\t\t\t\t\t\t\t\t\t\t\t\t\t\t\t\t\t\t<img decoding=\"async\" loading=\"lazy\" src=\"https:\/\/www.capgemini.com\/es-es\/wp-content\/uploads\/sites\/16\/2024\/10\/Sustainability-POV-web-page-banner.jpg\" alt=\"\" style=\"object-position: 50% 50%; object-fit: cover;\">\n\t\t\t\t\t\t\t\t\t\t\t\t\t\t\t\t\t\t\t<\/picture>\n                                <\/div>\n                            <\/div>\n                            <div class=\"col-12 col-md-5 col-lg-7\"><\/div>\n                        <div class=\"col-12 col-md-7 col-lg-5\">\n                            <a href=\"https:\/\/www.capgemini.com\/es-es\/investigacion\/biblioteca-de-investigacion\/sustainability-in-application-development-and-management-adm-services\/\" aria-label=\"Sostenibilidad de los servicios de desarrollo y gesti\u00f3n de aplicaciones (ADM)\" class=\"card-link-holder\">\n                            <div class=\"insight-card insight-card-start\">\n                                <div class=\"card-tag\">Point of view<\/div>\n                                <h3 class=\"card-title\">Sostenibilidad de los servicios de desarrollo y gesti\u00f3n de aplicaciones (ADM)<\/h3>\n                                <div class=\"insight-card-footer\">\n                                    <img decoding=\"async\" loading=\"lazy\" src=\"\" alt=\"\" class=\"light\">\n\t\t\t\t\t\t\t\t\t<img decoding=\"async\" loading=\"lazy\" src=\"\" alt=\"\" class=\"dark\">\n                                <\/div>\n                            <\/div>\n                            <\/a>\n                        <\/div>\n                     <\/div>\n                    <\/div><\/div><\/section>\n\n\n<section class=\"wp-block-cg-blocks-learn-more learnMoreBlock updated-new-sample-amal\"><div class=\"container\"><div class=\"content-title\"><h2 class=\"learnmore-heading\">M\u00e1s informaci\u00f3n<\/h2><\/div><div class=\"row\"><div class=\"col-md-4\"><div class=\"box\"><div class=\"box-wrapper\"><a class=\"box-title\" href=\"https:\/\/www.capgemini.com\/es-es\/servicios\/sostenibilidad\/tecnologia-sostenible\/\" target=\"\" aria-label=\"Tecnolog\u00eda sostenible\" rel=\"noopener noreferrer\"><div class=\"box-img-wrapper\"><img decoding=\"async\" src=\"https:\/\/www.capgemini.com\/wp-content\/uploads\/2024\/08\/Sustainable-Technology_Web-banner-2-1-1.jpg?w=500&amp;quality=70\" srcset=\"https:\/\/www.capgemini.com\/wp-content\/uploads\/2024\/08\/Sustainable-Technology_Web-banner-2-1-1.jpg?w=500&amp;quality=70 1x, https:\/\/www.capgemini.com\/wp-content\/uploads\/2024\/08\/Sustainable-Technology_Web-banner-2-1-1.jpg?w=1000&amp;quality=70 2x\" class=\"box-img\" alt=\"\" style=\"object-fit:cover;object-position:50% 50%\" loading=\"lazy\"\/><\/div><h3 class=\"titleWithoutLink_learnMore\">Tecnolog\u00eda sostenible<\/h3><\/a><\/div><\/div><div class=\"box-inner\"><\/div><\/div><\/div><\/div><\/section>\n\n\n\n<section class=\"wp-block-cg-blocks-wrapper-people-slider section section--expert-slider wrapper-people-slider undefined\"><div class=\"container\"><div class=\"content-title\"><h2 data-maxlength=\"34\" class=\"people-heading-title\">Conoce a nuestra experta<\/h2><\/div><\/div><div class=\"slider slider-boxed\"><div class=\"container\"><div class=\"slider-window\"><div class=\"slider-list\">\t\t<div class=\"slide\">\n\t\t\t<div class=\"box\">\n\t\t\t\t<div class=\"row\">\n\t\t\t\t\t<div class=\"col-md-6 col-lg-4 box-img-wrapper\">\n\t\t\t\t\t\t<img decoding=\"async\" loading=\"lazy\" src=\"https:\/\/www.capgemini.com\/es-es\/wp-content\/uploads\/sites\/16\/2024\/10\/angeles_yan.jpeg\" alt=\"\u00c1ngeles Y\u00e1\u00f1ez\"\/>\n\t\t\t\t\t<\/div>\n\t\t\t\t\t<div class=\"col-md-6 col-lg-8 box-inner\">\n\t\t\t\t\t\t<div class=\"row title-social-media-header\">\n\t\t\t\t\t\t\t<div class=\"col-md-12 col-lg-6 mbl-social-icon\">\n\t\t\t\t\t\t\t\t<ul class=\"social-nav\">\n\t\t\t\t\t\t\t\t\t\t\t\t\t\t\t\t\t\t\t\t\t\t\t\t\t\t\t\t\t\t\t\t\t\t\t\t\t\t\t\t\t\t\t\t\t\t\t\t\t\t\t\t\t\t\t<li><a aria-label=\"Linkedin\" target=\"_blank\" title=\"Abrir en una nueva ventana\" href=\"https:\/\/www.linkedin.com\/in\/angeles-yez-22334180\/\"><i aria-hidden=\"true\" class=\"icon-li\"><\/i><\/a><\/li>\n\t\t\t\t\t\t\t\t\t\t\t\t\t\t\t\t\t<\/ul>\n\t\t\t\t\t\t\t<\/div>\n\t\t\t\t\t\t\t<div class=\"col-md-12 col-lg-6 box-container\">\n\t\t\t\t\t\t\t\t<div class=\"box-title\">\n\t\t\t\t\t\t\t\t\t<h3 class=\"people-profile-title\">\u00c1ngeles Y\u00e1\u00f1ez<\/h3>\n\t\t\t\t\t\t\t\t<\/div>\n\t\t\t\t\t\t\t\t\t\t\t\t\t\t\t\t\t<span>Head of Managed Services Business<\/span>\n\t\t\t\t\t\t\t\t\t\t\t\t\t\t\t<\/div>\n\t\t\t\t\t\t\t<div class=\"col-md-12 col-lg-6 social-box-container dkt-social-icon\">\n\t\t\t\t\t\t\t\t<ul class=\"social-nav\">\n\t\t\t\t\t\t\t\t\t\t\t\t\t\t\t\t\t\t\t\t\t\t\t\t\t\t\t\t\t\t\t\t\t\t\t\t\t\t\t\t\t\t\t\t\t\t\t\t\t\t\t\t\t\t\t<li><a aria-label=\"Linkedin\" target=\"_blank\" title=\"Abrir en una nueva ventana\" href=\"https:\/\/www.linkedin.com\/in\/angeles-yez-22334180\/\"><i aria-hidden=\"true\" class=\"icon-li\"><\/i><\/a><\/li>\n\t\t\t\t\t\t\t\t\t\t\t\t\t\t\t\t\t<\/ul>\n\t\t\t\t\t\t\t<\/div>\n\t\t\t\t\t\t<\/div>\n\t\t\t\t\t\t\t\t\t\t\t<\/div>\n\t\t\t\t<\/div>\n\t\t\t<\/div>\n\t\t\t\t\t<\/div>\n\t\t<\/div><\/div><\/div><div class=\"slider-nav\"><button class=\"slider-prev inactive\" aria-label=\"Slider-previous\" tabindex=\"-1\"><\/button><ul class=\"slider-paginator\"><\/ul><button class=\"slider-next\" aria-label=\"Slider-next\"><\/button><\/div><\/div><\/section>\n","protected":false},"excerpt":{"rendered":"","protected":false},"author":440,"featured_media":0,"parent":537594,"menu_order":0,"comment_status":"closed","ping_status":"closed","template":"","meta":{"cg_dt_proposed_to":[],"cg_seo_hreflang_relations":"[]","cg_seo_canonical_relation":"","cg_seo_hreflang_x_default_relation":"{\"uuid\":\"714955af-c7ec-499c-8319-f06aa16c2133\",\"blogId\":\"\",\"domain\":\"\",\"sitePath\":\"\",\"postLink\":\"\",\"postId\":null,\"isSaved\":true,\"isCrossLink\":false,\"hasCrossLink\":false}","cg_dt_approved_content":true,"cg_dt_mandatory_content":false,"cg_dt_notes":"","cg_dg_source_changed":true,"cg_dt_link_disabled":false,"_yoast_wpseo_primary_brand":"","footnotes":"","featured_focal_points":"","partner_card_description":"","gsap_animation":0},"brand":[],"partner_type":[],"service":[],"industry":[],"partners":[],"page-type":[339],"content-group":[],"class_list":["post-562921","page","type-page","status-publish","hentry","page-type-solutions"],"yoast_head":"<!-- This site is optimized with the Yoast SEO Premium plugin v22.8 (Yoast SEO v22.8) - https:\/\/yoast.com\/wordpress\/plugins\/seo\/ -->\n<title>ADMnext por la sostenibilidad - Capgemini Spain<\/title>\n<meta name=\"description\" content=\"Transici\u00f3n de la inform\u00e1tica empresarial a una era m\u00e1s verde.\" \/>\n<meta name=\"robots\" content=\"index, follow, max-snippet:-1, max-image-preview:large, max-video-preview:-1\" \/>\n<link rel=\"canonical\" href=\"https:\/\/www.capgemini.com\/es-es\/soluciones\/admnext-for-sustainability\/\" \/>\n<meta property=\"og:locale\" content=\"es_ES\" \/>\n<meta property=\"og:type\" content=\"article\" \/>\n<meta property=\"og:title\" content=\"ADMnext por la sostenibilidad\" \/>\n<meta property=\"og:description\" content=\"Transici\u00f3n de la inform\u00e1tica empresarial a una era m\u00e1s verde.\" \/>\n<meta property=\"og:url\" content=\"https:\/\/www.capgemini.com\/es-es\/soluciones\/admnext-for-sustainability\/\" \/>\n<meta property=\"og:site_name\" content=\"Capgemini Spain\" \/>\n<meta property=\"article:modified_time\" content=\"2025-03-12T04:11:31+00:00\" \/>\n<meta property=\"og:image\" content=\"https:\/\/www.capgemini.com\/es-es\/wp-content\/uploads\/sites\/16\/2025\/10\/New-Web-preview-global.jpg\" \/>\n\t<meta property=\"og:image:width\" content=\"1200\" \/>\n\t<meta property=\"og:image:height\" content=\"627\" \/>\n\t<meta property=\"og:image:type\" content=\"image\/jpeg\" \/>\n<meta name=\"twitter:card\" content=\"summary_large_image\" \/>\n<meta name=\"twitter:label1\" content=\"Est. reading time\" \/>\n\t<meta name=\"twitter:data1\" content=\"3 minutes\" \/>\n<script type=\"application\/ld+json\" class=\"yoast-schema-graph\">{\"@context\":\"https:\/\/schema.org\",\"@graph\":[{\"@type\":\"WebPage\",\"@id\":\"https:\/\/www.capgemini.com\/es-es\/soluciones\/admnext-for-sustainability\/\",\"url\":\"https:\/\/www.capgemini.com\/es-es\/soluciones\/admnext-for-sustainability\/\",\"name\":\"ADMnext por la sostenibilidad - Capgemini Spain\",\"isPartOf\":{\"@id\":\"https:\/\/www.capgemini.com\/es-es\/#website\"},\"primaryImageOfPage\":{\"@id\":\"https:\/\/www.capgemini.com\/es-es\/soluciones\/admnext-for-sustainability\/#primaryimage\"},\"image\":{\"@id\":\"https:\/\/www.capgemini.com\/es-es\/soluciones\/admnext-for-sustainability\/#primaryimage\"},\"thumbnailUrl\":\"https:\/\/www.capgemini.com\/wp-content\/uploads\/2024\/10\/Sustainability-POV-web-page-banner.jpg\",\"datePublished\":\"2024-10-30T12:10:13+00:00\",\"dateModified\":\"2025-03-12T04:11:31+00:00\",\"description\":\"Transici\u00f3n de la inform\u00e1tica empresarial a una era m\u00e1s verde.\",\"breadcrumb\":{\"@id\":\"https:\/\/www.capgemini.com\/es-es\/soluciones\/admnext-for-sustainability\/#breadcrumb\"},\"inLanguage\":\"es-ES\",\"potentialAction\":[{\"@type\":\"ReadAction\",\"target\":[\"https:\/\/www.capgemini.com\/es-es\/soluciones\/admnext-for-sustainability\/\"]}]},{\"@type\":\"ImageObject\",\"inLanguage\":\"es-ES\",\"@id\":\"https:\/\/www.capgemini.com\/es-es\/soluciones\/admnext-for-sustainability\/#primaryimage\",\"url\":\"https:\/\/www.capgemini.com\/wp-content\/uploads\/2024\/10\/Sustainability-POV-web-page-banner.jpg\",\"contentUrl\":\"https:\/\/www.capgemini.com\/wp-content\/uploads\/2024\/10\/Sustainability-POV-web-page-banner.jpg\"},{\"@type\":\"BreadcrumbList\",\"@id\":\"https:\/\/www.capgemini.com\/es-es\/soluciones\/admnext-for-sustainability\/#breadcrumb\",\"itemListElement\":[{\"@type\":\"ListItem\",\"position\":1,\"name\":\"Home\",\"item\":\"https:\/\/www.capgemini.com\/es-es\/\"},{\"@type\":\"ListItem\",\"position\":2,\"name\":\"Soluciones\",\"item\":\"https:\/\/www.capgemini.com\/es-es\/soluciones\/\"},{\"@type\":\"ListItem\",\"position\":3,\"name\":\"ADMnext por la sostenibilidad\"}]},{\"@type\":\"WebSite\",\"@id\":\"https:\/\/www.capgemini.com\/es-es\/#website\",\"url\":\"https:\/\/www.capgemini.com\/es-es\/\",\"name\":\"Capgemini Espa\u00f1a\",\"description\":\"Capgemini\",\"potentialAction\":[{\"@type\":\"SearchAction\",\"target\":{\"@type\":\"EntryPoint\",\"urlTemplate\":\"https:\/\/www.capgemini.com\/es-es\/?s={search_term_string}\"},\"query-input\":\"required name=search_term_string\"}],\"inLanguage\":\"es-ES\"}]}<\/script>\n<!-- \/ Yoast SEO Premium plugin. -->","yoast_head_json":{"title":"ADMnext por la sostenibilidad - Capgemini Spain","description":"Transici\u00f3n de la inform\u00e1tica empresarial a una era m\u00e1s verde.","robots":{"index":"index","follow":"follow","max-snippet":"max-snippet:-1","max-image-preview":"max-image-preview:large","max-video-preview":"max-video-preview:-1"},"canonical":"https:\/\/www.capgemini.com\/es-es\/soluciones\/admnext-for-sustainability\/","og_locale":"es_ES","og_type":"article","og_title":"ADMnext por la sostenibilidad","og_description":"Transici\u00f3n de la inform\u00e1tica empresarial a una era m\u00e1s verde.","og_url":"https:\/\/www.capgemini.com\/es-es\/soluciones\/admnext-for-sustainability\/","og_site_name":"Capgemini Spain","article_modified_time":"2025-03-12T04:11:31+00:00","og_image":[{"width":1200,"height":627,"url":"https:\/\/www.capgemini.com\/es-es\/wp-content\/uploads\/sites\/16\/2025\/10\/New-Web-preview-global.jpg","type":"image\/jpeg"}],"twitter_card":"summary_large_image","twitter_misc":{"Est. reading time":"3 minutes"},"schema":{"@context":"https:\/\/schema.org","@graph":[{"@type":"WebPage","@id":"https:\/\/www.capgemini.com\/es-es\/soluciones\/admnext-for-sustainability\/","url":"https:\/\/www.capgemini.com\/es-es\/soluciones\/admnext-for-sustainability\/","name":"ADMnext por la sostenibilidad - Capgemini Spain","isPartOf":{"@id":"https:\/\/www.capgemini.com\/es-es\/#website"},"primaryImageOfPage":{"@id":"https:\/\/www.capgemini.com\/es-es\/soluciones\/admnext-for-sustainability\/#primaryimage"},"image":{"@id":"https:\/\/www.capgemini.com\/es-es\/soluciones\/admnext-for-sustainability\/#primaryimage"},"thumbnailUrl":"https:\/\/www.capgemini.com\/wp-content\/uploads\/2024\/10\/Sustainability-POV-web-page-banner.jpg","datePublished":"2024-10-30T12:10:13+00:00","dateModified":"2025-03-12T04:11:31+00:00","description":"Transici\u00f3n de la inform\u00e1tica empresarial a una era m\u00e1s verde.","breadcrumb":{"@id":"https:\/\/www.capgemini.com\/es-es\/soluciones\/admnext-for-sustainability\/#breadcrumb"},"inLanguage":"es-ES","potentialAction":[{"@type":"ReadAction","target":["https:\/\/www.capgemini.com\/es-es\/soluciones\/admnext-for-sustainability\/"]}]},{"@type":"ImageObject","inLanguage":"es-ES","@id":"https:\/\/www.capgemini.com\/es-es\/soluciones\/admnext-for-sustainability\/#primaryimage","url":"https:\/\/www.capgemini.com\/wp-content\/uploads\/2024\/10\/Sustainability-POV-web-page-banner.jpg","contentUrl":"https:\/\/www.capgemini.com\/wp-content\/uploads\/2024\/10\/Sustainability-POV-web-page-banner.jpg"},{"@type":"BreadcrumbList","@id":"https:\/\/www.capgemini.com\/es-es\/soluciones\/admnext-for-sustainability\/#breadcrumb","itemListElement":[{"@type":"ListItem","position":1,"name":"Home","item":"https:\/\/www.capgemini.com\/es-es\/"},{"@type":"ListItem","position":2,"name":"Soluciones","item":"https:\/\/www.capgemini.com\/es-es\/soluciones\/"},{"@type":"ListItem","position":3,"name":"ADMnext por la sostenibilidad"}]},{"@type":"WebSite","@id":"https:\/\/www.capgemini.com\/es-es\/#website","url":"https:\/\/www.capgemini.com\/es-es\/","name":"Capgemini Espa\u00f1a","description":"Capgemini","potentialAction":[{"@type":"SearchAction","target":{"@type":"EntryPoint","urlTemplate":"https:\/\/www.capgemini.com\/es-es\/?s={search_term_string}"},"query-input":"required name=search_term_string"}],"inLanguage":"es-ES"}]}},"brand_term":[],"parsely":{"version":"1.1.0","canonical_url":"https:\/\/capgemini.com\/es-es\/soluciones\/admnext-for-sustainability\/","smart_links":{"inbound":0,"outbound":0},"traffic_boost_suggestions_count":0,"meta":{"@context":"https:\/\/schema.org","@type":"WebPage","headline":"ADMnext por la sostenibilidad","url":"https:\/\/www.capgemini.com\/es-es\/soluciones\/admnext-for-sustainability\/","mainEntityOfPage":{"@type":"WebPage","@id":"https:\/\/www.capgemini.com\/es-es\/soluciones\/admnext-for-sustainability\/"},"thumbnailUrl":"","image":{"@type":"ImageObject","url":""},"articleSection":"Uncategorized","author":[],"creator":[],"publisher":{"@type":"Organization","name":"Capgemini Spain","logo":""},"keywords":[],"dateCreated":"2024-10-30T12:10:13Z","datePublished":"2024-10-30T12:10:13Z","dateModified":"2025-03-12T04:11:31Z"},"rendered":"<meta name=\"parsely-title\" content=\"ADMnext por la sostenibilidad\" \/>\n<meta name=\"parsely-link\" content=\"https:\/\/www.capgemini.com\/es-es\/soluciones\/admnext-for-sustainability\/\" \/>\n<meta name=\"parsely-type\" content=\"index\" \/>\n<meta name=\"parsely-pub-date\" content=\"2024-10-30T12:10:13Z\" \/>\n<meta name=\"parsely-section\" content=\"Uncategorized\" \/>","tracker_url":"https:\/\/cdn.parsely.com\/keys\/capgemini.com\/p.js"},"archive_status":false,"featured_image_src":"https:\/\/www.capgemini.com\/es-es\/wp-content\/themes\/capgemini2025\/assets\/images\/mockup.png","featured_image_alt":false,"jetpack_sharing_enabled":true,"distributor_meta":false,"distributor_terms":false,"distributor_media":false,"distributor_original_site_name":"Capgemini Spain","distributor_original_site_url":"https:\/\/www.capgemini.com\/es-es","push-errors":false,"_links":{"self":[{"href":"https:\/\/www.capgemini.com\/es-es\/wp-json\/wp\/v2\/pages\/562921","targetHints":{"allow":["GET"]}}],"collection":[{"href":"https:\/\/www.capgemini.com\/es-es\/wp-json\/wp\/v2\/pages"}],"about":[{"href":"https:\/\/www.capgemini.com\/es-es\/wp-json\/wp\/v2\/types\/page"}],"author":[{"embeddable":true,"href":"https:\/\/www.capgemini.com\/es-es\/wp-json\/wp\/v2\/users\/440"}],"replies":[{"embeddable":true,"href":"https:\/\/www.capgemini.com\/es-es\/wp-json\/wp\/v2\/comments?post=562921"}],"version-history":[{"count":10,"href":"https:\/\/www.capgemini.com\/es-es\/wp-json\/wp\/v2\/pages\/562921\/revisions"}],"predecessor-version":[{"id":567509,"href":"https:\/\/www.capgemini.com\/es-es\/wp-json\/wp\/v2\/pages\/562921\/revisions\/567509"}],"up":[{"embeddable":true,"href":"https:\/\/www.capgemini.com\/es-es\/wp-json\/wp\/v2\/pages\/537594"}],"wp:attachment":[{"href":"https:\/\/www.capgemini.com\/es-es\/wp-json\/wp\/v2\/media?parent=562921"}],"wp:term":[{"taxonomy":"brand","embeddable":true,"href":"https:\/\/www.capgemini.com\/es-es\/wp-json\/wp\/v2\/brand?post=562921"},{"taxonomy":"partner_type","embeddable":true,"href":"https:\/\/www.capgemini.com\/es-es\/wp-json\/wp\/v2\/partner_type?post=562921"},{"taxonomy":"service","embeddable":true,"href":"https:\/\/www.capgemini.com\/es-es\/wp-json\/wp\/v2\/service?post=562921"},{"taxonomy":"industry","embeddable":true,"href":"https:\/\/www.capgemini.com\/es-es\/wp-json\/wp\/v2\/industry?post=562921"},{"taxonomy":"partners","embeddable":true,"href":"https:\/\/www.capgemini.com\/es-es\/wp-json\/wp\/v2\/partners?post=562921"},{"taxonomy":"page-type","embeddable":true,"href":"https:\/\/www.capgemini.com\/es-es\/wp-json\/wp\/v2\/page-type?post=562921"},{"taxonomy":"content-group","embeddable":true,"href":"https:\/\/www.capgemini.com\/es-es\/wp-json\/wp\/v2\/content-group?post=562921"}],"curies":[{"name":"wp","href":"https:\/\/api.w.org\/{rel}","templated":true}]}}