{"id":562581,"date":"2024-10-02T13:49:46","date_gmt":"2024-10-02T11:49:46","guid":{"rendered":"https:\/\/www.capgemini.com\/es-es\/?page_id=562581&#038;preview_id=562581"},"modified":"2026-01-06T07:53:28","modified_gmt":"2026-01-06T06:53:28","slug":"edge-ready-edge-computing-y-5g","status":"publish","type":"page","link":"https:\/\/www.capgemini.com\/es-es\/soluciones\/edge-ready-edge-computing-y-5g\/","title":{"rendered":"Edge ready"},"content":{"rendered":"\n<header class=\"wp-block-cg-blocks-hero-reusable header heroReusable  \"><div class=\"header-bgs\"><picture><source srcset=\"https:\/\/www.capgemini.com\/wp-content\/uploads\/2024\/09\/Edge-ready-banner.jpg?w=2880&amp;quality=70 1x, https:\/\/www.capgemini.com\/wp-content\/uploads\/2024\/09\/Edge-ready-banner.jpg?w=2880&amp;quality=70 2x\" media=\"(min-width: 1500px)\"\/><source srcset=\"https:\/\/www.capgemini.com\/wp-content\/uploads\/2024\/09\/Edge-ready-banner.jpg?w=1440&amp;quality=70 1x, https:\/\/www.capgemini.com\/wp-content\/uploads\/2024\/09\/Edge-ready-banner.jpg?w=2880&amp;quality=70 2x\" media=\"(min-width: 992px)\"\/><source srcset=\"https:\/\/www.capgemini.com\/wp-content\/uploads\/2024\/09\/Edge-ready-banner.jpg?w=1024&amp;quality=70 1x, https:\/\/www.capgemini.com\/wp-content\/uploads\/2024\/09\/Edge-ready-banner.jpg?w=1024&amp;quality=70 2x\" media=\"(min-width: 768px)\"\/><source srcset=\"https:\/\/www.capgemini.com\/wp-content\/uploads\/2024\/09\/Edge-ready-banner.jpg?w=768&amp;quality=70 1x, https:\/\/www.capgemini.com\/wp-content\/uploads\/2024\/09\/Edge-ready-banner.jpg?w=768&amp;quality=70 2x\" media=\"(min-width: 0)\"\/><img decoding=\"async\" src=\"https:\/\/www.capgemini.com\/wp-content\/uploads\/2024\/09\/Edge-ready-banner.jpg\" class=\"header-img header-img-d\" alt=\"\" style=\"object-fit:cover;object-position:38% 47%\" loading=\"eager\"\/><\/picture><\/div><div class=\"heroPictureCardHeaderShape\"><\/div><div class=\"container\"><div class=\"row\"><div class=\"col-md-12\"><div class=\"box\"><div class=\"boxTagWrapper\"><div class=\"tagInfo\"><div><span class=\"box-tag\">Solution<\/span><\/div><\/div><div class=\"brandInfo\"><div class=\"brandLogo\"><img decoding=\"async\" loading=\"lazy\" src=\"\/wp-content\/themes\/capgemini2025\/assets\/images\/capgemini-engineering-white.svg\" alt=\"capgemini-engineering\" class=\"dark\"\/><img decoding=\"async\" loading=\"lazy\" src=\"\/wp-content\/themes\/capgemini2025\/assets\/images\/capgemini-engineering.svg\" alt=\"capgemini-engineering\" class=\"light\"\/><\/div><\/div><\/div><div class=\"box-title\"><h1 data-maxlength=\"34\">Edge ready<\/h1><\/div><h2 class=\"reasearchInsightTitle\">Impulsa la innovaci\u00f3n y libera el valor de tus redes 5G.<\/h2><div class=\"inner-row-insight download-btn\"><\/div><\/div><\/div><\/div><\/div><\/header>\n\n\n\n<section class=\"wp-block-cg-blocks-group undefined section section--article-content\"><div class=\"article-main-content\"><div class=\"container\"><div class=\"row\"><div class=\"col-12 col-md-11 col-lg-10 offset-md-1 offset-lg-1\"><div class=\"article-text article-quote-text\">\n<p>El acelerado e hiperconectado mundo actual exige un procesamiento m\u00e1s r\u00e1pido y experiencias digitales fluidas, pero muchas telecos necesitan actualizar la infraestructura y desarrollar nuevos conocimientos para gestionar aplicaciones en un entorno de edge distribuido. Intelligent Edge Application Platform (IEAP) salva esta distancia y permite a las empresas de telecomunicaciones transformar las redes 5G en centros de innovaci\u00f3n.<\/p>\n\n\n\n<p>IEAP act\u00faa como sistema nervioso central y proporciona la infraestructura, las herramientas y las capacidades para desplegar, optimizar, proteger y ofrecer servicios innovadores. Con una biblioteca de aplicaciones listas para usar y la capacidad de desarrollar casos de uso personalizados para diversos sectores, las empresas de telecomunicaciones pueden desplegar una gran variedad de aplicaciones personalizadas en todos los sectores, impulsando la innovaci\u00f3n y reduciendo el tiempo de lanzamiento al mercado. Y, con la capacidad de monetizar las redes 5G con servicios de valor a\u00f1adido como el an\u00e1lisis de datos, se liberan nuevas fuentes de ingresos.<\/p>\n\n\n\n<h2 class=\"wp-block-heading\" id=\"h-ingresos-desde-el-edge\">Ingresos desde el edge<\/h2>\n\n\n\n<p>Beneficiarse del auge de la computaci\u00f3n distribuida y los servicios m\u00f3viles en los \u00faltimos 20 a\u00f1os, cobrando a los consumidores por el ancho de banda necesario para conectarlos a los servicios en l\u00ednea.<\/p>\n\n\n\n<p>Pero los ingresos de la conectividad tradicional ya no son una v\u00eda de crecimiento. Los servicios tradicionales de texto y voz (por los que los CSP cobran directamente a los clientes) est\u00e1n en declive. Al mismo tiempo, el coste de mantener y mejorar las redes para seguir el ritmo de unos servicios cada vez m\u00e1s complejos y con mayor volumen de datos es considerable. Esta combinaci\u00f3n de disminuci\u00f3n de los ingresos y aumento de los costes de infraestructura ha mermado los planes de crecimiento de muchos CSP.<\/p>\n\n\n\n<p>Entonces, \u00bfqu\u00e9 pasos deben dar los CSP para adaptarse y desbloquear las oportunidades de ingresos que se encuentran en el edge de sus redes?<\/p>\n\n\n\n<a class=\"turtl-embed\" target=\"_blank\" style=\"width: 700px; max-width: 100%;\" data-turtl-embed-type=\"animation\" data-turtl-link-text=\"Click to read\" data-turtl-width=\"340\" data-turtl-display-mode=\"lightbox\" data-turtl-animation-mode=\"hover\" data-turtl-color=\"#1eb1c7\" data-turtl-story-id=\"66b9e2a6419501a0123dd044\" href=\"https:\/\/capgemini.turtl.co\/story\/revenue-from-the-edge\/?teaser=yes\" title=\"Revenue from the Edge\" rel=\"noopener\">Click to read Revenue from the Edge<\/a>\n<!-- Please call embed.js only once per page -->\n<script async type=\"text\/javascript\" data-turtl-script=\"embed\" data-turtl-assets-hostname=https:\/\/assets.turtl.co src=https:\/\/app-static.turtl.co\/embed\/turtl.embed.v1.js><\/script>\n\n\n\n<div style=\"height:40px\" aria-hidden=\"true\" class=\"wp-block-spacer\"><\/div>\n\n\n\n<div class=\"wp-block-cg-blocks-cta-popin-form\"><section class=\"cta-popin-form-block\"><div class=\"container\"><div class=\"cta-popin-btn-wrapper cta-popin-btn-align-center\"><a class=\"cta-popin-btn  cta-popin-btn--outline\" href=\"https:\/\/www.capgemini.com\/es-es\/investigacion\/biblioteca-de-investigacion\/ingresos-desde-edge\/\" target=\"\" rel=\"noopener noreferrer\" aria-label=\"Descargar\" tabindex=\"0\">Descargar<\/a><\/div><\/div><\/section><\/div>\n\n\n\n<div style=\"height:40px\" aria-hidden=\"true\" class=\"wp-block-spacer\"><\/div>\n\n\n\n<h2 class=\"wp-block-heading\" id=\"h-impulso-a-la-red-5g-privada-industrial\">Impulso a la red 5G privada industrial.<\/h2>\n\n\n\n<p>La demostraci\u00f3n muestra la configuraci\u00f3n de un almac\u00e9n que utiliza una red CBRS basada en 5G, IA y edge computing para permitir casos de uso avanzados como veh\u00edculos guiados aut\u00f3nomos y an\u00e1lisis en tiempo real para una mejor toma de decisiones. Cuando la visi\u00f3n por ordenador detecta un producto listo para ser transportado, activa un robot m\u00f3vil aut\u00f3nomo (AMR) para trasladar el art\u00edculo a su ubicaci\u00f3n designada sin intervenci\u00f3n humana.<\/p>\n\n\n\n<p>Este proyecto, creado mediante una colaboraci\u00f3n entre tres l\u00edderes en redes privadas 5G, integra FlexRAN de Intel para la capa basada en software de la RAN, G REIGNS de HTC para las tecnolog\u00edas RAN y de core, y los marcos de software de Capgemini, incluida la Intelligent Edge Applications Platform, y la integraci\u00f3n de sistemas. Centrada en la sostenibilidad, la soluci\u00f3n conecta a la perfecci\u00f3n TI y OT, apoyando a las empresas que est\u00e1n adoptando la IA y la computaci\u00f3n de borde.<\/p>\n<\/div><\/div><\/div><\/div><\/div><\/section>\n\n\n\n<section class=\"wp-block-cg-blocks-intro-para-video is-style-cg-sapphire1 section section--info-2cols section--insights section-video \"><div class=\"bg-color video-align-left\"><div class=\"container\"><div class=\"row video-align-right\"><div class=\"col-md-12\"><div class=\"video-align-right row box box--4 box--mini\"><div class=\"col-md-1\"><\/div><div class=\"col-md-8 box-img-wrapper\"><div class=\"video-box\"><div class=\"video-wrapper\"><iframe title=\"video-section\" src=\"https:\/\/www.youtube.com\/embed\/0IsKVsnvsXI?rel=0&amp;modestbranding=1&amp;playsinline=1&amp;enablejsapi=1\" frameborder=\"0\" allow=\"accelerometer; autoplay; clipboard-write; encrypted-media; gyroscope; picture-in-picture\" allowfullscreen loading=\"lazy\" referrerpolicy=\"strict-origin-when-cross-origin\"><\/iframe><\/div><\/div><\/div><div class=\"col-md-3\"><h3 class=\"Video-title\" data-maxlength=\"34\"><\/h3><div class=\"video-info\"><p data-maxlength=\"68\">Desplegando 5G privado industrial<\/p><\/div><\/div><div class=\"col-md-1\"><\/div><\/div><\/div><\/div><\/div><\/div><\/section>\n","protected":false},"excerpt":{"rendered":"<p>Impulsa la innovaci\u00f3n y libera el valor de tus redes 5G.<\/p>\n","protected":false},"author":71,"featured_media":562582,"parent":537594,"menu_order":0,"comment_status":"closed","ping_status":"closed","template":"","meta":{"cg_dt_proposed_to":[],"cg_seo_hreflang_relations":"[{\"uuid\":\"d67068cb-8afb-43de-b230-18be0dc48715\",\"blogId\":\"16\",\"domain\":\"www.capgemini.com\",\"sitePath\":\"\/es-es\/\",\"postLink\":\"https:\/\/www.capgemini.com\/es-es\/soluciones\/edge-ready-edge-computing-y-5g\/\",\"postId\":562581,\"isSaved\":false,\"isCrossLink\":true,\"hasCrossLink\":false,\"hreflang\":\"\",\"link\":\"\"},{\"uuid\":\"28a36c97-c081-4bc0-8f00-458793807f2c\",\"blogId\":\"1\",\"domain\":\"www.capgemini.com\",\"sitePath\":\"\/\",\"postLink\":\"https:\/\/www.capgemini.com\/solutions\/edge-ready\/\",\"postId\":1054579,\"isSaved\":false,\"isCrossLink\":true,\"hasCrossLink\":false,\"hreflang\":\"\",\"link\":\"\"},{\"uuid\":\"ab04f2c0-3d05-4a0b-a307-b2c4014ccb85\",\"blogId\":\"17\",\"domain\":\"www.capgemini.com\",\"sitePath\":\"\/ca-en\/\",\"postLink\":\"https:\/\/www.capgemini.com\/ca-en\/solutions\/edge-ready-edge-computing-and-5g\/\",\"postId\":674022,\"isSaved\":false,\"isCrossLink\":true,\"hasCrossLink\":false,\"hreflang\":\"\",\"link\":\"\"},{\"uuid\":\"96844dd3-f43b-4f3a-923d-4034798fdcbe\",\"blogId\":\"28\",\"domain\":\"www.capgemini.com\",\"sitePath\":\"\/mx-es\/\",\"postLink\":\"https:\/\/www.capgemini.com\/mx-es\/solutions\/listo-para-el-borde\/\",\"postId\":548013,\"isSaved\":false,\"isCrossLink\":true,\"hasCrossLink\":false,\"hreflang\":\"\",\"link\":\"\"}]","cg_seo_canonical_relation":"","cg_seo_hreflang_x_default_relation":"{\"uuid\":\"d22d5451-a6a9-41d8-825e-fee02e68693a\",\"blogId\":\"\",\"domain\":\"\",\"sitePath\":\"\",\"postLink\":\"\",\"postId\":null,\"isSaved\":true,\"isCrossLink\":false,\"hasCrossLink\":false}","cg_dt_approved_content":true,"cg_dt_mandatory_content":false,"cg_dt_notes":"","cg_dg_source_changed":true,"cg_dt_link_disabled":false,"_yoast_wpseo_primary_brand":"108","footnotes":"","featured_focal_points":"","partner_card_description":"","gsap_animation":0},"brand":[108],"partner_type":[],"service":[],"industry":[97],"partners":[],"page-type":[339],"content-group":[],"class_list":["post-562581","page","type-page","status-publish","has-post-thumbnail","hentry","brand-capgemini-engineering","industry-telecoms","page-type-solutions"],"yoast_head":"<!-- This site is optimized with the Yoast SEO Premium plugin v22.8 (Yoast SEO v22.8) - https:\/\/yoast.com\/wordpress\/plugins\/seo\/ -->\n<title>Edge Ready - Edge Computing y 5g - Capgemini Spain<\/title>\n<meta name=\"description\" content=\"Intelligent Edge Application Platform (IEAP) est\u00e1 dise\u00f1ada para acelerar el despliegue y gesti\u00f3n de las aplicaciones edge.\" \/>\n<meta name=\"robots\" content=\"index, follow, max-snippet:-1, max-image-preview:large, max-video-preview:-1\" \/>\n<link rel=\"canonical\" href=\"https:\/\/www.capgemini.com\/es-es\/soluciones\/edge-ready-edge-computing-y-5g\/\" \/>\n<meta property=\"og:locale\" content=\"es_ES\" \/>\n<meta property=\"og:type\" content=\"article\" \/>\n<meta property=\"og:title\" content=\"Edge ready\" \/>\n<meta property=\"og:description\" content=\"Intelligent Edge Application Platform (IEAP) est\u00e1 dise\u00f1ada para acelerar el despliegue y gesti\u00f3n de las aplicaciones edge.\" \/>\n<meta property=\"og:url\" content=\"https:\/\/www.capgemini.com\/es-es\/soluciones\/edge-ready-edge-computing-y-5g\/\" \/>\n<meta property=\"og:site_name\" content=\"Capgemini Spain\" \/>\n<meta property=\"article:modified_time\" content=\"2026-01-06T06:53:28+00:00\" \/>\n<meta property=\"og:image\" content=\"https:\/\/www.capgemini.com\/es-es\/wp-content\/uploads\/sites\/16\/2025\/10\/New-Web-preview-global.jpg\" \/>\n\t<meta property=\"og:image:width\" content=\"1200\" \/>\n\t<meta property=\"og:image:height\" content=\"627\" \/>\n\t<meta property=\"og:image:type\" content=\"image\/jpeg\" \/>\n<meta name=\"twitter:card\" content=\"summary_large_image\" \/>\n<meta name=\"twitter:label1\" content=\"Est. reading time\" \/>\n\t<meta name=\"twitter:data1\" content=\"3 minutes\" \/>\n<script type=\"application\/ld+json\" class=\"yoast-schema-graph\">{\"@context\":\"https:\/\/schema.org\",\"@graph\":[{\"@type\":\"WebPage\",\"@id\":\"https:\/\/www.capgemini.com\/es-es\/soluciones\/edge-ready-edge-computing-y-5g\/\",\"url\":\"https:\/\/www.capgemini.com\/es-es\/soluciones\/edge-ready-edge-computing-y-5g\/\",\"name\":\"Edge Ready - Edge Computing y 5g - Capgemini Spain\",\"isPartOf\":{\"@id\":\"https:\/\/www.capgemini.com\/es-es\/#website\"},\"primaryImageOfPage\":{\"@id\":\"https:\/\/www.capgemini.com\/es-es\/soluciones\/edge-ready-edge-computing-y-5g\/#primaryimage\"},\"image\":{\"@id\":\"https:\/\/www.capgemini.com\/es-es\/soluciones\/edge-ready-edge-computing-y-5g\/#primaryimage\"},\"thumbnailUrl\":\"https:\/\/www.capgemini.com\/es-es\/wp-content\/uploads\/sites\/16\/2024\/10\/Revenue-from-the-Edge-2880-x-1800_adaed3.jpg\",\"datePublished\":\"2024-10-02T11:49:46+00:00\",\"dateModified\":\"2026-01-06T06:53:28+00:00\",\"description\":\"Intelligent Edge Application Platform (IEAP) est\u00e1 dise\u00f1ada para acelerar el despliegue y gesti\u00f3n de las aplicaciones edge.\",\"breadcrumb\":{\"@id\":\"https:\/\/www.capgemini.com\/es-es\/soluciones\/edge-ready-edge-computing-y-5g\/#breadcrumb\"},\"inLanguage\":\"es-ES\",\"potentialAction\":[{\"@type\":\"ReadAction\",\"target\":[\"https:\/\/www.capgemini.com\/es-es\/soluciones\/edge-ready-edge-computing-y-5g\/\"]}]},{\"@type\":\"ImageObject\",\"inLanguage\":\"es-ES\",\"@id\":\"https:\/\/www.capgemini.com\/es-es\/soluciones\/edge-ready-edge-computing-y-5g\/#primaryimage\",\"url\":\"https:\/\/www.capgemini.com\/es-es\/wp-content\/uploads\/sites\/16\/2024\/10\/Revenue-from-the-Edge-2880-x-1800_adaed3.jpg\",\"contentUrl\":\"https:\/\/www.capgemini.com\/es-es\/wp-content\/uploads\/sites\/16\/2024\/10\/Revenue-from-the-Edge-2880-x-1800_adaed3.jpg\",\"width\":2800,\"height\":1800},{\"@type\":\"BreadcrumbList\",\"@id\":\"https:\/\/www.capgemini.com\/es-es\/soluciones\/edge-ready-edge-computing-y-5g\/#breadcrumb\",\"itemListElement\":[{\"@type\":\"ListItem\",\"position\":1,\"name\":\"Home\",\"item\":\"https:\/\/www.capgemini.com\/es-es\/\"},{\"@type\":\"ListItem\",\"position\":2,\"name\":\"Soluciones\",\"item\":\"https:\/\/www.capgemini.com\/es-es\/soluciones\/\"},{\"@type\":\"ListItem\",\"position\":3,\"name\":\"Edge ready\"}]},{\"@type\":\"WebSite\",\"@id\":\"https:\/\/www.capgemini.com\/es-es\/#website\",\"url\":\"https:\/\/www.capgemini.com\/es-es\/\",\"name\":\"Capgemini Espa\u00f1a\",\"description\":\"Capgemini\",\"potentialAction\":[{\"@type\":\"SearchAction\",\"target\":{\"@type\":\"EntryPoint\",\"urlTemplate\":\"https:\/\/www.capgemini.com\/es-es\/?s={search_term_string}\"},\"query-input\":\"required name=search_term_string\"}],\"inLanguage\":\"es-ES\"}]}<\/script>\n<!-- \/ Yoast SEO Premium plugin. -->","yoast_head_json":{"title":"Edge Ready - Edge Computing y 5g - Capgemini Spain","description":"Intelligent Edge Application Platform (IEAP) est\u00e1 dise\u00f1ada para acelerar el despliegue y gesti\u00f3n de las aplicaciones edge.","robots":{"index":"index","follow":"follow","max-snippet":"max-snippet:-1","max-image-preview":"max-image-preview:large","max-video-preview":"max-video-preview:-1"},"canonical":"https:\/\/www.capgemini.com\/es-es\/soluciones\/edge-ready-edge-computing-y-5g\/","og_locale":"es_ES","og_type":"article","og_title":"Edge ready","og_description":"Intelligent Edge Application Platform (IEAP) est\u00e1 dise\u00f1ada para acelerar el despliegue y gesti\u00f3n de las aplicaciones edge.","og_url":"https:\/\/www.capgemini.com\/es-es\/soluciones\/edge-ready-edge-computing-y-5g\/","og_site_name":"Capgemini Spain","article_modified_time":"2026-01-06T06:53:28+00:00","og_image":[{"width":1200,"height":627,"url":"https:\/\/www.capgemini.com\/es-es\/wp-content\/uploads\/sites\/16\/2025\/10\/New-Web-preview-global.jpg","type":"image\/jpeg"}],"twitter_card":"summary_large_image","twitter_misc":{"Est. reading time":"3 minutes"},"schema":{"@context":"https:\/\/schema.org","@graph":[{"@type":"WebPage","@id":"https:\/\/www.capgemini.com\/es-es\/soluciones\/edge-ready-edge-computing-y-5g\/","url":"https:\/\/www.capgemini.com\/es-es\/soluciones\/edge-ready-edge-computing-y-5g\/","name":"Edge Ready - Edge Computing y 5g - Capgemini Spain","isPartOf":{"@id":"https:\/\/www.capgemini.com\/es-es\/#website"},"primaryImageOfPage":{"@id":"https:\/\/www.capgemini.com\/es-es\/soluciones\/edge-ready-edge-computing-y-5g\/#primaryimage"},"image":{"@id":"https:\/\/www.capgemini.com\/es-es\/soluciones\/edge-ready-edge-computing-y-5g\/#primaryimage"},"thumbnailUrl":"https:\/\/www.capgemini.com\/es-es\/wp-content\/uploads\/sites\/16\/2024\/10\/Revenue-from-the-Edge-2880-x-1800_adaed3.jpg","datePublished":"2024-10-02T11:49:46+00:00","dateModified":"2026-01-06T06:53:28+00:00","description":"Intelligent Edge Application Platform (IEAP) est\u00e1 dise\u00f1ada para acelerar el despliegue y gesti\u00f3n de las aplicaciones edge.","breadcrumb":{"@id":"https:\/\/www.capgemini.com\/es-es\/soluciones\/edge-ready-edge-computing-y-5g\/#breadcrumb"},"inLanguage":"es-ES","potentialAction":[{"@type":"ReadAction","target":["https:\/\/www.capgemini.com\/es-es\/soluciones\/edge-ready-edge-computing-y-5g\/"]}]},{"@type":"ImageObject","inLanguage":"es-ES","@id":"https:\/\/www.capgemini.com\/es-es\/soluciones\/edge-ready-edge-computing-y-5g\/#primaryimage","url":"https:\/\/www.capgemini.com\/es-es\/wp-content\/uploads\/sites\/16\/2024\/10\/Revenue-from-the-Edge-2880-x-1800_adaed3.jpg","contentUrl":"https:\/\/www.capgemini.com\/es-es\/wp-content\/uploads\/sites\/16\/2024\/10\/Revenue-from-the-Edge-2880-x-1800_adaed3.jpg","width":2800,"height":1800},{"@type":"BreadcrumbList","@id":"https:\/\/www.capgemini.com\/es-es\/soluciones\/edge-ready-edge-computing-y-5g\/#breadcrumb","itemListElement":[{"@type":"ListItem","position":1,"name":"Home","item":"https:\/\/www.capgemini.com\/es-es\/"},{"@type":"ListItem","position":2,"name":"Soluciones","item":"https:\/\/www.capgemini.com\/es-es\/soluciones\/"},{"@type":"ListItem","position":3,"name":"Edge ready"}]},{"@type":"WebSite","@id":"https:\/\/www.capgemini.com\/es-es\/#website","url":"https:\/\/www.capgemini.com\/es-es\/","name":"Capgemini Espa\u00f1a","description":"Capgemini","potentialAction":[{"@type":"SearchAction","target":{"@type":"EntryPoint","urlTemplate":"https:\/\/www.capgemini.com\/es-es\/?s={search_term_string}"},"query-input":"required name=search_term_string"}],"inLanguage":"es-ES"}]}},"brand_term":[{"id":108,"slug":"capgemini-engineering"}],"parsely":{"version":"1.1.0","canonical_url":"https:\/\/capgemini.com\/es-es\/soluciones\/edge-ready-edge-computing-y-5g\/","smart_links":{"inbound":0,"outbound":0},"traffic_boost_suggestions_count":0,"meta":{"@context":"https:\/\/schema.org","@type":"WebPage","headline":"Edge ready","url":"https:\/\/www.capgemini.com\/es-es\/soluciones\/edge-ready-edge-computing-y-5g\/","mainEntityOfPage":{"@type":"WebPage","@id":"https:\/\/www.capgemini.com\/es-es\/soluciones\/edge-ready-edge-computing-y-5g\/"},"thumbnailUrl":"https:\/\/www.capgemini.com\/es-es\/wp-content\/uploads\/sites\/16\/2024\/10\/Revenue-from-the-Edge-2880-x-1800_adaed3.jpg?w=150&h=150&crop=1","image":{"@type":"ImageObject","url":"https:\/\/www.capgemini.com\/es-es\/wp-content\/uploads\/sites\/16\/2024\/10\/Revenue-from-the-Edge-2880-x-1800_adaed3.jpg"},"articleSection":"Uncategorized","author":[],"creator":[],"publisher":{"@type":"Organization","name":"Capgemini Spain","logo":""},"keywords":[],"dateCreated":"2024-10-02T11:49:46Z","datePublished":"2024-10-02T11:49:46Z","dateModified":"2026-01-06T06:53:28Z"},"rendered":"<meta name=\"parsely-title\" content=\"Edge ready\" \/>\n<meta name=\"parsely-link\" content=\"https:\/\/www.capgemini.com\/es-es\/soluciones\/edge-ready-edge-computing-y-5g\/\" \/>\n<meta name=\"parsely-type\" content=\"index\" \/>\n<meta name=\"parsely-image-url\" content=\"https:\/\/www.capgemini.com\/es-es\/wp-content\/uploads\/sites\/16\/2024\/10\/Revenue-from-the-Edge-2880-x-1800_adaed3.jpg?w=150&amp;h=150&amp;crop=1\" \/>\n<meta name=\"parsely-pub-date\" content=\"2024-10-02T11:49:46Z\" \/>\n<meta name=\"parsely-section\" content=\"Uncategorized\" \/>","tracker_url":"https:\/\/cdn.parsely.com\/keys\/capgemini.com\/p.js"},"archive_status":false,"featured_image_src":"https:\/\/www.capgemini.com\/es-es\/wp-content\/uploads\/sites\/16\/2024\/10\/Revenue-from-the-Edge-2880-x-1800_adaed3.jpg","featured_image_alt":"","jetpack_sharing_enabled":true,"distributor_meta":false,"distributor_terms":false,"distributor_media":false,"distributor_original_site_name":"Capgemini Spain","distributor_original_site_url":"https:\/\/www.capgemini.com\/es-es","push-errors":false,"_links":{"self":[{"href":"https:\/\/www.capgemini.com\/es-es\/wp-json\/wp\/v2\/pages\/562581","targetHints":{"allow":["GET"]}}],"collection":[{"href":"https:\/\/www.capgemini.com\/es-es\/wp-json\/wp\/v2\/pages"}],"about":[{"href":"https:\/\/www.capgemini.com\/es-es\/wp-json\/wp\/v2\/types\/page"}],"author":[{"embeddable":true,"href":"https:\/\/www.capgemini.com\/es-es\/wp-json\/wp\/v2\/users\/71"}],"replies":[{"embeddable":true,"href":"https:\/\/www.capgemini.com\/es-es\/wp-json\/wp\/v2\/comments?post=562581"}],"version-history":[{"count":7,"href":"https:\/\/www.capgemini.com\/es-es\/wp-json\/wp\/v2\/pages\/562581\/revisions"}],"predecessor-version":[{"id":577884,"href":"https:\/\/www.capgemini.com\/es-es\/wp-json\/wp\/v2\/pages\/562581\/revisions\/577884"}],"up":[{"embeddable":true,"href":"https:\/\/www.capgemini.com\/es-es\/wp-json\/wp\/v2\/pages\/537594"}],"wp:featuredmedia":[{"embeddable":true,"href":"https:\/\/www.capgemini.com\/es-es\/wp-json\/wp\/v2\/media\/562582"}],"wp:attachment":[{"href":"https:\/\/www.capgemini.com\/es-es\/wp-json\/wp\/v2\/media?parent=562581"}],"wp:term":[{"taxonomy":"brand","embeddable":true,"href":"https:\/\/www.capgemini.com\/es-es\/wp-json\/wp\/v2\/brand?post=562581"},{"taxonomy":"partner_type","embeddable":true,"href":"https:\/\/www.capgemini.com\/es-es\/wp-json\/wp\/v2\/partner_type?post=562581"},{"taxonomy":"service","embeddable":true,"href":"https:\/\/www.capgemini.com\/es-es\/wp-json\/wp\/v2\/service?post=562581"},{"taxonomy":"industry","embeddable":true,"href":"https:\/\/www.capgemini.com\/es-es\/wp-json\/wp\/v2\/industry?post=562581"},{"taxonomy":"partners","embeddable":true,"href":"https:\/\/www.capgemini.com\/es-es\/wp-json\/wp\/v2\/partners?post=562581"},{"taxonomy":"page-type","embeddable":true,"href":"https:\/\/www.capgemini.com\/es-es\/wp-json\/wp\/v2\/page-type?post=562581"},{"taxonomy":"content-group","embeddable":true,"href":"https:\/\/www.capgemini.com\/es-es\/wp-json\/wp\/v2\/content-group?post=562581"}],"curies":[{"name":"wp","href":"https:\/\/api.w.org\/{rel}","templated":true}]}}