{"id":562150,"date":"2024-09-24T12:52:48","date_gmt":"2024-09-24T10:52:48","guid":{"rendered":"https:\/\/www.capgemini.com\/es-es\/?page_id=562150&#038;preview_id=562150"},"modified":"2025-10-14T16:13:24","modified_gmt":"2025-10-14T14:13:24","slug":"empower-the-next-generation-of-customer-engagement-with-generative-ai","status":"publish","type":"page","link":"https:\/\/www.capgemini.com\/es-es\/soluciones\/empower-the-next-generation-of-customer-engagement-with-generative-ai\/","title":{"rendered":"IA generativa y ag\u00e9ntica para potenciar una nueva generaci\u00f3n de interacci\u00f3n con los clientes"},"content":{"rendered":"\n<header class=\"wp-block-cg-blocks-hero-reusable header heroReusable  \"><div class=\"header-bgs\"><picture><source srcset=\"https:\/\/www.capgemini.com\/wp-content\/uploads\/2024\/09\/Empower-the-next-generation-of-customer-engagement-web-banner.jpg?w=2880&amp;quality=70 1x, https:\/\/www.capgemini.com\/wp-content\/uploads\/2024\/09\/Empower-the-next-generation-of-customer-engagement-web-banner.jpg?w=2880&amp;quality=70 2x\" media=\"(min-width: 1500px)\"\/><source srcset=\"https:\/\/www.capgemini.com\/wp-content\/uploads\/2024\/09\/Empower-the-next-generation-of-customer-engagement-web-banner.jpg?w=1440&amp;quality=70 1x, https:\/\/www.capgemini.com\/wp-content\/uploads\/2024\/09\/Empower-the-next-generation-of-customer-engagement-web-banner.jpg?w=2880&amp;quality=70 2x\" media=\"(min-width: 992px)\"\/><source srcset=\"https:\/\/www.capgemini.com\/wp-content\/uploads\/2024\/09\/Empower-the-next-generation-of-customer-engagement-web-banner.jpg?w=1024&amp;quality=70 1x, https:\/\/www.capgemini.com\/wp-content\/uploads\/2024\/09\/Empower-the-next-generation-of-customer-engagement-web-banner.jpg?w=1024&amp;quality=70 2x\" media=\"(min-width: 768px)\"\/><source srcset=\"https:\/\/www.capgemini.com\/wp-content\/uploads\/2024\/09\/Empower-the-next-generation-of-customer-engagement-web-banner.jpg?w=768&amp;quality=70 1x, https:\/\/www.capgemini.com\/wp-content\/uploads\/2024\/09\/Empower-the-next-generation-of-customer-engagement-web-banner.jpg?w=768&amp;quality=70 2x\" media=\"(min-width: 0)\"\/><img decoding=\"async\" src=\"https:\/\/www.capgemini.com\/wp-content\/uploads\/2024\/09\/Empower-the-next-generation-of-customer-engagement-web-banner.jpg\" class=\"header-img header-img-d\" alt=\"\" style=\"object-fit:cover;object-position:50% 50%\" loading=\"eager\"\/><\/picture><\/div><div class=\"heroPictureCardHeaderShape\"><\/div><div class=\"container\"><div class=\"row\"><div class=\"col-md-12\"><div class=\"box\"><div class=\"boxTagWrapper\"><div class=\"tagInfo\"><div><span class=\"box-tag\">Solution<\/span><\/div><\/div><\/div><div class=\"box-title\"><h1 data-maxlength=\"34\">IA generativa y ag\u00e9ntica para potenciar una nueva generaci\u00f3n de interacci\u00f3n con los clientes<\/h1><\/div><div class=\"inner-row-insight download-btn\"><div class=\"col-md-4 downloadFiles \"><a class=\"button-download--small\" type=\"download\" href=\"https:\/\/www.capgemini.com\/es-es\/wp-content\/uploads\/sites\/16\/2025\/10\/Solution-Paper_Empower-the-next-generation-of-customer-engagement-with-Gen-AI_CapgeminiMicrosoft.pdf\" target=\"_blank\" rel=\"noopener noreferrer\" title=\"abrir en una nueva ventana\"><span>Descargar brochure<\/span><span class=\"type\">1 MB  pdf<\/span><\/a><\/div><div class=\"col-md-4 downloadFiles \"><a class=\"button-download--small\" type=\"download\" href=\"https:\/\/www.capgemini.com\/es-es\/wp-content\/uploads\/sites\/16\/2025\/10\/Capgemini-for-Copilot-Agents-Battle-card.pdf\" target=\"_blank\" rel=\"noopener noreferrer\" title=\"abrir en una nueva ventana\"><span>Descargar infograf\u00eda <\/span><span class=\"type\">2 MB  pdf<\/span><\/a><\/div><div class=\"col-md-4 downloadFiles \"><a class=\"button-download--small\" type=\"download\" href=\"https:\/\/www.capgemini.com\/es-es\/wp-content\/uploads\/sites\/16\/2025\/10\/Capgemini-for-Microsoft-Agents.pdf\" target=\"_blank\" rel=\"noopener noreferrer\" title=\"abrir en una nueva ventana\"><span>Descargar infograf\u00eda y Microsoft agentes <\/span><span class=\"type\">1 MB  pdf<\/span><\/a><\/div><\/div><\/div><\/div><\/div><\/div><\/header>\n\n\n\n<section class=\"wp-block-cg-blocks-group undefined section section--article-content\"><div class=\"article-main-content\"><div class=\"container\"><div class=\"row\"><div class=\"col-12 col-md-1\"><nav class=\"article-social\"><ul class=\"social-nav\"><li class=\"ip-order-fb\"><a href=\"https:\/\/www.facebook.com\/sharer\/sharer.php?u=https:\/\/www.capgemini.com\/?page_id=1057385\" target=\"_blank\" rel=\"noopener noreferrer\" title=\"abrir en una nueva ventana\"><i aria-hidden=\"true\" class=\"icon-fb\"><\/i><span class=\"sr-only\">Facebook<\/span><\/a><\/li><li class=\"ip-order-li\"><a href=\"https:\/\/www.linkedin.com\/shareArticle?url=https:\/\/www.capgemini.com\/?page_id=1057385\" target=\"_blank\" rel=\"noopener noreferrer\" title=\"abrir en una nueva ventana\"><i aria-hidden=\"true\" class=\"icon-li\"><\/i><span class=\"sr-only\">Linkedin<\/span><\/a><\/li><\/ul><\/nav><\/div><div class=\"col-12 col-md-11 col-lg-10\"><div class=\"article-text article-quote-text\">\n<h3 class=\"wp-block-heading\" id=\"h-el-poder-del-cambio-reside-en-la-combinacion-de-la-ia-generativa-y-el-ingenio-humano\">El poder del cambio reside en la combinaci\u00f3n de la IA generativa y el ingenio humano<\/h3>\n\n\n\n<p>La IA generativa es una tecnolog\u00eda disruptiva que crea una brecha cada vez mayor entre las empresas que la adoptan ahora y las que retrasan su inversi\u00f3n. Con su r\u00e1pido avance y sus amplias aplicaciones en muchos sectores, los primeros en adoptarla pueden mejorar enormemente el compromiso con su marca, haciendo que los dem\u00e1s se cuestionen su propia relevancia y competitividad.<\/p>\n\n\n\n<p>Capgemini, en colaboraci\u00f3n con Microsoft, se dedica a garantizar que aprovechen al m\u00e1ximo las nuevas oportunidades de IA generativa. Nuestra experiencia, combinada con la suite de vanguardia de soluciones de IA de Microsoft, puede ayudarle a automatizar procesos, aprovechar una creatividad antes inimaginable y capacitar a sus empleados para trabajar mano a mano con copilotos de IA generativa, lo que permite un compromiso del cliente.<\/p>\n\n\n\n<p><a href=\"https:\/\/www.capgemini.com\/wp-content\/uploads\/2024\/09\/Solution-Paper_Empower-the-next-generation-of-customer-engagement-with-Gen-AI_CapgeminiMicrosoft.pdf\" target=\"_blank\" rel=\"noreferrer noopener\"><strong>Descarga <\/strong><\/a>nuestro folleto para conocer las oportunidades de IA generativa que existen en marketing, ventas, atenci\u00f3n al cliente, cadena de suministro comercial y mucho m\u00e1s.<\/p>\n\n\n\n<p>Lea c\u00f3mo hemos ayudado a empresas como <a href=\"https:\/\/www.capgemini.com\/es-es\/noticias\/casos-de-exito\/eneco-emobility-recarga-atencion-cliente-inteligencia-artificial-generativa\/\">Eneco eMobility<\/a> y Riverty a aumentar su eficiencia y mejorar tanto la experiencia de sus clientes como la de sus empleados con IA generativa, y c\u00f3mo sus negocios se centran ahora en lo que m\u00e1s importa: el compromiso del cliente.<\/p>\n\n\n\n<p>Deja que Capgemini y Microsoft impulsen su viaje hacia la IA generativa. <\/p>\n<\/div><\/div><\/div><\/div><\/div><\/section>\n","protected":false},"excerpt":{"rendered":"","protected":false},"author":33,"featured_media":562151,"parent":537594,"menu_order":0,"comment_status":"closed","ping_status":"closed","template":"","meta":{"cg_dt_proposed_to":[],"cg_seo_hreflang_relations":"[]","cg_seo_canonical_relation":"","cg_seo_hreflang_x_default_relation":"{\"uuid\":\"ff9bb8fd-3449-4fa6-b39e-92bb04c6fece\",\"blogId\":\"\",\"domain\":\"\",\"sitePath\":\"\",\"postLink\":\"\",\"postId\":null,\"isSaved\":true,\"isCrossLink\":false,\"hasCrossLink\":false}","cg_dt_approved_content":true,"cg_dt_mandatory_content":false,"cg_dt_notes":"","cg_dg_source_changed":true,"cg_dt_link_disabled":false,"_yoast_wpseo_primary_brand":"","footnotes":"","featured_focal_points":"","partner_card_description":"","gsap_animation":0},"brand":[],"partner_type":[],"service":[163,45],"industry":[],"partners":[150],"page-type":[339],"content-group":[],"class_list":["post-562150","page","type-page","status-publish","has-post-thumbnail","hentry","service-customer-experience","service-customer-experience-customer-first","partners-microsoft","page-type-solutions"],"yoast_head":"<!-- This site is optimized with the Yoast SEO Premium plugin v22.8 (Yoast SEO v22.8) - https:\/\/yoast.com\/wordpress\/plugins\/seo\/ -->\n<title>IA generativa y ag\u00e9ntica para potenciar una nueva generaci\u00f3n de interacci\u00f3n con los clientes - Capgemini Spain<\/title>\n<meta name=\"robots\" content=\"index, follow, max-snippet:-1, max-image-preview:large, max-video-preview:-1\" \/>\n<link rel=\"canonical\" href=\"https:\/\/www.capgemini.com\/es-es\/soluciones\/empower-the-next-generation-of-customer-engagement-with-generative-ai\/\" \/>\n<meta property=\"og:locale\" content=\"es_ES\" \/>\n<meta property=\"og:type\" content=\"article\" \/>\n<meta property=\"og:title\" content=\"IA generativa y ag\u00e9ntica para potenciar una nueva generaci\u00f3n de interacci\u00f3n con los clientes\" \/>\n<meta property=\"og:url\" content=\"https:\/\/www.capgemini.com\/es-es\/soluciones\/empower-the-next-generation-of-customer-engagement-with-generative-ai\/\" \/>\n<meta property=\"og:site_name\" content=\"Capgemini Spain\" \/>\n<meta property=\"article:modified_time\" content=\"2025-10-14T14:13:24+00:00\" \/>\n<meta property=\"og:image\" content=\"https:\/\/www.capgemini.com\/es-es\/wp-content\/uploads\/sites\/16\/2025\/10\/New-Web-preview-global.jpg\" \/>\n\t<meta property=\"og:image:width\" content=\"1200\" \/>\n\t<meta property=\"og:image:height\" content=\"627\" \/>\n\t<meta property=\"og:image:type\" content=\"image\/jpeg\" \/>\n<meta name=\"twitter:card\" content=\"summary_large_image\" \/>\n<meta name=\"twitter:label1\" content=\"Est. reading time\" \/>\n\t<meta name=\"twitter:data1\" content=\"2 minutes\" \/>\n<script type=\"application\/ld+json\" class=\"yoast-schema-graph\">{\"@context\":\"https:\/\/schema.org\",\"@graph\":[{\"@type\":\"WebPage\",\"@id\":\"https:\/\/www.capgemini.com\/es-es\/soluciones\/empower-the-next-generation-of-customer-engagement-with-generative-ai\/\",\"url\":\"https:\/\/www.capgemini.com\/es-es\/soluciones\/empower-the-next-generation-of-customer-engagement-with-generative-ai\/\",\"name\":\"IA generativa y ag\u00e9ntica para potenciar una nueva generaci\u00f3n de interacci\u00f3n con los clientes - Capgemini Spain\",\"isPartOf\":{\"@id\":\"https:\/\/www.capgemini.com\/es-es\/#website\"},\"primaryImageOfPage\":{\"@id\":\"https:\/\/www.capgemini.com\/es-es\/soluciones\/empower-the-next-generation-of-customer-engagement-with-generative-ai\/#primaryimage\"},\"image\":{\"@id\":\"https:\/\/www.capgemini.com\/es-es\/soluciones\/empower-the-next-generation-of-customer-engagement-with-generative-ai\/#primaryimage\"},\"thumbnailUrl\":\"https:\/\/www.capgemini.com\/es-es\/wp-content\/uploads\/sites\/16\/2024\/09\/Empower-the-next-generation-of-customer-engagement-web-banner.jpg\",\"datePublished\":\"2024-09-24T10:52:48+00:00\",\"dateModified\":\"2025-10-14T14:13:24+00:00\",\"breadcrumb\":{\"@id\":\"https:\/\/www.capgemini.com\/es-es\/soluciones\/empower-the-next-generation-of-customer-engagement-with-generative-ai\/#breadcrumb\"},\"inLanguage\":\"es-ES\",\"potentialAction\":[{\"@type\":\"ReadAction\",\"target\":[\"https:\/\/www.capgemini.com\/es-es\/soluciones\/empower-the-next-generation-of-customer-engagement-with-generative-ai\/\"]}]},{\"@type\":\"ImageObject\",\"inLanguage\":\"es-ES\",\"@id\":\"https:\/\/www.capgemini.com\/es-es\/soluciones\/empower-the-next-generation-of-customer-engagement-with-generative-ai\/#primaryimage\",\"url\":\"https:\/\/www.capgemini.com\/es-es\/wp-content\/uploads\/sites\/16\/2024\/09\/Empower-the-next-generation-of-customer-engagement-web-banner.jpg\",\"contentUrl\":\"https:\/\/www.capgemini.com\/es-es\/wp-content\/uploads\/sites\/16\/2024\/09\/Empower-the-next-generation-of-customer-engagement-web-banner.jpg\",\"width\":2880,\"height\":1800},{\"@type\":\"BreadcrumbList\",\"@id\":\"https:\/\/www.capgemini.com\/es-es\/soluciones\/empower-the-next-generation-of-customer-engagement-with-generative-ai\/#breadcrumb\",\"itemListElement\":[{\"@type\":\"ListItem\",\"position\":1,\"name\":\"Home\",\"item\":\"https:\/\/www.capgemini.com\/es-es\/\"},{\"@type\":\"ListItem\",\"position\":2,\"name\":\"Soluciones\",\"item\":\"https:\/\/www.capgemini.com\/es-es\/soluciones\/\"},{\"@type\":\"ListItem\",\"position\":3,\"name\":\"IA generativa y ag\u00e9ntica para potenciar una nueva generaci\u00f3n de interacci\u00f3n con los clientes\"}]},{\"@type\":\"WebSite\",\"@id\":\"https:\/\/www.capgemini.com\/es-es\/#website\",\"url\":\"https:\/\/www.capgemini.com\/es-es\/\",\"name\":\"Capgemini Espa\u00f1a\",\"description\":\"Capgemini\",\"potentialAction\":[{\"@type\":\"SearchAction\",\"target\":{\"@type\":\"EntryPoint\",\"urlTemplate\":\"https:\/\/www.capgemini.com\/es-es\/?s={search_term_string}\"},\"query-input\":\"required name=search_term_string\"}],\"inLanguage\":\"es-ES\"}]}<\/script>\n<!-- \/ Yoast SEO Premium plugin. -->","yoast_head_json":{"title":"IA generativa y ag\u00e9ntica para potenciar una nueva generaci\u00f3n de interacci\u00f3n con los clientes - Capgemini Spain","robots":{"index":"index","follow":"follow","max-snippet":"max-snippet:-1","max-image-preview":"max-image-preview:large","max-video-preview":"max-video-preview:-1"},"canonical":"https:\/\/www.capgemini.com\/es-es\/soluciones\/empower-the-next-generation-of-customer-engagement-with-generative-ai\/","og_locale":"es_ES","og_type":"article","og_title":"IA generativa y ag\u00e9ntica para potenciar una nueva generaci\u00f3n de interacci\u00f3n con los clientes","og_url":"https:\/\/www.capgemini.com\/es-es\/soluciones\/empower-the-next-generation-of-customer-engagement-with-generative-ai\/","og_site_name":"Capgemini Spain","article_modified_time":"2025-10-14T14:13:24+00:00","og_image":[{"width":1200,"height":627,"url":"https:\/\/www.capgemini.com\/es-es\/wp-content\/uploads\/sites\/16\/2025\/10\/New-Web-preview-global.jpg","type":"image\/jpeg"}],"twitter_card":"summary_large_image","twitter_misc":{"Est. reading time":"2 minutes"},"schema":{"@context":"https:\/\/schema.org","@graph":[{"@type":"WebPage","@id":"https:\/\/www.capgemini.com\/es-es\/soluciones\/empower-the-next-generation-of-customer-engagement-with-generative-ai\/","url":"https:\/\/www.capgemini.com\/es-es\/soluciones\/empower-the-next-generation-of-customer-engagement-with-generative-ai\/","name":"IA generativa y ag\u00e9ntica para potenciar una nueva generaci\u00f3n de interacci\u00f3n con los clientes - Capgemini Spain","isPartOf":{"@id":"https:\/\/www.capgemini.com\/es-es\/#website"},"primaryImageOfPage":{"@id":"https:\/\/www.capgemini.com\/es-es\/soluciones\/empower-the-next-generation-of-customer-engagement-with-generative-ai\/#primaryimage"},"image":{"@id":"https:\/\/www.capgemini.com\/es-es\/soluciones\/empower-the-next-generation-of-customer-engagement-with-generative-ai\/#primaryimage"},"thumbnailUrl":"https:\/\/www.capgemini.com\/es-es\/wp-content\/uploads\/sites\/16\/2024\/09\/Empower-the-next-generation-of-customer-engagement-web-banner.jpg","datePublished":"2024-09-24T10:52:48+00:00","dateModified":"2025-10-14T14:13:24+00:00","breadcrumb":{"@id":"https:\/\/www.capgemini.com\/es-es\/soluciones\/empower-the-next-generation-of-customer-engagement-with-generative-ai\/#breadcrumb"},"inLanguage":"es-ES","potentialAction":[{"@type":"ReadAction","target":["https:\/\/www.capgemini.com\/es-es\/soluciones\/empower-the-next-generation-of-customer-engagement-with-generative-ai\/"]}]},{"@type":"ImageObject","inLanguage":"es-ES","@id":"https:\/\/www.capgemini.com\/es-es\/soluciones\/empower-the-next-generation-of-customer-engagement-with-generative-ai\/#primaryimage","url":"https:\/\/www.capgemini.com\/es-es\/wp-content\/uploads\/sites\/16\/2024\/09\/Empower-the-next-generation-of-customer-engagement-web-banner.jpg","contentUrl":"https:\/\/www.capgemini.com\/es-es\/wp-content\/uploads\/sites\/16\/2024\/09\/Empower-the-next-generation-of-customer-engagement-web-banner.jpg","width":2880,"height":1800},{"@type":"BreadcrumbList","@id":"https:\/\/www.capgemini.com\/es-es\/soluciones\/empower-the-next-generation-of-customer-engagement-with-generative-ai\/#breadcrumb","itemListElement":[{"@type":"ListItem","position":1,"name":"Home","item":"https:\/\/www.capgemini.com\/es-es\/"},{"@type":"ListItem","position":2,"name":"Soluciones","item":"https:\/\/www.capgemini.com\/es-es\/soluciones\/"},{"@type":"ListItem","position":3,"name":"IA generativa y ag\u00e9ntica para potenciar una nueva generaci\u00f3n de interacci\u00f3n con los clientes"}]},{"@type":"WebSite","@id":"https:\/\/www.capgemini.com\/es-es\/#website","url":"https:\/\/www.capgemini.com\/es-es\/","name":"Capgemini Espa\u00f1a","description":"Capgemini","potentialAction":[{"@type":"SearchAction","target":{"@type":"EntryPoint","urlTemplate":"https:\/\/www.capgemini.com\/es-es\/?s={search_term_string}"},"query-input":"required name=search_term_string"}],"inLanguage":"es-ES"}]}},"brand_term":[],"parsely":{"version":"1.1.0","canonical_url":"https:\/\/capgemini.com\/es-es\/soluciones\/empower-the-next-generation-of-customer-engagement-with-generative-ai\/","smart_links":{"inbound":0,"outbound":0},"traffic_boost_suggestions_count":0,"meta":{"@context":"https:\/\/schema.org","@type":"WebPage","headline":"IA generativa y ag\u00e9ntica para potenciar una nueva generaci\u00f3n de interacci\u00f3n con los clientes","url":"https:\/\/www.capgemini.com\/es-es\/soluciones\/empower-the-next-generation-of-customer-engagement-with-generative-ai\/","mainEntityOfPage":{"@type":"WebPage","@id":"https:\/\/www.capgemini.com\/es-es\/soluciones\/empower-the-next-generation-of-customer-engagement-with-generative-ai\/"},"thumbnailUrl":"https:\/\/www.capgemini.com\/es-es\/wp-content\/uploads\/sites\/16\/2024\/09\/Empower-the-next-generation-of-customer-engagement-web-banner.jpg?w=150&h=150&crop=1","image":{"@type":"ImageObject","url":"https:\/\/www.capgemini.com\/es-es\/wp-content\/uploads\/sites\/16\/2024\/09\/Empower-the-next-generation-of-customer-engagement-web-banner.jpg"},"articleSection":"Uncategorized","author":[],"creator":[],"publisher":{"@type":"Organization","name":"Capgemini Spain","logo":""},"keywords":[],"dateCreated":"2024-09-24T10:52:48Z","datePublished":"2024-09-24T10:52:48Z","dateModified":"2025-10-14T14:13:24Z"},"rendered":"<meta name=\"parsely-title\" content=\"IA generativa y ag\u00e9ntica para potenciar una nueva generaci\u00f3n de interacci\u00f3n con los clientes\" \/>\n<meta name=\"parsely-link\" content=\"https:\/\/www.capgemini.com\/es-es\/soluciones\/empower-the-next-generation-of-customer-engagement-with-generative-ai\/\" \/>\n<meta name=\"parsely-type\" content=\"index\" \/>\n<meta name=\"parsely-image-url\" content=\"https:\/\/www.capgemini.com\/es-es\/wp-content\/uploads\/sites\/16\/2024\/09\/Empower-the-next-generation-of-customer-engagement-web-banner.jpg?w=150&amp;h=150&amp;crop=1\" \/>\n<meta name=\"parsely-pub-date\" content=\"2024-09-24T10:52:48Z\" \/>\n<meta name=\"parsely-section\" content=\"Uncategorized\" \/>","tracker_url":"https:\/\/cdn.parsely.com\/keys\/capgemini.com\/p.js"},"archive_status":false,"featured_image_src":"https:\/\/www.capgemini.com\/es-es\/wp-content\/uploads\/sites\/16\/2024\/09\/Empower-the-next-generation-of-customer-engagement-web-banner.jpg","featured_image_alt":"","jetpack_sharing_enabled":true,"distributor_meta":false,"distributor_terms":false,"distributor_media":false,"distributor_original_site_name":"Capgemini Spain","distributor_original_site_url":"https:\/\/www.capgemini.com\/es-es","push-errors":false,"_links":{"self":[{"href":"https:\/\/www.capgemini.com\/es-es\/wp-json\/wp\/v2\/pages\/562150","targetHints":{"allow":["GET"]}}],"collection":[{"href":"https:\/\/www.capgemini.com\/es-es\/wp-json\/wp\/v2\/pages"}],"about":[{"href":"https:\/\/www.capgemini.com\/es-es\/wp-json\/wp\/v2\/types\/page"}],"author":[{"embeddable":true,"href":"https:\/\/www.capgemini.com\/es-es\/wp-json\/wp\/v2\/users\/33"}],"replies":[{"embeddable":true,"href":"https:\/\/www.capgemini.com\/es-es\/wp-json\/wp\/v2\/comments?post=562150"}],"version-history":[{"count":6,"href":"https:\/\/www.capgemini.com\/es-es\/wp-json\/wp\/v2\/pages\/562150\/revisions"}],"predecessor-version":[{"id":576033,"href":"https:\/\/www.capgemini.com\/es-es\/wp-json\/wp\/v2\/pages\/562150\/revisions\/576033"}],"up":[{"embeddable":true,"href":"https:\/\/www.capgemini.com\/es-es\/wp-json\/wp\/v2\/pages\/537594"}],"wp:featuredmedia":[{"embeddable":true,"href":"https:\/\/www.capgemini.com\/es-es\/wp-json\/wp\/v2\/media\/562151"}],"wp:attachment":[{"href":"https:\/\/www.capgemini.com\/es-es\/wp-json\/wp\/v2\/media?parent=562150"}],"wp:term":[{"taxonomy":"brand","embeddable":true,"href":"https:\/\/www.capgemini.com\/es-es\/wp-json\/wp\/v2\/brand?post=562150"},{"taxonomy":"partner_type","embeddable":true,"href":"https:\/\/www.capgemini.com\/es-es\/wp-json\/wp\/v2\/partner_type?post=562150"},{"taxonomy":"service","embeddable":true,"href":"https:\/\/www.capgemini.com\/es-es\/wp-json\/wp\/v2\/service?post=562150"},{"taxonomy":"industry","embeddable":true,"href":"https:\/\/www.capgemini.com\/es-es\/wp-json\/wp\/v2\/industry?post=562150"},{"taxonomy":"partners","embeddable":true,"href":"https:\/\/www.capgemini.com\/es-es\/wp-json\/wp\/v2\/partners?post=562150"},{"taxonomy":"page-type","embeddable":true,"href":"https:\/\/www.capgemini.com\/es-es\/wp-json\/wp\/v2\/page-type?post=562150"},{"taxonomy":"content-group","embeddable":true,"href":"https:\/\/www.capgemini.com\/es-es\/wp-json\/wp\/v2\/content-group?post=562150"}],"curies":[{"name":"wp","href":"https:\/\/api.w.org\/{rel}","templated":true}]}}