{"id":5599,"date":"2022-12-19T07:29:37","date_gmt":"2022-12-19T07:29:37","guid":{"rendered":"https:\/\/www.capgemini.com\/?page_id=636748"},"modified":"2026-01-06T08:30:36","modified_gmt":"2026-01-06T07:30:36","slug":"gemelo-digital-para-finanzas","status":"publish","type":"page","link":"https:\/\/www.capgemini.com\/es-es\/soluciones\/gemelo-digital-para-finanzas\/","title":{"rendered":"Gemelo digital para finanzas"},"content":{"rendered":"\n<header class=\"wp-block-cg-blocks-hero-reusable header heroReusable  \"><div class=\"header-bgs\"><picture><source srcset=\"https:\/\/www.capgemini.com\/wp-content\/uploads\/2022\/04\/Capgemini_Intelligent-business-operations_frictionless-finance_Digital-twin.jpg?w=2880&amp;quality=70 1x, https:\/\/www.capgemini.com\/wp-content\/uploads\/2022\/04\/Capgemini_Intelligent-business-operations_frictionless-finance_Digital-twin.jpg?w=2880&amp;quality=70 2x\" media=\"(min-width: 1500px)\"\/><source srcset=\"https:\/\/www.capgemini.com\/wp-content\/uploads\/2022\/04\/Capgemini_Intelligent-business-operations_frictionless-finance_Digital-twin.jpg?w=1440&amp;quality=70 1x, https:\/\/www.capgemini.com\/wp-content\/uploads\/2022\/04\/Capgemini_Intelligent-business-operations_frictionless-finance_Digital-twin.jpg?w=2880&amp;quality=70 2x\" media=\"(min-width: 992px)\"\/><source srcset=\"https:\/\/www.capgemini.com\/wp-content\/uploads\/2022\/04\/Capgemini_Intelligent-business-operations_frictionless-finance_Digital-twin.jpg?w=1024&amp;quality=70 1x, https:\/\/www.capgemini.com\/wp-content\/uploads\/2022\/04\/Capgemini_Intelligent-business-operations_frictionless-finance_Digital-twin.jpg?w=1024&amp;quality=70 2x\" media=\"(min-width: 768px)\"\/><source srcset=\"https:\/\/www.capgemini.com\/wp-content\/uploads\/2022\/04\/Capgemini_Intelligent-business-operations_frictionless-finance_Digital-twin.jpg?w=768&amp;quality=70 1x, https:\/\/www.capgemini.com\/wp-content\/uploads\/2022\/04\/Capgemini_Intelligent-business-operations_frictionless-finance_Digital-twin.jpg?w=768&amp;quality=70 2x\" media=\"(min-width: 0)\"\/><img decoding=\"async\" src=\"https:\/\/www.capgemini.com\/wp-content\/uploads\/2022\/04\/Capgemini_Intelligent-business-operations_frictionless-finance_Digital-twin.jpg\" class=\"header-img header-img-d\" alt=\"\" style=\"object-fit:cover;object-position:67% 28.000000000000004%\" loading=\"eager\"\/><\/picture><\/div><div class=\"heroPictureCardHeaderShape\"><\/div><div class=\"container\"><div class=\"row\"><div class=\"col-md-12\"><div class=\"box\"><div class=\"boxTagWrapper\"><div class=\"tagInfo\"><div><span class=\"box-tag\">Operaciones de negocio inteligente<\/span><\/div><\/div><\/div><div class=\"box-title\"><h1 data-maxlength=\"34\">Gemelo digital para finanzas<\/h1><\/div><div class=\"inner-row-insight download-btn\"><div class=\"col-md-4 downloadFiles addPadding\"><a class=\"button-download--small\" type=\"download\" href=\"https:\/\/www.capgemini.com\/wp-content\/uploads\/2022\/09\/Digital-Twin-in-Finance-Frictionless-Finance.pdf\" target=\"_blank\" rel=\"noopener noreferrer\" title=\"abrir en una nueva ventana\"><span>Download factsheet<\/span><span class=\"type\">2 MB pdf<\/span><\/a><\/div><\/div><\/div><\/div><\/div><\/div><\/header>\n\n\n\n<section class=\"wp-block-cg-blocks-intro-para undefined section section--intro\"><div class=\"intro-para\"><div class=\"container\"><div class=\"row\"><div class=\"col-12 col-md-1\"><nav class=\"article-social\"><ul class=\"social-nav\"><li class=\"ip-order-fb\"><a href=\"https:\/\/www.facebook.com\/sharer\/sharer.php?u=https:\/\/www.capgemini.com\/es-es\/soluciones\/gemelo-digital-para-finanzas\/\" target=\"_blank\" rel=\"noopener noreferrer\" title=\"abrir en una nueva ventana\"><i aria-hidden=\"true\" class=\"icon-fb\"><\/i><span class=\"sr-only\">Facebook<\/span><\/a><\/li><li class=\"ip-order-li\"><a href=\"https:\/\/www.linkedin.com\/sharing\/share-offsite\/?url=https:\/\/www.capgemini.com\/es-es\/soluciones\/gemelo-digital-para-finanzas\/\" target=\"_blank\" rel=\"noopener noreferrer\" title=\"abrir en una nueva ventana\"><i aria-hidden=\"true\" class=\"icon-li\"><\/i><span class=\"sr-only\">Linkedin<\/span><\/a><\/li><\/ul><\/nav><\/div><div class=\"col-12 col-md-11 col-lg-10\"><h2 class=\"intro-para-title\">Establecer las bases de una transformaci\u00f3n sin fricciones y una innovaci\u00f3n continua.<\/h2><p class=\"intro-para-content\">Para mejorar la toma de decisiones, mejorar la experiencia del cliente, mejorar el capital de trabajo y reducir los costos de operaci\u00f3n.<\/p><\/div><\/div><\/div><\/div><\/section>\n\n\n\n<section class=\"wp-block-cg-blocks-intro-para-video is-style-default section section--info-2cols section--insights section-video \"><div class=\"bg-color video-align-left\"><div class=\"container\"><div class=\"row video-align-right\"><div class=\"col-md-12\"><div class=\"video-align-right row box box--4 box--mini\"><div class=\"col-md-1\"><\/div><div class=\"col-md-8 box-img-wrapper\"><div class=\"video-box\"><div class=\"video-wrapper\"><iframe title=\"video-section\" src=\"https:\/\/www.youtube.com\/embed\/wRUN78WEAeg?rel=0&amp;modestbranding=1&amp;playsinline=1&amp;enablejsapi=1\" frameborder=\"0\" allow=\"accelerometer; autoplay; clipboard-write; encrypted-media; gyroscope; picture-in-picture\" allowfullscreen loading=\"lazy\" referrerpolicy=\"strict-origin-when-cross-origin\"><\/iframe><\/div><\/div><\/div><div class=\"col-md-3\"><h3 class=\"Video-title\" data-maxlength=\"34\">Soluci\u00f3n Gemelo Digital<\/h3><div class=\"video-info\"><p data-maxlength=\"68\">impulsa las verdaderas finanzas sin fricciones<\/p><\/div><\/div><div class=\"col-md-1\"><\/div><\/div><\/div><\/div><\/div><\/div><\/section>\n\n\n\n<section class=\"wp-block-cg-blocks-group undefined section--story-content article-body section section--article-content\"><div class=\"article-main-content\"><div class=\"container\"><div class=\"row\"><div class=\"col-12 col-md-11 col-lg-10 offset-md-1 offset-lg-1\"><div class=\"article-text article-quote-text\">\n<p>La soluci\u00f3n Digital Twin de Capgemini es un elemento integral de nuestra oferta Frictionless Finance y un componente clave de nuestra plataforma <a href=\"https:\/\/www.capgemini.com\/es-es\/soluciones\/modelo-de-empresa-global-digital\/\">Digital Global Enterprise (D-GEM)<\/a>. Nuestra soluci\u00f3n aprovecha la inteligencia artificial (IA), la automatizaci\u00f3n inteligente y los datos para impulsar un ciclo virtuoso de extracci\u00f3n, modelado, simulaci\u00f3n y mejora empresarial que brinda innovaci\u00f3n continua a su funci\u00f3n financiera.<\/p>\n\n\n\n<p>Nuestra soluci\u00f3n identifica y supera la fricci\u00f3n en sus operaciones comerciales, modelando y mejorando sus procesos financieros en un escenario seguro, aislado digitalmente y en tiempo real para:<\/p>\n\n\n\n<ul class=\"wp-block-list\">\n<li>Identificar las fortalezas y debilidades en toda su organizaci\u00f3n, incluidas las limitaciones de capacidad, los cuellos de botella, los puntos cr\u00edticos de falla y las interdependencias.<\/li>\n\n\n\n<li>Habilitar la toma de decisiones sin fricciones a trav\u00e9s de la entrega de datos e informaci\u00f3n<\/li>\n\n\n\n<li>Capturar, evaluar y priorizar oportunidades para la transformaci\u00f3n y mejora de procesos de extremo a extremo<\/li>\n\n\n\n<li>Medir el impacto de los cambios potenciales antes de que se implementen en un entorno real<\/li>\n\n\n\n<li>Crear y probar flujos y resultados alternativos para comprender c\u00f3mo ofrecer un valor \u00f3ptimo<\/li>\n\n\n\n<li>Controlar su retorno de la inversi\u00f3n<\/li>\n<\/ul>\n\n\n\n<p>A su vez, esto transforma su funci\u00f3n financiera para generar valor y resultados a nivel empresarial sin fricciones en toda su organizaci\u00f3n, incluida una mejor experiencia del cliente y toma de decisiones, mejor capital de trabajo y productividad, y costos operativos reducidos.<\/p>\n\n\n\n<div style=\"height:30px\" aria-hidden=\"true\" class=\"wp-block-spacer\"><\/div>\n\n\n\n<div class=\"wp-block-buttons is-content-justification-center is-layout-flex wp-container-core-buttons-is-layout-a89b3969 wp-block-buttons-is-layout-flex\">\n<div class=\"wp-block-button is-style-outline is-style-outline--1\"><a class=\"wp-block-button__link wp-element-button\" href=\"https:\/\/www.capgemini.com\/wp-content\/uploads\/2022\/09\/Digital-Twin-in-Finance-Frictionless-Finance.pdf\">Download factsheet<\/a><\/div>\n<\/div>\n\n\n\n<p><\/p>\n\n\n\n<p>Nuestra soluci\u00f3n sustenta y respalda nuestras soluciones financieras principales, que aprovechan una fuerza laboral aumentada por IA, modelos operativos impulsados por IA y una filosof\u00eda de asociaci\u00f3n para impulsar un procesamiento sin fricciones. Esto permite que su organizaci\u00f3n haga la transici\u00f3n a lo que llamamos la <a href=\"\/es-es\/research-and-insight\/nacion-de-la-innovacion-edicion-especial\/\" target=\"_blank\" rel=\"noreferrer noopener\">empresa sin fricciones<\/a>.<\/p>\n\n\n\n<p>Obtenga m\u00e1s informaci\u00f3n sobre Frictionless Enterprise con nuestras <a href=\"https:\/\/www.capgemini.com\/es-es\/servicios\/gestion-empresarial\/operaciones-de-negocio-inteligentes\/\">operaciones de negocio inteligentes<\/a>.<\/p>\n<\/div><\/div><\/div><\/div><\/div><\/section>\n","protected":false},"excerpt":{"rendered":"<p>Establish the foundations of frictionless transformation and continuous innovation.<\/p>\n","protected":false},"author":35,"featured_media":12085,"parent":537594,"menu_order":0,"comment_status":"closed","ping_status":"closed","template":"","meta":{"cg_dt_proposed_to":[0],"cg_seo_hreflang_relations":"[]","cg_seo_canonical_relation":"","cg_seo_hreflang_x_default_relation":"{\"uuid\":\"7b3041b3-b4e2-4005-8820-e49f33a34d3f\",\"blogId\":\"\",\"domain\":\"\",\"sitePath\":\"\",\"postLink\":\"\",\"postId\":null,\"isSaved\":true,\"isCrossLink\":false,\"hasCrossLink\":false}","cg_dt_approved_content":false,"cg_dt_mandatory_content":false,"cg_dt_notes":"","cg_dg_source_changed":false,"cg_dt_link_disabled":false,"_yoast_wpseo_primary_brand":"","footnotes":"","featured_focal_points":"","partner_card_description":"","gsap_animation":0},"brand":[],"partner_type":[],"service":[160],"industry":[],"partners":[],"page-type":[339],"content-group":[],"class_list":["post-5599","page","type-page","status-publish","has-post-thumbnail","hentry","service-intelligent-business-operations","page-type-solutions"],"yoast_head":"<!-- This site is optimized with the Yoast SEO Premium plugin v22.8 (Yoast SEO v22.8) - https:\/\/yoast.com\/wordpress\/plugins\/seo\/ -->\n<title>Gemelo Digital para Finanzas | Capgemini<\/title>\n<meta name=\"description\" content=\"Gemelo Digital para Finanzas: establecer las bases de una transformaci\u00f3n sin fricciones y una innovaci\u00f3n continua.\" \/>\n<meta name=\"robots\" content=\"index, follow, max-snippet:-1, max-image-preview:large, max-video-preview:-1\" \/>\n<link rel=\"canonical\" href=\"https:\/\/www.capgemini.com\/es-es\/soluciones\/gemelo-digital-para-finanzas\/\" \/>\n<meta property=\"og:locale\" content=\"es_ES\" \/>\n<meta property=\"og:type\" content=\"article\" \/>\n<meta property=\"og:title\" content=\"Gemelo digital para finanzas\" \/>\n<meta property=\"og:description\" content=\"Gemelo Digital para Finanzas: establecer las bases de una transformaci\u00f3n sin fricciones y una innovaci\u00f3n continua.\" \/>\n<meta property=\"og:url\" content=\"https:\/\/www.capgemini.com\/es-es\/soluciones\/gemelo-digital-para-finanzas\/\" \/>\n<meta property=\"og:site_name\" content=\"Capgemini Spain\" \/>\n<meta property=\"article:modified_time\" content=\"2026-01-06T07:30:36+00:00\" \/>\n<meta property=\"og:image\" content=\"https:\/\/www.capgemini.com\/es-es\/wp-content\/uploads\/sites\/16\/2025\/10\/New-Web-preview-global.jpg\" \/>\n\t<meta property=\"og:image:width\" content=\"1200\" \/>\n\t<meta property=\"og:image:height\" content=\"627\" \/>\n\t<meta property=\"og:image:type\" content=\"image\/jpeg\" \/>\n<meta name=\"twitter:card\" content=\"summary_large_image\" \/>\n<meta name=\"twitter:label1\" content=\"Est. reading time\" \/>\n\t<meta name=\"twitter:data1\" content=\"2 minutes\" \/>\n<script type=\"application\/ld+json\" class=\"yoast-schema-graph\">{\"@context\":\"https:\/\/schema.org\",\"@graph\":[{\"@type\":\"WebPage\",\"@id\":\"https:\/\/www.capgemini.com\/es-es\/soluciones\/gemelo-digital-para-finanzas\/\",\"url\":\"https:\/\/www.capgemini.com\/es-es\/soluciones\/gemelo-digital-para-finanzas\/\",\"name\":\"Gemelo Digital para Finanzas | Capgemini\",\"isPartOf\":{\"@id\":\"https:\/\/www.capgemini.com\/es-es\/#website\"},\"primaryImageOfPage\":{\"@id\":\"https:\/\/www.capgemini.com\/es-es\/soluciones\/gemelo-digital-para-finanzas\/#primaryimage\"},\"image\":{\"@id\":\"https:\/\/www.capgemini.com\/es-es\/soluciones\/gemelo-digital-para-finanzas\/#primaryimage\"},\"thumbnailUrl\":\"\",\"datePublished\":\"2022-12-19T07:29:37+00:00\",\"dateModified\":\"2026-01-06T07:30:36+00:00\",\"description\":\"Gemelo Digital para Finanzas: establecer las bases de una transformaci\u00f3n sin fricciones y una innovaci\u00f3n continua.\",\"breadcrumb\":{\"@id\":\"https:\/\/www.capgemini.com\/es-es\/soluciones\/gemelo-digital-para-finanzas\/#breadcrumb\"},\"inLanguage\":\"es-ES\",\"potentialAction\":[{\"@type\":\"ReadAction\",\"target\":[\"https:\/\/www.capgemini.com\/es-es\/soluciones\/gemelo-digital-para-finanzas\/\"]}]},{\"@type\":\"ImageObject\",\"inLanguage\":\"es-ES\",\"@id\":\"https:\/\/www.capgemini.com\/es-es\/soluciones\/gemelo-digital-para-finanzas\/#primaryimage\",\"url\":\"\",\"contentUrl\":\"\"},{\"@type\":\"BreadcrumbList\",\"@id\":\"https:\/\/www.capgemini.com\/es-es\/soluciones\/gemelo-digital-para-finanzas\/#breadcrumb\",\"itemListElement\":[{\"@type\":\"ListItem\",\"position\":1,\"name\":\"Home\",\"item\":\"https:\/\/www.capgemini.com\/es-es\/\"},{\"@type\":\"ListItem\",\"position\":2,\"name\":\"Soluciones\",\"item\":\"https:\/\/www.capgemini.com\/es-es\/soluciones\/\"},{\"@type\":\"ListItem\",\"position\":3,\"name\":\"Gemelo digital para finanzas\"}]},{\"@type\":\"WebSite\",\"@id\":\"https:\/\/www.capgemini.com\/es-es\/#website\",\"url\":\"https:\/\/www.capgemini.com\/es-es\/\",\"name\":\"Capgemini Espa\u00f1a\",\"description\":\"Capgemini\",\"potentialAction\":[{\"@type\":\"SearchAction\",\"target\":{\"@type\":\"EntryPoint\",\"urlTemplate\":\"https:\/\/www.capgemini.com\/es-es\/?s={search_term_string}\"},\"query-input\":\"required name=search_term_string\"}],\"inLanguage\":\"es-ES\"}]}<\/script>\n<!-- \/ Yoast SEO Premium plugin. -->","yoast_head_json":{"title":"Gemelo Digital para Finanzas | Capgemini","description":"Gemelo Digital para Finanzas: establecer las bases de una transformaci\u00f3n sin fricciones y una innovaci\u00f3n continua.","robots":{"index":"index","follow":"follow","max-snippet":"max-snippet:-1","max-image-preview":"max-image-preview:large","max-video-preview":"max-video-preview:-1"},"canonical":"https:\/\/www.capgemini.com\/es-es\/soluciones\/gemelo-digital-para-finanzas\/","og_locale":"es_ES","og_type":"article","og_title":"Gemelo digital para finanzas","og_description":"Gemelo Digital para Finanzas: establecer las bases de una transformaci\u00f3n sin fricciones y una innovaci\u00f3n continua.","og_url":"https:\/\/www.capgemini.com\/es-es\/soluciones\/gemelo-digital-para-finanzas\/","og_site_name":"Capgemini Spain","article_modified_time":"2026-01-06T07:30:36+00:00","og_image":[{"width":1200,"height":627,"url":"https:\/\/www.capgemini.com\/es-es\/wp-content\/uploads\/sites\/16\/2025\/10\/New-Web-preview-global.jpg","type":"image\/jpeg"}],"twitter_card":"summary_large_image","twitter_misc":{"Est. reading time":"2 minutes"},"schema":{"@context":"https:\/\/schema.org","@graph":[{"@type":"WebPage","@id":"https:\/\/www.capgemini.com\/es-es\/soluciones\/gemelo-digital-para-finanzas\/","url":"https:\/\/www.capgemini.com\/es-es\/soluciones\/gemelo-digital-para-finanzas\/","name":"Gemelo Digital para Finanzas | Capgemini","isPartOf":{"@id":"https:\/\/www.capgemini.com\/es-es\/#website"},"primaryImageOfPage":{"@id":"https:\/\/www.capgemini.com\/es-es\/soluciones\/gemelo-digital-para-finanzas\/#primaryimage"},"image":{"@id":"https:\/\/www.capgemini.com\/es-es\/soluciones\/gemelo-digital-para-finanzas\/#primaryimage"},"thumbnailUrl":"","datePublished":"2022-12-19T07:29:37+00:00","dateModified":"2026-01-06T07:30:36+00:00","description":"Gemelo Digital para Finanzas: establecer las bases de una transformaci\u00f3n sin fricciones y una innovaci\u00f3n continua.","breadcrumb":{"@id":"https:\/\/www.capgemini.com\/es-es\/soluciones\/gemelo-digital-para-finanzas\/#breadcrumb"},"inLanguage":"es-ES","potentialAction":[{"@type":"ReadAction","target":["https:\/\/www.capgemini.com\/es-es\/soluciones\/gemelo-digital-para-finanzas\/"]}]},{"@type":"ImageObject","inLanguage":"es-ES","@id":"https:\/\/www.capgemini.com\/es-es\/soluciones\/gemelo-digital-para-finanzas\/#primaryimage","url":"","contentUrl":""},{"@type":"BreadcrumbList","@id":"https:\/\/www.capgemini.com\/es-es\/soluciones\/gemelo-digital-para-finanzas\/#breadcrumb","itemListElement":[{"@type":"ListItem","position":1,"name":"Home","item":"https:\/\/www.capgemini.com\/es-es\/"},{"@type":"ListItem","position":2,"name":"Soluciones","item":"https:\/\/www.capgemini.com\/es-es\/soluciones\/"},{"@type":"ListItem","position":3,"name":"Gemelo digital para finanzas"}]},{"@type":"WebSite","@id":"https:\/\/www.capgemini.com\/es-es\/#website","url":"https:\/\/www.capgemini.com\/es-es\/","name":"Capgemini Espa\u00f1a","description":"Capgemini","potentialAction":[{"@type":"SearchAction","target":{"@type":"EntryPoint","urlTemplate":"https:\/\/www.capgemini.com\/es-es\/?s={search_term_string}"},"query-input":"required name=search_term_string"}],"inLanguage":"es-ES"}]}},"brand_term":[],"parsely":{"version":"1.1.0","canonical_url":"https:\/\/capgemini.com\/es-es\/soluciones\/gemelo-digital-para-finanzas\/","smart_links":{"inbound":0,"outbound":0},"traffic_boost_suggestions_count":0,"meta":{"@context":"https:\/\/schema.org","@type":"WebPage","headline":"Gemelo digital para finanzas","url":"https:\/\/www.capgemini.com\/es-es\/soluciones\/gemelo-digital-para-finanzas\/","mainEntityOfPage":{"@type":"WebPage","@id":"https:\/\/www.capgemini.com\/es-es\/soluciones\/gemelo-digital-para-finanzas\/"},"thumbnailUrl":"","image":{"@type":"ImageObject","url":""},"articleSection":"Uncategorized","author":[],"creator":[],"publisher":{"@type":"Organization","name":"Capgemini Spain","logo":""},"keywords":[],"dateCreated":"2022-12-19T07:29:37Z","datePublished":"2022-12-19T07:29:37Z","dateModified":"2026-01-06T07:30:36Z"},"rendered":"<meta name=\"parsely-title\" content=\"Gemelo digital para finanzas\" \/>\n<meta name=\"parsely-link\" content=\"https:\/\/www.capgemini.com\/es-es\/soluciones\/gemelo-digital-para-finanzas\/\" \/>\n<meta name=\"parsely-type\" content=\"index\" \/>\n<meta name=\"parsely-pub-date\" content=\"2022-12-19T07:29:37Z\" \/>\n<meta name=\"parsely-section\" content=\"Uncategorized\" \/>","tracker_url":"https:\/\/cdn.parsely.com\/keys\/capgemini.com\/p.js"},"archive_status":false,"featured_image_src":"https:\/\/www.capgemini.com\/es-es\/wp-content\/themes\/capgemini2025\/assets\/images\/mockup.png","featured_image_alt":"","jetpack_sharing_enabled":true,"distributor_meta":false,"distributor_terms":false,"distributor_media":false,"distributor_original_site_name":"Capgemini Spain","distributor_original_site_url":"https:\/\/www.capgemini.com\/es-es","push-errors":false,"_links":{"self":[{"href":"https:\/\/www.capgemini.com\/es-es\/wp-json\/wp\/v2\/pages\/5599","targetHints":{"allow":["GET"]}}],"collection":[{"href":"https:\/\/www.capgemini.com\/es-es\/wp-json\/wp\/v2\/pages"}],"about":[{"href":"https:\/\/www.capgemini.com\/es-es\/wp-json\/wp\/v2\/types\/page"}],"author":[{"embeddable":true,"href":"https:\/\/www.capgemini.com\/es-es\/wp-json\/wp\/v2\/users\/35"}],"replies":[{"embeddable":true,"href":"https:\/\/www.capgemini.com\/es-es\/wp-json\/wp\/v2\/comments?post=5599"}],"version-history":[{"count":5,"href":"https:\/\/www.capgemini.com\/es-es\/wp-json\/wp\/v2\/pages\/5599\/revisions"}],"predecessor-version":[{"id":577951,"href":"https:\/\/www.capgemini.com\/es-es\/wp-json\/wp\/v2\/pages\/5599\/revisions\/577951"}],"up":[{"embeddable":true,"href":"https:\/\/www.capgemini.com\/es-es\/wp-json\/wp\/v2\/pages\/537594"}],"wp:featuredmedia":[{"embeddable":true,"href":"https:\/\/www.capgemini.com\/es-es\/wp-json\/"}],"wp:attachment":[{"href":"https:\/\/www.capgemini.com\/es-es\/wp-json\/wp\/v2\/media?parent=5599"}],"wp:term":[{"taxonomy":"brand","embeddable":true,"href":"https:\/\/www.capgemini.com\/es-es\/wp-json\/wp\/v2\/brand?post=5599"},{"taxonomy":"partner_type","embeddable":true,"href":"https:\/\/www.capgemini.com\/es-es\/wp-json\/wp\/v2\/partner_type?post=5599"},{"taxonomy":"service","embeddable":true,"href":"https:\/\/www.capgemini.com\/es-es\/wp-json\/wp\/v2\/service?post=5599"},{"taxonomy":"industry","embeddable":true,"href":"https:\/\/www.capgemini.com\/es-es\/wp-json\/wp\/v2\/industry?post=5599"},{"taxonomy":"partners","embeddable":true,"href":"https:\/\/www.capgemini.com\/es-es\/wp-json\/wp\/v2\/partners?post=5599"},{"taxonomy":"page-type","embeddable":true,"href":"https:\/\/www.capgemini.com\/es-es\/wp-json\/wp\/v2\/page-type?post=5599"},{"taxonomy":"content-group","embeddable":true,"href":"https:\/\/www.capgemini.com\/es-es\/wp-json\/wp\/v2\/content-group?post=5599"}],"curies":[{"name":"wp","href":"https:\/\/api.w.org\/{rel}","templated":true}]}}