{"id":5596,"date":"2022-12-19T08:46:28","date_gmt":"2022-12-19T08:46:28","guid":{"rendered":"https:\/\/www.capgemini.com\/?page_id=636998"},"modified":"2026-01-06T08:29:19","modified_gmt":"2026-01-06T07:29:19","slug":"d-gem-para-sap-s-4hana","status":"publish","type":"page","link":"https:\/\/www.capgemini.com\/es-es\/soluciones\/d-gem-para-sap-s-4hana\/","title":{"rendered":"D-GEM para SAP S\/4HANA\u00ae"},"content":{"rendered":"\n<header class=\"wp-block-cg-blocks-hero-reusable header heroReusable  \"><div class=\"header-bgs\"><picture><source srcset=\"https:\/\/www.capgemini.com\/wp-content\/uploads\/2021\/08\/Capgemini_Latest-Recognitions.jpg?w=2880&amp;quality=70 1x, https:\/\/www.capgemini.com\/wp-content\/uploads\/2021\/08\/Capgemini_Latest-Recognitions.jpg?w=2880&amp;quality=70 2x\" media=\"(min-width: 1500px)\"\/><source srcset=\"https:\/\/www.capgemini.com\/wp-content\/uploads\/2021\/08\/Capgemini_Latest-Recognitions.jpg?w=1440&amp;quality=70 1x, https:\/\/www.capgemini.com\/wp-content\/uploads\/2021\/08\/Capgemini_Latest-Recognitions.jpg?w=2880&amp;quality=70 2x\" media=\"(min-width: 992px)\"\/><source srcset=\"https:\/\/www.capgemini.com\/wp-content\/uploads\/2021\/08\/Capgemini_Latest-Recognitions.jpg?w=1024&amp;quality=70 1x, https:\/\/www.capgemini.com\/wp-content\/uploads\/2021\/08\/Capgemini_Latest-Recognitions.jpg?w=1024&amp;quality=70 2x\" media=\"(min-width: 768px)\"\/><source srcset=\"https:\/\/www.capgemini.com\/wp-content\/uploads\/2021\/08\/Capgemini_Latest-Recognitions.jpg?w=768&amp;quality=70 1x, https:\/\/www.capgemini.com\/wp-content\/uploads\/2021\/08\/Capgemini_Latest-Recognitions.jpg?w=768&amp;quality=70 2x\" media=\"(min-width: 0)\"\/><img decoding=\"async\" src=\"https:\/\/www.capgemini.com\/wp-content\/uploads\/2021\/08\/Capgemini_Latest-Recognitions.jpg\" class=\"header-img header-img-d\" alt=\"\" style=\"object-fit:cover;object-position:66% 26%\" loading=\"eager\"\/><\/picture><\/div><div class=\"heroPictureCardHeaderShape\"><\/div><div class=\"container\"><div class=\"row\"><div class=\"col-md-12\"><div class=\"box\"><div class=\"boxTagWrapper\"><div class=\"tagInfo\"><div><span class=\"box-tag\">Operaciones de negocio inteligente<\/span><\/div><\/div><\/div><div class=\"box-title\"><h1 data-maxlength=\"34\">D-GEM para SAP S\/4HANA\u00ae <\/h1><\/div><div class=\"inner-row-insight download-btn\"><div class=\"col-md-4 downloadFiles addPadding\"><a class=\"button-download--small\" type=\"download\" href=\"https:\/\/www.capgemini.com\/wp-content\/uploads\/2021\/09\/D-GEM-for-SAP-S4HANA\u00ae.pdf\" target=\"_blank\" rel=\"noopener noreferrer\" title=\"abrir en una nueva ventana\"><span>Download our brochure<\/span><span class=\"type\">937 KB pdf<\/span><\/a><\/div><\/div><\/div><\/div><\/div><\/div><\/header>\n\n\n\n<section class=\"wp-block-cg-blocks-intro-para undefined section section--intro\"><div class=\"intro-para\"><div class=\"container\"><div class=\"row\"><div class=\"col-12 col-md-1\"><nav class=\"article-social\"><ul class=\"social-nav\"><li class=\"ip-order-fb\"><a href=\"https:\/\/www.facebook.com\/sharer\/sharer.php?u=https:\/\/www.capgemini.com\/es-es\/soluciones\/d-gem-para-sap-s-4hana\/\" target=\"_blank\" rel=\"noopener noreferrer\" title=\"abrir en una nueva ventana\"><i aria-hidden=\"true\" class=\"icon-fb\"><\/i><span class=\"sr-only\">Facebook<\/span><\/a><\/li><li class=\"ip-order-li\"><a href=\"https:\/\/www.linkedin.com\/sharing\/share-offsite\/?url=https:\/\/www.capgemini.com\/es-es\/soluciones\/d-gem-para-sap-s-4hana\/\" target=\"_blank\" rel=\"noopener noreferrer\" title=\"abrir en una nueva ventana\"><i aria-hidden=\"true\" class=\"icon-li\"><\/i><span class=\"sr-only\">Linkedin<\/span><\/a><\/li><\/ul><\/nav><\/div><div class=\"col-12 col-md-11 col-lg-10\"><h2 class=\"intro-para-title\">Un enfoque pragm\u00e1tico y rentable para que tu organizaci\u00f3n se ajuste al futuro de las finanzas.<\/h2><\/div><\/div><\/div><\/div><\/section>\n\n\n\n<section class=\"wp-block-cg-blocks-intro-para-video is-style-cg-sapphire3 section section--info-2cols section--insights section-video \"><div class=\"bg-color video-align-left\"><div class=\"container\"><div class=\"row video-align-right\"><div class=\"col-md-12\"><div class=\"video-align-right row box box--4 box--mini\"><div class=\"col-md-1\"><\/div><div class=\"col-md-8 box-img-wrapper\"><div class=\"video-box\"><div class=\"video-wrapper\"><iframe title=\"video-section\" src=\"https:\/\/www.youtube.com\/embed\/OWYqdKX12c0?rel=0&amp;modestbranding=1&amp;playsinline=1&amp;enablejsapi=1\" frameborder=\"0\" allow=\"accelerometer; autoplay; clipboard-write; encrypted-media; gyroscope; picture-in-picture\" allowfullscreen loading=\"lazy\" referrerpolicy=\"strict-origin-when-cross-origin\"><\/iframe><\/div><\/div><\/div><div class=\"col-md-3\"><h3 class=\"Video-title\" data-maxlength=\"34\">Operaciones sin fricciones<\/h3><div class=\"video-info\"><p data-maxlength=\"68\"><\/p><\/div><\/div><div class=\"col-md-1\"><\/div><\/div><\/div><\/div><\/div><\/div><\/section>\n\n\n\n<section class=\"wp-block-cg-blocks-group undefined section section--article-content\"><div class=\"article-main-content\"><div class=\"container\"><div class=\"row\"><div class=\"col-12 col-md-11 col-lg-10 offset-md-1 offset-lg-1\"><div class=\"article-text article-quote-text\">\n<p><strong>Una transformaci\u00f3n combinada de negocio y tecnolog\u00eda de su funci\u00f3n financiera<\/strong><\/p>\n\n\n\n<p>Capgemini y SAP ofrecen a tu organizaci\u00f3n la oportunidad de optimizar tu digital core SAP implementando D-GEM para SAP S\/4HANA para impulsar una transformaci\u00f3n combinada de negocio y tecnolog\u00eda en tu funci\u00f3n financiera, impulsando el rendimiento, la rentabilidad y el retorno de la inversi\u00f3n.<\/p>\n\n\n\n<p>D-GEM de Capgemini para SAP S\/4HANA combina el an\u00e1lisis de transacciones ultrarr\u00e1pido de S\/4HANA y nuestra arquitectura Digital Global Enterprise Model (D-GEM) que acelera la implementaci\u00f3n del modelo operativo digital adecuado y la hoja de ruta de transformaci\u00f3n de S\/4HANA, todo lo cual ayuda a tu organizaci\u00f3n a cumplir los objetivos empresariales actuales y futuros:<\/p>\n\n\n\n<ul class=\"wp-block-list\">\n<li>Valor optimizado de S\/4HANA.<\/li>\n\n\n\n<li>Retorno de la inversi\u00f3n m\u00e1s r\u00e1pido y mayor rentabilidad.<\/li>\n\n\n\n<li>Transformaci\u00f3n de negocio acelerada.<\/li>\n\n\n\n<li>Riesgo minimizado.<\/li>\n<\/ul>\n\n\n\n<p><a href=\"https:\/\/www.capgemini.com\/wp-content\/uploads\/2022\/12\/D-GEM-for-SAP-S4HANA%C2%AE_VI_03-1.pdf\" target=\"_blank\" rel=\"noreferrer noopener\">Download factsheet<\/a><\/p>\n<\/div><\/div><\/div><\/div><\/div><\/section>\n\n\n\n<section class=\"wp-block-cg-blocks-latest-podcast undefined section section--5g-podcast podcastBlock\"><div class=\"container\"><div class=\"content-title\"><h3>Escucha el p\u00f3dcast<\/h3><\/div><iframe loading=\"lazy\" title=\"Podcast\" src=\"https:\/\/w.soundcloud.com\/player\/?url=https:\/\/soundcloud.com\/capgemini\/up-to-speed-d-gem-for-sap-s4hana&amp;color=%23ff5500&amp;auto_play=false&amp;hide_related=false&amp;show_comments=true&amp;show_user=true&amp;show_reposts=false&amp;show_teaser=true\" width=\"100%\" height=\"166\" scrolling=\"no\" frameborder=\"no\" allow=\"autoplay\"><\/iframe><\/div><\/section>\n","protected":false},"excerpt":{"rendered":"<p>A pragmatic, cost-effective approach to get your organization fit for future finance.<\/p>\n","protected":false},"author":35,"featured_media":0,"parent":537594,"menu_order":0,"comment_status":"closed","ping_status":"closed","template":"","meta":{"cg_dt_proposed_to":[0],"cg_seo_hreflang_relations":"[]","cg_seo_canonical_relation":"","cg_seo_hreflang_x_default_relation":"{\"uuid\":\"a3652cc7-ff0a-491d-8b36-af7c640700dd\",\"blogId\":\"\",\"domain\":\"\",\"sitePath\":\"\",\"postLink\":\"\",\"postId\":null,\"isSaved\":false,\"isCrossLink\":false,\"hasCrossLink\":false}","cg_dt_approved_content":false,"cg_dt_mandatory_content":false,"cg_dt_notes":"","cg_dg_source_changed":false,"cg_dt_link_disabled":false,"_yoast_wpseo_primary_brand":"","footnotes":"","featured_focal_points":"","partner_card_description":"","gsap_animation":0},"brand":[],"partner_type":[],"service":[385,160],"industry":[],"partners":[106],"page-type":[339],"content-group":[],"class_list":["post-5596","page","type-page","status-publish","hentry","service-application-development-management","service-intelligent-business-operations","partners-sap","page-type-solutions"],"yoast_head":"<!-- This site is optimized with the Yoast SEO Premium plugin v22.8 (Yoast SEO v22.8) - https:\/\/yoast.com\/wordpress\/plugins\/seo\/ -->\n<title>D-GEM para SAP S\/4HANA\u00ae | Capgemini<\/title>\n<meta name=\"description\" content=\"D-GEM PARA SAP S\/4HANA\u00ae: Un enfoque pragm\u00e1tico y rentable para que su organizaci\u00f3n se ajuste al futuro financiero.\" \/>\n<meta name=\"robots\" content=\"index, follow, max-snippet:-1, max-image-preview:large, max-video-preview:-1\" \/>\n<link rel=\"canonical\" href=\"https:\/\/www.capgemini.com\/es-es\/soluciones\/d-gem-para-sap-s-4hana\/\" \/>\n<meta property=\"og:locale\" content=\"es_ES\" \/>\n<meta property=\"og:type\" content=\"article\" \/>\n<meta property=\"og:title\" content=\"D-GEM para SAP S\/4HANA\u00ae\" \/>\n<meta property=\"og:description\" content=\"D-GEM PARA SAP S\/4HANA\u00ae: Un enfoque pragm\u00e1tico y rentable para que su organizaci\u00f3n se ajuste al futuro financiero.\" \/>\n<meta property=\"og:url\" content=\"https:\/\/www.capgemini.com\/es-es\/soluciones\/d-gem-para-sap-s-4hana\/\" \/>\n<meta property=\"og:site_name\" content=\"Capgemini Spain\" \/>\n<meta property=\"article:modified_time\" content=\"2026-01-06T07:29:19+00:00\" \/>\n<meta property=\"og:image\" content=\"https:\/\/www.capgemini.com\/wp-content\/uploads\/2021\/08\/Capgemini_Latest-Recognitions.jpg\" \/>\n<meta name=\"twitter:card\" content=\"summary_large_image\" \/>\n<meta name=\"twitter:label1\" content=\"Est. reading time\" \/>\n\t<meta name=\"twitter:data1\" content=\"1 minute\" \/>\n<script type=\"application\/ld+json\" class=\"yoast-schema-graph\">{\"@context\":\"https:\/\/schema.org\",\"@graph\":[{\"@type\":\"WebPage\",\"@id\":\"https:\/\/www.capgemini.com\/es-es\/soluciones\/d-gem-para-sap-s-4hana\/\",\"url\":\"https:\/\/www.capgemini.com\/es-es\/soluciones\/d-gem-para-sap-s-4hana\/\",\"name\":\"D-GEM para SAP S\/4HANA\u00ae | Capgemini\",\"isPartOf\":{\"@id\":\"https:\/\/www.capgemini.com\/es-es\/#website\"},\"primaryImageOfPage\":{\"@id\":\"https:\/\/www.capgemini.com\/es-es\/soluciones\/d-gem-para-sap-s-4hana\/#primaryimage\"},\"image\":{\"@id\":\"https:\/\/www.capgemini.com\/es-es\/soluciones\/d-gem-para-sap-s-4hana\/#primaryimage\"},\"thumbnailUrl\":\"https:\/\/www.capgemini.com\/wp-content\/uploads\/2021\/08\/Capgemini_Latest-Recognitions.jpg\",\"datePublished\":\"2022-12-19T08:46:28+00:00\",\"dateModified\":\"2026-01-06T07:29:19+00:00\",\"description\":\"D-GEM PARA SAP S\/4HANA\u00ae: Un enfoque pragm\u00e1tico y rentable para que su organizaci\u00f3n se ajuste al futuro financiero.\",\"breadcrumb\":{\"@id\":\"https:\/\/www.capgemini.com\/es-es\/soluciones\/d-gem-para-sap-s-4hana\/#breadcrumb\"},\"inLanguage\":\"es-ES\",\"potentialAction\":[{\"@type\":\"ReadAction\",\"target\":[\"https:\/\/www.capgemini.com\/es-es\/soluciones\/d-gem-para-sap-s-4hana\/\"]}]},{\"@type\":\"ImageObject\",\"inLanguage\":\"es-ES\",\"@id\":\"https:\/\/www.capgemini.com\/es-es\/soluciones\/d-gem-para-sap-s-4hana\/#primaryimage\",\"url\":\"https:\/\/www.capgemini.com\/wp-content\/uploads\/2021\/08\/Capgemini_Latest-Recognitions.jpg\",\"contentUrl\":\"https:\/\/www.capgemini.com\/wp-content\/uploads\/2021\/08\/Capgemini_Latest-Recognitions.jpg\"},{\"@type\":\"BreadcrumbList\",\"@id\":\"https:\/\/www.capgemini.com\/es-es\/soluciones\/d-gem-para-sap-s-4hana\/#breadcrumb\",\"itemListElement\":[{\"@type\":\"ListItem\",\"position\":1,\"name\":\"Home\",\"item\":\"https:\/\/www.capgemini.com\/es-es\/\"},{\"@type\":\"ListItem\",\"position\":2,\"name\":\"Soluciones\",\"item\":\"https:\/\/www.capgemini.com\/es-es\/soluciones\/\"},{\"@type\":\"ListItem\",\"position\":3,\"name\":\"D-GEM para SAP S\/4HANA\u00ae\"}]},{\"@type\":\"WebSite\",\"@id\":\"https:\/\/www.capgemini.com\/es-es\/#website\",\"url\":\"https:\/\/www.capgemini.com\/es-es\/\",\"name\":\"Capgemini Espa\u00f1a\",\"description\":\"Capgemini\",\"potentialAction\":[{\"@type\":\"SearchAction\",\"target\":{\"@type\":\"EntryPoint\",\"urlTemplate\":\"https:\/\/www.capgemini.com\/es-es\/?s={search_term_string}\"},\"query-input\":\"required name=search_term_string\"}],\"inLanguage\":\"es-ES\"}]}<\/script>\n<!-- \/ Yoast SEO Premium plugin. -->","yoast_head_json":{"title":"D-GEM para SAP S\/4HANA\u00ae | Capgemini","description":"D-GEM PARA SAP S\/4HANA\u00ae: Un enfoque pragm\u00e1tico y rentable para que su organizaci\u00f3n se ajuste al futuro financiero.","robots":{"index":"index","follow":"follow","max-snippet":"max-snippet:-1","max-image-preview":"max-image-preview:large","max-video-preview":"max-video-preview:-1"},"canonical":"https:\/\/www.capgemini.com\/es-es\/soluciones\/d-gem-para-sap-s-4hana\/","og_locale":"es_ES","og_type":"article","og_title":"D-GEM para SAP S\/4HANA\u00ae","og_description":"D-GEM PARA SAP S\/4HANA\u00ae: Un enfoque pragm\u00e1tico y rentable para que su organizaci\u00f3n se ajuste al futuro financiero.","og_url":"https:\/\/www.capgemini.com\/es-es\/soluciones\/d-gem-para-sap-s-4hana\/","og_site_name":"Capgemini Spain","article_modified_time":"2026-01-06T07:29:19+00:00","og_image":[{"url":"https:\/\/www.capgemini.com\/wp-content\/uploads\/2021\/08\/Capgemini_Latest-Recognitions.jpg"}],"twitter_card":"summary_large_image","twitter_misc":{"Est. reading time":"1 minute"},"schema":{"@context":"https:\/\/schema.org","@graph":[{"@type":"WebPage","@id":"https:\/\/www.capgemini.com\/es-es\/soluciones\/d-gem-para-sap-s-4hana\/","url":"https:\/\/www.capgemini.com\/es-es\/soluciones\/d-gem-para-sap-s-4hana\/","name":"D-GEM para SAP S\/4HANA\u00ae | Capgemini","isPartOf":{"@id":"https:\/\/www.capgemini.com\/es-es\/#website"},"primaryImageOfPage":{"@id":"https:\/\/www.capgemini.com\/es-es\/soluciones\/d-gem-para-sap-s-4hana\/#primaryimage"},"image":{"@id":"https:\/\/www.capgemini.com\/es-es\/soluciones\/d-gem-para-sap-s-4hana\/#primaryimage"},"thumbnailUrl":"https:\/\/www.capgemini.com\/wp-content\/uploads\/2021\/08\/Capgemini_Latest-Recognitions.jpg","datePublished":"2022-12-19T08:46:28+00:00","dateModified":"2026-01-06T07:29:19+00:00","description":"D-GEM PARA SAP S\/4HANA\u00ae: Un enfoque pragm\u00e1tico y rentable para que su organizaci\u00f3n se ajuste al futuro financiero.","breadcrumb":{"@id":"https:\/\/www.capgemini.com\/es-es\/soluciones\/d-gem-para-sap-s-4hana\/#breadcrumb"},"inLanguage":"es-ES","potentialAction":[{"@type":"ReadAction","target":["https:\/\/www.capgemini.com\/es-es\/soluciones\/d-gem-para-sap-s-4hana\/"]}]},{"@type":"ImageObject","inLanguage":"es-ES","@id":"https:\/\/www.capgemini.com\/es-es\/soluciones\/d-gem-para-sap-s-4hana\/#primaryimage","url":"https:\/\/www.capgemini.com\/wp-content\/uploads\/2021\/08\/Capgemini_Latest-Recognitions.jpg","contentUrl":"https:\/\/www.capgemini.com\/wp-content\/uploads\/2021\/08\/Capgemini_Latest-Recognitions.jpg"},{"@type":"BreadcrumbList","@id":"https:\/\/www.capgemini.com\/es-es\/soluciones\/d-gem-para-sap-s-4hana\/#breadcrumb","itemListElement":[{"@type":"ListItem","position":1,"name":"Home","item":"https:\/\/www.capgemini.com\/es-es\/"},{"@type":"ListItem","position":2,"name":"Soluciones","item":"https:\/\/www.capgemini.com\/es-es\/soluciones\/"},{"@type":"ListItem","position":3,"name":"D-GEM para SAP S\/4HANA\u00ae"}]},{"@type":"WebSite","@id":"https:\/\/www.capgemini.com\/es-es\/#website","url":"https:\/\/www.capgemini.com\/es-es\/","name":"Capgemini Espa\u00f1a","description":"Capgemini","potentialAction":[{"@type":"SearchAction","target":{"@type":"EntryPoint","urlTemplate":"https:\/\/www.capgemini.com\/es-es\/?s={search_term_string}"},"query-input":"required name=search_term_string"}],"inLanguage":"es-ES"}]}},"brand_term":[],"parsely":{"version":"1.1.0","canonical_url":"https:\/\/capgemini.com\/es-es\/soluciones\/d-gem-para-sap-s-4hana\/","smart_links":{"inbound":0,"outbound":0},"traffic_boost_suggestions_count":0,"meta":{"@context":"https:\/\/schema.org","@type":"WebPage","headline":"D-GEM para SAP S\/4HANA\u00ae","url":"https:\/\/www.capgemini.com\/es-es\/soluciones\/d-gem-para-sap-s-4hana\/","mainEntityOfPage":{"@type":"WebPage","@id":"https:\/\/www.capgemini.com\/es-es\/soluciones\/d-gem-para-sap-s-4hana\/"},"thumbnailUrl":"","image":{"@type":"ImageObject","url":""},"articleSection":"Uncategorized","author":[],"creator":[],"publisher":{"@type":"Organization","name":"Capgemini Spain","logo":""},"keywords":[],"dateCreated":"2022-12-19T08:46:28Z","datePublished":"2022-12-19T08:46:28Z","dateModified":"2026-01-06T07:29:19Z"},"rendered":"<meta name=\"parsely-title\" content=\"D-GEM para SAP S\/4HANA\u00ae\" \/>\n<meta name=\"parsely-link\" content=\"https:\/\/www.capgemini.com\/es-es\/soluciones\/d-gem-para-sap-s-4hana\/\" \/>\n<meta name=\"parsely-type\" content=\"index\" \/>\n<meta name=\"parsely-pub-date\" content=\"2022-12-19T08:46:28Z\" \/>\n<meta name=\"parsely-section\" content=\"Uncategorized\" \/>","tracker_url":"https:\/\/cdn.parsely.com\/keys\/capgemini.com\/p.js"},"archive_status":false,"featured_image_src":"https:\/\/www.capgemini.com\/es-es\/wp-content\/themes\/capgemini2025\/assets\/images\/mockup.png","featured_image_alt":false,"jetpack_sharing_enabled":true,"distributor_meta":false,"distributor_terms":false,"distributor_media":false,"distributor_original_site_name":"Capgemini Spain","distributor_original_site_url":"https:\/\/www.capgemini.com\/es-es","push-errors":false,"_links":{"self":[{"href":"https:\/\/www.capgemini.com\/es-es\/wp-json\/wp\/v2\/pages\/5596","targetHints":{"allow":["GET"]}}],"collection":[{"href":"https:\/\/www.capgemini.com\/es-es\/wp-json\/wp\/v2\/pages"}],"about":[{"href":"https:\/\/www.capgemini.com\/es-es\/wp-json\/wp\/v2\/types\/page"}],"author":[{"embeddable":true,"href":"https:\/\/www.capgemini.com\/es-es\/wp-json\/wp\/v2\/users\/35"}],"replies":[{"embeddable":true,"href":"https:\/\/www.capgemini.com\/es-es\/wp-json\/wp\/v2\/comments?post=5596"}],"version-history":[{"count":7,"href":"https:\/\/www.capgemini.com\/es-es\/wp-json\/wp\/v2\/pages\/5596\/revisions"}],"predecessor-version":[{"id":577948,"href":"https:\/\/www.capgemini.com\/es-es\/wp-json\/wp\/v2\/pages\/5596\/revisions\/577948"}],"up":[{"embeddable":true,"href":"https:\/\/www.capgemini.com\/es-es\/wp-json\/wp\/v2\/pages\/537594"}],"wp:attachment":[{"href":"https:\/\/www.capgemini.com\/es-es\/wp-json\/wp\/v2\/media?parent=5596"}],"wp:term":[{"taxonomy":"brand","embeddable":true,"href":"https:\/\/www.capgemini.com\/es-es\/wp-json\/wp\/v2\/brand?post=5596"},{"taxonomy":"partner_type","embeddable":true,"href":"https:\/\/www.capgemini.com\/es-es\/wp-json\/wp\/v2\/partner_type?post=5596"},{"taxonomy":"service","embeddable":true,"href":"https:\/\/www.capgemini.com\/es-es\/wp-json\/wp\/v2\/service?post=5596"},{"taxonomy":"industry","embeddable":true,"href":"https:\/\/www.capgemini.com\/es-es\/wp-json\/wp\/v2\/industry?post=5596"},{"taxonomy":"partners","embeddable":true,"href":"https:\/\/www.capgemini.com\/es-es\/wp-json\/wp\/v2\/partners?post=5596"},{"taxonomy":"page-type","embeddable":true,"href":"https:\/\/www.capgemini.com\/es-es\/wp-json\/wp\/v2\/page-type?post=5596"},{"taxonomy":"content-group","embeddable":true,"href":"https:\/\/www.capgemini.com\/es-es\/wp-json\/wp\/v2\/content-group?post=5596"}],"curies":[{"name":"wp","href":"https:\/\/api.w.org\/{rel}","templated":true}]}}