{"id":557888,"date":"2024-06-04T11:55:47","date_gmt":"2024-06-04T09:55:47","guid":{"rendered":"https:\/\/www.capgemini.com\/es-es\/?page_id=557888&#038;preview_id=557888"},"modified":"2025-03-12T05:15:43","modified_gmt":"2025-03-12T04:15:43","slug":"plataforma-connected-customer-journey","status":"publish","type":"page","link":"https:\/\/www.capgemini.com\/es-es\/soluciones\/plataforma-connected-customer-journey\/","title":{"rendered":"Plataforma connected customer journey"},"content":{"rendered":"\n<header class=\"wp-block-cg-blocks-hero-reusable header heroReusable  \"><div class=\"header-bgs\"><picture><source srcset=\"https:\/\/www.capgemini.com\/wp-content\/uploads\/2024\/05\/CCJP_Web-banner-2880X1800.jpg?w=2880&amp;quality=70 1x, https:\/\/www.capgemini.com\/wp-content\/uploads\/2024\/05\/CCJP_Web-banner-2880X1800.jpg?w=2880&amp;quality=70 2x\" media=\"(min-width: 1500px)\"\/><source srcset=\"https:\/\/www.capgemini.com\/wp-content\/uploads\/2024\/05\/CCJP_Web-banner-2880X1800.jpg?w=1440&amp;quality=70 1x, https:\/\/www.capgemini.com\/wp-content\/uploads\/2024\/05\/CCJP_Web-banner-2880X1800.jpg?w=2880&amp;quality=70 2x\" media=\"(min-width: 992px)\"\/><source srcset=\"https:\/\/www.capgemini.com\/wp-content\/uploads\/2024\/05\/CCJP_Web-banner-2880X1800.jpg?w=1024&amp;quality=70 1x, https:\/\/www.capgemini.com\/wp-content\/uploads\/2024\/05\/CCJP_Web-banner-2880X1800.jpg?w=1024&amp;quality=70 2x\" media=\"(min-width: 768px)\"\/><source srcset=\"https:\/\/www.capgemini.com\/wp-content\/uploads\/2024\/05\/CCJP_Web-banner-2880X1800.jpg?w=768&amp;quality=70 1x, https:\/\/www.capgemini.com\/wp-content\/uploads\/2024\/05\/CCJP_Web-banner-2880X1800.jpg?w=768&amp;quality=70 2x\" media=\"(min-width: 0)\"\/><img decoding=\"async\" src=\"https:\/\/www.capgemini.com\/wp-content\/uploads\/2024\/05\/CCJP_Web-banner-2880X1800.jpg\" class=\"header-img header-img-d\" alt=\"\" style=\"object-fit:cover;object-position:50% 50%\" loading=\"eager\"\/><\/picture><\/div><div class=\"heroPictureCardHeaderShape\"><\/div><div class=\"container\"><div class=\"row\"><div class=\"col-md-12\"><div class=\"box\"><div class=\"boxTagWrapper\"><div class=\"tagInfo\"><div><span class=\"box-tag\">Solution<\/span><\/div><\/div><\/div><div class=\"box-title\"><h1 data-maxlength=\"34\">Plataforma Connected Customer Journey<\/h1><\/div><div class=\"inner-row-insight download-btn\"><\/div><\/div><\/div><\/div><\/div><\/header>\n\n\n\n<section class=\"wp-block-cg-blocks-group undefined section section--article-content\"><div class=\"article-main-content\"><div class=\"container\"><div class=\"row\"><div class=\"col-12 col-md-1\"><nav class=\"article-social\"><ul class=\"social-nav\"><li class=\"ip-order-fb\"><a href=\"https:\/\/www.facebook.com\/sharer\/sharer.php?u=https:\/\/www.capgemini.com\/?page_id=1019268\" target=\"_blank\" rel=\"noopener noreferrer\" title=\"abrir en una nueva ventana\"><i aria-hidden=\"true\" class=\"icon-fb\"><\/i><span class=\"sr-only\">Facebook<\/span><\/a><\/li><li class=\"ip-order-li\"><a href=\"https:\/\/www.linkedin.com\/shareArticle?url=https:\/\/www.capgemini.com\/?page_id=1019268\" target=\"_blank\" rel=\"noopener noreferrer\" title=\"abrir en una nueva ventana\"><i aria-hidden=\"true\" class=\"icon-li\"><\/i><span class=\"sr-only\">Linkedin<\/span><\/a><\/li><\/ul><\/nav><\/div><div class=\"col-12 col-md-11 col-lg-10\"><div class=\"article-text article-quote-text\">\n<h3 class=\"wp-block-heading\" id=\"h-conoces-bien-a-tus-clientes-no-solo-como-grupos-demograficos-sino-tambien-como-individuos\">\u00bfConoces bien a tus clientes? No s\u00f3lo como grupos demogr\u00e1ficos, sino tambi\u00e9n como individuos.<\/h3>\n\n\n\n<p>Ofrecer una experiencia positiva en todos los puntos de contacto sigue siendo una estrategia fundamental para fidelizar a los clientes y convertirlos en defensores de la marca. Pero a menos que su empresa cuente con una estrategia de gesti\u00f3n del recorrido del cliente que pueda recopilar una visi\u00f3n completa y contextual de todas las interacciones con el cliente, no podr\u00e1 utilizar esos datos para identificar nuevos clientes potenciales, fomentar las ventas y ofrecer una mejor asistencia. <\/p>\n\n\n\n<p>Lo que necesitas es la Plafaforma Connected Customer Journey de Capgemini, una nueva soluci\u00f3n que se basa en la ya s\u00f3lida oferta de experiencia del cliente de Capgemini. La plataforma recopila datos sobre el recorrido de cada cliente, los analiza para obtener informaci\u00f3n valiosa y, a continuaci\u00f3n, act\u00faa en consecuencia de manera oportuna y a trav\u00e9s del canal m\u00e1s adecuado.<\/p>\n\n\n\n<h4 class=\"wp-block-heading\" id=\"h-millones-de-clientes-tratados-de-manera-individualizada\">Millones de clientes, tratados de manera individualizada<\/h4>\n\n\n\n<p>La plataforma Connected Customer Journey es totalmente personalizable para abordar sectores  y necesidades empresariales espec\u00edficas. Permite a la organizaci\u00f3n tratar a cada cliente como un individuo, incluso si su empresa es una entidad global con millones de clientes. Para ello<\/p>\n\n\n\n<ul class=\"wp-block-list\">\n<li>Recopila datos estructurados y no estructurados de cada contacto, en todos los canales.<\/li>\n\n\n\n<li>Limpia y valida esos datos en tiempo real mediante procesos automatizados para crear una \u00fanica fuente sobre cada interacci\u00f3n.<\/li>\n\n\n\n<li>Actuar a partir de esos datos mediante an\u00e1lisis de \u00faltima generaci\u00f3n -incluida la IA generativa- para predecir los comportamientos probables de cada individuo.<\/li>\n\n\n\n<li>Utiliza esta informaci\u00f3n para hacer recomendaciones sobre las relaciones con los clientes.<\/li>\n<\/ul>\n\n\n\n<p>La plataforma Connected Customer Journey combina los datos propios de su empresa con informaci\u00f3n procedente de fuentes de terceros. Esto le permite proporcionar una comprensi\u00f3n superior de sus clientes como individuos, enmarcada en el contexto de todas las dem\u00e1s partes interesadas que influyen en su viaje.<\/p>\n\n\n\n<h4 class=\"wp-block-heading\" id=\"h-trabaja-con-la-ayuda-de-la-plataforma-connected-customer-journey\">Trabaja con la ayuda de la plataforma Connected Customer Journey<\/h4>\n\n\n\n<p>\u00bfEst\u00e1s preparado para tratar con tus clientes de forma personalizada y ofrecerl experiencias realmente memorables? \u00bfDesea convertir a un mayor n\u00famero de clientes en fieles y entusiastas defensores de su marca? La plataforma Connected Customer Journey est\u00e1 preparada para ofrecerle todo lo que necesita y le invitamos a que nos explique c\u00f3mo puede beneficiar a su organizaci\u00f3n.<a id=\"_msocom_2\"><\/a><\/p>\n<\/div><\/div><\/div><\/div><\/div><\/section>\n\n\n<section class=\"latest-insights layout-odd layout-one-card-only \"><div class=\"container\"><div class=\"insight-title\"><h2 class=\"latest-insight-title\">Informes relacionados<\/h2><\/div><div class=\"layout-single-card\">\n                      <div class=\"row align-items-center w-lg-100\">\n                        <div class=\"card-image-wrapper\">\n                                <div class=\"card-image\" data-image-url=\"https:\/\/www.capgemini.com\/es-es\/investigacion\/biblioteca-de-investigacion\/el-imperativo-de-un-viaje-de-cliente-conectado\/\">\n\t\t\t\t\t\t\t\t\t\t\t\t\t\t\t\t\t<picture>\n\t\t\t\t\t\t\t\t\t\t\t\t\t\t\t\t\t\t\t\t\t<source srcset=\"https:\/\/www.capgemini.com\/es-es\/wp-content\/uploads\/sites\/16\/2024\/06\/CCJP_Web-banner-2880X1800.jpg?w=2048&#038;quality=70 1x, https:\/\/www.capgemini.com\/es-es\/wp-content\/uploads\/sites\/16\/2024\/06\/CCJP_Web-banner-2880X1800.jpg?w=2048&#038;quality=70 2x\"\n\t\t\t\t\t\t\t\t\t\t\t\t\t\t\t\t\t\t\t\t\t\t\t\t\tmedia=\"(min-width: 1500px)\"\/>\n\t\t\t\t\t\t\t\t\t\t\t\t\t\t\t\t\t\t\t\t\t<source srcset=\"https:\/\/www.capgemini.com\/es-es\/wp-content\/uploads\/sites\/16\/2024\/06\/CCJP_Web-banner-2880X1800.jpg?w=1024&#038;quality=70 1x, https:\/\/www.capgemini.com\/es-es\/wp-content\/uploads\/sites\/16\/2024\/06\/CCJP_Web-banner-2880X1800.jpg?w=2048&#038;quality=70 2x\"\n\t\t\t\t\t\t\t\t\t\t\t\t\t\t\t\t\t\t\t\t\t\t\t\t\tmedia=\"(min-width: 992px)\"\/>\n\t\t\t\t\t\t\t\t\t\t\t\t\t\t\t\t\t\t\t\t\t<source srcset=\"https:\/\/www.capgemini.com\/es-es\/wp-content\/uploads\/sites\/16\/2024\/06\/CCJP_Web-banner-2880X1800.jpg?w=1024&#038;quality=70 1x, https:\/\/www.capgemini.com\/es-es\/wp-content\/uploads\/sites\/16\/2024\/06\/CCJP_Web-banner-2880X1800.jpg?w=2048&#038;quality=70 2x\"\n\t\t\t\t\t\t\t\t\t\t\t\t\t\t\t\t\t\t\t\t\t\t\t\t\tmedia=\"(min-width: 768px)\"\/>\n\t\t\t\t\t\t\t\t\t\t\t\t\t\t\t\t\t\t\t\t\t<source srcset=\"https:\/\/www.capgemini.com\/es-es\/wp-content\/uploads\/sites\/16\/2024\/06\/CCJP_Web-banner-2880X1800.jpg?w=500&#038;quality=70 1x, https:\/\/www.capgemini.com\/es-es\/wp-content\/uploads\/sites\/16\/2024\/06\/CCJP_Web-banner-2880X1800.jpg?w=1000&#038;quality=70 2x\"\n\t\t\t\t\t\t\t\t\t\t\t\t\t\t\t\t\t\t\t\t\t\t\t\t\tmedia=\"(min-width: 0)\"\/>\n\t\t\t\t\t\t\t\t\t\t\t\t\t\t\t\t\t\t\t\t\t\t<img decoding=\"async\" loading=\"lazy\" src=\"https:\/\/www.capgemini.com\/es-es\/wp-content\/uploads\/sites\/16\/2024\/06\/CCJP_Web-banner-2880X1800.jpg\" alt=\"\" style=\"object-position: 50% 50%; object-fit: cover;\">\n\t\t\t\t\t\t\t\t\t\t\t\t\t\t\t\t\t\t\t<\/picture>\n                                <\/div>\n                            <\/div>\n                            <div class=\"col-12 col-md-5 col-lg-7\"><\/div>\n                        <div class=\"col-12 col-md-7 col-lg-5\">\n                            <a href=\"https:\/\/www.capgemini.com\/es-es\/investigacion\/biblioteca-de-investigacion\/el-imperativo-de-un-viaje-de-cliente-conectado\/\" aria-label=\"El imperativo de un viaje de cliente conectado\" class=\"card-link-holder\">\n                            <div class=\"insight-card insight-card-start\">\n                                <div class=\"card-tag\">Point of view<\/div>\n                                <h3 class=\"card-title\">El imperativo de un viaje de cliente conectado<\/h3>\n                                <div class=\"insight-card-footer\">\n                                    <img decoding=\"async\" loading=\"lazy\" src=\"\" alt=\"\" class=\"light\">\n\t\t\t\t\t\t\t\t\t<img decoding=\"async\" loading=\"lazy\" src=\"\" alt=\"\" class=\"dark\">\n                                <\/div>\n                            <\/div>\n                            <\/a>\n                        <\/div>\n                     <\/div>\n                    <\/div><\/div><\/section>","protected":false},"excerpt":{"rendered":"","protected":false},"author":33,"featured_media":557889,"parent":537594,"menu_order":0,"comment_status":"closed","ping_status":"closed","template":"","meta":{"cg_dt_proposed_to":[],"cg_seo_hreflang_relations":"[]","cg_seo_canonical_relation":"","cg_seo_hreflang_x_default_relation":"{\"uuid\":\"7c29ae5b-e980-4717-8b79-9c14ddfa752f\",\"blogId\":\"\",\"domain\":\"\",\"sitePath\":\"\",\"postLink\":\"\",\"postId\":null,\"isSaved\":true,\"isCrossLink\":false,\"hasCrossLink\":false}","cg_dt_approved_content":true,"cg_dt_mandatory_content":false,"cg_dt_notes":"","cg_dg_source_changed":true,"cg_dt_link_disabled":false,"_yoast_wpseo_primary_brand":"","footnotes":"","featured_focal_points":"","partner_card_description":"","gsap_animation":0},"brand":[],"partner_type":[],"service":[],"industry":[],"partners":[],"page-type":[339],"content-group":[],"class_list":["post-557888","page","type-page","status-publish","has-post-thumbnail","hentry","page-type-solutions"],"yoast_head":"<!-- This site is optimized with the Yoast SEO Premium plugin v22.8 (Yoast SEO v22.8) - https:\/\/yoast.com\/wordpress\/plugins\/seo\/ -->\n<title>Plataforma connected customer journey - Capgemini Spain<\/title>\n<meta name=\"description\" content=\"\u00bfConoces bien a tus clientes? No s\u00f3lo como grupos demogr\u00e1ficos, sino tambi\u00e9n como individuos.\" \/>\n<meta name=\"robots\" content=\"index, follow, max-snippet:-1, max-image-preview:large, max-video-preview:-1\" \/>\n<link rel=\"canonical\" href=\"https:\/\/www.capgemini.com\/es-es\/soluciones\/plataforma-connected-customer-journey\/\" \/>\n<meta property=\"og:locale\" content=\"es_ES\" \/>\n<meta property=\"og:type\" content=\"article\" \/>\n<meta property=\"og:title\" content=\"Plataforma connected customer journey\" \/>\n<meta property=\"og:description\" content=\"\u00bfConoces bien a tus clientes? No s\u00f3lo como grupos demogr\u00e1ficos, sino tambi\u00e9n como individuos.\" \/>\n<meta property=\"og:url\" content=\"https:\/\/www.capgemini.com\/es-es\/soluciones\/plataforma-connected-customer-journey\/\" \/>\n<meta property=\"og:site_name\" content=\"Capgemini Spain\" \/>\n<meta property=\"article:modified_time\" content=\"2025-03-12T04:15:43+00:00\" \/>\n<meta property=\"og:image\" content=\"https:\/\/www.capgemini.com\/es-es\/wp-content\/uploads\/sites\/16\/2025\/10\/New-Web-preview-global.jpg\" \/>\n\t<meta property=\"og:image:width\" content=\"1200\" \/>\n\t<meta property=\"og:image:height\" content=\"627\" \/>\n\t<meta property=\"og:image:type\" content=\"image\/jpeg\" \/>\n<meta name=\"twitter:card\" content=\"summary_large_image\" \/>\n<meta name=\"twitter:label1\" content=\"Est. reading time\" \/>\n\t<meta name=\"twitter:data1\" content=\"1 minute\" \/>\n<script type=\"application\/ld+json\" class=\"yoast-schema-graph\">{\"@context\":\"https:\/\/schema.org\",\"@graph\":[{\"@type\":\"WebPage\",\"@id\":\"https:\/\/www.capgemini.com\/es-es\/soluciones\/plataforma-connected-customer-journey\/\",\"url\":\"https:\/\/www.capgemini.com\/es-es\/soluciones\/plataforma-connected-customer-journey\/\",\"name\":\"Plataforma connected customer journey - Capgemini Spain\",\"isPartOf\":{\"@id\":\"https:\/\/www.capgemini.com\/es-es\/#website\"},\"primaryImageOfPage\":{\"@id\":\"https:\/\/www.capgemini.com\/es-es\/soluciones\/plataforma-connected-customer-journey\/#primaryimage\"},\"image\":{\"@id\":\"https:\/\/www.capgemini.com\/es-es\/soluciones\/plataforma-connected-customer-journey\/#primaryimage\"},\"thumbnailUrl\":\"https:\/\/www.capgemini.com\/es-es\/wp-content\/uploads\/sites\/16\/2024\/06\/CCJP_Web-banner-2880X1800_46d2f6.jpg\",\"datePublished\":\"2024-06-04T09:55:47+00:00\",\"dateModified\":\"2025-03-12T04:15:43+00:00\",\"description\":\"\u00bfConoces bien a tus clientes? No s\u00f3lo como grupos demogr\u00e1ficos, sino tambi\u00e9n como individuos.\",\"breadcrumb\":{\"@id\":\"https:\/\/www.capgemini.com\/es-es\/soluciones\/plataforma-connected-customer-journey\/#breadcrumb\"},\"inLanguage\":\"es-ES\",\"potentialAction\":[{\"@type\":\"ReadAction\",\"target\":[\"https:\/\/www.capgemini.com\/es-es\/soluciones\/plataforma-connected-customer-journey\/\"]}]},{\"@type\":\"ImageObject\",\"inLanguage\":\"es-ES\",\"@id\":\"https:\/\/www.capgemini.com\/es-es\/soluciones\/plataforma-connected-customer-journey\/#primaryimage\",\"url\":\"https:\/\/www.capgemini.com\/es-es\/wp-content\/uploads\/sites\/16\/2024\/06\/CCJP_Web-banner-2880X1800_46d2f6.jpg\",\"contentUrl\":\"https:\/\/www.capgemini.com\/es-es\/wp-content\/uploads\/sites\/16\/2024\/06\/CCJP_Web-banner-2880X1800_46d2f6.jpg\",\"width\":2880,\"height\":1800},{\"@type\":\"BreadcrumbList\",\"@id\":\"https:\/\/www.capgemini.com\/es-es\/soluciones\/plataforma-connected-customer-journey\/#breadcrumb\",\"itemListElement\":[{\"@type\":\"ListItem\",\"position\":1,\"name\":\"Home\",\"item\":\"https:\/\/www.capgemini.com\/es-es\/\"},{\"@type\":\"ListItem\",\"position\":2,\"name\":\"Soluciones\",\"item\":\"https:\/\/www.capgemini.com\/es-es\/soluciones\/\"},{\"@type\":\"ListItem\",\"position\":3,\"name\":\"Plataforma connected customer journey\"}]},{\"@type\":\"WebSite\",\"@id\":\"https:\/\/www.capgemini.com\/es-es\/#website\",\"url\":\"https:\/\/www.capgemini.com\/es-es\/\",\"name\":\"Capgemini Espa\u00f1a\",\"description\":\"Capgemini\",\"potentialAction\":[{\"@type\":\"SearchAction\",\"target\":{\"@type\":\"EntryPoint\",\"urlTemplate\":\"https:\/\/www.capgemini.com\/es-es\/?s={search_term_string}\"},\"query-input\":\"required name=search_term_string\"}],\"inLanguage\":\"es-ES\"}]}<\/script>\n<!-- \/ Yoast SEO Premium plugin. -->","yoast_head_json":{"title":"Plataforma connected customer journey - Capgemini Spain","description":"\u00bfConoces bien a tus clientes? No s\u00f3lo como grupos demogr\u00e1ficos, sino tambi\u00e9n como individuos.","robots":{"index":"index","follow":"follow","max-snippet":"max-snippet:-1","max-image-preview":"max-image-preview:large","max-video-preview":"max-video-preview:-1"},"canonical":"https:\/\/www.capgemini.com\/es-es\/soluciones\/plataforma-connected-customer-journey\/","og_locale":"es_ES","og_type":"article","og_title":"Plataforma connected customer journey","og_description":"\u00bfConoces bien a tus clientes? No s\u00f3lo como grupos demogr\u00e1ficos, sino tambi\u00e9n como individuos.","og_url":"https:\/\/www.capgemini.com\/es-es\/soluciones\/plataforma-connected-customer-journey\/","og_site_name":"Capgemini Spain","article_modified_time":"2025-03-12T04:15:43+00:00","og_image":[{"width":1200,"height":627,"url":"https:\/\/www.capgemini.com\/es-es\/wp-content\/uploads\/sites\/16\/2025\/10\/New-Web-preview-global.jpg","type":"image\/jpeg"}],"twitter_card":"summary_large_image","twitter_misc":{"Est. reading time":"1 minute"},"schema":{"@context":"https:\/\/schema.org","@graph":[{"@type":"WebPage","@id":"https:\/\/www.capgemini.com\/es-es\/soluciones\/plataforma-connected-customer-journey\/","url":"https:\/\/www.capgemini.com\/es-es\/soluciones\/plataforma-connected-customer-journey\/","name":"Plataforma connected customer journey - Capgemini Spain","isPartOf":{"@id":"https:\/\/www.capgemini.com\/es-es\/#website"},"primaryImageOfPage":{"@id":"https:\/\/www.capgemini.com\/es-es\/soluciones\/plataforma-connected-customer-journey\/#primaryimage"},"image":{"@id":"https:\/\/www.capgemini.com\/es-es\/soluciones\/plataforma-connected-customer-journey\/#primaryimage"},"thumbnailUrl":"https:\/\/www.capgemini.com\/es-es\/wp-content\/uploads\/sites\/16\/2024\/06\/CCJP_Web-banner-2880X1800_46d2f6.jpg","datePublished":"2024-06-04T09:55:47+00:00","dateModified":"2025-03-12T04:15:43+00:00","description":"\u00bfConoces bien a tus clientes? No s\u00f3lo como grupos demogr\u00e1ficos, sino tambi\u00e9n como individuos.","breadcrumb":{"@id":"https:\/\/www.capgemini.com\/es-es\/soluciones\/plataforma-connected-customer-journey\/#breadcrumb"},"inLanguage":"es-ES","potentialAction":[{"@type":"ReadAction","target":["https:\/\/www.capgemini.com\/es-es\/soluciones\/plataforma-connected-customer-journey\/"]}]},{"@type":"ImageObject","inLanguage":"es-ES","@id":"https:\/\/www.capgemini.com\/es-es\/soluciones\/plataforma-connected-customer-journey\/#primaryimage","url":"https:\/\/www.capgemini.com\/es-es\/wp-content\/uploads\/sites\/16\/2024\/06\/CCJP_Web-banner-2880X1800_46d2f6.jpg","contentUrl":"https:\/\/www.capgemini.com\/es-es\/wp-content\/uploads\/sites\/16\/2024\/06\/CCJP_Web-banner-2880X1800_46d2f6.jpg","width":2880,"height":1800},{"@type":"BreadcrumbList","@id":"https:\/\/www.capgemini.com\/es-es\/soluciones\/plataforma-connected-customer-journey\/#breadcrumb","itemListElement":[{"@type":"ListItem","position":1,"name":"Home","item":"https:\/\/www.capgemini.com\/es-es\/"},{"@type":"ListItem","position":2,"name":"Soluciones","item":"https:\/\/www.capgemini.com\/es-es\/soluciones\/"},{"@type":"ListItem","position":3,"name":"Plataforma connected customer journey"}]},{"@type":"WebSite","@id":"https:\/\/www.capgemini.com\/es-es\/#website","url":"https:\/\/www.capgemini.com\/es-es\/","name":"Capgemini Espa\u00f1a","description":"Capgemini","potentialAction":[{"@type":"SearchAction","target":{"@type":"EntryPoint","urlTemplate":"https:\/\/www.capgemini.com\/es-es\/?s={search_term_string}"},"query-input":"required name=search_term_string"}],"inLanguage":"es-ES"}]}},"brand_term":[],"parsely":{"version":"1.1.0","canonical_url":"https:\/\/capgemini.com\/es-es\/soluciones\/plataforma-connected-customer-journey\/","smart_links":{"inbound":0,"outbound":0},"traffic_boost_suggestions_count":0,"meta":{"@context":"https:\/\/schema.org","@type":"WebPage","headline":"Plataforma connected customer journey","url":"https:\/\/www.capgemini.com\/es-es\/soluciones\/plataforma-connected-customer-journey\/","mainEntityOfPage":{"@type":"WebPage","@id":"https:\/\/www.capgemini.com\/es-es\/soluciones\/plataforma-connected-customer-journey\/"},"thumbnailUrl":"https:\/\/www.capgemini.com\/es-es\/wp-content\/uploads\/sites\/16\/2024\/06\/CCJP_Web-banner-2880X1800_46d2f6.jpg?w=150&h=150&crop=1","image":{"@type":"ImageObject","url":"https:\/\/www.capgemini.com\/es-es\/wp-content\/uploads\/sites\/16\/2024\/06\/CCJP_Web-banner-2880X1800_46d2f6.jpg"},"articleSection":"Uncategorized","author":[],"creator":[],"publisher":{"@type":"Organization","name":"Capgemini Spain","logo":""},"keywords":[],"dateCreated":"2024-06-04T09:55:47Z","datePublished":"2024-06-04T09:55:47Z","dateModified":"2025-03-12T04:15:43Z"},"rendered":"<meta name=\"parsely-title\" content=\"Plataforma connected customer journey\" \/>\n<meta name=\"parsely-link\" content=\"https:\/\/www.capgemini.com\/es-es\/soluciones\/plataforma-connected-customer-journey\/\" \/>\n<meta name=\"parsely-type\" content=\"index\" \/>\n<meta name=\"parsely-image-url\" content=\"https:\/\/www.capgemini.com\/es-es\/wp-content\/uploads\/sites\/16\/2024\/06\/CCJP_Web-banner-2880X1800_46d2f6.jpg?w=150&amp;h=150&amp;crop=1\" \/>\n<meta name=\"parsely-pub-date\" content=\"2024-06-04T09:55:47Z\" \/>\n<meta name=\"parsely-section\" content=\"Uncategorized\" \/>","tracker_url":"https:\/\/cdn.parsely.com\/keys\/capgemini.com\/p.js"},"archive_status":false,"featured_image_src":"https:\/\/www.capgemini.com\/es-es\/wp-content\/uploads\/sites\/16\/2024\/06\/CCJP_Web-banner-2880X1800_46d2f6.jpg","featured_image_alt":"","jetpack_sharing_enabled":true,"distributor_meta":false,"distributor_terms":false,"distributor_media":false,"distributor_original_site_name":"Capgemini Spain","distributor_original_site_url":"https:\/\/www.capgemini.com\/es-es","push-errors":false,"_links":{"self":[{"href":"https:\/\/www.capgemini.com\/es-es\/wp-json\/wp\/v2\/pages\/557888","targetHints":{"allow":["GET"]}}],"collection":[{"href":"https:\/\/www.capgemini.com\/es-es\/wp-json\/wp\/v2\/pages"}],"about":[{"href":"https:\/\/www.capgemini.com\/es-es\/wp-json\/wp\/v2\/types\/page"}],"author":[{"embeddable":true,"href":"https:\/\/www.capgemini.com\/es-es\/wp-json\/wp\/v2\/users\/33"}],"replies":[{"embeddable":true,"href":"https:\/\/www.capgemini.com\/es-es\/wp-json\/wp\/v2\/comments?post=557888"}],"version-history":[{"count":4,"href":"https:\/\/www.capgemini.com\/es-es\/wp-json\/wp\/v2\/pages\/557888\/revisions"}],"predecessor-version":[{"id":567522,"href":"https:\/\/www.capgemini.com\/es-es\/wp-json\/wp\/v2\/pages\/557888\/revisions\/567522"}],"up":[{"embeddable":true,"href":"https:\/\/www.capgemini.com\/es-es\/wp-json\/wp\/v2\/pages\/537594"}],"wp:featuredmedia":[{"embeddable":true,"href":"https:\/\/www.capgemini.com\/es-es\/wp-json\/wp\/v2\/media\/557889"}],"wp:attachment":[{"href":"https:\/\/www.capgemini.com\/es-es\/wp-json\/wp\/v2\/media?parent=557888"}],"wp:term":[{"taxonomy":"brand","embeddable":true,"href":"https:\/\/www.capgemini.com\/es-es\/wp-json\/wp\/v2\/brand?post=557888"},{"taxonomy":"partner_type","embeddable":true,"href":"https:\/\/www.capgemini.com\/es-es\/wp-json\/wp\/v2\/partner_type?post=557888"},{"taxonomy":"service","embeddable":true,"href":"https:\/\/www.capgemini.com\/es-es\/wp-json\/wp\/v2\/service?post=557888"},{"taxonomy":"industry","embeddable":true,"href":"https:\/\/www.capgemini.com\/es-es\/wp-json\/wp\/v2\/industry?post=557888"},{"taxonomy":"partners","embeddable":true,"href":"https:\/\/www.capgemini.com\/es-es\/wp-json\/wp\/v2\/partners?post=557888"},{"taxonomy":"page-type","embeddable":true,"href":"https:\/\/www.capgemini.com\/es-es\/wp-json\/wp\/v2\/page-type?post=557888"},{"taxonomy":"content-group","embeddable":true,"href":"https:\/\/www.capgemini.com\/es-es\/wp-json\/wp\/v2\/content-group?post=557888"}],"curies":[{"name":"wp","href":"https:\/\/api.w.org\/{rel}","templated":true}]}}