{"id":554598,"date":"2024-02-19T13:25:27","date_gmt":"2024-02-19T12:25:27","guid":{"rendered":"https:\/\/www.capgemini.com\/es-es\/?page_id=554598&#038;preview_id=554598"},"modified":"2026-01-06T07:57:45","modified_gmt":"2026-01-06T06:57:45","slug":"ia-generativa-sector-publico","status":"publish","type":"page","link":"https:\/\/www.capgemini.com\/es-es\/soluciones\/ia-generativa-sector-publico\/","title":{"rendered":"IA Generativa para el sector p\u00fablico"},"content":{"rendered":"\n<header class=\"wp-block-cg-blocks-hero-reusable header heroReusable  \"><div class=\"header-bgs\"><picture><source srcset=\"https:\/\/www.capgemini.com\/wp-content\/uploads\/2024\/02\/Gen-AI-PS_Web-Banner.jpg?w=2880&amp;quality=70 1x, https:\/\/www.capgemini.com\/wp-content\/uploads\/2024\/02\/Gen-AI-PS_Web-Banner.jpg?w=2880&amp;quality=70 2x\" media=\"(min-width: 1500px)\"\/><source srcset=\"https:\/\/www.capgemini.com\/wp-content\/uploads\/2024\/02\/Gen-AI-PS_Web-Banner.jpg?w=1440&amp;quality=70 1x, https:\/\/www.capgemini.com\/wp-content\/uploads\/2024\/02\/Gen-AI-PS_Web-Banner.jpg?w=2880&amp;quality=70 2x\" media=\"(min-width: 992px)\"\/><source srcset=\"https:\/\/www.capgemini.com\/wp-content\/uploads\/2024\/02\/Gen-AI-PS_Web-Banner.jpg?w=1024&amp;quality=70 1x, https:\/\/www.capgemini.com\/wp-content\/uploads\/2024\/02\/Gen-AI-PS_Web-Banner.jpg?w=1024&amp;quality=70 2x\" media=\"(min-width: 768px)\"\/><source srcset=\"https:\/\/www.capgemini.com\/wp-content\/uploads\/2024\/02\/Gen-AI-PS_Web-Banner.jpg?w=768&amp;quality=70 1x, https:\/\/www.capgemini.com\/wp-content\/uploads\/2024\/02\/Gen-AI-PS_Web-Banner.jpg?w=768&amp;quality=70 2x\" media=\"(min-width: 0)\"\/><img decoding=\"async\" src=\"https:\/\/www.capgemini.com\/wp-content\/uploads\/2024\/02\/Gen-AI-PS_Web-Banner.jpg\" class=\"header-img header-img-d\" alt=\"\" style=\"object-fit:cover;object-position:50% 50%\" loading=\"eager\"\/><\/picture><\/div><div class=\"heroPictureCardHeaderShape\"><\/div><div class=\"container\"><div class=\"row\"><div class=\"col-md-12\"><div class=\"box\"><div class=\"boxTagWrapper\"><div class=\"tagInfo\"><div><span class=\"box-tag\">Solution<\/span><\/div><\/div><\/div><div class=\"box-title\"><h1 data-maxlength=\"34\">IA Generativa para el sector p\u00fablico<\/h1><\/div><h2 class=\"reasearchInsightTitle\">Una tecnolog\u00eda transformadora para la administraci\u00f3n p\u00fablica<\/h2><div class=\"inner-row-insight download-btn\"><div class=\"col-md-4 downloadFiles addPadding\"><a class=\"button-download--small\" type=\"download\" href=\"https:\/\/www.capgemini.com\/wp-content\/uploads\/2024\/02\/Capgemini_GenerativeAI_Public_Sector_2024.pdf\" target=\"_blank\" rel=\"noopener noreferrer\" title=\"abrir en una nueva ventana\"><span>Download PoV<\/span><span class=\"type\">9 MB pdf<\/span><\/a><\/div><\/div><\/div><\/div><\/div><\/div><\/header>\n\n\n\n<section class=\"wp-block-cg-blocks-group undefined section section--article-content\"><div class=\"article-main-content\"><div class=\"container\"><div class=\"row\"><div class=\"col-12 col-md-1\"><nav class=\"article-social\"><ul class=\"social-nav\"><li class=\"ip-order-fb\"><a href=\"https:\/\/www.facebook.com\/sharer\/sharer.php?u=https:\/\/www.capgemini.com\/?page_id=991182\" target=\"_blank\" rel=\"noopener noreferrer\" title=\"abrir en una nueva ventana\"><i aria-hidden=\"true\" class=\"icon-fb\"><\/i><span class=\"sr-only\">Facebook<\/span><\/a><\/li><li class=\"ip-order-tw\"><a href=\"https:\/\/twitter.com\/intent\/tweet?url=https:\/\/www.capgemini.com\/?page_id=991182&amp;text=\" target=\"_blank\" rel=\"noopener noreferrer\" title=\"abrir en una nueva ventana\"><i aria-hidden=\"true\" class=\"icon-tw\"><\/i><span class=\"sr-only\">Twitter<\/span><\/a><\/li><li class=\"ip-order-li\"><a href=\"https:\/\/www.linkedin.com\/shareArticle?url=https:\/\/www.capgemini.com\/?page_id=991182&amp;text=\" target=\"_blank\" rel=\"noopener noreferrer\" title=\"abrir en una nueva ventana\"><i aria-hidden=\"true\" class=\"icon-li\"><\/i><span class=\"sr-only\">Linkedin<\/span><\/a><\/li><\/ul><\/nav><\/div><div class=\"col-12 col-md-11 col-lg-10\"><div class=\"article-text article-quote-text\">\n<p>Como ninguna otra tecnolog\u00eda, la IA generativa tiene el potencial de impulsar la eficiencia de los procesos y la calidad de los servicios del sector p\u00fablico, y de transformar profundamente la forma de trabajar de las administraciones p\u00fablicas. Si se aprovecha correctamente, la IA generativa puede ser una bendici\u00f3n para el sector p\u00fablico, ya que le ayudar\u00e1 a abordar los problemas m\u00e1s acuciantes de la actualidad y a garantizar la confianza y la satisfacci\u00f3n de los ciudadanos con los servicios de la administraci\u00f3n.<\/p>\n\n\n\n<p>Para el sector p\u00fablico, la cuesti\u00f3n no es tanto si emplear\u00e1 la IA generativa, sino c\u00f3mo lo har\u00e1.<\/p>\n<\/div><\/div><\/div><\/div><\/div><\/section>\n\n\n\n<section class=\"wp-block-cg-blocks-intro-para-video section section--info-2cols section--insights section-video \"><div class=\"bg-color video-align-right\"><div class=\"container\"><div class=\"row video-align-left\"><div class=\"col-md-12\"><div class=\"video-align-left row box box--4 box--mini\"><div class=\"col-md-3\"><h3 class=\"Video-title\" data-maxlength=\"34\">IA Generativa<\/h3><div class=\"video-info\"><p data-maxlength=\"68\">El avance definitivo del sector p\u00fablico<\/p><\/div><\/div><div class=\"col-md-8 box-img-wrapper\"><div class=\"video-box\"><div class=\"video-wrapper\"><iframe title=\"video-section\" src=\"https:\/\/www.youtube.com\/embed\/8QiB0lJCKQc?rel=0&amp;modestbranding=1&amp;playsinline=1&amp;enablejsapi=1\" frameborder=\"0\" allow=\"accelerometer; autoplay; clipboard-write; encrypted-media; gyroscope; picture-in-picture\" allowfullscreen loading=\"lazy\" referrerpolicy=\"strict-origin-when-cross-origin\"><\/iframe><\/div><\/div><\/div><div class=\"col-md-1\"><\/div><\/div><\/div><\/div><\/div><\/div><\/section>\n\n\n\n<section class=\"wp-block-cg-blocks-group undefined section section--article-content\"><div class=\"article-main-content\"><div class=\"container\"><div class=\"row\"><div class=\"col-12 col-md-11 col-lg-10 offset-md-1 offset-lg-1\"><div class=\"article-text article-quote-text\">\n<p>En el panorama de los servicios p\u00fablicos, la IA generativa destaca como catalizador del cambio. Gracias a su facilidad de uso y su amplia aplicabilidad, la IA generativa est\u00e1 cambiando la forma de vivir, trabajar y consumir informaci\u00f3n, y se insta a las organizaciones p\u00fablicas a aprovechar el triple dividendo tecnol\u00f3gico y el potencial de innovaci\u00f3n que ofrece la IA generativa.<\/p>\n\n\n\n<p>En primer lugar, la IA generativa surge como una soluci\u00f3n para que el sector p\u00fablico sea m\u00e1s eficiente al permitir un procesamiento mucho m\u00e1s r\u00e1pido de los datos no estructurados y la producci\u00f3n de contenidos y c\u00f3digo. En segundo lugar, con su capacidad para clasificar grandes cantidades de texto, im\u00e1genes y audio, puede ayudar a los funcionarios del sector p\u00fablico a obtener nuevos conocimientos, fomentando una toma de decisiones m\u00e1s inteligente. Y en tercer lugar, al ofrecer chatbots de IA 24\/7 y elegantes plataformas de autoservicio, por ejemplo, los organismos del sector p\u00fablico pueden mejorar significativamente la experiencia de servicio de los ciudadanos.<\/p>\n\n\n\n<div style=\"height:30px\" aria-hidden=\"true\" class=\"wp-block-spacer\"><\/div>\n\n\n\n<blockquote class=\"wp-block-quote is-layout-flow wp-block-quote-is-layout-flow\">\n<p>&#8220;La cuesti\u00f3n fundamental sobre la IA generativa es c\u00f3mo podemos asegurarnos, como sociedad, de que la aprovechamos y evitamos su uso indebido, de modo que mejore nuestra capacidad para tomar las decisiones correctas y fomente un comportamiento \u00e9tico. Si lo conseguimos, la contribuci\u00f3n potencial de la IA generativa al servicio p\u00fablico y al bien com\u00fan es realmente asombrosa.&#8221;<\/p>\n<cite>Dr. Philipp Fuerst, VP Data-Driven Government &amp; Offer Leader, Global Public Sector<\/cite><\/blockquote>\n\n\n\n<div style=\"height:30px\" aria-hidden=\"true\" class=\"wp-block-spacer\"><\/div>\n\n\n\n<p>Sin embargo, la IA generativa plantea problemas. Todav\u00eda propensos a errores, los modelos de IA generativa pueden generar resultados inexactos o sesgados, lo que es inaceptable para los servicios p\u00fablicos. De ah\u00ed que la transparencia y la explicabilidad sean esenciales para su adopci\u00f3n, garantizando la fiabilidad y la rendici\u00f3n de cuentas.<\/p>\n\n\n\n<p>De hecho, el futuro de la IA generativa pasa por encontrar un equilibrio adecuado entre el aprovechamiento de las ventajas y la mitigaci\u00f3n de los riesgos. Las aplicaciones demuestran el potencial de la IA generativa, pero la \u00e9tica y el cumplimiento deben ser lo primero.<\/p>\n\n\n\n<p>Capgemini, con la experiencia en datos e IA de m\u00e1s de 30.000 consultores de datos e IA en todo el mundo, se erige como socio estrat\u00e9gico para los gobiernos impulsados por los datos. Ayudamos a las organizaciones del sector p\u00fablico a liberar el potencial de la IA generativa al tiempo que garantizamos la \u00e9tica, la privacidad, la seguridad y la transparencia.<\/p>\n\n\n\n<p>La IA generativa permite a los organismos del sector p\u00fablico salvar la brecha de la innovaci\u00f3n y reimaginar la prestaci\u00f3n de servicios en beneficio de los ciudadanos.<\/p>\n<\/div><\/div><\/div><\/div><\/div><\/section>\n\n\n\n<section class=\"wp-block-cg-blocks-wrapper-partners undefined section section--partners-small\"><div class=\"container\"><div class=\"content-title\"><h3>Partners<\/h3><\/div><div class=\"row\">\n\n<div class=\"col-6 col-md-4 \">\n            <a href=\"https:\/\/www.capgemini.com\/es-es\/sobre-nosotros\/alianzas\/microsoft\/\" class=\"partner-box-title\" aria-label=\"Trabajamos para que nuestros clientes puedan llegar m\u00e1s lejos y m\u00e1s r\u00e1pido.\">\n        <div class=\"partner-box\">\n                                                                     <\/div>\n            <\/a>\n    <\/div>\n\n\n\n<div class=\"col-6 col-md-4 \">\n            <a href=\"https:\/\/www.capgemini.com\/es-es\/sobre-nosotros\/alianzas\/amazon-web-services\/\" class=\"partner-box-title\" aria-label=\"Desbloquea el crecimiento sostenible a trav\u00e9s de la innovaci\u00f3n escalable impulsada por la nube.\">\n        <div class=\"partner-box\">\n                                                                     <\/div>\n            <\/a>\n    <\/div>\n\n\n<\/div><\/div><\/section>\n","protected":false},"excerpt":{"rendered":"","protected":false},"author":440,"featured_media":554599,"parent":537594,"menu_order":0,"comment_status":"closed","ping_status":"closed","template":"","meta":{"cg_dt_proposed_to":[],"cg_seo_hreflang_relations":"[]","cg_seo_canonical_relation":"","cg_seo_hreflang_x_default_relation":"{\"uuid\":\"11405680-286c-4735-ae23-3fe616fb6ad0\",\"blogId\":\"\",\"domain\":\"\",\"sitePath\":\"\",\"postLink\":\"\",\"postId\":null,\"isSaved\":true,\"isCrossLink\":false,\"hasCrossLink\":false}","cg_dt_approved_content":true,"cg_dt_mandatory_content":false,"cg_dt_notes":"","cg_dg_source_changed":true,"cg_dt_link_disabled":false,"_yoast_wpseo_primary_brand":"","footnotes":"","featured_focal_points":"","partner_card_description":"","gsap_animation":0},"brand":[],"partner_type":[],"service":[],"industry":[],"partners":[],"page-type":[339],"content-group":[],"class_list":["post-554598","page","type-page","status-publish","has-post-thumbnail","hentry","page-type-solutions"],"yoast_head":"<!-- This site is optimized with the Yoast SEO Premium plugin v22.8 (Yoast SEO v22.8) - https:\/\/yoast.com\/wordpress\/plugins\/seo\/ -->\n<title>IA Generativa para el sector p\u00fablico - Capgemini Spain<\/title>\n<meta name=\"description\" content=\"Una tecnolog\u00eda transformadora para la administraci\u00f3n p\u00fablica\" \/>\n<meta name=\"robots\" content=\"index, follow, max-snippet:-1, max-image-preview:large, max-video-preview:-1\" \/>\n<link rel=\"canonical\" href=\"https:\/\/www.capgemini.com\/es-es\/soluciones\/ia-generativa-sector-publico\/\" \/>\n<meta property=\"og:locale\" content=\"es_ES\" \/>\n<meta property=\"og:type\" content=\"article\" \/>\n<meta property=\"og:title\" content=\"IA Generativa para el sector p\u00fablico\" \/>\n<meta property=\"og:description\" content=\"Una tecnolog\u00eda transformadora para la administraci\u00f3n p\u00fablica\" \/>\n<meta property=\"og:url\" content=\"https:\/\/www.capgemini.com\/es-es\/soluciones\/ia-generativa-sector-publico\/\" \/>\n<meta property=\"og:site_name\" content=\"Capgemini Spain\" \/>\n<meta property=\"article:modified_time\" content=\"2026-01-06T06:57:45+00:00\" \/>\n<meta property=\"og:image\" content=\"https:\/\/www.capgemini.com\/es-es\/wp-content\/uploads\/sites\/16\/2025\/10\/New-Web-preview-global.jpg\" \/>\n\t<meta property=\"og:image:width\" content=\"1200\" \/>\n\t<meta property=\"og:image:height\" content=\"627\" \/>\n\t<meta property=\"og:image:type\" content=\"image\/jpeg\" \/>\n<meta name=\"twitter:card\" content=\"summary_large_image\" \/>\n<meta name=\"twitter:label1\" content=\"Est. reading time\" \/>\n\t<meta name=\"twitter:data1\" content=\"3 minutes\" \/>\n<script type=\"application\/ld+json\" class=\"yoast-schema-graph\">{\"@context\":\"https:\/\/schema.org\",\"@graph\":[{\"@type\":\"WebPage\",\"@id\":\"https:\/\/www.capgemini.com\/es-es\/soluciones\/ia-generativa-sector-publico\/\",\"url\":\"https:\/\/www.capgemini.com\/es-es\/soluciones\/ia-generativa-sector-publico\/\",\"name\":\"IA Generativa para el sector p\u00fablico - Capgemini Spain\",\"isPartOf\":{\"@id\":\"https:\/\/www.capgemini.com\/es-es\/#website\"},\"primaryImageOfPage\":{\"@id\":\"https:\/\/www.capgemini.com\/es-es\/soluciones\/ia-generativa-sector-publico\/#primaryimage\"},\"image\":{\"@id\":\"https:\/\/www.capgemini.com\/es-es\/soluciones\/ia-generativa-sector-publico\/#primaryimage\"},\"thumbnailUrl\":\"https:\/\/www.capgemini.com\/es-es\/wp-content\/uploads\/sites\/16\/2024\/02\/Gen-AI-PS_Web-Banner.jpg\",\"datePublished\":\"2024-02-19T12:25:27+00:00\",\"dateModified\":\"2026-01-06T06:57:45+00:00\",\"description\":\"Una tecnolog\u00eda transformadora para la administraci\u00f3n p\u00fablica\",\"breadcrumb\":{\"@id\":\"https:\/\/www.capgemini.com\/es-es\/soluciones\/ia-generativa-sector-publico\/#breadcrumb\"},\"inLanguage\":\"es-ES\",\"potentialAction\":[{\"@type\":\"ReadAction\",\"target\":[\"https:\/\/www.capgemini.com\/es-es\/soluciones\/ia-generativa-sector-publico\/\"]}]},{\"@type\":\"ImageObject\",\"inLanguage\":\"es-ES\",\"@id\":\"https:\/\/www.capgemini.com\/es-es\/soluciones\/ia-generativa-sector-publico\/#primaryimage\",\"url\":\"https:\/\/www.capgemini.com\/es-es\/wp-content\/uploads\/sites\/16\/2024\/02\/Gen-AI-PS_Web-Banner.jpg\",\"contentUrl\":\"https:\/\/www.capgemini.com\/es-es\/wp-content\/uploads\/sites\/16\/2024\/02\/Gen-AI-PS_Web-Banner.jpg\",\"width\":2880,\"height\":1800},{\"@type\":\"BreadcrumbList\",\"@id\":\"https:\/\/www.capgemini.com\/es-es\/soluciones\/ia-generativa-sector-publico\/#breadcrumb\",\"itemListElement\":[{\"@type\":\"ListItem\",\"position\":1,\"name\":\"Home\",\"item\":\"https:\/\/www.capgemini.com\/es-es\/\"},{\"@type\":\"ListItem\",\"position\":2,\"name\":\"Soluciones\",\"item\":\"https:\/\/www.capgemini.com\/es-es\/soluciones\/\"},{\"@type\":\"ListItem\",\"position\":3,\"name\":\"IA Generativa para el sector p\u00fablico\"}]},{\"@type\":\"WebSite\",\"@id\":\"https:\/\/www.capgemini.com\/es-es\/#website\",\"url\":\"https:\/\/www.capgemini.com\/es-es\/\",\"name\":\"Capgemini Espa\u00f1a\",\"description\":\"Capgemini\",\"potentialAction\":[{\"@type\":\"SearchAction\",\"target\":{\"@type\":\"EntryPoint\",\"urlTemplate\":\"https:\/\/www.capgemini.com\/es-es\/?s={search_term_string}\"},\"query-input\":\"required name=search_term_string\"}],\"inLanguage\":\"es-ES\"}]}<\/script>\n<!-- \/ Yoast SEO Premium plugin. -->","yoast_head_json":{"title":"IA Generativa para el sector p\u00fablico - Capgemini Spain","description":"Una tecnolog\u00eda transformadora para la administraci\u00f3n p\u00fablica","robots":{"index":"index","follow":"follow","max-snippet":"max-snippet:-1","max-image-preview":"max-image-preview:large","max-video-preview":"max-video-preview:-1"},"canonical":"https:\/\/www.capgemini.com\/es-es\/soluciones\/ia-generativa-sector-publico\/","og_locale":"es_ES","og_type":"article","og_title":"IA Generativa para el sector p\u00fablico","og_description":"Una tecnolog\u00eda transformadora para la administraci\u00f3n p\u00fablica","og_url":"https:\/\/www.capgemini.com\/es-es\/soluciones\/ia-generativa-sector-publico\/","og_site_name":"Capgemini Spain","article_modified_time":"2026-01-06T06:57:45+00:00","og_image":[{"width":1200,"height":627,"url":"https:\/\/www.capgemini.com\/es-es\/wp-content\/uploads\/sites\/16\/2025\/10\/New-Web-preview-global.jpg","type":"image\/jpeg"}],"twitter_card":"summary_large_image","twitter_misc":{"Est. reading time":"3 minutes"},"schema":{"@context":"https:\/\/schema.org","@graph":[{"@type":"WebPage","@id":"https:\/\/www.capgemini.com\/es-es\/soluciones\/ia-generativa-sector-publico\/","url":"https:\/\/www.capgemini.com\/es-es\/soluciones\/ia-generativa-sector-publico\/","name":"IA Generativa para el sector p\u00fablico - Capgemini Spain","isPartOf":{"@id":"https:\/\/www.capgemini.com\/es-es\/#website"},"primaryImageOfPage":{"@id":"https:\/\/www.capgemini.com\/es-es\/soluciones\/ia-generativa-sector-publico\/#primaryimage"},"image":{"@id":"https:\/\/www.capgemini.com\/es-es\/soluciones\/ia-generativa-sector-publico\/#primaryimage"},"thumbnailUrl":"https:\/\/www.capgemini.com\/es-es\/wp-content\/uploads\/sites\/16\/2024\/02\/Gen-AI-PS_Web-Banner.jpg","datePublished":"2024-02-19T12:25:27+00:00","dateModified":"2026-01-06T06:57:45+00:00","description":"Una tecnolog\u00eda transformadora para la administraci\u00f3n p\u00fablica","breadcrumb":{"@id":"https:\/\/www.capgemini.com\/es-es\/soluciones\/ia-generativa-sector-publico\/#breadcrumb"},"inLanguage":"es-ES","potentialAction":[{"@type":"ReadAction","target":["https:\/\/www.capgemini.com\/es-es\/soluciones\/ia-generativa-sector-publico\/"]}]},{"@type":"ImageObject","inLanguage":"es-ES","@id":"https:\/\/www.capgemini.com\/es-es\/soluciones\/ia-generativa-sector-publico\/#primaryimage","url":"https:\/\/www.capgemini.com\/es-es\/wp-content\/uploads\/sites\/16\/2024\/02\/Gen-AI-PS_Web-Banner.jpg","contentUrl":"https:\/\/www.capgemini.com\/es-es\/wp-content\/uploads\/sites\/16\/2024\/02\/Gen-AI-PS_Web-Banner.jpg","width":2880,"height":1800},{"@type":"BreadcrumbList","@id":"https:\/\/www.capgemini.com\/es-es\/soluciones\/ia-generativa-sector-publico\/#breadcrumb","itemListElement":[{"@type":"ListItem","position":1,"name":"Home","item":"https:\/\/www.capgemini.com\/es-es\/"},{"@type":"ListItem","position":2,"name":"Soluciones","item":"https:\/\/www.capgemini.com\/es-es\/soluciones\/"},{"@type":"ListItem","position":3,"name":"IA Generativa para el sector p\u00fablico"}]},{"@type":"WebSite","@id":"https:\/\/www.capgemini.com\/es-es\/#website","url":"https:\/\/www.capgemini.com\/es-es\/","name":"Capgemini Espa\u00f1a","description":"Capgemini","potentialAction":[{"@type":"SearchAction","target":{"@type":"EntryPoint","urlTemplate":"https:\/\/www.capgemini.com\/es-es\/?s={search_term_string}"},"query-input":"required name=search_term_string"}],"inLanguage":"es-ES"}]}},"brand_term":[],"parsely":{"version":"1.1.0","canonical_url":"https:\/\/capgemini.com\/es-es\/soluciones\/ia-generativa-sector-publico\/","smart_links":{"inbound":0,"outbound":0},"traffic_boost_suggestions_count":0,"meta":{"@context":"https:\/\/schema.org","@type":"WebPage","headline":"IA Generativa para el sector p\u00fablico","url":"https:\/\/www.capgemini.com\/es-es\/soluciones\/ia-generativa-sector-publico\/","mainEntityOfPage":{"@type":"WebPage","@id":"https:\/\/www.capgemini.com\/es-es\/soluciones\/ia-generativa-sector-publico\/"},"thumbnailUrl":"https:\/\/www.capgemini.com\/es-es\/wp-content\/uploads\/sites\/16\/2024\/02\/Gen-AI-PS_Web-Banner.jpg?w=150&h=150&crop=1","image":{"@type":"ImageObject","url":"https:\/\/www.capgemini.com\/es-es\/wp-content\/uploads\/sites\/16\/2024\/02\/Gen-AI-PS_Web-Banner.jpg"},"articleSection":"Uncategorized","author":[],"creator":[],"publisher":{"@type":"Organization","name":"Capgemini Spain","logo":""},"keywords":[],"dateCreated":"2024-02-19T12:25:27Z","datePublished":"2024-02-19T12:25:27Z","dateModified":"2026-01-06T06:57:45Z"},"rendered":"<meta name=\"parsely-title\" content=\"IA Generativa para el sector p\u00fablico\" \/>\n<meta name=\"parsely-link\" content=\"https:\/\/www.capgemini.com\/es-es\/soluciones\/ia-generativa-sector-publico\/\" \/>\n<meta name=\"parsely-type\" content=\"index\" \/>\n<meta name=\"parsely-image-url\" content=\"https:\/\/www.capgemini.com\/es-es\/wp-content\/uploads\/sites\/16\/2024\/02\/Gen-AI-PS_Web-Banner.jpg?w=150&amp;h=150&amp;crop=1\" \/>\n<meta name=\"parsely-pub-date\" content=\"2024-02-19T12:25:27Z\" \/>\n<meta name=\"parsely-section\" content=\"Uncategorized\" \/>","tracker_url":"https:\/\/cdn.parsely.com\/keys\/capgemini.com\/p.js"},"archive_status":false,"featured_image_src":"https:\/\/www.capgemini.com\/es-es\/wp-content\/uploads\/sites\/16\/2024\/02\/Gen-AI-PS_Web-Banner.jpg","featured_image_alt":"","jetpack_sharing_enabled":true,"distributor_meta":false,"distributor_terms":false,"distributor_media":false,"distributor_original_site_name":"Capgemini Spain","distributor_original_site_url":"https:\/\/www.capgemini.com\/es-es","push-errors":false,"_links":{"self":[{"href":"https:\/\/www.capgemini.com\/es-es\/wp-json\/wp\/v2\/pages\/554598","targetHints":{"allow":["GET"]}}],"collection":[{"href":"https:\/\/www.capgemini.com\/es-es\/wp-json\/wp\/v2\/pages"}],"about":[{"href":"https:\/\/www.capgemini.com\/es-es\/wp-json\/wp\/v2\/types\/page"}],"author":[{"embeddable":true,"href":"https:\/\/www.capgemini.com\/es-es\/wp-json\/wp\/v2\/users\/440"}],"replies":[{"embeddable":true,"href":"https:\/\/www.capgemini.com\/es-es\/wp-json\/wp\/v2\/comments?post=554598"}],"version-history":[{"count":7,"href":"https:\/\/www.capgemini.com\/es-es\/wp-json\/wp\/v2\/pages\/554598\/revisions"}],"predecessor-version":[{"id":577892,"href":"https:\/\/www.capgemini.com\/es-es\/wp-json\/wp\/v2\/pages\/554598\/revisions\/577892"}],"up":[{"embeddable":true,"href":"https:\/\/www.capgemini.com\/es-es\/wp-json\/wp\/v2\/pages\/537594"}],"wp:featuredmedia":[{"embeddable":true,"href":"https:\/\/www.capgemini.com\/es-es\/wp-json\/wp\/v2\/media\/554599"}],"wp:attachment":[{"href":"https:\/\/www.capgemini.com\/es-es\/wp-json\/wp\/v2\/media?parent=554598"}],"wp:term":[{"taxonomy":"brand","embeddable":true,"href":"https:\/\/www.capgemini.com\/es-es\/wp-json\/wp\/v2\/brand?post=554598"},{"taxonomy":"partner_type","embeddable":true,"href":"https:\/\/www.capgemini.com\/es-es\/wp-json\/wp\/v2\/partner_type?post=554598"},{"taxonomy":"service","embeddable":true,"href":"https:\/\/www.capgemini.com\/es-es\/wp-json\/wp\/v2\/service?post=554598"},{"taxonomy":"industry","embeddable":true,"href":"https:\/\/www.capgemini.com\/es-es\/wp-json\/wp\/v2\/industry?post=554598"},{"taxonomy":"partners","embeddable":true,"href":"https:\/\/www.capgemini.com\/es-es\/wp-json\/wp\/v2\/partners?post=554598"},{"taxonomy":"page-type","embeddable":true,"href":"https:\/\/www.capgemini.com\/es-es\/wp-json\/wp\/v2\/page-type?post=554598"},{"taxonomy":"content-group","embeddable":true,"href":"https:\/\/www.capgemini.com\/es-es\/wp-json\/wp\/v2\/content-group?post=554598"}],"curies":[{"name":"wp","href":"https:\/\/api.w.org\/{rel}","templated":true}]}}