{"id":5529,"date":"2022-01-27T09:59:06","date_gmt":"2022-01-27T09:59:06","guid":{"rendered":"https:\/\/www.capgemini.com\/?page_id=646476"},"modified":"2025-03-12T07:26:54","modified_gmt":"2025-03-12T06:26:54","slug":"ensayos-clinicos-descentralizados","status":"publish","type":"page","link":"https:\/\/www.capgemini.com\/es-es\/soluciones\/ensayos-clinicos-descentralizados\/","title":{"rendered":"Ensayos cl\u00ednicos descentralizados"},"content":{"rendered":"\n<header class=\"wp-block-cg-blocks-hero-reusable header heroReusable  \"><div class=\"header-bgs\"><picture><source srcset=\"https:\/\/www.capgemini.com\/wp-content\/uploads\/2022\/04\/Capgemini_Solution_Decentralized-clinical-trials.jpg?w=2880&amp;quality=70 1x, https:\/\/www.capgemini.com\/wp-content\/uploads\/2022\/04\/Capgemini_Solution_Decentralized-clinical-trials.jpg?w=2880&amp;quality=70 2x\" media=\"(min-width: 1500px)\"\/><source srcset=\"https:\/\/www.capgemini.com\/wp-content\/uploads\/2022\/04\/Capgemini_Solution_Decentralized-clinical-trials.jpg?w=1440&amp;quality=70 1x, https:\/\/www.capgemini.com\/wp-content\/uploads\/2022\/04\/Capgemini_Solution_Decentralized-clinical-trials.jpg?w=2880&amp;quality=70 2x\" media=\"(min-width: 992px)\"\/><source srcset=\"https:\/\/www.capgemini.com\/wp-content\/uploads\/2022\/04\/Capgemini_Solution_Decentralized-clinical-trials.jpg?w=1024&amp;quality=70 1x, https:\/\/www.capgemini.com\/wp-content\/uploads\/2022\/04\/Capgemini_Solution_Decentralized-clinical-trials.jpg?w=1024&amp;quality=70 2x\" media=\"(min-width: 768px)\"\/><source srcset=\"https:\/\/www.capgemini.com\/wp-content\/uploads\/2022\/04\/Capgemini_Solution_Decentralized-clinical-trials.jpg?w=768&amp;quality=70 1x, https:\/\/www.capgemini.com\/wp-content\/uploads\/2022\/04\/Capgemini_Solution_Decentralized-clinical-trials.jpg?w=768&amp;quality=70 2x\" media=\"(min-width: 0)\"\/><img decoding=\"async\" src=\"https:\/\/www.capgemini.com\/wp-content\/uploads\/2022\/04\/Capgemini_Solution_Decentralized-clinical-trials.jpg\" class=\"header-img header-img-d\" alt=\"Capgemini_Solution_Decentralized-clinical-trials\" style=\"object-fit:cover;object-position:47% 66%\" loading=\"eager\"\/><\/picture><\/div><div class=\"heroPictureCardHeaderShape\"><\/div><div class=\"container\"><div class=\"row\"><div class=\"col-md-12\"><div class=\"box\"><div class=\"boxTagWrapper\"><div class=\"tagInfo\"><div><span class=\"box-tag\">Soluci\u00f3n<\/span><\/div><\/div><\/div><div class=\"box-title\"><h1 data-maxlength=\"34\">Ensayos cl\u00ednicos inteligentes y descentralizados<\/h1><\/div><div class=\"inner-row-insight download-btn\"><div class=\"col-md-4 downloadFiles \"><a class=\"button-download--small\" type=\"download\" href=\"https:\/\/www.capgemini.com\/wp-content\/uploads\/2022\/01\/The-Clinical-Trial-of-the-Future-2021.pdf\" target=\"_blank\" rel=\"noopener noreferrer\" title=\"abrir en una nueva ventana\"><span>The Clinical Trial of the Future &#8211; report<\/span><span class=\"type\">3 MB  pdf<\/span><\/a><\/div><div class=\"col-md-4 downloadFiles \"><a class=\"button-download--small\" type=\"download\" href=\"https:\/\/www.capgemini.com\/wp-content\/uploads\/2022\/01\/Capgemini-DCT-Onepager-2021.pdf\" target=\"_blank\" rel=\"noopener noreferrer\" title=\"abrir en una nueva ventana\"><span>Download infographic<\/span><span class=\"type\">824 KB  pdf<\/span><\/a><\/div><\/div><\/div><\/div><\/div><\/div><\/header>\n\n\n\n<section class=\"wp-block-cg-blocks-intro-para undefined section section--intro\"><div class=\"intro-para\"><div class=\"container\"><div class=\"row\"><div class=\"col-12 col-md-1\"><nav class=\"article-social\"><ul class=\"social-nav\"><li class=\"ip-order-fb\"><a href=\"https:\/\/www.facebook.com\/sharer\/sharer.php?u=https:\/\/www.capgemini.com\/es-es\/soluciones\/ensayos-clinicos-descentralizados\/\" target=\"_blank\" rel=\"noopener noreferrer\" title=\"abrir en una nueva ventana\"><i aria-hidden=\"true\" class=\"icon-fb\"><\/i><span class=\"sr-only\">Facebook<\/span><\/a><\/li><li class=\"ip-order-tw\"><a href=\"https:\/\/twitter.com\/intent\/tweet?url=https:\/\/www.capgemini.com\/es-es\/soluciones\/ensayos-clinicos-descentralizados\/&amp;text=Ensayos cl\u00ednicos descentralizados\" target=\"_blank\" rel=\"noopener noreferrer\" title=\"abrir en una nueva ventana\"><i aria-hidden=\"true\" class=\"icon-tw\"><\/i><span class=\"sr-only\">Twitter<\/span><\/a><\/li><li class=\"ip-order-li\"><a href=\"https:\/\/www.linkedin.com\/sharing\/share-offsite\/?url=https:\/\/www.capgemini.com\/es-es\/soluciones\/ensayos-clinicos-descentralizados\/&amp;text=Ensayos cl\u00ednicos descentralizados\" target=\"_blank\" rel=\"noopener noreferrer\" title=\"abrir en una nueva ventana\"><i aria-hidden=\"true\" class=\"icon-li\"><\/i><span class=\"sr-only\">Linkedin<\/span><\/a><\/li><\/ul><\/nav><\/div><div class=\"col-12 col-md-11 col-lg-10\"><h2 class=\"intro-para-title\">Los ensayos cl\u00ednicos descentralizados ya est\u00e1n aqu\u00ed, y sus potencialidades, en todas partes. La posibilidad de monitorizar a los participantes de los ensayos cl\u00ednicos en casa en tiempo real est\u00e1 abriendo un mundo de potenciales beneficios.<\/h2><p class=\"intro-para-content\">Los ensayos totalmente remotos o h\u00edbridos son posibles gracias a una combinaci\u00f3n de tecnolog\u00edas digitales y servicios a domicilio que abren la puerta a un nuevo cap\u00edtulo en los ensayos cl\u00ednicos.<\/p><\/div><\/div><\/div><\/div><\/section>\n\n\n\n<section class=\"wp-block-cg-blocks-group undefined section section--article-content\"><div class=\"article-main-content\"><div class=\"container\"><div class=\"row\"><div class=\"col-12 col-md-11 col-lg-10 offset-md-1 offset-lg-1\"><div class=\"article-text article-quote-text\">\n<h2 class=\"wp-block-heading\" id=\"h-como-te-podemos-ayudar\"><strong>C\u00f3mo te podemos ayudar<\/strong><\/h2>\n\n\n\n<h4 class=\"wp-block-heading\" id=\"h-capgemini-se-encuentra-en-una-posicion-unica-para-apoyar-su-adopcion-de-dct-decentralized-clinical-trials-proporcionando-oportunidades-a-traves-de-cinco-dimensiones\">Capgemini se encuentra en una posici\u00f3n \u00fanica para apoyar su adopci\u00f3n de DCT (Decentralized Clinical Trials), proporcionando oportunidades a trav\u00e9s de cinco dimensiones:<\/h4>\n\n\n\n<p><strong>Dominio de la salud conectada<\/strong>: experiencia integral en el dise\u00f1o y desarrollo de servicios y productos digitales para el seguimiento de los ensayos<\/p>\n\n\n\n<p><strong>Dise\u00f1o centrado en el ser humano<\/strong>: inspirado en la experiencia de los pacientes y del personal sanitario, y en nuestros conocimientos de etnograf\u00eda, datos aplicados y ciencias del comportamiento<\/p>\n\n\n\n<p><strong>Experiencias Plug-and-Play de la plataforma<\/strong>: experiencia en el dise\u00f1o, la construcci\u00f3n y el funcionamiento de su plataforma de DCT.<\/p>\n\n\n\n<p><strong>Gesti\u00f3n del cambio:<\/strong> apoya la transformaci\u00f3n de las operaciones cl\u00ednicas para alinear a las partes interesadas en los cambios que introduce el DCT.<\/p>\n\n\n\n<p><strong>Experiencia en ingenier\u00eda y ciencia de datos<\/strong>: experiencia demostrada en la creaci\u00f3n de modelos de datos sanitarios, ingenier\u00eda de datos y ciencia de datos para plataformas de ensayos cl\u00ednicos.<\/p>\n\n\n\n<h2 class=\"wp-block-heading\" id=\"h-\"><\/h2>\n\n\n\n<h2 class=\"wp-block-heading\" id=\"h-acelerar-el-tiempo-de-atencion-mejorar-la-calidad-de-los-datos-y-reducir-los-costes\"><strong>Acelerar el tiempo de atenci\u00f3n, mejorar la calidad de los datos y reducir los costes<\/strong><\/h2>\n\n\n\n<h4 class=\"wp-block-heading\" id=\"h-los-ensayos-clinicos-descentralizados-dcts-pueden-ayudarte-de-la-siguiente-manera\"><strong>Los ensayos cl\u00ednicos descentralizados (DCTs) pueden ayudarte de la siguiente manera:<\/strong><\/h4>\n\n\n\n<p><strong>Acelerar el tiempo de atenci\u00f3n<\/strong>, ya que el enfoque centrado en el paciente maximiza la participaci\u00f3n y la retenci\u00f3n.<\/p>\n\n\n\n<p><strong>Mejorar la calidad de los datos<\/strong>, ya que la recopilaci\u00f3n automatizada de datos reduce el riesgo de error. <\/p>\n\n\n\n<p><strong>Reducir los costes totales del ensayo<\/strong>, ya que el framework eficiente agiliza la inscripci\u00f3n, la participaci\u00f3n y la gesti\u00f3n del ensayo.<\/p>\n\n\n\n<h2 class=\"wp-block-heading\" id=\"h-\"><\/h2>\n\n\n\n<h2 class=\"wp-block-heading\" id=\"h-trabaja-con-nosotros\"><strong>Trabaja con nosotros<\/strong><\/h2>\n\n\n\n<h4 class=\"wp-block-heading\" id=\"h-las-empresas-de-ciencias-de-la-vida-estan-empezando-a-explorar-esta-nueva-etapa-de-los-ensayos-clinicos\"><strong>Las empresas de ciencias de la vida est\u00e1n empezando a explorar esta nueva etapa de los ensayos cl\u00ednicos. <\/strong><\/h4>\n\n\n\n<p><strong>\u00danete a un socio con experiencia y toma la delantera en los DCT.<\/strong><\/p>\n<\/div><\/div><\/div><\/div><\/div><\/section>\n","protected":false},"excerpt":{"rendered":"<p>Decentralized clinical trials are here, the possibilities are everywhere<\/p>\n","protected":false},"author":35,"featured_media":5530,"parent":537594,"menu_order":0,"comment_status":"closed","ping_status":"closed","template":"","meta":{"cg_dt_proposed_to":[0],"cg_seo_hreflang_relations":"[]","cg_seo_canonical_relation":"","cg_seo_hreflang_x_default_relation":"","cg_dt_approved_content":false,"cg_dt_mandatory_content":false,"cg_dt_notes":"","cg_dg_source_changed":false,"cg_dt_link_disabled":false,"_yoast_wpseo_primary_brand":"","footnotes":"","featured_focal_points":"","partner_card_description":"","gsap_animation":0},"brand":[],"partner_type":[],"service":[],"industry":[73],"partners":[],"page-type":[339],"content-group":[],"class_list":["post-5529","page","type-page","status-publish","has-post-thumbnail","hentry","industry-life-sciences","page-type-solutions"],"yoast_head":"<!-- This site is optimized with the Yoast SEO Premium plugin v22.8 (Yoast SEO v22.8) - https:\/\/yoast.com\/wordpress\/plugins\/seo\/ -->\n<title>Ensayos cl\u00ednicos descentralizados | Capgemini<\/title>\n<meta name=\"description\" content=\"La posibilidad de monitorizar a los participantes de los ensayos cl\u00ednicos en casa en tiempo real est\u00e1 abriendo un mundo de potenciales beneficios.\" \/>\n<meta name=\"robots\" content=\"index, follow, max-snippet:-1, max-image-preview:large, max-video-preview:-1\" \/>\n<link rel=\"canonical\" href=\"https:\/\/www.capgemini.com\/es-es\/soluciones\/ensayos-clinicos-descentralizados\/\" \/>\n<meta property=\"og:locale\" content=\"es_ES\" \/>\n<meta property=\"og:type\" content=\"article\" \/>\n<meta property=\"og:title\" content=\"Ensayos cl\u00ednicos descentralizados\" \/>\n<meta property=\"og:description\" content=\"La posibilidad de monitorizar a los participantes de los ensayos cl\u00ednicos en casa en tiempo real est\u00e1 abriendo un mundo de potenciales beneficios.\" \/>\n<meta property=\"og:url\" content=\"https:\/\/www.capgemini.com\/es-es\/soluciones\/ensayos-clinicos-descentralizados\/\" \/>\n<meta property=\"og:site_name\" content=\"Capgemini Spain\" \/>\n<meta property=\"article:modified_time\" content=\"2025-03-12T06:26:54+00:00\" \/>\n<meta property=\"og:image\" content=\"https:\/\/www.capgemini.com\/es-es\/wp-content\/uploads\/sites\/16\/2025\/10\/New-Web-preview-global.jpg\" \/>\n\t<meta property=\"og:image:width\" content=\"1200\" \/>\n\t<meta property=\"og:image:height\" content=\"627\" \/>\n\t<meta property=\"og:image:type\" content=\"image\/jpeg\" \/>\n<meta name=\"twitter:card\" content=\"summary_large_image\" \/>\n<meta name=\"twitter:label1\" content=\"Est. reading time\" \/>\n\t<meta name=\"twitter:data1\" content=\"2 minutes\" \/>\n<script type=\"application\/ld+json\" class=\"yoast-schema-graph\">{\"@context\":\"https:\/\/schema.org\",\"@graph\":[{\"@type\":\"WebPage\",\"@id\":\"https:\/\/www.capgemini.com\/es-es\/soluciones\/ensayos-clinicos-descentralizados\/\",\"url\":\"https:\/\/www.capgemini.com\/es-es\/soluciones\/ensayos-clinicos-descentralizados\/\",\"name\":\"Ensayos cl\u00ednicos descentralizados | Capgemini\",\"isPartOf\":{\"@id\":\"https:\/\/www.capgemini.com\/es-es\/#website\"},\"primaryImageOfPage\":{\"@id\":\"https:\/\/www.capgemini.com\/es-es\/soluciones\/ensayos-clinicos-descentralizados\/#primaryimage\"},\"image\":{\"@id\":\"https:\/\/www.capgemini.com\/es-es\/soluciones\/ensayos-clinicos-descentralizados\/#primaryimage\"},\"thumbnailUrl\":\"\",\"datePublished\":\"2022-01-27T09:59:06+00:00\",\"dateModified\":\"2025-03-12T06:26:54+00:00\",\"description\":\"La posibilidad de monitorizar a los participantes de los ensayos cl\u00ednicos en casa en tiempo real est\u00e1 abriendo un mundo de potenciales beneficios.\",\"breadcrumb\":{\"@id\":\"https:\/\/www.capgemini.com\/es-es\/soluciones\/ensayos-clinicos-descentralizados\/#breadcrumb\"},\"inLanguage\":\"es-ES\",\"potentialAction\":[{\"@type\":\"ReadAction\",\"target\":[\"https:\/\/www.capgemini.com\/es-es\/soluciones\/ensayos-clinicos-descentralizados\/\"]}]},{\"@type\":\"ImageObject\",\"inLanguage\":\"es-ES\",\"@id\":\"https:\/\/www.capgemini.com\/es-es\/soluciones\/ensayos-clinicos-descentralizados\/#primaryimage\",\"url\":\"\",\"contentUrl\":\"\"},{\"@type\":\"BreadcrumbList\",\"@id\":\"https:\/\/www.capgemini.com\/es-es\/soluciones\/ensayos-clinicos-descentralizados\/#breadcrumb\",\"itemListElement\":[{\"@type\":\"ListItem\",\"position\":1,\"name\":\"Home\",\"item\":\"https:\/\/www.capgemini.com\/es-es\/\"},{\"@type\":\"ListItem\",\"position\":2,\"name\":\"Soluciones\",\"item\":\"https:\/\/www.capgemini.com\/es-es\/soluciones\/\"},{\"@type\":\"ListItem\",\"position\":3,\"name\":\"Ensayos cl\u00ednicos descentralizados\"}]},{\"@type\":\"WebSite\",\"@id\":\"https:\/\/www.capgemini.com\/es-es\/#website\",\"url\":\"https:\/\/www.capgemini.com\/es-es\/\",\"name\":\"Capgemini Espa\u00f1a\",\"description\":\"Capgemini\",\"potentialAction\":[{\"@type\":\"SearchAction\",\"target\":{\"@type\":\"EntryPoint\",\"urlTemplate\":\"https:\/\/www.capgemini.com\/es-es\/?s={search_term_string}\"},\"query-input\":\"required name=search_term_string\"}],\"inLanguage\":\"es-ES\"}]}<\/script>\n<!-- \/ Yoast SEO Premium plugin. -->","yoast_head_json":{"title":"Ensayos cl\u00ednicos descentralizados | Capgemini","description":"La posibilidad de monitorizar a los participantes de los ensayos cl\u00ednicos en casa en tiempo real est\u00e1 abriendo un mundo de potenciales beneficios.","robots":{"index":"index","follow":"follow","max-snippet":"max-snippet:-1","max-image-preview":"max-image-preview:large","max-video-preview":"max-video-preview:-1"},"canonical":"https:\/\/www.capgemini.com\/es-es\/soluciones\/ensayos-clinicos-descentralizados\/","og_locale":"es_ES","og_type":"article","og_title":"Ensayos cl\u00ednicos descentralizados","og_description":"La posibilidad de monitorizar a los participantes de los ensayos cl\u00ednicos en casa en tiempo real est\u00e1 abriendo un mundo de potenciales beneficios.","og_url":"https:\/\/www.capgemini.com\/es-es\/soluciones\/ensayos-clinicos-descentralizados\/","og_site_name":"Capgemini Spain","article_modified_time":"2025-03-12T06:26:54+00:00","og_image":[{"width":1200,"height":627,"url":"https:\/\/www.capgemini.com\/es-es\/wp-content\/uploads\/sites\/16\/2025\/10\/New-Web-preview-global.jpg","type":"image\/jpeg"}],"twitter_card":"summary_large_image","twitter_misc":{"Est. reading time":"2 minutes"},"schema":{"@context":"https:\/\/schema.org","@graph":[{"@type":"WebPage","@id":"https:\/\/www.capgemini.com\/es-es\/soluciones\/ensayos-clinicos-descentralizados\/","url":"https:\/\/www.capgemini.com\/es-es\/soluciones\/ensayos-clinicos-descentralizados\/","name":"Ensayos cl\u00ednicos descentralizados | Capgemini","isPartOf":{"@id":"https:\/\/www.capgemini.com\/es-es\/#website"},"primaryImageOfPage":{"@id":"https:\/\/www.capgemini.com\/es-es\/soluciones\/ensayos-clinicos-descentralizados\/#primaryimage"},"image":{"@id":"https:\/\/www.capgemini.com\/es-es\/soluciones\/ensayos-clinicos-descentralizados\/#primaryimage"},"thumbnailUrl":"","datePublished":"2022-01-27T09:59:06+00:00","dateModified":"2025-03-12T06:26:54+00:00","description":"La posibilidad de monitorizar a los participantes de los ensayos cl\u00ednicos en casa en tiempo real est\u00e1 abriendo un mundo de potenciales beneficios.","breadcrumb":{"@id":"https:\/\/www.capgemini.com\/es-es\/soluciones\/ensayos-clinicos-descentralizados\/#breadcrumb"},"inLanguage":"es-ES","potentialAction":[{"@type":"ReadAction","target":["https:\/\/www.capgemini.com\/es-es\/soluciones\/ensayos-clinicos-descentralizados\/"]}]},{"@type":"ImageObject","inLanguage":"es-ES","@id":"https:\/\/www.capgemini.com\/es-es\/soluciones\/ensayos-clinicos-descentralizados\/#primaryimage","url":"","contentUrl":""},{"@type":"BreadcrumbList","@id":"https:\/\/www.capgemini.com\/es-es\/soluciones\/ensayos-clinicos-descentralizados\/#breadcrumb","itemListElement":[{"@type":"ListItem","position":1,"name":"Home","item":"https:\/\/www.capgemini.com\/es-es\/"},{"@type":"ListItem","position":2,"name":"Soluciones","item":"https:\/\/www.capgemini.com\/es-es\/soluciones\/"},{"@type":"ListItem","position":3,"name":"Ensayos cl\u00ednicos descentralizados"}]},{"@type":"WebSite","@id":"https:\/\/www.capgemini.com\/es-es\/#website","url":"https:\/\/www.capgemini.com\/es-es\/","name":"Capgemini Espa\u00f1a","description":"Capgemini","potentialAction":[{"@type":"SearchAction","target":{"@type":"EntryPoint","urlTemplate":"https:\/\/www.capgemini.com\/es-es\/?s={search_term_string}"},"query-input":"required name=search_term_string"}],"inLanguage":"es-ES"}]}},"brand_term":[],"parsely":{"version":"1.1.0","canonical_url":"https:\/\/capgemini.com\/es-es\/soluciones\/ensayos-clinicos-descentralizados\/","smart_links":{"inbound":0,"outbound":0},"traffic_boost_suggestions_count":0,"meta":{"@context":"https:\/\/schema.org","@type":"WebPage","headline":"Ensayos cl\u00ednicos descentralizados","url":"https:\/\/www.capgemini.com\/es-es\/soluciones\/ensayos-clinicos-descentralizados\/","mainEntityOfPage":{"@type":"WebPage","@id":"https:\/\/www.capgemini.com\/es-es\/soluciones\/ensayos-clinicos-descentralizados\/"},"thumbnailUrl":"","image":{"@type":"ImageObject","url":""},"articleSection":"Uncategorized","author":[],"creator":[],"publisher":{"@type":"Organization","name":"Capgemini Spain","logo":""},"keywords":[],"dateCreated":"2022-01-27T09:59:06Z","datePublished":"2022-01-27T09:59:06Z","dateModified":"2025-03-12T06:26:54Z"},"rendered":"<meta name=\"parsely-title\" content=\"Ensayos cl\u00ednicos descentralizados\" \/>\n<meta name=\"parsely-link\" content=\"https:\/\/www.capgemini.com\/es-es\/soluciones\/ensayos-clinicos-descentralizados\/\" \/>\n<meta name=\"parsely-type\" content=\"index\" \/>\n<meta name=\"parsely-pub-date\" content=\"2022-01-27T09:59:06Z\" \/>\n<meta name=\"parsely-section\" content=\"Uncategorized\" \/>","tracker_url":"https:\/\/cdn.parsely.com\/keys\/capgemini.com\/p.js"},"archive_status":false,"featured_image_src":"https:\/\/www.capgemini.com\/es-es\/wp-content\/themes\/capgemini2025\/assets\/images\/mockup.png","featured_image_alt":"","jetpack_sharing_enabled":true,"distributor_meta":false,"distributor_terms":false,"distributor_media":false,"distributor_original_site_name":"Capgemini Spain","distributor_original_site_url":"https:\/\/www.capgemini.com\/es-es","push-errors":false,"_links":{"self":[{"href":"https:\/\/www.capgemini.com\/es-es\/wp-json\/wp\/v2\/pages\/5529","targetHints":{"allow":["GET"]}}],"collection":[{"href":"https:\/\/www.capgemini.com\/es-es\/wp-json\/wp\/v2\/pages"}],"about":[{"href":"https:\/\/www.capgemini.com\/es-es\/wp-json\/wp\/v2\/types\/page"}],"author":[{"embeddable":true,"href":"https:\/\/www.capgemini.com\/es-es\/wp-json\/wp\/v2\/users\/35"}],"replies":[{"embeddable":true,"href":"https:\/\/www.capgemini.com\/es-es\/wp-json\/wp\/v2\/comments?post=5529"}],"version-history":[{"count":2,"href":"https:\/\/www.capgemini.com\/es-es\/wp-json\/wp\/v2\/pages\/5529\/revisions"}],"predecessor-version":[{"id":567757,"href":"https:\/\/www.capgemini.com\/es-es\/wp-json\/wp\/v2\/pages\/5529\/revisions\/567757"}],"up":[{"embeddable":true,"href":"https:\/\/www.capgemini.com\/es-es\/wp-json\/wp\/v2\/pages\/537594"}],"wp:featuredmedia":[{"embeddable":true,"href":"https:\/\/www.capgemini.com\/es-es\/wp-json\/"}],"wp:attachment":[{"href":"https:\/\/www.capgemini.com\/es-es\/wp-json\/wp\/v2\/media?parent=5529"}],"wp:term":[{"taxonomy":"brand","embeddable":true,"href":"https:\/\/www.capgemini.com\/es-es\/wp-json\/wp\/v2\/brand?post=5529"},{"taxonomy":"partner_type","embeddable":true,"href":"https:\/\/www.capgemini.com\/es-es\/wp-json\/wp\/v2\/partner_type?post=5529"},{"taxonomy":"service","embeddable":true,"href":"https:\/\/www.capgemini.com\/es-es\/wp-json\/wp\/v2\/service?post=5529"},{"taxonomy":"industry","embeddable":true,"href":"https:\/\/www.capgemini.com\/es-es\/wp-json\/wp\/v2\/industry?post=5529"},{"taxonomy":"partners","embeddable":true,"href":"https:\/\/www.capgemini.com\/es-es\/wp-json\/wp\/v2\/partners?post=5529"},{"taxonomy":"page-type","embeddable":true,"href":"https:\/\/www.capgemini.com\/es-es\/wp-json\/wp\/v2\/page-type?post=5529"},{"taxonomy":"content-group","embeddable":true,"href":"https:\/\/www.capgemini.com\/es-es\/wp-json\/wp\/v2\/content-group?post=5529"}],"curies":[{"name":"wp","href":"https:\/\/api.w.org\/{rel}","templated":true}]}}