{"id":5524,"date":"2022-01-27T12:34:06","date_gmt":"2022-01-27T12:34:06","guid":{"rendered":"https:\/\/www.capgemini.com\/?page_id=646603"},"modified":"2025-03-12T07:26:39","modified_gmt":"2025-03-12T06:26:39","slug":"id-impulsada-por-los-datos","status":"publish","type":"page","link":"https:\/\/www.capgemini.com\/es-es\/soluciones\/id-impulsada-por-los-datos\/","title":{"rendered":"I+D Impulsada por los datos"},"content":{"rendered":"\n<header class=\"wp-block-cg-blocks-hero-reusable header heroReusable  \"><div class=\"header-bgs\"><picture><source srcset=\"https:\/\/www.capgemini.com\/wp-content\/uploads\/2022\/04\/Capgemini_Solutions_Data-driven-Research-and-Development.jpg?w=2880&amp;quality=70 1x, https:\/\/www.capgemini.com\/wp-content\/uploads\/2022\/04\/Capgemini_Solutions_Data-driven-Research-and-Development.jpg?w=2880&amp;quality=70 2x\" media=\"(min-width: 1500px)\"\/><source srcset=\"https:\/\/www.capgemini.com\/wp-content\/uploads\/2022\/04\/Capgemini_Solutions_Data-driven-Research-and-Development.jpg?w=1440&amp;quality=70 1x, https:\/\/www.capgemini.com\/wp-content\/uploads\/2022\/04\/Capgemini_Solutions_Data-driven-Research-and-Development.jpg?w=2880&amp;quality=70 2x\" media=\"(min-width: 992px)\"\/><source srcset=\"https:\/\/www.capgemini.com\/wp-content\/uploads\/2022\/04\/Capgemini_Solutions_Data-driven-Research-and-Development.jpg?w=1024&amp;quality=70 1x, https:\/\/www.capgemini.com\/wp-content\/uploads\/2022\/04\/Capgemini_Solutions_Data-driven-Research-and-Development.jpg?w=1024&amp;quality=70 2x\" media=\"(min-width: 768px)\"\/><source srcset=\"https:\/\/www.capgemini.com\/wp-content\/uploads\/2022\/04\/Capgemini_Solutions_Data-driven-Research-and-Development.jpg?w=768&amp;quality=70 1x, https:\/\/www.capgemini.com\/wp-content\/uploads\/2022\/04\/Capgemini_Solutions_Data-driven-Research-and-Development.jpg?w=768&amp;quality=70 2x\" media=\"(min-width: 0)\"\/><img decoding=\"async\" src=\"https:\/\/www.capgemini.com\/wp-content\/uploads\/2022\/04\/Capgemini_Solutions_Data-driven-Research-and-Development.jpg\" class=\"header-img header-img-d\" alt=\"\" style=\"object-fit:cover;object-position:63% 43%\" loading=\"eager\"\/><\/picture><\/div><div class=\"heroPictureCardHeaderShape\"><\/div><div class=\"container\"><div class=\"row\"><div class=\"col-md-12\"><div class=\"box\"><div class=\"boxTagWrapper\"><div class=\"tagInfo\"><div><span class=\"box-tag\">Solution<\/span><\/div><\/div><\/div><div class=\"box-title\"><h1 data-maxlength=\"34\">I+D Impulsada por los datos<\/h1><\/div><h2 class=\"reasearchInsightTitle\">Permitiendo innovaciones revolucionarias, con velocidad y a escala, impulsadas por los datos.<\/h2><div class=\"inner-row-insight download-btn\"><div class=\"col-md-4 downloadFiles \"><a class=\"button-download--small\" type=\"download\" href=\"https:\/\/www.capgemini.com\/wp-content\/uploads\/2022\/01\/Patient-centric-whitepaper-Capgemini.pdf\" target=\"_blank\" rel=\"noopener noreferrer\" title=\"abrir en una nueva ventana\"><span>Patient-centric healthcare &#8211; white paper<\/span><span class=\"type\">4 MB  pdf<\/span><\/a><\/div><div class=\"col-md-4 downloadFiles \"><a class=\"button-download--small\" type=\"download\" href=\"https:\/\/www.capgemini.com\/wp-content\/uploads\/2022\/01\/Digital-acceleration-in-life-sciences-RD-Capgemini-.pdf\" target=\"_blank\" rel=\"noopener noreferrer\" title=\"abrir en una nueva ventana\"><span>Digital R&amp;D in life sciences &#8211; brochure<\/span><span class=\"type\">1,019 KB  pdf<\/span><\/a><\/div><\/div><\/div><\/div><\/div><\/div><\/header>\n\n\n\n<section class=\"wp-block-cg-blocks-intro-para undefined section section--intro\"><div class=\"intro-para\"><div class=\"container\"><div class=\"row\"><div class=\"col-12 col-md-1\"><nav class=\"article-social\"><ul class=\"social-nav\"><li class=\"ip-order-fb\"><a href=\"https:\/\/www.facebook.com\/sharer\/sharer.php?u=https:\/\/www.capgemini.com\/es-es\/soluciones\/id-impulsada-por-los-datos\/\" target=\"_blank\" rel=\"noopener noreferrer\" title=\"abrir en una nueva ventana\"><i aria-hidden=\"true\" class=\"icon-fb\"><\/i><span class=\"sr-only\">Facebook<\/span><\/a><\/li><li class=\"ip-order-li\"><a href=\"https:\/\/www.linkedin.com\/sharing\/share-offsite\/?url=https:\/\/www.capgemini.com\/es-es\/soluciones\/id-impulsada-por-los-datos\/\" target=\"_blank\" rel=\"noopener noreferrer\" title=\"abrir en una nueva ventana\"><i aria-hidden=\"true\" class=\"icon-li\"><\/i><span class=\"sr-only\">Linkedin<\/span><\/a><\/li><\/ul><\/nav><\/div><div class=\"col-12 col-md-11 col-lg-10\"><h2 class=\"intro-para-title\">Dise\u00f1ado por investigadores, para investigadores, este completo conjunto de herramientas de datos ha surgido de a\u00f1os de lecciones aprendidas en la industria de las Ciencias de la Vida.<\/h2><p class=\"intro-para-content\">Las herramientas, intuitivas y maleables, en manos de investigadores cualificados est\u00e1n abriendo una nueva era de descubrimientos. Dise\u00f1adas por expertos con experiencia en el sector de las ciencias de la vida, nuestras capacidades de I+D impulsada por datos (DD R&amp;D \u2013 Data-Driven R&amp;D) traducen la complejidad en datos que pueden utilizar, y te permiten convertir tus innovaciones en intervenciones que cambian la vida, de forma r\u00e1pida y segura.<br>Nuestras soluciones est\u00e1n dise\u00f1adas para satisfacer las necesidades exclusivas de los investigadores del sector de las sanitario y farmac\u00e9utico. Donde las soluciones gen\u00e9ricas registran c1ccccc1, nuestros desarrolladores de IA ven una mol\u00e9cula de benceno, con todas las implicaciones relevantes (toxicidad, valencia, etc.).<\/p><\/div><\/div><\/div><\/div><\/section>\n\n\n\n<section class=\"wp-block-cg-blocks-group undefined section section--article-content\"><div class=\"article-main-content\"><div class=\"container\"><div class=\"row\"><div class=\"col-12 col-md-11 col-lg-10 offset-md-1 offset-lg-1\"><div class=\"article-text article-quote-text\">\n<h3 class=\"wp-block-heading\" id=\"h-operar-y-escalar-para-obtener-valor\"><strong><strong>Operar y escalar para obtener valor<\/strong><\/strong><\/h3>\n\n\n\n<p>Hay muchas soluciones en el mercado que trabajan con datos. Hemos dise\u00f1ado un conjunto de herramientas que funcionan con los investigadores.<\/p>\n\n\n\n<p>Desde el inicio hasta la producci\u00f3n, nuestras plataformas de datos e IA proporcionan un flujo de trabajo continuado y basado al 100% en las necesidades del mundo real de los investigadores.<\/p>\n\n\n\n<p>Ofrecemos:&nbsp;<\/p>\n\n\n\n<p><strong>Plataform cloud como c\u00f3digo<\/strong> para industrializar la absorci\u00f3n de datos, construir modelos de ML y desplegar aplicaciones de IA de I+D a escala.&nbsp;<\/p>\n\n\n\n<p><strong>Mejora de la industrializaci\u00f3n <\/strong>de productos de datos basados en dominios y soluciones de IA con una plataforma escalable o una malla de datos en la nube h\u00edbrida.&nbsp;<\/p>\n\n\n\n<p><strong>Mejora de la generaci\u00f3n y el intercambio de informaci\u00f3n<\/strong> en toda la organizaci\u00f3n a trav\u00e9s de nuestras plataformas de datos e IA.<\/p>\n<\/div><\/div><\/div><\/div><\/div><\/section>\n\n\n\n<section class=\"wp-block-cg-blocks-group undefined section section--article-content\" id=\"quoteWrapper\"><div class=\"article-main-content\"><div class=\"container\"><div class=\"row\"><div class=\"col-12 col-md-11 col-lg-10 offset-md-1 offset-lg-1\"><div class=\"article-text article-quote-text\">\n\n<h3 class=\"wp-block-heading\" id=\"h-explora-disena-y-genera-conocimientos\"><strong><strong>Explora, dise\u00f1a y genera conocimientos<\/strong><\/strong><\/h3>\n\n\n<p>Un nuevo medicamento contra el c\u00e1ncer tiene un rendimiento inferior al de la competencia en el 90% de los participantes en el ensayo cl\u00ednico. \u00bfHas llegado a un callej\u00f3n sin salida, o est\u00e1s en camino de desarrollar un tratamiento para otro uso secundario? Las herramientas de IA adecuadas pueden descubrir tendencias que podr\u00edan marcar la diferencia entre cancelar un nuevo y prometedor medicamento o lanzarlo al mercado.<\/p>\n\n\n<p>Los expertos en datos y ciencias de la vida de Capgemini trabajan con tu equipo para:<\/p>\n\n\n<ul class=\"wp-block-list\">\n\n<li>Acelerar los ciclos de I+D.<\/li>\n\n\n<li>Mejorar la calidad de los an\u00e1lisis.<\/li>\n\n\n<li>Automatizar procesos complejos.<\/li>\n\n<\/ul>\n\n\n<p>Una buena IA es \u00fatil: ayuda a ubicar la informaci\u00f3n, ahorra tiempo y a\u00f1ade comodidad.<\/p>\n\n\n<p>Una gran IA establece conexiones multivariantes que incluso las personas m\u00e1s capacitadas probablemente habr\u00edan pasado por alto. Predice la eficacia de los f\u00e1rmacos y se anticipa a las contraindicaciones, evitando da\u00f1os a los participantes y a los resultados de los ensayos.<\/p>\n\n<\/div><\/div><\/div><\/div><\/div><\/section>\n\n\n\n<section class=\"wp-block-cg-blocks-group undefined section section--article-content\"><div class=\"article-main-content\"><div class=\"container\"><div class=\"row\"><div class=\"col-12 col-md-11 col-lg-10 offset-md-1 offset-lg-1\"><div class=\"article-text article-quote-text\">\n<h3 class=\"wp-block-heading\" id=\"h-simplifica-tu-estrategia-de-datos\"><strong><strong>Simplifica tu estrategia de datos<\/strong><\/strong><\/h3>\n\n\n\n<p>Proporcionamos orientaci\u00f3n estrat\u00e9gica sobre c\u00f3mo sacar el m\u00e1ximo partido a tus datos.<\/p>\n\n\n\n<p>Los datos imprecisos, inseguros o desorganizados pueden afectar gravemente a una empresa. Nuestra experiencia en materia de datos garantiza que los datos sean FAIR, que se pueda confiar en ellos y que se puedan aprovechar en el proceso de descubrimiento de f\u00e1rmacos para ayudar a llevar los descubrimientos al mercado, de forma r\u00e1pida y segura.<\/p>\n\n\n\n<p>Contacta con nuestros expertos y descubre c\u00f3mo nuestras capacidades de datos pueden hacer avanzar tu I+D.<\/p>\n<\/div><\/div><\/div><\/div><\/div><\/section>\n","protected":false},"excerpt":{"rendered":"","protected":false},"author":35,"featured_media":5525,"parent":537594,"menu_order":0,"comment_status":"closed","ping_status":"closed","template":"","meta":{"cg_dt_proposed_to":[0],"cg_seo_hreflang_relations":"[]","cg_seo_canonical_relation":"","cg_seo_hreflang_x_default_relation":"{\"uuid\":\"48a6aaf5-9713-4c25-ad0a-9713b8b45d55\",\"blogId\":\"\",\"domain\":\"\",\"sitePath\":\"\",\"postLink\":\"\",\"postId\":null,\"isSaved\":false,\"isCrossLink\":false,\"hasCrossLink\":false}","cg_dt_approved_content":false,"cg_dt_mandatory_content":false,"cg_dt_notes":"","cg_dg_source_changed":false,"cg_dt_link_disabled":false,"_yoast_wpseo_primary_brand":"","footnotes":"","featured_focal_points":"","partner_card_description":"","gsap_animation":0},"brand":[],"partner_type":[],"service":[],"industry":[],"partners":[],"page-type":[339],"content-group":[],"class_list":["post-5524","page","type-page","status-publish","has-post-thumbnail","hentry","page-type-solutions"],"yoast_head":"<!-- This site is optimized with the Yoast SEO Premium plugin v22.8 (Yoast SEO v22.8) - https:\/\/yoast.com\/wordpress\/plugins\/seo\/ -->\n<title>I+D Impulsada por los Datos | Capgemini<\/title>\n<meta name=\"description\" content=\"Soluci\u00f3n que incluye un conjunto de herramientas basadas en I+D impulsada por datos para el sector de la Sanidad.\" \/>\n<meta name=\"robots\" content=\"index, follow, max-snippet:-1, max-image-preview:large, max-video-preview:-1\" \/>\n<link rel=\"canonical\" href=\"https:\/\/www.capgemini.com\/es-es\/soluciones\/id-impulsada-por-los-datos\/\" \/>\n<meta property=\"og:locale\" content=\"es_ES\" \/>\n<meta property=\"og:type\" content=\"article\" \/>\n<meta property=\"og:title\" content=\"I+D Impulsada por los datos\" \/>\n<meta property=\"og:description\" content=\"Soluci\u00f3n que incluye un conjunto de herramientas basadas en I+D impulsada por datos para el sector de la Sanidad.\" \/>\n<meta property=\"og:url\" content=\"https:\/\/www.capgemini.com\/es-es\/soluciones\/id-impulsada-por-los-datos\/\" \/>\n<meta property=\"og:site_name\" content=\"Capgemini Spain\" \/>\n<meta property=\"article:modified_time\" content=\"2025-03-12T06:26:39+00:00\" \/>\n<meta property=\"og:image\" content=\"https:\/\/www.capgemini.com\/es-es\/wp-content\/uploads\/sites\/16\/2025\/10\/New-Web-preview-global.jpg\" \/>\n\t<meta property=\"og:image:width\" content=\"1200\" \/>\n\t<meta property=\"og:image:height\" content=\"627\" \/>\n\t<meta property=\"og:image:type\" content=\"image\/jpeg\" \/>\n<meta name=\"twitter:card\" content=\"summary_large_image\" \/>\n<script type=\"application\/ld+json\" class=\"yoast-schema-graph\">{\"@context\":\"https:\/\/schema.org\",\"@graph\":[{\"@type\":\"WebPage\",\"@id\":\"https:\/\/www.capgemini.com\/es-es\/soluciones\/id-impulsada-por-los-datos\/\",\"url\":\"https:\/\/www.capgemini.com\/es-es\/soluciones\/id-impulsada-por-los-datos\/\",\"name\":\"I+D Impulsada por los Datos | Capgemini\",\"isPartOf\":{\"@id\":\"https:\/\/www.capgemini.com\/es-es\/#website\"},\"primaryImageOfPage\":{\"@id\":\"https:\/\/www.capgemini.com\/es-es\/soluciones\/id-impulsada-por-los-datos\/#primaryimage\"},\"image\":{\"@id\":\"https:\/\/www.capgemini.com\/es-es\/soluciones\/id-impulsada-por-los-datos\/#primaryimage\"},\"thumbnailUrl\":\"\",\"datePublished\":\"2022-01-27T12:34:06+00:00\",\"dateModified\":\"2025-03-12T06:26:39+00:00\",\"description\":\"Soluci\u00f3n que incluye un conjunto de herramientas basadas en I+D impulsada por datos para el sector de la Sanidad.\",\"breadcrumb\":{\"@id\":\"https:\/\/www.capgemini.com\/es-es\/soluciones\/id-impulsada-por-los-datos\/#breadcrumb\"},\"inLanguage\":\"es-ES\",\"potentialAction\":[{\"@type\":\"ReadAction\",\"target\":[\"https:\/\/www.capgemini.com\/es-es\/soluciones\/id-impulsada-por-los-datos\/\"]}]},{\"@type\":\"ImageObject\",\"inLanguage\":\"es-ES\",\"@id\":\"https:\/\/www.capgemini.com\/es-es\/soluciones\/id-impulsada-por-los-datos\/#primaryimage\",\"url\":\"\",\"contentUrl\":\"\"},{\"@type\":\"BreadcrumbList\",\"@id\":\"https:\/\/www.capgemini.com\/es-es\/soluciones\/id-impulsada-por-los-datos\/#breadcrumb\",\"itemListElement\":[{\"@type\":\"ListItem\",\"position\":1,\"name\":\"Home\",\"item\":\"https:\/\/www.capgemini.com\/es-es\/\"},{\"@type\":\"ListItem\",\"position\":2,\"name\":\"Soluciones\",\"item\":\"https:\/\/www.capgemini.com\/es-es\/soluciones\/\"},{\"@type\":\"ListItem\",\"position\":3,\"name\":\"I+D Impulsada por los datos\"}]},{\"@type\":\"WebSite\",\"@id\":\"https:\/\/www.capgemini.com\/es-es\/#website\",\"url\":\"https:\/\/www.capgemini.com\/es-es\/\",\"name\":\"Capgemini Espa\u00f1a\",\"description\":\"Capgemini\",\"potentialAction\":[{\"@type\":\"SearchAction\",\"target\":{\"@type\":\"EntryPoint\",\"urlTemplate\":\"https:\/\/www.capgemini.com\/es-es\/?s={search_term_string}\"},\"query-input\":\"required name=search_term_string\"}],\"inLanguage\":\"es-ES\"}]}<\/script>\n<!-- \/ Yoast SEO Premium plugin. -->","yoast_head_json":{"title":"I+D Impulsada por los Datos | Capgemini","description":"Soluci\u00f3n que incluye un conjunto de herramientas basadas en I+D impulsada por datos para el sector de la Sanidad.","robots":{"index":"index","follow":"follow","max-snippet":"max-snippet:-1","max-image-preview":"max-image-preview:large","max-video-preview":"max-video-preview:-1"},"canonical":"https:\/\/www.capgemini.com\/es-es\/soluciones\/id-impulsada-por-los-datos\/","og_locale":"es_ES","og_type":"article","og_title":"I+D Impulsada por los datos","og_description":"Soluci\u00f3n que incluye un conjunto de herramientas basadas en I+D impulsada por datos para el sector de la Sanidad.","og_url":"https:\/\/www.capgemini.com\/es-es\/soluciones\/id-impulsada-por-los-datos\/","og_site_name":"Capgemini Spain","article_modified_time":"2025-03-12T06:26:39+00:00","og_image":[{"width":1200,"height":627,"url":"https:\/\/www.capgemini.com\/es-es\/wp-content\/uploads\/sites\/16\/2025\/10\/New-Web-preview-global.jpg","type":"image\/jpeg"}],"twitter_card":"summary_large_image","schema":{"@context":"https:\/\/schema.org","@graph":[{"@type":"WebPage","@id":"https:\/\/www.capgemini.com\/es-es\/soluciones\/id-impulsada-por-los-datos\/","url":"https:\/\/www.capgemini.com\/es-es\/soluciones\/id-impulsada-por-los-datos\/","name":"I+D Impulsada por los Datos | Capgemini","isPartOf":{"@id":"https:\/\/www.capgemini.com\/es-es\/#website"},"primaryImageOfPage":{"@id":"https:\/\/www.capgemini.com\/es-es\/soluciones\/id-impulsada-por-los-datos\/#primaryimage"},"image":{"@id":"https:\/\/www.capgemini.com\/es-es\/soluciones\/id-impulsada-por-los-datos\/#primaryimage"},"thumbnailUrl":"","datePublished":"2022-01-27T12:34:06+00:00","dateModified":"2025-03-12T06:26:39+00:00","description":"Soluci\u00f3n que incluye un conjunto de herramientas basadas en I+D impulsada por datos para el sector de la Sanidad.","breadcrumb":{"@id":"https:\/\/www.capgemini.com\/es-es\/soluciones\/id-impulsada-por-los-datos\/#breadcrumb"},"inLanguage":"es-ES","potentialAction":[{"@type":"ReadAction","target":["https:\/\/www.capgemini.com\/es-es\/soluciones\/id-impulsada-por-los-datos\/"]}]},{"@type":"ImageObject","inLanguage":"es-ES","@id":"https:\/\/www.capgemini.com\/es-es\/soluciones\/id-impulsada-por-los-datos\/#primaryimage","url":"","contentUrl":""},{"@type":"BreadcrumbList","@id":"https:\/\/www.capgemini.com\/es-es\/soluciones\/id-impulsada-por-los-datos\/#breadcrumb","itemListElement":[{"@type":"ListItem","position":1,"name":"Home","item":"https:\/\/www.capgemini.com\/es-es\/"},{"@type":"ListItem","position":2,"name":"Soluciones","item":"https:\/\/www.capgemini.com\/es-es\/soluciones\/"},{"@type":"ListItem","position":3,"name":"I+D Impulsada por los datos"}]},{"@type":"WebSite","@id":"https:\/\/www.capgemini.com\/es-es\/#website","url":"https:\/\/www.capgemini.com\/es-es\/","name":"Capgemini Espa\u00f1a","description":"Capgemini","potentialAction":[{"@type":"SearchAction","target":{"@type":"EntryPoint","urlTemplate":"https:\/\/www.capgemini.com\/es-es\/?s={search_term_string}"},"query-input":"required name=search_term_string"}],"inLanguage":"es-ES"}]}},"brand_term":[],"parsely":{"version":"1.1.0","canonical_url":"https:\/\/capgemini.com\/es-es\/soluciones\/id-impulsada-por-los-datos\/","smart_links":{"inbound":0,"outbound":0},"traffic_boost_suggestions_count":0,"meta":{"@context":"https:\/\/schema.org","@type":"WebPage","headline":"I+D Impulsada por los datos","url":"https:\/\/www.capgemini.com\/es-es\/soluciones\/id-impulsada-por-los-datos\/","mainEntityOfPage":{"@type":"WebPage","@id":"https:\/\/www.capgemini.com\/es-es\/soluciones\/id-impulsada-por-los-datos\/"},"thumbnailUrl":"","image":{"@type":"ImageObject","url":""},"articleSection":"Uncategorized","author":[],"creator":[],"publisher":{"@type":"Organization","name":"Capgemini Spain","logo":""},"keywords":[],"dateCreated":"2022-01-27T12:34:06Z","datePublished":"2022-01-27T12:34:06Z","dateModified":"2025-03-12T06:26:39Z"},"rendered":"<meta name=\"parsely-title\" content=\"I+D Impulsada por los datos\" \/>\n<meta name=\"parsely-link\" content=\"https:\/\/www.capgemini.com\/es-es\/soluciones\/id-impulsada-por-los-datos\/\" \/>\n<meta name=\"parsely-type\" content=\"index\" \/>\n<meta name=\"parsely-pub-date\" content=\"2022-01-27T12:34:06Z\" \/>\n<meta name=\"parsely-section\" content=\"Uncategorized\" \/>","tracker_url":"https:\/\/cdn.parsely.com\/keys\/capgemini.com\/p.js"},"archive_status":false,"featured_image_src":"https:\/\/www.capgemini.com\/es-es\/wp-content\/themes\/capgemini2025\/assets\/images\/mockup.png","featured_image_alt":"","jetpack_sharing_enabled":true,"distributor_meta":false,"distributor_terms":false,"distributor_media":false,"distributor_original_site_name":"Capgemini Spain","distributor_original_site_url":"https:\/\/www.capgemini.com\/es-es","push-errors":false,"_links":{"self":[{"href":"https:\/\/www.capgemini.com\/es-es\/wp-json\/wp\/v2\/pages\/5524","targetHints":{"allow":["GET"]}}],"collection":[{"href":"https:\/\/www.capgemini.com\/es-es\/wp-json\/wp\/v2\/pages"}],"about":[{"href":"https:\/\/www.capgemini.com\/es-es\/wp-json\/wp\/v2\/types\/page"}],"author":[{"embeddable":true,"href":"https:\/\/www.capgemini.com\/es-es\/wp-json\/wp\/v2\/users\/35"}],"replies":[{"embeddable":true,"href":"https:\/\/www.capgemini.com\/es-es\/wp-json\/wp\/v2\/comments?post=5524"}],"version-history":[{"count":4,"href":"https:\/\/www.capgemini.com\/es-es\/wp-json\/wp\/v2\/pages\/5524\/revisions"}],"predecessor-version":[{"id":567756,"href":"https:\/\/www.capgemini.com\/es-es\/wp-json\/wp\/v2\/pages\/5524\/revisions\/567756"}],"up":[{"embeddable":true,"href":"https:\/\/www.capgemini.com\/es-es\/wp-json\/wp\/v2\/pages\/537594"}],"wp:featuredmedia":[{"embeddable":true,"href":"https:\/\/www.capgemini.com\/es-es\/wp-json\/"}],"wp:attachment":[{"href":"https:\/\/www.capgemini.com\/es-es\/wp-json\/wp\/v2\/media?parent=5524"}],"wp:term":[{"taxonomy":"brand","embeddable":true,"href":"https:\/\/www.capgemini.com\/es-es\/wp-json\/wp\/v2\/brand?post=5524"},{"taxonomy":"partner_type","embeddable":true,"href":"https:\/\/www.capgemini.com\/es-es\/wp-json\/wp\/v2\/partner_type?post=5524"},{"taxonomy":"service","embeddable":true,"href":"https:\/\/www.capgemini.com\/es-es\/wp-json\/wp\/v2\/service?post=5524"},{"taxonomy":"industry","embeddable":true,"href":"https:\/\/www.capgemini.com\/es-es\/wp-json\/wp\/v2\/industry?post=5524"},{"taxonomy":"partners","embeddable":true,"href":"https:\/\/www.capgemini.com\/es-es\/wp-json\/wp\/v2\/partners?post=5524"},{"taxonomy":"page-type","embeddable":true,"href":"https:\/\/www.capgemini.com\/es-es\/wp-json\/wp\/v2\/page-type?post=5524"},{"taxonomy":"content-group","embeddable":true,"href":"https:\/\/www.capgemini.com\/es-es\/wp-json\/wp\/v2\/content-group?post=5524"}],"curies":[{"name":"wp","href":"https:\/\/api.w.org\/{rel}","templated":true}]}}